{"id":34229,"date":"2021-02-05T22:40:05","date_gmt":"2021-02-06T17:50:12","guid":{"rendered":"https:\/\/damme.lv\/product\/vivasan-krems-super-malva\/"},"modified":"2021-02-06T19:50:15","modified_gmt":"2021-02-06T17:50:15","slug":"vivasan-krems-super-malva","status":"publish","type":"product","link":"https:\/\/cosmetic.lv\/lv\/product\/vivasan-krems-super-malva\/","title":{"rendered":"VIVASAN Kr\u0113ms super malva"},"content":{"rendered":"<p><P>Speci\u0101li izstr\u0101d\u0101ta formula ar keram\u012bdiem un glikokeramidami kvie\u0161u d\u012bgstu norm\u0101lai, sausai un noveco\u0161anos \u0101das.&nbsp;<BR>&nbsp;<BR>&nbsp;<BR>Nodro\u0161ina optim\u0101lu mitrin\u0101\u0161anu, lai stabiliz\u0113tu \u0161\u0137idruma l\u012bdzsvaru, sniedz \u0101dai svaigu, komfortu un ener\u0123iju. Mazina kairin\u0101jumu, \u0101das lob\u012b\u0161an\u0101s, nomierino\u0161a iedarb\u012bba, aizsarg\u0101 \u0101du no kait\u012bg\u0101s ietekmes uz vidi. Ar re\u0123enerat\u012bvo \u012bpa\u0161\u012bbas, veicina past\u0101v\u012bgu atjauno\u0161anu \u0101das \u0161\u016bnu.Pateicoties dab\u012bgo antioksidantu &#8211; E vitam\u012bnu kr\u0113ms nodro\u0161ina dabisku aizsardz\u012bbu pret sauli, un ar to saist\u012bto priek\u0161laic\u012bgu noveco\u0161anos. P\u0113c pirm\u0101s \u0101da k\u013c\u016bst jaun\u0101ka, ieg\u016bstot vitalit\u0101ti un elast\u012bbu. k\u0101 b\u0101zi make-up. <\/P><br \/>\n<P>&nbsp;<BR>No r\u012bta, lai likts uz t\u012bras sejas un kakla, maigi iemas\u0113t. <\/P><br \/>\n<P>&nbsp;Tilpums: 50 ml <\/P><\/p>\n","protected":false},"excerpt":{"rendered":"<p>Speci\u0101li izstr\u0101d\u0101ta formula ar keram\u012bdiem un glikokeramidami kvie\u0161u d\u012bgstu norm\u0101lai, sausai un noveco\u0161anos \u0101das.&nbsp;&nbsp;&nbsp;Nodro\u0161ina optim\u0101lu mitrin\u0101\u0161anu, lai stabiliz\u0113tu \u0161\u0137idruma l\u012bdzsvaru,<\/p>\n","protected":false},"featured_media":16096,"template":"","meta":[],"product_brand":[],"product_cat":[2200,2210,2212],"product_tag":[],"class_list":{"0":"post-34229","1":"product","2":"type-product","3":"status-publish","4":"has-post-thumbnail","6":"product_cat-skaistums-un-veseliba-lv","7":"product_cat-sejas-adas-kopsana-lv","8":"product_cat-nobriedusi-lv","10":"first","11":"instock","12":"sale","13":"taxable","14":"shipping-taxable","15":"purchasable","16":"product-type-simple"},"yoast_head":"<!-- This site is optimized with the Yoast SEO Premium plugin v27.0 (Yoast SEO v27.0) - https:\/\/yoast.com\/product\/yoast-seo-premium-wordpress\/ -->\n<title>VIVASAN Kr\u0113ms super malva - cosmetic.lv<\/title>\n<meta name=\"robots\" content=\"index, follow, max-snippet:-1, max-image-preview:large, max-video-preview:-1\" \/>\n<link rel=\"canonical\" href=\"https:\/\/cosmetic.lv\/lv\/product\/vivasan-krems-super-malva\/\" \/>\n<meta property=\"og:locale\" content=\"lv_LV\" \/>\n<meta property=\"og:type\" content=\"article\" \/>\n<meta property=\"og:title\" content=\"VIVASAN Kr\u0113ms super malva\" \/>\n<meta property=\"og:description\" content=\"Speci\u0101li izstr\u0101d\u0101ta formula ar keram\u012bdiem un glikokeramidami kvie\u0161u d\u012bgstu norm\u0101lai, sausai un noveco\u0161anos \u0101das.&nbsp;&nbsp;&nbsp;Nodro\u0161ina optim\u0101lu mitrin\u0101\u0161anu, lai stabiliz\u0113tu \u0161\u0137idruma l\u012bdzsvaru,\" \/>\n<meta property=\"og:url\" content=\"https:\/\/cosmetic.lv\/lv\/product\/vivasan-krems-super-malva\/\" \/>\n<meta property=\"og:site_name\" content=\"cosmetic.lv\" \/>\n<meta property=\"article:publisher\" content=\"https:\/\/www.facebook.com\/cosmetic.lv\/\" \/>\n<meta property=\"article:modified_time\" content=\"2021-02-06T17:50:15+00:00\" \/>\n<meta property=\"og:image\" content=\"https:\/\/cosmetic.lv\/wp-content\/uploads\/2021\/02\/crem_super_malva_bigviv-4.jpg\" \/>\n\t<meta property=\"og:image:width\" content=\"150\" \/>\n\t<meta property=\"og:image:height\" content=\"150\" \/>\n\t<meta property=\"og:image:type\" content=\"image\/jpeg\" \/>\n<meta name=\"twitter:card\" content=\"summary_large_image\" \/>\n<script type=\"application\/ld+json\" class=\"yoast-schema-graph\">{\"@context\":\"https:\/\/schema.org\",\"@graph\":[{\"@type\":\"WebPage\",\"@id\":\"https:\/\/cosmetic.lv\/lv\/product\/vivasan-krems-super-malva\/\",\"url\":\"https:\/\/cosmetic.lv\/lv\/product\/vivasan-krems-super-malva\/\",\"name\":\"VIVASAN Kr\u0113ms super malva - cosmetic.lv\",\"isPartOf\":{\"@id\":\"https:\/\/cosmetic.lv\/lv\/#website\"},\"primaryImageOfPage\":{\"@id\":\"https:\/\/cosmetic.lv\/lv\/product\/vivasan-krems-super-malva\/#primaryimage\"},\"image\":{\"@id\":\"https:\/\/cosmetic.lv\/lv\/product\/vivasan-krems-super-malva\/#primaryimage\"},\"thumbnailUrl\":\"https:\/\/cosmetic.lv\/wp-content\/uploads\/2021\/02\/crem_super_malva_bigviv-4.jpg\",\"datePublished\":\"2021-02-06T17:50:12+00:00\",\"dateModified\":\"2021-02-06T17:50:15+00:00\",\"breadcrumb\":{\"@id\":\"https:\/\/cosmetic.lv\/lv\/product\/vivasan-krems-super-malva\/#breadcrumb\"},\"inLanguage\":\"lv-LV\",\"potentialAction\":[{\"@type\":\"ReadAction\",\"target\":[\"https:\/\/cosmetic.lv\/lv\/product\/vivasan-krems-super-malva\/\"]}]},{\"@type\":\"ImageObject\",\"inLanguage\":\"lv-LV\",\"@id\":\"https:\/\/cosmetic.lv\/lv\/product\/vivasan-krems-super-malva\/#primaryimage\",\"url\":\"https:\/\/cosmetic.lv\/wp-content\/uploads\/2021\/02\/crem_super_malva_bigviv-4.jpg\",\"contentUrl\":\"https:\/\/cosmetic.lv\/wp-content\/uploads\/2021\/02\/crem_super_malva_bigviv-4.jpg\",\"width\":150,\"height\":150,\"caption\":\"crem_super_malva_bigviv.jpg\"},{\"@type\":\"BreadcrumbList\",\"@id\":\"https:\/\/cosmetic.lv\/lv\/product\/vivasan-krems-super-malva\/#breadcrumb\",\"itemListElement\":[{\"@type\":\"ListItem\",\"position\":1,\"name\":\"Home\",\"item\":\"https:\/\/cosmetic.lv\/lv\/\"},{\"@type\":\"ListItem\",\"position\":2,\"name\":\"Veikals\",\"item\":\"https:\/\/cosmetic.lv\/lv\/veiklas\/\"},{\"@type\":\"ListItem\",\"position\":3,\"name\":\"VIVASAN Kr\u0113ms super malva\"}]},{\"@type\":\"WebSite\",\"@id\":\"https:\/\/cosmetic.lv\/lv\/#website\",\"url\":\"https:\/\/cosmetic.lv\/lv\/\",\"name\":\"cosmetic.lv\",\"description\":\"Profesion\u0101la kosm\u0113tika - Maria Galland, Keune, Arkadija, GMT, Guam, Magiray\",\"publisher\":{\"@id\":\"https:\/\/cosmetic.lv\/lv\/#organization\"},\"potentialAction\":[{\"@type\":\"SearchAction\",\"target\":{\"@type\":\"EntryPoint\",\"urlTemplate\":\"https:\/\/cosmetic.lv\/lv\/?s={search_term_string}\"},\"query-input\":{\"@type\":\"PropertyValueSpecification\",\"valueRequired\":true,\"valueName\":\"search_term_string\"}}],\"inLanguage\":\"lv-LV\"},{\"@type\":\"Organization\",\"@id\":\"https:\/\/cosmetic.lv\/lv\/#organization\",\"name\":\"COSMETIC.LV\",\"url\":\"https:\/\/cosmetic.lv\/lv\/\",\"logo\":{\"@type\":\"ImageObject\",\"inLanguage\":\"lv-LV\",\"@id\":\"https:\/\/cosmetic.lv\/lv\/#\/schema\/logo\/image\/\",\"url\":\"https:\/\/cosmetic.lv\/wp-content\/uploads\/2021\/02\/cosmetic.lv_logo.jpg\",\"contentUrl\":\"https:\/\/cosmetic.lv\/wp-content\/uploads\/2021\/02\/cosmetic.lv_logo.jpg\",\"width\":596,\"height\":196,\"caption\":\"COSMETIC.LV\"},\"image\":{\"@id\":\"https:\/\/cosmetic.lv\/lv\/#\/schema\/logo\/image\/\"},\"sameAs\":[\"https:\/\/www.facebook.com\/cosmetic.lv\/\"]}]}<\/script>\n<meta property=\"product:price:amount\" content=\"30.20\" \/>\n<meta property=\"product:price:currency\" content=\"EUR\" \/>\n<meta property=\"og:availability\" content=\"instock\" \/>\n<meta property=\"product:availability\" content=\"instock\" \/>\n<meta property=\"product:retailer_item_id\" content=\"c68\" \/>\n<meta property=\"product:condition\" content=\"new\" \/>\n<!-- \/ Yoast SEO Premium plugin. -->","yoast_head_json":{"title":"VIVASAN Kr\u0113ms super malva - cosmetic.lv","robots":{"index":"index","follow":"follow","max-snippet":"max-snippet:-1","max-image-preview":"max-image-preview:large","max-video-preview":"max-video-preview:-1"},"canonical":"https:\/\/cosmetic.lv\/lv\/product\/vivasan-krems-super-malva\/","og_locale":"lv_LV","og_type":"article","og_title":"VIVASAN Kr\u0113ms super malva","og_description":"Speci\u0101li izstr\u0101d\u0101ta formula ar keram\u012bdiem un glikokeramidami kvie\u0161u d\u012bgstu norm\u0101lai, sausai un noveco\u0161anos \u0101das.&nbsp;&nbsp;&nbsp;Nodro\u0161ina optim\u0101lu mitrin\u0101\u0161anu, lai stabiliz\u0113tu \u0161\u0137idruma l\u012bdzsvaru,","og_url":"https:\/\/cosmetic.lv\/lv\/product\/vivasan-krems-super-malva\/","og_site_name":"cosmetic.lv","article_publisher":"https:\/\/www.facebook.com\/cosmetic.lv\/","article_modified_time":"2021-02-06T17:50:15+00:00","og_image":[{"width":150,"height":150,"url":"https:\/\/cosmetic.lv\/wp-content\/uploads\/2021\/02\/crem_super_malva_bigviv-4.jpg","type":"image\/jpeg"}],"twitter_card":"summary_large_image","schema":{"@context":"https:\/\/schema.org","@graph":[{"@type":"WebPage","@id":"https:\/\/cosmetic.lv\/lv\/product\/vivasan-krems-super-malva\/","url":"https:\/\/cosmetic.lv\/lv\/product\/vivasan-krems-super-malva\/","name":"VIVASAN Kr\u0113ms super malva - cosmetic.lv","isPartOf":{"@id":"https:\/\/cosmetic.lv\/lv\/#website"},"primaryImageOfPage":{"@id":"https:\/\/cosmetic.lv\/lv\/product\/vivasan-krems-super-malva\/#primaryimage"},"image":{"@id":"https:\/\/cosmetic.lv\/lv\/product\/vivasan-krems-super-malva\/#primaryimage"},"thumbnailUrl":"https:\/\/cosmetic.lv\/wp-content\/uploads\/2021\/02\/crem_super_malva_bigviv-4.jpg","datePublished":"2021-02-06T17:50:12+00:00","dateModified":"2021-02-06T17:50:15+00:00","breadcrumb":{"@id":"https:\/\/cosmetic.lv\/lv\/product\/vivasan-krems-super-malva\/#breadcrumb"},"inLanguage":"lv-LV","potentialAction":[{"@type":"ReadAction","target":["https:\/\/cosmetic.lv\/lv\/product\/vivasan-krems-super-malva\/"]}]},{"@type":"ImageObject","inLanguage":"lv-LV","@id":"https:\/\/cosmetic.lv\/lv\/product\/vivasan-krems-super-malva\/#primaryimage","url":"https:\/\/cosmetic.lv\/wp-content\/uploads\/2021\/02\/crem_super_malva_bigviv-4.jpg","contentUrl":"https:\/\/cosmetic.lv\/wp-content\/uploads\/2021\/02\/crem_super_malva_bigviv-4.jpg","width":150,"height":150,"caption":"crem_super_malva_bigviv.jpg"},{"@type":"BreadcrumbList","@id":"https:\/\/cosmetic.lv\/lv\/product\/vivasan-krems-super-malva\/#breadcrumb","itemListElement":[{"@type":"ListItem","position":1,"name":"Home","item":"https:\/\/cosmetic.lv\/lv\/"},{"@type":"ListItem","position":2,"name":"Veikals","item":"https:\/\/cosmetic.lv\/lv\/veiklas\/"},{"@type":"ListItem","position":3,"name":"VIVASAN Kr\u0113ms super malva"}]},{"@type":"WebSite","@id":"https:\/\/cosmetic.lv\/lv\/#website","url":"https:\/\/cosmetic.lv\/lv\/","name":"cosmetic.lv","description":"Profesion\u0101la kosm\u0113tika - Maria Galland, Keune, Arkadija, GMT, Guam, Magiray","publisher":{"@id":"https:\/\/cosmetic.lv\/lv\/#organization"},"potentialAction":[{"@type":"SearchAction","target":{"@type":"EntryPoint","urlTemplate":"https:\/\/cosmetic.lv\/lv\/?s={search_term_string}"},"query-input":{"@type":"PropertyValueSpecification","valueRequired":true,"valueName":"search_term_string"}}],"inLanguage":"lv-LV"},{"@type":"Organization","@id":"https:\/\/cosmetic.lv\/lv\/#organization","name":"COSMETIC.LV","url":"https:\/\/cosmetic.lv\/lv\/","logo":{"@type":"ImageObject","inLanguage":"lv-LV","@id":"https:\/\/cosmetic.lv\/lv\/#\/schema\/logo\/image\/","url":"https:\/\/cosmetic.lv\/wp-content\/uploads\/2021\/02\/cosmetic.lv_logo.jpg","contentUrl":"https:\/\/cosmetic.lv\/wp-content\/uploads\/2021\/02\/cosmetic.lv_logo.jpg","width":596,"height":196,"caption":"COSMETIC.LV"},"image":{"@id":"https:\/\/cosmetic.lv\/lv\/#\/schema\/logo\/image\/"},"sameAs":["https:\/\/www.facebook.com\/cosmetic.lv\/"]}]},"product_price_amount":"30.20","product_price_currency":"EUR","og_availability":"instock","product_availability":"instock","product_retailer_item_id":"c68","product_condition":"new"},"_links":{"self":[{"href":"https:\/\/cosmetic.lv\/lv\/wp-json\/wp\/v2\/product\/34229","targetHints":{"allow":["GET"]}}],"collection":[{"href":"https:\/\/cosmetic.lv\/lv\/wp-json\/wp\/v2\/product"}],"about":[{"href":"https:\/\/cosmetic.lv\/lv\/wp-json\/wp\/v2\/types\/product"}],"wp:featuredmedia":[{"embeddable":true,"href":"https:\/\/cosmetic.lv\/lv\/wp-json\/wp\/v2\/media\/16096"}],"wp:attachment":[{"href":"https:\/\/cosmetic.lv\/lv\/wp-json\/wp\/v2\/media?parent=34229"}],"wp:term":[{"taxonomy":"product_brand","embeddable":true,"href":"https:\/\/cosmetic.lv\/lv\/wp-json\/wp\/v2\/product_brand?post=34229"},{"taxonomy":"product_cat","embeddable":true,"href":"https:\/\/cosmetic.lv\/lv\/wp-json\/wp\/v2\/product_cat?post=34229"},{"taxonomy":"product_tag","embeddable":true,"href":"https:\/\/cosmetic.lv\/lv\/wp-json\/wp\/v2\/product_tag?post=34229"}],"curies":[{"name":"wp","href":"https:\/\/api.w.org\/{rel}","templated":true}]}}