{"id":34230,"date":"2021-02-05T22:40:05","date_gmt":"2021-02-06T17:50:12","guid":{"rendered":"https:\/\/damme.lv\/product\/vivasan-atjaunoss-krems-sejai-hypnotic-viper-24\/"},"modified":"2021-02-06T19:50:16","modified_gmt":"2021-02-06T17:50:16","slug":"vivasan-atjaunoss-krems-sejai-hypnotic-viper-24","status":"publish","type":"product","link":"https:\/\/cosmetic.lv\/lv\/product\/vivasan-atjaunoss-krems-sejai-hypnotic-viper-24\/","title":{"rendered":"VIVASAN  Atjauno\u0161s kr\u0113ms sejai Hypnotic Viper 24"},"content":{"rendered":"<p><P>Novatorisku anti-noveco\u0161an\u0101s kr\u0113ms nobriedu\u0161ai \u0101dai ar k\u0101da Tripept\u012bds S yn \u00ae-ke, giauloronovoy sk\u0101bes, basijas sviests, me\u017eroz\u012b\u0161u, j\u016brasz\u0101\u013cu ekstrakts, alvejas, ce\u013cmallapa, vitam\u012bni C un E nodro\u0161ina bez \u0137irur\u0123iskas sejas lifts (24 stundas) un sekas ir izl\u012bdzina grumbas \u0101tr\u0101k &#8211; gan imit\u0113t un vecumu.&nbsp;<BR>&nbsp;<BR>&nbsp;<BR>Syn \u00ae-Ake, t\u0101pat toks\u012bnus no inde no \u010d\u016bskas &quot;hroma kufii&quot; ne\u013cauj izveidot neirotransmiteru, izraisot musku\u013cu kontrakcijas, atsl\u0101bina musku\u013cus, samazina grumbas. Hialuronsk\u0101bes mitrina \u0101du, aizpild\u012bt grumbas un izl\u012bdzina \u0101das virsmu. Augu e\u013c\u013cas un ekstrakti veicina atjauno\u0161anu \u0101das \u0161\u016bnu ar C vitam\u012bnu stimul\u0113 kolag\u0113na sint\u0113zi. Antioksidants vitam\u012bnu C + E aizsarg\u0101 \u0101du no br\u012bvajiem radik\u0101\u013ciem, pal\u0113ninot fotonoveco\u0161an\u0101s no \u0101das. Kr\u0113ms atjauno \u0101das tonusu un elast\u012bbu, izl\u012bdzina to. Nodro\u0161ina lielisku liftinga efektu, radot &quot;jaunie&quot; ov\u0101la seja&nbsp;<BR>Der\u012bga 24 stundas. <\/P><br \/>\n<P>&nbsp;<BR>\u0421\u0432\u043e\u0439\u0441\u0442\u0432\u0430 \u0430\u043a\u0442\u0438\u0432\u043d\u044b\u0445 \u043a\u043e\u043c\u043f\u043e\u043d\u0435\u043d\u0442\u043e\u0432: \u012apa\u0161\u012bbas akt\u012bv\u0101s sast\u0101vda\u013cas:&nbsp;<BR>\u2022 pept\u012bdu S yn \u00ae-ke pal\u012bdz blo\u0137\u0113t musku\u013cu kontrakcijas (piem\u0113ram, aminosk\u0101bes Viper Venom Amazones me\u017eos &#8211; Temple kufii), radot dzi\u013cu relaks\u0101ciju audus un grumbi\u0146as. Maza pept\u012bdu molekula iek\u013c\u016bst dzi\u013c\u0101kajos krokas \u0101du, nodro\u0161inot v\u0113lamo efektu un \u0101das atjauno\u0161anos.&nbsp;<BR>Hialuronsk\u0101be &#8211; lielisks mitrin\u0101t\u0101js &#8211; kalpo k\u0101 struktur\u0101lu elementu no \u0101das un saistaudu aizpilda l\u012bnijas un grumbi\u0146as, izl\u012bdzinot \u0101das virsmu.&nbsp; Ar savu augsto hydrophilicity, tur \u016bdeni un pal\u012bdz uztur\u0113t norm\u0101lu hydrobalance \u0101d\u0101 un stimul\u0113 re\u0123ener\u0101ciju \u0101das \u0161\u016bnas, ir br\u016bces \u0101rstniecisku efektu, uzlabo darb\u012bbu citu mitrino\u0161as sast\u0101vda\u013cas, piem\u0113ram, glicer\u012bnu un cetilspirts.&nbsp;<BR>V\u0113rt\u012bgas augu basijas sviests un me\u017eroz\u012b\u0161u &#8211; veicin\u0101t atjauno\u0161anai \u0101das \u0161\u016bnu un kop\u0101 ar pullulanom, j\u016brasz\u0101\u013cu ekstraktu un C vitam\u012bnu, stimul\u0113 kolag\u0113na sint\u0113zi.&nbsp;<BR>C vitam\u012bns iek\u013c\u016bst dzi\u013c\u0101kos \u0101das sl\u0101\u0146os, kas ir akt\u012bvi iesaist\u012bti veido\u0161an\u0101 kolag\u0113na \u0161\u0137iedras.&nbsp; Sakar\u0101 ar C vitam\u012bnu, \u0101da k\u013c\u016bst gluda, samazina smalk\u0101s l\u012bnijas un grumbi\u0146as.&nbsp;<BR>Kop\u0101 ar E vitam\u012bnu, k\u0101 antioksidanti, vitam\u012bni C un E aizsarg\u0101 \u0101du no br\u012bvajiem radik\u0101\u013ciem, pal\u0113nina fotonoveco\u0161an\u0101s no \u0101das.&nbsp;<BR>Pullulans ir nostiprino\u0161s efekts. <\/P><br \/>\n<P>&nbsp;Kr\u0113ms efekt\u012bvi atjauno tonusu un elast\u012bbu \u0101dai, nodro\u0161ina lielisku liftinga efektu, radot &quot;jaunie&quot; ov\u0101la seja, izl\u012bdzina &quot;v\u0101rnu k\u0101ji\u0146as&quot; ap ac\u012bm.&nbsp;<BR>Kr\u0113jums H ypnotic V iper &#8211; \u013coti efekt\u012bvs &#8211; der\u012bga 24 stundas.&nbsp; Ieteicama sieviet\u0113m virs 40. <BR>T\u0101pat k\u0101 ar visiem dabas kr\u0113mi VIVASAN H ypnotic V iper dermatolo\u0123iski p\u0101rbaud\u012bts, un nesatur parab\u0113nus.&nbsp;&nbsp;<\/P><br \/>\n<P>&nbsp;<\/P><br \/>\n<P><BR>Tilpums: 30 ml&nbsp;<\/P><\/p>\n","protected":false},"excerpt":{"rendered":"<p>Novatorisku anti-noveco\u0161an\u0101s kr\u0113ms nobriedu\u0161ai \u0101dai ar k\u0101da Tripept\u012bds S yn \u00ae-ke, giauloronovoy sk\u0101bes, basijas sviests, me\u017eroz\u012b\u0161u, j\u016brasz\u0101\u013cu ekstrakts, alvejas, ce\u013cmallapa,<\/p>\n","protected":false},"featured_media":9369,"template":"","meta":[],"product_brand":[],"product_cat":[2200,2210,2212],"product_tag":[],"class_list":{"0":"post-34230","1":"product","2":"type-product","3":"status-publish","4":"has-post-thumbnail","6":"product_cat-skaistums-un-veseliba-lv","7":"product_cat-sejas-adas-kopsana-lv","8":"product_cat-nobriedusi-lv","10":"first","11":"instock","12":"sale","13":"taxable","14":"shipping-taxable","15":"purchasable","16":"product-type-simple"},"yoast_head":"<!-- This site is optimized with the Yoast SEO Premium plugin v27.0 (Yoast SEO v27.0) - https:\/\/yoast.com\/product\/yoast-seo-premium-wordpress\/ -->\n<title>VIVASAN Atjauno\u0161s kr\u0113ms sejai Hypnotic Viper 24 - cosmetic.lv<\/title>\n<meta name=\"robots\" content=\"index, follow, max-snippet:-1, max-image-preview:large, max-video-preview:-1\" \/>\n<link rel=\"canonical\" href=\"https:\/\/cosmetic.lv\/lv\/product\/vivasan-atjaunoss-krems-sejai-hypnotic-viper-24\/\" \/>\n<meta property=\"og:locale\" content=\"lv_LV\" \/>\n<meta property=\"og:type\" content=\"article\" \/>\n<meta property=\"og:title\" content=\"VIVASAN Atjauno\u0161s kr\u0113ms sejai Hypnotic Viper 24\" \/>\n<meta property=\"og:description\" content=\"Novatorisku anti-noveco\u0161an\u0101s kr\u0113ms nobriedu\u0161ai \u0101dai ar k\u0101da Tripept\u012bds S yn \u00ae-ke, giauloronovoy sk\u0101bes, basijas sviests, me\u017eroz\u012b\u0161u, j\u016brasz\u0101\u013cu ekstrakts, alvejas, ce\u013cmallapa,\" \/>\n<meta property=\"og:url\" content=\"https:\/\/cosmetic.lv\/lv\/product\/vivasan-atjaunoss-krems-sejai-hypnotic-viper-24\/\" \/>\n<meta property=\"og:site_name\" content=\"cosmetic.lv\" \/>\n<meta property=\"article:publisher\" content=\"https:\/\/www.facebook.com\/cosmetic.lv\/\" \/>\n<meta property=\"article:modified_time\" content=\"2021-02-06T17:50:16+00:00\" \/>\n<meta property=\"og:image\" content=\"https:\/\/cosmetic.lv\/wp-content\/uploads\/2021\/02\/hypnotic_big2viv.jpg\" \/>\n\t<meta property=\"og:image:width\" content=\"278\" \/>\n\t<meta property=\"og:image:height\" content=\"278\" \/>\n\t<meta property=\"og:image:type\" content=\"image\/jpeg\" \/>\n<meta name=\"twitter:card\" content=\"summary_large_image\" \/>\n<script type=\"application\/ld+json\" class=\"yoast-schema-graph\">{\"@context\":\"https:\/\/schema.org\",\"@graph\":[{\"@type\":\"WebPage\",\"@id\":\"https:\/\/cosmetic.lv\/lv\/product\/vivasan-atjaunoss-krems-sejai-hypnotic-viper-24\/\",\"url\":\"https:\/\/cosmetic.lv\/lv\/product\/vivasan-atjaunoss-krems-sejai-hypnotic-viper-24\/\",\"name\":\"VIVASAN Atjauno\u0161s kr\u0113ms sejai Hypnotic Viper 24 - cosmetic.lv\",\"isPartOf\":{\"@id\":\"https:\/\/cosmetic.lv\/lv\/#website\"},\"primaryImageOfPage\":{\"@id\":\"https:\/\/cosmetic.lv\/lv\/product\/vivasan-atjaunoss-krems-sejai-hypnotic-viper-24\/#primaryimage\"},\"image\":{\"@id\":\"https:\/\/cosmetic.lv\/lv\/product\/vivasan-atjaunoss-krems-sejai-hypnotic-viper-24\/#primaryimage\"},\"thumbnailUrl\":\"https:\/\/cosmetic.lv\/wp-content\/uploads\/2021\/02\/hypnotic_big2viv.jpg\",\"datePublished\":\"2021-02-06T17:50:12+00:00\",\"dateModified\":\"2021-02-06T17:50:16+00:00\",\"breadcrumb\":{\"@id\":\"https:\/\/cosmetic.lv\/lv\/product\/vivasan-atjaunoss-krems-sejai-hypnotic-viper-24\/#breadcrumb\"},\"inLanguage\":\"lv-LV\",\"potentialAction\":[{\"@type\":\"ReadAction\",\"target\":[\"https:\/\/cosmetic.lv\/lv\/product\/vivasan-atjaunoss-krems-sejai-hypnotic-viper-24\/\"]}]},{\"@type\":\"ImageObject\",\"inLanguage\":\"lv-LV\",\"@id\":\"https:\/\/cosmetic.lv\/lv\/product\/vivasan-atjaunoss-krems-sejai-hypnotic-viper-24\/#primaryimage\",\"url\":\"https:\/\/cosmetic.lv\/wp-content\/uploads\/2021\/02\/hypnotic_big2viv.jpg\",\"contentUrl\":\"https:\/\/cosmetic.lv\/wp-content\/uploads\/2021\/02\/hypnotic_big2viv.jpg\",\"width\":278,\"height\":278,\"caption\":\"HYPNOTIC_big2viv.jpg\"},{\"@type\":\"BreadcrumbList\",\"@id\":\"https:\/\/cosmetic.lv\/lv\/product\/vivasan-atjaunoss-krems-sejai-hypnotic-viper-24\/#breadcrumb\",\"itemListElement\":[{\"@type\":\"ListItem\",\"position\":1,\"name\":\"Home\",\"item\":\"https:\/\/cosmetic.lv\/lv\/\"},{\"@type\":\"ListItem\",\"position\":2,\"name\":\"Veikals\",\"item\":\"https:\/\/cosmetic.lv\/lv\/veiklas\/\"},{\"@type\":\"ListItem\",\"position\":3,\"name\":\"VIVASAN Atjauno\u0161s kr\u0113ms sejai Hypnotic Viper 24\"}]},{\"@type\":\"WebSite\",\"@id\":\"https:\/\/cosmetic.lv\/lv\/#website\",\"url\":\"https:\/\/cosmetic.lv\/lv\/\",\"name\":\"cosmetic.lv\",\"description\":\"Profesion\u0101la kosm\u0113tika - Maria Galland, Keune, Arkadija, GMT, Guam, Magiray\",\"publisher\":{\"@id\":\"https:\/\/cosmetic.lv\/lv\/#organization\"},\"potentialAction\":[{\"@type\":\"SearchAction\",\"target\":{\"@type\":\"EntryPoint\",\"urlTemplate\":\"https:\/\/cosmetic.lv\/lv\/?s={search_term_string}\"},\"query-input\":{\"@type\":\"PropertyValueSpecification\",\"valueRequired\":true,\"valueName\":\"search_term_string\"}}],\"inLanguage\":\"lv-LV\"},{\"@type\":\"Organization\",\"@id\":\"https:\/\/cosmetic.lv\/lv\/#organization\",\"name\":\"COSMETIC.LV\",\"url\":\"https:\/\/cosmetic.lv\/lv\/\",\"logo\":{\"@type\":\"ImageObject\",\"inLanguage\":\"lv-LV\",\"@id\":\"https:\/\/cosmetic.lv\/lv\/#\/schema\/logo\/image\/\",\"url\":\"https:\/\/cosmetic.lv\/wp-content\/uploads\/2021\/02\/cosmetic.lv_logo.jpg\",\"contentUrl\":\"https:\/\/cosmetic.lv\/wp-content\/uploads\/2021\/02\/cosmetic.lv_logo.jpg\",\"width\":596,\"height\":196,\"caption\":\"COSMETIC.LV\"},\"image\":{\"@id\":\"https:\/\/cosmetic.lv\/lv\/#\/schema\/logo\/image\/\"},\"sameAs\":[\"https:\/\/www.facebook.com\/cosmetic.lv\/\"]}]}<\/script>\n<meta property=\"product:price:amount\" content=\"45.90\" \/>\n<meta property=\"product:price:currency\" content=\"EUR\" \/>\n<meta property=\"og:availability\" content=\"instock\" \/>\n<meta property=\"product:availability\" content=\"instock\" \/>\n<meta property=\"product:retailer_item_id\" content=\"c35\" \/>\n<meta property=\"product:condition\" content=\"new\" \/>\n<!-- \/ Yoast SEO Premium plugin. -->","yoast_head_json":{"title":"VIVASAN Atjauno\u0161s kr\u0113ms sejai Hypnotic Viper 24 - cosmetic.lv","robots":{"index":"index","follow":"follow","max-snippet":"max-snippet:-1","max-image-preview":"max-image-preview:large","max-video-preview":"max-video-preview:-1"},"canonical":"https:\/\/cosmetic.lv\/lv\/product\/vivasan-atjaunoss-krems-sejai-hypnotic-viper-24\/","og_locale":"lv_LV","og_type":"article","og_title":"VIVASAN Atjauno\u0161s kr\u0113ms sejai Hypnotic Viper 24","og_description":"Novatorisku anti-noveco\u0161an\u0101s kr\u0113ms nobriedu\u0161ai \u0101dai ar k\u0101da Tripept\u012bds S yn \u00ae-ke, giauloronovoy sk\u0101bes, basijas sviests, me\u017eroz\u012b\u0161u, j\u016brasz\u0101\u013cu ekstrakts, alvejas, ce\u013cmallapa,","og_url":"https:\/\/cosmetic.lv\/lv\/product\/vivasan-atjaunoss-krems-sejai-hypnotic-viper-24\/","og_site_name":"cosmetic.lv","article_publisher":"https:\/\/www.facebook.com\/cosmetic.lv\/","article_modified_time":"2021-02-06T17:50:16+00:00","og_image":[{"width":278,"height":278,"url":"https:\/\/cosmetic.lv\/wp-content\/uploads\/2021\/02\/hypnotic_big2viv.jpg","type":"image\/jpeg"}],"twitter_card":"summary_large_image","schema":{"@context":"https:\/\/schema.org","@graph":[{"@type":"WebPage","@id":"https:\/\/cosmetic.lv\/lv\/product\/vivasan-atjaunoss-krems-sejai-hypnotic-viper-24\/","url":"https:\/\/cosmetic.lv\/lv\/product\/vivasan-atjaunoss-krems-sejai-hypnotic-viper-24\/","name":"VIVASAN Atjauno\u0161s kr\u0113ms sejai Hypnotic Viper 24 - cosmetic.lv","isPartOf":{"@id":"https:\/\/cosmetic.lv\/lv\/#website"},"primaryImageOfPage":{"@id":"https:\/\/cosmetic.lv\/lv\/product\/vivasan-atjaunoss-krems-sejai-hypnotic-viper-24\/#primaryimage"},"image":{"@id":"https:\/\/cosmetic.lv\/lv\/product\/vivasan-atjaunoss-krems-sejai-hypnotic-viper-24\/#primaryimage"},"thumbnailUrl":"https:\/\/cosmetic.lv\/wp-content\/uploads\/2021\/02\/hypnotic_big2viv.jpg","datePublished":"2021-02-06T17:50:12+00:00","dateModified":"2021-02-06T17:50:16+00:00","breadcrumb":{"@id":"https:\/\/cosmetic.lv\/lv\/product\/vivasan-atjaunoss-krems-sejai-hypnotic-viper-24\/#breadcrumb"},"inLanguage":"lv-LV","potentialAction":[{"@type":"ReadAction","target":["https:\/\/cosmetic.lv\/lv\/product\/vivasan-atjaunoss-krems-sejai-hypnotic-viper-24\/"]}]},{"@type":"ImageObject","inLanguage":"lv-LV","@id":"https:\/\/cosmetic.lv\/lv\/product\/vivasan-atjaunoss-krems-sejai-hypnotic-viper-24\/#primaryimage","url":"https:\/\/cosmetic.lv\/wp-content\/uploads\/2021\/02\/hypnotic_big2viv.jpg","contentUrl":"https:\/\/cosmetic.lv\/wp-content\/uploads\/2021\/02\/hypnotic_big2viv.jpg","width":278,"height":278,"caption":"HYPNOTIC_big2viv.jpg"},{"@type":"BreadcrumbList","@id":"https:\/\/cosmetic.lv\/lv\/product\/vivasan-atjaunoss-krems-sejai-hypnotic-viper-24\/#breadcrumb","itemListElement":[{"@type":"ListItem","position":1,"name":"Home","item":"https:\/\/cosmetic.lv\/lv\/"},{"@type":"ListItem","position":2,"name":"Veikals","item":"https:\/\/cosmetic.lv\/lv\/veiklas\/"},{"@type":"ListItem","position":3,"name":"VIVASAN Atjauno\u0161s kr\u0113ms sejai Hypnotic Viper 24"}]},{"@type":"WebSite","@id":"https:\/\/cosmetic.lv\/lv\/#website","url":"https:\/\/cosmetic.lv\/lv\/","name":"cosmetic.lv","description":"Profesion\u0101la kosm\u0113tika - Maria Galland, Keune, Arkadija, GMT, Guam, Magiray","publisher":{"@id":"https:\/\/cosmetic.lv\/lv\/#organization"},"potentialAction":[{"@type":"SearchAction","target":{"@type":"EntryPoint","urlTemplate":"https:\/\/cosmetic.lv\/lv\/?s={search_term_string}"},"query-input":{"@type":"PropertyValueSpecification","valueRequired":true,"valueName":"search_term_string"}}],"inLanguage":"lv-LV"},{"@type":"Organization","@id":"https:\/\/cosmetic.lv\/lv\/#organization","name":"COSMETIC.LV","url":"https:\/\/cosmetic.lv\/lv\/","logo":{"@type":"ImageObject","inLanguage":"lv-LV","@id":"https:\/\/cosmetic.lv\/lv\/#\/schema\/logo\/image\/","url":"https:\/\/cosmetic.lv\/wp-content\/uploads\/2021\/02\/cosmetic.lv_logo.jpg","contentUrl":"https:\/\/cosmetic.lv\/wp-content\/uploads\/2021\/02\/cosmetic.lv_logo.jpg","width":596,"height":196,"caption":"COSMETIC.LV"},"image":{"@id":"https:\/\/cosmetic.lv\/lv\/#\/schema\/logo\/image\/"},"sameAs":["https:\/\/www.facebook.com\/cosmetic.lv\/"]}]},"product_price_amount":"45.90","product_price_currency":"EUR","og_availability":"instock","product_availability":"instock","product_retailer_item_id":"c35","product_condition":"new"},"_links":{"self":[{"href":"https:\/\/cosmetic.lv\/lv\/wp-json\/wp\/v2\/product\/34230","targetHints":{"allow":["GET"]}}],"collection":[{"href":"https:\/\/cosmetic.lv\/lv\/wp-json\/wp\/v2\/product"}],"about":[{"href":"https:\/\/cosmetic.lv\/lv\/wp-json\/wp\/v2\/types\/product"}],"wp:featuredmedia":[{"embeddable":true,"href":"https:\/\/cosmetic.lv\/lv\/wp-json\/wp\/v2\/media\/9369"}],"wp:attachment":[{"href":"https:\/\/cosmetic.lv\/lv\/wp-json\/wp\/v2\/media?parent=34230"}],"wp:term":[{"taxonomy":"product_brand","embeddable":true,"href":"https:\/\/cosmetic.lv\/lv\/wp-json\/wp\/v2\/product_brand?post=34230"},{"taxonomy":"product_cat","embeddable":true,"href":"https:\/\/cosmetic.lv\/lv\/wp-json\/wp\/v2\/product_cat?post=34230"},{"taxonomy":"product_tag","embeddable":true,"href":"https:\/\/cosmetic.lv\/lv\/wp-json\/wp\/v2\/product_tag?post=34230"}],"curies":[{"name":"wp","href":"https:\/\/api.w.org\/{rel}","templated":true}]}}