{"id":34231,"date":"2021-02-05T22:40:05","date_gmt":"2021-02-06T17:50:12","guid":{"rendered":"https:\/\/damme.lv\/product\/instant-rieva-alternativa-plastiskajai-kirurgijai\/"},"modified":"2021-02-06T19:50:16","modified_gmt":"2021-02-06T17:50:16","slug":"instant-rieva-alternativa-plastiskajai-kirurgijai","status":"publish","type":"product","link":"https:\/\/cosmetic.lv\/lv\/product\/instant-rieva-alternativa-plastiskajai-kirurgijai\/","title":{"rendered":"Instant rieva &#8211; alternat\u012bva plastiskajai \u0137irur\u0123ijai."},"content":{"rendered":"<p><P>Instant rieva &#8211; alternat\u012bva plastiskajai \u0137irur\u0123ijai.&nbsp;<BR>&nbsp;<BR>&nbsp;<BR>Anti-noveco\u0161an\u0101s kr\u0113juma pretgrumbu Lotum par instant izl\u012bdzin\u0101tu \u0101du un c\u012bn\u012btos pret noveco\u0161anas paz\u012bm\u0113m &#8211; jaun\u0101ko att\u012bst\u012bbu ar Argireline, ekstrakti lotosa ziedu, saknes Imperata cilindrisk\u0101 akmelly augu d\u0101rzs, j\u016brasz\u0101les, saxifrage, \u012arijas s\u016bnas, palmu e\u013c\u013cas un apriko\u017eu s\u0113klas, vitam\u012bns C un E. <\/P><br \/>\n<P>\u0160\u012b formula ir \u012bpa\u0161i izstr\u0101d\u0101ta, lai nobriest, sausai un noveco\u0161anos \u0101das, lai uzlabotu savu st\u0101vokli, dodot tai tonusu, gludu un z\u012bdainu. <\/P><br \/>\n<P>Regul\u0101ri un intens\u012bvi izmantojot anti-noveco\u0161an\u0101s kr\u0113juma pretgrumbu Lotum alternat\u012bva plastiskajai \u0137irur\u0123ijai. <\/P><br \/>\n<P>\u012apa\u0161\u012bbas akt\u012bvo sast\u0101vda\u013cu anti-noveco\u0161an\u0101s kr\u0113juma Lotum VIVASAN: <\/P><br \/>\n<P>Argireline \u00ae jaun\u0101k\u0101s paaudzes (acetil hexapeptide-8) &#8211; pept\u012bds, kas var mijiedarboties ar neirotransmiteru &#8211; kateholam\u012bnu, kas kontrol\u0113 musku\u013cu kontrakcijas. Argireline, piem\u0113ram, Botox, nodro\u0161ina t\u016bl\u012bt\u0113ju izl\u012bdzinot sejas grumbas &#8211; \u012bpa\u0161i uz pieres un ap ac\u012bm &#8211; ko relaks\u0113jo\u0161as sejas musku\u013cus un kontrol\u0113t to turpm\u0101ku samazin\u0101\u0161anos.&nbsp;<BR>Turkl\u0101t, v\u0113rt\u012bgs augu ekstrakti, kr\u0113jums atjauno bl\u012bvumu epidermas, razlazhivaya grumbas un dod sejai vair\u0101k jaunekl\u012bg\u0101ku un svaigu izskatu. <BR>\u2022 Izraksts lotosa zieds ir nomierino\u0161a un pretiekaisuma iedarb\u012bba, nov\u0113r\u0161 \u0161\u016bnu oksid\u0101cijas. <BR>Izraksts akmelly d\u0101rze\u0146u d\u0101rzs samazina grumbas p\u0113c pirm\u0101s piem\u0113ro\u0161anas un ir der\u012bgs uz ilgu laiku.&nbsp;<BR>\u2022 saknes ekstrakts Imperata cilindrisk\u0101s &#8211; z\u0101\u013cu mitrino\u0161ais l\u012bdzeklis &#8211; saglab\u0101 mitruma l\u012bdzsvaru \u0101d\u0101 un osmotisko l\u012bdzsvaru \u0161\u016bn\u0101s. <BR>\u2022 pullul\u0101na ar j\u016brasz\u0101\u013cu ekstraktu un C vitam\u012bnu izl\u012bdzina \u0101du un stimul\u0113 kolag\u0113na ra\u017eo\u0161anu.&nbsp;<BR>\u2022 C vitam\u012bns iek\u013c\u016bst dzi\u013c\u0101kos \u0101das sl\u0101\u0146os, kur vi\u0146a ir akt\u012bvi iesaist\u012bts sint\u0113z\u0113 kolag\u0113na \u0161\u0137iedras. Sakar\u0101 ar C vitam\u012bnu, \u0101da k\u013c\u016bst gluda, samazina smalk\u0101s l\u012bnijas un grumbi\u0146as.&nbsp;<BR>\u2022 Vitam\u012bni C un E, k\u0101 antioksidanti aizsarg\u0101 \u0101du no br\u012bvajiem radik\u0101\u013ciem, pal\u0113ninot fotonoveco\u0161an\u0101s no \u0101das.&nbsp;<BR>\u2022 Fitoster\u012bni stimul\u0113 re\u0123ener\u0101ciju \u0101das noveco\u0161anos, uzlabot barjeras funkciju. <BR>\u2022 skval\u0113ns m\u012bkstina \u0101du, nov\u0113r\u0161 iztvaiko\u0161anu no mitruma. <\/P><br \/>\n<P>Kr\u0113jums Lotum dermatolo\u0123iski p\u0101rbaud\u012bts, un nesatur parab\u0113nus un savienojumi smago met\u0101lu <\/P><br \/>\n<P>Ieteicams vecumu 40 gadi un vair\u0101k. <\/P><br \/>\n<P>&nbsp;R\u012bta un \/ vai vakara piem\u0113rot nedaudz kr\u0113mu uz r\u016bp\u012bgi not\u012br\u012btas un kondicion\u0113 toniks \u0101dai, maigi iemas\u0113t. <\/P><br \/>\n<P>&nbsp;<\/P><br \/>\n<P>&nbsp;<\/P><br \/>\n<P>Akt\u012bv\u0101s sast\u0101vda\u013cas: <BR>\u0444\u0438\u0442\u043e\u0441\u0442\u0435\u0440\u043e\u043b\u044b, \u043b\u0438\u043c\u043e\u043d\u0435\u043d, \u043b\u0438\u043d\u0430\u043b\u043e\u043e\u043b. atsetil hexapeptide-8, apriko\u017eu kauli\u0146u e\u013c\u013ca, palmu e\u013c\u013ca, Imperata cilindriskas saknes ekstrakts, a\u013c\u0123u ekstrakts, ekstrakts lotosa ziedu, d\u0101rze\u0146u d\u0101rzs akmelly ekstrakts, saxifrage ekstrakts pletenosnoy, karagin\u0101nu, tokoferols, Bisabolol, pullul\u0101na, glicer\u012bns, tocotrienols, sorb\u012bnsk\u0101be, askorbilpalmit\u0101ts, skval\u0113ns, askorb\u012bnsk\u0101be, citronsk\u0101be, fitoster\u012bnus, limon\u0113ns, linalols. <\/P><br \/>\n<P>Tilpums: 50 ml <BR><\/P><\/p>\n","protected":false},"excerpt":{"rendered":"<p>Instant rieva &#8211; alternat\u012bva plastiskajai \u0137irur\u0123ijai.&nbsp;&nbsp;&nbsp;Anti-noveco\u0161an\u0101s kr\u0113juma pretgrumbu Lotum par instant izl\u012bdzin\u0101tu \u0101du un c\u012bn\u012btos pret noveco\u0161anas paz\u012bm\u0113m &#8211; jaun\u0101ko<\/p>\n","protected":false},"featured_media":9372,"template":"","meta":[],"product_brand":[],"product_cat":[2200,2210,2212],"product_tag":[],"class_list":{"0":"post-34231","1":"product","2":"type-product","3":"status-publish","4":"has-post-thumbnail","6":"product_cat-skaistums-un-veseliba-lv","7":"product_cat-sejas-adas-kopsana-lv","8":"product_cat-nobriedusi-lv","10":"first","11":"instock","12":"sale","13":"taxable","14":"shipping-taxable","15":"purchasable","16":"product-type-simple"},"yoast_head":"<!-- This site is optimized with the Yoast SEO Premium plugin v27.0 (Yoast SEO v27.0) - https:\/\/yoast.com\/product\/yoast-seo-premium-wordpress\/ -->\n<title>Instant rieva - alternat\u012bva plastiskajai \u0137irur\u0123ijai. - cosmetic.lv<\/title>\n<meta name=\"robots\" content=\"index, follow, max-snippet:-1, max-image-preview:large, max-video-preview:-1\" \/>\n<link rel=\"canonical\" href=\"https:\/\/cosmetic.lv\/lv\/product\/instant-rieva-alternativa-plastiskajai-kirurgijai\/\" \/>\n<meta property=\"og:locale\" content=\"lv_LV\" \/>\n<meta property=\"og:type\" content=\"article\" \/>\n<meta property=\"og:title\" content=\"Instant rieva - alternat\u012bva plastiskajai \u0137irur\u0123ijai.\" \/>\n<meta property=\"og:description\" content=\"Instant rieva &#8211; alternat\u012bva plastiskajai \u0137irur\u0123ijai.&nbsp;&nbsp;&nbsp;Anti-noveco\u0161an\u0101s kr\u0113juma pretgrumbu Lotum par instant izl\u012bdzin\u0101tu \u0101du un c\u012bn\u012btos pret noveco\u0161anas paz\u012bm\u0113m &#8211; jaun\u0101ko\" \/>\n<meta property=\"og:url\" content=\"https:\/\/cosmetic.lv\/lv\/product\/instant-rieva-alternativa-plastiskajai-kirurgijai\/\" \/>\n<meta property=\"og:site_name\" content=\"cosmetic.lv\" \/>\n<meta property=\"article:publisher\" content=\"https:\/\/www.facebook.com\/cosmetic.lv\/\" \/>\n<meta property=\"article:modified_time\" content=\"2021-02-06T17:50:16+00:00\" \/>\n<meta property=\"og:image\" content=\"https:\/\/cosmetic.lv\/wp-content\/uploads\/2021\/02\/lotum_bigviv.jpg\" \/>\n\t<meta property=\"og:image:width\" content=\"200\" \/>\n\t<meta property=\"og:image:height\" content=\"200\" \/>\n\t<meta property=\"og:image:type\" content=\"image\/jpeg\" \/>\n<meta name=\"twitter:card\" content=\"summary_large_image\" \/>\n<script type=\"application\/ld+json\" class=\"yoast-schema-graph\">{\"@context\":\"https:\/\/schema.org\",\"@graph\":[{\"@type\":\"WebPage\",\"@id\":\"https:\/\/cosmetic.lv\/lv\/product\/instant-rieva-alternativa-plastiskajai-kirurgijai\/\",\"url\":\"https:\/\/cosmetic.lv\/lv\/product\/instant-rieva-alternativa-plastiskajai-kirurgijai\/\",\"name\":\"Instant rieva - alternat\u012bva plastiskajai \u0137irur\u0123ijai. - cosmetic.lv\",\"isPartOf\":{\"@id\":\"https:\/\/cosmetic.lv\/lv\/#website\"},\"primaryImageOfPage\":{\"@id\":\"https:\/\/cosmetic.lv\/lv\/product\/instant-rieva-alternativa-plastiskajai-kirurgijai\/#primaryimage\"},\"image\":{\"@id\":\"https:\/\/cosmetic.lv\/lv\/product\/instant-rieva-alternativa-plastiskajai-kirurgijai\/#primaryimage\"},\"thumbnailUrl\":\"https:\/\/cosmetic.lv\/wp-content\/uploads\/2021\/02\/lotum_bigviv.jpg\",\"datePublished\":\"2021-02-06T17:50:12+00:00\",\"dateModified\":\"2021-02-06T17:50:16+00:00\",\"breadcrumb\":{\"@id\":\"https:\/\/cosmetic.lv\/lv\/product\/instant-rieva-alternativa-plastiskajai-kirurgijai\/#breadcrumb\"},\"inLanguage\":\"lv-LV\",\"potentialAction\":[{\"@type\":\"ReadAction\",\"target\":[\"https:\/\/cosmetic.lv\/lv\/product\/instant-rieva-alternativa-plastiskajai-kirurgijai\/\"]}]},{\"@type\":\"ImageObject\",\"inLanguage\":\"lv-LV\",\"@id\":\"https:\/\/cosmetic.lv\/lv\/product\/instant-rieva-alternativa-plastiskajai-kirurgijai\/#primaryimage\",\"url\":\"https:\/\/cosmetic.lv\/wp-content\/uploads\/2021\/02\/lotum_bigviv.jpg\",\"contentUrl\":\"https:\/\/cosmetic.lv\/wp-content\/uploads\/2021\/02\/lotum_bigviv.jpg\",\"width\":200,\"height\":200,\"caption\":\"Lotum_bigviv.jpg\"},{\"@type\":\"BreadcrumbList\",\"@id\":\"https:\/\/cosmetic.lv\/lv\/product\/instant-rieva-alternativa-plastiskajai-kirurgijai\/#breadcrumb\",\"itemListElement\":[{\"@type\":\"ListItem\",\"position\":1,\"name\":\"Home\",\"item\":\"https:\/\/cosmetic.lv\/lv\/\"},{\"@type\":\"ListItem\",\"position\":2,\"name\":\"Veikals\",\"item\":\"https:\/\/cosmetic.lv\/lv\/veiklas\/\"},{\"@type\":\"ListItem\",\"position\":3,\"name\":\"Instant rieva &#8211; alternat\u012bva plastiskajai \u0137irur\u0123ijai.\"}]},{\"@type\":\"WebSite\",\"@id\":\"https:\/\/cosmetic.lv\/lv\/#website\",\"url\":\"https:\/\/cosmetic.lv\/lv\/\",\"name\":\"cosmetic.lv\",\"description\":\"Profesion\u0101la kosm\u0113tika - Maria Galland, Keune, Arkadija, GMT, Guam, Magiray\",\"publisher\":{\"@id\":\"https:\/\/cosmetic.lv\/lv\/#organization\"},\"potentialAction\":[{\"@type\":\"SearchAction\",\"target\":{\"@type\":\"EntryPoint\",\"urlTemplate\":\"https:\/\/cosmetic.lv\/lv\/?s={search_term_string}\"},\"query-input\":{\"@type\":\"PropertyValueSpecification\",\"valueRequired\":true,\"valueName\":\"search_term_string\"}}],\"inLanguage\":\"lv-LV\"},{\"@type\":\"Organization\",\"@id\":\"https:\/\/cosmetic.lv\/lv\/#organization\",\"name\":\"COSMETIC.LV\",\"url\":\"https:\/\/cosmetic.lv\/lv\/\",\"logo\":{\"@type\":\"ImageObject\",\"inLanguage\":\"lv-LV\",\"@id\":\"https:\/\/cosmetic.lv\/lv\/#\/schema\/logo\/image\/\",\"url\":\"https:\/\/cosmetic.lv\/wp-content\/uploads\/2021\/02\/cosmetic.lv_logo.jpg\",\"contentUrl\":\"https:\/\/cosmetic.lv\/wp-content\/uploads\/2021\/02\/cosmetic.lv_logo.jpg\",\"width\":596,\"height\":196,\"caption\":\"COSMETIC.LV\"},\"image\":{\"@id\":\"https:\/\/cosmetic.lv\/lv\/#\/schema\/logo\/image\/\"},\"sameAs\":[\"https:\/\/www.facebook.com\/cosmetic.lv\/\"]}]}<\/script>\n<meta property=\"product:price:amount\" content=\"135.80\" \/>\n<meta property=\"product:price:currency\" content=\"EUR\" \/>\n<meta property=\"og:availability\" content=\"instock\" \/>\n<meta property=\"product:availability\" content=\"instock\" \/>\n<meta property=\"product:retailer_item_id\" content=\"c36\" \/>\n<meta property=\"product:condition\" content=\"new\" \/>\n<!-- \/ Yoast SEO Premium plugin. -->","yoast_head_json":{"title":"Instant rieva - alternat\u012bva plastiskajai \u0137irur\u0123ijai. - cosmetic.lv","robots":{"index":"index","follow":"follow","max-snippet":"max-snippet:-1","max-image-preview":"max-image-preview:large","max-video-preview":"max-video-preview:-1"},"canonical":"https:\/\/cosmetic.lv\/lv\/product\/instant-rieva-alternativa-plastiskajai-kirurgijai\/","og_locale":"lv_LV","og_type":"article","og_title":"Instant rieva - alternat\u012bva plastiskajai \u0137irur\u0123ijai.","og_description":"Instant rieva &#8211; alternat\u012bva plastiskajai \u0137irur\u0123ijai.&nbsp;&nbsp;&nbsp;Anti-noveco\u0161an\u0101s kr\u0113juma pretgrumbu Lotum par instant izl\u012bdzin\u0101tu \u0101du un c\u012bn\u012btos pret noveco\u0161anas paz\u012bm\u0113m &#8211; jaun\u0101ko","og_url":"https:\/\/cosmetic.lv\/lv\/product\/instant-rieva-alternativa-plastiskajai-kirurgijai\/","og_site_name":"cosmetic.lv","article_publisher":"https:\/\/www.facebook.com\/cosmetic.lv\/","article_modified_time":"2021-02-06T17:50:16+00:00","og_image":[{"width":200,"height":200,"url":"https:\/\/cosmetic.lv\/wp-content\/uploads\/2021\/02\/lotum_bigviv.jpg","type":"image\/jpeg"}],"twitter_card":"summary_large_image","schema":{"@context":"https:\/\/schema.org","@graph":[{"@type":"WebPage","@id":"https:\/\/cosmetic.lv\/lv\/product\/instant-rieva-alternativa-plastiskajai-kirurgijai\/","url":"https:\/\/cosmetic.lv\/lv\/product\/instant-rieva-alternativa-plastiskajai-kirurgijai\/","name":"Instant rieva - alternat\u012bva plastiskajai \u0137irur\u0123ijai. - cosmetic.lv","isPartOf":{"@id":"https:\/\/cosmetic.lv\/lv\/#website"},"primaryImageOfPage":{"@id":"https:\/\/cosmetic.lv\/lv\/product\/instant-rieva-alternativa-plastiskajai-kirurgijai\/#primaryimage"},"image":{"@id":"https:\/\/cosmetic.lv\/lv\/product\/instant-rieva-alternativa-plastiskajai-kirurgijai\/#primaryimage"},"thumbnailUrl":"https:\/\/cosmetic.lv\/wp-content\/uploads\/2021\/02\/lotum_bigviv.jpg","datePublished":"2021-02-06T17:50:12+00:00","dateModified":"2021-02-06T17:50:16+00:00","breadcrumb":{"@id":"https:\/\/cosmetic.lv\/lv\/product\/instant-rieva-alternativa-plastiskajai-kirurgijai\/#breadcrumb"},"inLanguage":"lv-LV","potentialAction":[{"@type":"ReadAction","target":["https:\/\/cosmetic.lv\/lv\/product\/instant-rieva-alternativa-plastiskajai-kirurgijai\/"]}]},{"@type":"ImageObject","inLanguage":"lv-LV","@id":"https:\/\/cosmetic.lv\/lv\/product\/instant-rieva-alternativa-plastiskajai-kirurgijai\/#primaryimage","url":"https:\/\/cosmetic.lv\/wp-content\/uploads\/2021\/02\/lotum_bigviv.jpg","contentUrl":"https:\/\/cosmetic.lv\/wp-content\/uploads\/2021\/02\/lotum_bigviv.jpg","width":200,"height":200,"caption":"Lotum_bigviv.jpg"},{"@type":"BreadcrumbList","@id":"https:\/\/cosmetic.lv\/lv\/product\/instant-rieva-alternativa-plastiskajai-kirurgijai\/#breadcrumb","itemListElement":[{"@type":"ListItem","position":1,"name":"Home","item":"https:\/\/cosmetic.lv\/lv\/"},{"@type":"ListItem","position":2,"name":"Veikals","item":"https:\/\/cosmetic.lv\/lv\/veiklas\/"},{"@type":"ListItem","position":3,"name":"Instant rieva &#8211; alternat\u012bva plastiskajai \u0137irur\u0123ijai."}]},{"@type":"WebSite","@id":"https:\/\/cosmetic.lv\/lv\/#website","url":"https:\/\/cosmetic.lv\/lv\/","name":"cosmetic.lv","description":"Profesion\u0101la kosm\u0113tika - Maria Galland, Keune, Arkadija, GMT, Guam, Magiray","publisher":{"@id":"https:\/\/cosmetic.lv\/lv\/#organization"},"potentialAction":[{"@type":"SearchAction","target":{"@type":"EntryPoint","urlTemplate":"https:\/\/cosmetic.lv\/lv\/?s={search_term_string}"},"query-input":{"@type":"PropertyValueSpecification","valueRequired":true,"valueName":"search_term_string"}}],"inLanguage":"lv-LV"},{"@type":"Organization","@id":"https:\/\/cosmetic.lv\/lv\/#organization","name":"COSMETIC.LV","url":"https:\/\/cosmetic.lv\/lv\/","logo":{"@type":"ImageObject","inLanguage":"lv-LV","@id":"https:\/\/cosmetic.lv\/lv\/#\/schema\/logo\/image\/","url":"https:\/\/cosmetic.lv\/wp-content\/uploads\/2021\/02\/cosmetic.lv_logo.jpg","contentUrl":"https:\/\/cosmetic.lv\/wp-content\/uploads\/2021\/02\/cosmetic.lv_logo.jpg","width":596,"height":196,"caption":"COSMETIC.LV"},"image":{"@id":"https:\/\/cosmetic.lv\/lv\/#\/schema\/logo\/image\/"},"sameAs":["https:\/\/www.facebook.com\/cosmetic.lv\/"]}]},"product_price_amount":"135.80","product_price_currency":"EUR","og_availability":"instock","product_availability":"instock","product_retailer_item_id":"c36","product_condition":"new"},"_links":{"self":[{"href":"https:\/\/cosmetic.lv\/lv\/wp-json\/wp\/v2\/product\/34231","targetHints":{"allow":["GET"]}}],"collection":[{"href":"https:\/\/cosmetic.lv\/lv\/wp-json\/wp\/v2\/product"}],"about":[{"href":"https:\/\/cosmetic.lv\/lv\/wp-json\/wp\/v2\/types\/product"}],"wp:featuredmedia":[{"embeddable":true,"href":"https:\/\/cosmetic.lv\/lv\/wp-json\/wp\/v2\/media\/9372"}],"wp:attachment":[{"href":"https:\/\/cosmetic.lv\/lv\/wp-json\/wp\/v2\/media?parent=34231"}],"wp:term":[{"taxonomy":"product_brand","embeddable":true,"href":"https:\/\/cosmetic.lv\/lv\/wp-json\/wp\/v2\/product_brand?post=34231"},{"taxonomy":"product_cat","embeddable":true,"href":"https:\/\/cosmetic.lv\/lv\/wp-json\/wp\/v2\/product_cat?post=34231"},{"taxonomy":"product_tag","embeddable":true,"href":"https:\/\/cosmetic.lv\/lv\/wp-json\/wp\/v2\/product_tag?post=34231"}],"curies":[{"name":"wp","href":"https:\/\/api.w.org\/{rel}","templated":true}]}}