{"id":34239,"date":"2021-02-05T22:40:05","date_gmt":"2021-02-06T17:50:19","guid":{"rendered":"https:\/\/damme.lv\/product\/vivasan-alpu-balzams-33-zales\/"},"modified":"2021-02-06T19:50:22","modified_gmt":"2021-02-06T17:50:22","slug":"vivasan-alpu-balzams-33-zales","status":"publish","type":"product","link":"https:\/\/cosmetic.lv\/lv\/product\/vivasan-alpu-balzams-33-zales\/","title":{"rendered":"VIVASAN ALPU BALZ\u0100MS 33 z\u0101les"},"content":{"rendered":"<p><!DOCTYPE html PUBLIC &quot;-\/\/W3C\/\/DTD XHTML 1.0 Transitional\/\/EN&quot; &quot;http:\/\/www.w3.org\/TR\/xhtml1\/DTD\/xhtml1-transitional.dtd&quot;><br \/>\n<html><br \/>\n<head><br \/>\n<title>Untitled document<\/title><br \/>\n<\/head><br \/>\n<body><\/p>\n<p>Univers\u0101l\u0101 balzams ir izgatavots no lielisku kombin\u0101ciju, \u0113terisko e\u013c\u013cu ekstraktiem no 33 augiem un dab\u012bg\u0101s e\u013c\u013cas, &scaron;\u012b sviests un ritenti\u0146u.&nbsp;<br \/>&nbsp;<br \/>&nbsp;<br \/>Izmantota k\u0101 aromterapija, pau\u017eu un repelenti, k\u0101 ar\u012b dezinfekcijas un antibakteri\u0101ls l\u012bdzeklis.&nbsp; Ir visas \u012bpa&scaron;\u012bbas gar&scaron;augu 33 e\u013c\u013ca, bet to ilgums paliek uz \u0101das, un t\u0101p\u0113c ir ilg\u0101ku darb\u012bbu.&nbsp; Neizraisa aler\u0123iju, jo taj\u0101 ir tikai dabisko kompleksu nents!&nbsp; Ieteicams saaukst\u0113&scaron;an\u0101s, drudzis, klepus, s\u0101pes kakl\u0101, galvass\u0101pes un reibo\u0146i, nelabumu, kukai\u0146u kodumi, nomierina, mazina nogurumu, no\u0146em reimatisma un artr\u012bta, sporta traumas, musku\u013cu saspringumu, ener\u0123iju, pal\u012bdz noskaidrot pr\u0101tu un koncentr\u0113&scaron;an\u0101s sp\u0113jas. Sakar\u0101 ar t\u0101s efektivit\u0101ti un \u0113rts kompakts &#8211; neaizst\u0101jams l\u012bdzeklis ce\u013co&scaron;anai.&nbsp;<br \/>&nbsp;<br \/>Sast\u0101vs Balzama &quot;Alpine augi&quot;&nbsp; \u0112terisk\u0101 e\u013c\u013ca no 33 augiem &#8211; eikaliptu&nbsp; lauka piparm\u0113tru, apels\u012bnu, citronu z\u0101le Indijas, krustnagli\u0146as, kadi\u0137i, ro\u017ekoka, citronu, rozmar\u012bna, lavandas angustifolia, salvija, timi\u0101ns, Cinnamomi Ceilonas, r\u016bgta Abes\u012bnijas mirres, baziliks, v\u012braku, gaulturiya atg\u0101zies, fenhelis arom\u0101tisks \u0123er\u0101niju, mandar\u012bnu, lauru, kalnu priedes, pist\u0101cijas Mastikas, benzosve\u0137i sve\u0137i, estragons (estragons), dilles, selerijas, vani\u013cas, varav\u012bksnenes b\u0101la miroksilon balzamonostny, r\u012bkste galbanonosnaya, \u017ee\u0146&scaron;e\u0146s, \u0411\u0413\u0422. r\u012bcine\u013c\u013ca, &scaron;\u012b sviests (karite), bi&scaron;u vasks un miner\u0101lu vasks, beta karot\u012bns, BHT.<\/p>\n<p>&nbsp;Tilpums: 1 0 g<\/p>\n<p><\/body><br \/>\n<\/html><\/p>\n","protected":false},"excerpt":{"rendered":"<p>Untitled document Univers\u0101l\u0101 balzams ir izgatavots no lielisku kombin\u0101ciju, \u0113terisko e\u013c\u013cu ekstraktiem no 33 augiem un dab\u012bg\u0101s e\u013c\u013cas, &scaron;\u012b sviests<\/p>\n","protected":false},"featured_media":9396,"template":"","meta":[],"product_brand":[],"product_cat":[2200,2216,2220],"product_tag":[],"class_list":{"0":"post-34239","1":"product","2":"type-product","3":"status-publish","4":"has-post-thumbnail","6":"product_cat-skaistums-un-veseliba-lv","7":"product_cat-kermena-kopsana-lv","8":"product_cat-arstnieciski-balzami-un-kremi-lv","10":"first","11":"instock","12":"taxable","13":"shipping-taxable","14":"purchasable","15":"product-type-simple"},"yoast_head":"<!-- This site is optimized with the Yoast SEO Premium plugin v27.0 (Yoast SEO v27.0) - https:\/\/yoast.com\/product\/yoast-seo-premium-wordpress\/ -->\n<title>VIVASAN ALPU BALZ\u0100MS 33 z\u0101les - cosmetic.lv<\/title>\n<meta name=\"robots\" content=\"index, follow, max-snippet:-1, max-image-preview:large, max-video-preview:-1\" \/>\n<link rel=\"canonical\" href=\"https:\/\/cosmetic.lv\/lv\/product\/vivasan-alpu-balzams-33-zales\/\" \/>\n<meta property=\"og:locale\" content=\"lv_LV\" \/>\n<meta property=\"og:type\" content=\"article\" \/>\n<meta property=\"og:title\" content=\"VIVASAN ALPU BALZ\u0100MS 33 z\u0101les\" \/>\n<meta property=\"og:description\" content=\"Untitled document Univers\u0101l\u0101 balzams ir izgatavots no lielisku kombin\u0101ciju, \u0113terisko e\u013c\u013cu ekstraktiem no 33 augiem un dab\u012bg\u0101s e\u013c\u013cas, &scaron;\u012b sviests\" \/>\n<meta property=\"og:url\" content=\"https:\/\/cosmetic.lv\/lv\/product\/vivasan-alpu-balzams-33-zales\/\" \/>\n<meta property=\"og:site_name\" content=\"cosmetic.lv\" \/>\n<meta property=\"article:publisher\" content=\"https:\/\/www.facebook.com\/cosmetic.lv\/\" \/>\n<meta property=\"article:modified_time\" content=\"2021-02-06T17:50:22+00:00\" \/>\n<meta property=\"og:image\" content=\"https:\/\/cosmetic.lv\/wp-content\/uploads\/2021\/02\/balzam_bigviv.jpg\" \/>\n\t<meta property=\"og:image:width\" content=\"150\" \/>\n\t<meta property=\"og:image:height\" content=\"150\" \/>\n\t<meta property=\"og:image:type\" content=\"image\/jpeg\" \/>\n<meta name=\"twitter:card\" content=\"summary_large_image\" \/>\n<script type=\"application\/ld+json\" class=\"yoast-schema-graph\">{\"@context\":\"https:\/\/schema.org\",\"@graph\":[{\"@type\":\"WebPage\",\"@id\":\"https:\/\/cosmetic.lv\/lv\/product\/vivasan-alpu-balzams-33-zales\/\",\"url\":\"https:\/\/cosmetic.lv\/lv\/product\/vivasan-alpu-balzams-33-zales\/\",\"name\":\"VIVASAN ALPU BALZ\u0100MS 33 z\u0101les - cosmetic.lv\",\"isPartOf\":{\"@id\":\"https:\/\/cosmetic.lv\/lv\/#website\"},\"primaryImageOfPage\":{\"@id\":\"https:\/\/cosmetic.lv\/lv\/product\/vivasan-alpu-balzams-33-zales\/#primaryimage\"},\"image\":{\"@id\":\"https:\/\/cosmetic.lv\/lv\/product\/vivasan-alpu-balzams-33-zales\/#primaryimage\"},\"thumbnailUrl\":\"https:\/\/cosmetic.lv\/wp-content\/uploads\/2021\/02\/balzam_bigviv.jpg\",\"datePublished\":\"2021-02-06T17:50:19+00:00\",\"dateModified\":\"2021-02-06T17:50:22+00:00\",\"breadcrumb\":{\"@id\":\"https:\/\/cosmetic.lv\/lv\/product\/vivasan-alpu-balzams-33-zales\/#breadcrumb\"},\"inLanguage\":\"lv-LV\",\"potentialAction\":[{\"@type\":\"ReadAction\",\"target\":[\"https:\/\/cosmetic.lv\/lv\/product\/vivasan-alpu-balzams-33-zales\/\"]}]},{\"@type\":\"ImageObject\",\"inLanguage\":\"lv-LV\",\"@id\":\"https:\/\/cosmetic.lv\/lv\/product\/vivasan-alpu-balzams-33-zales\/#primaryimage\",\"url\":\"https:\/\/cosmetic.lv\/wp-content\/uploads\/2021\/02\/balzam_bigviv.jpg\",\"contentUrl\":\"https:\/\/cosmetic.lv\/wp-content\/uploads\/2021\/02\/balzam_bigviv.jpg\",\"width\":150,\"height\":150,\"caption\":\"balzam_bigVIV.jpg\"},{\"@type\":\"BreadcrumbList\",\"@id\":\"https:\/\/cosmetic.lv\/lv\/product\/vivasan-alpu-balzams-33-zales\/#breadcrumb\",\"itemListElement\":[{\"@type\":\"ListItem\",\"position\":1,\"name\":\"Home\",\"item\":\"https:\/\/cosmetic.lv\/lv\/\"},{\"@type\":\"ListItem\",\"position\":2,\"name\":\"Veikals\",\"item\":\"https:\/\/cosmetic.lv\/lv\/veiklas\/\"},{\"@type\":\"ListItem\",\"position\":3,\"name\":\"VIVASAN ALPU BALZ\u0100MS 33 z\u0101les\"}]},{\"@type\":\"WebSite\",\"@id\":\"https:\/\/cosmetic.lv\/lv\/#website\",\"url\":\"https:\/\/cosmetic.lv\/lv\/\",\"name\":\"cosmetic.lv\",\"description\":\"Profesion\u0101la kosm\u0113tika - Maria Galland, Keune, Arkadija, GMT, Guam, Magiray\",\"publisher\":{\"@id\":\"https:\/\/cosmetic.lv\/lv\/#organization\"},\"potentialAction\":[{\"@type\":\"SearchAction\",\"target\":{\"@type\":\"EntryPoint\",\"urlTemplate\":\"https:\/\/cosmetic.lv\/lv\/?s={search_term_string}\"},\"query-input\":{\"@type\":\"PropertyValueSpecification\",\"valueRequired\":true,\"valueName\":\"search_term_string\"}}],\"inLanguage\":\"lv-LV\"},{\"@type\":\"Organization\",\"@id\":\"https:\/\/cosmetic.lv\/lv\/#organization\",\"name\":\"COSMETIC.LV\",\"url\":\"https:\/\/cosmetic.lv\/lv\/\",\"logo\":{\"@type\":\"ImageObject\",\"inLanguage\":\"lv-LV\",\"@id\":\"https:\/\/cosmetic.lv\/lv\/#\/schema\/logo\/image\/\",\"url\":\"https:\/\/cosmetic.lv\/wp-content\/uploads\/2021\/02\/cosmetic.lv_logo.jpg\",\"contentUrl\":\"https:\/\/cosmetic.lv\/wp-content\/uploads\/2021\/02\/cosmetic.lv_logo.jpg\",\"width\":596,\"height\":196,\"caption\":\"COSMETIC.LV\"},\"image\":{\"@id\":\"https:\/\/cosmetic.lv\/lv\/#\/schema\/logo\/image\/\"},\"sameAs\":[\"https:\/\/www.facebook.com\/cosmetic.lv\/\"]}]}<\/script>\n<meta property=\"product:price:amount\" content=\"12.80\" \/>\n<meta property=\"product:price:currency\" content=\"EUR\" \/>\n<meta property=\"og:availability\" content=\"instock\" \/>\n<meta property=\"product:availability\" content=\"instock\" \/>\n<meta property=\"product:retailer_item_id\" content=\"al\" \/>\n<meta property=\"product:condition\" content=\"new\" \/>\n<!-- \/ Yoast SEO Premium plugin. -->","yoast_head_json":{"title":"VIVASAN ALPU BALZ\u0100MS 33 z\u0101les - cosmetic.lv","robots":{"index":"index","follow":"follow","max-snippet":"max-snippet:-1","max-image-preview":"max-image-preview:large","max-video-preview":"max-video-preview:-1"},"canonical":"https:\/\/cosmetic.lv\/lv\/product\/vivasan-alpu-balzams-33-zales\/","og_locale":"lv_LV","og_type":"article","og_title":"VIVASAN ALPU BALZ\u0100MS 33 z\u0101les","og_description":"Untitled document Univers\u0101l\u0101 balzams ir izgatavots no lielisku kombin\u0101ciju, \u0113terisko e\u013c\u013cu ekstraktiem no 33 augiem un dab\u012bg\u0101s e\u013c\u013cas, &scaron;\u012b sviests","og_url":"https:\/\/cosmetic.lv\/lv\/product\/vivasan-alpu-balzams-33-zales\/","og_site_name":"cosmetic.lv","article_publisher":"https:\/\/www.facebook.com\/cosmetic.lv\/","article_modified_time":"2021-02-06T17:50:22+00:00","og_image":[{"width":150,"height":150,"url":"https:\/\/cosmetic.lv\/wp-content\/uploads\/2021\/02\/balzam_bigviv.jpg","type":"image\/jpeg"}],"twitter_card":"summary_large_image","schema":{"@context":"https:\/\/schema.org","@graph":[{"@type":"WebPage","@id":"https:\/\/cosmetic.lv\/lv\/product\/vivasan-alpu-balzams-33-zales\/","url":"https:\/\/cosmetic.lv\/lv\/product\/vivasan-alpu-balzams-33-zales\/","name":"VIVASAN ALPU BALZ\u0100MS 33 z\u0101les - cosmetic.lv","isPartOf":{"@id":"https:\/\/cosmetic.lv\/lv\/#website"},"primaryImageOfPage":{"@id":"https:\/\/cosmetic.lv\/lv\/product\/vivasan-alpu-balzams-33-zales\/#primaryimage"},"image":{"@id":"https:\/\/cosmetic.lv\/lv\/product\/vivasan-alpu-balzams-33-zales\/#primaryimage"},"thumbnailUrl":"https:\/\/cosmetic.lv\/wp-content\/uploads\/2021\/02\/balzam_bigviv.jpg","datePublished":"2021-02-06T17:50:19+00:00","dateModified":"2021-02-06T17:50:22+00:00","breadcrumb":{"@id":"https:\/\/cosmetic.lv\/lv\/product\/vivasan-alpu-balzams-33-zales\/#breadcrumb"},"inLanguage":"lv-LV","potentialAction":[{"@type":"ReadAction","target":["https:\/\/cosmetic.lv\/lv\/product\/vivasan-alpu-balzams-33-zales\/"]}]},{"@type":"ImageObject","inLanguage":"lv-LV","@id":"https:\/\/cosmetic.lv\/lv\/product\/vivasan-alpu-balzams-33-zales\/#primaryimage","url":"https:\/\/cosmetic.lv\/wp-content\/uploads\/2021\/02\/balzam_bigviv.jpg","contentUrl":"https:\/\/cosmetic.lv\/wp-content\/uploads\/2021\/02\/balzam_bigviv.jpg","width":150,"height":150,"caption":"balzam_bigVIV.jpg"},{"@type":"BreadcrumbList","@id":"https:\/\/cosmetic.lv\/lv\/product\/vivasan-alpu-balzams-33-zales\/#breadcrumb","itemListElement":[{"@type":"ListItem","position":1,"name":"Home","item":"https:\/\/cosmetic.lv\/lv\/"},{"@type":"ListItem","position":2,"name":"Veikals","item":"https:\/\/cosmetic.lv\/lv\/veiklas\/"},{"@type":"ListItem","position":3,"name":"VIVASAN ALPU BALZ\u0100MS 33 z\u0101les"}]},{"@type":"WebSite","@id":"https:\/\/cosmetic.lv\/lv\/#website","url":"https:\/\/cosmetic.lv\/lv\/","name":"cosmetic.lv","description":"Profesion\u0101la kosm\u0113tika - Maria Galland, Keune, Arkadija, GMT, Guam, Magiray","publisher":{"@id":"https:\/\/cosmetic.lv\/lv\/#organization"},"potentialAction":[{"@type":"SearchAction","target":{"@type":"EntryPoint","urlTemplate":"https:\/\/cosmetic.lv\/lv\/?s={search_term_string}"},"query-input":{"@type":"PropertyValueSpecification","valueRequired":true,"valueName":"search_term_string"}}],"inLanguage":"lv-LV"},{"@type":"Organization","@id":"https:\/\/cosmetic.lv\/lv\/#organization","name":"COSMETIC.LV","url":"https:\/\/cosmetic.lv\/lv\/","logo":{"@type":"ImageObject","inLanguage":"lv-LV","@id":"https:\/\/cosmetic.lv\/lv\/#\/schema\/logo\/image\/","url":"https:\/\/cosmetic.lv\/wp-content\/uploads\/2021\/02\/cosmetic.lv_logo.jpg","contentUrl":"https:\/\/cosmetic.lv\/wp-content\/uploads\/2021\/02\/cosmetic.lv_logo.jpg","width":596,"height":196,"caption":"COSMETIC.LV"},"image":{"@id":"https:\/\/cosmetic.lv\/lv\/#\/schema\/logo\/image\/"},"sameAs":["https:\/\/www.facebook.com\/cosmetic.lv\/"]}]},"product_price_amount":"12.80","product_price_currency":"EUR","og_availability":"instock","product_availability":"instock","product_retailer_item_id":"al","product_condition":"new"},"_links":{"self":[{"href":"https:\/\/cosmetic.lv\/lv\/wp-json\/wp\/v2\/product\/34239","targetHints":{"allow":["GET"]}}],"collection":[{"href":"https:\/\/cosmetic.lv\/lv\/wp-json\/wp\/v2\/product"}],"about":[{"href":"https:\/\/cosmetic.lv\/lv\/wp-json\/wp\/v2\/types\/product"}],"wp:featuredmedia":[{"embeddable":true,"href":"https:\/\/cosmetic.lv\/lv\/wp-json\/wp\/v2\/media\/9396"}],"wp:attachment":[{"href":"https:\/\/cosmetic.lv\/lv\/wp-json\/wp\/v2\/media?parent=34239"}],"wp:term":[{"taxonomy":"product_brand","embeddable":true,"href":"https:\/\/cosmetic.lv\/lv\/wp-json\/wp\/v2\/product_brand?post=34239"},{"taxonomy":"product_cat","embeddable":true,"href":"https:\/\/cosmetic.lv\/lv\/wp-json\/wp\/v2\/product_cat?post=34239"},{"taxonomy":"product_tag","embeddable":true,"href":"https:\/\/cosmetic.lv\/lv\/wp-json\/wp\/v2\/product_tag?post=34239"}],"curies":[{"name":"wp","href":"https:\/\/api.w.org\/{rel}","templated":true}]}}