{"id":34240,"date":"2021-02-05T22:40:05","date_gmt":"2021-02-06T17:50:19","guid":{"rendered":"https:\/\/damme.lv\/product\/vivasan-klingerisu-krems-nonem-kairinajumu\/"},"modified":"2021-02-06T19:50:22","modified_gmt":"2021-02-06T17:50:22","slug":"vivasan-klingerisu-krems-nonem-kairinajumu","status":"publish","type":"product","link":"https:\/\/cosmetic.lv\/lv\/product\/vivasan-klingerisu-krems-nonem-kairinajumu\/","title":{"rendered":"VIVASAN Kli\u0146\u0123er\u012b\u0161u kr\u0113ms  no\u0146em kairin\u0101jumu"},"content":{"rendered":"<p><P>Kli\u0146\u0123er\u012b\u0161u kr\u0113mu saglab\u0101 visas \u0101rstniecisk\u0101s \u012bpa\u0161\u012bbas augiem.&nbsp; Akt\u012bv\u0101s sast\u0101vda\u013cas kosm\u0113tikas kr\u0113ma kli\u0146\u0123er\u012b\u0161u ekstrakts, saldo mande\u013cu e\u013c\u013ca, bi\u0161u vasks, vitam\u012bns E, alanto\u012bns, bisabols, m\u012bkstino\u0161as un mitrino\u0161as sast\u0101vda\u013cas.&nbsp;<BR>&nbsp;<BR>Multifunkcion\u0101la kr\u0113ms ar dab\u012bgo kli\u0146\u0123er\u012b\u0161u ekstraktu sausai, taukainai un jut\u012bgai \u0101dai. Mazina \u0101das kairin\u0101jumu, iekaisums, pal\u012bdz dzied\u0113t r\u0113tas un boj\u0101tu \u0101du, aizsarg\u0101 \u0101du no kait\u012bg\u0101s ietekmes uz vidi Pal\u012bdz varikoz\u0101s v\u0113nas. Nostiprina asinsvadus. Labv\u0113l\u012bga ietekme uz b\u0113rna \u0101du un taukiem, problem\u0101tiskai \u0101dai pusaud\u017eiem. <BR><\/P><br \/>\n<P>\u012apa\u0161\u012bbas akt\u012bv\u0101s sast\u0101vda\u013cas: <BR>Kli\u0146\u0123er\u012b\u0161u ekstrakts, terapeitiskais efekts ir saist\u012bts ar kl\u0101tb\u016btni karotino\u012bdu, gaisto\u0161u, \u0113terisk\u0101s e\u013c\u013cas, salicilsk\u0101be un \u0101bolsk\u0101bes, smaganas, olbaltumvielas, triterp\u0113nu sapon\u012bni, g\u013cotas, un C vitam\u012bnu, stimul\u0113 vielmai\u0146u \u0101das \u0161\u016bn\u0101s, nov\u0113r\u0161ot br\u012bvo radik\u0101\u013cu veido\u0161anos, aizsarg\u0101 \u0161\u016bnas no priek\u0161laic\u012bgas izn\u012bcin\u0101\u0161anu , bakteric\u012bda, dezinfekcijas un br\u016b\u010du dz\u012b\u0161anas efektu. Saldo mande\u013cu, bag\u0101ts nav \u017e\u0101v\u0113\u0161anas tauksk\u0101bju e\u013c\u013cas, un fermentu emulsinom, B2 vitam\u012bna, olbaltumvielas, miecvielas, cukurs un smaganu efekt\u012bvi baro, m\u012bkstina un mitrina \u0101du, pa\u0101trinot dz\u012b\u0161anas procesu nelielu plaisu un samazin\u0101\u0161anu, un aizsarg\u0101 to no apk\u0101rt\u0113j\u0101s vides apdraud\u0113jumu.&nbsp;<BR>Bi\u0161u vasks, daudz pies\u0101tin\u0101to tauksk\u0101bju, augsta molekul\u0101r\u0101 vienv\u0113rt\u012bgie spirti, pies\u0101tin\u0101tie og\u013c\u016bde\u0146ra\u017ei, karotinoilami, A vitam\u012bnu, antibiotik\u0101m un citiem antibakteri\u0101liem l\u012bdzek\u013ciem, nodro\u0161ina jaudu uz \u0101das, un ir aizsarg\u0101jo\u0161a iedarb\u012bba uz \u0101du, uzlabojot t\u0101s barjeras funkciju lieliski m\u012bkstina \u0101du saglab\u0101t mitrumu.&nbsp;<BR>Tokoferilacet\u0101ts (E vitam\u012bns) &#8211; viens no v\u0113rt\u012bg\u0101kajiem kosm\u0113tikas sast\u0101vda\u013cas, akt\u012bvs antioksidants. Kutikula aizsarg\u0101 lip\u012bdus un kolag\u0113na \u0161\u0137iedras no oksid\u0101cijas un izn\u012bcin\u0101\u0161anu, t\u0101d\u0113j\u0101di saglab\u0101jot \u0101das elast\u012bbu. Aizsarg\u0101 pret priek\u0161laic\u012bgu noveco\u0161anos, ko izraisa saskarsme ar kait\u012bgiem vides faktoriem.&nbsp; Ir mitrino\u0161u efektu un dod elast\u012bbu epidermu.&nbsp;<BR>M\u012bkstino\u0161as un mitrino\u0161a iedarb\u012bba uz \u0101das ir ar\u012b alanto\u012bnu, kas ar\u012b simul\u0113 procesu br\u016b\u010du dz\u012b\u0161anu un atjauno\u0161anos epidermas.&nbsp;<BR>Bisabols (atvasin\u0101ts no \u0113terisk\u0101s e\u013c\u013cas kumel\u012btes) ir antibakteri\u0101la, pretiekaisuma un nomierino\u0161a iedarb\u012bba, mazina kairin\u0101jumu un iekaisumu. <BR>Glicer\u012bns, \u0161\u0137idrais paraf\u012bns &#8211; m\u012bkstin\u0101\u0161ana un mitrin\u0101\u0161ana, palielin\u0101s \u0101das elast\u012bba.&nbsp; Nov\u0113rst nepat\u012bkamo saj\u016btu herm\u0113tiskumu un \u0101das sausumu un aizsarg\u0101t to no kait\u012bg\u0101s ietekmes uz vidi un sadz\u012bves \u0137imik\u0101lijas. \u0441\u043f\u043e\u0441\u043e\u0431\u0441\u0442\u0432\u0443\u044f . Kop\u0101 ar pentilenglikolem un cetilspirts saisto\u0161ajos \u016bdeni, veicina saglab\u0101\u0161anu \u0101das mitruma.&nbsp;<BR>&nbsp;<BR>Kli\u0146\u0123er\u012b\u0161u kr\u0113ms &#8211; pie skoryaet dz\u012b\u0161anas process sasitumi un sastiepumiem. Regul\u0101ra kr\u0113ma lieto\u0161ana pal\u012bdz nov\u0113rst asinsvadu &quot;zvaigzn\u0113m.&quot;&nbsp;<BR>Pateicoties mitrino\u0161u efektu, Kli\u0146\u0123er\u012b\u0161u kr\u0113ms sausai un jut\u012bgai \u0101dai.&nbsp; Ir vitaminiz\u0113jo\u0161a, stimul\u0113 re\u0123ener\u0101cijas procesus, pal\u012bdz saglab\u0101t \u0101das elast\u012bbu. Pusaud\u017eiem ar probl\u0113mu vai jut\u012bga \u0101da, j\u016bs varat izmantot to k\u0101 dienas kr\u0113ms, jo tas nomierina un ir pretiekaisuma \u012bpa\u0161\u012bbas. Pateicoties t\u0101s vieglas, nomierino\u0161as \u012bpa\u0161\u012bbas kli\u0146\u0123er\u012b\u0161u kr\u0113ms ir efekt\u012bvs b\u0113rna apr\u016bpi &#8211; nov\u0113r\u0161 niezi un \u0101das kairin\u0101jumu. <\/P><br \/>\n<P>Pielietojuma jomas: <\/P><br \/>\n<P>\u2022 \u2022 trauma, sasitumi &#8211; uzkl\u0101jiet kr\u0113mu uz kait\u0113jumu <BR>\u2022 mitrin\u0101t sausu, jut\u012bgu \u0101du &#8211; izmantotu k\u0101 \u200b\u200bnepiecie\u0161ams&nbsp;<BR>\u2022 re\u0123ener\u0101cija (dz\u012b\u0161anu) no \u0101das p\u0113c apdegumiem, Apsald\u0113jumu &#8211; Uzkl\u0101jiet pl\u0101nu k\u0101rtu uz skartaj\u0101 zon\u0101 <BR>p\u0113c \u0137irur\u0123iskie diegi (pret veido\u0161anos kelo\u012bdu r\u0113tas) &#8211; Regul\u0101ri ieziest loc\u012btavas <\/P><br \/>\n<P>&nbsp;<BR>Sast\u0101vda\u013cas: <BR>\u043e\u0442\u0434\u0443\u0448\u043a\u0430. kli\u0146\u0123er\u012bte ekstrakts, bi\u0161u vasks, vitam\u012bns E (tokoferilacet\u0101ts), saldo mande\u013cu, alanto\u012bns, bisabols, pentilenglikol, glicerilmonopalmit\u0101ta stear\u0101ts citr\u0101ts, cetearil spirts, Decyl ole\u0101ts, \u0161\u0137idrais paraf\u012bns, geksildekanol, geksildetsil laur\u0101ts, saharoze stear\u0101ts, smar\u017eas. <BR>&nbsp;<\/P><br \/>\n<P>&nbsp;<\/P><br \/>\n<P><BR>Tilpums: 100 g <BR><\/P><\/p>\n","protected":false},"excerpt":{"rendered":"<p>Kli\u0146\u0123er\u012b\u0161u kr\u0113mu saglab\u0101 visas \u0101rstniecisk\u0101s \u012bpa\u0161\u012bbas augiem.&nbsp; Akt\u012bv\u0101s sast\u0101vda\u013cas kosm\u0113tikas kr\u0113ma kli\u0146\u0123er\u012b\u0161u ekstrakts, saldo mande\u013cu e\u013c\u013ca, bi\u0161u vasks, vitam\u012bns E,<\/p>\n","protected":false},"featured_media":16121,"template":"","meta":[],"product_brand":[],"product_cat":[2200,2216,2220],"product_tag":[],"class_list":{"0":"post-34240","1":"product","2":"type-product","3":"status-publish","4":"has-post-thumbnail","6":"product_cat-skaistums-un-veseliba-lv","7":"product_cat-kermena-kopsana-lv","8":"product_cat-arstnieciski-balzami-un-kremi-lv","10":"first","11":"instock","12":"sale","13":"taxable","14":"shipping-taxable","15":"purchasable","16":"product-type-simple"},"yoast_head":"<!-- This site is optimized with the Yoast SEO Premium plugin v27.0 (Yoast SEO v27.0) - https:\/\/yoast.com\/product\/yoast-seo-premium-wordpress\/ -->\n<title>VIVASAN Kli\u0146\u0123er\u012b\u0161u kr\u0113ms no\u0146em kairin\u0101jumu - cosmetic.lv<\/title>\n<meta name=\"robots\" content=\"index, follow, max-snippet:-1, max-image-preview:large, max-video-preview:-1\" \/>\n<link rel=\"canonical\" href=\"https:\/\/cosmetic.lv\/lv\/product\/vivasan-klingerisu-krems-nonem-kairinajumu\/\" \/>\n<meta property=\"og:locale\" content=\"lv_LV\" \/>\n<meta property=\"og:type\" content=\"article\" \/>\n<meta property=\"og:title\" content=\"VIVASAN Kli\u0146\u0123er\u012b\u0161u kr\u0113ms no\u0146em kairin\u0101jumu\" \/>\n<meta property=\"og:description\" content=\"Kli\u0146\u0123er\u012b\u0161u kr\u0113mu saglab\u0101 visas \u0101rstniecisk\u0101s \u012bpa\u0161\u012bbas augiem.&nbsp; Akt\u012bv\u0101s sast\u0101vda\u013cas kosm\u0113tikas kr\u0113ma kli\u0146\u0123er\u012b\u0161u ekstrakts, saldo mande\u013cu e\u013c\u013ca, bi\u0161u vasks, vitam\u012bns E,\" \/>\n<meta property=\"og:url\" content=\"https:\/\/cosmetic.lv\/lv\/product\/vivasan-klingerisu-krems-nonem-kairinajumu\/\" \/>\n<meta property=\"og:site_name\" content=\"cosmetic.lv\" \/>\n<meta property=\"article:publisher\" content=\"https:\/\/www.facebook.com\/cosmetic.lv\/\" \/>\n<meta property=\"article:modified_time\" content=\"2021-02-06T17:50:22+00:00\" \/>\n<meta property=\"og:image\" content=\"https:\/\/cosmetic.lv\/wp-content\/uploads\/2021\/02\/krem-kalendulaviv-4.jpg\" \/>\n\t<meta property=\"og:image:width\" content=\"220\" \/>\n\t<meta property=\"og:image:height\" content=\"220\" \/>\n\t<meta property=\"og:image:type\" content=\"image\/jpeg\" \/>\n<meta name=\"twitter:card\" content=\"summary_large_image\" \/>\n<script type=\"application\/ld+json\" class=\"yoast-schema-graph\">{\"@context\":\"https:\/\/schema.org\",\"@graph\":[{\"@type\":\"WebPage\",\"@id\":\"https:\/\/cosmetic.lv\/lv\/product\/vivasan-klingerisu-krems-nonem-kairinajumu\/\",\"url\":\"https:\/\/cosmetic.lv\/lv\/product\/vivasan-klingerisu-krems-nonem-kairinajumu\/\",\"name\":\"VIVASAN Kli\u0146\u0123er\u012b\u0161u kr\u0113ms no\u0146em kairin\u0101jumu - cosmetic.lv\",\"isPartOf\":{\"@id\":\"https:\/\/cosmetic.lv\/lv\/#website\"},\"primaryImageOfPage\":{\"@id\":\"https:\/\/cosmetic.lv\/lv\/product\/vivasan-klingerisu-krems-nonem-kairinajumu\/#primaryimage\"},\"image\":{\"@id\":\"https:\/\/cosmetic.lv\/lv\/product\/vivasan-klingerisu-krems-nonem-kairinajumu\/#primaryimage\"},\"thumbnailUrl\":\"https:\/\/cosmetic.lv\/wp-content\/uploads\/2021\/02\/krem-kalendulaviv-4.jpg\",\"datePublished\":\"2021-02-06T17:50:19+00:00\",\"dateModified\":\"2021-02-06T17:50:22+00:00\",\"breadcrumb\":{\"@id\":\"https:\/\/cosmetic.lv\/lv\/product\/vivasan-klingerisu-krems-nonem-kairinajumu\/#breadcrumb\"},\"inLanguage\":\"lv-LV\",\"potentialAction\":[{\"@type\":\"ReadAction\",\"target\":[\"https:\/\/cosmetic.lv\/lv\/product\/vivasan-klingerisu-krems-nonem-kairinajumu\/\"]}]},{\"@type\":\"ImageObject\",\"inLanguage\":\"lv-LV\",\"@id\":\"https:\/\/cosmetic.lv\/lv\/product\/vivasan-klingerisu-krems-nonem-kairinajumu\/#primaryimage\",\"url\":\"https:\/\/cosmetic.lv\/wp-content\/uploads\/2021\/02\/krem-kalendulaviv-4.jpg\",\"contentUrl\":\"https:\/\/cosmetic.lv\/wp-content\/uploads\/2021\/02\/krem-kalendulaviv-4.jpg\",\"width\":220,\"height\":220,\"caption\":\"krem-kalendulaviv.jpg\"},{\"@type\":\"BreadcrumbList\",\"@id\":\"https:\/\/cosmetic.lv\/lv\/product\/vivasan-klingerisu-krems-nonem-kairinajumu\/#breadcrumb\",\"itemListElement\":[{\"@type\":\"ListItem\",\"position\":1,\"name\":\"Home\",\"item\":\"https:\/\/cosmetic.lv\/lv\/\"},{\"@type\":\"ListItem\",\"position\":2,\"name\":\"Veikals\",\"item\":\"https:\/\/cosmetic.lv\/lv\/veiklas\/\"},{\"@type\":\"ListItem\",\"position\":3,\"name\":\"VIVASAN Kli\u0146\u0123er\u012b\u0161u kr\u0113ms no\u0146em kairin\u0101jumu\"}]},{\"@type\":\"WebSite\",\"@id\":\"https:\/\/cosmetic.lv\/lv\/#website\",\"url\":\"https:\/\/cosmetic.lv\/lv\/\",\"name\":\"cosmetic.lv\",\"description\":\"Profesion\u0101la kosm\u0113tika - Maria Galland, Keune, Arkadija, GMT, Guam, Magiray\",\"publisher\":{\"@id\":\"https:\/\/cosmetic.lv\/lv\/#organization\"},\"potentialAction\":[{\"@type\":\"SearchAction\",\"target\":{\"@type\":\"EntryPoint\",\"urlTemplate\":\"https:\/\/cosmetic.lv\/lv\/?s={search_term_string}\"},\"query-input\":{\"@type\":\"PropertyValueSpecification\",\"valueRequired\":true,\"valueName\":\"search_term_string\"}}],\"inLanguage\":\"lv-LV\"},{\"@type\":\"Organization\",\"@id\":\"https:\/\/cosmetic.lv\/lv\/#organization\",\"name\":\"COSMETIC.LV\",\"url\":\"https:\/\/cosmetic.lv\/lv\/\",\"logo\":{\"@type\":\"ImageObject\",\"inLanguage\":\"lv-LV\",\"@id\":\"https:\/\/cosmetic.lv\/lv\/#\/schema\/logo\/image\/\",\"url\":\"https:\/\/cosmetic.lv\/wp-content\/uploads\/2021\/02\/cosmetic.lv_logo.jpg\",\"contentUrl\":\"https:\/\/cosmetic.lv\/wp-content\/uploads\/2021\/02\/cosmetic.lv_logo.jpg\",\"width\":596,\"height\":196,\"caption\":\"COSMETIC.LV\"},\"image\":{\"@id\":\"https:\/\/cosmetic.lv\/lv\/#\/schema\/logo\/image\/\"},\"sameAs\":[\"https:\/\/www.facebook.com\/cosmetic.lv\/\"]}]}<\/script>\n<meta property=\"product:price:amount\" content=\"24.07\" \/>\n<meta property=\"product:price:currency\" content=\"EUR\" \/>\n<meta property=\"og:availability\" content=\"instock\" \/>\n<meta property=\"product:availability\" content=\"instock\" \/>\n<meta property=\"product:retailer_item_id\" content=\"kal\" \/>\n<meta property=\"product:condition\" content=\"new\" \/>\n<!-- \/ Yoast SEO Premium plugin. -->","yoast_head_json":{"title":"VIVASAN Kli\u0146\u0123er\u012b\u0161u kr\u0113ms no\u0146em kairin\u0101jumu - cosmetic.lv","robots":{"index":"index","follow":"follow","max-snippet":"max-snippet:-1","max-image-preview":"max-image-preview:large","max-video-preview":"max-video-preview:-1"},"canonical":"https:\/\/cosmetic.lv\/lv\/product\/vivasan-klingerisu-krems-nonem-kairinajumu\/","og_locale":"lv_LV","og_type":"article","og_title":"VIVASAN Kli\u0146\u0123er\u012b\u0161u kr\u0113ms no\u0146em kairin\u0101jumu","og_description":"Kli\u0146\u0123er\u012b\u0161u kr\u0113mu saglab\u0101 visas \u0101rstniecisk\u0101s \u012bpa\u0161\u012bbas augiem.&nbsp; Akt\u012bv\u0101s sast\u0101vda\u013cas kosm\u0113tikas kr\u0113ma kli\u0146\u0123er\u012b\u0161u ekstrakts, saldo mande\u013cu e\u013c\u013ca, bi\u0161u vasks, vitam\u012bns E,","og_url":"https:\/\/cosmetic.lv\/lv\/product\/vivasan-klingerisu-krems-nonem-kairinajumu\/","og_site_name":"cosmetic.lv","article_publisher":"https:\/\/www.facebook.com\/cosmetic.lv\/","article_modified_time":"2021-02-06T17:50:22+00:00","og_image":[{"width":220,"height":220,"url":"https:\/\/cosmetic.lv\/wp-content\/uploads\/2021\/02\/krem-kalendulaviv-4.jpg","type":"image\/jpeg"}],"twitter_card":"summary_large_image","schema":{"@context":"https:\/\/schema.org","@graph":[{"@type":"WebPage","@id":"https:\/\/cosmetic.lv\/lv\/product\/vivasan-klingerisu-krems-nonem-kairinajumu\/","url":"https:\/\/cosmetic.lv\/lv\/product\/vivasan-klingerisu-krems-nonem-kairinajumu\/","name":"VIVASAN Kli\u0146\u0123er\u012b\u0161u kr\u0113ms no\u0146em kairin\u0101jumu - cosmetic.lv","isPartOf":{"@id":"https:\/\/cosmetic.lv\/lv\/#website"},"primaryImageOfPage":{"@id":"https:\/\/cosmetic.lv\/lv\/product\/vivasan-klingerisu-krems-nonem-kairinajumu\/#primaryimage"},"image":{"@id":"https:\/\/cosmetic.lv\/lv\/product\/vivasan-klingerisu-krems-nonem-kairinajumu\/#primaryimage"},"thumbnailUrl":"https:\/\/cosmetic.lv\/wp-content\/uploads\/2021\/02\/krem-kalendulaviv-4.jpg","datePublished":"2021-02-06T17:50:19+00:00","dateModified":"2021-02-06T17:50:22+00:00","breadcrumb":{"@id":"https:\/\/cosmetic.lv\/lv\/product\/vivasan-klingerisu-krems-nonem-kairinajumu\/#breadcrumb"},"inLanguage":"lv-LV","potentialAction":[{"@type":"ReadAction","target":["https:\/\/cosmetic.lv\/lv\/product\/vivasan-klingerisu-krems-nonem-kairinajumu\/"]}]},{"@type":"ImageObject","inLanguage":"lv-LV","@id":"https:\/\/cosmetic.lv\/lv\/product\/vivasan-klingerisu-krems-nonem-kairinajumu\/#primaryimage","url":"https:\/\/cosmetic.lv\/wp-content\/uploads\/2021\/02\/krem-kalendulaviv-4.jpg","contentUrl":"https:\/\/cosmetic.lv\/wp-content\/uploads\/2021\/02\/krem-kalendulaviv-4.jpg","width":220,"height":220,"caption":"krem-kalendulaviv.jpg"},{"@type":"BreadcrumbList","@id":"https:\/\/cosmetic.lv\/lv\/product\/vivasan-klingerisu-krems-nonem-kairinajumu\/#breadcrumb","itemListElement":[{"@type":"ListItem","position":1,"name":"Home","item":"https:\/\/cosmetic.lv\/lv\/"},{"@type":"ListItem","position":2,"name":"Veikals","item":"https:\/\/cosmetic.lv\/lv\/veiklas\/"},{"@type":"ListItem","position":3,"name":"VIVASAN Kli\u0146\u0123er\u012b\u0161u kr\u0113ms no\u0146em kairin\u0101jumu"}]},{"@type":"WebSite","@id":"https:\/\/cosmetic.lv\/lv\/#website","url":"https:\/\/cosmetic.lv\/lv\/","name":"cosmetic.lv","description":"Profesion\u0101la kosm\u0113tika - Maria Galland, Keune, Arkadija, GMT, Guam, Magiray","publisher":{"@id":"https:\/\/cosmetic.lv\/lv\/#organization"},"potentialAction":[{"@type":"SearchAction","target":{"@type":"EntryPoint","urlTemplate":"https:\/\/cosmetic.lv\/lv\/?s={search_term_string}"},"query-input":{"@type":"PropertyValueSpecification","valueRequired":true,"valueName":"search_term_string"}}],"inLanguage":"lv-LV"},{"@type":"Organization","@id":"https:\/\/cosmetic.lv\/lv\/#organization","name":"COSMETIC.LV","url":"https:\/\/cosmetic.lv\/lv\/","logo":{"@type":"ImageObject","inLanguage":"lv-LV","@id":"https:\/\/cosmetic.lv\/lv\/#\/schema\/logo\/image\/","url":"https:\/\/cosmetic.lv\/wp-content\/uploads\/2021\/02\/cosmetic.lv_logo.jpg","contentUrl":"https:\/\/cosmetic.lv\/wp-content\/uploads\/2021\/02\/cosmetic.lv_logo.jpg","width":596,"height":196,"caption":"COSMETIC.LV"},"image":{"@id":"https:\/\/cosmetic.lv\/lv\/#\/schema\/logo\/image\/"},"sameAs":["https:\/\/www.facebook.com\/cosmetic.lv\/"]}]},"product_price_amount":"24.07","product_price_currency":"EUR","og_availability":"instock","product_availability":"instock","product_retailer_item_id":"kal","product_condition":"new"},"_links":{"self":[{"href":"https:\/\/cosmetic.lv\/lv\/wp-json\/wp\/v2\/product\/34240","targetHints":{"allow":["GET"]}}],"collection":[{"href":"https:\/\/cosmetic.lv\/lv\/wp-json\/wp\/v2\/product"}],"about":[{"href":"https:\/\/cosmetic.lv\/lv\/wp-json\/wp\/v2\/types\/product"}],"wp:featuredmedia":[{"embeddable":true,"href":"https:\/\/cosmetic.lv\/lv\/wp-json\/wp\/v2\/media\/16121"}],"wp:attachment":[{"href":"https:\/\/cosmetic.lv\/lv\/wp-json\/wp\/v2\/media?parent=34240"}],"wp:term":[{"taxonomy":"product_brand","embeddable":true,"href":"https:\/\/cosmetic.lv\/lv\/wp-json\/wp\/v2\/product_brand?post=34240"},{"taxonomy":"product_cat","embeddable":true,"href":"https:\/\/cosmetic.lv\/lv\/wp-json\/wp\/v2\/product_cat?post=34240"},{"taxonomy":"product_tag","embeddable":true,"href":"https:\/\/cosmetic.lv\/lv\/wp-json\/wp\/v2\/product_tag?post=34240"}],"curies":[{"name":"wp","href":"https:\/\/api.w.org\/{rel}","templated":true}]}}