{"id":34241,"date":"2021-02-05T22:40:05","date_gmt":"2021-02-06T17:50:19","guid":{"rendered":"https:\/\/damme.lv\/product\/vivasan-krems-jojobas-sausai-un-novidusai-adai\/"},"modified":"2021-02-06T19:50:23","modified_gmt":"2021-02-06T17:50:23","slug":"vivasan-krems-jojobas-sausai-un-novidusai-adai","status":"publish","type":"product","link":"https:\/\/cosmetic.lv\/lv\/product\/vivasan-krems-jojobas-sausai-un-novidusai-adai\/","title":{"rendered":"VIVASAN Kr\u0113ms Jojobas sausai un nov\u012bdu\u0161ai \u0101dai"},"content":{"rendered":"<p><P>kr\u0113ms \u013coti sausai un noveco\u0161anos \u0101das, rok\u0101m un \u0137ermeni ar dabas jojobas e\u013c\u013cu.&nbsp; Mazina zv\u012b\u0146o\u0161an\u0101s un \u0101das kairin\u0101jumu, nomierina, m\u012bkstina un baro \u0101du un nov\u0113r\u0161 priek\u0161laic\u012bgu \u0101das noveco\u0161anu.&nbsp; Pateicoties taukiem, aizsarg\u0101 seju un rokas no aukstuma, auksts, apg\u0101d\u0101 \u0101du ar nepiecie\u0161amo \u016bdens daudzumu, dod, gludu un z\u012bdainu. Var izmantot k\u0101 nakts kr\u0113mu sausai noveco\u0161an\u0101s sejas, \u013coti sausai plais\u0101 puses, un \u0101das kop\u0161anas mazu\u013ciem auti\u0146biks\u012b\u0161u izsitumi.&nbsp;<BR>&nbsp;<BR>Akt\u012bv\u0101s sast\u0101vda\u013cas kosm\u0113tikas kr\u0113mi dabas jojobas e\u013c\u013ca, bi\u0161u vasks, vitam\u012bns E, pantenolu (vitam\u012bns B5), alanto\u012bns, un m\u012bkstino\u0161as un mitrino\u0161as sast\u0101vda\u013cas. <BR>Galvenais efekts kr\u0113jumu sakar\u0101 ar darb\u012bbas jojobas e\u013c\u013cas, kas satur polinepies\u0101tin\u0101t\u0101s tauksk\u0101bes (eykozanovaya, docosanoic, ole\u012bnsk\u0101bes) un dabisko antioksidantu (vitam\u012bns F). Sakar\u0101 ar \u0161o, kr\u0113ms ir labs maigu efektu, veicina saglab\u0101\u0161anu tauku \u0101d\u0101, baro un mitrina tas dod m\u012bkstu un z\u012bdainu.&nbsp;<BR>Bi\u0161u vasks lieliski papildina jojobas e\u013c\u013cu. Tas satur ar\u012b v\u0113rt\u012bgas \u0101das esterus pies\u0101tin\u0101to tauksk\u0101bju (palmit\u012bna, cerotic, mirist\u012bnsk\u0101be, uc) un augstas vienv\u0113rt\u012bgie spirti, pies\u0101tin\u0101tos og\u013c\u016bde\u0146ra\u017eus (gentriakontan, nonakozan), br\u012bvo tauksk\u0101bju (melissinovaya, mont\u0101nsk\u0101bes, neotserotovaya uc), karotino\u012bdus, vitam\u012bnu, bakteric\u012bdi, nodro\u0161inot ne tikai uzturs, bet aizsarg\u0101jo\u0161a iedarb\u012bba uz \u0101du, uzlabojot t\u0101s barjeras funkciju. Tas lieliski m\u012bkstina \u0101du un pal\u012bdz saglab\u0101t mitrumu. <\/P><br \/>\n<P>Anti-noveco\u0161an\u0101s, mitrino\u0161s un aizsarg\u0101jo\u0161s efekts uz \u0101das ir vitam\u012bnu E. Vi\u0146\u0161 ir ar sp\u0113c\u012bgu antioksidantu iedarb\u012bba, apjomu samazin\u0101\u0161anu br\u012bvo radik\u0101\u013cu \u0101das \u0161\u016bn\u0101s un stimul\u0113 vielmai\u0146as procesus \u0101d\u0101, uzlabojot \u0161\u016bnu elpo\u0161anu. Sakar\u0101 ar aktiviz\u0113\u0161anu vitam\u012bna uzlabo barjeras funkciju no \u0101das, stabiliz\u0113 st\u0101vokli \u0161\u016bn\u0101s, aizsarg\u0101 pret kait\u012bgajiem UV stariem, nov\u0113r\u0161ot priek\u0161laic\u012bgu noveco\u0161anos.&nbsp;<BR>Pantenols, kam darb\u012bbas Pantot\u0113nsk\u0101be (vitam\u012bns B5), uzlabo \u0101das, strukt\u016bru, nodro\u0161ina dz\u012b\u0161ana, mitrina un izl\u012bdzin\u0101\u0161anas efektu.&nbsp;<BR>M\u012bkstino\u0161as un mitrino\u0161a iedarb\u012bba uz \u0101du ir alanto\u012bnu, kas labv\u0113l\u012bgi iedarbojas uz \u0101du ar augstu agresiju vides (v\u0113j\u0161, saule, sals, b\u016btiskas izmai\u0146as temperat\u016bras un mitruma, no liela augstuma, uc), lai aizsarg\u0101tu vi\u0146u.&nbsp;<BR>Glicer\u012bns, kas ir lielisks m\u012bkstino\u0161s un mitrino\u0161s, uzlabo tvirtumu un elast\u012bbu. Tas nov\u0113r\u0161 nepat\u012bkamu saj\u016btu herm\u0113tiskumu un \u0101das sausumu un aizsarg\u0101 to no kait\u012bgiem vides faktoriem un posto\u0161o ietekmi uz vi\u0146as sadz\u012bves \u0137imik\u0101lij\u0101m.&nbsp;<BR>Pentilenglikol nodro\u0161ina papildu efektu mitrin\u0101\u0161anu uz \u200b\u200b\u0101das un ir labs pretmikrobu iedarb\u012bba. <BR>Kr\u0113ms ir ieteicams ikdienas apr\u016bpi sejas un \u0137erme\u0146a. Regul\u0101ra kr\u0113ma lieto\u0161ana nodro\u0161ina \u0101das maigumu un elast\u012bbu.&nbsp;<BR>&nbsp;&nbsp;<\/P><br \/>\n<P>&nbsp;<\/P><br \/>\n<P><BR>Tilpums: 100 g <\/P><\/p>\n","protected":false},"excerpt":{"rendered":"<p>kr\u0113ms \u013coti sausai un noveco\u0161anos \u0101das, rok\u0101m un \u0137ermeni ar dabas jojobas e\u013c\u013cu.&nbsp; Mazina zv\u012b\u0146o\u0161an\u0101s un \u0101das kairin\u0101jumu, nomierina, m\u012bkstina<\/p>\n","protected":false},"featured_media":16124,"template":"","meta":[],"product_brand":[],"product_cat":[2200,2216,2220],"product_tag":[],"class_list":{"0":"post-34241","1":"product","2":"type-product","3":"status-publish","4":"has-post-thumbnail","6":"product_cat-skaistums-un-veseliba-lv","7":"product_cat-kermena-kopsana-lv","8":"product_cat-arstnieciski-balzami-un-kremi-lv","10":"first","11":"instock","12":"sale","13":"taxable","14":"shipping-taxable","15":"purchasable","16":"product-type-simple"},"yoast_head":"<!-- This site is optimized with the Yoast SEO Premium plugin v27.0 (Yoast SEO v27.0) - https:\/\/yoast.com\/product\/yoast-seo-premium-wordpress\/ -->\n<title>VIVASAN Kr\u0113ms Jojobas sausai un nov\u012bdu\u0161ai \u0101dai - cosmetic.lv<\/title>\n<meta name=\"robots\" content=\"index, follow, max-snippet:-1, max-image-preview:large, max-video-preview:-1\" \/>\n<link rel=\"canonical\" href=\"https:\/\/cosmetic.lv\/lv\/product\/vivasan-krems-jojobas-sausai-un-novidusai-adai\/\" \/>\n<meta property=\"og:locale\" content=\"lv_LV\" \/>\n<meta property=\"og:type\" content=\"article\" \/>\n<meta property=\"og:title\" content=\"VIVASAN Kr\u0113ms Jojobas sausai un nov\u012bdu\u0161ai \u0101dai\" \/>\n<meta property=\"og:description\" content=\"kr\u0113ms \u013coti sausai un noveco\u0161anos \u0101das, rok\u0101m un \u0137ermeni ar dabas jojobas e\u013c\u013cu.&nbsp; Mazina zv\u012b\u0146o\u0161an\u0101s un \u0101das kairin\u0101jumu, nomierina, m\u012bkstina\" \/>\n<meta property=\"og:url\" content=\"https:\/\/cosmetic.lv\/lv\/product\/vivasan-krems-jojobas-sausai-un-novidusai-adai\/\" \/>\n<meta property=\"og:site_name\" content=\"cosmetic.lv\" \/>\n<meta property=\"article:publisher\" content=\"https:\/\/www.facebook.com\/cosmetic.lv\/\" \/>\n<meta property=\"article:modified_time\" content=\"2021-02-06T17:50:23+00:00\" \/>\n<meta property=\"og:image\" content=\"https:\/\/cosmetic.lv\/wp-content\/uploads\/2021\/02\/krem_zhozhobaviv-4.jpg\" \/>\n\t<meta property=\"og:image:width\" content=\"312\" \/>\n\t<meta property=\"og:image:height\" content=\"312\" \/>\n\t<meta property=\"og:image:type\" content=\"image\/jpeg\" \/>\n<meta name=\"twitter:card\" content=\"summary_large_image\" \/>\n<script type=\"application\/ld+json\" class=\"yoast-schema-graph\">{\"@context\":\"https:\/\/schema.org\",\"@graph\":[{\"@type\":\"WebPage\",\"@id\":\"https:\/\/cosmetic.lv\/lv\/product\/vivasan-krems-jojobas-sausai-un-novidusai-adai\/\",\"url\":\"https:\/\/cosmetic.lv\/lv\/product\/vivasan-krems-jojobas-sausai-un-novidusai-adai\/\",\"name\":\"VIVASAN Kr\u0113ms Jojobas sausai un nov\u012bdu\u0161ai \u0101dai - cosmetic.lv\",\"isPartOf\":{\"@id\":\"https:\/\/cosmetic.lv\/lv\/#website\"},\"primaryImageOfPage\":{\"@id\":\"https:\/\/cosmetic.lv\/lv\/product\/vivasan-krems-jojobas-sausai-un-novidusai-adai\/#primaryimage\"},\"image\":{\"@id\":\"https:\/\/cosmetic.lv\/lv\/product\/vivasan-krems-jojobas-sausai-un-novidusai-adai\/#primaryimage\"},\"thumbnailUrl\":\"https:\/\/cosmetic.lv\/wp-content\/uploads\/2021\/02\/krem_zhozhobaviv-4.jpg\",\"datePublished\":\"2021-02-06T17:50:19+00:00\",\"dateModified\":\"2021-02-06T17:50:23+00:00\",\"breadcrumb\":{\"@id\":\"https:\/\/cosmetic.lv\/lv\/product\/vivasan-krems-jojobas-sausai-un-novidusai-adai\/#breadcrumb\"},\"inLanguage\":\"lv-LV\",\"potentialAction\":[{\"@type\":\"ReadAction\",\"target\":[\"https:\/\/cosmetic.lv\/lv\/product\/vivasan-krems-jojobas-sausai-un-novidusai-adai\/\"]}]},{\"@type\":\"ImageObject\",\"inLanguage\":\"lv-LV\",\"@id\":\"https:\/\/cosmetic.lv\/lv\/product\/vivasan-krems-jojobas-sausai-un-novidusai-adai\/#primaryimage\",\"url\":\"https:\/\/cosmetic.lv\/wp-content\/uploads\/2021\/02\/krem_zhozhobaviv-4.jpg\",\"contentUrl\":\"https:\/\/cosmetic.lv\/wp-content\/uploads\/2021\/02\/krem_zhozhobaviv-4.jpg\",\"width\":312,\"height\":312,\"caption\":\"krem_zhozhobaviv.jpg\"},{\"@type\":\"BreadcrumbList\",\"@id\":\"https:\/\/cosmetic.lv\/lv\/product\/vivasan-krems-jojobas-sausai-un-novidusai-adai\/#breadcrumb\",\"itemListElement\":[{\"@type\":\"ListItem\",\"position\":1,\"name\":\"Home\",\"item\":\"https:\/\/cosmetic.lv\/lv\/\"},{\"@type\":\"ListItem\",\"position\":2,\"name\":\"Veikals\",\"item\":\"https:\/\/cosmetic.lv\/lv\/veiklas\/\"},{\"@type\":\"ListItem\",\"position\":3,\"name\":\"VIVASAN Kr\u0113ms Jojobas sausai un nov\u012bdu\u0161ai \u0101dai\"}]},{\"@type\":\"WebSite\",\"@id\":\"https:\/\/cosmetic.lv\/lv\/#website\",\"url\":\"https:\/\/cosmetic.lv\/lv\/\",\"name\":\"cosmetic.lv\",\"description\":\"Profesion\u0101la kosm\u0113tika - Maria Galland, Keune, Arkadija, GMT, Guam, Magiray\",\"publisher\":{\"@id\":\"https:\/\/cosmetic.lv\/lv\/#organization\"},\"potentialAction\":[{\"@type\":\"SearchAction\",\"target\":{\"@type\":\"EntryPoint\",\"urlTemplate\":\"https:\/\/cosmetic.lv\/lv\/?s={search_term_string}\"},\"query-input\":{\"@type\":\"PropertyValueSpecification\",\"valueRequired\":true,\"valueName\":\"search_term_string\"}}],\"inLanguage\":\"lv-LV\"},{\"@type\":\"Organization\",\"@id\":\"https:\/\/cosmetic.lv\/lv\/#organization\",\"name\":\"COSMETIC.LV\",\"url\":\"https:\/\/cosmetic.lv\/lv\/\",\"logo\":{\"@type\":\"ImageObject\",\"inLanguage\":\"lv-LV\",\"@id\":\"https:\/\/cosmetic.lv\/lv\/#\/schema\/logo\/image\/\",\"url\":\"https:\/\/cosmetic.lv\/wp-content\/uploads\/2021\/02\/cosmetic.lv_logo.jpg\",\"contentUrl\":\"https:\/\/cosmetic.lv\/wp-content\/uploads\/2021\/02\/cosmetic.lv_logo.jpg\",\"width\":596,\"height\":196,\"caption\":\"COSMETIC.LV\"},\"image\":{\"@id\":\"https:\/\/cosmetic.lv\/lv\/#\/schema\/logo\/image\/\"},\"sameAs\":[\"https:\/\/www.facebook.com\/cosmetic.lv\/\"]}]}<\/script>\n<meta property=\"product:price:amount\" content=\"22.01\" \/>\n<meta property=\"product:price:currency\" content=\"EUR\" \/>\n<meta property=\"og:availability\" content=\"instock\" \/>\n<meta property=\"product:availability\" content=\"instock\" \/>\n<meta property=\"product:retailer_item_id\" content=\"zoz\" \/>\n<meta property=\"product:condition\" content=\"new\" \/>\n<!-- \/ Yoast SEO Premium plugin. -->","yoast_head_json":{"title":"VIVASAN Kr\u0113ms Jojobas sausai un nov\u012bdu\u0161ai \u0101dai - cosmetic.lv","robots":{"index":"index","follow":"follow","max-snippet":"max-snippet:-1","max-image-preview":"max-image-preview:large","max-video-preview":"max-video-preview:-1"},"canonical":"https:\/\/cosmetic.lv\/lv\/product\/vivasan-krems-jojobas-sausai-un-novidusai-adai\/","og_locale":"lv_LV","og_type":"article","og_title":"VIVASAN Kr\u0113ms Jojobas sausai un nov\u012bdu\u0161ai \u0101dai","og_description":"kr\u0113ms \u013coti sausai un noveco\u0161anos \u0101das, rok\u0101m un \u0137ermeni ar dabas jojobas e\u013c\u013cu.&nbsp; Mazina zv\u012b\u0146o\u0161an\u0101s un \u0101das kairin\u0101jumu, nomierina, m\u012bkstina","og_url":"https:\/\/cosmetic.lv\/lv\/product\/vivasan-krems-jojobas-sausai-un-novidusai-adai\/","og_site_name":"cosmetic.lv","article_publisher":"https:\/\/www.facebook.com\/cosmetic.lv\/","article_modified_time":"2021-02-06T17:50:23+00:00","og_image":[{"width":312,"height":312,"url":"https:\/\/cosmetic.lv\/wp-content\/uploads\/2021\/02\/krem_zhozhobaviv-4.jpg","type":"image\/jpeg"}],"twitter_card":"summary_large_image","schema":{"@context":"https:\/\/schema.org","@graph":[{"@type":"WebPage","@id":"https:\/\/cosmetic.lv\/lv\/product\/vivasan-krems-jojobas-sausai-un-novidusai-adai\/","url":"https:\/\/cosmetic.lv\/lv\/product\/vivasan-krems-jojobas-sausai-un-novidusai-adai\/","name":"VIVASAN Kr\u0113ms Jojobas sausai un nov\u012bdu\u0161ai \u0101dai - cosmetic.lv","isPartOf":{"@id":"https:\/\/cosmetic.lv\/lv\/#website"},"primaryImageOfPage":{"@id":"https:\/\/cosmetic.lv\/lv\/product\/vivasan-krems-jojobas-sausai-un-novidusai-adai\/#primaryimage"},"image":{"@id":"https:\/\/cosmetic.lv\/lv\/product\/vivasan-krems-jojobas-sausai-un-novidusai-adai\/#primaryimage"},"thumbnailUrl":"https:\/\/cosmetic.lv\/wp-content\/uploads\/2021\/02\/krem_zhozhobaviv-4.jpg","datePublished":"2021-02-06T17:50:19+00:00","dateModified":"2021-02-06T17:50:23+00:00","breadcrumb":{"@id":"https:\/\/cosmetic.lv\/lv\/product\/vivasan-krems-jojobas-sausai-un-novidusai-adai\/#breadcrumb"},"inLanguage":"lv-LV","potentialAction":[{"@type":"ReadAction","target":["https:\/\/cosmetic.lv\/lv\/product\/vivasan-krems-jojobas-sausai-un-novidusai-adai\/"]}]},{"@type":"ImageObject","inLanguage":"lv-LV","@id":"https:\/\/cosmetic.lv\/lv\/product\/vivasan-krems-jojobas-sausai-un-novidusai-adai\/#primaryimage","url":"https:\/\/cosmetic.lv\/wp-content\/uploads\/2021\/02\/krem_zhozhobaviv-4.jpg","contentUrl":"https:\/\/cosmetic.lv\/wp-content\/uploads\/2021\/02\/krem_zhozhobaviv-4.jpg","width":312,"height":312,"caption":"krem_zhozhobaviv.jpg"},{"@type":"BreadcrumbList","@id":"https:\/\/cosmetic.lv\/lv\/product\/vivasan-krems-jojobas-sausai-un-novidusai-adai\/#breadcrumb","itemListElement":[{"@type":"ListItem","position":1,"name":"Home","item":"https:\/\/cosmetic.lv\/lv\/"},{"@type":"ListItem","position":2,"name":"Veikals","item":"https:\/\/cosmetic.lv\/lv\/veiklas\/"},{"@type":"ListItem","position":3,"name":"VIVASAN Kr\u0113ms Jojobas sausai un nov\u012bdu\u0161ai \u0101dai"}]},{"@type":"WebSite","@id":"https:\/\/cosmetic.lv\/lv\/#website","url":"https:\/\/cosmetic.lv\/lv\/","name":"cosmetic.lv","description":"Profesion\u0101la kosm\u0113tika - Maria Galland, Keune, Arkadija, GMT, Guam, Magiray","publisher":{"@id":"https:\/\/cosmetic.lv\/lv\/#organization"},"potentialAction":[{"@type":"SearchAction","target":{"@type":"EntryPoint","urlTemplate":"https:\/\/cosmetic.lv\/lv\/?s={search_term_string}"},"query-input":{"@type":"PropertyValueSpecification","valueRequired":true,"valueName":"search_term_string"}}],"inLanguage":"lv-LV"},{"@type":"Organization","@id":"https:\/\/cosmetic.lv\/lv\/#organization","name":"COSMETIC.LV","url":"https:\/\/cosmetic.lv\/lv\/","logo":{"@type":"ImageObject","inLanguage":"lv-LV","@id":"https:\/\/cosmetic.lv\/lv\/#\/schema\/logo\/image\/","url":"https:\/\/cosmetic.lv\/wp-content\/uploads\/2021\/02\/cosmetic.lv_logo.jpg","contentUrl":"https:\/\/cosmetic.lv\/wp-content\/uploads\/2021\/02\/cosmetic.lv_logo.jpg","width":596,"height":196,"caption":"COSMETIC.LV"},"image":{"@id":"https:\/\/cosmetic.lv\/lv\/#\/schema\/logo\/image\/"},"sameAs":["https:\/\/www.facebook.com\/cosmetic.lv\/"]}]},"product_price_amount":"22.01","product_price_currency":"EUR","og_availability":"instock","product_availability":"instock","product_retailer_item_id":"zoz","product_condition":"new"},"_links":{"self":[{"href":"https:\/\/cosmetic.lv\/lv\/wp-json\/wp\/v2\/product\/34241","targetHints":{"allow":["GET"]}}],"collection":[{"href":"https:\/\/cosmetic.lv\/lv\/wp-json\/wp\/v2\/product"}],"about":[{"href":"https:\/\/cosmetic.lv\/lv\/wp-json\/wp\/v2\/types\/product"}],"wp:featuredmedia":[{"embeddable":true,"href":"https:\/\/cosmetic.lv\/lv\/wp-json\/wp\/v2\/media\/16124"}],"wp:attachment":[{"href":"https:\/\/cosmetic.lv\/lv\/wp-json\/wp\/v2\/media?parent=34241"}],"wp:term":[{"taxonomy":"product_brand","embeddable":true,"href":"https:\/\/cosmetic.lv\/lv\/wp-json\/wp\/v2\/product_brand?post=34241"},{"taxonomy":"product_cat","embeddable":true,"href":"https:\/\/cosmetic.lv\/lv\/wp-json\/wp\/v2\/product_cat?post=34241"},{"taxonomy":"product_tag","embeddable":true,"href":"https:\/\/cosmetic.lv\/lv\/wp-json\/wp\/v2\/product_tag?post=34241"}],"curies":[{"name":"wp","href":"https:\/\/api.w.org\/{rel}","templated":true}]}}