{"id":34242,"date":"2021-02-05T22:40:05","date_gmt":"2021-02-06T17:50:19","guid":{"rendered":"https:\/\/damme.lv\/product\/vivasan-gels-p-c-28-samazina-tusku\/"},"modified":"2021-02-06T19:50:24","modified_gmt":"2021-02-06T17:50:24","slug":"vivasan-gels-p-c-28-samazina-tusku","status":"publish","type":"product","link":"https:\/\/cosmetic.lv\/lv\/product\/vivasan-gels-p-c-28-samazina-tusku\/","title":{"rendered":"VIVASAN GELS  P.C. 28 samazina t\u016bsku"},"content":{"rendered":"<p><!DOCTYPE html PUBLIC &quot;-\/\/W3C\/\/DTD XHTML 1.0 Transitional\/\/EN&quot; &quot;http:\/\/www.w3.org\/TR\/xhtml1\/DTD\/xhtml1-transitional.dtd&quot;><br \/>\n<html><br \/>\n<head><br \/>\n<title>Untitled document<\/title><br \/>\n<\/head><br \/>\n<body><\/p>\n<p>\u012apa&scaron;s mas\u0101\u017eas \u017eeleja, pamatojoties uz izrakstu no m\u012bdij\u0101m, Martins arom\u0101tisks (&quot;Velna nags&quot;), Arnica, b\u0113rzs, \u0113terisk\u0101s e\u013c\u013cas citronu, apels\u012bnu, piparm\u0113tru, lavandas un timi\u0101nu.&nbsp;<br \/>&nbsp;<br \/>&nbsp;<br \/>Satur vair\u0101kas akt\u012bv\u0101s sast\u0101vda\u013cas, lai pal\u012bdz\u0113tu atbalst\u012bt funkciju musku\u013cu un skeleta sist\u0113mas. ekstrakts t\u012bkams martini (&quot;Velna nags&quot;) samazina t\u016bsku.&nbsp; Polisahar\u012bdi mitrino&scaron;a iedarb\u012bba (glikozaminoglik\u0101ni) kombin\u0101cij\u0101 ar arnikas ekstraktu stimul\u0113 asinsriti, no\u0146emt zilumi. <br \/>B\u0113rzs ekstrakts, kas ir sekas cel&scaron;anas un t\u012br\u012b&scaron;anas, bet dro&scaron;i likvid\u0113 toks\u012bnus. \u0112damgliemenes ekstrakts ir bag\u0101ts ar aminosk\u0101b\u0113m, omega-3 tauksk\u0101bju un mikroelementu.&nbsp; Tas baro un atjauno \u0101du, aizsarg\u0101 pret joniz\u0113jo&scaron;o starojumu, un UV luchey.Ekstrakt sarkano a\u013c\u0123u ir anti-r\u012bc\u012bbu.&nbsp; \u0112terisk\u0101 e\u013c\u013ca piparm\u0113tru atsvaidzina un to\u0146iem.&nbsp; \u0112terisk\u0101 e\u013c\u013ca citrona, kop\u0101 ar toniz\u0113jo&scaron;a un balzamiko darb\u012bbas kalpo k\u0101 antiseptisku un dziedino&scaron;as vielas.&nbsp; \u0112terisk\u0101 e\u013c\u013ca timi\u0101nu regul\u0113 funkciju \u0101das tauku dziedzeru. Lavandas \u0113terisk\u0101 e\u013c\u013ca ir paz\u012bstama ar savu antiseptiska un att\u012bro&scaron;a iedarb\u012bba.&nbsp; Apels\u012bna \u0113terisk\u0101 e\u013c\u013ca ir nomierino&scaron;a, antiseptiska un barojo&scaron;s efekts.&nbsp;<br \/>&nbsp;<br \/>Pielietojuma jomas:&nbsp; <br \/>&bull; &bull;&nbsp; artr\u012bts, osteohondroze <br \/>&bull; zilumi&nbsp;<br \/>&bull; auksti k\u0101j\u0101m sindroms <br \/>&bull; stress, hronisks noguruma sindroms <br \/>&bull; sporta un citu m\u012bksto audu boj\u0101jumi&nbsp;<br \/>&nbsp;<br \/>Pieteikums:&nbsp;<br \/>Maiga mas\u0101\u017ea satrauco&scaron;i \u0137erme\u0146a da\u013cas 2-3 reizes dien\u0101.<\/p>\n<p>&nbsp;<\/p>\n<p>Tilpums: 125 g<\/p>\n<p><\/body><br \/>\n<\/html><\/p>\n","protected":false},"excerpt":{"rendered":"<p>Untitled document \u012apa&scaron;s mas\u0101\u017eas \u017eeleja, pamatojoties uz izrakstu no m\u012bdij\u0101m, Martins arom\u0101tisks (&quot;Velna nags&quot;), Arnica, b\u0113rzs, \u0113terisk\u0101s e\u013c\u013cas citronu, apels\u012bnu,<\/p>\n","protected":false},"featured_media":16127,"template":"","meta":[],"product_brand":[],"product_cat":[2200,2216,2220],"product_tag":[],"class_list":{"0":"post-34242","1":"product","2":"type-product","3":"status-publish","4":"has-post-thumbnail","6":"product_cat-skaistums-un-veseliba-lv","7":"product_cat-kermena-kopsana-lv","8":"product_cat-arstnieciski-balzami-un-kremi-lv","10":"first","11":"instock","12":"sale","13":"taxable","14":"shipping-taxable","15":"purchasable","16":"product-type-simple"},"yoast_head":"<!-- This site is optimized with the Yoast SEO Premium plugin v27.0 (Yoast SEO v27.0) - https:\/\/yoast.com\/product\/yoast-seo-premium-wordpress\/ -->\n<title>VIVASAN GELS P.C. 28 samazina t\u016bsku - cosmetic.lv<\/title>\n<meta name=\"robots\" content=\"index, follow, max-snippet:-1, max-image-preview:large, max-video-preview:-1\" \/>\n<link rel=\"canonical\" href=\"https:\/\/cosmetic.lv\/lv\/product\/vivasan-gels-p-c-28-samazina-tusku\/\" \/>\n<meta property=\"og:locale\" content=\"lv_LV\" \/>\n<meta property=\"og:type\" content=\"article\" \/>\n<meta property=\"og:title\" content=\"VIVASAN GELS P.C. 28 samazina t\u016bsku\" \/>\n<meta property=\"og:description\" content=\"Untitled document \u012apa&scaron;s mas\u0101\u017eas \u017eeleja, pamatojoties uz izrakstu no m\u012bdij\u0101m, Martins arom\u0101tisks (&quot;Velna nags&quot;), Arnica, b\u0113rzs, \u0113terisk\u0101s e\u013c\u013cas citronu, apels\u012bnu,\" \/>\n<meta property=\"og:url\" content=\"https:\/\/cosmetic.lv\/lv\/product\/vivasan-gels-p-c-28-samazina-tusku\/\" \/>\n<meta property=\"og:site_name\" content=\"cosmetic.lv\" \/>\n<meta property=\"article:publisher\" content=\"https:\/\/www.facebook.com\/cosmetic.lv\/\" \/>\n<meta property=\"article:modified_time\" content=\"2021-02-06T17:50:24+00:00\" \/>\n<meta property=\"og:image\" content=\"https:\/\/cosmetic.lv\/wp-content\/uploads\/2021\/02\/gel_dlja_sustavov_pc_28viv-4.jpg\" \/>\n\t<meta property=\"og:image:width\" content=\"322\" \/>\n\t<meta property=\"og:image:height\" content=\"322\" \/>\n\t<meta property=\"og:image:type\" content=\"image\/jpeg\" \/>\n<meta name=\"twitter:card\" content=\"summary_large_image\" \/>\n<script type=\"application\/ld+json\" class=\"yoast-schema-graph\">{\"@context\":\"https:\/\/schema.org\",\"@graph\":[{\"@type\":\"WebPage\",\"@id\":\"https:\/\/cosmetic.lv\/lv\/product\/vivasan-gels-p-c-28-samazina-tusku\/\",\"url\":\"https:\/\/cosmetic.lv\/lv\/product\/vivasan-gels-p-c-28-samazina-tusku\/\",\"name\":\"VIVASAN GELS P.C. 28 samazina t\u016bsku - cosmetic.lv\",\"isPartOf\":{\"@id\":\"https:\/\/cosmetic.lv\/lv\/#website\"},\"primaryImageOfPage\":{\"@id\":\"https:\/\/cosmetic.lv\/lv\/product\/vivasan-gels-p-c-28-samazina-tusku\/#primaryimage\"},\"image\":{\"@id\":\"https:\/\/cosmetic.lv\/lv\/product\/vivasan-gels-p-c-28-samazina-tusku\/#primaryimage\"},\"thumbnailUrl\":\"https:\/\/cosmetic.lv\/wp-content\/uploads\/2021\/02\/gel_dlja_sustavov_pc_28viv-4.jpg\",\"datePublished\":\"2021-02-06T17:50:19+00:00\",\"dateModified\":\"2021-02-06T17:50:24+00:00\",\"breadcrumb\":{\"@id\":\"https:\/\/cosmetic.lv\/lv\/product\/vivasan-gels-p-c-28-samazina-tusku\/#breadcrumb\"},\"inLanguage\":\"lv-LV\",\"potentialAction\":[{\"@type\":\"ReadAction\",\"target\":[\"https:\/\/cosmetic.lv\/lv\/product\/vivasan-gels-p-c-28-samazina-tusku\/\"]}]},{\"@type\":\"ImageObject\",\"inLanguage\":\"lv-LV\",\"@id\":\"https:\/\/cosmetic.lv\/lv\/product\/vivasan-gels-p-c-28-samazina-tusku\/#primaryimage\",\"url\":\"https:\/\/cosmetic.lv\/wp-content\/uploads\/2021\/02\/gel_dlja_sustavov_pc_28viv-4.jpg\",\"contentUrl\":\"https:\/\/cosmetic.lv\/wp-content\/uploads\/2021\/02\/gel_dlja_sustavov_pc_28viv-4.jpg\",\"width\":322,\"height\":322,\"caption\":\"gel_dlja_sustavov_pc_28viv.jpg\"},{\"@type\":\"BreadcrumbList\",\"@id\":\"https:\/\/cosmetic.lv\/lv\/product\/vivasan-gels-p-c-28-samazina-tusku\/#breadcrumb\",\"itemListElement\":[{\"@type\":\"ListItem\",\"position\":1,\"name\":\"Home\",\"item\":\"https:\/\/cosmetic.lv\/lv\/\"},{\"@type\":\"ListItem\",\"position\":2,\"name\":\"Veikals\",\"item\":\"https:\/\/cosmetic.lv\/lv\/veiklas\/\"},{\"@type\":\"ListItem\",\"position\":3,\"name\":\"VIVASAN GELS P.C. 28 samazina t\u016bsku\"}]},{\"@type\":\"WebSite\",\"@id\":\"https:\/\/cosmetic.lv\/lv\/#website\",\"url\":\"https:\/\/cosmetic.lv\/lv\/\",\"name\":\"cosmetic.lv\",\"description\":\"Profesion\u0101la kosm\u0113tika - Maria Galland, Keune, Arkadija, GMT, Guam, Magiray\",\"publisher\":{\"@id\":\"https:\/\/cosmetic.lv\/lv\/#organization\"},\"potentialAction\":[{\"@type\":\"SearchAction\",\"target\":{\"@type\":\"EntryPoint\",\"urlTemplate\":\"https:\/\/cosmetic.lv\/lv\/?s={search_term_string}\"},\"query-input\":{\"@type\":\"PropertyValueSpecification\",\"valueRequired\":true,\"valueName\":\"search_term_string\"}}],\"inLanguage\":\"lv-LV\"},{\"@type\":\"Organization\",\"@id\":\"https:\/\/cosmetic.lv\/lv\/#organization\",\"name\":\"COSMETIC.LV\",\"url\":\"https:\/\/cosmetic.lv\/lv\/\",\"logo\":{\"@type\":\"ImageObject\",\"inLanguage\":\"lv-LV\",\"@id\":\"https:\/\/cosmetic.lv\/lv\/#\/schema\/logo\/image\/\",\"url\":\"https:\/\/cosmetic.lv\/wp-content\/uploads\/2021\/02\/cosmetic.lv_logo.jpg\",\"contentUrl\":\"https:\/\/cosmetic.lv\/wp-content\/uploads\/2021\/02\/cosmetic.lv_logo.jpg\",\"width\":596,\"height\":196,\"caption\":\"COSMETIC.LV\"},\"image\":{\"@id\":\"https:\/\/cosmetic.lv\/lv\/#\/schema\/logo\/image\/\"},\"sameAs\":[\"https:\/\/www.facebook.com\/cosmetic.lv\/\"]}]}<\/script>\n<meta property=\"product:price:amount\" content=\"31.79\" \/>\n<meta property=\"product:price:currency\" content=\"EUR\" \/>\n<meta property=\"og:availability\" content=\"instock\" \/>\n<meta property=\"product:availability\" content=\"instock\" \/>\n<meta property=\"product:retailer_item_id\" content=\"P28\" \/>\n<meta property=\"product:condition\" content=\"new\" \/>\n<!-- \/ Yoast SEO Premium plugin. -->","yoast_head_json":{"title":"VIVASAN GELS P.C. 28 samazina t\u016bsku - cosmetic.lv","robots":{"index":"index","follow":"follow","max-snippet":"max-snippet:-1","max-image-preview":"max-image-preview:large","max-video-preview":"max-video-preview:-1"},"canonical":"https:\/\/cosmetic.lv\/lv\/product\/vivasan-gels-p-c-28-samazina-tusku\/","og_locale":"lv_LV","og_type":"article","og_title":"VIVASAN GELS P.C. 28 samazina t\u016bsku","og_description":"Untitled document \u012apa&scaron;s mas\u0101\u017eas \u017eeleja, pamatojoties uz izrakstu no m\u012bdij\u0101m, Martins arom\u0101tisks (&quot;Velna nags&quot;), Arnica, b\u0113rzs, \u0113terisk\u0101s e\u013c\u013cas citronu, apels\u012bnu,","og_url":"https:\/\/cosmetic.lv\/lv\/product\/vivasan-gels-p-c-28-samazina-tusku\/","og_site_name":"cosmetic.lv","article_publisher":"https:\/\/www.facebook.com\/cosmetic.lv\/","article_modified_time":"2021-02-06T17:50:24+00:00","og_image":[{"width":322,"height":322,"url":"https:\/\/cosmetic.lv\/wp-content\/uploads\/2021\/02\/gel_dlja_sustavov_pc_28viv-4.jpg","type":"image\/jpeg"}],"twitter_card":"summary_large_image","schema":{"@context":"https:\/\/schema.org","@graph":[{"@type":"WebPage","@id":"https:\/\/cosmetic.lv\/lv\/product\/vivasan-gels-p-c-28-samazina-tusku\/","url":"https:\/\/cosmetic.lv\/lv\/product\/vivasan-gels-p-c-28-samazina-tusku\/","name":"VIVASAN GELS P.C. 28 samazina t\u016bsku - cosmetic.lv","isPartOf":{"@id":"https:\/\/cosmetic.lv\/lv\/#website"},"primaryImageOfPage":{"@id":"https:\/\/cosmetic.lv\/lv\/product\/vivasan-gels-p-c-28-samazina-tusku\/#primaryimage"},"image":{"@id":"https:\/\/cosmetic.lv\/lv\/product\/vivasan-gels-p-c-28-samazina-tusku\/#primaryimage"},"thumbnailUrl":"https:\/\/cosmetic.lv\/wp-content\/uploads\/2021\/02\/gel_dlja_sustavov_pc_28viv-4.jpg","datePublished":"2021-02-06T17:50:19+00:00","dateModified":"2021-02-06T17:50:24+00:00","breadcrumb":{"@id":"https:\/\/cosmetic.lv\/lv\/product\/vivasan-gels-p-c-28-samazina-tusku\/#breadcrumb"},"inLanguage":"lv-LV","potentialAction":[{"@type":"ReadAction","target":["https:\/\/cosmetic.lv\/lv\/product\/vivasan-gels-p-c-28-samazina-tusku\/"]}]},{"@type":"ImageObject","inLanguage":"lv-LV","@id":"https:\/\/cosmetic.lv\/lv\/product\/vivasan-gels-p-c-28-samazina-tusku\/#primaryimage","url":"https:\/\/cosmetic.lv\/wp-content\/uploads\/2021\/02\/gel_dlja_sustavov_pc_28viv-4.jpg","contentUrl":"https:\/\/cosmetic.lv\/wp-content\/uploads\/2021\/02\/gel_dlja_sustavov_pc_28viv-4.jpg","width":322,"height":322,"caption":"gel_dlja_sustavov_pc_28viv.jpg"},{"@type":"BreadcrumbList","@id":"https:\/\/cosmetic.lv\/lv\/product\/vivasan-gels-p-c-28-samazina-tusku\/#breadcrumb","itemListElement":[{"@type":"ListItem","position":1,"name":"Home","item":"https:\/\/cosmetic.lv\/lv\/"},{"@type":"ListItem","position":2,"name":"Veikals","item":"https:\/\/cosmetic.lv\/lv\/veiklas\/"},{"@type":"ListItem","position":3,"name":"VIVASAN GELS P.C. 28 samazina t\u016bsku"}]},{"@type":"WebSite","@id":"https:\/\/cosmetic.lv\/lv\/#website","url":"https:\/\/cosmetic.lv\/lv\/","name":"cosmetic.lv","description":"Profesion\u0101la kosm\u0113tika - Maria Galland, Keune, Arkadija, GMT, Guam, Magiray","publisher":{"@id":"https:\/\/cosmetic.lv\/lv\/#organization"},"potentialAction":[{"@type":"SearchAction","target":{"@type":"EntryPoint","urlTemplate":"https:\/\/cosmetic.lv\/lv\/?s={search_term_string}"},"query-input":{"@type":"PropertyValueSpecification","valueRequired":true,"valueName":"search_term_string"}}],"inLanguage":"lv-LV"},{"@type":"Organization","@id":"https:\/\/cosmetic.lv\/lv\/#organization","name":"COSMETIC.LV","url":"https:\/\/cosmetic.lv\/lv\/","logo":{"@type":"ImageObject","inLanguage":"lv-LV","@id":"https:\/\/cosmetic.lv\/lv\/#\/schema\/logo\/image\/","url":"https:\/\/cosmetic.lv\/wp-content\/uploads\/2021\/02\/cosmetic.lv_logo.jpg","contentUrl":"https:\/\/cosmetic.lv\/wp-content\/uploads\/2021\/02\/cosmetic.lv_logo.jpg","width":596,"height":196,"caption":"COSMETIC.LV"},"image":{"@id":"https:\/\/cosmetic.lv\/lv\/#\/schema\/logo\/image\/"},"sameAs":["https:\/\/www.facebook.com\/cosmetic.lv\/"]}]},"product_price_amount":"31.79","product_price_currency":"EUR","og_availability":"instock","product_availability":"instock","product_retailer_item_id":"P28","product_condition":"new"},"_links":{"self":[{"href":"https:\/\/cosmetic.lv\/lv\/wp-json\/wp\/v2\/product\/34242","targetHints":{"allow":["GET"]}}],"collection":[{"href":"https:\/\/cosmetic.lv\/lv\/wp-json\/wp\/v2\/product"}],"about":[{"href":"https:\/\/cosmetic.lv\/lv\/wp-json\/wp\/v2\/types\/product"}],"wp:featuredmedia":[{"embeddable":true,"href":"https:\/\/cosmetic.lv\/lv\/wp-json\/wp\/v2\/media\/16127"}],"wp:attachment":[{"href":"https:\/\/cosmetic.lv\/lv\/wp-json\/wp\/v2\/media?parent=34242"}],"wp:term":[{"taxonomy":"product_brand","embeddable":true,"href":"https:\/\/cosmetic.lv\/lv\/wp-json\/wp\/v2\/product_brand?post=34242"},{"taxonomy":"product_cat","embeddable":true,"href":"https:\/\/cosmetic.lv\/lv\/wp-json\/wp\/v2\/product_cat?post=34242"},{"taxonomy":"product_tag","embeddable":true,"href":"https:\/\/cosmetic.lv\/lv\/wp-json\/wp\/v2\/product_tag?post=34242"}],"curies":[{"name":"wp","href":"https:\/\/api.w.org\/{rel}","templated":true}]}}