{"id":34243,"date":"2021-02-05T22:40:05","date_gmt":"2021-02-06T17:50:19","guid":{"rendered":"https:\/\/damme.lv\/product\/vivasan-krems-timians\/"},"modified":"2021-02-06T19:50:24","modified_gmt":"2021-02-06T17:50:24","slug":"vivasan-krems-timians","status":"publish","type":"product","link":"https:\/\/cosmetic.lv\/lv\/product\/vivasan-krems-timians\/","title":{"rendered":"VIVASAN Kr\u0113ms Timi\u0101ns"},"content":{"rendered":"<p><P>&nbsp;Timi\u0101ns kr\u0113ms, saglab\u0101jot visas \u012bpa\u0161\u012bbas timi\u0101ns. Kr\u0113jums akt\u012bvajiem komponentiem ir \u0113terisk\u0101s e\u013c\u013cas timi\u0101na, eikalipta, kalnu priedes, purvs prie\u017eu, rozmar\u012bna, citronu, kampars, romie\u0161u kumel\u012btes, sojas e\u013c\u013ca, saldo mande\u013cu ekstrakts, sudrabegles.&nbsp;<BR>&nbsp;<BR>&nbsp;<BR>\u0112terisk\u0101 e\u013c\u013ca citrona &#8211; balina tum\u0161os plankumus, nov\u0113rst asinsvadu modeli.&nbsp;<BR>Kumel\u012b\u0161u \u0113terisk\u0101 e\u013c\u013ca &#8211; akt\u012bva pretiekaisuma un antiseptiska. Atrodams kumel\u012b\u0161u Azulene ir uz \u0101das dz\u012b\u0161anu, anti-aler\u0123iskas efekts. <BR>Saldo mande\u013cu, bag\u0101ts nav \u017e\u0101v\u0113\u0161anas tauksk\u0101bju e\u013c\u013cas, un fermentu emulsinom, B2 vitam\u012bna, olbaltumvielas, miecvielas, cukurs un smaganu efekt\u012bvi baro, m\u012bkstina un mitrina \u0101du, pa\u0101trinot dz\u012b\u0161anas procesu nelielu plaisu un samazin\u0101\u0161anu, un aizsarg\u0101 to no apk\u0101rt\u0113j\u0101s vides apdraud\u0113jumu. <BR>Sojas e\u013c\u013ca (sojas glic\u012bns), k\u0101 ar\u012b visi e\u013c\u013cas bag\u0101tas ar \u0113teriskaj\u0101m tauksk\u0101b\u0113m, atjauno epidermas barjeru un \u016bdens ietilp\u012bbas uz \u0101das, un pateicoties tokoferolu un fitoster\u012bniem ir re\u0123ener\u0113jo\u0161a iedarb\u012bba. <BR>Ietverts \u0161\u0137idr\u0101 paraf\u012bna kr\u0113jumu &#8211; m\u012bkstino\u0161s un mitrino\u0161s, uzlabo tvirtumu un elast\u012bbu. Nov\u0113r\u0161 nepat\u012bkamo saj\u016btu herm\u0113tiskumu un \u0101das sausumu un aizsarg\u0101 to no kait\u012bg\u0101s ietekmes uz vidi un sadz\u012bves&nbsp; Kop\u0101 ar cetearilspirts piesaista \u016bdeni, pal\u012bdzot saglab\u0101t mitrumu \u0101d\u0101. <\/P><br \/>\n<P>&nbsp;<BR>&nbsp;<BR>&nbsp;<\/P><br \/>\n<P>&nbsp;Tilpums: 100 ml <\/P><\/p>\n","protected":false},"excerpt":{"rendered":"<p>&nbsp;Timi\u0101ns kr\u0113ms, saglab\u0101jot visas \u012bpa\u0161\u012bbas timi\u0101ns. Kr\u0113jums akt\u012bvajiem komponentiem ir \u0113terisk\u0101s e\u013c\u013cas timi\u0101na, eikalipta, kalnu priedes, purvs prie\u017eu, rozmar\u012bna, citronu,<\/p>\n","protected":false},"featured_media":16130,"template":"","meta":[],"product_brand":[],"product_cat":[2200,2216,2220],"product_tag":[],"class_list":{"0":"post-34243","1":"product","2":"type-product","3":"status-publish","4":"has-post-thumbnail","6":"product_cat-skaistums-un-veseliba-lv","7":"product_cat-kermena-kopsana-lv","8":"product_cat-arstnieciski-balzami-un-kremi-lv","10":"first","11":"instock","12":"sale","13":"taxable","14":"shipping-taxable","15":"purchasable","16":"product-type-simple"},"yoast_head":"<!-- This site is optimized with the Yoast SEO Premium plugin v27.0 (Yoast SEO v27.0) - https:\/\/yoast.com\/product\/yoast-seo-premium-wordpress\/ -->\n<title>VIVASAN Kr\u0113ms Timi\u0101ns - cosmetic.lv<\/title>\n<meta name=\"robots\" content=\"index, follow, max-snippet:-1, max-image-preview:large, max-video-preview:-1\" \/>\n<link rel=\"canonical\" href=\"https:\/\/cosmetic.lv\/lv\/product\/vivasan-krems-timians\/\" \/>\n<meta property=\"og:locale\" content=\"lv_LV\" \/>\n<meta property=\"og:type\" content=\"article\" \/>\n<meta property=\"og:title\" content=\"VIVASAN Kr\u0113ms Timi\u0101ns\" \/>\n<meta property=\"og:description\" content=\"&nbsp;Timi\u0101ns kr\u0113ms, saglab\u0101jot visas \u012bpa\u0161\u012bbas timi\u0101ns. Kr\u0113jums akt\u012bvajiem komponentiem ir \u0113terisk\u0101s e\u013c\u013cas timi\u0101na, eikalipta, kalnu priedes, purvs prie\u017eu, rozmar\u012bna, citronu,\" \/>\n<meta property=\"og:url\" content=\"https:\/\/cosmetic.lv\/lv\/product\/vivasan-krems-timians\/\" \/>\n<meta property=\"og:site_name\" content=\"cosmetic.lv\" \/>\n<meta property=\"article:publisher\" content=\"https:\/\/www.facebook.com\/cosmetic.lv\/\" \/>\n<meta property=\"article:modified_time\" content=\"2021-02-06T17:50:24+00:00\" \/>\n<meta property=\"og:image\" content=\"https:\/\/cosmetic.lv\/wp-content\/uploads\/2021\/02\/krem_timjanviv-4.jpg\" \/>\n\t<meta property=\"og:image:width\" content=\"321\" \/>\n\t<meta property=\"og:image:height\" content=\"321\" \/>\n\t<meta property=\"og:image:type\" content=\"image\/jpeg\" \/>\n<meta name=\"twitter:card\" content=\"summary_large_image\" \/>\n<script type=\"application\/ld+json\" class=\"yoast-schema-graph\">{\"@context\":\"https:\/\/schema.org\",\"@graph\":[{\"@type\":\"WebPage\",\"@id\":\"https:\/\/cosmetic.lv\/lv\/product\/vivasan-krems-timians\/\",\"url\":\"https:\/\/cosmetic.lv\/lv\/product\/vivasan-krems-timians\/\",\"name\":\"VIVASAN Kr\u0113ms Timi\u0101ns - cosmetic.lv\",\"isPartOf\":{\"@id\":\"https:\/\/cosmetic.lv\/lv\/#website\"},\"primaryImageOfPage\":{\"@id\":\"https:\/\/cosmetic.lv\/lv\/product\/vivasan-krems-timians\/#primaryimage\"},\"image\":{\"@id\":\"https:\/\/cosmetic.lv\/lv\/product\/vivasan-krems-timians\/#primaryimage\"},\"thumbnailUrl\":\"https:\/\/cosmetic.lv\/wp-content\/uploads\/2021\/02\/krem_timjanviv-4.jpg\",\"datePublished\":\"2021-02-06T17:50:19+00:00\",\"dateModified\":\"2021-02-06T17:50:24+00:00\",\"breadcrumb\":{\"@id\":\"https:\/\/cosmetic.lv\/lv\/product\/vivasan-krems-timians\/#breadcrumb\"},\"inLanguage\":\"lv-LV\",\"potentialAction\":[{\"@type\":\"ReadAction\",\"target\":[\"https:\/\/cosmetic.lv\/lv\/product\/vivasan-krems-timians\/\"]}]},{\"@type\":\"ImageObject\",\"inLanguage\":\"lv-LV\",\"@id\":\"https:\/\/cosmetic.lv\/lv\/product\/vivasan-krems-timians\/#primaryimage\",\"url\":\"https:\/\/cosmetic.lv\/wp-content\/uploads\/2021\/02\/krem_timjanviv-4.jpg\",\"contentUrl\":\"https:\/\/cosmetic.lv\/wp-content\/uploads\/2021\/02\/krem_timjanviv-4.jpg\",\"width\":321,\"height\":321,\"caption\":\"krem_timjanviv.jpg\"},{\"@type\":\"BreadcrumbList\",\"@id\":\"https:\/\/cosmetic.lv\/lv\/product\/vivasan-krems-timians\/#breadcrumb\",\"itemListElement\":[{\"@type\":\"ListItem\",\"position\":1,\"name\":\"Home\",\"item\":\"https:\/\/cosmetic.lv\/lv\/\"},{\"@type\":\"ListItem\",\"position\":2,\"name\":\"Veikals\",\"item\":\"https:\/\/cosmetic.lv\/lv\/veiklas\/\"},{\"@type\":\"ListItem\",\"position\":3,\"name\":\"VIVASAN Kr\u0113ms Timi\u0101ns\"}]},{\"@type\":\"WebSite\",\"@id\":\"https:\/\/cosmetic.lv\/lv\/#website\",\"url\":\"https:\/\/cosmetic.lv\/lv\/\",\"name\":\"cosmetic.lv\",\"description\":\"Profesion\u0101la kosm\u0113tika - Maria Galland, Keune, Arkadija, GMT, Guam, Magiray\",\"publisher\":{\"@id\":\"https:\/\/cosmetic.lv\/lv\/#organization\"},\"potentialAction\":[{\"@type\":\"SearchAction\",\"target\":{\"@type\":\"EntryPoint\",\"urlTemplate\":\"https:\/\/cosmetic.lv\/lv\/?s={search_term_string}\"},\"query-input\":{\"@type\":\"PropertyValueSpecification\",\"valueRequired\":true,\"valueName\":\"search_term_string\"}}],\"inLanguage\":\"lv-LV\"},{\"@type\":\"Organization\",\"@id\":\"https:\/\/cosmetic.lv\/lv\/#organization\",\"name\":\"COSMETIC.LV\",\"url\":\"https:\/\/cosmetic.lv\/lv\/\",\"logo\":{\"@type\":\"ImageObject\",\"inLanguage\":\"lv-LV\",\"@id\":\"https:\/\/cosmetic.lv\/lv\/#\/schema\/logo\/image\/\",\"url\":\"https:\/\/cosmetic.lv\/wp-content\/uploads\/2021\/02\/cosmetic.lv_logo.jpg\",\"contentUrl\":\"https:\/\/cosmetic.lv\/wp-content\/uploads\/2021\/02\/cosmetic.lv_logo.jpg\",\"width\":596,\"height\":196,\"caption\":\"COSMETIC.LV\"},\"image\":{\"@id\":\"https:\/\/cosmetic.lv\/lv\/#\/schema\/logo\/image\/\"},\"sameAs\":[\"https:\/\/www.facebook.com\/cosmetic.lv\/\"]}]}<\/script>\n<meta property=\"product:price:amount\" content=\"22.21\" \/>\n<meta property=\"product:price:currency\" content=\"EUR\" \/>\n<meta property=\"og:availability\" content=\"instock\" \/>\n<meta property=\"product:availability\" content=\"instock\" \/>\n<meta property=\"product:retailer_item_id\" content=\"tjm\" \/>\n<meta property=\"product:condition\" content=\"new\" \/>\n<!-- \/ Yoast SEO Premium plugin. -->","yoast_head_json":{"title":"VIVASAN Kr\u0113ms Timi\u0101ns - cosmetic.lv","robots":{"index":"index","follow":"follow","max-snippet":"max-snippet:-1","max-image-preview":"max-image-preview:large","max-video-preview":"max-video-preview:-1"},"canonical":"https:\/\/cosmetic.lv\/lv\/product\/vivasan-krems-timians\/","og_locale":"lv_LV","og_type":"article","og_title":"VIVASAN Kr\u0113ms Timi\u0101ns","og_description":"&nbsp;Timi\u0101ns kr\u0113ms, saglab\u0101jot visas \u012bpa\u0161\u012bbas timi\u0101ns. Kr\u0113jums akt\u012bvajiem komponentiem ir \u0113terisk\u0101s e\u013c\u013cas timi\u0101na, eikalipta, kalnu priedes, purvs prie\u017eu, rozmar\u012bna, citronu,","og_url":"https:\/\/cosmetic.lv\/lv\/product\/vivasan-krems-timians\/","og_site_name":"cosmetic.lv","article_publisher":"https:\/\/www.facebook.com\/cosmetic.lv\/","article_modified_time":"2021-02-06T17:50:24+00:00","og_image":[{"width":321,"height":321,"url":"https:\/\/cosmetic.lv\/wp-content\/uploads\/2021\/02\/krem_timjanviv-4.jpg","type":"image\/jpeg"}],"twitter_card":"summary_large_image","schema":{"@context":"https:\/\/schema.org","@graph":[{"@type":"WebPage","@id":"https:\/\/cosmetic.lv\/lv\/product\/vivasan-krems-timians\/","url":"https:\/\/cosmetic.lv\/lv\/product\/vivasan-krems-timians\/","name":"VIVASAN Kr\u0113ms Timi\u0101ns - cosmetic.lv","isPartOf":{"@id":"https:\/\/cosmetic.lv\/lv\/#website"},"primaryImageOfPage":{"@id":"https:\/\/cosmetic.lv\/lv\/product\/vivasan-krems-timians\/#primaryimage"},"image":{"@id":"https:\/\/cosmetic.lv\/lv\/product\/vivasan-krems-timians\/#primaryimage"},"thumbnailUrl":"https:\/\/cosmetic.lv\/wp-content\/uploads\/2021\/02\/krem_timjanviv-4.jpg","datePublished":"2021-02-06T17:50:19+00:00","dateModified":"2021-02-06T17:50:24+00:00","breadcrumb":{"@id":"https:\/\/cosmetic.lv\/lv\/product\/vivasan-krems-timians\/#breadcrumb"},"inLanguage":"lv-LV","potentialAction":[{"@type":"ReadAction","target":["https:\/\/cosmetic.lv\/lv\/product\/vivasan-krems-timians\/"]}]},{"@type":"ImageObject","inLanguage":"lv-LV","@id":"https:\/\/cosmetic.lv\/lv\/product\/vivasan-krems-timians\/#primaryimage","url":"https:\/\/cosmetic.lv\/wp-content\/uploads\/2021\/02\/krem_timjanviv-4.jpg","contentUrl":"https:\/\/cosmetic.lv\/wp-content\/uploads\/2021\/02\/krem_timjanviv-4.jpg","width":321,"height":321,"caption":"krem_timjanviv.jpg"},{"@type":"BreadcrumbList","@id":"https:\/\/cosmetic.lv\/lv\/product\/vivasan-krems-timians\/#breadcrumb","itemListElement":[{"@type":"ListItem","position":1,"name":"Home","item":"https:\/\/cosmetic.lv\/lv\/"},{"@type":"ListItem","position":2,"name":"Veikals","item":"https:\/\/cosmetic.lv\/lv\/veiklas\/"},{"@type":"ListItem","position":3,"name":"VIVASAN Kr\u0113ms Timi\u0101ns"}]},{"@type":"WebSite","@id":"https:\/\/cosmetic.lv\/lv\/#website","url":"https:\/\/cosmetic.lv\/lv\/","name":"cosmetic.lv","description":"Profesion\u0101la kosm\u0113tika - Maria Galland, Keune, Arkadija, GMT, Guam, Magiray","publisher":{"@id":"https:\/\/cosmetic.lv\/lv\/#organization"},"potentialAction":[{"@type":"SearchAction","target":{"@type":"EntryPoint","urlTemplate":"https:\/\/cosmetic.lv\/lv\/?s={search_term_string}"},"query-input":{"@type":"PropertyValueSpecification","valueRequired":true,"valueName":"search_term_string"}}],"inLanguage":"lv-LV"},{"@type":"Organization","@id":"https:\/\/cosmetic.lv\/lv\/#organization","name":"COSMETIC.LV","url":"https:\/\/cosmetic.lv\/lv\/","logo":{"@type":"ImageObject","inLanguage":"lv-LV","@id":"https:\/\/cosmetic.lv\/lv\/#\/schema\/logo\/image\/","url":"https:\/\/cosmetic.lv\/wp-content\/uploads\/2021\/02\/cosmetic.lv_logo.jpg","contentUrl":"https:\/\/cosmetic.lv\/wp-content\/uploads\/2021\/02\/cosmetic.lv_logo.jpg","width":596,"height":196,"caption":"COSMETIC.LV"},"image":{"@id":"https:\/\/cosmetic.lv\/lv\/#\/schema\/logo\/image\/"},"sameAs":["https:\/\/www.facebook.com\/cosmetic.lv\/"]}]},"product_price_amount":"22.21","product_price_currency":"EUR","og_availability":"instock","product_availability":"instock","product_retailer_item_id":"tjm","product_condition":"new"},"_links":{"self":[{"href":"https:\/\/cosmetic.lv\/lv\/wp-json\/wp\/v2\/product\/34243","targetHints":{"allow":["GET"]}}],"collection":[{"href":"https:\/\/cosmetic.lv\/lv\/wp-json\/wp\/v2\/product"}],"about":[{"href":"https:\/\/cosmetic.lv\/lv\/wp-json\/wp\/v2\/types\/product"}],"wp:featuredmedia":[{"embeddable":true,"href":"https:\/\/cosmetic.lv\/lv\/wp-json\/wp\/v2\/media\/16130"}],"wp:attachment":[{"href":"https:\/\/cosmetic.lv\/lv\/wp-json\/wp\/v2\/media?parent=34243"}],"wp:term":[{"taxonomy":"product_brand","embeddable":true,"href":"https:\/\/cosmetic.lv\/lv\/wp-json\/wp\/v2\/product_brand?post=34243"},{"taxonomy":"product_cat","embeddable":true,"href":"https:\/\/cosmetic.lv\/lv\/wp-json\/wp\/v2\/product_cat?post=34243"},{"taxonomy":"product_tag","embeddable":true,"href":"https:\/\/cosmetic.lv\/lv\/wp-json\/wp\/v2\/product_tag?post=34243"}],"curies":[{"name":"wp","href":"https:\/\/api.w.org\/{rel}","templated":true}]}}