{"id":34244,"date":"2021-02-05T22:40:15","date_gmt":"2021-02-06T17:50:26","guid":{"rendered":"https:\/\/damme.lv\/product\/vivasan-kadika-krems-dezinficejosa-iedarbiba-uz-elposanas-sistemu\/"},"modified":"2021-02-06T19:50:26","modified_gmt":"2021-02-06T17:50:26","slug":"vivasan-kadika-krems-dezinficejosa-iedarbiba-uz-elposanas-sistemu","status":"publish","type":"product","link":"https:\/\/cosmetic.lv\/lv\/product\/vivasan-kadika-krems-dezinficejosa-iedarbiba-uz-elposanas-sistemu\/","title":{"rendered":"VIVASAN Kadi\u0137a kr\u0113ms dezinfic\u0113jo\u0161a iedarb\u012bba uz elpo\u0161anas sist\u0113mu"},"content":{"rendered":"<p><P>Dabas th kr\u0113ms ar \u0113teriskaj\u0101m e\u013c\u013c\u0101m kadi\u0137a, kalnu priedes, eikalipta, ciprese. <BR>&nbsp;<\/P><br \/>\n<P>Akt\u012bv\u0101s sast\u0101vda\u013cas no kr\u0113juma ir \u0113terisk\u0101s e\u013c\u013cas kadi\u0137a, kalnu priedes, eikalipta, ciprese, sojas e\u013c\u013ca, metilnikotinat, \u0161\u0137idrais paraf\u012bns.&nbsp;<BR>\u0112terisk\u0101 e\u013c\u013ca kadi\u0137u ar atvasin\u0101jums vitam\u012bna B3 metilnikotinatom papla\u0161ina asinsvadus, uzlabo asinsriti un pa\u0101trin\u0101t vielmai\u0146u. Sakar\u0101 ar \u0161\u012bm sek\u0101m kr\u0113ms rada saj\u016btu siltumu. S\u0101kotn\u0113jais sast\u0101vs kr\u0113ma nodro\u0161ina t\u0101 \u0101tru penetr\u0101ciju. Kr\u0113ms ir dezinfic\u0113jo\u0161a iedarb\u012bba uz elpo\u0161anas sist\u0113mu.&nbsp;<BR>Sakar\u0101 ar kl\u0101tb\u016btni \u0113terisko e\u013c\u013cu skujkoku: priedes, eikalipta, ciprese pal\u012bdz ar klepu, \u0431\u0440\u043e\u043d\u0445\u0438\u0442\u0435 \u043a\u0443\u0440\u0438\u043b\u044c\u0449\u0438\u043a\u043e\u0432. bronh\u012bts sm\u0113\u0137\u0113t\u0101ji.&nbsp; Ir t\u012br\u012b\u0161anas ietekme uz visu \u0137ermeni, stiprina im\u016bnsist\u0113mu, mazina spriedzi un nogurumu.&nbsp;<BR>Sojas e\u013c\u013ca (sojas glic\u012bns) &#8211; t\u0101pat k\u0101 visi e\u013c\u013c\u0101m bag\u0101ti ar \u0113teriskaj\u0101m tauksk\u0101b\u0113m, atjauno epidermas barjeru un \u016bdens ietilp\u012bbas uz \u0101das, un pateicoties tokoferolu un fitoster\u012bniem ir sp\u0113c\u012bga atjaunojo\u0161a iedarb\u012bba.&nbsp;<BR>Ietverts \u0161\u0137idr\u0101 paraf\u012bna kr\u0113jumu &#8211; m\u012bkstino\u0161s un mitrino\u0161s, uzlabo tvirtumu un elast\u012bbu.&nbsp; Nov\u0113r\u0161 nepat\u012bkamo saj\u016btu herm\u0113tiskumu un \u0101das sausumu un aizsarg\u0101 to no kait\u012bg\u0101s ietekmes uz vidi un sadz\u012bves \u0137imik\u0101lijas. Kop\u0101 ar cetearilspirts piesaista \u016bdeni, pal\u012bdzot saglab\u0101t mitrumu \u0101d\u0101.&nbsp;<BR>To var ar\u012b izmantot, nevis kr\u0113ms k\u0101j\u0101m, jo t\u0101 ir prets\u0113n\u012b\u0161u aktivit\u0101te, stimul\u0113 cirkul\u0101ciju nov\u0113r\u0161 sindromu &quot;auksti k\u0101j\u0101m.&quot; <\/P><br \/>\n<P>&nbsp;<BR>&nbsp;<BR>&nbsp;<BR>Nav ieteicams kr\u0113mu gr\u016btniec\u012bbas laik\u0101, v\u0113\u017ea \u0137\u012bmijterapija, paaugstin\u0101ta jut\u012bba kadi\u0137is. Nieru slim\u012bbas ak\u016bt\u0101 f\u0101z\u0113 nav ieteicams kr\u0113mu uz j\u016bsu zem\u0101ks atpaka\u013c. <BR>&nbsp;<\/P><br \/>\n<P>&nbsp;<\/P><br \/>\n<P><BR>Tilpums: 100 ml&nbsp;<BR><\/P><\/p>\n","protected":false},"excerpt":{"rendered":"<p>Dabas th kr\u0113ms ar \u0113teriskaj\u0101m e\u013c\u013c\u0101m kadi\u0137a, kalnu priedes, eikalipta, ciprese. &nbsp; Akt\u012bv\u0101s sast\u0101vda\u013cas no kr\u0113juma ir \u0113terisk\u0101s e\u013c\u013cas kadi\u0137a,<\/p>\n","protected":false},"featured_media":16133,"template":"","meta":[],"product_brand":[],"product_cat":[2200,2216,2220],"product_tag":[],"class_list":{"0":"post-34244","1":"product","2":"type-product","3":"status-publish","4":"has-post-thumbnail","6":"product_cat-skaistums-un-veseliba-lv","7":"product_cat-kermena-kopsana-lv","8":"product_cat-arstnieciski-balzami-un-kremi-lv","10":"first","11":"instock","12":"sale","13":"taxable","14":"shipping-taxable","15":"purchasable","16":"product-type-simple"},"yoast_head":"<!-- This site is optimized with the Yoast SEO Premium plugin v27.0 (Yoast SEO v27.0) - https:\/\/yoast.com\/product\/yoast-seo-premium-wordpress\/ -->\n<title>VIVASAN Kadi\u0137a kr\u0113ms dezinfic\u0113jo\u0161a iedarb\u012bba uz elpo\u0161anas sist\u0113mu - cosmetic.lv<\/title>\n<meta name=\"robots\" content=\"index, follow, max-snippet:-1, max-image-preview:large, max-video-preview:-1\" \/>\n<link rel=\"canonical\" href=\"https:\/\/cosmetic.lv\/lv\/product\/vivasan-kadika-krems-dezinficejosa-iedarbiba-uz-elposanas-sistemu\/\" \/>\n<meta property=\"og:locale\" content=\"lv_LV\" \/>\n<meta property=\"og:type\" content=\"article\" \/>\n<meta property=\"og:title\" content=\"VIVASAN Kadi\u0137a kr\u0113ms dezinfic\u0113jo\u0161a iedarb\u012bba uz elpo\u0161anas sist\u0113mu\" \/>\n<meta property=\"og:description\" content=\"Dabas th kr\u0113ms ar \u0113teriskaj\u0101m e\u013c\u013c\u0101m kadi\u0137a, kalnu priedes, eikalipta, ciprese. &nbsp; Akt\u012bv\u0101s sast\u0101vda\u013cas no kr\u0113juma ir \u0113terisk\u0101s e\u013c\u013cas kadi\u0137a,\" \/>\n<meta property=\"og:url\" content=\"https:\/\/cosmetic.lv\/lv\/product\/vivasan-kadika-krems-dezinficejosa-iedarbiba-uz-elposanas-sistemu\/\" \/>\n<meta property=\"og:site_name\" content=\"cosmetic.lv\" \/>\n<meta property=\"article:publisher\" content=\"https:\/\/www.facebook.com\/cosmetic.lv\/\" \/>\n<meta property=\"og:image\" content=\"https:\/\/cosmetic.lv\/wp-content\/uploads\/2021\/02\/krem_mozhzhevelnikviv-4.jpg\" \/>\n\t<meta property=\"og:image:width\" content=\"310\" \/>\n\t<meta property=\"og:image:height\" content=\"310\" \/>\n\t<meta property=\"og:image:type\" content=\"image\/jpeg\" \/>\n<meta name=\"twitter:card\" content=\"summary_large_image\" \/>\n<script type=\"application\/ld+json\" class=\"yoast-schema-graph\">{\"@context\":\"https:\/\/schema.org\",\"@graph\":[{\"@type\":\"WebPage\",\"@id\":\"https:\/\/cosmetic.lv\/lv\/product\/vivasan-kadika-krems-dezinficejosa-iedarbiba-uz-elposanas-sistemu\/\",\"url\":\"https:\/\/cosmetic.lv\/lv\/product\/vivasan-kadika-krems-dezinficejosa-iedarbiba-uz-elposanas-sistemu\/\",\"name\":\"VIVASAN Kadi\u0137a kr\u0113ms dezinfic\u0113jo\u0161a iedarb\u012bba uz elpo\u0161anas sist\u0113mu - cosmetic.lv\",\"isPartOf\":{\"@id\":\"https:\/\/cosmetic.lv\/lv\/#website\"},\"primaryImageOfPage\":{\"@id\":\"https:\/\/cosmetic.lv\/lv\/product\/vivasan-kadika-krems-dezinficejosa-iedarbiba-uz-elposanas-sistemu\/#primaryimage\"},\"image\":{\"@id\":\"https:\/\/cosmetic.lv\/lv\/product\/vivasan-kadika-krems-dezinficejosa-iedarbiba-uz-elposanas-sistemu\/#primaryimage\"},\"thumbnailUrl\":\"https:\/\/cosmetic.lv\/wp-content\/uploads\/2021\/02\/krem_mozhzhevelnikviv-4.jpg\",\"datePublished\":\"2021-02-06T17:50:26+00:00\",\"breadcrumb\":{\"@id\":\"https:\/\/cosmetic.lv\/lv\/product\/vivasan-kadika-krems-dezinficejosa-iedarbiba-uz-elposanas-sistemu\/#breadcrumb\"},\"inLanguage\":\"lv-LV\",\"potentialAction\":[{\"@type\":\"ReadAction\",\"target\":[\"https:\/\/cosmetic.lv\/lv\/product\/vivasan-kadika-krems-dezinficejosa-iedarbiba-uz-elposanas-sistemu\/\"]}]},{\"@type\":\"ImageObject\",\"inLanguage\":\"lv-LV\",\"@id\":\"https:\/\/cosmetic.lv\/lv\/product\/vivasan-kadika-krems-dezinficejosa-iedarbiba-uz-elposanas-sistemu\/#primaryimage\",\"url\":\"https:\/\/cosmetic.lv\/wp-content\/uploads\/2021\/02\/krem_mozhzhevelnikviv-4.jpg\",\"contentUrl\":\"https:\/\/cosmetic.lv\/wp-content\/uploads\/2021\/02\/krem_mozhzhevelnikviv-4.jpg\",\"width\":310,\"height\":310,\"caption\":\"krem_mozhzhevelnikviv.jpg\"},{\"@type\":\"BreadcrumbList\",\"@id\":\"https:\/\/cosmetic.lv\/lv\/product\/vivasan-kadika-krems-dezinficejosa-iedarbiba-uz-elposanas-sistemu\/#breadcrumb\",\"itemListElement\":[{\"@type\":\"ListItem\",\"position\":1,\"name\":\"Home\",\"item\":\"https:\/\/cosmetic.lv\/lv\/\"},{\"@type\":\"ListItem\",\"position\":2,\"name\":\"Veikals\",\"item\":\"https:\/\/cosmetic.lv\/lv\/veiklas\/\"},{\"@type\":\"ListItem\",\"position\":3,\"name\":\"VIVASAN Kadi\u0137a kr\u0113ms dezinfic\u0113jo\u0161a iedarb\u012bba uz elpo\u0161anas sist\u0113mu\"}]},{\"@type\":\"WebSite\",\"@id\":\"https:\/\/cosmetic.lv\/lv\/#website\",\"url\":\"https:\/\/cosmetic.lv\/lv\/\",\"name\":\"cosmetic.lv\",\"description\":\"Profesion\u0101la kosm\u0113tika - Maria Galland, Keune, Arkadija, GMT, Guam, Magiray\",\"publisher\":{\"@id\":\"https:\/\/cosmetic.lv\/lv\/#organization\"},\"potentialAction\":[{\"@type\":\"SearchAction\",\"target\":{\"@type\":\"EntryPoint\",\"urlTemplate\":\"https:\/\/cosmetic.lv\/lv\/?s={search_term_string}\"},\"query-input\":{\"@type\":\"PropertyValueSpecification\",\"valueRequired\":true,\"valueName\":\"search_term_string\"}}],\"inLanguage\":\"lv-LV\"},{\"@type\":\"Organization\",\"@id\":\"https:\/\/cosmetic.lv\/lv\/#organization\",\"name\":\"COSMETIC.LV\",\"url\":\"https:\/\/cosmetic.lv\/lv\/\",\"logo\":{\"@type\":\"ImageObject\",\"inLanguage\":\"lv-LV\",\"@id\":\"https:\/\/cosmetic.lv\/lv\/#\/schema\/logo\/image\/\",\"url\":\"https:\/\/cosmetic.lv\/wp-content\/uploads\/2021\/02\/cosmetic.lv_logo.jpg\",\"contentUrl\":\"https:\/\/cosmetic.lv\/wp-content\/uploads\/2021\/02\/cosmetic.lv_logo.jpg\",\"width\":596,\"height\":196,\"caption\":\"COSMETIC.LV\"},\"image\":{\"@id\":\"https:\/\/cosmetic.lv\/lv\/#\/schema\/logo\/image\/\"},\"sameAs\":[\"https:\/\/www.facebook.com\/cosmetic.lv\/\"]}]}<\/script>\n<meta property=\"product:price:amount\" content=\"26.02\" \/>\n<meta property=\"product:price:currency\" content=\"EUR\" \/>\n<meta property=\"og:availability\" content=\"instock\" \/>\n<meta property=\"product:availability\" content=\"instock\" \/>\n<meta property=\"product:retailer_item_id\" content=\"moz\" \/>\n<meta property=\"product:condition\" content=\"new\" \/>\n<!-- \/ Yoast SEO Premium plugin. -->","yoast_head_json":{"title":"VIVASAN Kadi\u0137a kr\u0113ms dezinfic\u0113jo\u0161a iedarb\u012bba uz elpo\u0161anas sist\u0113mu - cosmetic.lv","robots":{"index":"index","follow":"follow","max-snippet":"max-snippet:-1","max-image-preview":"max-image-preview:large","max-video-preview":"max-video-preview:-1"},"canonical":"https:\/\/cosmetic.lv\/lv\/product\/vivasan-kadika-krems-dezinficejosa-iedarbiba-uz-elposanas-sistemu\/","og_locale":"lv_LV","og_type":"article","og_title":"VIVASAN Kadi\u0137a kr\u0113ms dezinfic\u0113jo\u0161a iedarb\u012bba uz elpo\u0161anas sist\u0113mu","og_description":"Dabas th kr\u0113ms ar \u0113teriskaj\u0101m e\u013c\u013c\u0101m kadi\u0137a, kalnu priedes, eikalipta, ciprese. &nbsp; Akt\u012bv\u0101s sast\u0101vda\u013cas no kr\u0113juma ir \u0113terisk\u0101s e\u013c\u013cas kadi\u0137a,","og_url":"https:\/\/cosmetic.lv\/lv\/product\/vivasan-kadika-krems-dezinficejosa-iedarbiba-uz-elposanas-sistemu\/","og_site_name":"cosmetic.lv","article_publisher":"https:\/\/www.facebook.com\/cosmetic.lv\/","og_image":[{"width":310,"height":310,"url":"https:\/\/cosmetic.lv\/wp-content\/uploads\/2021\/02\/krem_mozhzhevelnikviv-4.jpg","type":"image\/jpeg"}],"twitter_card":"summary_large_image","schema":{"@context":"https:\/\/schema.org","@graph":[{"@type":"WebPage","@id":"https:\/\/cosmetic.lv\/lv\/product\/vivasan-kadika-krems-dezinficejosa-iedarbiba-uz-elposanas-sistemu\/","url":"https:\/\/cosmetic.lv\/lv\/product\/vivasan-kadika-krems-dezinficejosa-iedarbiba-uz-elposanas-sistemu\/","name":"VIVASAN Kadi\u0137a kr\u0113ms dezinfic\u0113jo\u0161a iedarb\u012bba uz elpo\u0161anas sist\u0113mu - cosmetic.lv","isPartOf":{"@id":"https:\/\/cosmetic.lv\/lv\/#website"},"primaryImageOfPage":{"@id":"https:\/\/cosmetic.lv\/lv\/product\/vivasan-kadika-krems-dezinficejosa-iedarbiba-uz-elposanas-sistemu\/#primaryimage"},"image":{"@id":"https:\/\/cosmetic.lv\/lv\/product\/vivasan-kadika-krems-dezinficejosa-iedarbiba-uz-elposanas-sistemu\/#primaryimage"},"thumbnailUrl":"https:\/\/cosmetic.lv\/wp-content\/uploads\/2021\/02\/krem_mozhzhevelnikviv-4.jpg","datePublished":"2021-02-06T17:50:26+00:00","breadcrumb":{"@id":"https:\/\/cosmetic.lv\/lv\/product\/vivasan-kadika-krems-dezinficejosa-iedarbiba-uz-elposanas-sistemu\/#breadcrumb"},"inLanguage":"lv-LV","potentialAction":[{"@type":"ReadAction","target":["https:\/\/cosmetic.lv\/lv\/product\/vivasan-kadika-krems-dezinficejosa-iedarbiba-uz-elposanas-sistemu\/"]}]},{"@type":"ImageObject","inLanguage":"lv-LV","@id":"https:\/\/cosmetic.lv\/lv\/product\/vivasan-kadika-krems-dezinficejosa-iedarbiba-uz-elposanas-sistemu\/#primaryimage","url":"https:\/\/cosmetic.lv\/wp-content\/uploads\/2021\/02\/krem_mozhzhevelnikviv-4.jpg","contentUrl":"https:\/\/cosmetic.lv\/wp-content\/uploads\/2021\/02\/krem_mozhzhevelnikviv-4.jpg","width":310,"height":310,"caption":"krem_mozhzhevelnikviv.jpg"},{"@type":"BreadcrumbList","@id":"https:\/\/cosmetic.lv\/lv\/product\/vivasan-kadika-krems-dezinficejosa-iedarbiba-uz-elposanas-sistemu\/#breadcrumb","itemListElement":[{"@type":"ListItem","position":1,"name":"Home","item":"https:\/\/cosmetic.lv\/lv\/"},{"@type":"ListItem","position":2,"name":"Veikals","item":"https:\/\/cosmetic.lv\/lv\/veiklas\/"},{"@type":"ListItem","position":3,"name":"VIVASAN Kadi\u0137a kr\u0113ms dezinfic\u0113jo\u0161a iedarb\u012bba uz elpo\u0161anas sist\u0113mu"}]},{"@type":"WebSite","@id":"https:\/\/cosmetic.lv\/lv\/#website","url":"https:\/\/cosmetic.lv\/lv\/","name":"cosmetic.lv","description":"Profesion\u0101la kosm\u0113tika - Maria Galland, Keune, Arkadija, GMT, Guam, Magiray","publisher":{"@id":"https:\/\/cosmetic.lv\/lv\/#organization"},"potentialAction":[{"@type":"SearchAction","target":{"@type":"EntryPoint","urlTemplate":"https:\/\/cosmetic.lv\/lv\/?s={search_term_string}"},"query-input":{"@type":"PropertyValueSpecification","valueRequired":true,"valueName":"search_term_string"}}],"inLanguage":"lv-LV"},{"@type":"Organization","@id":"https:\/\/cosmetic.lv\/lv\/#organization","name":"COSMETIC.LV","url":"https:\/\/cosmetic.lv\/lv\/","logo":{"@type":"ImageObject","inLanguage":"lv-LV","@id":"https:\/\/cosmetic.lv\/lv\/#\/schema\/logo\/image\/","url":"https:\/\/cosmetic.lv\/wp-content\/uploads\/2021\/02\/cosmetic.lv_logo.jpg","contentUrl":"https:\/\/cosmetic.lv\/wp-content\/uploads\/2021\/02\/cosmetic.lv_logo.jpg","width":596,"height":196,"caption":"COSMETIC.LV"},"image":{"@id":"https:\/\/cosmetic.lv\/lv\/#\/schema\/logo\/image\/"},"sameAs":["https:\/\/www.facebook.com\/cosmetic.lv\/"]}]},"product_price_amount":"26.02","product_price_currency":"EUR","og_availability":"instock","product_availability":"instock","product_retailer_item_id":"moz","product_condition":"new"},"_links":{"self":[{"href":"https:\/\/cosmetic.lv\/lv\/wp-json\/wp\/v2\/product\/34244","targetHints":{"allow":["GET"]}}],"collection":[{"href":"https:\/\/cosmetic.lv\/lv\/wp-json\/wp\/v2\/product"}],"about":[{"href":"https:\/\/cosmetic.lv\/lv\/wp-json\/wp\/v2\/types\/product"}],"wp:featuredmedia":[{"embeddable":true,"href":"https:\/\/cosmetic.lv\/lv\/wp-json\/wp\/v2\/media\/16133"}],"wp:attachment":[{"href":"https:\/\/cosmetic.lv\/lv\/wp-json\/wp\/v2\/media?parent=34244"}],"wp:term":[{"taxonomy":"product_brand","embeddable":true,"href":"https:\/\/cosmetic.lv\/lv\/wp-json\/wp\/v2\/product_brand?post=34244"},{"taxonomy":"product_cat","embeddable":true,"href":"https:\/\/cosmetic.lv\/lv\/wp-json\/wp\/v2\/product_cat?post=34244"},{"taxonomy":"product_tag","embeddable":true,"href":"https:\/\/cosmetic.lv\/lv\/wp-json\/wp\/v2\/product_tag?post=34244"}],"curies":[{"name":"wp","href":"https:\/\/api.w.org\/{rel}","templated":true}]}}