{"id":34246,"date":"2021-02-05T22:40:15","date_gmt":"2021-02-06T17:50:26","guid":{"rendered":"https:\/\/damme.lv\/product\/vivasan-krems-viva-aktivs-zaku-ekstrakts-problematiskai-adai\/"},"modified":"2021-02-06T19:50:27","modified_gmt":"2021-02-06T17:50:27","slug":"vivasan-krems-viva-aktivs-zaku-ekstrakts-problematiskai-adai","status":"publish","type":"product","link":"https:\/\/cosmetic.lv\/lv\/product\/vivasan-krems-viva-aktivs-zaku-ekstrakts-problematiskai-adai\/","title":{"rendered":"VIVASAN Kr\u0113ms Viva akt\u012bvs z\u0101\u0137u ekstrakts probl\u0113m\u0101tiskai \u0101dai"},"content":{"rendered":"<p>Dabas kr\u0113ms ar N\u0101ves j\u016bras s\u0101li, esteru nevalstisk\u0101s e\u013c\u013c\u0101m un augu ekstraktiem problem\u0101tiskai \u0101dai.&nbsp;<BR>&nbsp;<BR>&nbsp;<BR>N\u0101ves j\u016bra &#8211; apbr\u012bnojamo dabas avots vesel\u012bbu un skaistumu. \u0100rstnieciskas \u012bpa\u0161\u012bbas miner\u0101lvielu un dub\u013ciem no N\u0101ves j\u016bras ir paz\u012bstams jau kop\u0161 B\u012bbeles laikiem. Sen\u0101s \u0112\u0123iptes karaliene Cleopatra izmanto burvju \u012bpa\u0161\u012bbas \u016bdeni no j\u016bras, lai rad\u012btu &quot;balzams skaistumu.&quot;&nbsp; N\u0101ves j\u016bras \u016bdeni, ir \u013coti bag\u0101ta ar s\u0101ls saturu &#8211; \u0161eit t\u0101 ir 10 reizes liel\u0101ks nek\u0101 jebkur\u0101 cit\u0101 \u016bdenstilp\u0113 no pasaules, un katrs litru satur l\u012bdz 30% no s\u0101\u013cu. Nav \u016bdenstilpi uz zemes, kas var\u0113tu lepoties ar tik bag\u0101tu sast\u0101vu s\u0101\u013cu. Praktiski visi \u0137\u012bmisko elementu periodisk\u0101 tabula ir sniegti N\u0101ves j\u016bras s\u0101\u013ciem.&nbsp; Augsta koncentr\u0101cija magnija, k\u0101lija, kalcija, broms, jods ir uz \u0137erme\u0146a dziedin\u0101\u0161anas un nomierino\u0161u efektu.&nbsp; Dabisk\u0101s N\u0101ves j\u016bras miner\u0101li kop\u0101 ar augu ekstraktiem dara br\u012bnumus ar \u0101du. Tie att\u012bra un baro to, toniz\u0113 un uztur\u0113t nepiecie\u0161amo mitruma l\u012bmeni, akt\u012bvi iesaist\u012bties vielmai\u0146as procesos, aizsarg\u0101 \u0101du no kait\u012bg\u0101s ietekmes uz vidi.&nbsp;<BR>VIVASAN pied\u0101v\u0101 kr\u0113jums Viva akt\u012bvus, pamatojoties uz N\u0101ves j\u016bras s\u0101\u013ciem, veiksm\u012bgi apvienojot miner\u0101lu kombin\u0101ciju, \u0113terisko e\u013c\u013cu un augu ekstraktiem.&nbsp;<BR>VIVA kr\u0113juma akt\u012bvi, sakar\u0101 ar augstu s\u0101ls saturs taj\u0101 N\u0101ves j\u016bras, ir lielisks instruments, lai pal\u012bdz\u0113tu jums atrisin\u0101t daudzas probl\u0113mas, kas saist\u012btas ar \u0101du.&nbsp; Tas nodro\u0161ina uzturu no \u0101das, mitrina to, atjaunot un papildin\u0101t rezerves \u0101d\u0101.<br \/>\n<P>&nbsp;<BR>\u0421\u0432\u043e\u0439\u0441\u0442\u0432\u0430 \u0430\u043a\u0442\u0438\u0432\u043d\u044b\u0445 \u043a\u043e\u043c\u043f\u043e\u043d\u0435\u043d\u0442\u043e\u0432: \u012apa\u0161\u012bbas akt\u012bv\u0101s sast\u0101vda\u013cas:&nbsp;<BR>Jojobas e\u013c\u013ca ir da\u017e\u0101das pretiekaisuma \u012bpa\u0161\u012bbas, kas var c\u012bn\u012bties aps\u0101rtums un \u0101das ar dermat\u012btu iekaisumu. \u0145emot normaliz\u0113jot \u012bpa\u0161\u012bbas, e\u013c\u013ca ir noder\u012bgi gan sausai un taukainai \u0101dai. <BR>Saldo mande\u013cu e\u013c\u013ca ir bag\u0101ta ar nav \u017e\u0101v\u0113\u0161anas tauksk\u0101bju e\u013c\u013cas, un fermentu emulsinom, B2 vitam\u012bna, olbaltumvielas, miecvielas, cukurs un smaganu efekt\u012bvi baro, m\u012bkstina un mitrina \u0101du, pa\u0101trinot dz\u012b\u0161anas procesu nelielu plaisu un samazin\u0101\u0161anu, un aizsarg\u0101 to no apk\u0101rt\u0113j\u0101s vides apdraud\u0113jumu. <BR>Kli\u0146\u0123er\u012b\u0161u ekstrakts ir pretiekaisuma, br\u016b\u010du dz\u012b\u0161anas, tvertne teritsidnoe r\u012bc\u012bbu; ir kapillyaroukreplyayuschim darb\u012bbu, uzlabo re\u0123ener\u0101ciju \u0101das, veicina iz\u0146em\u0161anu tauku, un p\u0113c tam aizveriet apspie\u0161anu keratinization no \u0101das. B\u016bt dabas UV filtru, kas aizsarg\u0101 \u0101du no saules apdegumiem un dziedin\u0101t tos.&nbsp;<BR>Kvie\u0161u d\u012bgstu ekstrakts ir anti-noveco\u0161an\u0101s iedarb\u012bbu, m\u012bkstina un baro jaunos \u0101das \u0161\u016bnas, satur lielu kl\u0101stu vitam\u012bnu, ir \u013coti labs problem\u0101tiskas \u0101das sejas un kakla.&nbsp;<BR>Melna v\u012btols mizas ekstrakts satur miecvielas un vielas, kas piel\u012bdzin\u0101mi salicilsk\u0101bi.&nbsp; Bakteric\u012bda, savelko\u0161a, samazina iekaisumu un \u0101das \u0161\u016bnu atjauno\u0161anos.&nbsp;<BR>Alanto\u012bns, kvie\u0161u d\u012bgstu ir izpl\u016b\u0161ana un mitrino\u0161a iedarb\u012bba uz \u0101du un ar\u012b simul\u0113 procesu br\u016b\u010du dz\u012b\u0161anu un \u0161\u016bnu atjauno\u0161anai epidermu. Vi\u0146am ir labv\u0113l\u012bga ietekme uz \u0101du ar augstu agresiju vides (v\u0113j\u0161, saule, sals, b\u016btiskas izmai\u0146as temperat\u016bras un mitruma, liel\u0101 augstum\u0101, utt.) <BR>Hialuronsk\u0101be (n\u0101trija hialuron\u0101ts) tiek uzskat\u012bta par vienu no efekt\u012bv\u0101kajiem mitrumuztur\u0113t\u0101ji, nov\u0113r\u0161 sausu \u0101du, padara to gludu un elast\u012bgu, atjaunojo\u0161a to.&nbsp; Tas ir ar\u012b \u0101das m\u012bkstin\u0101t\u0101js, saglab\u0101 savu strukt\u016bru, audu elast\u012bbu, aizsarg\u0101 pret bakt\u0113rij\u0101m, ir pretiekaisuma, re\u0123enerat\u012bvos un mitrino\u0161as \u012bpa\u0161\u012bbas. <BR>Miner\u0101le\u013c\u013ca (\u0161\u0137idrais paraf\u012bns) &#8211; m\u012bkstino\u0161s un mitrino\u0161s, uzlabo tvirtumu un elast\u012bbu.&nbsp; Nov\u0113r\u0161 nepat\u012bkamo saj\u016btu herm\u0113tiskumu un \u0101das sausumu un aizsarg\u0101 to no kait\u012bg\u0101s ietekmes uz vidi un sadz\u012bves \u0137imik\u0101lijas.&nbsp; Kop\u0101 ar propil\u0113nglikola un cetilspirts piesaista \u016bdeni, pal\u012bdzot saglab\u0101t mitrumu \u0101d\u0101. <\/P><br \/>\n<P>&nbsp;<BR>Pielietojuma jomas: <\/P><br \/>\n<P>\u2022 Probl\u0113ma \u0101das sejas &#8211; lai izmantotu k\u0101 \u200b\u200bdienas kr\u0113ms <BR>\u2022 atjauno\u0161ana ener\u0123\u0113tikas jom\u0101 &#8211; p\u0113c du\u0161as vai vannas e\u013c\u013cas kr\u0113mu visu \u0137erme\u0146a <\/P><br \/>\n<P>&nbsp;<BR>Sast\u0101vda\u013cas:&nbsp;<BR>\u016adens, N\u0101ves j\u016bras s\u0101ls, jojobas e\u013c\u013ca, saldo mande\u013cu e\u013c\u013ca, miner\u0101le\u013c\u013ca, pantenols, n\u0101trija hialuron\u0101ts, kli\u0146\u0123er\u012b\u0161u ekstrakts, kvie\u0161u d\u012bgstu ekstrakts, v\u012btola miza ekstrakts, alanto\u012bns, glicerilmonopalmit\u0101ta stear\u0101ts, PEG-100 stear\u0101ts, sorbitols, propil\u0113nglikols, kaprilik \/ Capric triglicer\u012bda , cetilspirts, myristyl myristate, stear\u012bnsk\u0101be, n\u0101trija lakt\u0101ts, ksant\u0101na sve\u0137us, dimetikons, fenoksietanols, parab\u0113nus, smar\u017eas. <BR>&nbsp;<\/P><br \/>\n<P>&nbsp;<\/P><br \/>\n<P><BR>&nbsp;Tilpums: 100 ml&nbsp;<\/P><\/p>\n","protected":false},"excerpt":{"rendered":"<p>Dabas kr\u0113ms ar N\u0101ves j\u016bras s\u0101li, esteru nevalstisk\u0101s e\u013c\u013c\u0101m un augu ekstraktiem problem\u0101tiskai \u0101dai.&nbsp;&nbsp;&nbsp;N\u0101ves j\u016bra &#8211; apbr\u012bnojamo dabas avots vesel\u012bbu<\/p>\n","protected":false},"featured_media":16137,"template":"","meta":[],"product_brand":[],"product_cat":[2200,2216,2220],"product_tag":[],"class_list":{"0":"post-34246","1":"product","2":"type-product","3":"status-publish","4":"has-post-thumbnail","6":"product_cat-skaistums-un-veseliba-lv","7":"product_cat-kermena-kopsana-lv","8":"product_cat-arstnieciski-balzami-un-kremi-lv","10":"first","11":"instock","12":"sale","13":"taxable","14":"shipping-taxable","15":"purchasable","16":"product-type-simple"},"yoast_head":"<!-- This site is optimized with the Yoast SEO Premium plugin v27.0 (Yoast SEO v27.0) - https:\/\/yoast.com\/product\/yoast-seo-premium-wordpress\/ -->\n<title>VIVASAN Kr\u0113ms Viva akt\u012bvs z\u0101\u0137u ekstrakts probl\u0113m\u0101tiskai \u0101dai - cosmetic.lv<\/title>\n<meta name=\"robots\" content=\"index, follow, max-snippet:-1, max-image-preview:large, max-video-preview:-1\" \/>\n<link rel=\"canonical\" href=\"https:\/\/cosmetic.lv\/lv\/product\/vivasan-krems-viva-aktivs-zaku-ekstrakts-problematiskai-adai\/\" \/>\n<meta property=\"og:locale\" content=\"lv_LV\" \/>\n<meta property=\"og:type\" content=\"article\" \/>\n<meta property=\"og:title\" content=\"VIVASAN Kr\u0113ms Viva akt\u012bvs z\u0101\u0137u ekstrakts probl\u0113m\u0101tiskai \u0101dai\" \/>\n<meta property=\"og:description\" content=\"Dabas kr\u0113ms ar N\u0101ves j\u016bras s\u0101li, esteru nevalstisk\u0101s e\u013c\u013c\u0101m un augu ekstraktiem problem\u0101tiskai \u0101dai.&nbsp;&nbsp;&nbsp;N\u0101ves j\u016bra &#8211; apbr\u012bnojamo dabas avots vesel\u012bbu\" \/>\n<meta property=\"og:url\" content=\"https:\/\/cosmetic.lv\/lv\/product\/vivasan-krems-viva-aktivs-zaku-ekstrakts-problematiskai-adai\/\" \/>\n<meta property=\"og:site_name\" content=\"cosmetic.lv\" \/>\n<meta property=\"article:publisher\" content=\"https:\/\/www.facebook.com\/cosmetic.lv\/\" \/>\n<meta property=\"article:modified_time\" content=\"2021-02-06T17:50:27+00:00\" \/>\n<meta property=\"og:image\" content=\"https:\/\/cosmetic.lv\/wp-content\/uploads\/2021\/02\/krem_viva_aktivviv-4.jpg\" \/>\n\t<meta property=\"og:image:width\" content=\"322\" \/>\n\t<meta property=\"og:image:height\" content=\"322\" \/>\n\t<meta property=\"og:image:type\" content=\"image\/jpeg\" \/>\n<meta name=\"twitter:card\" content=\"summary_large_image\" \/>\n<script type=\"application\/ld+json\" class=\"yoast-schema-graph\">{\"@context\":\"https:\/\/schema.org\",\"@graph\":[{\"@type\":\"WebPage\",\"@id\":\"https:\/\/cosmetic.lv\/lv\/product\/vivasan-krems-viva-aktivs-zaku-ekstrakts-problematiskai-adai\/\",\"url\":\"https:\/\/cosmetic.lv\/lv\/product\/vivasan-krems-viva-aktivs-zaku-ekstrakts-problematiskai-adai\/\",\"name\":\"VIVASAN Kr\u0113ms Viva akt\u012bvs z\u0101\u0137u ekstrakts probl\u0113m\u0101tiskai \u0101dai - cosmetic.lv\",\"isPartOf\":{\"@id\":\"https:\/\/cosmetic.lv\/lv\/#website\"},\"primaryImageOfPage\":{\"@id\":\"https:\/\/cosmetic.lv\/lv\/product\/vivasan-krems-viva-aktivs-zaku-ekstrakts-problematiskai-adai\/#primaryimage\"},\"image\":{\"@id\":\"https:\/\/cosmetic.lv\/lv\/product\/vivasan-krems-viva-aktivs-zaku-ekstrakts-problematiskai-adai\/#primaryimage\"},\"thumbnailUrl\":\"https:\/\/cosmetic.lv\/wp-content\/uploads\/2021\/02\/krem_viva_aktivviv-4.jpg\",\"datePublished\":\"2021-02-06T17:50:26+00:00\",\"dateModified\":\"2021-02-06T17:50:27+00:00\",\"breadcrumb\":{\"@id\":\"https:\/\/cosmetic.lv\/lv\/product\/vivasan-krems-viva-aktivs-zaku-ekstrakts-problematiskai-adai\/#breadcrumb\"},\"inLanguage\":\"lv-LV\",\"potentialAction\":[{\"@type\":\"ReadAction\",\"target\":[\"https:\/\/cosmetic.lv\/lv\/product\/vivasan-krems-viva-aktivs-zaku-ekstrakts-problematiskai-adai\/\"]}]},{\"@type\":\"ImageObject\",\"inLanguage\":\"lv-LV\",\"@id\":\"https:\/\/cosmetic.lv\/lv\/product\/vivasan-krems-viva-aktivs-zaku-ekstrakts-problematiskai-adai\/#primaryimage\",\"url\":\"https:\/\/cosmetic.lv\/wp-content\/uploads\/2021\/02\/krem_viva_aktivviv-4.jpg\",\"contentUrl\":\"https:\/\/cosmetic.lv\/wp-content\/uploads\/2021\/02\/krem_viva_aktivviv-4.jpg\",\"width\":322,\"height\":322,\"caption\":\"krem_viva_aktivviv.jpg\"},{\"@type\":\"BreadcrumbList\",\"@id\":\"https:\/\/cosmetic.lv\/lv\/product\/vivasan-krems-viva-aktivs-zaku-ekstrakts-problematiskai-adai\/#breadcrumb\",\"itemListElement\":[{\"@type\":\"ListItem\",\"position\":1,\"name\":\"Home\",\"item\":\"https:\/\/cosmetic.lv\/lv\/\"},{\"@type\":\"ListItem\",\"position\":2,\"name\":\"Veikals\",\"item\":\"https:\/\/cosmetic.lv\/lv\/veiklas\/\"},{\"@type\":\"ListItem\",\"position\":3,\"name\":\"VIVASAN Kr\u0113ms Viva akt\u012bvs z\u0101\u0137u ekstrakts probl\u0113m\u0101tiskai \u0101dai\"}]},{\"@type\":\"WebSite\",\"@id\":\"https:\/\/cosmetic.lv\/lv\/#website\",\"url\":\"https:\/\/cosmetic.lv\/lv\/\",\"name\":\"cosmetic.lv\",\"description\":\"Profesion\u0101la kosm\u0113tika - Maria Galland, Keune, Arkadija, GMT, Guam, Magiray\",\"publisher\":{\"@id\":\"https:\/\/cosmetic.lv\/lv\/#organization\"},\"potentialAction\":[{\"@type\":\"SearchAction\",\"target\":{\"@type\":\"EntryPoint\",\"urlTemplate\":\"https:\/\/cosmetic.lv\/lv\/?s={search_term_string}\"},\"query-input\":{\"@type\":\"PropertyValueSpecification\",\"valueRequired\":true,\"valueName\":\"search_term_string\"}}],\"inLanguage\":\"lv-LV\"},{\"@type\":\"Organization\",\"@id\":\"https:\/\/cosmetic.lv\/lv\/#organization\",\"name\":\"COSMETIC.LV\",\"url\":\"https:\/\/cosmetic.lv\/lv\/\",\"logo\":{\"@type\":\"ImageObject\",\"inLanguage\":\"lv-LV\",\"@id\":\"https:\/\/cosmetic.lv\/lv\/#\/schema\/logo\/image\/\",\"url\":\"https:\/\/cosmetic.lv\/wp-content\/uploads\/2021\/02\/cosmetic.lv_logo.jpg\",\"contentUrl\":\"https:\/\/cosmetic.lv\/wp-content\/uploads\/2021\/02\/cosmetic.lv_logo.jpg\",\"width\":596,\"height\":196,\"caption\":\"COSMETIC.LV\"},\"image\":{\"@id\":\"https:\/\/cosmetic.lv\/lv\/#\/schema\/logo\/image\/\"},\"sameAs\":[\"https:\/\/www.facebook.com\/cosmetic.lv\/\"]}]}<\/script>\n<meta property=\"product:price:amount\" content=\"12.92\" \/>\n<meta property=\"product:price:currency\" content=\"EUR\" \/>\n<meta property=\"og:availability\" content=\"instock\" \/>\n<meta property=\"product:availability\" content=\"instock\" \/>\n<meta property=\"product:retailer_item_id\" content=\"viva\" \/>\n<meta property=\"product:condition\" content=\"new\" \/>\n<!-- \/ Yoast SEO Premium plugin. -->","yoast_head_json":{"title":"VIVASAN Kr\u0113ms Viva akt\u012bvs z\u0101\u0137u ekstrakts probl\u0113m\u0101tiskai \u0101dai - cosmetic.lv","robots":{"index":"index","follow":"follow","max-snippet":"max-snippet:-1","max-image-preview":"max-image-preview:large","max-video-preview":"max-video-preview:-1"},"canonical":"https:\/\/cosmetic.lv\/lv\/product\/vivasan-krems-viva-aktivs-zaku-ekstrakts-problematiskai-adai\/","og_locale":"lv_LV","og_type":"article","og_title":"VIVASAN Kr\u0113ms Viva akt\u012bvs z\u0101\u0137u ekstrakts probl\u0113m\u0101tiskai \u0101dai","og_description":"Dabas kr\u0113ms ar N\u0101ves j\u016bras s\u0101li, esteru nevalstisk\u0101s e\u013c\u013c\u0101m un augu ekstraktiem problem\u0101tiskai \u0101dai.&nbsp;&nbsp;&nbsp;N\u0101ves j\u016bra &#8211; apbr\u012bnojamo dabas avots vesel\u012bbu","og_url":"https:\/\/cosmetic.lv\/lv\/product\/vivasan-krems-viva-aktivs-zaku-ekstrakts-problematiskai-adai\/","og_site_name":"cosmetic.lv","article_publisher":"https:\/\/www.facebook.com\/cosmetic.lv\/","article_modified_time":"2021-02-06T17:50:27+00:00","og_image":[{"width":322,"height":322,"url":"https:\/\/cosmetic.lv\/wp-content\/uploads\/2021\/02\/krem_viva_aktivviv-4.jpg","type":"image\/jpeg"}],"twitter_card":"summary_large_image","schema":{"@context":"https:\/\/schema.org","@graph":[{"@type":"WebPage","@id":"https:\/\/cosmetic.lv\/lv\/product\/vivasan-krems-viva-aktivs-zaku-ekstrakts-problematiskai-adai\/","url":"https:\/\/cosmetic.lv\/lv\/product\/vivasan-krems-viva-aktivs-zaku-ekstrakts-problematiskai-adai\/","name":"VIVASAN Kr\u0113ms Viva akt\u012bvs z\u0101\u0137u ekstrakts probl\u0113m\u0101tiskai \u0101dai - cosmetic.lv","isPartOf":{"@id":"https:\/\/cosmetic.lv\/lv\/#website"},"primaryImageOfPage":{"@id":"https:\/\/cosmetic.lv\/lv\/product\/vivasan-krems-viva-aktivs-zaku-ekstrakts-problematiskai-adai\/#primaryimage"},"image":{"@id":"https:\/\/cosmetic.lv\/lv\/product\/vivasan-krems-viva-aktivs-zaku-ekstrakts-problematiskai-adai\/#primaryimage"},"thumbnailUrl":"https:\/\/cosmetic.lv\/wp-content\/uploads\/2021\/02\/krem_viva_aktivviv-4.jpg","datePublished":"2021-02-06T17:50:26+00:00","dateModified":"2021-02-06T17:50:27+00:00","breadcrumb":{"@id":"https:\/\/cosmetic.lv\/lv\/product\/vivasan-krems-viva-aktivs-zaku-ekstrakts-problematiskai-adai\/#breadcrumb"},"inLanguage":"lv-LV","potentialAction":[{"@type":"ReadAction","target":["https:\/\/cosmetic.lv\/lv\/product\/vivasan-krems-viva-aktivs-zaku-ekstrakts-problematiskai-adai\/"]}]},{"@type":"ImageObject","inLanguage":"lv-LV","@id":"https:\/\/cosmetic.lv\/lv\/product\/vivasan-krems-viva-aktivs-zaku-ekstrakts-problematiskai-adai\/#primaryimage","url":"https:\/\/cosmetic.lv\/wp-content\/uploads\/2021\/02\/krem_viva_aktivviv-4.jpg","contentUrl":"https:\/\/cosmetic.lv\/wp-content\/uploads\/2021\/02\/krem_viva_aktivviv-4.jpg","width":322,"height":322,"caption":"krem_viva_aktivviv.jpg"},{"@type":"BreadcrumbList","@id":"https:\/\/cosmetic.lv\/lv\/product\/vivasan-krems-viva-aktivs-zaku-ekstrakts-problematiskai-adai\/#breadcrumb","itemListElement":[{"@type":"ListItem","position":1,"name":"Home","item":"https:\/\/cosmetic.lv\/lv\/"},{"@type":"ListItem","position":2,"name":"Veikals","item":"https:\/\/cosmetic.lv\/lv\/veiklas\/"},{"@type":"ListItem","position":3,"name":"VIVASAN Kr\u0113ms Viva akt\u012bvs z\u0101\u0137u ekstrakts probl\u0113m\u0101tiskai \u0101dai"}]},{"@type":"WebSite","@id":"https:\/\/cosmetic.lv\/lv\/#website","url":"https:\/\/cosmetic.lv\/lv\/","name":"cosmetic.lv","description":"Profesion\u0101la kosm\u0113tika - Maria Galland, Keune, Arkadija, GMT, Guam, Magiray","publisher":{"@id":"https:\/\/cosmetic.lv\/lv\/#organization"},"potentialAction":[{"@type":"SearchAction","target":{"@type":"EntryPoint","urlTemplate":"https:\/\/cosmetic.lv\/lv\/?s={search_term_string}"},"query-input":{"@type":"PropertyValueSpecification","valueRequired":true,"valueName":"search_term_string"}}],"inLanguage":"lv-LV"},{"@type":"Organization","@id":"https:\/\/cosmetic.lv\/lv\/#organization","name":"COSMETIC.LV","url":"https:\/\/cosmetic.lv\/lv\/","logo":{"@type":"ImageObject","inLanguage":"lv-LV","@id":"https:\/\/cosmetic.lv\/lv\/#\/schema\/logo\/image\/","url":"https:\/\/cosmetic.lv\/wp-content\/uploads\/2021\/02\/cosmetic.lv_logo.jpg","contentUrl":"https:\/\/cosmetic.lv\/wp-content\/uploads\/2021\/02\/cosmetic.lv_logo.jpg","width":596,"height":196,"caption":"COSMETIC.LV"},"image":{"@id":"https:\/\/cosmetic.lv\/lv\/#\/schema\/logo\/image\/"},"sameAs":["https:\/\/www.facebook.com\/cosmetic.lv\/"]}]},"product_price_amount":"12.92","product_price_currency":"EUR","og_availability":"instock","product_availability":"instock","product_retailer_item_id":"viva","product_condition":"new"},"_links":{"self":[{"href":"https:\/\/cosmetic.lv\/lv\/wp-json\/wp\/v2\/product\/34246","targetHints":{"allow":["GET"]}}],"collection":[{"href":"https:\/\/cosmetic.lv\/lv\/wp-json\/wp\/v2\/product"}],"about":[{"href":"https:\/\/cosmetic.lv\/lv\/wp-json\/wp\/v2\/types\/product"}],"wp:featuredmedia":[{"embeddable":true,"href":"https:\/\/cosmetic.lv\/lv\/wp-json\/wp\/v2\/media\/16137"}],"wp:attachment":[{"href":"https:\/\/cosmetic.lv\/lv\/wp-json\/wp\/v2\/media?parent=34246"}],"wp:term":[{"taxonomy":"product_brand","embeddable":true,"href":"https:\/\/cosmetic.lv\/lv\/wp-json\/wp\/v2\/product_brand?post=34246"},{"taxonomy":"product_cat","embeddable":true,"href":"https:\/\/cosmetic.lv\/lv\/wp-json\/wp\/v2\/product_cat?post=34246"},{"taxonomy":"product_tag","embeddable":true,"href":"https:\/\/cosmetic.lv\/lv\/wp-json\/wp\/v2\/product_tag?post=34246"}],"curies":[{"name":"wp","href":"https:\/\/api.w.org\/{rel}","templated":true}]}}