{"id":34248,"date":"2021-02-05T22:40:15","date_gmt":"2021-02-06T17:50:26","guid":{"rendered":"https:\/\/damme.lv\/product\/vivasan-zeleja-intimai-kermena-kopsanai\/"},"modified":"2021-02-06T19:50:29","modified_gmt":"2021-02-06T17:50:29","slug":"vivasan-zeleja-intimai-kermena-kopsanai","status":"publish","type":"product","link":"https:\/\/cosmetic.lv\/lv\/product\/vivasan-zeleja-intimai-kermena-kopsanai\/","title":{"rendered":"VIVASAN \u017deleja int\u012bmai \u0137erme\u0146a kop\u0161anai"},"content":{"rendered":"<p><P>&nbsp;\u017deleja ar ekstraktiem raganu lazda, kumel\u012btes, Hibiscus, alveju, E vitam\u012bnu ikdienas apr\u016bpi jut\u012bgu \u0101du priv\u0101to \u0137erme\u0146a da\u013c\u0101m. <BR>&nbsp;<\/P><br \/>\n<P>&nbsp;<\/P><br \/>\n<P>\u012apa\u0161\u012bbas akt\u012bv\u0101s sast\u0101vda\u013cas:&nbsp;<BR> Alveja ir avots fermentu, vitam\u012bnu un citu biolo\u0123iski akt\u012bvo vielu, piem\u0113ram, aloin, nodro\u0161ina dzied\u0113jo\u0161as, antibakteri\u0101las toniz\u0113jo\u0161u efektu uz jut\u012bgu un delik\u0101tu \u0101das int\u012bmo vietu. Alveja uzlabo asinsriti, m\u012bkstina.&nbsp; D vitam\u012bnu, A, C, E, B12, locek\u013ci alveja, dodot \u0101dai atdz\u012bvin\u0101\u0161anas svaigumu.&nbsp;<BR> Raganu lazda ir bakteric\u012bda un savelko\u0161a, liekot maino\u0161a ietekme.&nbsp;<BR> Kumel\u012b\u0161u uz \u0101das, pateicoties akt\u012bvo vielu Azulene. Azulene ir dziedin\u0101\u0161anas un antialer\u0123iska iedarb\u012bba.&nbsp; V\u0113l viens tikpat svar\u012bgs komponents kumel\u012btes ir&nbsp; Bisabols ir ar\u012b antibakteri\u0101la, pretiekaisuma un nomierino\u0161a iedarb\u012bba, no\u0146em kairin\u0101jumu.&nbsp;<BR> Zef\u012brs ekstrakts (fitokollagen) &#8211; d\u0101rze\u0146u aizst\u0101j\u0113js dz\u012bvnieku kolag\u0113na prepar\u0101tiem. Mazina kairin\u0101jumu un iekaisumu, mitrina sausu \u0101du, dzied\u0113 br\u016bces, aizsarg\u0101 \u0101du.&nbsp; Padara \u0101du gludu un z\u012bdainu. <BR>E vitam\u012bns (tokoferols, tokoferilacet\u0101ts) &#8211; uzlabo uzturs, \u0101das, stimul\u0113 asinsriti, pal\u012bdz saglab\u0101t dabisko aizsardz\u012bbas meh\u0101nismu no \u0101das. Stimul\u0113 re\u0123ener\u0101ciju un nov\u0113r\u0161 priek\u0161laic\u012bgu \u0101das noveco\u0161anu, mazina kairin\u0101jumu. Normaliz\u0113 \u0101das hidro, atg\u016b\u0161ana strukt\u016bras.&nbsp;<BR> Glikozes &#8211; viens no galvenajiem produktiem metabolisma, no biosint\u0113zes daudzu vit\u0101li vielu avots ir akt\u012bvi iesaist\u012bjusies \u016bdens s\u0101ls un og\u013chidr\u0101tu vielmai\u0146as, sniedzot ener\u0123\u0113tikas \u0161\u016bnas no \u0101das. Viegls t\u012br\u012b\u0161anas efekts bez kairino\u0161s efekts tiek pan\u0101kts ar mazg\u0101\u0161anas l\u012bdzek\u013ciem, kas ieg\u016bti no kokosriekstu e\u013c\u013cas &#8211; Cocamidopropyl beta\u012bnu koket-7, k\u0101 ar\u012b n\u0101trija laureth sulf\u0101tu, kas ir m\u012bksts p\u0101rziepjo r\u012bc\u012bbu un nevis kairina \u0101du un g\u013cot\u0101du.&nbsp;<BR> Pieteikums: <\/P><br \/>\n<P>&nbsp;Maz g\u0113ls piem\u0113rots uz attiec\u012bgo plat\u012bbu no \u0137erme\u0146a, skalot, tad noskalo ar siltu du\u0161u. M\u0113ne\u0161a laik\u0101 piem\u0113rot, ja iesp\u0113jams, p\u0113c katr\u0101m izmai\u0146\u0101m spilventi\u0146i vai tamponi. Gels ir ieteicams person\u012bgo higi\u0113nu gan sieviet\u0113m, gan v\u012brie\u0161iem. <\/P><br \/>\n<P>Sast\u0101vda\u013cas: <BR>Cocamidopropyl beta\u012bnu, n\u0101trija laureth sulf\u0101tu, laureth-8 sulf\u0101ts, tridetset-9, n\u0101trija hlor\u012bds, propil\u0113nglikols, tokoferols, Aloe Barbadensis lapu sulu, kumel\u012b\u0161u ekstrakts, hibiska ekstrakts, burvju lazdas, hidrol\u012bze. kvie\u0161u lipeklis, butil\u0113ns glikola, PEG-5 ethylhexanoate, magnija laureth sulf\u0101tu, laureth-8 sulf\u0101ts, magnija sulf\u0101ts, n\u0101trija Oleta, tokoferilacet\u0101ts, PEG-40 gidroginez. \u043a\u0430\u0441\u0442\u043e\u0440\u043e\u0432\u043e\u0435 \u043c\u0430\u0441\u043b\u043e, \u043a\u043e\u043a\u0435\u0442-7,. r\u012bcine\u013c\u013ca, koket-7, PPG-1PEG lauril glikola \u0113teris, Oleta magnija sulf\u0101ts, bisabols, glikoze, Imidazolidinyl ur\u012bnviela, metilparabenu. <BR>&nbsp;<\/P><br \/>\n<P>&nbsp;<\/P><br \/>\n<P><BR>Tilpums: 200 ml <BR><\/P><\/p>\n","protected":false},"excerpt":{"rendered":"<p>&nbsp;\u017deleja ar ekstraktiem raganu lazda, kumel\u012btes, Hibiscus, alveju, E vitam\u012bnu ikdienas apr\u016bpi jut\u012bgu \u0101du priv\u0101to \u0137erme\u0146a da\u013c\u0101m. &nbsp; &nbsp; \u012apa\u0161\u012bbas<\/p>\n","protected":false},"featured_media":9423,"template":"","meta":[],"product_brand":[],"product_cat":[2200,2216,2219],"product_tag":[],"class_list":{"0":"post-34248","1":"product","2":"type-product","3":"status-publish","4":"has-post-thumbnail","6":"product_cat-skaistums-un-veseliba-lv","7":"product_cat-kermena-kopsana-lv","8":"product_cat-intimas-vietas-lv","10":"first","11":"instock","12":"sale","13":"taxable","14":"shipping-taxable","15":"purchasable","16":"product-type-simple"},"yoast_head":"<!-- This site is optimized with the Yoast SEO Premium plugin v27.0 (Yoast SEO v27.0) - https:\/\/yoast.com\/product\/yoast-seo-premium-wordpress\/ -->\n<title>VIVASAN \u017deleja int\u012bmai \u0137erme\u0146a kop\u0161anai - cosmetic.lv<\/title>\n<meta name=\"robots\" content=\"index, follow, max-snippet:-1, max-image-preview:large, max-video-preview:-1\" \/>\n<link rel=\"canonical\" href=\"https:\/\/cosmetic.lv\/lv\/product\/vivasan-zeleja-intimai-kermena-kopsanai\/\" \/>\n<meta property=\"og:locale\" content=\"lv_LV\" \/>\n<meta property=\"og:type\" content=\"article\" \/>\n<meta property=\"og:title\" content=\"VIVASAN \u017deleja int\u012bmai \u0137erme\u0146a kop\u0161anai\" \/>\n<meta property=\"og:description\" content=\"&nbsp;\u017deleja ar ekstraktiem raganu lazda, kumel\u012btes, Hibiscus, alveju, E vitam\u012bnu ikdienas apr\u016bpi jut\u012bgu \u0101du priv\u0101to \u0137erme\u0146a da\u013c\u0101m. &nbsp; &nbsp; \u012apa\u0161\u012bbas\" \/>\n<meta property=\"og:url\" content=\"https:\/\/cosmetic.lv\/lv\/product\/vivasan-zeleja-intimai-kermena-kopsanai\/\" \/>\n<meta property=\"og:site_name\" content=\"cosmetic.lv\" \/>\n<meta property=\"article:publisher\" content=\"https:\/\/www.facebook.com\/cosmetic.lv\/\" \/>\n<meta property=\"article:modified_time\" content=\"2021-02-06T17:50:29+00:00\" \/>\n<meta property=\"og:image\" content=\"https:\/\/cosmetic.lv\/wp-content\/uploads\/2021\/02\/intimn_bigviv.jpg\" \/>\n\t<meta property=\"og:image:width\" content=\"283\" \/>\n\t<meta property=\"og:image:height\" content=\"283\" \/>\n\t<meta property=\"og:image:type\" content=\"image\/jpeg\" \/>\n<meta name=\"twitter:card\" content=\"summary_large_image\" \/>\n<script type=\"application\/ld+json\" class=\"yoast-schema-graph\">{\"@context\":\"https:\/\/schema.org\",\"@graph\":[{\"@type\":\"WebPage\",\"@id\":\"https:\/\/cosmetic.lv\/lv\/product\/vivasan-zeleja-intimai-kermena-kopsanai\/\",\"url\":\"https:\/\/cosmetic.lv\/lv\/product\/vivasan-zeleja-intimai-kermena-kopsanai\/\",\"name\":\"VIVASAN \u017deleja int\u012bmai \u0137erme\u0146a kop\u0161anai - cosmetic.lv\",\"isPartOf\":{\"@id\":\"https:\/\/cosmetic.lv\/lv\/#website\"},\"primaryImageOfPage\":{\"@id\":\"https:\/\/cosmetic.lv\/lv\/product\/vivasan-zeleja-intimai-kermena-kopsanai\/#primaryimage\"},\"image\":{\"@id\":\"https:\/\/cosmetic.lv\/lv\/product\/vivasan-zeleja-intimai-kermena-kopsanai\/#primaryimage\"},\"thumbnailUrl\":\"https:\/\/cosmetic.lv\/wp-content\/uploads\/2021\/02\/intimn_bigviv.jpg\",\"datePublished\":\"2021-02-06T17:50:26+00:00\",\"dateModified\":\"2021-02-06T17:50:29+00:00\",\"breadcrumb\":{\"@id\":\"https:\/\/cosmetic.lv\/lv\/product\/vivasan-zeleja-intimai-kermena-kopsanai\/#breadcrumb\"},\"inLanguage\":\"lv-LV\",\"potentialAction\":[{\"@type\":\"ReadAction\",\"target\":[\"https:\/\/cosmetic.lv\/lv\/product\/vivasan-zeleja-intimai-kermena-kopsanai\/\"]}]},{\"@type\":\"ImageObject\",\"inLanguage\":\"lv-LV\",\"@id\":\"https:\/\/cosmetic.lv\/lv\/product\/vivasan-zeleja-intimai-kermena-kopsanai\/#primaryimage\",\"url\":\"https:\/\/cosmetic.lv\/wp-content\/uploads\/2021\/02\/intimn_bigviv.jpg\",\"contentUrl\":\"https:\/\/cosmetic.lv\/wp-content\/uploads\/2021\/02\/intimn_bigviv.jpg\",\"width\":283,\"height\":283,\"caption\":\"intimn_bigVIV.jpg\"},{\"@type\":\"BreadcrumbList\",\"@id\":\"https:\/\/cosmetic.lv\/lv\/product\/vivasan-zeleja-intimai-kermena-kopsanai\/#breadcrumb\",\"itemListElement\":[{\"@type\":\"ListItem\",\"position\":1,\"name\":\"Home\",\"item\":\"https:\/\/cosmetic.lv\/lv\/\"},{\"@type\":\"ListItem\",\"position\":2,\"name\":\"Veikals\",\"item\":\"https:\/\/cosmetic.lv\/lv\/veiklas\/\"},{\"@type\":\"ListItem\",\"position\":3,\"name\":\"VIVASAN \u017deleja int\u012bmai \u0137erme\u0146a kop\u0161anai\"}]},{\"@type\":\"WebSite\",\"@id\":\"https:\/\/cosmetic.lv\/lv\/#website\",\"url\":\"https:\/\/cosmetic.lv\/lv\/\",\"name\":\"cosmetic.lv\",\"description\":\"Profesion\u0101la kosm\u0113tika - Maria Galland, Keune, Arkadija, GMT, Guam, Magiray\",\"publisher\":{\"@id\":\"https:\/\/cosmetic.lv\/lv\/#organization\"},\"potentialAction\":[{\"@type\":\"SearchAction\",\"target\":{\"@type\":\"EntryPoint\",\"urlTemplate\":\"https:\/\/cosmetic.lv\/lv\/?s={search_term_string}\"},\"query-input\":{\"@type\":\"PropertyValueSpecification\",\"valueRequired\":true,\"valueName\":\"search_term_string\"}}],\"inLanguage\":\"lv-LV\"},{\"@type\":\"Organization\",\"@id\":\"https:\/\/cosmetic.lv\/lv\/#organization\",\"name\":\"COSMETIC.LV\",\"url\":\"https:\/\/cosmetic.lv\/lv\/\",\"logo\":{\"@type\":\"ImageObject\",\"inLanguage\":\"lv-LV\",\"@id\":\"https:\/\/cosmetic.lv\/lv\/#\/schema\/logo\/image\/\",\"url\":\"https:\/\/cosmetic.lv\/wp-content\/uploads\/2021\/02\/cosmetic.lv_logo.jpg\",\"contentUrl\":\"https:\/\/cosmetic.lv\/wp-content\/uploads\/2021\/02\/cosmetic.lv_logo.jpg\",\"width\":596,\"height\":196,\"caption\":\"COSMETIC.LV\"},\"image\":{\"@id\":\"https:\/\/cosmetic.lv\/lv\/#\/schema\/logo\/image\/\"},\"sameAs\":[\"https:\/\/www.facebook.com\/cosmetic.lv\/\"]}]}<\/script>\n<meta property=\"product:price:amount\" content=\"18.95\" \/>\n<meta property=\"product:price:currency\" content=\"EUR\" \/>\n<meta property=\"og:availability\" content=\"instock\" \/>\n<meta property=\"product:availability\" content=\"instock\" \/>\n<meta property=\"product:retailer_item_id\" content=\"ZEL\" \/>\n<meta property=\"product:condition\" content=\"new\" \/>\n<!-- \/ Yoast SEO Premium plugin. -->","yoast_head_json":{"title":"VIVASAN \u017deleja int\u012bmai \u0137erme\u0146a kop\u0161anai - cosmetic.lv","robots":{"index":"index","follow":"follow","max-snippet":"max-snippet:-1","max-image-preview":"max-image-preview:large","max-video-preview":"max-video-preview:-1"},"canonical":"https:\/\/cosmetic.lv\/lv\/product\/vivasan-zeleja-intimai-kermena-kopsanai\/","og_locale":"lv_LV","og_type":"article","og_title":"VIVASAN \u017deleja int\u012bmai \u0137erme\u0146a kop\u0161anai","og_description":"&nbsp;\u017deleja ar ekstraktiem raganu lazda, kumel\u012btes, Hibiscus, alveju, E vitam\u012bnu ikdienas apr\u016bpi jut\u012bgu \u0101du priv\u0101to \u0137erme\u0146a da\u013c\u0101m. &nbsp; &nbsp; \u012apa\u0161\u012bbas","og_url":"https:\/\/cosmetic.lv\/lv\/product\/vivasan-zeleja-intimai-kermena-kopsanai\/","og_site_name":"cosmetic.lv","article_publisher":"https:\/\/www.facebook.com\/cosmetic.lv\/","article_modified_time":"2021-02-06T17:50:29+00:00","og_image":[{"width":283,"height":283,"url":"https:\/\/cosmetic.lv\/wp-content\/uploads\/2021\/02\/intimn_bigviv.jpg","type":"image\/jpeg"}],"twitter_card":"summary_large_image","schema":{"@context":"https:\/\/schema.org","@graph":[{"@type":"WebPage","@id":"https:\/\/cosmetic.lv\/lv\/product\/vivasan-zeleja-intimai-kermena-kopsanai\/","url":"https:\/\/cosmetic.lv\/lv\/product\/vivasan-zeleja-intimai-kermena-kopsanai\/","name":"VIVASAN \u017deleja int\u012bmai \u0137erme\u0146a kop\u0161anai - cosmetic.lv","isPartOf":{"@id":"https:\/\/cosmetic.lv\/lv\/#website"},"primaryImageOfPage":{"@id":"https:\/\/cosmetic.lv\/lv\/product\/vivasan-zeleja-intimai-kermena-kopsanai\/#primaryimage"},"image":{"@id":"https:\/\/cosmetic.lv\/lv\/product\/vivasan-zeleja-intimai-kermena-kopsanai\/#primaryimage"},"thumbnailUrl":"https:\/\/cosmetic.lv\/wp-content\/uploads\/2021\/02\/intimn_bigviv.jpg","datePublished":"2021-02-06T17:50:26+00:00","dateModified":"2021-02-06T17:50:29+00:00","breadcrumb":{"@id":"https:\/\/cosmetic.lv\/lv\/product\/vivasan-zeleja-intimai-kermena-kopsanai\/#breadcrumb"},"inLanguage":"lv-LV","potentialAction":[{"@type":"ReadAction","target":["https:\/\/cosmetic.lv\/lv\/product\/vivasan-zeleja-intimai-kermena-kopsanai\/"]}]},{"@type":"ImageObject","inLanguage":"lv-LV","@id":"https:\/\/cosmetic.lv\/lv\/product\/vivasan-zeleja-intimai-kermena-kopsanai\/#primaryimage","url":"https:\/\/cosmetic.lv\/wp-content\/uploads\/2021\/02\/intimn_bigviv.jpg","contentUrl":"https:\/\/cosmetic.lv\/wp-content\/uploads\/2021\/02\/intimn_bigviv.jpg","width":283,"height":283,"caption":"intimn_bigVIV.jpg"},{"@type":"BreadcrumbList","@id":"https:\/\/cosmetic.lv\/lv\/product\/vivasan-zeleja-intimai-kermena-kopsanai\/#breadcrumb","itemListElement":[{"@type":"ListItem","position":1,"name":"Home","item":"https:\/\/cosmetic.lv\/lv\/"},{"@type":"ListItem","position":2,"name":"Veikals","item":"https:\/\/cosmetic.lv\/lv\/veiklas\/"},{"@type":"ListItem","position":3,"name":"VIVASAN \u017deleja int\u012bmai \u0137erme\u0146a kop\u0161anai"}]},{"@type":"WebSite","@id":"https:\/\/cosmetic.lv\/lv\/#website","url":"https:\/\/cosmetic.lv\/lv\/","name":"cosmetic.lv","description":"Profesion\u0101la kosm\u0113tika - Maria Galland, Keune, Arkadija, GMT, Guam, Magiray","publisher":{"@id":"https:\/\/cosmetic.lv\/lv\/#organization"},"potentialAction":[{"@type":"SearchAction","target":{"@type":"EntryPoint","urlTemplate":"https:\/\/cosmetic.lv\/lv\/?s={search_term_string}"},"query-input":{"@type":"PropertyValueSpecification","valueRequired":true,"valueName":"search_term_string"}}],"inLanguage":"lv-LV"},{"@type":"Organization","@id":"https:\/\/cosmetic.lv\/lv\/#organization","name":"COSMETIC.LV","url":"https:\/\/cosmetic.lv\/lv\/","logo":{"@type":"ImageObject","inLanguage":"lv-LV","@id":"https:\/\/cosmetic.lv\/lv\/#\/schema\/logo\/image\/","url":"https:\/\/cosmetic.lv\/wp-content\/uploads\/2021\/02\/cosmetic.lv_logo.jpg","contentUrl":"https:\/\/cosmetic.lv\/wp-content\/uploads\/2021\/02\/cosmetic.lv_logo.jpg","width":596,"height":196,"caption":"COSMETIC.LV"},"image":{"@id":"https:\/\/cosmetic.lv\/lv\/#\/schema\/logo\/image\/"},"sameAs":["https:\/\/www.facebook.com\/cosmetic.lv\/"]}]},"product_price_amount":"18.95","product_price_currency":"EUR","og_availability":"instock","product_availability":"instock","product_retailer_item_id":"ZEL","product_condition":"new"},"_links":{"self":[{"href":"https:\/\/cosmetic.lv\/lv\/wp-json\/wp\/v2\/product\/34248","targetHints":{"allow":["GET"]}}],"collection":[{"href":"https:\/\/cosmetic.lv\/lv\/wp-json\/wp\/v2\/product"}],"about":[{"href":"https:\/\/cosmetic.lv\/lv\/wp-json\/wp\/v2\/types\/product"}],"wp:featuredmedia":[{"embeddable":true,"href":"https:\/\/cosmetic.lv\/lv\/wp-json\/wp\/v2\/media\/9423"}],"wp:attachment":[{"href":"https:\/\/cosmetic.lv\/lv\/wp-json\/wp\/v2\/media?parent=34248"}],"wp:term":[{"taxonomy":"product_brand","embeddable":true,"href":"https:\/\/cosmetic.lv\/lv\/wp-json\/wp\/v2\/product_brand?post=34248"},{"taxonomy":"product_cat","embeddable":true,"href":"https:\/\/cosmetic.lv\/lv\/wp-json\/wp\/v2\/product_cat?post=34248"},{"taxonomy":"product_tag","embeddable":true,"href":"https:\/\/cosmetic.lv\/lv\/wp-json\/wp\/v2\/product_tag?post=34248"}],"curies":[{"name":"wp","href":"https:\/\/api.w.org\/{rel}","templated":true}]}}