{"id":34249,"date":"2021-02-05T22:40:15","date_gmt":"2021-02-06T17:50:26","guid":{"rendered":"https:\/\/damme.lv\/product\/vivasan-deo-cream-klingerite\/"},"modified":"2021-02-06T19:50:29","modified_gmt":"2021-02-06T17:50:29","slug":"vivasan-deo-cream-klingerite","status":"publish","type":"product","link":"https:\/\/cosmetic.lv\/lv\/product\/vivasan-deo-cream-klingerite\/","title":{"rendered":"VIVASAN Deo Cream Kli\u0146\u0123er\u012bte"},"content":{"rendered":"<p><P>M\u012bksts kr\u0113ms-perspirant dezodorants ar dab\u012bgo kli\u0146\u0123er\u012b\u0161u ekstraktu un mande\u013cu e\u013c\u013cu. <BR>&nbsp;<\/P><br \/>\n<P>Sv\u012b\u0161ana process &#8211; tas ir dabisks un b\u016btiska fiziolo\u0123iska process, kas pal\u012bdz uztur\u0113t past\u0101v\u012bgu iek\u0161\u0113jo vidi organismam regul\u0113t temperat\u016bru, lai saglab\u0101tu \u016bdeni un miner\u0101lu l\u012bdzsvaru, nov\u0113r\u0161 kait\u012bg\u0101s vielas.&nbsp; Nepat\u012bkamu smaku sviedri sakar\u0101 ar dz\u012bv\u012bbas funkcijas bakt\u0113rij\u0101m, paraz\u012btiem uz \u0101das cilv\u0113kiem. Bakt\u0113rijas ra\u017eo nitrozam\u012bnu \u012bpa\u0161as vielas, kas dod nepat\u012bkamu smaku. Bakt\u0113rijas izmanto sviedru un tauku dziedzeru cilv\u0113kus par vaislai un neiev\u0113ro\u0161ana higi\u0113nas pas\u0101kumus pret samazin\u0101\u0161anos aizsardz\u012bbas meh\u0101nismus var izrais\u012bt da\u017e\u0101das \u0101das boj\u0101jumiem. Tie\u0161i t\u0101p\u0113c ir svar\u012bgi, lai b\u016btu inform\u0113ts par \u0161o un b\u016bt p\u0101rliecin\u0101ti, lai izmantotu higi\u0113nas telpas regul\u0113\u0161anai procesu sv\u012b\u0161ana.&nbsp;<BR>L\u012bdzek\u013cu nov\u0113r\u0161anas potoobrazovaniyu un sv\u012b\u0161ana, nav b\u016btiskas ietekmes uz sast\u0101vu mikrofloru \u0101das izmanto\u0161anu, nep\u0101rk\u0101pj antitoksisks funkciju \u0101das, jo to maz\u0101 plat\u012bb\u0101, sal\u012bdzinot ar visa \u0137erme\u0146a virsmas. <BR>VIVASAN pied\u0101v\u0101 modernus l\u012bdzek\u013cus &#8211; Deo-Kli\u0146\u0123er\u012b\u0161u kr\u0113ms ar dab\u012bgo kli\u0146\u0123er\u012b\u0161u ekstraktu un mande\u013cu e\u013c\u013cu.&nbsp;<BR>Akt\u012bv\u0101s sast\u0101vda\u013cas kosm\u0113tikas kr\u0113ma kli\u0146\u0123er\u012b\u0161u ekstrakts, alum\u012bnija chlorohydrate, saldo mande\u013cu e\u013c\u013ca, cinka glicer\u012bnr\u012bcinole\u0101tu, glicer\u012bns, m\u012bkstino\u0161as un mitrino\u0161as sast\u0101vda\u013cas.&nbsp;<BR>Pretsviedru kr\u0113ms ir \u012bpa\u0161ums, kas ir da\u013ca no t\u0101s sast\u0101va tradicion\u0101li izmanto alum\u012bnija chlorohydrate potoobrazovaniya aizkav\u0113, saspie\u017eot poras un t\u0101d\u0113j\u0101di ierobe\u017eojot sviedru funkciju uz \u0101das viet\u0101s, kur ir pieteiku\u0161ies \u0123eo-kr\u0113mu.&nbsp; Turkl\u0101t, alum\u012bnija chlorohydrate piem\u012bt antibakteri\u0101las \u012bpa\u0161\u012bbas, kav\u0113jot bakt\u0113riju. <\/P><br \/>\n<P>&nbsp;<BR>\u012apa\u0161\u012bbas akt\u012bv\u0101s sast\u0101vda\u013cas: <BR>Cinka glicer\u012bnr\u012bcinole\u0101tu &#8211; komplekss s\u0101ls cinka un r\u012bcine\u013c\u013ca, ir fungic\u012bda un bakteric\u012bda darb\u012bba, k\u0101 ar\u012b unik\u0101la sp\u0113ja neitraliz\u0113t jebk\u0101du, pat sp\u0113c\u012bg\u0101kais smakas.&nbsp; Nom\u0101c bakt\u0113rijas, kas veido arom\u0101tisko vielu, neradot kairin\u0101jumu uz \u0101das. <\/P><br \/>\n<P>Kli\u0146\u0123er\u012b\u0161u ekstrakts, terapeitiskais efekts ir saist\u012bts ar kl\u0101tb\u016btni karotino\u012bdu, gaisto\u0161u, \u0113terisk\u0101s e\u013c\u013cas, salicilsk\u0101be un \u0101bolsk\u0101bes, smaganas, olbaltumvielas, triterp\u0113nu sapon\u012bni, g\u013cotas, un C vitam\u012bnu, stimul\u0113 vielmai\u0146u \u0101das \u0161\u016bn\u0101s, nov\u0113r\u0161ot br\u012bvo radik\u0101\u013cu veido\u0161anos, aizsarg\u0101 \u0161\u016bnas no priek\u0161laic\u012bgas izn\u012bcin\u0101\u0161anu , bakteric\u012bda, dezinfekcijas un br\u016b\u010du dz\u012b\u0161anas efektu. <\/P><br \/>\n<P>Saldo mande\u013cu, bag\u0101ts nav \u017e\u0101v\u0113\u0161anas tauksk\u0101bju e\u013c\u013cas, un fermentu emulsinom, B2 vitam\u012bna, olbaltumvielas, miecvielas, cukurs un smaganu efekt\u012bvi baro, m\u012bkstina un mitrina \u0101du, pa\u0101trinot dz\u012b\u0161anas procesu nelielu plaisu un samazin\u0101\u0161anu, un aizsarg\u0101 to no apk\u0101rt\u0113j\u0101s vides apdraud\u0113jumu. <\/P><br \/>\n<P>Glicer\u012bns un t\u0101 atvasin\u0101jumi &#8211; m\u012bkstino\u0161as un mitrino\u0161as, uzlabo \u0101das elast\u012bbu.&nbsp; Nov\u0113rst nepat\u012bkamo saj\u016btu herm\u0113tiskumu un \u0101das sausumu un aizsarg\u0101t to no kait\u012bg\u0101s ietekmes uz vidi un sadz\u012bves \u0137imik\u0101lijas. Kop\u0101 ar cetilspirts saisto\u0161ajos \u016bdeni, veicina saglab\u0101\u0161anu \u0101das mitruma. <\/P><br \/>\n<P>&nbsp;Hidroksietilceluloze ir sp\u0113c\u012bgas attauko\u0161anas \u012bpa\u0161\u012bbas, s\u016bk\u0101 tauku &quot;\u016bdens k\u0101 s\u016bklis.&quot; <\/P><br \/>\n<P>&nbsp;<BR>Pieteikums: <\/P><br \/>\n<P>&nbsp;P\u0113c higi\u0113nas du\u0161as nedaudz kr\u0113juma likt uz padus\u0113, \u013cauj no\u017e\u016bt. <\/P><br \/>\n<P>&nbsp;<BR>Sast\u0101vda\u013cas: <BR>kli\u0146\u0123er\u012b\u0161u ekstrakts, alum\u012bnija chlorohydrate, saldo mande\u013cu e\u013c\u013ca, glicerilmonopalmit\u0101ta stear\u0101ts, cinka glicer\u012bnr\u012bcinole\u0101tu, kaprilik \/ Capric triglicer\u012bdu, glicerilmonopalmit\u0101ta stear\u0101ts citr\u0101ts, glicer\u012bns, cetilspirts, hidroksietil celuloze, izopropila myristate, sukkroza stear\u0101ts, fenoksietanols, metila parab\u0113nu, butila parab\u0113nu, etil paraben, propilparabenam, \u016bdens, smar\u017eas. <BR>&nbsp;<\/P><br \/>\n<P>&nbsp;<\/P><br \/>\n<P><BR>&nbsp;Tilpums: 50 ml <\/P><\/p>\n","protected":false},"excerpt":{"rendered":"<p>M\u012bksts kr\u0113ms-perspirant dezodorants ar dab\u012bgo kli\u0146\u0123er\u012b\u0161u ekstraktu un mande\u013cu e\u013c\u013cu. &nbsp; Sv\u012b\u0161ana process &#8211; tas ir dabisks un b\u016btiska fiziolo\u0123iska<\/p>\n","protected":false},"featured_media":9426,"template":"","meta":[],"product_brand":[],"product_cat":[2200,2216,2218],"product_tag":[],"class_list":{"0":"post-34249","1":"product","2":"type-product","3":"status-publish","4":"has-post-thumbnail","6":"product_cat-skaistums-un-veseliba-lv","7":"product_cat-kermena-kopsana-lv","8":"product_cat-viss-kermenis-lv","10":"first","11":"instock","12":"sale","13":"taxable","14":"shipping-taxable","15":"purchasable","16":"product-type-simple"},"yoast_head":"<!-- This site is optimized with the Yoast SEO Premium plugin v27.0 (Yoast SEO v27.0) - https:\/\/yoast.com\/product\/yoast-seo-premium-wordpress\/ -->\n<title>VIVASAN Deo Cream Kli\u0146\u0123er\u012bte - cosmetic.lv<\/title>\n<meta name=\"robots\" content=\"index, follow, max-snippet:-1, max-image-preview:large, max-video-preview:-1\" \/>\n<link rel=\"canonical\" href=\"https:\/\/cosmetic.lv\/lv\/product\/vivasan-deo-cream-klingerite\/\" \/>\n<meta property=\"og:locale\" content=\"lv_LV\" \/>\n<meta property=\"og:type\" content=\"article\" \/>\n<meta property=\"og:title\" content=\"VIVASAN Deo Cream Kli\u0146\u0123er\u012bte\" \/>\n<meta property=\"og:description\" content=\"M\u012bksts kr\u0113ms-perspirant dezodorants ar dab\u012bgo kli\u0146\u0123er\u012b\u0161u ekstraktu un mande\u013cu e\u013c\u013cu. &nbsp; Sv\u012b\u0161ana process &#8211; tas ir dabisks un b\u016btiska fiziolo\u0123iska\" \/>\n<meta property=\"og:url\" content=\"https:\/\/cosmetic.lv\/lv\/product\/vivasan-deo-cream-klingerite\/\" \/>\n<meta property=\"og:site_name\" content=\"cosmetic.lv\" \/>\n<meta property=\"article:publisher\" content=\"https:\/\/www.facebook.com\/cosmetic.lv\/\" \/>\n<meta property=\"article:modified_time\" content=\"2021-02-06T17:50:29+00:00\" \/>\n<meta property=\"og:image\" content=\"https:\/\/cosmetic.lv\/wp-content\/uploads\/2021\/02\/deo-krem_kalendulaviv.jpg\" \/>\n\t<meta property=\"og:image:width\" content=\"301\" \/>\n\t<meta property=\"og:image:height\" content=\"301\" \/>\n\t<meta property=\"og:image:type\" content=\"image\/jpeg\" \/>\n<meta name=\"twitter:card\" content=\"summary_large_image\" \/>\n<script type=\"application\/ld+json\" class=\"yoast-schema-graph\">{\"@context\":\"https:\/\/schema.org\",\"@graph\":[{\"@type\":\"WebPage\",\"@id\":\"https:\/\/cosmetic.lv\/lv\/product\/vivasan-deo-cream-klingerite\/\",\"url\":\"https:\/\/cosmetic.lv\/lv\/product\/vivasan-deo-cream-klingerite\/\",\"name\":\"VIVASAN Deo Cream Kli\u0146\u0123er\u012bte - cosmetic.lv\",\"isPartOf\":{\"@id\":\"https:\/\/cosmetic.lv\/lv\/#website\"},\"primaryImageOfPage\":{\"@id\":\"https:\/\/cosmetic.lv\/lv\/product\/vivasan-deo-cream-klingerite\/#primaryimage\"},\"image\":{\"@id\":\"https:\/\/cosmetic.lv\/lv\/product\/vivasan-deo-cream-klingerite\/#primaryimage\"},\"thumbnailUrl\":\"https:\/\/cosmetic.lv\/wp-content\/uploads\/2021\/02\/deo-krem_kalendulaviv.jpg\",\"datePublished\":\"2021-02-06T17:50:26+00:00\",\"dateModified\":\"2021-02-06T17:50:29+00:00\",\"breadcrumb\":{\"@id\":\"https:\/\/cosmetic.lv\/lv\/product\/vivasan-deo-cream-klingerite\/#breadcrumb\"},\"inLanguage\":\"lv-LV\",\"potentialAction\":[{\"@type\":\"ReadAction\",\"target\":[\"https:\/\/cosmetic.lv\/lv\/product\/vivasan-deo-cream-klingerite\/\"]}]},{\"@type\":\"ImageObject\",\"inLanguage\":\"lv-LV\",\"@id\":\"https:\/\/cosmetic.lv\/lv\/product\/vivasan-deo-cream-klingerite\/#primaryimage\",\"url\":\"https:\/\/cosmetic.lv\/wp-content\/uploads\/2021\/02\/deo-krem_kalendulaviv.jpg\",\"contentUrl\":\"https:\/\/cosmetic.lv\/wp-content\/uploads\/2021\/02\/deo-krem_kalendulaviv.jpg\",\"width\":301,\"height\":301,\"caption\":\"deo-krem_kalendulaVIV.jpg\"},{\"@type\":\"BreadcrumbList\",\"@id\":\"https:\/\/cosmetic.lv\/lv\/product\/vivasan-deo-cream-klingerite\/#breadcrumb\",\"itemListElement\":[{\"@type\":\"ListItem\",\"position\":1,\"name\":\"Home\",\"item\":\"https:\/\/cosmetic.lv\/lv\/\"},{\"@type\":\"ListItem\",\"position\":2,\"name\":\"Veikals\",\"item\":\"https:\/\/cosmetic.lv\/lv\/veiklas\/\"},{\"@type\":\"ListItem\",\"position\":3,\"name\":\"VIVASAN Deo Cream Kli\u0146\u0123er\u012bte\"}]},{\"@type\":\"WebSite\",\"@id\":\"https:\/\/cosmetic.lv\/lv\/#website\",\"url\":\"https:\/\/cosmetic.lv\/lv\/\",\"name\":\"cosmetic.lv\",\"description\":\"Profesion\u0101la kosm\u0113tika - Maria Galland, Keune, Arkadija, GMT, Guam, Magiray\",\"publisher\":{\"@id\":\"https:\/\/cosmetic.lv\/lv\/#organization\"},\"potentialAction\":[{\"@type\":\"SearchAction\",\"target\":{\"@type\":\"EntryPoint\",\"urlTemplate\":\"https:\/\/cosmetic.lv\/lv\/?s={search_term_string}\"},\"query-input\":{\"@type\":\"PropertyValueSpecification\",\"valueRequired\":true,\"valueName\":\"search_term_string\"}}],\"inLanguage\":\"lv-LV\"},{\"@type\":\"Organization\",\"@id\":\"https:\/\/cosmetic.lv\/lv\/#organization\",\"name\":\"COSMETIC.LV\",\"url\":\"https:\/\/cosmetic.lv\/lv\/\",\"logo\":{\"@type\":\"ImageObject\",\"inLanguage\":\"lv-LV\",\"@id\":\"https:\/\/cosmetic.lv\/lv\/#\/schema\/logo\/image\/\",\"url\":\"https:\/\/cosmetic.lv\/wp-content\/uploads\/2021\/02\/cosmetic.lv_logo.jpg\",\"contentUrl\":\"https:\/\/cosmetic.lv\/wp-content\/uploads\/2021\/02\/cosmetic.lv_logo.jpg\",\"width\":596,\"height\":196,\"caption\":\"COSMETIC.LV\"},\"image\":{\"@id\":\"https:\/\/cosmetic.lv\/lv\/#\/schema\/logo\/image\/\"},\"sameAs\":[\"https:\/\/www.facebook.com\/cosmetic.lv\/\"]}]}<\/script>\n<meta property=\"product:price:amount\" content=\"16.81\" \/>\n<meta property=\"product:price:currency\" content=\"EUR\" \/>\n<meta property=\"og:availability\" content=\"instock\" \/>\n<meta property=\"product:availability\" content=\"instock\" \/>\n<meta property=\"product:retailer_item_id\" content=\"KAL\" \/>\n<meta property=\"product:condition\" content=\"new\" \/>\n<!-- \/ Yoast SEO Premium plugin. -->","yoast_head_json":{"title":"VIVASAN Deo Cream Kli\u0146\u0123er\u012bte - cosmetic.lv","robots":{"index":"index","follow":"follow","max-snippet":"max-snippet:-1","max-image-preview":"max-image-preview:large","max-video-preview":"max-video-preview:-1"},"canonical":"https:\/\/cosmetic.lv\/lv\/product\/vivasan-deo-cream-klingerite\/","og_locale":"lv_LV","og_type":"article","og_title":"VIVASAN Deo Cream Kli\u0146\u0123er\u012bte","og_description":"M\u012bksts kr\u0113ms-perspirant dezodorants ar dab\u012bgo kli\u0146\u0123er\u012b\u0161u ekstraktu un mande\u013cu e\u013c\u013cu. &nbsp; Sv\u012b\u0161ana process &#8211; tas ir dabisks un b\u016btiska fiziolo\u0123iska","og_url":"https:\/\/cosmetic.lv\/lv\/product\/vivasan-deo-cream-klingerite\/","og_site_name":"cosmetic.lv","article_publisher":"https:\/\/www.facebook.com\/cosmetic.lv\/","article_modified_time":"2021-02-06T17:50:29+00:00","og_image":[{"width":301,"height":301,"url":"https:\/\/cosmetic.lv\/wp-content\/uploads\/2021\/02\/deo-krem_kalendulaviv.jpg","type":"image\/jpeg"}],"twitter_card":"summary_large_image","schema":{"@context":"https:\/\/schema.org","@graph":[{"@type":"WebPage","@id":"https:\/\/cosmetic.lv\/lv\/product\/vivasan-deo-cream-klingerite\/","url":"https:\/\/cosmetic.lv\/lv\/product\/vivasan-deo-cream-klingerite\/","name":"VIVASAN Deo Cream Kli\u0146\u0123er\u012bte - cosmetic.lv","isPartOf":{"@id":"https:\/\/cosmetic.lv\/lv\/#website"},"primaryImageOfPage":{"@id":"https:\/\/cosmetic.lv\/lv\/product\/vivasan-deo-cream-klingerite\/#primaryimage"},"image":{"@id":"https:\/\/cosmetic.lv\/lv\/product\/vivasan-deo-cream-klingerite\/#primaryimage"},"thumbnailUrl":"https:\/\/cosmetic.lv\/wp-content\/uploads\/2021\/02\/deo-krem_kalendulaviv.jpg","datePublished":"2021-02-06T17:50:26+00:00","dateModified":"2021-02-06T17:50:29+00:00","breadcrumb":{"@id":"https:\/\/cosmetic.lv\/lv\/product\/vivasan-deo-cream-klingerite\/#breadcrumb"},"inLanguage":"lv-LV","potentialAction":[{"@type":"ReadAction","target":["https:\/\/cosmetic.lv\/lv\/product\/vivasan-deo-cream-klingerite\/"]}]},{"@type":"ImageObject","inLanguage":"lv-LV","@id":"https:\/\/cosmetic.lv\/lv\/product\/vivasan-deo-cream-klingerite\/#primaryimage","url":"https:\/\/cosmetic.lv\/wp-content\/uploads\/2021\/02\/deo-krem_kalendulaviv.jpg","contentUrl":"https:\/\/cosmetic.lv\/wp-content\/uploads\/2021\/02\/deo-krem_kalendulaviv.jpg","width":301,"height":301,"caption":"deo-krem_kalendulaVIV.jpg"},{"@type":"BreadcrumbList","@id":"https:\/\/cosmetic.lv\/lv\/product\/vivasan-deo-cream-klingerite\/#breadcrumb","itemListElement":[{"@type":"ListItem","position":1,"name":"Home","item":"https:\/\/cosmetic.lv\/lv\/"},{"@type":"ListItem","position":2,"name":"Veikals","item":"https:\/\/cosmetic.lv\/lv\/veiklas\/"},{"@type":"ListItem","position":3,"name":"VIVASAN Deo Cream Kli\u0146\u0123er\u012bte"}]},{"@type":"WebSite","@id":"https:\/\/cosmetic.lv\/lv\/#website","url":"https:\/\/cosmetic.lv\/lv\/","name":"cosmetic.lv","description":"Profesion\u0101la kosm\u0113tika - Maria Galland, Keune, Arkadija, GMT, Guam, Magiray","publisher":{"@id":"https:\/\/cosmetic.lv\/lv\/#organization"},"potentialAction":[{"@type":"SearchAction","target":{"@type":"EntryPoint","urlTemplate":"https:\/\/cosmetic.lv\/lv\/?s={search_term_string}"},"query-input":{"@type":"PropertyValueSpecification","valueRequired":true,"valueName":"search_term_string"}}],"inLanguage":"lv-LV"},{"@type":"Organization","@id":"https:\/\/cosmetic.lv\/lv\/#organization","name":"COSMETIC.LV","url":"https:\/\/cosmetic.lv\/lv\/","logo":{"@type":"ImageObject","inLanguage":"lv-LV","@id":"https:\/\/cosmetic.lv\/lv\/#\/schema\/logo\/image\/","url":"https:\/\/cosmetic.lv\/wp-content\/uploads\/2021\/02\/cosmetic.lv_logo.jpg","contentUrl":"https:\/\/cosmetic.lv\/wp-content\/uploads\/2021\/02\/cosmetic.lv_logo.jpg","width":596,"height":196,"caption":"COSMETIC.LV"},"image":{"@id":"https:\/\/cosmetic.lv\/lv\/#\/schema\/logo\/image\/"},"sameAs":["https:\/\/www.facebook.com\/cosmetic.lv\/"]}]},"product_price_amount":"16.81","product_price_currency":"EUR","og_availability":"instock","product_availability":"instock","product_retailer_item_id":"KAL","product_condition":"new"},"_links":{"self":[{"href":"https:\/\/cosmetic.lv\/lv\/wp-json\/wp\/v2\/product\/34249","targetHints":{"allow":["GET"]}}],"collection":[{"href":"https:\/\/cosmetic.lv\/lv\/wp-json\/wp\/v2\/product"}],"about":[{"href":"https:\/\/cosmetic.lv\/lv\/wp-json\/wp\/v2\/types\/product"}],"wp:featuredmedia":[{"embeddable":true,"href":"https:\/\/cosmetic.lv\/lv\/wp-json\/wp\/v2\/media\/9426"}],"wp:attachment":[{"href":"https:\/\/cosmetic.lv\/lv\/wp-json\/wp\/v2\/media?parent=34249"}],"wp:term":[{"taxonomy":"product_brand","embeddable":true,"href":"https:\/\/cosmetic.lv\/lv\/wp-json\/wp\/v2\/product_brand?post=34249"},{"taxonomy":"product_cat","embeddable":true,"href":"https:\/\/cosmetic.lv\/lv\/wp-json\/wp\/v2\/product_cat?post=34249"},{"taxonomy":"product_tag","embeddable":true,"href":"https:\/\/cosmetic.lv\/lv\/wp-json\/wp\/v2\/product_tag?post=34249"}],"curies":[{"name":"wp","href":"https:\/\/api.w.org\/{rel}","templated":true}]}}