{"id":34250,"date":"2021-02-05T22:40:15","date_gmt":"2021-02-06T17:50:26","guid":{"rendered":"https:\/\/damme.lv\/product\/vivasan-tejas-koks-kremshiperjutigiem-un-iekaisusas-adas\/"},"modified":"2021-02-06T19:50:30","modified_gmt":"2021-02-06T17:50:30","slug":"vivasan-tejas-koks-kremshiperjutigiem-un-iekaisusas-adas","status":"publish","type":"product","link":"https:\/\/cosmetic.lv\/lv\/product\/vivasan-tejas-koks-kremshiperjutigiem-un-iekaisusas-adas\/","title":{"rendered":"VIVASAN T\u0113jas koks kr\u0113mshiperjut\u012bgiem un iekaisu\u0161as \u0101das"},"content":{"rendered":"<p><P>Kr\u0113ms, pamatojoties uz sast\u0101vu e\u013c\u013c\u0101m t\u0113jas koka un t\u0113jas koks Kanukov apvienojum\u0101 ar augu ekstraktiem.&nbsp;<BR>&nbsp;<BR>&nbsp;<BR>Kr\u0113ms ar t\u0113jas koka un t\u0113jas koks Kanukov ieteicams hiperjut\u012bgiem un iekaisu\u0161as \u0101das. Tas \u0101tri ies\u016bcas, nov\u0113r\u0161ot iekaisumu, aps\u0101rtumu, zv\u012b\u0146o\u0161an\u0101s, nieze, no\u0146em aps\u0101rtumu ar apdegumiem. D Pras\u012bba pinnes, pimples, griezumi, sasitumi, auti\u0146biks\u012b\u0161u izsitumi starp k\u0101ju pirkstiem, utt&nbsp;<BR>Pal\u012bdz ar siena drudzi un aler\u0123ijas, n\u0101trene.&nbsp; Likvid\u0113 niezi p\u0113c kukai\u0146u kodumiem.&nbsp; Pievienojot kr\u0113jumu lavandas e\u013c\u013cu dod vair\u0101k ekskluz\u012bvu raksturu, jo lavandas ir \u013coti sp\u0113c\u012bga pretiekaisuma iedarb\u012bba. <\/P><br \/>\n<P>&nbsp;<BR>\u012apa\u0161\u012bbas akt\u012bv\u0101s sast\u0101vda\u013cas:&nbsp;<BR>\u0112terisko e\u013c\u013cu t\u0113jas koka, t\u0113jas koks, Kanukov sast\u0101vs &#8211; nomierina, no\u0146em aps\u0101rtumu, kairin\u0101jumu, ir hemostatic efektu. <\/P><br \/>\n<P>&nbsp;Lavandas \u0113terisk\u0101s e\u013c\u013cas nomierina apdegumi un veicina dz\u012b\u0161anu \u0101das mikro traumas. <\/P><br \/>\n<P>&nbsp;Rozmar\u012bna \u0113terisk\u0101 e\u013c\u013ca ir antiseptiska, toniz\u0113jo\u0161a iedarb\u012bba, uzlabo \u0101das tekst\u016bru un atjauno to. <\/P><br \/>\n<P>\u0112terisk\u0101 e\u013c\u013ca kumel\u012b\u0161u &#8211; ar uzvaru t\u0101 kumel\u012b\u0161u Azulene ir uz \u0101das dz\u012b\u0161anu, anti-aler\u0123iskas efekts. <\/P><br \/>\n<P>Sojas e\u013c\u013ca (sojas glic\u012bns) &#8211; t\u0101pat k\u0101 visi e\u013c\u013c\u0101m, bag\u0101ta ar tauksk\u0101b\u0113m. <\/P><br \/>\n<P>&nbsp;Kukur\u016bzas e\u013c\u013ca &#8211; baro \u0101du, padarot to elast\u012bgu un aizsarg\u0101 pret sausumu un priek\u0161laic\u012bgu noveco\u0161anos. <\/P><br \/>\n<P>&nbsp;Ekstrakti gar\u0161augu (salvija, asinsz\u0101le, pela\u0161\u0137i, zef\u012brs) nomierino\u0161a, dezinfekcijas, atvieglotu sausa \u0101da. <\/P><br \/>\n<P>Sorbitols, glicer\u012bns &#8211; moisturizers, regul\u0113t \u016bdens l\u012bdzsvaru \u0101d\u0101, lai veidotu aizsargpl\u0113vi uz \u0101das un aizsarg\u0101 pret sausu. <\/P><br \/>\n<P>Alanto\u012bns &#8211; sadz\u012b\u0161ana a\u0123ents, atjauno \u0101das elast\u012bbu. <\/P><br \/>\n<P>&nbsp;Bi\u0161u vasks, daudz pies\u0101tin\u0101to tauksk\u0101bju, augsta molekul\u0101r\u0101 vienv\u0113rt\u012bgie spirti, pies\u0101tin\u0101tie og\u013c\u016bde\u0146ra\u017ei, A vitam\u012bnu, nodro\u0161ina bar\u012bbas, un ir aizsarg\u0101jo\u0161a iedarb\u012bba uz \u0101du, uzlabojot t\u0101s barjeras funkciju lieliski m\u012bkstina \u0101du saglab\u0101t mitrumu.&nbsp;<BR>&nbsp;<BR>Pieteikums: <\/P><br \/>\n<P>&nbsp;Uzkl\u0101jiet pl\u0101nu apmelo\u0161anas sloem.Pri kukai\u0146u kodums iekost ar k\u0101rti\u0146u kr\u0113juma.&nbsp; \u013boti ekonomisks lieto\u0161an\u0101. <\/P><br \/>\n<P>&nbsp;<\/P><br \/>\n<P>&nbsp;<\/P><br \/>\n<P>&nbsp;<\/P><br \/>\n<P>&nbsp;Tilpums: 100 ml&nbsp;<\/P><\/p>\n","protected":false},"excerpt":{"rendered":"<p>Kr\u0113ms, pamatojoties uz sast\u0101vu e\u013c\u013c\u0101m t\u0113jas koka un t\u0113jas koks Kanukov apvienojum\u0101 ar augu ekstraktiem.&nbsp;&nbsp;&nbsp;Kr\u0113ms ar t\u0113jas koka un t\u0113jas<\/p>\n","protected":false},"featured_media":9429,"template":"","meta":[],"product_brand":[],"product_cat":[2200,2216,2220],"product_tag":[],"class_list":{"0":"post-34250","1":"product","2":"type-product","3":"status-publish","4":"has-post-thumbnail","6":"product_cat-skaistums-un-veseliba-lv","7":"product_cat-kermena-kopsana-lv","8":"product_cat-arstnieciski-balzami-un-kremi-lv","10":"first","11":"instock","12":"sale","13":"taxable","14":"shipping-taxable","15":"purchasable","16":"product-type-simple"},"yoast_head":"<!-- This site is optimized with the Yoast SEO Premium plugin v27.0 (Yoast SEO v27.0) - https:\/\/yoast.com\/product\/yoast-seo-premium-wordpress\/ -->\n<title>VIVASAN T\u0113jas koks kr\u0113mshiperjut\u012bgiem un iekaisu\u0161as \u0101das - cosmetic.lv<\/title>\n<meta name=\"robots\" content=\"index, follow, max-snippet:-1, max-image-preview:large, max-video-preview:-1\" \/>\n<link rel=\"canonical\" href=\"https:\/\/cosmetic.lv\/lv\/product\/vivasan-tejas-koks-kremshiperjutigiem-un-iekaisusas-adas\/\" \/>\n<meta property=\"og:locale\" content=\"lv_LV\" \/>\n<meta property=\"og:type\" content=\"article\" \/>\n<meta property=\"og:title\" content=\"VIVASAN T\u0113jas koks kr\u0113mshiperjut\u012bgiem un iekaisu\u0161as \u0101das\" \/>\n<meta property=\"og:description\" content=\"Kr\u0113ms, pamatojoties uz sast\u0101vu e\u013c\u013c\u0101m t\u0113jas koka un t\u0113jas koks Kanukov apvienojum\u0101 ar augu ekstraktiem.&nbsp;&nbsp;&nbsp;Kr\u0113ms ar t\u0113jas koka un t\u0113jas\" \/>\n<meta property=\"og:url\" content=\"https:\/\/cosmetic.lv\/lv\/product\/vivasan-tejas-koks-kremshiperjutigiem-un-iekaisusas-adas\/\" \/>\n<meta property=\"og:site_name\" content=\"cosmetic.lv\" \/>\n<meta property=\"article:publisher\" content=\"https:\/\/www.facebook.com\/cosmetic.lv\/\" \/>\n<meta property=\"article:modified_time\" content=\"2021-02-06T17:50:30+00:00\" \/>\n<meta property=\"og:image\" content=\"https:\/\/cosmetic.lv\/wp-content\/uploads\/2021\/02\/krem_chajnoe_derevo_s_manukoj_i_rozalinovivj.jpg\" \/>\n\t<meta property=\"og:image:width\" content=\"276\" \/>\n\t<meta property=\"og:image:height\" content=\"276\" \/>\n\t<meta property=\"og:image:type\" content=\"image\/jpeg\" \/>\n<meta name=\"twitter:card\" content=\"summary_large_image\" \/>\n<script type=\"application\/ld+json\" class=\"yoast-schema-graph\">{\"@context\":\"https:\/\/schema.org\",\"@graph\":[{\"@type\":\"WebPage\",\"@id\":\"https:\/\/cosmetic.lv\/lv\/product\/vivasan-tejas-koks-kremshiperjutigiem-un-iekaisusas-adas\/\",\"url\":\"https:\/\/cosmetic.lv\/lv\/product\/vivasan-tejas-koks-kremshiperjutigiem-un-iekaisusas-adas\/\",\"name\":\"VIVASAN T\u0113jas koks kr\u0113mshiperjut\u012bgiem un iekaisu\u0161as \u0101das - cosmetic.lv\",\"isPartOf\":{\"@id\":\"https:\/\/cosmetic.lv\/lv\/#website\"},\"primaryImageOfPage\":{\"@id\":\"https:\/\/cosmetic.lv\/lv\/product\/vivasan-tejas-koks-kremshiperjutigiem-un-iekaisusas-adas\/#primaryimage\"},\"image\":{\"@id\":\"https:\/\/cosmetic.lv\/lv\/product\/vivasan-tejas-koks-kremshiperjutigiem-un-iekaisusas-adas\/#primaryimage\"},\"thumbnailUrl\":\"https:\/\/cosmetic.lv\/wp-content\/uploads\/2021\/02\/krem_chajnoe_derevo_s_manukoj_i_rozalinovivj.jpg\",\"datePublished\":\"2021-02-06T17:50:26+00:00\",\"dateModified\":\"2021-02-06T17:50:30+00:00\",\"breadcrumb\":{\"@id\":\"https:\/\/cosmetic.lv\/lv\/product\/vivasan-tejas-koks-kremshiperjutigiem-un-iekaisusas-adas\/#breadcrumb\"},\"inLanguage\":\"lv-LV\",\"potentialAction\":[{\"@type\":\"ReadAction\",\"target\":[\"https:\/\/cosmetic.lv\/lv\/product\/vivasan-tejas-koks-kremshiperjutigiem-un-iekaisusas-adas\/\"]}]},{\"@type\":\"ImageObject\",\"inLanguage\":\"lv-LV\",\"@id\":\"https:\/\/cosmetic.lv\/lv\/product\/vivasan-tejas-koks-kremshiperjutigiem-un-iekaisusas-adas\/#primaryimage\",\"url\":\"https:\/\/cosmetic.lv\/wp-content\/uploads\/2021\/02\/krem_chajnoe_derevo_s_manukoj_i_rozalinovivj.jpg\",\"contentUrl\":\"https:\/\/cosmetic.lv\/wp-content\/uploads\/2021\/02\/krem_chajnoe_derevo_s_manukoj_i_rozalinovivj.jpg\",\"width\":276,\"height\":276,\"caption\":\"krem_chajnoe_derevo_s_manukoj_i_rozalinoVIVj.jpg\"},{\"@type\":\"BreadcrumbList\",\"@id\":\"https:\/\/cosmetic.lv\/lv\/product\/vivasan-tejas-koks-kremshiperjutigiem-un-iekaisusas-adas\/#breadcrumb\",\"itemListElement\":[{\"@type\":\"ListItem\",\"position\":1,\"name\":\"Home\",\"item\":\"https:\/\/cosmetic.lv\/lv\/\"},{\"@type\":\"ListItem\",\"position\":2,\"name\":\"Veikals\",\"item\":\"https:\/\/cosmetic.lv\/lv\/veiklas\/\"},{\"@type\":\"ListItem\",\"position\":3,\"name\":\"VIVASAN T\u0113jas koks kr\u0113mshiperjut\u012bgiem un iekaisu\u0161as \u0101das\"}]},{\"@type\":\"WebSite\",\"@id\":\"https:\/\/cosmetic.lv\/lv\/#website\",\"url\":\"https:\/\/cosmetic.lv\/lv\/\",\"name\":\"cosmetic.lv\",\"description\":\"Profesion\u0101la kosm\u0113tika - Maria Galland, Keune, Arkadija, GMT, Guam, Magiray\",\"publisher\":{\"@id\":\"https:\/\/cosmetic.lv\/lv\/#organization\"},\"potentialAction\":[{\"@type\":\"SearchAction\",\"target\":{\"@type\":\"EntryPoint\",\"urlTemplate\":\"https:\/\/cosmetic.lv\/lv\/?s={search_term_string}\"},\"query-input\":{\"@type\":\"PropertyValueSpecification\",\"valueRequired\":true,\"valueName\":\"search_term_string\"}}],\"inLanguage\":\"lv-LV\"},{\"@type\":\"Organization\",\"@id\":\"https:\/\/cosmetic.lv\/lv\/#organization\",\"name\":\"COSMETIC.LV\",\"url\":\"https:\/\/cosmetic.lv\/lv\/\",\"logo\":{\"@type\":\"ImageObject\",\"inLanguage\":\"lv-LV\",\"@id\":\"https:\/\/cosmetic.lv\/lv\/#\/schema\/logo\/image\/\",\"url\":\"https:\/\/cosmetic.lv\/wp-content\/uploads\/2021\/02\/cosmetic.lv_logo.jpg\",\"contentUrl\":\"https:\/\/cosmetic.lv\/wp-content\/uploads\/2021\/02\/cosmetic.lv_logo.jpg\",\"width\":596,\"height\":196,\"caption\":\"COSMETIC.LV\"},\"image\":{\"@id\":\"https:\/\/cosmetic.lv\/lv\/#\/schema\/logo\/image\/\"},\"sameAs\":[\"https:\/\/www.facebook.com\/cosmetic.lv\/\"]}]}<\/script>\n<meta property=\"product:price:amount\" content=\"26.02\" \/>\n<meta property=\"product:price:currency\" content=\"EUR\" \/>\n<meta property=\"og:availability\" content=\"instock\" \/>\n<meta property=\"product:availability\" content=\"instock\" \/>\n<meta property=\"product:retailer_item_id\" content=\"KR\" \/>\n<meta property=\"product:condition\" content=\"new\" \/>\n<!-- \/ Yoast SEO Premium plugin. -->","yoast_head_json":{"title":"VIVASAN T\u0113jas koks kr\u0113mshiperjut\u012bgiem un iekaisu\u0161as \u0101das - cosmetic.lv","robots":{"index":"index","follow":"follow","max-snippet":"max-snippet:-1","max-image-preview":"max-image-preview:large","max-video-preview":"max-video-preview:-1"},"canonical":"https:\/\/cosmetic.lv\/lv\/product\/vivasan-tejas-koks-kremshiperjutigiem-un-iekaisusas-adas\/","og_locale":"lv_LV","og_type":"article","og_title":"VIVASAN T\u0113jas koks kr\u0113mshiperjut\u012bgiem un iekaisu\u0161as \u0101das","og_description":"Kr\u0113ms, pamatojoties uz sast\u0101vu e\u013c\u013c\u0101m t\u0113jas koka un t\u0113jas koks Kanukov apvienojum\u0101 ar augu ekstraktiem.&nbsp;&nbsp;&nbsp;Kr\u0113ms ar t\u0113jas koka un t\u0113jas","og_url":"https:\/\/cosmetic.lv\/lv\/product\/vivasan-tejas-koks-kremshiperjutigiem-un-iekaisusas-adas\/","og_site_name":"cosmetic.lv","article_publisher":"https:\/\/www.facebook.com\/cosmetic.lv\/","article_modified_time":"2021-02-06T17:50:30+00:00","og_image":[{"width":276,"height":276,"url":"https:\/\/cosmetic.lv\/wp-content\/uploads\/2021\/02\/krem_chajnoe_derevo_s_manukoj_i_rozalinovivj.jpg","type":"image\/jpeg"}],"twitter_card":"summary_large_image","schema":{"@context":"https:\/\/schema.org","@graph":[{"@type":"WebPage","@id":"https:\/\/cosmetic.lv\/lv\/product\/vivasan-tejas-koks-kremshiperjutigiem-un-iekaisusas-adas\/","url":"https:\/\/cosmetic.lv\/lv\/product\/vivasan-tejas-koks-kremshiperjutigiem-un-iekaisusas-adas\/","name":"VIVASAN T\u0113jas koks kr\u0113mshiperjut\u012bgiem un iekaisu\u0161as \u0101das - cosmetic.lv","isPartOf":{"@id":"https:\/\/cosmetic.lv\/lv\/#website"},"primaryImageOfPage":{"@id":"https:\/\/cosmetic.lv\/lv\/product\/vivasan-tejas-koks-kremshiperjutigiem-un-iekaisusas-adas\/#primaryimage"},"image":{"@id":"https:\/\/cosmetic.lv\/lv\/product\/vivasan-tejas-koks-kremshiperjutigiem-un-iekaisusas-adas\/#primaryimage"},"thumbnailUrl":"https:\/\/cosmetic.lv\/wp-content\/uploads\/2021\/02\/krem_chajnoe_derevo_s_manukoj_i_rozalinovivj.jpg","datePublished":"2021-02-06T17:50:26+00:00","dateModified":"2021-02-06T17:50:30+00:00","breadcrumb":{"@id":"https:\/\/cosmetic.lv\/lv\/product\/vivasan-tejas-koks-kremshiperjutigiem-un-iekaisusas-adas\/#breadcrumb"},"inLanguage":"lv-LV","potentialAction":[{"@type":"ReadAction","target":["https:\/\/cosmetic.lv\/lv\/product\/vivasan-tejas-koks-kremshiperjutigiem-un-iekaisusas-adas\/"]}]},{"@type":"ImageObject","inLanguage":"lv-LV","@id":"https:\/\/cosmetic.lv\/lv\/product\/vivasan-tejas-koks-kremshiperjutigiem-un-iekaisusas-adas\/#primaryimage","url":"https:\/\/cosmetic.lv\/wp-content\/uploads\/2021\/02\/krem_chajnoe_derevo_s_manukoj_i_rozalinovivj.jpg","contentUrl":"https:\/\/cosmetic.lv\/wp-content\/uploads\/2021\/02\/krem_chajnoe_derevo_s_manukoj_i_rozalinovivj.jpg","width":276,"height":276,"caption":"krem_chajnoe_derevo_s_manukoj_i_rozalinoVIVj.jpg"},{"@type":"BreadcrumbList","@id":"https:\/\/cosmetic.lv\/lv\/product\/vivasan-tejas-koks-kremshiperjutigiem-un-iekaisusas-adas\/#breadcrumb","itemListElement":[{"@type":"ListItem","position":1,"name":"Home","item":"https:\/\/cosmetic.lv\/lv\/"},{"@type":"ListItem","position":2,"name":"Veikals","item":"https:\/\/cosmetic.lv\/lv\/veiklas\/"},{"@type":"ListItem","position":3,"name":"VIVASAN T\u0113jas koks kr\u0113mshiperjut\u012bgiem un iekaisu\u0161as \u0101das"}]},{"@type":"WebSite","@id":"https:\/\/cosmetic.lv\/lv\/#website","url":"https:\/\/cosmetic.lv\/lv\/","name":"cosmetic.lv","description":"Profesion\u0101la kosm\u0113tika - Maria Galland, Keune, Arkadija, GMT, Guam, Magiray","publisher":{"@id":"https:\/\/cosmetic.lv\/lv\/#organization"},"potentialAction":[{"@type":"SearchAction","target":{"@type":"EntryPoint","urlTemplate":"https:\/\/cosmetic.lv\/lv\/?s={search_term_string}"},"query-input":{"@type":"PropertyValueSpecification","valueRequired":true,"valueName":"search_term_string"}}],"inLanguage":"lv-LV"},{"@type":"Organization","@id":"https:\/\/cosmetic.lv\/lv\/#organization","name":"COSMETIC.LV","url":"https:\/\/cosmetic.lv\/lv\/","logo":{"@type":"ImageObject","inLanguage":"lv-LV","@id":"https:\/\/cosmetic.lv\/lv\/#\/schema\/logo\/image\/","url":"https:\/\/cosmetic.lv\/wp-content\/uploads\/2021\/02\/cosmetic.lv_logo.jpg","contentUrl":"https:\/\/cosmetic.lv\/wp-content\/uploads\/2021\/02\/cosmetic.lv_logo.jpg","width":596,"height":196,"caption":"COSMETIC.LV"},"image":{"@id":"https:\/\/cosmetic.lv\/lv\/#\/schema\/logo\/image\/"},"sameAs":["https:\/\/www.facebook.com\/cosmetic.lv\/"]}]},"product_price_amount":"26.02","product_price_currency":"EUR","og_availability":"instock","product_availability":"instock","product_retailer_item_id":"KR","product_condition":"new"},"_links":{"self":[{"href":"https:\/\/cosmetic.lv\/lv\/wp-json\/wp\/v2\/product\/34250","targetHints":{"allow":["GET"]}}],"collection":[{"href":"https:\/\/cosmetic.lv\/lv\/wp-json\/wp\/v2\/product"}],"about":[{"href":"https:\/\/cosmetic.lv\/lv\/wp-json\/wp\/v2\/types\/product"}],"wp:featuredmedia":[{"embeddable":true,"href":"https:\/\/cosmetic.lv\/lv\/wp-json\/wp\/v2\/media\/9429"}],"wp:attachment":[{"href":"https:\/\/cosmetic.lv\/lv\/wp-json\/wp\/v2\/media?parent=34250"}],"wp:term":[{"taxonomy":"product_brand","embeddable":true,"href":"https:\/\/cosmetic.lv\/lv\/wp-json\/wp\/v2\/product_brand?post=34250"},{"taxonomy":"product_cat","embeddable":true,"href":"https:\/\/cosmetic.lv\/lv\/wp-json\/wp\/v2\/product_cat?post=34250"},{"taxonomy":"product_tag","embeddable":true,"href":"https:\/\/cosmetic.lv\/lv\/wp-json\/wp\/v2\/product_tag?post=34250"}],"curies":[{"name":"wp","href":"https:\/\/api.w.org\/{rel}","templated":true}]}}