{"id":34252,"date":"2021-02-05T22:40:15","date_gmt":"2021-02-06T17:50:26","guid":{"rendered":"https:\/\/damme.lv\/product\/vivasan-eliksirs-mutes-dobuma-skalosanai\/"},"modified":"2021-02-06T19:50:31","modified_gmt":"2021-02-06T17:50:31","slug":"vivasan-eliksirs-mutes-dobuma-skalosanai","status":"publish","type":"product","link":"https:\/\/cosmetic.lv\/lv\/product\/vivasan-eliksirs-mutes-dobuma-skalosanai\/","title":{"rendered":"VIVASAN Eliks\u012brs mutes dobuma skalo\u0161anai"},"content":{"rendered":"<p><P>&nbsp;Koncentr\u0101ts ar mais\u012bjumu \u0113terisko e\u013c\u013cu (apels\u012bnu, piparm\u0113tru, lavandas, krustnagli\u0146as, citrona, timi\u0101ns, pist\u0101cijas, t\u0113jas koks, t\u0113jas koks, Kanukov) efekt\u012bvai mutes dobuma kop\u0161anas: stiprin\u0101t smaganas, nov\u0113r\u0161ot zobu boj\u0101\u0161anos un kr\u0101k\u0161ana, svaiga elpa.&nbsp;<BR>&nbsp;<BR>Dezinfic\u0113 muti un kaklu, nov\u0113r\u0161ot veido\u0161anos slikta elpa un atsvaidzino\u0161u elpu. <BR>Mitrina un m\u012bkstina g\u013cot\u0101das sausumu, nov\u0113r\u0161 smaganu asi\u0146o\u0161ana, zobakmens. <BR>Samazina zobu boj\u0101\u0161anos, regul\u0113 sk\u0101bes b\u0101zes l\u012bdzsvaru, palielina asins cirkul\u0101ciju m\u012bksto audu balsen\u0113, pastiprina debesis, kas pal\u012bdz normaliz\u0113t elpo\u0161ana mieg\u0101 un samazin\u0101t kr\u0101k\u0161ana. <\/P><br \/>\n<P>&nbsp;<BR>Pieteikums:&nbsp; <BR>Pievienot 5-10 pilienus eliks\u012bru ar gl\u0101zi \u016bdens &#8211; izskalot muti.&nbsp;<BR>K\u0101 prevent\u012bvs pas\u0101kums, lai stiprin\u0101tu smaganas un samazina zobu boj\u0101\u0161anos procesu var atk\u0101rtot vair\u0101kas reizes dien\u0101. <BR>Lai piel\u0101gotu sk\u0101bes b\u0101zes l\u012bdzsvaru, un elpa atsvaidzin\u0101t\u0101js ieteicams izskalot muti p\u0113c katras \u0113dienreizes.&nbsp;<BR>Lai samazin\u0101tu kr\u0101k\u0161ana un apnoja atvieglojumu noskalot pirms gul\u0113tie\u0161anas muti un kaklu, tad noskalo nav \u0113\u0161anas.&nbsp;<BR>P\u0113c izv\u0113les: 1 pilienu eliks\u012brs kritumu par kabatas lakati\u0146u un ieelpot pirms gul\u0113tie\u0161anas.&nbsp;<BR>&nbsp;<BR>Sast\u0101vda\u013cas:&nbsp;&nbsp; mais\u012bjums no 100% t\u012bras \u0113terisk\u0101s e\u013c\u013cas: oran\u017ea, piparm\u0113tra, lavanda, krustnagli\u0146as, citrona, timi\u0101ns, pist\u0101cijas, t\u0113jas koks, t\u0113jas koks, Kanukov. <\/P><br \/>\n<P>&nbsp;Uzglab\u0101\u0161ana:&nbsp;&nbsp;&nbsp; Uzglab\u0101t istabas temperat\u016br\u0101 (15-25 gr\u0101di. C) no b\u0113rniem nepieejam\u0101 viet\u0101. Izvair\u012bties no saskares ar ac\u012bm. <\/P><br \/>\n<P>&nbsp;<\/P><br \/>\n<P>&nbsp;<\/P><br \/>\n<P>&nbsp;Tilpums: 10 ml <BR><\/P><\/p>\n","protected":false},"excerpt":{"rendered":"<p>&nbsp;Koncentr\u0101ts ar mais\u012bjumu \u0113terisko e\u013c\u013cu (apels\u012bnu, piparm\u0113tru, lavandas, krustnagli\u0146as, citrona, timi\u0101ns, pist\u0101cijas, t\u0113jas koks, t\u0113jas koks, Kanukov) efekt\u012bvai mutes dobuma<\/p>\n","protected":false},"featured_media":16149,"template":"","meta":[],"product_brand":[],"product_cat":[2200,2209],"product_tag":[],"class_list":{"0":"post-34252","1":"product","2":"type-product","3":"status-publish","4":"has-post-thumbnail","6":"product_cat-skaistums-un-veseliba-lv","7":"product_cat-zobu-kopsana-lv","9":"first","10":"instock","11":"taxable","12":"shipping-taxable","13":"purchasable","14":"product-type-simple"},"yoast_head":"<!-- This site is optimized with the Yoast SEO Premium plugin v27.0 (Yoast SEO v27.0) - https:\/\/yoast.com\/product\/yoast-seo-premium-wordpress\/ -->\n<title>VIVASAN Eliks\u012brs mutes dobuma skalo\u0161anai - cosmetic.lv<\/title>\n<meta name=\"robots\" content=\"index, follow, max-snippet:-1, max-image-preview:large, max-video-preview:-1\" \/>\n<link rel=\"canonical\" href=\"https:\/\/cosmetic.lv\/lv\/product\/vivasan-eliksirs-mutes-dobuma-skalosanai\/\" \/>\n<meta property=\"og:locale\" content=\"lv_LV\" \/>\n<meta property=\"og:type\" content=\"article\" \/>\n<meta property=\"og:title\" content=\"VIVASAN Eliks\u012brs mutes dobuma skalo\u0161anai\" \/>\n<meta property=\"og:description\" content=\"&nbsp;Koncentr\u0101ts ar mais\u012bjumu \u0113terisko e\u013c\u013cu (apels\u012bnu, piparm\u0113tru, lavandas, krustnagli\u0146as, citrona, timi\u0101ns, pist\u0101cijas, t\u0113jas koks, t\u0113jas koks, Kanukov) efekt\u012bvai mutes dobuma\" \/>\n<meta property=\"og:url\" content=\"https:\/\/cosmetic.lv\/lv\/product\/vivasan-eliksirs-mutes-dobuma-skalosanai\/\" \/>\n<meta property=\"og:site_name\" content=\"cosmetic.lv\" \/>\n<meta property=\"article:publisher\" content=\"https:\/\/www.facebook.com\/cosmetic.lv\/\" \/>\n<meta property=\"article:modified_time\" content=\"2021-02-06T17:50:31+00:00\" \/>\n<meta property=\"og:image\" content=\"https:\/\/cosmetic.lv\/wp-content\/uploads\/2021\/02\/jeliksir_dlja_poloskanija_rtav-4.jpg\" \/>\n\t<meta property=\"og:image:width\" content=\"366\" \/>\n\t<meta property=\"og:image:height\" content=\"366\" \/>\n\t<meta property=\"og:image:type\" content=\"image\/jpeg\" \/>\n<meta name=\"twitter:card\" content=\"summary_large_image\" \/>\n<script type=\"application\/ld+json\" class=\"yoast-schema-graph\">{\"@context\":\"https:\/\/schema.org\",\"@graph\":[{\"@type\":\"WebPage\",\"@id\":\"https:\/\/cosmetic.lv\/lv\/product\/vivasan-eliksirs-mutes-dobuma-skalosanai\/\",\"url\":\"https:\/\/cosmetic.lv\/lv\/product\/vivasan-eliksirs-mutes-dobuma-skalosanai\/\",\"name\":\"VIVASAN Eliks\u012brs mutes dobuma skalo\u0161anai - cosmetic.lv\",\"isPartOf\":{\"@id\":\"https:\/\/cosmetic.lv\/lv\/#website\"},\"primaryImageOfPage\":{\"@id\":\"https:\/\/cosmetic.lv\/lv\/product\/vivasan-eliksirs-mutes-dobuma-skalosanai\/#primaryimage\"},\"image\":{\"@id\":\"https:\/\/cosmetic.lv\/lv\/product\/vivasan-eliksirs-mutes-dobuma-skalosanai\/#primaryimage\"},\"thumbnailUrl\":\"https:\/\/cosmetic.lv\/wp-content\/uploads\/2021\/02\/jeliksir_dlja_poloskanija_rtav-4.jpg\",\"datePublished\":\"2021-02-06T17:50:26+00:00\",\"dateModified\":\"2021-02-06T17:50:31+00:00\",\"breadcrumb\":{\"@id\":\"https:\/\/cosmetic.lv\/lv\/product\/vivasan-eliksirs-mutes-dobuma-skalosanai\/#breadcrumb\"},\"inLanguage\":\"lv-LV\",\"potentialAction\":[{\"@type\":\"ReadAction\",\"target\":[\"https:\/\/cosmetic.lv\/lv\/product\/vivasan-eliksirs-mutes-dobuma-skalosanai\/\"]}]},{\"@type\":\"ImageObject\",\"inLanguage\":\"lv-LV\",\"@id\":\"https:\/\/cosmetic.lv\/lv\/product\/vivasan-eliksirs-mutes-dobuma-skalosanai\/#primaryimage\",\"url\":\"https:\/\/cosmetic.lv\/wp-content\/uploads\/2021\/02\/jeliksir_dlja_poloskanija_rtav-4.jpg\",\"contentUrl\":\"https:\/\/cosmetic.lv\/wp-content\/uploads\/2021\/02\/jeliksir_dlja_poloskanija_rtav-4.jpg\",\"width\":366,\"height\":366,\"caption\":\"jeliksir_dlja_poloskanija_rtav.jpg\"},{\"@type\":\"BreadcrumbList\",\"@id\":\"https:\/\/cosmetic.lv\/lv\/product\/vivasan-eliksirs-mutes-dobuma-skalosanai\/#breadcrumb\",\"itemListElement\":[{\"@type\":\"ListItem\",\"position\":1,\"name\":\"Home\",\"item\":\"https:\/\/cosmetic.lv\/lv\/\"},{\"@type\":\"ListItem\",\"position\":2,\"name\":\"Veikals\",\"item\":\"https:\/\/cosmetic.lv\/lv\/veiklas\/\"},{\"@type\":\"ListItem\",\"position\":3,\"name\":\"VIVASAN Eliks\u012brs mutes dobuma skalo\u0161anai\"}]},{\"@type\":\"WebSite\",\"@id\":\"https:\/\/cosmetic.lv\/lv\/#website\",\"url\":\"https:\/\/cosmetic.lv\/lv\/\",\"name\":\"cosmetic.lv\",\"description\":\"Profesion\u0101la kosm\u0113tika - Maria Galland, Keune, Arkadija, GMT, Guam, Magiray\",\"publisher\":{\"@id\":\"https:\/\/cosmetic.lv\/lv\/#organization\"},\"potentialAction\":[{\"@type\":\"SearchAction\",\"target\":{\"@type\":\"EntryPoint\",\"urlTemplate\":\"https:\/\/cosmetic.lv\/lv\/?s={search_term_string}\"},\"query-input\":{\"@type\":\"PropertyValueSpecification\",\"valueRequired\":true,\"valueName\":\"search_term_string\"}}],\"inLanguage\":\"lv-LV\"},{\"@type\":\"Organization\",\"@id\":\"https:\/\/cosmetic.lv\/lv\/#organization\",\"name\":\"COSMETIC.LV\",\"url\":\"https:\/\/cosmetic.lv\/lv\/\",\"logo\":{\"@type\":\"ImageObject\",\"inLanguage\":\"lv-LV\",\"@id\":\"https:\/\/cosmetic.lv\/lv\/#\/schema\/logo\/image\/\",\"url\":\"https:\/\/cosmetic.lv\/wp-content\/uploads\/2021\/02\/cosmetic.lv_logo.jpg\",\"contentUrl\":\"https:\/\/cosmetic.lv\/wp-content\/uploads\/2021\/02\/cosmetic.lv_logo.jpg\",\"width\":596,\"height\":196,\"caption\":\"COSMETIC.LV\"},\"image\":{\"@id\":\"https:\/\/cosmetic.lv\/lv\/#\/schema\/logo\/image\/\"},\"sameAs\":[\"https:\/\/www.facebook.com\/cosmetic.lv\/\"]}]}<\/script>\n<meta property=\"product:price:amount\" content=\"22.00\" \/>\n<meta property=\"product:price:currency\" content=\"EUR\" \/>\n<meta property=\"og:availability\" content=\"instock\" \/>\n<meta property=\"product:availability\" content=\"instock\" \/>\n<meta property=\"product:retailer_item_id\" content=\"EL\" \/>\n<meta property=\"product:condition\" content=\"new\" \/>\n<!-- \/ Yoast SEO Premium plugin. -->","yoast_head_json":{"title":"VIVASAN Eliks\u012brs mutes dobuma skalo\u0161anai - cosmetic.lv","robots":{"index":"index","follow":"follow","max-snippet":"max-snippet:-1","max-image-preview":"max-image-preview:large","max-video-preview":"max-video-preview:-1"},"canonical":"https:\/\/cosmetic.lv\/lv\/product\/vivasan-eliksirs-mutes-dobuma-skalosanai\/","og_locale":"lv_LV","og_type":"article","og_title":"VIVASAN Eliks\u012brs mutes dobuma skalo\u0161anai","og_description":"&nbsp;Koncentr\u0101ts ar mais\u012bjumu \u0113terisko e\u013c\u013cu (apels\u012bnu, piparm\u0113tru, lavandas, krustnagli\u0146as, citrona, timi\u0101ns, pist\u0101cijas, t\u0113jas koks, t\u0113jas koks, Kanukov) efekt\u012bvai mutes dobuma","og_url":"https:\/\/cosmetic.lv\/lv\/product\/vivasan-eliksirs-mutes-dobuma-skalosanai\/","og_site_name":"cosmetic.lv","article_publisher":"https:\/\/www.facebook.com\/cosmetic.lv\/","article_modified_time":"2021-02-06T17:50:31+00:00","og_image":[{"width":366,"height":366,"url":"https:\/\/cosmetic.lv\/wp-content\/uploads\/2021\/02\/jeliksir_dlja_poloskanija_rtav-4.jpg","type":"image\/jpeg"}],"twitter_card":"summary_large_image","schema":{"@context":"https:\/\/schema.org","@graph":[{"@type":"WebPage","@id":"https:\/\/cosmetic.lv\/lv\/product\/vivasan-eliksirs-mutes-dobuma-skalosanai\/","url":"https:\/\/cosmetic.lv\/lv\/product\/vivasan-eliksirs-mutes-dobuma-skalosanai\/","name":"VIVASAN Eliks\u012brs mutes dobuma skalo\u0161anai - cosmetic.lv","isPartOf":{"@id":"https:\/\/cosmetic.lv\/lv\/#website"},"primaryImageOfPage":{"@id":"https:\/\/cosmetic.lv\/lv\/product\/vivasan-eliksirs-mutes-dobuma-skalosanai\/#primaryimage"},"image":{"@id":"https:\/\/cosmetic.lv\/lv\/product\/vivasan-eliksirs-mutes-dobuma-skalosanai\/#primaryimage"},"thumbnailUrl":"https:\/\/cosmetic.lv\/wp-content\/uploads\/2021\/02\/jeliksir_dlja_poloskanija_rtav-4.jpg","datePublished":"2021-02-06T17:50:26+00:00","dateModified":"2021-02-06T17:50:31+00:00","breadcrumb":{"@id":"https:\/\/cosmetic.lv\/lv\/product\/vivasan-eliksirs-mutes-dobuma-skalosanai\/#breadcrumb"},"inLanguage":"lv-LV","potentialAction":[{"@type":"ReadAction","target":["https:\/\/cosmetic.lv\/lv\/product\/vivasan-eliksirs-mutes-dobuma-skalosanai\/"]}]},{"@type":"ImageObject","inLanguage":"lv-LV","@id":"https:\/\/cosmetic.lv\/lv\/product\/vivasan-eliksirs-mutes-dobuma-skalosanai\/#primaryimage","url":"https:\/\/cosmetic.lv\/wp-content\/uploads\/2021\/02\/jeliksir_dlja_poloskanija_rtav-4.jpg","contentUrl":"https:\/\/cosmetic.lv\/wp-content\/uploads\/2021\/02\/jeliksir_dlja_poloskanija_rtav-4.jpg","width":366,"height":366,"caption":"jeliksir_dlja_poloskanija_rtav.jpg"},{"@type":"BreadcrumbList","@id":"https:\/\/cosmetic.lv\/lv\/product\/vivasan-eliksirs-mutes-dobuma-skalosanai\/#breadcrumb","itemListElement":[{"@type":"ListItem","position":1,"name":"Home","item":"https:\/\/cosmetic.lv\/lv\/"},{"@type":"ListItem","position":2,"name":"Veikals","item":"https:\/\/cosmetic.lv\/lv\/veiklas\/"},{"@type":"ListItem","position":3,"name":"VIVASAN Eliks\u012brs mutes dobuma skalo\u0161anai"}]},{"@type":"WebSite","@id":"https:\/\/cosmetic.lv\/lv\/#website","url":"https:\/\/cosmetic.lv\/lv\/","name":"cosmetic.lv","description":"Profesion\u0101la kosm\u0113tika - Maria Galland, Keune, Arkadija, GMT, Guam, Magiray","publisher":{"@id":"https:\/\/cosmetic.lv\/lv\/#organization"},"potentialAction":[{"@type":"SearchAction","target":{"@type":"EntryPoint","urlTemplate":"https:\/\/cosmetic.lv\/lv\/?s={search_term_string}"},"query-input":{"@type":"PropertyValueSpecification","valueRequired":true,"valueName":"search_term_string"}}],"inLanguage":"lv-LV"},{"@type":"Organization","@id":"https:\/\/cosmetic.lv\/lv\/#organization","name":"COSMETIC.LV","url":"https:\/\/cosmetic.lv\/lv\/","logo":{"@type":"ImageObject","inLanguage":"lv-LV","@id":"https:\/\/cosmetic.lv\/lv\/#\/schema\/logo\/image\/","url":"https:\/\/cosmetic.lv\/wp-content\/uploads\/2021\/02\/cosmetic.lv_logo.jpg","contentUrl":"https:\/\/cosmetic.lv\/wp-content\/uploads\/2021\/02\/cosmetic.lv_logo.jpg","width":596,"height":196,"caption":"COSMETIC.LV"},"image":{"@id":"https:\/\/cosmetic.lv\/lv\/#\/schema\/logo\/image\/"},"sameAs":["https:\/\/www.facebook.com\/cosmetic.lv\/"]}]},"product_price_amount":"22.00","product_price_currency":"EUR","og_availability":"instock","product_availability":"instock","product_retailer_item_id":"EL","product_condition":"new"},"_links":{"self":[{"href":"https:\/\/cosmetic.lv\/lv\/wp-json\/wp\/v2\/product\/34252","targetHints":{"allow":["GET"]}}],"collection":[{"href":"https:\/\/cosmetic.lv\/lv\/wp-json\/wp\/v2\/product"}],"about":[{"href":"https:\/\/cosmetic.lv\/lv\/wp-json\/wp\/v2\/types\/product"}],"wp:featuredmedia":[{"embeddable":true,"href":"https:\/\/cosmetic.lv\/lv\/wp-json\/wp\/v2\/media\/16149"}],"wp:attachment":[{"href":"https:\/\/cosmetic.lv\/lv\/wp-json\/wp\/v2\/media?parent=34252"}],"wp:term":[{"taxonomy":"product_brand","embeddable":true,"href":"https:\/\/cosmetic.lv\/lv\/wp-json\/wp\/v2\/product_brand?post=34252"},{"taxonomy":"product_cat","embeddable":true,"href":"https:\/\/cosmetic.lv\/lv\/wp-json\/wp\/v2\/product_cat?post=34252"},{"taxonomy":"product_tag","embeddable":true,"href":"https:\/\/cosmetic.lv\/lv\/wp-json\/wp\/v2\/product_tag?post=34252"}],"curies":[{"name":"wp","href":"https:\/\/api.w.org\/{rel}","templated":true}]}}