{"id":34255,"date":"2021-02-05T22:40:15","date_gmt":"2021-02-06T17:50:33","guid":{"rendered":"https:\/\/damme.lv\/product\/vivasan-dusas-zeleja-sensuale-ar-francu-rozu-ziedu-ekstraktu\/"},"modified":"2021-02-06T19:50:34","modified_gmt":"2021-02-06T17:50:34","slug":"vivasan-dusas-zeleja-sensuale-ar-francu-rozu-ziedu-ekstraktu","status":"publish","type":"product","link":"https:\/\/cosmetic.lv\/lv\/product\/vivasan-dusas-zeleja-sensuale-ar-francu-rozu-ziedu-ekstraktu\/","title":{"rendered":"VIVASAN Du\u0161as \u017eeleja &quot;sensuale&quot; ar fran\u010du ro\u017eu ziedu ekstraktu."},"content":{"rendered":"<p><P>Atsvaidzino\u0161s piegar\u0161u \u017eeleja jut\u012bgai \u0101dai maigi att\u012bra, toniz\u0113 un mitrina \u0101du, nomierino\u0161a un barojo\u0161a <\/P><br \/>\n<P><BR>200 ml<\/P><\/p>\n","protected":false},"excerpt":{"rendered":"<p>Atsvaidzino\u0161s piegar\u0161u \u017eeleja jut\u012bgai \u0101dai maigi att\u012bra, toniz\u0113 un mitrina \u0101du, nomierino\u0161a un barojo\u0161a 200 ml<\/p>\n","protected":false},"featured_media":9444,"template":"","meta":[],"product_brand":[],"product_cat":[2200,2216,2218],"product_tag":[],"class_list":{"0":"post-34255","1":"product","2":"type-product","3":"status-publish","4":"has-post-thumbnail","6":"product_cat-skaistums-un-veseliba-lv","7":"product_cat-kermena-kopsana-lv","8":"product_cat-viss-kermenis-lv","10":"first","11":"instock","12":"sale","13":"taxable","14":"shipping-taxable","15":"purchasable","16":"product-type-simple"},"yoast_head":"<!-- This site is optimized with the Yoast SEO Premium plugin v27.0 (Yoast SEO v27.0) - https:\/\/yoast.com\/product\/yoast-seo-premium-wordpress\/ -->\n<title>VIVASAN Du\u0161as \u017eeleja &quot;sensuale&quot; ar fran\u010du ro\u017eu ziedu ekstraktu. - cosmetic.lv<\/title>\n<meta name=\"robots\" content=\"index, follow, max-snippet:-1, max-image-preview:large, max-video-preview:-1\" \/>\n<link rel=\"canonical\" href=\"https:\/\/cosmetic.lv\/lv\/product\/vivasan-dusas-zeleja-sensuale-ar-francu-rozu-ziedu-ekstraktu\/\" \/>\n<meta property=\"og:locale\" content=\"lv_LV\" \/>\n<meta property=\"og:type\" content=\"article\" \/>\n<meta property=\"og:title\" content=\"VIVASAN Du\u0161as \u017eeleja &quot;sensuale&quot; ar fran\u010du ro\u017eu ziedu ekstraktu.\" \/>\n<meta property=\"og:description\" content=\"Atsvaidzino\u0161s piegar\u0161u \u017eeleja jut\u012bgai \u0101dai maigi att\u012bra, toniz\u0113 un mitrina \u0101du, nomierino\u0161a un barojo\u0161a 200 ml\" \/>\n<meta property=\"og:url\" content=\"https:\/\/cosmetic.lv\/lv\/product\/vivasan-dusas-zeleja-sensuale-ar-francu-rozu-ziedu-ekstraktu\/\" \/>\n<meta property=\"og:site_name\" content=\"cosmetic.lv\" \/>\n<meta property=\"article:publisher\" content=\"https:\/\/www.facebook.com\/cosmetic.lv\/\" \/>\n<meta property=\"article:modified_time\" content=\"2021-02-06T17:50:34+00:00\" \/>\n<meta property=\"og:image\" content=\"https:\/\/cosmetic.lv\/wp-content\/uploads\/2021\/02\/gel_dlja_dusha_sensualevi.jpg\" \/>\n\t<meta property=\"og:image:width\" content=\"323\" \/>\n\t<meta property=\"og:image:height\" content=\"323\" \/>\n\t<meta property=\"og:image:type\" content=\"image\/jpeg\" \/>\n<meta name=\"twitter:card\" content=\"summary_large_image\" \/>\n<script type=\"application\/ld+json\" class=\"yoast-schema-graph\">{\"@context\":\"https:\/\/schema.org\",\"@graph\":[{\"@type\":\"WebPage\",\"@id\":\"https:\/\/cosmetic.lv\/lv\/product\/vivasan-dusas-zeleja-sensuale-ar-francu-rozu-ziedu-ekstraktu\/\",\"url\":\"https:\/\/cosmetic.lv\/lv\/product\/vivasan-dusas-zeleja-sensuale-ar-francu-rozu-ziedu-ekstraktu\/\",\"name\":\"VIVASAN Du\u0161as \u017eeleja &quot;sensuale&quot; ar fran\u010du ro\u017eu ziedu ekstraktu. - cosmetic.lv\",\"isPartOf\":{\"@id\":\"https:\/\/cosmetic.lv\/lv\/#website\"},\"primaryImageOfPage\":{\"@id\":\"https:\/\/cosmetic.lv\/lv\/product\/vivasan-dusas-zeleja-sensuale-ar-francu-rozu-ziedu-ekstraktu\/#primaryimage\"},\"image\":{\"@id\":\"https:\/\/cosmetic.lv\/lv\/product\/vivasan-dusas-zeleja-sensuale-ar-francu-rozu-ziedu-ekstraktu\/#primaryimage\"},\"thumbnailUrl\":\"https:\/\/cosmetic.lv\/wp-content\/uploads\/2021\/02\/gel_dlja_dusha_sensualevi.jpg\",\"datePublished\":\"2021-02-06T17:50:33+00:00\",\"dateModified\":\"2021-02-06T17:50:34+00:00\",\"breadcrumb\":{\"@id\":\"https:\/\/cosmetic.lv\/lv\/product\/vivasan-dusas-zeleja-sensuale-ar-francu-rozu-ziedu-ekstraktu\/#breadcrumb\"},\"inLanguage\":\"lv-LV\",\"potentialAction\":[{\"@type\":\"ReadAction\",\"target\":[\"https:\/\/cosmetic.lv\/lv\/product\/vivasan-dusas-zeleja-sensuale-ar-francu-rozu-ziedu-ekstraktu\/\"]}]},{\"@type\":\"ImageObject\",\"inLanguage\":\"lv-LV\",\"@id\":\"https:\/\/cosmetic.lv\/lv\/product\/vivasan-dusas-zeleja-sensuale-ar-francu-rozu-ziedu-ekstraktu\/#primaryimage\",\"url\":\"https:\/\/cosmetic.lv\/wp-content\/uploads\/2021\/02\/gel_dlja_dusha_sensualevi.jpg\",\"contentUrl\":\"https:\/\/cosmetic.lv\/wp-content\/uploads\/2021\/02\/gel_dlja_dusha_sensualevi.jpg\",\"width\":323,\"height\":323,\"caption\":\"gel_dlja_dusha_sensualeVI.jpg\"},{\"@type\":\"BreadcrumbList\",\"@id\":\"https:\/\/cosmetic.lv\/lv\/product\/vivasan-dusas-zeleja-sensuale-ar-francu-rozu-ziedu-ekstraktu\/#breadcrumb\",\"itemListElement\":[{\"@type\":\"ListItem\",\"position\":1,\"name\":\"Home\",\"item\":\"https:\/\/cosmetic.lv\/lv\/\"},{\"@type\":\"ListItem\",\"position\":2,\"name\":\"Veikals\",\"item\":\"https:\/\/cosmetic.lv\/lv\/veiklas\/\"},{\"@type\":\"ListItem\",\"position\":3,\"name\":\"VIVASAN Du\u0161as \u017eeleja &quot;sensuale&quot; ar fran\u010du ro\u017eu ziedu ekstraktu.\"}]},{\"@type\":\"WebSite\",\"@id\":\"https:\/\/cosmetic.lv\/lv\/#website\",\"url\":\"https:\/\/cosmetic.lv\/lv\/\",\"name\":\"cosmetic.lv\",\"description\":\"Profesion\u0101la kosm\u0113tika - Maria Galland, Keune, Arkadija, GMT, Guam, Magiray\",\"publisher\":{\"@id\":\"https:\/\/cosmetic.lv\/lv\/#organization\"},\"potentialAction\":[{\"@type\":\"SearchAction\",\"target\":{\"@type\":\"EntryPoint\",\"urlTemplate\":\"https:\/\/cosmetic.lv\/lv\/?s={search_term_string}\"},\"query-input\":{\"@type\":\"PropertyValueSpecification\",\"valueRequired\":true,\"valueName\":\"search_term_string\"}}],\"inLanguage\":\"lv-LV\"},{\"@type\":\"Organization\",\"@id\":\"https:\/\/cosmetic.lv\/lv\/#organization\",\"name\":\"COSMETIC.LV\",\"url\":\"https:\/\/cosmetic.lv\/lv\/\",\"logo\":{\"@type\":\"ImageObject\",\"inLanguage\":\"lv-LV\",\"@id\":\"https:\/\/cosmetic.lv\/lv\/#\/schema\/logo\/image\/\",\"url\":\"https:\/\/cosmetic.lv\/wp-content\/uploads\/2021\/02\/cosmetic.lv_logo.jpg\",\"contentUrl\":\"https:\/\/cosmetic.lv\/wp-content\/uploads\/2021\/02\/cosmetic.lv_logo.jpg\",\"width\":596,\"height\":196,\"caption\":\"COSMETIC.LV\"},\"image\":{\"@id\":\"https:\/\/cosmetic.lv\/lv\/#\/schema\/logo\/image\/\"},\"sameAs\":[\"https:\/\/www.facebook.com\/cosmetic.lv\/\"]}]}<\/script>\n<meta property=\"product:price:amount\" content=\"20.07\" \/>\n<meta property=\"product:price:currency\" content=\"EUR\" \/>\n<meta property=\"og:availability\" content=\"instock\" \/>\n<meta property=\"product:availability\" content=\"instock\" \/>\n<meta property=\"product:retailer_item_id\" content=\"SEN\" \/>\n<meta property=\"product:condition\" content=\"new\" \/>\n<!-- \/ Yoast SEO Premium plugin. -->","yoast_head_json":{"title":"VIVASAN Du\u0161as \u017eeleja &quot;sensuale&quot; ar fran\u010du ro\u017eu ziedu ekstraktu. - cosmetic.lv","robots":{"index":"index","follow":"follow","max-snippet":"max-snippet:-1","max-image-preview":"max-image-preview:large","max-video-preview":"max-video-preview:-1"},"canonical":"https:\/\/cosmetic.lv\/lv\/product\/vivasan-dusas-zeleja-sensuale-ar-francu-rozu-ziedu-ekstraktu\/","og_locale":"lv_LV","og_type":"article","og_title":"VIVASAN Du\u0161as \u017eeleja &quot;sensuale&quot; ar fran\u010du ro\u017eu ziedu ekstraktu.","og_description":"Atsvaidzino\u0161s piegar\u0161u \u017eeleja jut\u012bgai \u0101dai maigi att\u012bra, toniz\u0113 un mitrina \u0101du, nomierino\u0161a un barojo\u0161a 200 ml","og_url":"https:\/\/cosmetic.lv\/lv\/product\/vivasan-dusas-zeleja-sensuale-ar-francu-rozu-ziedu-ekstraktu\/","og_site_name":"cosmetic.lv","article_publisher":"https:\/\/www.facebook.com\/cosmetic.lv\/","article_modified_time":"2021-02-06T17:50:34+00:00","og_image":[{"width":323,"height":323,"url":"https:\/\/cosmetic.lv\/wp-content\/uploads\/2021\/02\/gel_dlja_dusha_sensualevi.jpg","type":"image\/jpeg"}],"twitter_card":"summary_large_image","schema":{"@context":"https:\/\/schema.org","@graph":[{"@type":"WebPage","@id":"https:\/\/cosmetic.lv\/lv\/product\/vivasan-dusas-zeleja-sensuale-ar-francu-rozu-ziedu-ekstraktu\/","url":"https:\/\/cosmetic.lv\/lv\/product\/vivasan-dusas-zeleja-sensuale-ar-francu-rozu-ziedu-ekstraktu\/","name":"VIVASAN Du\u0161as \u017eeleja &quot;sensuale&quot; ar fran\u010du ro\u017eu ziedu ekstraktu. - cosmetic.lv","isPartOf":{"@id":"https:\/\/cosmetic.lv\/lv\/#website"},"primaryImageOfPage":{"@id":"https:\/\/cosmetic.lv\/lv\/product\/vivasan-dusas-zeleja-sensuale-ar-francu-rozu-ziedu-ekstraktu\/#primaryimage"},"image":{"@id":"https:\/\/cosmetic.lv\/lv\/product\/vivasan-dusas-zeleja-sensuale-ar-francu-rozu-ziedu-ekstraktu\/#primaryimage"},"thumbnailUrl":"https:\/\/cosmetic.lv\/wp-content\/uploads\/2021\/02\/gel_dlja_dusha_sensualevi.jpg","datePublished":"2021-02-06T17:50:33+00:00","dateModified":"2021-02-06T17:50:34+00:00","breadcrumb":{"@id":"https:\/\/cosmetic.lv\/lv\/product\/vivasan-dusas-zeleja-sensuale-ar-francu-rozu-ziedu-ekstraktu\/#breadcrumb"},"inLanguage":"lv-LV","potentialAction":[{"@type":"ReadAction","target":["https:\/\/cosmetic.lv\/lv\/product\/vivasan-dusas-zeleja-sensuale-ar-francu-rozu-ziedu-ekstraktu\/"]}]},{"@type":"ImageObject","inLanguage":"lv-LV","@id":"https:\/\/cosmetic.lv\/lv\/product\/vivasan-dusas-zeleja-sensuale-ar-francu-rozu-ziedu-ekstraktu\/#primaryimage","url":"https:\/\/cosmetic.lv\/wp-content\/uploads\/2021\/02\/gel_dlja_dusha_sensualevi.jpg","contentUrl":"https:\/\/cosmetic.lv\/wp-content\/uploads\/2021\/02\/gel_dlja_dusha_sensualevi.jpg","width":323,"height":323,"caption":"gel_dlja_dusha_sensualeVI.jpg"},{"@type":"BreadcrumbList","@id":"https:\/\/cosmetic.lv\/lv\/product\/vivasan-dusas-zeleja-sensuale-ar-francu-rozu-ziedu-ekstraktu\/#breadcrumb","itemListElement":[{"@type":"ListItem","position":1,"name":"Home","item":"https:\/\/cosmetic.lv\/lv\/"},{"@type":"ListItem","position":2,"name":"Veikals","item":"https:\/\/cosmetic.lv\/lv\/veiklas\/"},{"@type":"ListItem","position":3,"name":"VIVASAN Du\u0161as \u017eeleja &quot;sensuale&quot; ar fran\u010du ro\u017eu ziedu ekstraktu."}]},{"@type":"WebSite","@id":"https:\/\/cosmetic.lv\/lv\/#website","url":"https:\/\/cosmetic.lv\/lv\/","name":"cosmetic.lv","description":"Profesion\u0101la kosm\u0113tika - Maria Galland, Keune, Arkadija, GMT, Guam, Magiray","publisher":{"@id":"https:\/\/cosmetic.lv\/lv\/#organization"},"potentialAction":[{"@type":"SearchAction","target":{"@type":"EntryPoint","urlTemplate":"https:\/\/cosmetic.lv\/lv\/?s={search_term_string}"},"query-input":{"@type":"PropertyValueSpecification","valueRequired":true,"valueName":"search_term_string"}}],"inLanguage":"lv-LV"},{"@type":"Organization","@id":"https:\/\/cosmetic.lv\/lv\/#organization","name":"COSMETIC.LV","url":"https:\/\/cosmetic.lv\/lv\/","logo":{"@type":"ImageObject","inLanguage":"lv-LV","@id":"https:\/\/cosmetic.lv\/lv\/#\/schema\/logo\/image\/","url":"https:\/\/cosmetic.lv\/wp-content\/uploads\/2021\/02\/cosmetic.lv_logo.jpg","contentUrl":"https:\/\/cosmetic.lv\/wp-content\/uploads\/2021\/02\/cosmetic.lv_logo.jpg","width":596,"height":196,"caption":"COSMETIC.LV"},"image":{"@id":"https:\/\/cosmetic.lv\/lv\/#\/schema\/logo\/image\/"},"sameAs":["https:\/\/www.facebook.com\/cosmetic.lv\/"]}]},"product_price_amount":"20.07","product_price_currency":"EUR","og_availability":"instock","product_availability":"instock","product_retailer_item_id":"SEN","product_condition":"new"},"_links":{"self":[{"href":"https:\/\/cosmetic.lv\/lv\/wp-json\/wp\/v2\/product\/34255","targetHints":{"allow":["GET"]}}],"collection":[{"href":"https:\/\/cosmetic.lv\/lv\/wp-json\/wp\/v2\/product"}],"about":[{"href":"https:\/\/cosmetic.lv\/lv\/wp-json\/wp\/v2\/types\/product"}],"wp:featuredmedia":[{"embeddable":true,"href":"https:\/\/cosmetic.lv\/lv\/wp-json\/wp\/v2\/media\/9444"}],"wp:attachment":[{"href":"https:\/\/cosmetic.lv\/lv\/wp-json\/wp\/v2\/media?parent=34255"}],"wp:term":[{"taxonomy":"product_brand","embeddable":true,"href":"https:\/\/cosmetic.lv\/lv\/wp-json\/wp\/v2\/product_brand?post=34255"},{"taxonomy":"product_cat","embeddable":true,"href":"https:\/\/cosmetic.lv\/lv\/wp-json\/wp\/v2\/product_cat?post=34255"},{"taxonomy":"product_tag","embeddable":true,"href":"https:\/\/cosmetic.lv\/lv\/wp-json\/wp\/v2\/product_tag?post=34255"}],"curies":[{"name":"wp","href":"https:\/\/api.w.org\/{rel}","templated":true}]}}