{"id":34256,"date":"2021-02-05T22:40:15","date_gmt":"2021-02-06T17:50:33","guid":{"rendered":"https:\/\/damme.lv\/product\/vivasan-toniks-sejai-ar-tejas-koku\/"},"modified":"2021-02-06T19:50:34","modified_gmt":"2021-02-06T17:50:34","slug":"vivasan-toniks-sejai-ar-tejas-koku","status":"publish","type":"product","link":"https:\/\/cosmetic.lv\/lv\/product\/vivasan-toniks-sejai-ar-tejas-koku\/","title":{"rendered":"VIVASAN Toniks sejai ar t\u0113jas koku"},"content":{"rendered":"<p><P>&nbsp;Toniks ikdienas apr\u016bpi taukainai, kombin\u0101ciju un pinnes tend\u0113tas \u0101das.&nbsp;<BR>&nbsp;<BR>Ikdienas kop\u0161anai taukainai, kombin\u0101ciju un pinnes tend\u0113tas \u0101das.&nbsp; Nodro\u0161ina dzi\u013cu t\u012br\u012b\u0161anu, \u0101das kop\u0161ana un aizsardz\u012bba.&nbsp; Ir efekt\u012bvs antibakteri\u0101ls un dezinfekcijas efekts.&nbsp; Nov\u0113r\u0161 jaun\u012bbas pinnes, pinnes, iekaisumu un kairin\u0101jumu. Atsvaidzina un toniz\u0113 \u0101du, \u012bpa\u0161i p\u0113c sk\u016b\u0161an\u0101s.&nbsp; Atbalsta dabas \u0101das funkcijas, atjauno to, atjauno un stiprina aizsargsl\u0101ni sk\u0101bes sl\u0101ni. <\/P><br \/>\n<P>&nbsp;Toniz\u0113jo\u0161a T\u0113jas koks ar t\u0113jas koks un Rosalyn &#8211; k\u0101 l\u012bdzekli ikdienas \u0101das kop\u0161anai &#8211; papildina un bag\u0101tina produktu l\u012bnija VIVASAN &quot;Tea Tree&quot;. T\u0101 k\u0101 m\u016bsu sejas katru dienu pak\u013cauti kait\u012bgo ietekmi uz vidi, un nav \u0161\u0101du aizsardz\u012bbu, k\u0101 m\u016bsu \u0137ermen\u012b (ap\u0123\u0113rbu un apavu), mums j\u0101b\u016bt \u012bpa\u0161i uzman\u012bgiem, lai att\u012br\u012btu, aizsarg\u0101t un r\u016bp\u0113ties par vi\u0146u. Toniz\u0113jo\u0161a T\u0113jas koks ar t\u0113jas koks un Rosalyn nodro\u0161ina visas \u0161\u012bs funkcijas uzreiz &#8211; t\u012br\u012b\u0161ana, kop\u0161ana un aizsardz\u012bba, jaun\u0101kais ir &quot;produkts tr\u012bsf\u0101zu&quot;, kas ir viens pieteikums nodro\u0161ina tr\u012bs laika rezult\u0101tu. <\/P><br \/>\n<P>&nbsp;Pirmk\u0101rt, dzi\u013c\u0101 t\u012br\u012b\u0161ana, kas atbr\u012bvo \u0101du no da\u017e\u0101diem pies\u0101r\u0146ojuma: oglek\u013ca, kv\u0113pu, izpl\u016bdes, r\u016bpniecisk\u0101s emisijas, uc, k\u0101 ar\u012b no t\u0101s pa\u0161as sebum, sviedru, uc Ja jums nav no\u0146emt \u0161os kait\u012bgas vielas, tad tas var izrais\u012bt iekaisumu un kairin\u0101jumu uz \u0101das, l\u012bdz aler\u0123iskas reakcijas un rad\u012bt kait\u0113jumu aizsarg\u0101jo\u0161u sk\u0101bes sl\u0101ni uz \u0101das, kas paver ce\u013cu uz iek\u013c\u016b\u0161anu da\u017e\u0101d\u0101m infekcij\u0101m.&nbsp;<BR>Otrk\u0101rt, r\u016bp\u012bgi \u0101das kop\u0161anai, kas ir tas, ka akt\u012bv\u0101s sast\u0101vda\u013cas \u0113terisko e\u013c\u013cu un Burvjlazdas ir uz \u0101das antibakteri\u0101la, dezinfekcijas, nomierino\u0161a un saska\u0146ojot efektu, neradot kairin\u0101jumu un sausa \u0101da. \u041a\u0440\u043e\u043c\u0435 \u0442\u043e\u0433\u043e, \u043c\u0430\u0441\u043b\u043e \u0440\u043e\u0437\u0430\u043b\u0438\u043d\u044b \u0443\u0441\u043f\u043e\u043a\u0430\u0438\u0432\u0430\u0435\u0442 \u043a\u043e\u0436\u0443. Turkl\u0101t naftas Rosaline nomierina \u0101du. Augsts saturs mitrino\u0161u toniz\u0113jo\u0161o vielu (sorb\u012bts, glicer\u012bns, pentilenglikol) samazina nev\u0113lamas sekas alkohola uz \u0101das un iev\u0113rojami uzlabo komforta oschuscheniy.Tonik ar t\u0113jas koks T\u0113jas koks un Rosalyn veicina \u0101das atjauno\u0161anos, uzlabo strukt\u016bru un \u0101das izskatu, nov\u0113r\u0161 pinnes, pimples, iekaisumu, kairin\u0101jums, \u0101das to\u0146us.&nbsp;<BR>Tre\u0161k\u0101rt, akt\u012bv\u0101 aizsardz\u012bba no \u0101das.&nbsp; Ar pH 4,5-5,5, toniz\u0113jo\u0161a atjauno un uzlabo dabisko izskatu sk\u0101bes sl\u0101ni, kas nodro\u0161ina piln\u012bgu un uzticamu aizsardz\u012bbu no \u0101das.&nbsp;<BR>\u0112terisko e\u013c\u013cu t\u0113jas koka, t\u0113jas koks, Rosalyn sast\u0101vs &#8211; pretiekaisuma, antibakteri\u0101la, nomierino\u0161a, mazina aps\u0101rtumu, kairin\u0101jumu un uz \u0101das iekaisumu, dezinfic\u0113 problem\u0101tiskai \u0101dai, uzlabo asins cirkul\u0101ciju.&nbsp; Pievienojot toniz\u0113jo\u0161u Rosaline e\u013c\u013cu, jo t\u0101 augsto pretmikrobu aktivit\u0101tes. <\/P><br \/>\n<P>Lavandas \u0113terisk\u0101 e\u013c\u013ca stimul\u0113 sadz\u012b\u0161anu \u0101das mikro traumas. <\/P><br \/>\n<P>ekstrakts ir savelko\u0161a, veicina kontrakcijas un nosl\u0113guma poras un tauku dziedzeri, un t\u0101d\u0113j\u0101di samazina p\u0101rm\u0113r\u012bgu zhirootdeleniya. Turkl\u0101t, raganu lazda ekstrakts lieliski toniz\u0113 \u0101du. <\/P><br \/>\n<P>&nbsp;Glicer\u012bns, kas ir lielisks m\u012bkstino\u0161s un mitrino\u0161s, uzlabo tvirtumu un elast\u012bbu. \u041e\u043d Tas nov\u0113r\u0161 nepat\u012bkamu saj\u016btu herm\u0113tiskumu un \u0101das sausumu un aizsarg\u0101 to no kait\u012bgiem vides faktoriem. <\/P><br \/>\n<P>&nbsp;Sorbitols, propil\u0113nglikols &#8211; moisturizers, regul\u0113t \u016bdens l\u012bdzsvaru \u0101d\u0101, lai veidotu aizsargpl\u0113vi uz \u0101das un aizsarg\u0101 pret sausumu, sniedzot \u0101das maigumu un elast\u012bbu. <\/P><br \/>\n<P>Toniz\u0113jo\u0161a T\u0113jas koks ar t\u0113jas koks un Rosalyn piem\u0113rota visu vecumu, bet \u012bpa\u0161i ieteicams pusaud\u017eiem ar \u0101das probl\u0113m\u0101m &#8211; \u0101tri nov\u0113r\u0161 noveco\u0161an\u0101s \u0101das izsitumi. Ide\u0101li piem\u0113rots kombin\u0101cij\u0101 un taukainai \u0101dai probl\u0113mu.&nbsp; Bez konservantiem.&nbsp;<BR>&nbsp;<BR>&nbsp;<BR>Pieteikums: No r\u012bta un vakar\u0101, piem\u0113ro iepriek\u0161 mazg\u0101ju j\u016bsu sejas vai \u0137erme\u0146a ar vates tamponu.&nbsp;<BR>&nbsp;<BR>Sast\u0101vda\u013cas:&nbsp;<BR>\u016bdens, alkohola denatur\u0113\u0161ana, propil\u0113nglikols., glicer\u012bns, sorbitols, t\u0113jas koka \u0113terisk\u0101 e\u013c\u013ca, t\u0113jas koks \u0113terisk\u0101 e\u013c\u013ca, \u0113terisk\u0101s e\u013c\u013cas Rosalyn, lavandas \u0113terisk\u0101s e\u013c\u013cas, raganu lazda ekstrakts, pentilenglikol, PEG-40 r\u012bcine\u013c\u013ca gidroginezirovannoe, tridetset-9, smar\u017eas smar\u017eas, butil\u0113na glikols. <\/P><br \/>\n<P>&nbsp;<\/P><br \/>\n<P>&nbsp;<\/P><br \/>\n<P>Tilpums: 20 ml&nbsp;&nbsp;<\/P><\/p>\n","protected":false},"excerpt":{"rendered":"<p>&nbsp;Toniks ikdienas apr\u016bpi taukainai, kombin\u0101ciju un pinnes tend\u0113tas \u0101das.&nbsp;&nbsp;Ikdienas kop\u0161anai taukainai, kombin\u0101ciju un pinnes tend\u0113tas \u0101das.&nbsp; Nodro\u0161ina dzi\u013cu t\u012br\u012b\u0161anu, \u0101das<\/p>\n","protected":false},"featured_media":9447,"template":"","meta":[],"product_brand":[],"product_cat":[2200,2210,2215],"product_tag":[],"class_list":{"0":"post-34256","1":"product","2":"type-product","3":"status-publish","4":"has-post-thumbnail","6":"product_cat-skaistums-un-veseliba-lv","7":"product_cat-sejas-adas-kopsana-lv","8":"product_cat-universali-lidzekli-lv","10":"first","11":"instock","12":"sale","13":"taxable","14":"shipping-taxable","15":"purchasable","16":"product-type-simple"},"yoast_head":"<!-- This site is optimized with the Yoast SEO Premium plugin v27.0 (Yoast SEO v27.0) - https:\/\/yoast.com\/product\/yoast-seo-premium-wordpress\/ -->\n<title>VIVASAN Toniks sejai ar t\u0113jas koku - cosmetic.lv<\/title>\n<meta name=\"robots\" content=\"index, follow, max-snippet:-1, max-image-preview:large, max-video-preview:-1\" \/>\n<link rel=\"canonical\" href=\"https:\/\/cosmetic.lv\/lv\/product\/vivasan-toniks-sejai-ar-tejas-koku\/\" \/>\n<meta property=\"og:locale\" content=\"lv_LV\" \/>\n<meta property=\"og:type\" content=\"article\" \/>\n<meta property=\"og:title\" content=\"VIVASAN Toniks sejai ar t\u0113jas koku\" \/>\n<meta property=\"og:description\" content=\"&nbsp;Toniks ikdienas apr\u016bpi taukainai, kombin\u0101ciju un pinnes tend\u0113tas \u0101das.&nbsp;&nbsp;Ikdienas kop\u0161anai taukainai, kombin\u0101ciju un pinnes tend\u0113tas \u0101das.&nbsp; Nodro\u0161ina dzi\u013cu t\u012br\u012b\u0161anu, \u0101das\" \/>\n<meta property=\"og:url\" content=\"https:\/\/cosmetic.lv\/lv\/product\/vivasan-toniks-sejai-ar-tejas-koku\/\" \/>\n<meta property=\"og:site_name\" content=\"cosmetic.lv\" \/>\n<meta property=\"article:publisher\" content=\"https:\/\/www.facebook.com\/cosmetic.lv\/\" \/>\n<meta property=\"article:modified_time\" content=\"2021-02-06T17:50:34+00:00\" \/>\n<meta property=\"og:image\" content=\"https:\/\/cosmetic.lv\/wp-content\/uploads\/2021\/02\/teebaumton2viv.jpg\" \/>\n\t<meta property=\"og:image:width\" content=\"177\" \/>\n\t<meta property=\"og:image:height\" content=\"177\" \/>\n\t<meta property=\"og:image:type\" content=\"image\/jpeg\" \/>\n<meta name=\"twitter:card\" content=\"summary_large_image\" \/>\n<script type=\"application\/ld+json\" class=\"yoast-schema-graph\">{\"@context\":\"https:\/\/schema.org\",\"@graph\":[{\"@type\":\"WebPage\",\"@id\":\"https:\/\/cosmetic.lv\/lv\/product\/vivasan-toniks-sejai-ar-tejas-koku\/\",\"url\":\"https:\/\/cosmetic.lv\/lv\/product\/vivasan-toniks-sejai-ar-tejas-koku\/\",\"name\":\"VIVASAN Toniks sejai ar t\u0113jas koku - cosmetic.lv\",\"isPartOf\":{\"@id\":\"https:\/\/cosmetic.lv\/lv\/#website\"},\"primaryImageOfPage\":{\"@id\":\"https:\/\/cosmetic.lv\/lv\/product\/vivasan-toniks-sejai-ar-tejas-koku\/#primaryimage\"},\"image\":{\"@id\":\"https:\/\/cosmetic.lv\/lv\/product\/vivasan-toniks-sejai-ar-tejas-koku\/#primaryimage\"},\"thumbnailUrl\":\"https:\/\/cosmetic.lv\/wp-content\/uploads\/2021\/02\/teebaumton2viv.jpg\",\"datePublished\":\"2021-02-06T17:50:33+00:00\",\"dateModified\":\"2021-02-06T17:50:34+00:00\",\"breadcrumb\":{\"@id\":\"https:\/\/cosmetic.lv\/lv\/product\/vivasan-toniks-sejai-ar-tejas-koku\/#breadcrumb\"},\"inLanguage\":\"lv-LV\",\"potentialAction\":[{\"@type\":\"ReadAction\",\"target\":[\"https:\/\/cosmetic.lv\/lv\/product\/vivasan-toniks-sejai-ar-tejas-koku\/\"]}]},{\"@type\":\"ImageObject\",\"inLanguage\":\"lv-LV\",\"@id\":\"https:\/\/cosmetic.lv\/lv\/product\/vivasan-toniks-sejai-ar-tejas-koku\/#primaryimage\",\"url\":\"https:\/\/cosmetic.lv\/wp-content\/uploads\/2021\/02\/teebaumton2viv.jpg\",\"contentUrl\":\"https:\/\/cosmetic.lv\/wp-content\/uploads\/2021\/02\/teebaumton2viv.jpg\",\"width\":177,\"height\":177,\"caption\":\"teebaumton2VIV.jpg\"},{\"@type\":\"BreadcrumbList\",\"@id\":\"https:\/\/cosmetic.lv\/lv\/product\/vivasan-toniks-sejai-ar-tejas-koku\/#breadcrumb\",\"itemListElement\":[{\"@type\":\"ListItem\",\"position\":1,\"name\":\"Home\",\"item\":\"https:\/\/cosmetic.lv\/lv\/\"},{\"@type\":\"ListItem\",\"position\":2,\"name\":\"Veikals\",\"item\":\"https:\/\/cosmetic.lv\/lv\/veiklas\/\"},{\"@type\":\"ListItem\",\"position\":3,\"name\":\"VIVASAN Toniks sejai ar t\u0113jas koku\"}]},{\"@type\":\"WebSite\",\"@id\":\"https:\/\/cosmetic.lv\/lv\/#website\",\"url\":\"https:\/\/cosmetic.lv\/lv\/\",\"name\":\"cosmetic.lv\",\"description\":\"Profesion\u0101la kosm\u0113tika - Maria Galland, Keune, Arkadija, GMT, Guam, Magiray\",\"publisher\":{\"@id\":\"https:\/\/cosmetic.lv\/lv\/#organization\"},\"potentialAction\":[{\"@type\":\"SearchAction\",\"target\":{\"@type\":\"EntryPoint\",\"urlTemplate\":\"https:\/\/cosmetic.lv\/lv\/?s={search_term_string}\"},\"query-input\":{\"@type\":\"PropertyValueSpecification\",\"valueRequired\":true,\"valueName\":\"search_term_string\"}}],\"inLanguage\":\"lv-LV\"},{\"@type\":\"Organization\",\"@id\":\"https:\/\/cosmetic.lv\/lv\/#organization\",\"name\":\"COSMETIC.LV\",\"url\":\"https:\/\/cosmetic.lv\/lv\/\",\"logo\":{\"@type\":\"ImageObject\",\"inLanguage\":\"lv-LV\",\"@id\":\"https:\/\/cosmetic.lv\/lv\/#\/schema\/logo\/image\/\",\"url\":\"https:\/\/cosmetic.lv\/wp-content\/uploads\/2021\/02\/cosmetic.lv_logo.jpg\",\"contentUrl\":\"https:\/\/cosmetic.lv\/wp-content\/uploads\/2021\/02\/cosmetic.lv_logo.jpg\",\"width\":596,\"height\":196,\"caption\":\"COSMETIC.LV\"},\"image\":{\"@id\":\"https:\/\/cosmetic.lv\/lv\/#\/schema\/logo\/image\/\"},\"sameAs\":[\"https:\/\/www.facebook.com\/cosmetic.lv\/\"]}]}<\/script>\n<meta property=\"product:price:amount\" content=\"26.02\" \/>\n<meta property=\"product:price:currency\" content=\"EUR\" \/>\n<meta property=\"og:availability\" content=\"instock\" \/>\n<meta property=\"product:availability\" content=\"instock\" \/>\n<meta property=\"product:retailer_item_id\" content=\"ton\" \/>\n<meta property=\"product:condition\" content=\"new\" \/>\n<!-- \/ Yoast SEO Premium plugin. -->","yoast_head_json":{"title":"VIVASAN Toniks sejai ar t\u0113jas koku - cosmetic.lv","robots":{"index":"index","follow":"follow","max-snippet":"max-snippet:-1","max-image-preview":"max-image-preview:large","max-video-preview":"max-video-preview:-1"},"canonical":"https:\/\/cosmetic.lv\/lv\/product\/vivasan-toniks-sejai-ar-tejas-koku\/","og_locale":"lv_LV","og_type":"article","og_title":"VIVASAN Toniks sejai ar t\u0113jas koku","og_description":"&nbsp;Toniks ikdienas apr\u016bpi taukainai, kombin\u0101ciju un pinnes tend\u0113tas \u0101das.&nbsp;&nbsp;Ikdienas kop\u0161anai taukainai, kombin\u0101ciju un pinnes tend\u0113tas \u0101das.&nbsp; Nodro\u0161ina dzi\u013cu t\u012br\u012b\u0161anu, \u0101das","og_url":"https:\/\/cosmetic.lv\/lv\/product\/vivasan-toniks-sejai-ar-tejas-koku\/","og_site_name":"cosmetic.lv","article_publisher":"https:\/\/www.facebook.com\/cosmetic.lv\/","article_modified_time":"2021-02-06T17:50:34+00:00","og_image":[{"width":177,"height":177,"url":"https:\/\/cosmetic.lv\/wp-content\/uploads\/2021\/02\/teebaumton2viv.jpg","type":"image\/jpeg"}],"twitter_card":"summary_large_image","schema":{"@context":"https:\/\/schema.org","@graph":[{"@type":"WebPage","@id":"https:\/\/cosmetic.lv\/lv\/product\/vivasan-toniks-sejai-ar-tejas-koku\/","url":"https:\/\/cosmetic.lv\/lv\/product\/vivasan-toniks-sejai-ar-tejas-koku\/","name":"VIVASAN Toniks sejai ar t\u0113jas koku - cosmetic.lv","isPartOf":{"@id":"https:\/\/cosmetic.lv\/lv\/#website"},"primaryImageOfPage":{"@id":"https:\/\/cosmetic.lv\/lv\/product\/vivasan-toniks-sejai-ar-tejas-koku\/#primaryimage"},"image":{"@id":"https:\/\/cosmetic.lv\/lv\/product\/vivasan-toniks-sejai-ar-tejas-koku\/#primaryimage"},"thumbnailUrl":"https:\/\/cosmetic.lv\/wp-content\/uploads\/2021\/02\/teebaumton2viv.jpg","datePublished":"2021-02-06T17:50:33+00:00","dateModified":"2021-02-06T17:50:34+00:00","breadcrumb":{"@id":"https:\/\/cosmetic.lv\/lv\/product\/vivasan-toniks-sejai-ar-tejas-koku\/#breadcrumb"},"inLanguage":"lv-LV","potentialAction":[{"@type":"ReadAction","target":["https:\/\/cosmetic.lv\/lv\/product\/vivasan-toniks-sejai-ar-tejas-koku\/"]}]},{"@type":"ImageObject","inLanguage":"lv-LV","@id":"https:\/\/cosmetic.lv\/lv\/product\/vivasan-toniks-sejai-ar-tejas-koku\/#primaryimage","url":"https:\/\/cosmetic.lv\/wp-content\/uploads\/2021\/02\/teebaumton2viv.jpg","contentUrl":"https:\/\/cosmetic.lv\/wp-content\/uploads\/2021\/02\/teebaumton2viv.jpg","width":177,"height":177,"caption":"teebaumton2VIV.jpg"},{"@type":"BreadcrumbList","@id":"https:\/\/cosmetic.lv\/lv\/product\/vivasan-toniks-sejai-ar-tejas-koku\/#breadcrumb","itemListElement":[{"@type":"ListItem","position":1,"name":"Home","item":"https:\/\/cosmetic.lv\/lv\/"},{"@type":"ListItem","position":2,"name":"Veikals","item":"https:\/\/cosmetic.lv\/lv\/veiklas\/"},{"@type":"ListItem","position":3,"name":"VIVASAN Toniks sejai ar t\u0113jas koku"}]},{"@type":"WebSite","@id":"https:\/\/cosmetic.lv\/lv\/#website","url":"https:\/\/cosmetic.lv\/lv\/","name":"cosmetic.lv","description":"Profesion\u0101la kosm\u0113tika - Maria Galland, Keune, Arkadija, GMT, Guam, Magiray","publisher":{"@id":"https:\/\/cosmetic.lv\/lv\/#organization"},"potentialAction":[{"@type":"SearchAction","target":{"@type":"EntryPoint","urlTemplate":"https:\/\/cosmetic.lv\/lv\/?s={search_term_string}"},"query-input":{"@type":"PropertyValueSpecification","valueRequired":true,"valueName":"search_term_string"}}],"inLanguage":"lv-LV"},{"@type":"Organization","@id":"https:\/\/cosmetic.lv\/lv\/#organization","name":"COSMETIC.LV","url":"https:\/\/cosmetic.lv\/lv\/","logo":{"@type":"ImageObject","inLanguage":"lv-LV","@id":"https:\/\/cosmetic.lv\/lv\/#\/schema\/logo\/image\/","url":"https:\/\/cosmetic.lv\/wp-content\/uploads\/2021\/02\/cosmetic.lv_logo.jpg","contentUrl":"https:\/\/cosmetic.lv\/wp-content\/uploads\/2021\/02\/cosmetic.lv_logo.jpg","width":596,"height":196,"caption":"COSMETIC.LV"},"image":{"@id":"https:\/\/cosmetic.lv\/lv\/#\/schema\/logo\/image\/"},"sameAs":["https:\/\/www.facebook.com\/cosmetic.lv\/"]}]},"product_price_amount":"26.02","product_price_currency":"EUR","og_availability":"instock","product_availability":"instock","product_retailer_item_id":"ton","product_condition":"new"},"_links":{"self":[{"href":"https:\/\/cosmetic.lv\/lv\/wp-json\/wp\/v2\/product\/34256","targetHints":{"allow":["GET"]}}],"collection":[{"href":"https:\/\/cosmetic.lv\/lv\/wp-json\/wp\/v2\/product"}],"about":[{"href":"https:\/\/cosmetic.lv\/lv\/wp-json\/wp\/v2\/types\/product"}],"wp:featuredmedia":[{"embeddable":true,"href":"https:\/\/cosmetic.lv\/lv\/wp-json\/wp\/v2\/media\/9447"}],"wp:attachment":[{"href":"https:\/\/cosmetic.lv\/lv\/wp-json\/wp\/v2\/media?parent=34256"}],"wp:term":[{"taxonomy":"product_brand","embeddable":true,"href":"https:\/\/cosmetic.lv\/lv\/wp-json\/wp\/v2\/product_brand?post=34256"},{"taxonomy":"product_cat","embeddable":true,"href":"https:\/\/cosmetic.lv\/lv\/wp-json\/wp\/v2\/product_cat?post=34256"},{"taxonomy":"product_tag","embeddable":true,"href":"https:\/\/cosmetic.lv\/lv\/wp-json\/wp\/v2\/product_tag?post=34256"}],"curies":[{"name":"wp","href":"https:\/\/api.w.org\/{rel}","templated":true}]}}