{"id":34257,"date":"2021-02-05T22:40:15","date_gmt":"2021-02-06T17:50:33","guid":{"rendered":"https:\/\/damme.lv\/product\/vivasan-funkcionala-ella-adai\/"},"modified":"2021-02-06T19:50:35","modified_gmt":"2021-02-06T17:50:35","slug":"vivasan-funkcionala-ella-adai","status":"publish","type":"product","link":"https:\/\/cosmetic.lv\/lv\/product\/vivasan-funkcionala-ella-adai\/","title":{"rendered":"VIVASAN Funkcion\u0101l\u0101 e\u013c\u013ca \u0101dai"},"content":{"rendered":"<p><P>Apr\u016bpes norm\u0101lai, sausai, j\u016bt\u012bga un noveco\u0161an\u0101s \u0101das strukt\u016bra ar argana, ol\u012bvu, palmu, sojas e\u013c\u013ca un E vitam\u012bna <BR>&nbsp;<\/P><br \/>\n<P>Emulsionnoobraznuyu veido aizsargk\u0101rti\u0146u uz \u0101das un uzlabo elast\u012bbu auduma. . Caur mas\u0113jot \u0101du stimul\u0113 asins cirkul\u0101ciju. \u0100da k\u013c\u016bst barahatistoy, m\u012bksta un gluda, k\u013c\u016bst svaigumu un vitalit\u0101ti. <\/P><br \/>\n<P>\u0421\u0432\u043e\u0439\u0441\u0442\u0432\u0430 \u0430\u0440\u0433\u0430\u043d\u043e\u0432\u043e\u0433\u043e \u043c\u0430\u0441\u043b\u0430: \u012apa\u0161\u012bbas argana e\u013c\u013cas: <BR>\u2022 \u2022&nbsp; sakar\u0101 ar augsto E vitam\u012bna saturam (tokoferols) aizsarg\u0101 no boj\u0101jumiem br\u012bvo radik\u0101\u013cu (antioksidants) \u0101das; <BR>\u2022 \u2022&nbsp; pal\u012bdz saglab\u0101t dabisko hydrolipid sl\u0101ni uz \u0101das: <BR>\u2022 \u2022 nov\u0113r\u0161 priek\u0161laic\u012bgu \u0101das noveco\u0161anu un atjauno \u0101du; <BR>\u2022 \u2022 sakar\u0101 ar augsto saturu nepies\u0101tin\u0101to tauksk\u0101bju, nomierina un m\u012bkstina \u0101du; <BR>\u2022 \u2022&nbsp; mitrina \u0101du un aizsarg\u0101 to no sausuma un iekaisumu; <BR>\u2022 \u2022&nbsp; izl\u012bdzina \u0101du, tai skait\u0101 grumbas, bez sek\u0101m herm\u0113tiskumu; <BR>\u2022 \u2022 \u0443\u043b\u0443\u0447\u0448\u0430\u0435\u0442 \u0441\u043e\u0441\u0442\u043e\u044f\u043d\u0438\u0435 \u043a\u043b\u0435\u0442\u043e\u043a \u0434\u0435\u0440\u043c\u044b, \u0441\u043f\u043e\u0441\u043e\u0431\u0441\u0442\u0432\u0443\u0435\u0442 \u043e\u0431\u043d\u043e\u0432\u043b\u0435\u043d\u0438\u044e \u043a\u043b\u0435\u0442\u043e\u043a; uzlabo st\u0101vokli no derm\u0101 \u0161\u016bn\u0101s, veicina \u0161\u016bnu atjauno\u0161anos; <BR>\u2022 \u2022 dzied\u0113t nobr\u0101zumi, br\u016bces, apdegumus, tostarp saules.&nbsp;<BR>\u012apa\u0161\u012bbas ol\u012bve\u013c\u013cas: <BR>\u2022 \u2022 satur vitam\u012bnus, miner\u0101lvielas un neaizst\u0101jam\u0101s tauksk\u0101bes, kas ir b\u016btiski pamatelements virsmas sl\u0101nis uz \u0101das; <BR>\u2022 \u2022&nbsp; cietin\u0101t\u0101ji, aizsarg\u0101jot no kait\u012bgas ietekmes uz vidi; <BR>\u2022 \u2022&nbsp; ir lielisks m\u012bkstino\u0161s un mitrino\u0161as \u012bpa\u0161\u012bbas; <BR>\u2022 \u2022&nbsp; nogludina un nomierina; <BR>\u2022 \u2022&nbsp; pal\u012bdz ar sasitumi, br\u016bces, apdegumus, tostarp saules, ir \u012bpa\u0161i noder\u012bga jut\u012bgai \u0101dai.&nbsp;<BR>\u012apa\u0161\u012bbas sojas e\u013c\u013cas: <BR>\u2022 \u2022 satur linolsk\u0101be, ole\u012bnsk\u0101be, palmit\u012bnsk\u0101be un stear\u012bnsk\u0101be; <BR>\u2022 \u2022 atjauno epidermas barjeru un \u016bdens saimniec\u012bbas jauda \u0101das d\u0113\u013c kl\u0101tb\u016btni tokoferolu un fitoster\u012bniem ir izteikta re\u0123ener\u0113jo\u0161a \u2022 \u0434\u0435\u0439\u0441\u0442\u0432\u0438\u0435\u043c; darb\u012bba; <BR>\u2022 \u2022&nbsp; stimul\u0113 olbaltumvielu sint\u0113zi kolag\u0113na un elast\u012bna; <BR>\u2022 \u2022&nbsp; izl\u012bdzina \u0101du, padarot to m\u012bkstu un z\u012bdainu; <BR>\u2022 \u2022&nbsp; mitrina un aizsarg\u0101 pret sausu.&nbsp;<BR>\u012apa\u0161\u012bbas palmu e\u013c\u013cas: <BR>\u2022 \u2022&nbsp; ir bag\u0101ta ar dabas vitam\u012bnu E (tokoferolus un tocotrienols), karotino\u012bdi (provitam\u012bnu); <BR>\u2022 \u2022&nbsp; nodro\u0161ina antioksidanta \u012bpa\u0161\u012bbas; <BR>\u2022 \u2022&nbsp; mitrina \u0101du; <BR>\u2022 \u2022&nbsp; aktiviz\u0113 lip\u012bdu vielmai\u0146u \u0101d\u0101; <BR>\u2022 \u2022&nbsp; toniz\u0113 un m\u012bkstina \u0101du.&nbsp;<BR>&nbsp;<BR>Pieteikums: <\/P><br \/>\n<P>&nbsp;P\u0113c vannas vai du\u0161as, piem\u0113rot atbilsto\u0161u daudzumu e\u013c\u013cas uz \u0101das un berz\u0113t ar gaismas ap\u013cveida kust\u012bb\u0101m. Par mas\u0101\u017eas un ikdienas apr\u016bpi. <\/P><br \/>\n<P>&nbsp;<BR>Sast\u0101vda\u013cas:&nbsp;<BR>Argana e\u013c\u013ca, sojas e\u013c\u013ca, palmu e\u013c\u013ca, ol\u012bve\u013c\u013ca, tokoferols, naftas, izopropila myristate, smar\u017eas. <BR>&nbsp;<\/P><br \/>\n<P>&nbsp;<\/P><br \/>\n<P>&nbsp;Tilpums: 200 ml&nbsp;<BR>&nbsp;<BR>&nbsp;<\/P><\/p>\n","protected":false},"excerpt":{"rendered":"<p>Apr\u016bpes norm\u0101lai, sausai, j\u016bt\u012bga un noveco\u0161an\u0101s \u0101das strukt\u016bra ar argana, ol\u012bvu, palmu, sojas e\u013c\u013ca un E vitam\u012bna &nbsp; Emulsionnoobraznuyu veido<\/p>\n","protected":false},"featured_media":16160,"template":"","meta":[],"product_brand":[],"product_cat":[2200,2216,2218],"product_tag":[],"class_list":{"0":"post-34257","1":"product","2":"type-product","3":"status-publish","4":"has-post-thumbnail","6":"product_cat-skaistums-un-veseliba-lv","7":"product_cat-kermena-kopsana-lv","8":"product_cat-viss-kermenis-lv","10":"first","11":"instock","12":"taxable","13":"shipping-taxable","14":"purchasable","15":"product-type-simple"},"yoast_head":"<!-- This site is optimized with the Yoast SEO Premium plugin v27.0 (Yoast SEO v27.0) - https:\/\/yoast.com\/product\/yoast-seo-premium-wordpress\/ -->\n<title>VIVASAN Funkcion\u0101l\u0101 e\u013c\u013ca \u0101dai - cosmetic.lv<\/title>\n<meta name=\"robots\" content=\"index, follow, max-snippet:-1, max-image-preview:large, max-video-preview:-1\" \/>\n<link rel=\"canonical\" href=\"https:\/\/cosmetic.lv\/lv\/product\/vivasan-funkcionala-ella-adai\/\" \/>\n<meta property=\"og:locale\" content=\"lv_LV\" \/>\n<meta property=\"og:type\" content=\"article\" \/>\n<meta property=\"og:title\" content=\"VIVASAN Funkcion\u0101l\u0101 e\u013c\u013ca \u0101dai\" \/>\n<meta property=\"og:description\" content=\"Apr\u016bpes norm\u0101lai, sausai, j\u016bt\u012bga un noveco\u0161an\u0101s \u0101das strukt\u016bra ar argana, ol\u012bvu, palmu, sojas e\u013c\u013ca un E vitam\u012bna &nbsp; Emulsionnoobraznuyu veido\" \/>\n<meta property=\"og:url\" content=\"https:\/\/cosmetic.lv\/lv\/product\/vivasan-funkcionala-ella-adai\/\" \/>\n<meta property=\"og:site_name\" content=\"cosmetic.lv\" \/>\n<meta property=\"article:publisher\" content=\"https:\/\/www.facebook.com\/cosmetic.lv\/\" \/>\n<meta property=\"article:modified_time\" content=\"2021-02-06T17:50:35+00:00\" \/>\n<meta property=\"og:image\" content=\"https:\/\/cosmetic.lv\/wp-content\/uploads\/2021\/02\/argana_oilviv-4.jpg\" \/>\n\t<meta property=\"og:image:width\" content=\"208\" \/>\n\t<meta property=\"og:image:height\" content=\"208\" \/>\n\t<meta property=\"og:image:type\" content=\"image\/jpeg\" \/>\n<meta name=\"twitter:card\" content=\"summary_large_image\" \/>\n<script type=\"application\/ld+json\" class=\"yoast-schema-graph\">{\"@context\":\"https:\/\/schema.org\",\"@graph\":[{\"@type\":\"WebPage\",\"@id\":\"https:\/\/cosmetic.lv\/lv\/product\/vivasan-funkcionala-ella-adai\/\",\"url\":\"https:\/\/cosmetic.lv\/lv\/product\/vivasan-funkcionala-ella-adai\/\",\"name\":\"VIVASAN Funkcion\u0101l\u0101 e\u013c\u013ca \u0101dai - cosmetic.lv\",\"isPartOf\":{\"@id\":\"https:\/\/cosmetic.lv\/lv\/#website\"},\"primaryImageOfPage\":{\"@id\":\"https:\/\/cosmetic.lv\/lv\/product\/vivasan-funkcionala-ella-adai\/#primaryimage\"},\"image\":{\"@id\":\"https:\/\/cosmetic.lv\/lv\/product\/vivasan-funkcionala-ella-adai\/#primaryimage\"},\"thumbnailUrl\":\"https:\/\/cosmetic.lv\/wp-content\/uploads\/2021\/02\/argana_oilviv-4.jpg\",\"datePublished\":\"2021-02-06T17:50:33+00:00\",\"dateModified\":\"2021-02-06T17:50:35+00:00\",\"breadcrumb\":{\"@id\":\"https:\/\/cosmetic.lv\/lv\/product\/vivasan-funkcionala-ella-adai\/#breadcrumb\"},\"inLanguage\":\"lv-LV\",\"potentialAction\":[{\"@type\":\"ReadAction\",\"target\":[\"https:\/\/cosmetic.lv\/lv\/product\/vivasan-funkcionala-ella-adai\/\"]}]},{\"@type\":\"ImageObject\",\"inLanguage\":\"lv-LV\",\"@id\":\"https:\/\/cosmetic.lv\/lv\/product\/vivasan-funkcionala-ella-adai\/#primaryimage\",\"url\":\"https:\/\/cosmetic.lv\/wp-content\/uploads\/2021\/02\/argana_oilviv-4.jpg\",\"contentUrl\":\"https:\/\/cosmetic.lv\/wp-content\/uploads\/2021\/02\/argana_oilviv-4.jpg\",\"width\":208,\"height\":208,\"caption\":\"argana_oilviv.jpg\"},{\"@type\":\"BreadcrumbList\",\"@id\":\"https:\/\/cosmetic.lv\/lv\/product\/vivasan-funkcionala-ella-adai\/#breadcrumb\",\"itemListElement\":[{\"@type\":\"ListItem\",\"position\":1,\"name\":\"Home\",\"item\":\"https:\/\/cosmetic.lv\/lv\/\"},{\"@type\":\"ListItem\",\"position\":2,\"name\":\"Veikals\",\"item\":\"https:\/\/cosmetic.lv\/lv\/veiklas\/\"},{\"@type\":\"ListItem\",\"position\":3,\"name\":\"VIVASAN Funkcion\u0101l\u0101 e\u013c\u013ca \u0101dai\"}]},{\"@type\":\"WebSite\",\"@id\":\"https:\/\/cosmetic.lv\/lv\/#website\",\"url\":\"https:\/\/cosmetic.lv\/lv\/\",\"name\":\"cosmetic.lv\",\"description\":\"Profesion\u0101la kosm\u0113tika - Maria Galland, Keune, Arkadija, GMT, Guam, Magiray\",\"publisher\":{\"@id\":\"https:\/\/cosmetic.lv\/lv\/#organization\"},\"potentialAction\":[{\"@type\":\"SearchAction\",\"target\":{\"@type\":\"EntryPoint\",\"urlTemplate\":\"https:\/\/cosmetic.lv\/lv\/?s={search_term_string}\"},\"query-input\":{\"@type\":\"PropertyValueSpecification\",\"valueRequired\":true,\"valueName\":\"search_term_string\"}}],\"inLanguage\":\"lv-LV\"},{\"@type\":\"Organization\",\"@id\":\"https:\/\/cosmetic.lv\/lv\/#organization\",\"name\":\"COSMETIC.LV\",\"url\":\"https:\/\/cosmetic.lv\/lv\/\",\"logo\":{\"@type\":\"ImageObject\",\"inLanguage\":\"lv-LV\",\"@id\":\"https:\/\/cosmetic.lv\/lv\/#\/schema\/logo\/image\/\",\"url\":\"https:\/\/cosmetic.lv\/wp-content\/uploads\/2021\/02\/cosmetic.lv_logo.jpg\",\"contentUrl\":\"https:\/\/cosmetic.lv\/wp-content\/uploads\/2021\/02\/cosmetic.lv_logo.jpg\",\"width\":596,\"height\":196,\"caption\":\"COSMETIC.LV\"},\"image\":{\"@id\":\"https:\/\/cosmetic.lv\/lv\/#\/schema\/logo\/image\/\"},\"sameAs\":[\"https:\/\/www.facebook.com\/cosmetic.lv\/\"]}]}<\/script>\n<meta property=\"product:price:amount\" content=\"21.27\" \/>\n<meta property=\"product:price:currency\" content=\"EUR\" \/>\n<meta property=\"og:availability\" content=\"instock\" \/>\n<meta property=\"product:availability\" content=\"instock\" \/>\n<meta property=\"product:retailer_item_id\" content=\"M\" \/>\n<meta property=\"product:condition\" content=\"new\" \/>\n<!-- \/ Yoast SEO Premium plugin. -->","yoast_head_json":{"title":"VIVASAN Funkcion\u0101l\u0101 e\u013c\u013ca \u0101dai - cosmetic.lv","robots":{"index":"index","follow":"follow","max-snippet":"max-snippet:-1","max-image-preview":"max-image-preview:large","max-video-preview":"max-video-preview:-1"},"canonical":"https:\/\/cosmetic.lv\/lv\/product\/vivasan-funkcionala-ella-adai\/","og_locale":"lv_LV","og_type":"article","og_title":"VIVASAN Funkcion\u0101l\u0101 e\u013c\u013ca \u0101dai","og_description":"Apr\u016bpes norm\u0101lai, sausai, j\u016bt\u012bga un noveco\u0161an\u0101s \u0101das strukt\u016bra ar argana, ol\u012bvu, palmu, sojas e\u013c\u013ca un E vitam\u012bna &nbsp; Emulsionnoobraznuyu veido","og_url":"https:\/\/cosmetic.lv\/lv\/product\/vivasan-funkcionala-ella-adai\/","og_site_name":"cosmetic.lv","article_publisher":"https:\/\/www.facebook.com\/cosmetic.lv\/","article_modified_time":"2021-02-06T17:50:35+00:00","og_image":[{"width":208,"height":208,"url":"https:\/\/cosmetic.lv\/wp-content\/uploads\/2021\/02\/argana_oilviv-4.jpg","type":"image\/jpeg"}],"twitter_card":"summary_large_image","schema":{"@context":"https:\/\/schema.org","@graph":[{"@type":"WebPage","@id":"https:\/\/cosmetic.lv\/lv\/product\/vivasan-funkcionala-ella-adai\/","url":"https:\/\/cosmetic.lv\/lv\/product\/vivasan-funkcionala-ella-adai\/","name":"VIVASAN Funkcion\u0101l\u0101 e\u013c\u013ca \u0101dai - cosmetic.lv","isPartOf":{"@id":"https:\/\/cosmetic.lv\/lv\/#website"},"primaryImageOfPage":{"@id":"https:\/\/cosmetic.lv\/lv\/product\/vivasan-funkcionala-ella-adai\/#primaryimage"},"image":{"@id":"https:\/\/cosmetic.lv\/lv\/product\/vivasan-funkcionala-ella-adai\/#primaryimage"},"thumbnailUrl":"https:\/\/cosmetic.lv\/wp-content\/uploads\/2021\/02\/argana_oilviv-4.jpg","datePublished":"2021-02-06T17:50:33+00:00","dateModified":"2021-02-06T17:50:35+00:00","breadcrumb":{"@id":"https:\/\/cosmetic.lv\/lv\/product\/vivasan-funkcionala-ella-adai\/#breadcrumb"},"inLanguage":"lv-LV","potentialAction":[{"@type":"ReadAction","target":["https:\/\/cosmetic.lv\/lv\/product\/vivasan-funkcionala-ella-adai\/"]}]},{"@type":"ImageObject","inLanguage":"lv-LV","@id":"https:\/\/cosmetic.lv\/lv\/product\/vivasan-funkcionala-ella-adai\/#primaryimage","url":"https:\/\/cosmetic.lv\/wp-content\/uploads\/2021\/02\/argana_oilviv-4.jpg","contentUrl":"https:\/\/cosmetic.lv\/wp-content\/uploads\/2021\/02\/argana_oilviv-4.jpg","width":208,"height":208,"caption":"argana_oilviv.jpg"},{"@type":"BreadcrumbList","@id":"https:\/\/cosmetic.lv\/lv\/product\/vivasan-funkcionala-ella-adai\/#breadcrumb","itemListElement":[{"@type":"ListItem","position":1,"name":"Home","item":"https:\/\/cosmetic.lv\/lv\/"},{"@type":"ListItem","position":2,"name":"Veikals","item":"https:\/\/cosmetic.lv\/lv\/veiklas\/"},{"@type":"ListItem","position":3,"name":"VIVASAN Funkcion\u0101l\u0101 e\u013c\u013ca \u0101dai"}]},{"@type":"WebSite","@id":"https:\/\/cosmetic.lv\/lv\/#website","url":"https:\/\/cosmetic.lv\/lv\/","name":"cosmetic.lv","description":"Profesion\u0101la kosm\u0113tika - Maria Galland, Keune, Arkadija, GMT, Guam, Magiray","publisher":{"@id":"https:\/\/cosmetic.lv\/lv\/#organization"},"potentialAction":[{"@type":"SearchAction","target":{"@type":"EntryPoint","urlTemplate":"https:\/\/cosmetic.lv\/lv\/?s={search_term_string}"},"query-input":{"@type":"PropertyValueSpecification","valueRequired":true,"valueName":"search_term_string"}}],"inLanguage":"lv-LV"},{"@type":"Organization","@id":"https:\/\/cosmetic.lv\/lv\/#organization","name":"COSMETIC.LV","url":"https:\/\/cosmetic.lv\/lv\/","logo":{"@type":"ImageObject","inLanguage":"lv-LV","@id":"https:\/\/cosmetic.lv\/lv\/#\/schema\/logo\/image\/","url":"https:\/\/cosmetic.lv\/wp-content\/uploads\/2021\/02\/cosmetic.lv_logo.jpg","contentUrl":"https:\/\/cosmetic.lv\/wp-content\/uploads\/2021\/02\/cosmetic.lv_logo.jpg","width":596,"height":196,"caption":"COSMETIC.LV"},"image":{"@id":"https:\/\/cosmetic.lv\/lv\/#\/schema\/logo\/image\/"},"sameAs":["https:\/\/www.facebook.com\/cosmetic.lv\/"]}]},"product_price_amount":"21.27","product_price_currency":"EUR","og_availability":"instock","product_availability":"instock","product_retailer_item_id":"M","product_condition":"new"},"_links":{"self":[{"href":"https:\/\/cosmetic.lv\/lv\/wp-json\/wp\/v2\/product\/34257","targetHints":{"allow":["GET"]}}],"collection":[{"href":"https:\/\/cosmetic.lv\/lv\/wp-json\/wp\/v2\/product"}],"about":[{"href":"https:\/\/cosmetic.lv\/lv\/wp-json\/wp\/v2\/types\/product"}],"wp:featuredmedia":[{"embeddable":true,"href":"https:\/\/cosmetic.lv\/lv\/wp-json\/wp\/v2\/media\/16160"}],"wp:attachment":[{"href":"https:\/\/cosmetic.lv\/lv\/wp-json\/wp\/v2\/media?parent=34257"}],"wp:term":[{"taxonomy":"product_brand","embeddable":true,"href":"https:\/\/cosmetic.lv\/lv\/wp-json\/wp\/v2\/product_brand?post=34257"},{"taxonomy":"product_cat","embeddable":true,"href":"https:\/\/cosmetic.lv\/lv\/wp-json\/wp\/v2\/product_cat?post=34257"},{"taxonomy":"product_tag","embeddable":true,"href":"https:\/\/cosmetic.lv\/lv\/wp-json\/wp\/v2\/product_tag?post=34257"}],"curies":[{"name":"wp","href":"https:\/\/api.w.org\/{rel}","templated":true}]}}