{"id":34258,"date":"2021-02-05T22:40:15","date_gmt":"2021-02-06T17:50:33","guid":{"rendered":"https:\/\/damme.lv\/product\/vivasan-argana-kermena-losjons\/"},"modified":"2021-02-06T19:50:36","modified_gmt":"2021-02-06T17:50:36","slug":"vivasan-argana-kermena-losjons","status":"publish","type":"product","link":"https:\/\/cosmetic.lv\/lv\/product\/vivasan-argana-kermena-losjons\/","title":{"rendered":"VIVASAN Argana \u0137erme\u0146a losjons"},"content":{"rendered":"<p><P>\u0136erme\u0146a kr\u0113ms bag\u0101tin\u0101ts ar argana e\u013c\u013cu, mande\u013cu e\u013c\u013ca, vitam\u012bns E un provitam\u012bnu B5 ikdienas kop\u0161anai norm\u0101lai, sausai, noveco\u0161anas un jut\u012bgai \u0101dai. <BR>&nbsp;<\/P><br \/>\n<P>&nbsp;Nomierina, m\u012bkstina un izl\u012bdzina \u0101du. Atbalsta \u0161\u016bnu atjauno\u0161anos, r\u012bkojas re\u0123ener\u0113jo\u0161a, mitrino\u0161a. T\u0101 aizsarg\u0101 \u0101du no sausuma, neitraliz\u0113 br\u012bvos radik\u0101\u013cus, nov\u0113r\u0161ot priek\u0161laic\u012bgu \u0101das noveco\u0161anu. <\/P><br \/>\n<P>\u012apa\u0161\u012bbas argana e\u013c\u013cas:&nbsp;<BR>sakar\u0101 ar augsto E vitam\u012bna saturam (tokoferols) aizsarg\u0101 no boj\u0101jumiem br\u012bvo radik\u0101\u013cu (antioksidants) \u0101das; <BR>\u2022 \u2022 pal\u012bdz saglab\u0101t dabisko hydrolipid sl\u0101ni uz \u0101das: <BR>\u2022 \u2022&nbsp; nov\u0113r\u0161 priek\u0161laic\u012bgu \u0101das noveco\u0161anu un atjauno \u0101du; <BR>\u2022 \u2022 sakar\u0101 ar augsto saturu nepies\u0101tin\u0101to tauksk\u0101bju, nomierina un m\u012bkstina \u0101du; <BR>\u2022 \u2022&nbsp; mitrina \u0101du un aizsarg\u0101 to no sausuma un iekaisumu; <BR>\u2022 \u2022 izl\u012bdzina \u0101du, tai skait\u0101 grumbas, bez sek\u0101m herm\u0113tiskumu; <BR>\u2022 \u2022&nbsp; uzlabo st\u0101vokli no derm\u0101 \u0161\u016bn\u0101s, veicina \u0161\u016bnu atjauno\u0161anos; <BR>\u2022 \u2022&nbsp; pal\u012bdz ar sasitumi, br\u016bces, apdegumus, tostarp saules. <BR>\u012apa\u0161\u012bbas mande\u013cu e\u013c\u013ca: <BR>\u2022 \u2022 daudz nepies\u0101tin\u0101to tauksk\u0101bju un fermentu emulsija, B2 vitam\u012bns, olbaltumvielas, miecvielas, cukuru un gumij\u0101m; <BR>\u2022 \u2022&nbsp; ar barojo\u0161\u0101m un atjaunojo\u0161a \u012bpa\u0161\u012bb\u0101m; <BR>\u2022 \u2022&nbsp; efekt\u012bvi m\u012bkstina un mitrina \u0101du; <BR>\u2022 \u2022&nbsp; nomierina <BR>\u2022 \u2022&nbsp; pa\u0101trina sadz\u012b\u0161anas procesu nelielas plaisas un izcirt\u0146i; <BR>\u2022 \u2022&nbsp; pasarg\u0101 \u0101du no kait\u012bg\u0101s vides iedarb\u012bbas.&nbsp;<BR>&nbsp;<BR>Pieteikums: <\/P><br \/>\n<P>&nbsp;P\u0113c vannas \/ du\u0161as vai nepiecie\u0161ams piem\u0113rot kr\u0113mu un maigi iemas\u0113t \u0101d\u0101. <\/P><br \/>\n<P>&nbsp;<BR>Sast\u0101vda\u013cas:&nbsp;<BR>Argana e\u013c\u013ca, saldo mande\u013cu e\u013c\u013ca, pantenols, bi\u0161u vasks, glicer\u012bns, tokoferilacet\u0101ts, n\u0101trija lakt\u0101ts, propil\u0113nglikols, dikaprililovy \u0113teris, cetearil spirts, glicerilmonopalmit\u0101ta stear\u0101ts citr\u0101ts, Decyl ole\u0101ts, geksildekanol, geksildetsil laur\u0101ts, saharoze stear\u0101ts, fenoksietanols, antibakteri\u0101las sast\u0101vda\u013cas, smar\u017eas . <BR>&nbsp;<\/P><br \/>\n<P>&nbsp;<\/P><br \/>\n<P><BR>Tilpums: 200 ml <BR><\/P><\/p>\n","protected":false},"excerpt":{"rendered":"<p>\u0136erme\u0146a kr\u0113ms bag\u0101tin\u0101ts ar argana e\u013c\u013cu, mande\u013cu e\u013c\u013ca, vitam\u012bns E un provitam\u012bnu B5 ikdienas kop\u0161anai norm\u0101lai, sausai, noveco\u0161anas un jut\u012bgai<\/p>\n","protected":false},"featured_media":9453,"template":"","meta":[],"product_brand":[],"product_cat":[2200,2216,2218],"product_tag":[],"class_list":{"0":"post-34258","1":"product","2":"type-product","3":"status-publish","4":"has-post-thumbnail","6":"product_cat-skaistums-un-veseliba-lv","7":"product_cat-kermena-kopsana-lv","8":"product_cat-viss-kermenis-lv","10":"first","11":"instock","12":"sale","13":"taxable","14":"shipping-taxable","15":"purchasable","16":"product-type-simple"},"yoast_head":"<!-- This site is optimized with the Yoast SEO Premium plugin v27.0 (Yoast SEO v27.0) - https:\/\/yoast.com\/product\/yoast-seo-premium-wordpress\/ -->\n<title>VIVASAN Argana \u0137erme\u0146a losjons - cosmetic.lv<\/title>\n<meta name=\"robots\" content=\"index, follow, max-snippet:-1, max-image-preview:large, max-video-preview:-1\" \/>\n<link rel=\"canonical\" href=\"https:\/\/cosmetic.lv\/lv\/product\/vivasan-argana-kermena-losjons\/\" \/>\n<meta property=\"og:locale\" content=\"lv_LV\" \/>\n<meta property=\"og:type\" content=\"article\" \/>\n<meta property=\"og:title\" content=\"VIVASAN Argana \u0137erme\u0146a losjons\" \/>\n<meta property=\"og:description\" content=\"\u0136erme\u0146a kr\u0113ms bag\u0101tin\u0101ts ar argana e\u013c\u013cu, mande\u013cu e\u013c\u013ca, vitam\u012bns E un provitam\u012bnu B5 ikdienas kop\u0161anai norm\u0101lai, sausai, noveco\u0161anas un jut\u012bgai\" \/>\n<meta property=\"og:url\" content=\"https:\/\/cosmetic.lv\/lv\/product\/vivasan-argana-kermena-losjons\/\" \/>\n<meta property=\"og:site_name\" content=\"cosmetic.lv\" \/>\n<meta property=\"article:publisher\" content=\"https:\/\/www.facebook.com\/cosmetic.lv\/\" \/>\n<meta property=\"article:modified_time\" content=\"2021-02-06T17:50:36+00:00\" \/>\n<meta property=\"og:image\" content=\"https:\/\/cosmetic.lv\/wp-content\/uploads\/2021\/02\/argana_creamviv.jpg\" \/>\n\t<meta property=\"og:image:width\" content=\"160\" \/>\n\t<meta property=\"og:image:height\" content=\"160\" \/>\n\t<meta property=\"og:image:type\" content=\"image\/jpeg\" \/>\n<meta name=\"twitter:card\" content=\"summary_large_image\" \/>\n<script type=\"application\/ld+json\" class=\"yoast-schema-graph\">{\"@context\":\"https:\/\/schema.org\",\"@graph\":[{\"@type\":\"WebPage\",\"@id\":\"https:\/\/cosmetic.lv\/lv\/product\/vivasan-argana-kermena-losjons\/\",\"url\":\"https:\/\/cosmetic.lv\/lv\/product\/vivasan-argana-kermena-losjons\/\",\"name\":\"VIVASAN Argana \u0137erme\u0146a losjons - cosmetic.lv\",\"isPartOf\":{\"@id\":\"https:\/\/cosmetic.lv\/lv\/#website\"},\"primaryImageOfPage\":{\"@id\":\"https:\/\/cosmetic.lv\/lv\/product\/vivasan-argana-kermena-losjons\/#primaryimage\"},\"image\":{\"@id\":\"https:\/\/cosmetic.lv\/lv\/product\/vivasan-argana-kermena-losjons\/#primaryimage\"},\"thumbnailUrl\":\"https:\/\/cosmetic.lv\/wp-content\/uploads\/2021\/02\/argana_creamviv.jpg\",\"datePublished\":\"2021-02-06T17:50:33+00:00\",\"dateModified\":\"2021-02-06T17:50:36+00:00\",\"breadcrumb\":{\"@id\":\"https:\/\/cosmetic.lv\/lv\/product\/vivasan-argana-kermena-losjons\/#breadcrumb\"},\"inLanguage\":\"lv-LV\",\"potentialAction\":[{\"@type\":\"ReadAction\",\"target\":[\"https:\/\/cosmetic.lv\/lv\/product\/vivasan-argana-kermena-losjons\/\"]}]},{\"@type\":\"ImageObject\",\"inLanguage\":\"lv-LV\",\"@id\":\"https:\/\/cosmetic.lv\/lv\/product\/vivasan-argana-kermena-losjons\/#primaryimage\",\"url\":\"https:\/\/cosmetic.lv\/wp-content\/uploads\/2021\/02\/argana_creamviv.jpg\",\"contentUrl\":\"https:\/\/cosmetic.lv\/wp-content\/uploads\/2021\/02\/argana_creamviv.jpg\",\"width\":160,\"height\":160,\"caption\":\"argana_creamVIV.jpg\"},{\"@type\":\"BreadcrumbList\",\"@id\":\"https:\/\/cosmetic.lv\/lv\/product\/vivasan-argana-kermena-losjons\/#breadcrumb\",\"itemListElement\":[{\"@type\":\"ListItem\",\"position\":1,\"name\":\"Home\",\"item\":\"https:\/\/cosmetic.lv\/lv\/\"},{\"@type\":\"ListItem\",\"position\":2,\"name\":\"Veikals\",\"item\":\"https:\/\/cosmetic.lv\/lv\/veiklas\/\"},{\"@type\":\"ListItem\",\"position\":3,\"name\":\"VIVASAN Argana \u0137erme\u0146a losjons\"}]},{\"@type\":\"WebSite\",\"@id\":\"https:\/\/cosmetic.lv\/lv\/#website\",\"url\":\"https:\/\/cosmetic.lv\/lv\/\",\"name\":\"cosmetic.lv\",\"description\":\"Profesion\u0101la kosm\u0113tika - Maria Galland, Keune, Arkadija, GMT, Guam, Magiray\",\"publisher\":{\"@id\":\"https:\/\/cosmetic.lv\/lv\/#organization\"},\"potentialAction\":[{\"@type\":\"SearchAction\",\"target\":{\"@type\":\"EntryPoint\",\"urlTemplate\":\"https:\/\/cosmetic.lv\/lv\/?s={search_term_string}\"},\"query-input\":{\"@type\":\"PropertyValueSpecification\",\"valueRequired\":true,\"valueName\":\"search_term_string\"}}],\"inLanguage\":\"lv-LV\"},{\"@type\":\"Organization\",\"@id\":\"https:\/\/cosmetic.lv\/lv\/#organization\",\"name\":\"COSMETIC.LV\",\"url\":\"https:\/\/cosmetic.lv\/lv\/\",\"logo\":{\"@type\":\"ImageObject\",\"inLanguage\":\"lv-LV\",\"@id\":\"https:\/\/cosmetic.lv\/lv\/#\/schema\/logo\/image\/\",\"url\":\"https:\/\/cosmetic.lv\/wp-content\/uploads\/2021\/02\/cosmetic.lv_logo.jpg\",\"contentUrl\":\"https:\/\/cosmetic.lv\/wp-content\/uploads\/2021\/02\/cosmetic.lv_logo.jpg\",\"width\":596,\"height\":196,\"caption\":\"COSMETIC.LV\"},\"image\":{\"@id\":\"https:\/\/cosmetic.lv\/lv\/#\/schema\/logo\/image\/\"},\"sameAs\":[\"https:\/\/www.facebook.com\/cosmetic.lv\/\"]}]}<\/script>\n<meta property=\"product:price:amount\" content=\"27.37\" \/>\n<meta property=\"product:price:currency\" content=\"EUR\" \/>\n<meta property=\"og:availability\" content=\"instock\" \/>\n<meta property=\"product:availability\" content=\"instock\" \/>\n<meta property=\"product:retailer_item_id\" content=\"AR2\" \/>\n<meta property=\"product:condition\" content=\"new\" \/>\n<!-- \/ Yoast SEO Premium plugin. -->","yoast_head_json":{"title":"VIVASAN Argana \u0137erme\u0146a losjons - cosmetic.lv","robots":{"index":"index","follow":"follow","max-snippet":"max-snippet:-1","max-image-preview":"max-image-preview:large","max-video-preview":"max-video-preview:-1"},"canonical":"https:\/\/cosmetic.lv\/lv\/product\/vivasan-argana-kermena-losjons\/","og_locale":"lv_LV","og_type":"article","og_title":"VIVASAN Argana \u0137erme\u0146a losjons","og_description":"\u0136erme\u0146a kr\u0113ms bag\u0101tin\u0101ts ar argana e\u013c\u013cu, mande\u013cu e\u013c\u013ca, vitam\u012bns E un provitam\u012bnu B5 ikdienas kop\u0161anai norm\u0101lai, sausai, noveco\u0161anas un jut\u012bgai","og_url":"https:\/\/cosmetic.lv\/lv\/product\/vivasan-argana-kermena-losjons\/","og_site_name":"cosmetic.lv","article_publisher":"https:\/\/www.facebook.com\/cosmetic.lv\/","article_modified_time":"2021-02-06T17:50:36+00:00","og_image":[{"width":160,"height":160,"url":"https:\/\/cosmetic.lv\/wp-content\/uploads\/2021\/02\/argana_creamviv.jpg","type":"image\/jpeg"}],"twitter_card":"summary_large_image","schema":{"@context":"https:\/\/schema.org","@graph":[{"@type":"WebPage","@id":"https:\/\/cosmetic.lv\/lv\/product\/vivasan-argana-kermena-losjons\/","url":"https:\/\/cosmetic.lv\/lv\/product\/vivasan-argana-kermena-losjons\/","name":"VIVASAN Argana \u0137erme\u0146a losjons - cosmetic.lv","isPartOf":{"@id":"https:\/\/cosmetic.lv\/lv\/#website"},"primaryImageOfPage":{"@id":"https:\/\/cosmetic.lv\/lv\/product\/vivasan-argana-kermena-losjons\/#primaryimage"},"image":{"@id":"https:\/\/cosmetic.lv\/lv\/product\/vivasan-argana-kermena-losjons\/#primaryimage"},"thumbnailUrl":"https:\/\/cosmetic.lv\/wp-content\/uploads\/2021\/02\/argana_creamviv.jpg","datePublished":"2021-02-06T17:50:33+00:00","dateModified":"2021-02-06T17:50:36+00:00","breadcrumb":{"@id":"https:\/\/cosmetic.lv\/lv\/product\/vivasan-argana-kermena-losjons\/#breadcrumb"},"inLanguage":"lv-LV","potentialAction":[{"@type":"ReadAction","target":["https:\/\/cosmetic.lv\/lv\/product\/vivasan-argana-kermena-losjons\/"]}]},{"@type":"ImageObject","inLanguage":"lv-LV","@id":"https:\/\/cosmetic.lv\/lv\/product\/vivasan-argana-kermena-losjons\/#primaryimage","url":"https:\/\/cosmetic.lv\/wp-content\/uploads\/2021\/02\/argana_creamviv.jpg","contentUrl":"https:\/\/cosmetic.lv\/wp-content\/uploads\/2021\/02\/argana_creamviv.jpg","width":160,"height":160,"caption":"argana_creamVIV.jpg"},{"@type":"BreadcrumbList","@id":"https:\/\/cosmetic.lv\/lv\/product\/vivasan-argana-kermena-losjons\/#breadcrumb","itemListElement":[{"@type":"ListItem","position":1,"name":"Home","item":"https:\/\/cosmetic.lv\/lv\/"},{"@type":"ListItem","position":2,"name":"Veikals","item":"https:\/\/cosmetic.lv\/lv\/veiklas\/"},{"@type":"ListItem","position":3,"name":"VIVASAN Argana \u0137erme\u0146a losjons"}]},{"@type":"WebSite","@id":"https:\/\/cosmetic.lv\/lv\/#website","url":"https:\/\/cosmetic.lv\/lv\/","name":"cosmetic.lv","description":"Profesion\u0101la kosm\u0113tika - Maria Galland, Keune, Arkadija, GMT, Guam, Magiray","publisher":{"@id":"https:\/\/cosmetic.lv\/lv\/#organization"},"potentialAction":[{"@type":"SearchAction","target":{"@type":"EntryPoint","urlTemplate":"https:\/\/cosmetic.lv\/lv\/?s={search_term_string}"},"query-input":{"@type":"PropertyValueSpecification","valueRequired":true,"valueName":"search_term_string"}}],"inLanguage":"lv-LV"},{"@type":"Organization","@id":"https:\/\/cosmetic.lv\/lv\/#organization","name":"COSMETIC.LV","url":"https:\/\/cosmetic.lv\/lv\/","logo":{"@type":"ImageObject","inLanguage":"lv-LV","@id":"https:\/\/cosmetic.lv\/lv\/#\/schema\/logo\/image\/","url":"https:\/\/cosmetic.lv\/wp-content\/uploads\/2021\/02\/cosmetic.lv_logo.jpg","contentUrl":"https:\/\/cosmetic.lv\/wp-content\/uploads\/2021\/02\/cosmetic.lv_logo.jpg","width":596,"height":196,"caption":"COSMETIC.LV"},"image":{"@id":"https:\/\/cosmetic.lv\/lv\/#\/schema\/logo\/image\/"},"sameAs":["https:\/\/www.facebook.com\/cosmetic.lv\/"]}]},"product_price_amount":"27.37","product_price_currency":"EUR","og_availability":"instock","product_availability":"instock","product_retailer_item_id":"AR2","product_condition":"new"},"_links":{"self":[{"href":"https:\/\/cosmetic.lv\/lv\/wp-json\/wp\/v2\/product\/34258","targetHints":{"allow":["GET"]}}],"collection":[{"href":"https:\/\/cosmetic.lv\/lv\/wp-json\/wp\/v2\/product"}],"about":[{"href":"https:\/\/cosmetic.lv\/lv\/wp-json\/wp\/v2\/types\/product"}],"wp:featuredmedia":[{"embeddable":true,"href":"https:\/\/cosmetic.lv\/lv\/wp-json\/wp\/v2\/media\/9453"}],"wp:attachment":[{"href":"https:\/\/cosmetic.lv\/lv\/wp-json\/wp\/v2\/media?parent=34258"}],"wp:term":[{"taxonomy":"product_brand","embeddable":true,"href":"https:\/\/cosmetic.lv\/lv\/wp-json\/wp\/v2\/product_brand?post=34258"},{"taxonomy":"product_cat","embeddable":true,"href":"https:\/\/cosmetic.lv\/lv\/wp-json\/wp\/v2\/product_cat?post=34258"},{"taxonomy":"product_tag","embeddable":true,"href":"https:\/\/cosmetic.lv\/lv\/wp-json\/wp\/v2\/product_tag?post=34258"}],"curies":[{"name":"wp","href":"https:\/\/api.w.org\/{rel}","templated":true}]}}