{"id":34260,"date":"2021-02-05T22:40:15","date_gmt":"2021-02-06T17:50:33","guid":{"rendered":"https:\/\/damme.lv\/product\/arkadija-krems-botulong-dod-liftinga-efektu-mitrina-un-baro-adu-50-ml\/"},"modified":"2021-02-06T19:50:37","modified_gmt":"2021-02-06T17:50:37","slug":"arkadija-krems-botulong-dod-liftinga-efektu-mitrina-un-baro-adu-50-ml","status":"publish","type":"product","link":"https:\/\/cosmetic.lv\/lv\/product\/arkadija-krems-botulong-dod-liftinga-efektu-mitrina-un-baro-adu-50-ml\/","title":{"rendered":"Ark\u0101dija Kr\u0113ms Botulong dod liftinga efektu, mitrina un baro \u0101du (50 ml)"},"content":{"rendered":"<p><!DOCTYPE html PUBLIC &quot;-\/\/W3C\/\/DTD XHTML 1.0 Transitional\/\/EN&quot; &quot;http:\/\/www.w3.org\/TR\/xhtml1\/DTD\/xhtml1-transitional.dtd&quot;><br \/>\n<html><br \/>\n<head><br \/>\n<title>Untitled document<\/title><br \/>\n<\/head><br \/>\n<body><\/p>\n<p>Kr\u0113ms Botulong (50 ml)<\/p>\n<p>Kr\u0113ms, darbojoties &scaron;\u016bnu l\u012bmen\u012b, struktur\u0101li atjauno \u0101du, veicina kolag\u0113na karkasa veido&scaron;anos. Akt\u012bvie komponenti dod liftinga efektu, mitrina un baro \u0101du. Svar\u012bga kr\u0113ma \u012bpa&scaron;\u012bba ir sp\u0113ja b\u016btiski uzlabot \u0101das kvalit\u0101ti kakla un apak&scaron;\u0113j\u0101 plaksti\u0146a rajon\u0101.<\/p>\n<p>Kontrindik\u0101cijas: individu\u0101la kr\u0113ma komponentu nepanesam\u012bba.<\/p>\n<p>Lietot: uz iepriek&scaron; att\u012br\u012btas \u0101das vienm\u0113r\u012bgi uzkl\u0101t kr\u0113mu, nekl\u0101jot to tikai uz aug&scaron;\u0113j\u0101 plaksti\u0146a. Lietot 1-2 reizes dien\u0101, atkar\u012bb\u0101 no noveco&scaron;an\u0101s paz\u012bmju izteikt\u012bbas pak\u0101pes un \u0101das tipa.<\/p>\n<p>Rekomend\u0113 lietot, ja ir pazemin\u0101ts kakla \u0101das tonuss un krunci\u0146as acu zon\u0101. Var izmantot k\u0101 papildus atjaunojo&scaron;u l\u012bdzekli p\u0113c botulotoks\u012bna injekcij\u0101m. Var lietot bez laika ierobe\u017eojumiem.<\/p>\n<p>50 ml<\/p>\n<p><\/body><br \/>\n<\/html><\/p>\n","protected":false},"excerpt":{"rendered":"<p>Untitled document Kr\u0113ms Botulong (50 ml) Kr\u0113ms, darbojoties &scaron;\u016bnu l\u012bmen\u012b, struktur\u0101li atjauno \u0101du, veicina kolag\u0113na karkasa veido&scaron;anos. Akt\u012bvie komponenti dod<\/p>\n","protected":false},"featured_media":16165,"template":"","meta":[],"product_brand":[],"product_cat":[2273,2278,2279],"product_tag":[],"class_list":{"0":"post-34260","1":"product","2":"type-product","3":"status-publish","4":"has-post-thumbnail","6":"product_cat-profesionala-kosmetika-sejai-un-kermenim-lv","7":"product_cat-labaratorijas-kosmetika-arkadija-izstrada-luks-klases-kosmetiku-lv","8":"product_cat-sejas-kremi-lv","10":"first","11":"outofstock","12":"sale","13":"taxable","14":"shipping-taxable","15":"purchasable","16":"product-type-simple"},"yoast_head":"<!-- This site is optimized with the Yoast SEO Premium plugin v27.0 (Yoast SEO v27.0) - https:\/\/yoast.com\/product\/yoast-seo-premium-wordpress\/ -->\n<title>Ark\u0101dija Kr\u0113ms Botulong dod liftinga efektu, mitrina un baro \u0101du (50 ml) - cosmetic.lv<\/title>\n<meta name=\"robots\" content=\"index, follow, max-snippet:-1, max-image-preview:large, max-video-preview:-1\" \/>\n<link rel=\"canonical\" href=\"https:\/\/cosmetic.lv\/lv\/product\/arkadija-krems-botulong-dod-liftinga-efektu-mitrina-un-baro-adu-50-ml\/\" \/>\n<meta property=\"og:locale\" content=\"lv_LV\" \/>\n<meta property=\"og:type\" content=\"article\" \/>\n<meta property=\"og:title\" content=\"Ark\u0101dija Kr\u0113ms Botulong dod liftinga efektu, mitrina un baro \u0101du (50 ml)\" \/>\n<meta property=\"og:description\" content=\"Untitled document Kr\u0113ms Botulong (50 ml) Kr\u0113ms, darbojoties &scaron;\u016bnu l\u012bmen\u012b, struktur\u0101li atjauno \u0101du, veicina kolag\u0113na karkasa veido&scaron;anos. Akt\u012bvie komponenti dod\" \/>\n<meta property=\"og:url\" content=\"https:\/\/cosmetic.lv\/lv\/product\/arkadija-krems-botulong-dod-liftinga-efektu-mitrina-un-baro-adu-50-ml\/\" \/>\n<meta property=\"og:site_name\" content=\"cosmetic.lv\" \/>\n<meta property=\"article:publisher\" content=\"https:\/\/www.facebook.com\/cosmetic.lv\/\" \/>\n<meta property=\"article:modified_time\" content=\"2021-02-06T17:50:37+00:00\" \/>\n<meta property=\"og:image\" content=\"https:\/\/cosmetic.lv\/wp-content\/uploads\/2021\/02\/3962_med-4.jpg\" \/>\n\t<meta property=\"og:image:width\" content=\"200\" \/>\n\t<meta property=\"og:image:height\" content=\"200\" \/>\n\t<meta property=\"og:image:type\" content=\"image\/jpeg\" \/>\n<meta name=\"twitter:card\" content=\"summary_large_image\" \/>\n<script type=\"application\/ld+json\" class=\"yoast-schema-graph\">{\"@context\":\"https:\/\/schema.org\",\"@graph\":[{\"@type\":\"WebPage\",\"@id\":\"https:\/\/cosmetic.lv\/lv\/product\/arkadija-krems-botulong-dod-liftinga-efektu-mitrina-un-baro-adu-50-ml\/\",\"url\":\"https:\/\/cosmetic.lv\/lv\/product\/arkadija-krems-botulong-dod-liftinga-efektu-mitrina-un-baro-adu-50-ml\/\",\"name\":\"Ark\u0101dija Kr\u0113ms Botulong dod liftinga efektu, mitrina un baro \u0101du (50 ml) - cosmetic.lv\",\"isPartOf\":{\"@id\":\"https:\/\/cosmetic.lv\/lv\/#website\"},\"primaryImageOfPage\":{\"@id\":\"https:\/\/cosmetic.lv\/lv\/product\/arkadija-krems-botulong-dod-liftinga-efektu-mitrina-un-baro-adu-50-ml\/#primaryimage\"},\"image\":{\"@id\":\"https:\/\/cosmetic.lv\/lv\/product\/arkadija-krems-botulong-dod-liftinga-efektu-mitrina-un-baro-adu-50-ml\/#primaryimage\"},\"thumbnailUrl\":\"https:\/\/cosmetic.lv\/wp-content\/uploads\/2021\/02\/3962_med-4.jpg\",\"datePublished\":\"2021-02-06T17:50:33+00:00\",\"dateModified\":\"2021-02-06T17:50:37+00:00\",\"breadcrumb\":{\"@id\":\"https:\/\/cosmetic.lv\/lv\/product\/arkadija-krems-botulong-dod-liftinga-efektu-mitrina-un-baro-adu-50-ml\/#breadcrumb\"},\"inLanguage\":\"lv-LV\",\"potentialAction\":[{\"@type\":\"ReadAction\",\"target\":[\"https:\/\/cosmetic.lv\/lv\/product\/arkadija-krems-botulong-dod-liftinga-efektu-mitrina-un-baro-adu-50-ml\/\"]}]},{\"@type\":\"ImageObject\",\"inLanguage\":\"lv-LV\",\"@id\":\"https:\/\/cosmetic.lv\/lv\/product\/arkadija-krems-botulong-dod-liftinga-efektu-mitrina-un-baro-adu-50-ml\/#primaryimage\",\"url\":\"https:\/\/cosmetic.lv\/wp-content\/uploads\/2021\/02\/3962_med-4.jpg\",\"contentUrl\":\"https:\/\/cosmetic.lv\/wp-content\/uploads\/2021\/02\/3962_med-4.jpg\",\"width\":200,\"height\":200,\"caption\":\"3962_med.jpg\"},{\"@type\":\"BreadcrumbList\",\"@id\":\"https:\/\/cosmetic.lv\/lv\/product\/arkadija-krems-botulong-dod-liftinga-efektu-mitrina-un-baro-adu-50-ml\/#breadcrumb\",\"itemListElement\":[{\"@type\":\"ListItem\",\"position\":1,\"name\":\"Home\",\"item\":\"https:\/\/cosmetic.lv\/lv\/\"},{\"@type\":\"ListItem\",\"position\":2,\"name\":\"Veikals\",\"item\":\"https:\/\/cosmetic.lv\/lv\/veiklas\/\"},{\"@type\":\"ListItem\",\"position\":3,\"name\":\"Ark\u0101dija Kr\u0113ms Botulong dod liftinga efektu, mitrina un baro \u0101du (50 ml)\"}]},{\"@type\":\"WebSite\",\"@id\":\"https:\/\/cosmetic.lv\/lv\/#website\",\"url\":\"https:\/\/cosmetic.lv\/lv\/\",\"name\":\"cosmetic.lv\",\"description\":\"Profesion\u0101la kosm\u0113tika - Maria Galland, Keune, Arkadija, GMT, Guam, Magiray\",\"publisher\":{\"@id\":\"https:\/\/cosmetic.lv\/lv\/#organization\"},\"potentialAction\":[{\"@type\":\"SearchAction\",\"target\":{\"@type\":\"EntryPoint\",\"urlTemplate\":\"https:\/\/cosmetic.lv\/lv\/?s={search_term_string}\"},\"query-input\":{\"@type\":\"PropertyValueSpecification\",\"valueRequired\":true,\"valueName\":\"search_term_string\"}}],\"inLanguage\":\"lv-LV\"},{\"@type\":\"Organization\",\"@id\":\"https:\/\/cosmetic.lv\/lv\/#organization\",\"name\":\"COSMETIC.LV\",\"url\":\"https:\/\/cosmetic.lv\/lv\/\",\"logo\":{\"@type\":\"ImageObject\",\"inLanguage\":\"lv-LV\",\"@id\":\"https:\/\/cosmetic.lv\/lv\/#\/schema\/logo\/image\/\",\"url\":\"https:\/\/cosmetic.lv\/wp-content\/uploads\/2021\/02\/cosmetic.lv_logo.jpg\",\"contentUrl\":\"https:\/\/cosmetic.lv\/wp-content\/uploads\/2021\/02\/cosmetic.lv_logo.jpg\",\"width\":596,\"height\":196,\"caption\":\"COSMETIC.LV\"},\"image\":{\"@id\":\"https:\/\/cosmetic.lv\/lv\/#\/schema\/logo\/image\/\"},\"sameAs\":[\"https:\/\/www.facebook.com\/cosmetic.lv\/\"]}]}<\/script>\n<meta property=\"product:price:amount\" content=\"72.80\" \/>\n<meta property=\"product:price:currency\" content=\"EUR\" \/>\n<meta property=\"og:availability\" content=\"out of stock\" \/>\n<meta property=\"product:availability\" content=\"out of stock\" \/>\n<meta property=\"product:retailer_item_id\" content=\"A062\" \/>\n<meta property=\"product:condition\" content=\"new\" \/>\n<!-- \/ Yoast SEO Premium plugin. -->","yoast_head_json":{"title":"Ark\u0101dija Kr\u0113ms Botulong dod liftinga efektu, mitrina un baro \u0101du (50 ml) - cosmetic.lv","robots":{"index":"index","follow":"follow","max-snippet":"max-snippet:-1","max-image-preview":"max-image-preview:large","max-video-preview":"max-video-preview:-1"},"canonical":"https:\/\/cosmetic.lv\/lv\/product\/arkadija-krems-botulong-dod-liftinga-efektu-mitrina-un-baro-adu-50-ml\/","og_locale":"lv_LV","og_type":"article","og_title":"Ark\u0101dija Kr\u0113ms Botulong dod liftinga efektu, mitrina un baro \u0101du (50 ml)","og_description":"Untitled document Kr\u0113ms Botulong (50 ml) Kr\u0113ms, darbojoties &scaron;\u016bnu l\u012bmen\u012b, struktur\u0101li atjauno \u0101du, veicina kolag\u0113na karkasa veido&scaron;anos. Akt\u012bvie komponenti dod","og_url":"https:\/\/cosmetic.lv\/lv\/product\/arkadija-krems-botulong-dod-liftinga-efektu-mitrina-un-baro-adu-50-ml\/","og_site_name":"cosmetic.lv","article_publisher":"https:\/\/www.facebook.com\/cosmetic.lv\/","article_modified_time":"2021-02-06T17:50:37+00:00","og_image":[{"width":200,"height":200,"url":"https:\/\/cosmetic.lv\/wp-content\/uploads\/2021\/02\/3962_med-4.jpg","type":"image\/jpeg"}],"twitter_card":"summary_large_image","schema":{"@context":"https:\/\/schema.org","@graph":[{"@type":"WebPage","@id":"https:\/\/cosmetic.lv\/lv\/product\/arkadija-krems-botulong-dod-liftinga-efektu-mitrina-un-baro-adu-50-ml\/","url":"https:\/\/cosmetic.lv\/lv\/product\/arkadija-krems-botulong-dod-liftinga-efektu-mitrina-un-baro-adu-50-ml\/","name":"Ark\u0101dija Kr\u0113ms Botulong dod liftinga efektu, mitrina un baro \u0101du (50 ml) - cosmetic.lv","isPartOf":{"@id":"https:\/\/cosmetic.lv\/lv\/#website"},"primaryImageOfPage":{"@id":"https:\/\/cosmetic.lv\/lv\/product\/arkadija-krems-botulong-dod-liftinga-efektu-mitrina-un-baro-adu-50-ml\/#primaryimage"},"image":{"@id":"https:\/\/cosmetic.lv\/lv\/product\/arkadija-krems-botulong-dod-liftinga-efektu-mitrina-un-baro-adu-50-ml\/#primaryimage"},"thumbnailUrl":"https:\/\/cosmetic.lv\/wp-content\/uploads\/2021\/02\/3962_med-4.jpg","datePublished":"2021-02-06T17:50:33+00:00","dateModified":"2021-02-06T17:50:37+00:00","breadcrumb":{"@id":"https:\/\/cosmetic.lv\/lv\/product\/arkadija-krems-botulong-dod-liftinga-efektu-mitrina-un-baro-adu-50-ml\/#breadcrumb"},"inLanguage":"lv-LV","potentialAction":[{"@type":"ReadAction","target":["https:\/\/cosmetic.lv\/lv\/product\/arkadija-krems-botulong-dod-liftinga-efektu-mitrina-un-baro-adu-50-ml\/"]}]},{"@type":"ImageObject","inLanguage":"lv-LV","@id":"https:\/\/cosmetic.lv\/lv\/product\/arkadija-krems-botulong-dod-liftinga-efektu-mitrina-un-baro-adu-50-ml\/#primaryimage","url":"https:\/\/cosmetic.lv\/wp-content\/uploads\/2021\/02\/3962_med-4.jpg","contentUrl":"https:\/\/cosmetic.lv\/wp-content\/uploads\/2021\/02\/3962_med-4.jpg","width":200,"height":200,"caption":"3962_med.jpg"},{"@type":"BreadcrumbList","@id":"https:\/\/cosmetic.lv\/lv\/product\/arkadija-krems-botulong-dod-liftinga-efektu-mitrina-un-baro-adu-50-ml\/#breadcrumb","itemListElement":[{"@type":"ListItem","position":1,"name":"Home","item":"https:\/\/cosmetic.lv\/lv\/"},{"@type":"ListItem","position":2,"name":"Veikals","item":"https:\/\/cosmetic.lv\/lv\/veiklas\/"},{"@type":"ListItem","position":3,"name":"Ark\u0101dija Kr\u0113ms Botulong dod liftinga efektu, mitrina un baro \u0101du (50 ml)"}]},{"@type":"WebSite","@id":"https:\/\/cosmetic.lv\/lv\/#website","url":"https:\/\/cosmetic.lv\/lv\/","name":"cosmetic.lv","description":"Profesion\u0101la kosm\u0113tika - Maria Galland, Keune, Arkadija, GMT, Guam, Magiray","publisher":{"@id":"https:\/\/cosmetic.lv\/lv\/#organization"},"potentialAction":[{"@type":"SearchAction","target":{"@type":"EntryPoint","urlTemplate":"https:\/\/cosmetic.lv\/lv\/?s={search_term_string}"},"query-input":{"@type":"PropertyValueSpecification","valueRequired":true,"valueName":"search_term_string"}}],"inLanguage":"lv-LV"},{"@type":"Organization","@id":"https:\/\/cosmetic.lv\/lv\/#organization","name":"COSMETIC.LV","url":"https:\/\/cosmetic.lv\/lv\/","logo":{"@type":"ImageObject","inLanguage":"lv-LV","@id":"https:\/\/cosmetic.lv\/lv\/#\/schema\/logo\/image\/","url":"https:\/\/cosmetic.lv\/wp-content\/uploads\/2021\/02\/cosmetic.lv_logo.jpg","contentUrl":"https:\/\/cosmetic.lv\/wp-content\/uploads\/2021\/02\/cosmetic.lv_logo.jpg","width":596,"height":196,"caption":"COSMETIC.LV"},"image":{"@id":"https:\/\/cosmetic.lv\/lv\/#\/schema\/logo\/image\/"},"sameAs":["https:\/\/www.facebook.com\/cosmetic.lv\/"]}]},"product_price_amount":"72.80","product_price_currency":"EUR","og_availability":"out of stock","product_availability":"out of stock","product_retailer_item_id":"A062","product_condition":"new"},"_links":{"self":[{"href":"https:\/\/cosmetic.lv\/lv\/wp-json\/wp\/v2\/product\/34260","targetHints":{"allow":["GET"]}}],"collection":[{"href":"https:\/\/cosmetic.lv\/lv\/wp-json\/wp\/v2\/product"}],"about":[{"href":"https:\/\/cosmetic.lv\/lv\/wp-json\/wp\/v2\/types\/product"}],"wp:featuredmedia":[{"embeddable":true,"href":"https:\/\/cosmetic.lv\/lv\/wp-json\/wp\/v2\/media\/16165"}],"wp:attachment":[{"href":"https:\/\/cosmetic.lv\/lv\/wp-json\/wp\/v2\/media?parent=34260"}],"wp:term":[{"taxonomy":"product_brand","embeddable":true,"href":"https:\/\/cosmetic.lv\/lv\/wp-json\/wp\/v2\/product_brand?post=34260"},{"taxonomy":"product_cat","embeddable":true,"href":"https:\/\/cosmetic.lv\/lv\/wp-json\/wp\/v2\/product_cat?post=34260"},{"taxonomy":"product_tag","embeddable":true,"href":"https:\/\/cosmetic.lv\/lv\/wp-json\/wp\/v2\/product_tag?post=34260"}],"curies":[{"name":"wp","href":"https:\/\/api.w.org\/{rel}","templated":true}]}}