{"id":34265,"date":"2021-02-05T22:40:24","date_gmt":"2021-02-06T17:50:40","guid":{"rendered":"https:\/\/damme.lv\/product\/arkadija-aktivais-dienas-krems-ledija-n-komplekss-sausai-un-normalai-adai-50-ml\/"},"modified":"2021-02-06T19:50:41","modified_gmt":"2021-02-06T17:50:41","slug":"arkadija-aktivais-dienas-krems-ledija-n-komplekss-sausai-un-normalai-adai-50-ml","status":"publish","type":"product","link":"https:\/\/cosmetic.lv\/lv\/product\/arkadija-aktivais-dienas-krems-ledija-n-komplekss-sausai-un-normalai-adai-50-ml\/","title":{"rendered":"Arkadija Akt\u012bvais Dienas kr\u0113ms (L\u0113dija N) -komplekss sausai un norm\u0101lai \u0101dai 50 ml"},"content":{"rendered":"<p><!DOCTYPE html PUBLIC &quot;-\/\/W3C\/\/DTD XHTML 1.0 Transitional\/\/EN&quot; &quot;http:\/\/www.w3.org\/TR\/xhtml1\/DTD\/xhtml1-transitional.dtd&quot;><br \/>\n<html><br \/>\n<head><br \/>\n<title>Untitled document<\/title><br \/>\n<\/head><br \/>\n<body><\/p>\n<p>Dienas kr\u0113ms&nbsp;<\/p>\n<p>Viegls, ta\u010du vienlaic\u012bgi \u013coti bag\u0101t\u012bgs kr\u0113ms. \u0100tri ies\u016bcas \u0101d\u0101, padarot to mat\u0113tu. Beta-1,3-gluk\u0101ns, kompleks\u0101 ar vitam\u012bnu A un kvie&scaron;u asnu e\u013c\u013cu, aktiviz\u0113 \u0101das virsk\u0101rtas &scaron;\u016bnu atjauno&scaron;an\u0101s procesu, pastiprina dab\u012bg\u0101s aizsargsp\u0113jas, paaugstina \u0101das preto&scaron;an\u0101s sp\u0113jas mikroorganismiem, nostiprina asinsvadu sieni\u0146as. Vitam\u012bns E aizsarg\u0101 lip\u012bdus no oksid\u0113&scaron;an\u0101s, c\u012bn\u0101s ar br\u012bvajiem radik\u0101\u013ciem. Kli\u0146\u0123er\u012b&scaron;u ekstraktam ir maiga pretiekaisuma iedarb\u012bba. Kr\u0113ms aizkav\u0113 krunci\u0146u veido&scaron;anos, mitrina \u0101du un izl\u012bdzina t\u0101s reljefu. Rekomend\u0113 lietot ar\u012b acu zonas \u0101dai.<\/p>\n<p>Lietot: uz iepriek&scaron; att\u012br\u012btas \u0101das vienm\u0113r\u012bgi uzkl\u0101t nelielu kr\u0113ma daudzumu, tad viegl\u0101m mas\u0101\u017eas kust\u012bb\u0101m iestr\u0101d\u0101t to sejas un kakla \u0101d\u0101 (kr\u0113ma \u012bpa&scaron;ais sast\u0101vs paredz\u0113ts lieto&scaron;anai ar\u012b acu zon\u0101).<\/p>\n<p>Kosm\u0113tikas s\u0113rija <br \/>Imunomodul\u0113jo&scaron;s komplekss sausai un norm\u0101lai \u0101dai<\/p>\n<p>&Scaron;\u012bs s\u0113rijas produktus rekomend\u0113 jebkura vecuma cilv\u0113kiem ar kombin\u0113tu un vid\u0113ji sausu \u0101das tipu, \u012bpa&scaron;i, ja v\u0113rojams \u0101das jut\u012bgums, papla&scaron;in\u0101ti asinsvadi, ir pazemin\u0101tas \u0101das aizsargsp\u0113jas.<\/p>\n<p><\/body><br \/>\n<\/html><\/p>\n","protected":false},"excerpt":{"rendered":"<p>Untitled document Dienas kr\u0113ms&nbsp; Viegls, ta\u010du vienlaic\u012bgi \u013coti bag\u0101t\u012bgs kr\u0113ms. \u0100tri ies\u016bcas \u0101d\u0101, padarot to mat\u0113tu. Beta-1,3-gluk\u0101ns, kompleks\u0101 ar vitam\u012bnu<\/p>\n","protected":false},"featured_media":16174,"template":"","meta":[],"product_brand":[],"product_cat":[2273,2278,2279],"product_tag":[],"class_list":{"0":"post-34265","1":"product","2":"type-product","3":"status-publish","4":"has-post-thumbnail","6":"product_cat-profesionala-kosmetika-sejai-un-kermenim-lv","7":"product_cat-labaratorijas-kosmetika-arkadija-izstrada-luks-klases-kosmetiku-lv","8":"product_cat-sejas-kremi-lv","10":"first","11":"outofstock","12":"sale","13":"taxable","14":"shipping-taxable","15":"purchasable","16":"product-type-simple"},"yoast_head":"<!-- This site is optimized with the Yoast SEO Premium plugin v27.0 (Yoast SEO v27.0) - https:\/\/yoast.com\/product\/yoast-seo-premium-wordpress\/ -->\n<title>Arkadija Akt\u012bvais Dienas kr\u0113ms (L\u0113dija N) -komplekss sausai un norm\u0101lai \u0101dai 50 ml - cosmetic.lv<\/title>\n<meta name=\"robots\" content=\"index, follow, max-snippet:-1, max-image-preview:large, max-video-preview:-1\" \/>\n<link rel=\"canonical\" href=\"https:\/\/cosmetic.lv\/lv\/product\/arkadija-aktivais-dienas-krems-ledija-n-komplekss-sausai-un-normalai-adai-50-ml\/\" \/>\n<meta property=\"og:locale\" content=\"lv_LV\" \/>\n<meta property=\"og:type\" content=\"article\" \/>\n<meta property=\"og:title\" content=\"Arkadija Akt\u012bvais Dienas kr\u0113ms (L\u0113dija N) -komplekss sausai un norm\u0101lai \u0101dai 50 ml\" \/>\n<meta property=\"og:description\" content=\"Untitled document Dienas kr\u0113ms&nbsp; Viegls, ta\u010du vienlaic\u012bgi \u013coti bag\u0101t\u012bgs kr\u0113ms. \u0100tri ies\u016bcas \u0101d\u0101, padarot to mat\u0113tu. Beta-1,3-gluk\u0101ns, kompleks\u0101 ar vitam\u012bnu\" \/>\n<meta property=\"og:url\" content=\"https:\/\/cosmetic.lv\/lv\/product\/arkadija-aktivais-dienas-krems-ledija-n-komplekss-sausai-un-normalai-adai-50-ml\/\" \/>\n<meta property=\"og:site_name\" content=\"cosmetic.lv\" \/>\n<meta property=\"article:publisher\" content=\"https:\/\/www.facebook.com\/cosmetic.lv\/\" \/>\n<meta property=\"article:modified_time\" content=\"2021-02-06T17:50:41+00:00\" \/>\n<meta property=\"og:image\" content=\"https:\/\/cosmetic.lv\/wp-content\/uploads\/2021\/02\/arkad9-4.jpg\" \/>\n\t<meta property=\"og:image:width\" content=\"250\" \/>\n\t<meta property=\"og:image:height\" content=\"250\" \/>\n\t<meta property=\"og:image:type\" content=\"image\/jpeg\" \/>\n<meta name=\"twitter:card\" content=\"summary_large_image\" \/>\n<script type=\"application\/ld+json\" class=\"yoast-schema-graph\">{\"@context\":\"https:\/\/schema.org\",\"@graph\":[{\"@type\":\"WebPage\",\"@id\":\"https:\/\/cosmetic.lv\/lv\/product\/arkadija-aktivais-dienas-krems-ledija-n-komplekss-sausai-un-normalai-adai-50-ml\/\",\"url\":\"https:\/\/cosmetic.lv\/lv\/product\/arkadija-aktivais-dienas-krems-ledija-n-komplekss-sausai-un-normalai-adai-50-ml\/\",\"name\":\"Arkadija Akt\u012bvais Dienas kr\u0113ms (L\u0113dija N) -komplekss sausai un norm\u0101lai \u0101dai 50 ml - cosmetic.lv\",\"isPartOf\":{\"@id\":\"https:\/\/cosmetic.lv\/lv\/#website\"},\"primaryImageOfPage\":{\"@id\":\"https:\/\/cosmetic.lv\/lv\/product\/arkadija-aktivais-dienas-krems-ledija-n-komplekss-sausai-un-normalai-adai-50-ml\/#primaryimage\"},\"image\":{\"@id\":\"https:\/\/cosmetic.lv\/lv\/product\/arkadija-aktivais-dienas-krems-ledija-n-komplekss-sausai-un-normalai-adai-50-ml\/#primaryimage\"},\"thumbnailUrl\":\"https:\/\/cosmetic.lv\/wp-content\/uploads\/2021\/02\/arkad9-4.jpg\",\"datePublished\":\"2021-02-06T17:50:40+00:00\",\"dateModified\":\"2021-02-06T17:50:41+00:00\",\"breadcrumb\":{\"@id\":\"https:\/\/cosmetic.lv\/lv\/product\/arkadija-aktivais-dienas-krems-ledija-n-komplekss-sausai-un-normalai-adai-50-ml\/#breadcrumb\"},\"inLanguage\":\"lv-LV\",\"potentialAction\":[{\"@type\":\"ReadAction\",\"target\":[\"https:\/\/cosmetic.lv\/lv\/product\/arkadija-aktivais-dienas-krems-ledija-n-komplekss-sausai-un-normalai-adai-50-ml\/\"]}]},{\"@type\":\"ImageObject\",\"inLanguage\":\"lv-LV\",\"@id\":\"https:\/\/cosmetic.lv\/lv\/product\/arkadija-aktivais-dienas-krems-ledija-n-komplekss-sausai-un-normalai-adai-50-ml\/#primaryimage\",\"url\":\"https:\/\/cosmetic.lv\/wp-content\/uploads\/2021\/02\/arkad9-4.jpg\",\"contentUrl\":\"https:\/\/cosmetic.lv\/wp-content\/uploads\/2021\/02\/arkad9-4.jpg\",\"width\":250,\"height\":250,\"caption\":\"arkad9.jpg\"},{\"@type\":\"BreadcrumbList\",\"@id\":\"https:\/\/cosmetic.lv\/lv\/product\/arkadija-aktivais-dienas-krems-ledija-n-komplekss-sausai-un-normalai-adai-50-ml\/#breadcrumb\",\"itemListElement\":[{\"@type\":\"ListItem\",\"position\":1,\"name\":\"Home\",\"item\":\"https:\/\/cosmetic.lv\/lv\/\"},{\"@type\":\"ListItem\",\"position\":2,\"name\":\"Veikals\",\"item\":\"https:\/\/cosmetic.lv\/lv\/veiklas\/\"},{\"@type\":\"ListItem\",\"position\":3,\"name\":\"Arkadija Akt\u012bvais Dienas kr\u0113ms (L\u0113dija N) -komplekss sausai un norm\u0101lai \u0101dai 50 ml\"}]},{\"@type\":\"WebSite\",\"@id\":\"https:\/\/cosmetic.lv\/lv\/#website\",\"url\":\"https:\/\/cosmetic.lv\/lv\/\",\"name\":\"cosmetic.lv\",\"description\":\"Profesion\u0101la kosm\u0113tika - Maria Galland, Keune, Arkadija, GMT, Guam, Magiray\",\"publisher\":{\"@id\":\"https:\/\/cosmetic.lv\/lv\/#organization\"},\"potentialAction\":[{\"@type\":\"SearchAction\",\"target\":{\"@type\":\"EntryPoint\",\"urlTemplate\":\"https:\/\/cosmetic.lv\/lv\/?s={search_term_string}\"},\"query-input\":{\"@type\":\"PropertyValueSpecification\",\"valueRequired\":true,\"valueName\":\"search_term_string\"}}],\"inLanguage\":\"lv-LV\"},{\"@type\":\"Organization\",\"@id\":\"https:\/\/cosmetic.lv\/lv\/#organization\",\"name\":\"COSMETIC.LV\",\"url\":\"https:\/\/cosmetic.lv\/lv\/\",\"logo\":{\"@type\":\"ImageObject\",\"inLanguage\":\"lv-LV\",\"@id\":\"https:\/\/cosmetic.lv\/lv\/#\/schema\/logo\/image\/\",\"url\":\"https:\/\/cosmetic.lv\/wp-content\/uploads\/2021\/02\/cosmetic.lv_logo.jpg\",\"contentUrl\":\"https:\/\/cosmetic.lv\/wp-content\/uploads\/2021\/02\/cosmetic.lv_logo.jpg\",\"width\":596,\"height\":196,\"caption\":\"COSMETIC.LV\"},\"image\":{\"@id\":\"https:\/\/cosmetic.lv\/lv\/#\/schema\/logo\/image\/\"},\"sameAs\":[\"https:\/\/www.facebook.com\/cosmetic.lv\/\"]}]}<\/script>\n<meta property=\"product:price:amount\" content=\"38.31\" \/>\n<meta property=\"product:price:currency\" content=\"EUR\" \/>\n<meta property=\"og:availability\" content=\"out of stock\" \/>\n<meta property=\"product:availability\" content=\"out of stock\" \/>\n<meta property=\"product:retailer_item_id\" content=\"A043\" \/>\n<meta property=\"product:condition\" content=\"new\" \/>\n<!-- \/ Yoast SEO Premium plugin. -->","yoast_head_json":{"title":"Arkadija Akt\u012bvais Dienas kr\u0113ms (L\u0113dija N) -komplekss sausai un norm\u0101lai \u0101dai 50 ml - cosmetic.lv","robots":{"index":"index","follow":"follow","max-snippet":"max-snippet:-1","max-image-preview":"max-image-preview:large","max-video-preview":"max-video-preview:-1"},"canonical":"https:\/\/cosmetic.lv\/lv\/product\/arkadija-aktivais-dienas-krems-ledija-n-komplekss-sausai-un-normalai-adai-50-ml\/","og_locale":"lv_LV","og_type":"article","og_title":"Arkadija Akt\u012bvais Dienas kr\u0113ms (L\u0113dija N) -komplekss sausai un norm\u0101lai \u0101dai 50 ml","og_description":"Untitled document Dienas kr\u0113ms&nbsp; Viegls, ta\u010du vienlaic\u012bgi \u013coti bag\u0101t\u012bgs kr\u0113ms. \u0100tri ies\u016bcas \u0101d\u0101, padarot to mat\u0113tu. Beta-1,3-gluk\u0101ns, kompleks\u0101 ar vitam\u012bnu","og_url":"https:\/\/cosmetic.lv\/lv\/product\/arkadija-aktivais-dienas-krems-ledija-n-komplekss-sausai-un-normalai-adai-50-ml\/","og_site_name":"cosmetic.lv","article_publisher":"https:\/\/www.facebook.com\/cosmetic.lv\/","article_modified_time":"2021-02-06T17:50:41+00:00","og_image":[{"width":250,"height":250,"url":"https:\/\/cosmetic.lv\/wp-content\/uploads\/2021\/02\/arkad9-4.jpg","type":"image\/jpeg"}],"twitter_card":"summary_large_image","schema":{"@context":"https:\/\/schema.org","@graph":[{"@type":"WebPage","@id":"https:\/\/cosmetic.lv\/lv\/product\/arkadija-aktivais-dienas-krems-ledija-n-komplekss-sausai-un-normalai-adai-50-ml\/","url":"https:\/\/cosmetic.lv\/lv\/product\/arkadija-aktivais-dienas-krems-ledija-n-komplekss-sausai-un-normalai-adai-50-ml\/","name":"Arkadija Akt\u012bvais Dienas kr\u0113ms (L\u0113dija N) -komplekss sausai un norm\u0101lai \u0101dai 50 ml - cosmetic.lv","isPartOf":{"@id":"https:\/\/cosmetic.lv\/lv\/#website"},"primaryImageOfPage":{"@id":"https:\/\/cosmetic.lv\/lv\/product\/arkadija-aktivais-dienas-krems-ledija-n-komplekss-sausai-un-normalai-adai-50-ml\/#primaryimage"},"image":{"@id":"https:\/\/cosmetic.lv\/lv\/product\/arkadija-aktivais-dienas-krems-ledija-n-komplekss-sausai-un-normalai-adai-50-ml\/#primaryimage"},"thumbnailUrl":"https:\/\/cosmetic.lv\/wp-content\/uploads\/2021\/02\/arkad9-4.jpg","datePublished":"2021-02-06T17:50:40+00:00","dateModified":"2021-02-06T17:50:41+00:00","breadcrumb":{"@id":"https:\/\/cosmetic.lv\/lv\/product\/arkadija-aktivais-dienas-krems-ledija-n-komplekss-sausai-un-normalai-adai-50-ml\/#breadcrumb"},"inLanguage":"lv-LV","potentialAction":[{"@type":"ReadAction","target":["https:\/\/cosmetic.lv\/lv\/product\/arkadija-aktivais-dienas-krems-ledija-n-komplekss-sausai-un-normalai-adai-50-ml\/"]}]},{"@type":"ImageObject","inLanguage":"lv-LV","@id":"https:\/\/cosmetic.lv\/lv\/product\/arkadija-aktivais-dienas-krems-ledija-n-komplekss-sausai-un-normalai-adai-50-ml\/#primaryimage","url":"https:\/\/cosmetic.lv\/wp-content\/uploads\/2021\/02\/arkad9-4.jpg","contentUrl":"https:\/\/cosmetic.lv\/wp-content\/uploads\/2021\/02\/arkad9-4.jpg","width":250,"height":250,"caption":"arkad9.jpg"},{"@type":"BreadcrumbList","@id":"https:\/\/cosmetic.lv\/lv\/product\/arkadija-aktivais-dienas-krems-ledija-n-komplekss-sausai-un-normalai-adai-50-ml\/#breadcrumb","itemListElement":[{"@type":"ListItem","position":1,"name":"Home","item":"https:\/\/cosmetic.lv\/lv\/"},{"@type":"ListItem","position":2,"name":"Veikals","item":"https:\/\/cosmetic.lv\/lv\/veiklas\/"},{"@type":"ListItem","position":3,"name":"Arkadija Akt\u012bvais Dienas kr\u0113ms (L\u0113dija N) -komplekss sausai un norm\u0101lai \u0101dai 50 ml"}]},{"@type":"WebSite","@id":"https:\/\/cosmetic.lv\/lv\/#website","url":"https:\/\/cosmetic.lv\/lv\/","name":"cosmetic.lv","description":"Profesion\u0101la kosm\u0113tika - Maria Galland, Keune, Arkadija, GMT, Guam, Magiray","publisher":{"@id":"https:\/\/cosmetic.lv\/lv\/#organization"},"potentialAction":[{"@type":"SearchAction","target":{"@type":"EntryPoint","urlTemplate":"https:\/\/cosmetic.lv\/lv\/?s={search_term_string}"},"query-input":{"@type":"PropertyValueSpecification","valueRequired":true,"valueName":"search_term_string"}}],"inLanguage":"lv-LV"},{"@type":"Organization","@id":"https:\/\/cosmetic.lv\/lv\/#organization","name":"COSMETIC.LV","url":"https:\/\/cosmetic.lv\/lv\/","logo":{"@type":"ImageObject","inLanguage":"lv-LV","@id":"https:\/\/cosmetic.lv\/lv\/#\/schema\/logo\/image\/","url":"https:\/\/cosmetic.lv\/wp-content\/uploads\/2021\/02\/cosmetic.lv_logo.jpg","contentUrl":"https:\/\/cosmetic.lv\/wp-content\/uploads\/2021\/02\/cosmetic.lv_logo.jpg","width":596,"height":196,"caption":"COSMETIC.LV"},"image":{"@id":"https:\/\/cosmetic.lv\/lv\/#\/schema\/logo\/image\/"},"sameAs":["https:\/\/www.facebook.com\/cosmetic.lv\/"]}]},"product_price_amount":"38.31","product_price_currency":"EUR","og_availability":"out of stock","product_availability":"out of stock","product_retailer_item_id":"A043","product_condition":"new"},"_links":{"self":[{"href":"https:\/\/cosmetic.lv\/lv\/wp-json\/wp\/v2\/product\/34265","targetHints":{"allow":["GET"]}}],"collection":[{"href":"https:\/\/cosmetic.lv\/lv\/wp-json\/wp\/v2\/product"}],"about":[{"href":"https:\/\/cosmetic.lv\/lv\/wp-json\/wp\/v2\/types\/product"}],"wp:featuredmedia":[{"embeddable":true,"href":"https:\/\/cosmetic.lv\/lv\/wp-json\/wp\/v2\/media\/16174"}],"wp:attachment":[{"href":"https:\/\/cosmetic.lv\/lv\/wp-json\/wp\/v2\/media?parent=34265"}],"wp:term":[{"taxonomy":"product_brand","embeddable":true,"href":"https:\/\/cosmetic.lv\/lv\/wp-json\/wp\/v2\/product_brand?post=34265"},{"taxonomy":"product_cat","embeddable":true,"href":"https:\/\/cosmetic.lv\/lv\/wp-json\/wp\/v2\/product_cat?post=34265"},{"taxonomy":"product_tag","embeddable":true,"href":"https:\/\/cosmetic.lv\/lv\/wp-json\/wp\/v2\/product_tag?post=34265"}],"curies":[{"name":"wp","href":"https:\/\/api.w.org\/{rel}","templated":true}]}}