{"id":34266,"date":"2021-02-05T22:40:24","date_gmt":"2021-02-06T17:50:40","guid":{"rendered":"https:\/\/damme.lv\/product\/arkadija-nakts-krems-gels-kuraza-kombinetas-un-taukainas-adas-intensiva-kopsana\/"},"modified":"2021-02-06T19:50:42","modified_gmt":"2021-02-06T17:50:42","slug":"arkadija-nakts-krems-gels-kuraza-kombinetas-un-taukainas-adas-intensiva-kopsana","status":"publish","type":"product","link":"https:\/\/cosmetic.lv\/lv\/product\/arkadija-nakts-krems-gels-kuraza-kombinetas-un-taukainas-adas-intensiva-kopsana\/","title":{"rendered":"Ark\u0101dija Nakts kr\u0113ms-g\u0113ls (Kur\u0101\u017ea) Kombin\u0113tas un taukainas \u0101das intens\u012bva kop\u0161ana"},"content":{"rendered":"<p><P>Nakts kr\u0113ms-g\u0113ls &#8211; 50 ml<BR>&nbsp;&nbsp;<BR>&nbsp;&nbsp; Kr\u0113ms ar sabalans\u0113tu barojo\u0161o un mitrino\u0161o komponentu attiec\u012bbu. Regul\u0113 atjaunojo\u0161os procesus \u0101d\u0101 nakts laik\u0101, mazina noguruma p\u0113das, paaugstina tonusu, uzlabo \u0101das kr\u0101su.&nbsp; <\/P><br \/>\n<P>Beta\u20131,3-gluk\u0101ns pastiprina dab\u012bgo atjauno\u0161an\u0101s procesu. Vitam\u012bns F normaliz\u0113 \u0101das lip\u012bdu sast\u0101vu, nostiprina t\u0101s barjerfunkciju. Hialuronsk\u0101be un dab\u012bg\u0101 mitrino\u0161\u0101 faktora komponenti atjauno nepiecie\u0161amo mitruma l\u012bmeni. Vitam\u012bns E nodro\u0161ina antioksidantu aizsardz\u012bbu. Kumel\u012b\u0161u ekstraktam piem\u012bt pretiekaisuma un m\u012bkstino\u0161a iedarb\u012bba. <\/P><br \/>\n<P>Lietot: uz iepriek\u0161 att\u012br\u012btas \u0101das vienm\u0113r\u012bgi uzkl\u0101t nelielu kr\u0113ma daudzumu, tad viegl\u0101m mas\u0101\u017eas kust\u012bb\u0101m iestr\u0101d\u0101t to sejas un kakla \u0101d\u0101 (kr\u0113ma \u012bpa\u0161ais sast\u0101vs paredz\u0113ts lieto\u0161anai ar\u012b acu zon\u0101). Intens\u012bv\u0101kai kop\u0161anai, pirms nakts kr\u0113ma uzkl\u0101\u0161anas, rekomend\u0113 papildus lietot serumu.<\/P><br \/>\n<P>Kosm\u0113tikas s\u0113rija Kombin\u0113tas un taukainas \u0101das intens\u012bva kop\u0161ana<\/P><br \/>\n<P>\u0160\u012bs s\u0113rijas produktus rekomend\u0113 vid\u0113ja un vec\u0101ka gadag\u0101juma cilv\u0113kiem ar kombin\u0113tu un taukainu sejas \u0101das tipu, \u012bpa\u0161i, ja v\u0113rojams taukains \u0101das sp\u012bdums, ir paaugstin\u0101ta nosliece uz iekais\u012bgu elementu veido\u0161anos.<\/P><br \/>\n<P>&nbsp;50 ml<\/P><\/p>\n","protected":false},"excerpt":{"rendered":"<p>Nakts kr\u0113ms-g\u0113ls &#8211; 50 ml&nbsp;&nbsp;&nbsp;&nbsp; Kr\u0113ms ar sabalans\u0113tu barojo\u0161o un mitrino\u0161o komponentu attiec\u012bbu. Regul\u0113 atjaunojo\u0161os procesus \u0101d\u0101 nakts laik\u0101, mazina<\/p>\n","protected":false},"featured_media":16177,"template":"","meta":[],"product_brand":[],"product_cat":[2273,2278,2279],"product_tag":[],"class_list":{"0":"post-34266","1":"product","2":"type-product","3":"status-publish","4":"has-post-thumbnail","6":"product_cat-profesionala-kosmetika-sejai-un-kermenim-lv","7":"product_cat-labaratorijas-kosmetika-arkadija-izstrada-luks-klases-kosmetiku-lv","8":"product_cat-sejas-kremi-lv","10":"first","11":"outofstock","12":"sale","13":"taxable","14":"shipping-taxable","15":"purchasable","16":"product-type-simple"},"yoast_head":"<!-- This site is optimized with the Yoast SEO Premium plugin v27.0 (Yoast SEO v27.0) - https:\/\/yoast.com\/product\/yoast-seo-premium-wordpress\/ -->\n<title>Ark\u0101dija Nakts kr\u0113ms-g\u0113ls (Kur\u0101\u017ea) Kombin\u0113tas un taukainas \u0101das intens\u012bva kop\u0161ana - cosmetic.lv<\/title>\n<meta name=\"robots\" content=\"index, follow, max-snippet:-1, max-image-preview:large, max-video-preview:-1\" \/>\n<link rel=\"canonical\" href=\"https:\/\/cosmetic.lv\/lv\/product\/arkadija-nakts-krems-gels-kuraza-kombinetas-un-taukainas-adas-intensiva-kopsana\/\" \/>\n<meta property=\"og:locale\" content=\"lv_LV\" \/>\n<meta property=\"og:type\" content=\"article\" \/>\n<meta property=\"og:title\" content=\"Ark\u0101dija Nakts kr\u0113ms-g\u0113ls (Kur\u0101\u017ea) Kombin\u0113tas un taukainas \u0101das intens\u012bva kop\u0161ana\" \/>\n<meta property=\"og:description\" content=\"Nakts kr\u0113ms-g\u0113ls &#8211; 50 ml&nbsp;&nbsp;&nbsp;&nbsp; Kr\u0113ms ar sabalans\u0113tu barojo\u0161o un mitrino\u0161o komponentu attiec\u012bbu. Regul\u0113 atjaunojo\u0161os procesus \u0101d\u0101 nakts laik\u0101, mazina\" \/>\n<meta property=\"og:url\" content=\"https:\/\/cosmetic.lv\/lv\/product\/arkadija-nakts-krems-gels-kuraza-kombinetas-un-taukainas-adas-intensiva-kopsana\/\" \/>\n<meta property=\"og:site_name\" content=\"cosmetic.lv\" \/>\n<meta property=\"article:publisher\" content=\"https:\/\/www.facebook.com\/cosmetic.lv\/\" \/>\n<meta property=\"article:modified_time\" content=\"2021-02-06T17:50:42+00:00\" \/>\n<meta property=\"og:image\" content=\"https:\/\/cosmetic.lv\/wp-content\/uploads\/2021\/02\/arkad5-4.jpg\" \/>\n\t<meta property=\"og:image:width\" content=\"350\" \/>\n\t<meta property=\"og:image:height\" content=\"350\" \/>\n\t<meta property=\"og:image:type\" content=\"image\/jpeg\" \/>\n<meta name=\"twitter:card\" content=\"summary_large_image\" \/>\n<script type=\"application\/ld+json\" class=\"yoast-schema-graph\">{\"@context\":\"https:\/\/schema.org\",\"@graph\":[{\"@type\":\"WebPage\",\"@id\":\"https:\/\/cosmetic.lv\/lv\/product\/arkadija-nakts-krems-gels-kuraza-kombinetas-un-taukainas-adas-intensiva-kopsana\/\",\"url\":\"https:\/\/cosmetic.lv\/lv\/product\/arkadija-nakts-krems-gels-kuraza-kombinetas-un-taukainas-adas-intensiva-kopsana\/\",\"name\":\"Ark\u0101dija Nakts kr\u0113ms-g\u0113ls (Kur\u0101\u017ea) Kombin\u0113tas un taukainas \u0101das intens\u012bva kop\u0161ana - cosmetic.lv\",\"isPartOf\":{\"@id\":\"https:\/\/cosmetic.lv\/lv\/#website\"},\"primaryImageOfPage\":{\"@id\":\"https:\/\/cosmetic.lv\/lv\/product\/arkadija-nakts-krems-gels-kuraza-kombinetas-un-taukainas-adas-intensiva-kopsana\/#primaryimage\"},\"image\":{\"@id\":\"https:\/\/cosmetic.lv\/lv\/product\/arkadija-nakts-krems-gels-kuraza-kombinetas-un-taukainas-adas-intensiva-kopsana\/#primaryimage\"},\"thumbnailUrl\":\"https:\/\/cosmetic.lv\/wp-content\/uploads\/2021\/02\/arkad5-4.jpg\",\"datePublished\":\"2021-02-06T17:50:40+00:00\",\"dateModified\":\"2021-02-06T17:50:42+00:00\",\"breadcrumb\":{\"@id\":\"https:\/\/cosmetic.lv\/lv\/product\/arkadija-nakts-krems-gels-kuraza-kombinetas-un-taukainas-adas-intensiva-kopsana\/#breadcrumb\"},\"inLanguage\":\"lv-LV\",\"potentialAction\":[{\"@type\":\"ReadAction\",\"target\":[\"https:\/\/cosmetic.lv\/lv\/product\/arkadija-nakts-krems-gels-kuraza-kombinetas-un-taukainas-adas-intensiva-kopsana\/\"]}]},{\"@type\":\"ImageObject\",\"inLanguage\":\"lv-LV\",\"@id\":\"https:\/\/cosmetic.lv\/lv\/product\/arkadija-nakts-krems-gels-kuraza-kombinetas-un-taukainas-adas-intensiva-kopsana\/#primaryimage\",\"url\":\"https:\/\/cosmetic.lv\/wp-content\/uploads\/2021\/02\/arkad5-4.jpg\",\"contentUrl\":\"https:\/\/cosmetic.lv\/wp-content\/uploads\/2021\/02\/arkad5-4.jpg\",\"width\":350,\"height\":350,\"caption\":\"arkad5.jpg\"},{\"@type\":\"BreadcrumbList\",\"@id\":\"https:\/\/cosmetic.lv\/lv\/product\/arkadija-nakts-krems-gels-kuraza-kombinetas-un-taukainas-adas-intensiva-kopsana\/#breadcrumb\",\"itemListElement\":[{\"@type\":\"ListItem\",\"position\":1,\"name\":\"Home\",\"item\":\"https:\/\/cosmetic.lv\/lv\/\"},{\"@type\":\"ListItem\",\"position\":2,\"name\":\"Veikals\",\"item\":\"https:\/\/cosmetic.lv\/lv\/veiklas\/\"},{\"@type\":\"ListItem\",\"position\":3,\"name\":\"Ark\u0101dija Nakts kr\u0113ms-g\u0113ls (Kur\u0101\u017ea) Kombin\u0113tas un taukainas \u0101das intens\u012bva kop\u0161ana\"}]},{\"@type\":\"WebSite\",\"@id\":\"https:\/\/cosmetic.lv\/lv\/#website\",\"url\":\"https:\/\/cosmetic.lv\/lv\/\",\"name\":\"cosmetic.lv\",\"description\":\"Profesion\u0101la kosm\u0113tika - Maria Galland, Keune, Arkadija, GMT, Guam, Magiray\",\"publisher\":{\"@id\":\"https:\/\/cosmetic.lv\/lv\/#organization\"},\"potentialAction\":[{\"@type\":\"SearchAction\",\"target\":{\"@type\":\"EntryPoint\",\"urlTemplate\":\"https:\/\/cosmetic.lv\/lv\/?s={search_term_string}\"},\"query-input\":{\"@type\":\"PropertyValueSpecification\",\"valueRequired\":true,\"valueName\":\"search_term_string\"}}],\"inLanguage\":\"lv-LV\"},{\"@type\":\"Organization\",\"@id\":\"https:\/\/cosmetic.lv\/lv\/#organization\",\"name\":\"COSMETIC.LV\",\"url\":\"https:\/\/cosmetic.lv\/lv\/\",\"logo\":{\"@type\":\"ImageObject\",\"inLanguage\":\"lv-LV\",\"@id\":\"https:\/\/cosmetic.lv\/lv\/#\/schema\/logo\/image\/\",\"url\":\"https:\/\/cosmetic.lv\/wp-content\/uploads\/2021\/02\/cosmetic.lv_logo.jpg\",\"contentUrl\":\"https:\/\/cosmetic.lv\/wp-content\/uploads\/2021\/02\/cosmetic.lv_logo.jpg\",\"width\":596,\"height\":196,\"caption\":\"COSMETIC.LV\"},\"image\":{\"@id\":\"https:\/\/cosmetic.lv\/lv\/#\/schema\/logo\/image\/\"},\"sameAs\":[\"https:\/\/www.facebook.com\/cosmetic.lv\/\"]}]}<\/script>\n<meta property=\"product:price:amount\" content=\"41.22\" \/>\n<meta property=\"product:price:currency\" content=\"EUR\" \/>\n<meta property=\"og:availability\" content=\"out of stock\" \/>\n<meta property=\"product:availability\" content=\"out of stock\" \/>\n<meta property=\"product:retailer_item_id\" content=\"A034\" \/>\n<meta property=\"product:condition\" content=\"new\" \/>\n<!-- \/ Yoast SEO Premium plugin. -->","yoast_head_json":{"title":"Ark\u0101dija Nakts kr\u0113ms-g\u0113ls (Kur\u0101\u017ea) Kombin\u0113tas un taukainas \u0101das intens\u012bva kop\u0161ana - cosmetic.lv","robots":{"index":"index","follow":"follow","max-snippet":"max-snippet:-1","max-image-preview":"max-image-preview:large","max-video-preview":"max-video-preview:-1"},"canonical":"https:\/\/cosmetic.lv\/lv\/product\/arkadija-nakts-krems-gels-kuraza-kombinetas-un-taukainas-adas-intensiva-kopsana\/","og_locale":"lv_LV","og_type":"article","og_title":"Ark\u0101dija Nakts kr\u0113ms-g\u0113ls (Kur\u0101\u017ea) Kombin\u0113tas un taukainas \u0101das intens\u012bva kop\u0161ana","og_description":"Nakts kr\u0113ms-g\u0113ls &#8211; 50 ml&nbsp;&nbsp;&nbsp;&nbsp; Kr\u0113ms ar sabalans\u0113tu barojo\u0161o un mitrino\u0161o komponentu attiec\u012bbu. Regul\u0113 atjaunojo\u0161os procesus \u0101d\u0101 nakts laik\u0101, mazina","og_url":"https:\/\/cosmetic.lv\/lv\/product\/arkadija-nakts-krems-gels-kuraza-kombinetas-un-taukainas-adas-intensiva-kopsana\/","og_site_name":"cosmetic.lv","article_publisher":"https:\/\/www.facebook.com\/cosmetic.lv\/","article_modified_time":"2021-02-06T17:50:42+00:00","og_image":[{"width":350,"height":350,"url":"https:\/\/cosmetic.lv\/wp-content\/uploads\/2021\/02\/arkad5-4.jpg","type":"image\/jpeg"}],"twitter_card":"summary_large_image","schema":{"@context":"https:\/\/schema.org","@graph":[{"@type":"WebPage","@id":"https:\/\/cosmetic.lv\/lv\/product\/arkadija-nakts-krems-gels-kuraza-kombinetas-un-taukainas-adas-intensiva-kopsana\/","url":"https:\/\/cosmetic.lv\/lv\/product\/arkadija-nakts-krems-gels-kuraza-kombinetas-un-taukainas-adas-intensiva-kopsana\/","name":"Ark\u0101dija Nakts kr\u0113ms-g\u0113ls (Kur\u0101\u017ea) Kombin\u0113tas un taukainas \u0101das intens\u012bva kop\u0161ana - cosmetic.lv","isPartOf":{"@id":"https:\/\/cosmetic.lv\/lv\/#website"},"primaryImageOfPage":{"@id":"https:\/\/cosmetic.lv\/lv\/product\/arkadija-nakts-krems-gels-kuraza-kombinetas-un-taukainas-adas-intensiva-kopsana\/#primaryimage"},"image":{"@id":"https:\/\/cosmetic.lv\/lv\/product\/arkadija-nakts-krems-gels-kuraza-kombinetas-un-taukainas-adas-intensiva-kopsana\/#primaryimage"},"thumbnailUrl":"https:\/\/cosmetic.lv\/wp-content\/uploads\/2021\/02\/arkad5-4.jpg","datePublished":"2021-02-06T17:50:40+00:00","dateModified":"2021-02-06T17:50:42+00:00","breadcrumb":{"@id":"https:\/\/cosmetic.lv\/lv\/product\/arkadija-nakts-krems-gels-kuraza-kombinetas-un-taukainas-adas-intensiva-kopsana\/#breadcrumb"},"inLanguage":"lv-LV","potentialAction":[{"@type":"ReadAction","target":["https:\/\/cosmetic.lv\/lv\/product\/arkadija-nakts-krems-gels-kuraza-kombinetas-un-taukainas-adas-intensiva-kopsana\/"]}]},{"@type":"ImageObject","inLanguage":"lv-LV","@id":"https:\/\/cosmetic.lv\/lv\/product\/arkadija-nakts-krems-gels-kuraza-kombinetas-un-taukainas-adas-intensiva-kopsana\/#primaryimage","url":"https:\/\/cosmetic.lv\/wp-content\/uploads\/2021\/02\/arkad5-4.jpg","contentUrl":"https:\/\/cosmetic.lv\/wp-content\/uploads\/2021\/02\/arkad5-4.jpg","width":350,"height":350,"caption":"arkad5.jpg"},{"@type":"BreadcrumbList","@id":"https:\/\/cosmetic.lv\/lv\/product\/arkadija-nakts-krems-gels-kuraza-kombinetas-un-taukainas-adas-intensiva-kopsana\/#breadcrumb","itemListElement":[{"@type":"ListItem","position":1,"name":"Home","item":"https:\/\/cosmetic.lv\/lv\/"},{"@type":"ListItem","position":2,"name":"Veikals","item":"https:\/\/cosmetic.lv\/lv\/veiklas\/"},{"@type":"ListItem","position":3,"name":"Ark\u0101dija Nakts kr\u0113ms-g\u0113ls (Kur\u0101\u017ea) Kombin\u0113tas un taukainas \u0101das intens\u012bva kop\u0161ana"}]},{"@type":"WebSite","@id":"https:\/\/cosmetic.lv\/lv\/#website","url":"https:\/\/cosmetic.lv\/lv\/","name":"cosmetic.lv","description":"Profesion\u0101la kosm\u0113tika - Maria Galland, Keune, Arkadija, GMT, Guam, Magiray","publisher":{"@id":"https:\/\/cosmetic.lv\/lv\/#organization"},"potentialAction":[{"@type":"SearchAction","target":{"@type":"EntryPoint","urlTemplate":"https:\/\/cosmetic.lv\/lv\/?s={search_term_string}"},"query-input":{"@type":"PropertyValueSpecification","valueRequired":true,"valueName":"search_term_string"}}],"inLanguage":"lv-LV"},{"@type":"Organization","@id":"https:\/\/cosmetic.lv\/lv\/#organization","name":"COSMETIC.LV","url":"https:\/\/cosmetic.lv\/lv\/","logo":{"@type":"ImageObject","inLanguage":"lv-LV","@id":"https:\/\/cosmetic.lv\/lv\/#\/schema\/logo\/image\/","url":"https:\/\/cosmetic.lv\/wp-content\/uploads\/2021\/02\/cosmetic.lv_logo.jpg","contentUrl":"https:\/\/cosmetic.lv\/wp-content\/uploads\/2021\/02\/cosmetic.lv_logo.jpg","width":596,"height":196,"caption":"COSMETIC.LV"},"image":{"@id":"https:\/\/cosmetic.lv\/lv\/#\/schema\/logo\/image\/"},"sameAs":["https:\/\/www.facebook.com\/cosmetic.lv\/"]}]},"product_price_amount":"41.22","product_price_currency":"EUR","og_availability":"out of stock","product_availability":"out of stock","product_retailer_item_id":"A034","product_condition":"new"},"_links":{"self":[{"href":"https:\/\/cosmetic.lv\/lv\/wp-json\/wp\/v2\/product\/34266","targetHints":{"allow":["GET"]}}],"collection":[{"href":"https:\/\/cosmetic.lv\/lv\/wp-json\/wp\/v2\/product"}],"about":[{"href":"https:\/\/cosmetic.lv\/lv\/wp-json\/wp\/v2\/types\/product"}],"wp:featuredmedia":[{"embeddable":true,"href":"https:\/\/cosmetic.lv\/lv\/wp-json\/wp\/v2\/media\/16177"}],"wp:attachment":[{"href":"https:\/\/cosmetic.lv\/lv\/wp-json\/wp\/v2\/media?parent=34266"}],"wp:term":[{"taxonomy":"product_brand","embeddable":true,"href":"https:\/\/cosmetic.lv\/lv\/wp-json\/wp\/v2\/product_brand?post=34266"},{"taxonomy":"product_cat","embeddable":true,"href":"https:\/\/cosmetic.lv\/lv\/wp-json\/wp\/v2\/product_cat?post=34266"},{"taxonomy":"product_tag","embeddable":true,"href":"https:\/\/cosmetic.lv\/lv\/wp-json\/wp\/v2\/product_tag?post=34266"}],"curies":[{"name":"wp","href":"https:\/\/api.w.org\/{rel}","templated":true}]}}