{"id":34270,"date":"2021-02-05T22:40:24","date_gmt":"2021-02-06T17:50:40","guid":{"rendered":"https:\/\/damme.lv\/product\/arkadija-pienins-maska-ar-auglskabem-50ml\/"},"modified":"2021-02-06T19:50:45","modified_gmt":"2021-02-06T17:50:45","slug":"arkadija-pienins-maska-ar-auglskabem-50ml","status":"publish","type":"product","link":"https:\/\/cosmetic.lv\/lv\/product\/arkadija-pienins-maska-ar-auglskabem-50ml\/","title":{"rendered":"Ark\u0101dija Pieni\u0146\u0161-maska ar aug\u013csk\u0101b\u0113m 50ml"},"content":{"rendered":"<p><!DOCTYPE html PUBLIC &quot;-\/\/W3C\/\/DTD XHTML 1.0 Transitional\/\/EN&quot; &quot;http:\/\/www.w3.org\/TR\/xhtml1\/DTD\/xhtml1-transitional.dtd&quot;><br \/>\n<html><br \/>\n<head><br \/>\n<title>Untitled document<\/title><br \/>\n<\/head><br \/>\n<body><\/p>\n<p>&nbsp;<\/p>\n<p>Aug\u013csk\u0101bes, kam piem\u012bt viegla nolobo&scaron;a iedarb\u012bba, nov\u0113r&scaron; poru nosprosto&scaron;anos un mazina zem\u0101das iekaisumu un pi\u0146\u0146u ra&scaron;an\u0101s iesp\u0113ju, normaliz\u0113 tauku dziedzeru darb\u012bbu. Pieni\u0146am piem\u012bt antibakteri\u0101la un revitaliz\u0113jo&scaron;a iedarb\u012bba, tas izl\u012bdzina \u0101das toni un mikroreljefu.<\/p>\n<p>Lietot: k\u0101 masku 2-7 reizes ned\u0113\u013c\u0101! Iepriek&scaron; att\u012br\u012btai sausai \u0101dai uzkl\u0101t 5-6 ml pieni\u0146a-maskas uz 15-20 min\u016bt\u0113m, tad nomazg\u0101t, nosusin\u0101t \u0101du, uzkl\u0101t toniku ar aug\u013csk\u0101b\u0113m vai kr\u0113mu-g\u0113lu.<\/p>\n<p>Pirms kosm\u0113tisko l\u012bdzek\u013cu, saturo&scaron;u aug\u013csk\u0101bes, lieto&scaron;anas, oblig\u0101ti konsult\u0113jieties ar kosmetologu.<\/p>\n<p>S\u0113rija &bdquo;Oily&rdquo;<\/p>\n<p>S\u0113rija paredz\u0113ta problem\u0101tiskas \u0101das, kurai ir nosliece uz izsitumu veido&scaron;anos, kop&scaron;anai m\u0101jas apst\u0101k\u013cos. &Scaron;\u012bs s\u0113rijas kosm\u0113tiskie l\u012bdzek\u013ci pal\u012bdz normaliz\u0113t \u0101das tauku izdali, mazin\u0101t iekaisumus, nov\u0113rst poru aizsprosto&scaron;anos, paaugstin\u0101t \u0101das preto&scaron;an\u0101s sp\u0113jas mikroorganismiem, nostiprin\u0101t \u0101das imunit\u0101ti. \u0100da izskat\u0101s mat\u0113ta, vesel\u012bga un kopta, izl\u012bdzin\u0101s t\u0101s mikroreljefs.<br \/>&nbsp;<\/p>\n<p><\/body><br \/>\n<\/html><\/p>\n","protected":false},"excerpt":{"rendered":"<p>Untitled document &nbsp; Aug\u013csk\u0101bes, kam piem\u012bt viegla nolobo&scaron;a iedarb\u012bba, nov\u0113r&scaron; poru nosprosto&scaron;anos un mazina zem\u0101das iekaisumu un pi\u0146\u0146u ra&scaron;an\u0101s iesp\u0113ju,<\/p>\n","protected":false},"featured_media":9489,"template":"","meta":[],"product_brand":[],"product_cat":[2273,2278,2280],"product_tag":[],"class_list":{"0":"post-34270","1":"product","2":"type-product","3":"status-publish","4":"has-post-thumbnail","6":"product_cat-profesionala-kosmetika-sejai-un-kermenim-lv","7":"product_cat-labaratorijas-kosmetika-arkadija-izstrada-luks-klases-kosmetiku-lv","8":"product_cat-sejas-maskas-lv","10":"first","11":"outofstock","12":"sale","13":"taxable","14":"shipping-taxable","15":"purchasable","16":"product-type-simple"},"yoast_head":"<!-- This site is optimized with the Yoast SEO Premium plugin v27.0 (Yoast SEO v27.0) - https:\/\/yoast.com\/product\/yoast-seo-premium-wordpress\/ -->\n<title>Ark\u0101dija Pieni\u0146\u0161-maska ar aug\u013csk\u0101b\u0113m 50ml - cosmetic.lv<\/title>\n<meta name=\"robots\" content=\"index, follow, max-snippet:-1, max-image-preview:large, max-video-preview:-1\" \/>\n<link rel=\"canonical\" href=\"https:\/\/cosmetic.lv\/lv\/product\/arkadija-pienins-maska-ar-auglskabem-50ml\/\" \/>\n<meta property=\"og:locale\" content=\"lv_LV\" \/>\n<meta property=\"og:type\" content=\"article\" \/>\n<meta property=\"og:title\" content=\"Ark\u0101dija Pieni\u0146\u0161-maska ar aug\u013csk\u0101b\u0113m 50ml\" \/>\n<meta property=\"og:description\" content=\"Untitled document &nbsp; Aug\u013csk\u0101bes, kam piem\u012bt viegla nolobo&scaron;a iedarb\u012bba, nov\u0113r&scaron; poru nosprosto&scaron;anos un mazina zem\u0101das iekaisumu un pi\u0146\u0146u ra&scaron;an\u0101s iesp\u0113ju,\" \/>\n<meta property=\"og:url\" content=\"https:\/\/cosmetic.lv\/lv\/product\/arkadija-pienins-maska-ar-auglskabem-50ml\/\" \/>\n<meta property=\"og:site_name\" content=\"cosmetic.lv\" \/>\n<meta property=\"article:publisher\" content=\"https:\/\/www.facebook.com\/cosmetic.lv\/\" \/>\n<meta property=\"article:modified_time\" content=\"2021-02-06T17:50:45+00:00\" \/>\n<meta property=\"og:image\" content=\"https:\/\/cosmetic.lv\/wp-content\/uploads\/2021\/02\/arkadijapienins-maska-ar-auglskabem-oily.jpg\" \/>\n\t<meta property=\"og:image:width\" content=\"600\" \/>\n\t<meta property=\"og:image:height\" content=\"600\" \/>\n\t<meta property=\"og:image:type\" content=\"image\/jpeg\" \/>\n<meta name=\"twitter:card\" content=\"summary_large_image\" \/>\n<script type=\"application\/ld+json\" class=\"yoast-schema-graph\">{\"@context\":\"https:\/\/schema.org\",\"@graph\":[{\"@type\":\"WebPage\",\"@id\":\"https:\/\/cosmetic.lv\/lv\/product\/arkadija-pienins-maska-ar-auglskabem-50ml\/\",\"url\":\"https:\/\/cosmetic.lv\/lv\/product\/arkadija-pienins-maska-ar-auglskabem-50ml\/\",\"name\":\"Ark\u0101dija Pieni\u0146\u0161-maska ar aug\u013csk\u0101b\u0113m 50ml - cosmetic.lv\",\"isPartOf\":{\"@id\":\"https:\/\/cosmetic.lv\/lv\/#website\"},\"primaryImageOfPage\":{\"@id\":\"https:\/\/cosmetic.lv\/lv\/product\/arkadija-pienins-maska-ar-auglskabem-50ml\/#primaryimage\"},\"image\":{\"@id\":\"https:\/\/cosmetic.lv\/lv\/product\/arkadija-pienins-maska-ar-auglskabem-50ml\/#primaryimage\"},\"thumbnailUrl\":\"https:\/\/cosmetic.lv\/wp-content\/uploads\/2021\/02\/arkadijapienins-maska-ar-auglskabem-oily.jpg\",\"datePublished\":\"2021-02-06T17:50:40+00:00\",\"dateModified\":\"2021-02-06T17:50:45+00:00\",\"breadcrumb\":{\"@id\":\"https:\/\/cosmetic.lv\/lv\/product\/arkadija-pienins-maska-ar-auglskabem-50ml\/#breadcrumb\"},\"inLanguage\":\"lv-LV\",\"potentialAction\":[{\"@type\":\"ReadAction\",\"target\":[\"https:\/\/cosmetic.lv\/lv\/product\/arkadija-pienins-maska-ar-auglskabem-50ml\/\"]}]},{\"@type\":\"ImageObject\",\"inLanguage\":\"lv-LV\",\"@id\":\"https:\/\/cosmetic.lv\/lv\/product\/arkadija-pienins-maska-ar-auglskabem-50ml\/#primaryimage\",\"url\":\"https:\/\/cosmetic.lv\/wp-content\/uploads\/2021\/02\/arkadijapienins-maska-ar-auglskabem-oily.jpg\",\"contentUrl\":\"https:\/\/cosmetic.lv\/wp-content\/uploads\/2021\/02\/arkadijapienins-maska-ar-auglskabem-oily.jpg\",\"width\":600,\"height\":600,\"caption\":\"arkadijapienins-maska-ar-auglskabem-Oily.jpg\"},{\"@type\":\"BreadcrumbList\",\"@id\":\"https:\/\/cosmetic.lv\/lv\/product\/arkadija-pienins-maska-ar-auglskabem-50ml\/#breadcrumb\",\"itemListElement\":[{\"@type\":\"ListItem\",\"position\":1,\"name\":\"Home\",\"item\":\"https:\/\/cosmetic.lv\/lv\/\"},{\"@type\":\"ListItem\",\"position\":2,\"name\":\"Veikals\",\"item\":\"https:\/\/cosmetic.lv\/lv\/veiklas\/\"},{\"@type\":\"ListItem\",\"position\":3,\"name\":\"Ark\u0101dija Pieni\u0146\u0161-maska ar aug\u013csk\u0101b\u0113m 50ml\"}]},{\"@type\":\"WebSite\",\"@id\":\"https:\/\/cosmetic.lv\/lv\/#website\",\"url\":\"https:\/\/cosmetic.lv\/lv\/\",\"name\":\"cosmetic.lv\",\"description\":\"Profesion\u0101la kosm\u0113tika - Maria Galland, Keune, Arkadija, GMT, Guam, Magiray\",\"publisher\":{\"@id\":\"https:\/\/cosmetic.lv\/lv\/#organization\"},\"potentialAction\":[{\"@type\":\"SearchAction\",\"target\":{\"@type\":\"EntryPoint\",\"urlTemplate\":\"https:\/\/cosmetic.lv\/lv\/?s={search_term_string}\"},\"query-input\":{\"@type\":\"PropertyValueSpecification\",\"valueRequired\":true,\"valueName\":\"search_term_string\"}}],\"inLanguage\":\"lv-LV\"},{\"@type\":\"Organization\",\"@id\":\"https:\/\/cosmetic.lv\/lv\/#organization\",\"name\":\"COSMETIC.LV\",\"url\":\"https:\/\/cosmetic.lv\/lv\/\",\"logo\":{\"@type\":\"ImageObject\",\"inLanguage\":\"lv-LV\",\"@id\":\"https:\/\/cosmetic.lv\/lv\/#\/schema\/logo\/image\/\",\"url\":\"https:\/\/cosmetic.lv\/wp-content\/uploads\/2021\/02\/cosmetic.lv_logo.jpg\",\"contentUrl\":\"https:\/\/cosmetic.lv\/wp-content\/uploads\/2021\/02\/cosmetic.lv_logo.jpg\",\"width\":596,\"height\":196,\"caption\":\"COSMETIC.LV\"},\"image\":{\"@id\":\"https:\/\/cosmetic.lv\/lv\/#\/schema\/logo\/image\/\"},\"sameAs\":[\"https:\/\/www.facebook.com\/cosmetic.lv\/\"]}]}<\/script>\n<meta property=\"product:price:amount\" content=\"23.95\" \/>\n<meta property=\"product:price:currency\" content=\"EUR\" \/>\n<meta property=\"og:availability\" content=\"out of stock\" \/>\n<meta property=\"product:availability\" content=\"out of stock\" \/>\n<meta property=\"product:retailer_item_id\" content=\"A021\" \/>\n<meta property=\"product:condition\" content=\"new\" \/>\n<!-- \/ Yoast SEO Premium plugin. -->","yoast_head_json":{"title":"Ark\u0101dija Pieni\u0146\u0161-maska ar aug\u013csk\u0101b\u0113m 50ml - cosmetic.lv","robots":{"index":"index","follow":"follow","max-snippet":"max-snippet:-1","max-image-preview":"max-image-preview:large","max-video-preview":"max-video-preview:-1"},"canonical":"https:\/\/cosmetic.lv\/lv\/product\/arkadija-pienins-maska-ar-auglskabem-50ml\/","og_locale":"lv_LV","og_type":"article","og_title":"Ark\u0101dija Pieni\u0146\u0161-maska ar aug\u013csk\u0101b\u0113m 50ml","og_description":"Untitled document &nbsp; Aug\u013csk\u0101bes, kam piem\u012bt viegla nolobo&scaron;a iedarb\u012bba, nov\u0113r&scaron; poru nosprosto&scaron;anos un mazina zem\u0101das iekaisumu un pi\u0146\u0146u ra&scaron;an\u0101s iesp\u0113ju,","og_url":"https:\/\/cosmetic.lv\/lv\/product\/arkadija-pienins-maska-ar-auglskabem-50ml\/","og_site_name":"cosmetic.lv","article_publisher":"https:\/\/www.facebook.com\/cosmetic.lv\/","article_modified_time":"2021-02-06T17:50:45+00:00","og_image":[{"width":600,"height":600,"url":"https:\/\/cosmetic.lv\/wp-content\/uploads\/2021\/02\/arkadijapienins-maska-ar-auglskabem-oily.jpg","type":"image\/jpeg"}],"twitter_card":"summary_large_image","schema":{"@context":"https:\/\/schema.org","@graph":[{"@type":"WebPage","@id":"https:\/\/cosmetic.lv\/lv\/product\/arkadija-pienins-maska-ar-auglskabem-50ml\/","url":"https:\/\/cosmetic.lv\/lv\/product\/arkadija-pienins-maska-ar-auglskabem-50ml\/","name":"Ark\u0101dija Pieni\u0146\u0161-maska ar aug\u013csk\u0101b\u0113m 50ml - cosmetic.lv","isPartOf":{"@id":"https:\/\/cosmetic.lv\/lv\/#website"},"primaryImageOfPage":{"@id":"https:\/\/cosmetic.lv\/lv\/product\/arkadija-pienins-maska-ar-auglskabem-50ml\/#primaryimage"},"image":{"@id":"https:\/\/cosmetic.lv\/lv\/product\/arkadija-pienins-maska-ar-auglskabem-50ml\/#primaryimage"},"thumbnailUrl":"https:\/\/cosmetic.lv\/wp-content\/uploads\/2021\/02\/arkadijapienins-maska-ar-auglskabem-oily.jpg","datePublished":"2021-02-06T17:50:40+00:00","dateModified":"2021-02-06T17:50:45+00:00","breadcrumb":{"@id":"https:\/\/cosmetic.lv\/lv\/product\/arkadija-pienins-maska-ar-auglskabem-50ml\/#breadcrumb"},"inLanguage":"lv-LV","potentialAction":[{"@type":"ReadAction","target":["https:\/\/cosmetic.lv\/lv\/product\/arkadija-pienins-maska-ar-auglskabem-50ml\/"]}]},{"@type":"ImageObject","inLanguage":"lv-LV","@id":"https:\/\/cosmetic.lv\/lv\/product\/arkadija-pienins-maska-ar-auglskabem-50ml\/#primaryimage","url":"https:\/\/cosmetic.lv\/wp-content\/uploads\/2021\/02\/arkadijapienins-maska-ar-auglskabem-oily.jpg","contentUrl":"https:\/\/cosmetic.lv\/wp-content\/uploads\/2021\/02\/arkadijapienins-maska-ar-auglskabem-oily.jpg","width":600,"height":600,"caption":"arkadijapienins-maska-ar-auglskabem-Oily.jpg"},{"@type":"BreadcrumbList","@id":"https:\/\/cosmetic.lv\/lv\/product\/arkadija-pienins-maska-ar-auglskabem-50ml\/#breadcrumb","itemListElement":[{"@type":"ListItem","position":1,"name":"Home","item":"https:\/\/cosmetic.lv\/lv\/"},{"@type":"ListItem","position":2,"name":"Veikals","item":"https:\/\/cosmetic.lv\/lv\/veiklas\/"},{"@type":"ListItem","position":3,"name":"Ark\u0101dija Pieni\u0146\u0161-maska ar aug\u013csk\u0101b\u0113m 50ml"}]},{"@type":"WebSite","@id":"https:\/\/cosmetic.lv\/lv\/#website","url":"https:\/\/cosmetic.lv\/lv\/","name":"cosmetic.lv","description":"Profesion\u0101la kosm\u0113tika - Maria Galland, Keune, Arkadija, GMT, Guam, Magiray","publisher":{"@id":"https:\/\/cosmetic.lv\/lv\/#organization"},"potentialAction":[{"@type":"SearchAction","target":{"@type":"EntryPoint","urlTemplate":"https:\/\/cosmetic.lv\/lv\/?s={search_term_string}"},"query-input":{"@type":"PropertyValueSpecification","valueRequired":true,"valueName":"search_term_string"}}],"inLanguage":"lv-LV"},{"@type":"Organization","@id":"https:\/\/cosmetic.lv\/lv\/#organization","name":"COSMETIC.LV","url":"https:\/\/cosmetic.lv\/lv\/","logo":{"@type":"ImageObject","inLanguage":"lv-LV","@id":"https:\/\/cosmetic.lv\/lv\/#\/schema\/logo\/image\/","url":"https:\/\/cosmetic.lv\/wp-content\/uploads\/2021\/02\/cosmetic.lv_logo.jpg","contentUrl":"https:\/\/cosmetic.lv\/wp-content\/uploads\/2021\/02\/cosmetic.lv_logo.jpg","width":596,"height":196,"caption":"COSMETIC.LV"},"image":{"@id":"https:\/\/cosmetic.lv\/lv\/#\/schema\/logo\/image\/"},"sameAs":["https:\/\/www.facebook.com\/cosmetic.lv\/"]}]},"product_price_amount":"23.95","product_price_currency":"EUR","og_availability":"out of stock","product_availability":"out of stock","product_retailer_item_id":"A021","product_condition":"new"},"_links":{"self":[{"href":"https:\/\/cosmetic.lv\/lv\/wp-json\/wp\/v2\/product\/34270","targetHints":{"allow":["GET"]}}],"collection":[{"href":"https:\/\/cosmetic.lv\/lv\/wp-json\/wp\/v2\/product"}],"about":[{"href":"https:\/\/cosmetic.lv\/lv\/wp-json\/wp\/v2\/types\/product"}],"wp:featuredmedia":[{"embeddable":true,"href":"https:\/\/cosmetic.lv\/lv\/wp-json\/wp\/v2\/media\/9489"}],"wp:attachment":[{"href":"https:\/\/cosmetic.lv\/lv\/wp-json\/wp\/v2\/media?parent=34270"}],"wp:term":[{"taxonomy":"product_brand","embeddable":true,"href":"https:\/\/cosmetic.lv\/lv\/wp-json\/wp\/v2\/product_brand?post=34270"},{"taxonomy":"product_cat","embeddable":true,"href":"https:\/\/cosmetic.lv\/lv\/wp-json\/wp\/v2\/product_cat?post=34270"},{"taxonomy":"product_tag","embeddable":true,"href":"https:\/\/cosmetic.lv\/lv\/wp-json\/wp\/v2\/product_tag?post=34270"}],"curies":[{"name":"wp","href":"https:\/\/api.w.org\/{rel}","templated":true}]}}