{"id":34271,"date":"2021-02-05T22:40:24","date_gmt":"2021-02-06T17:50:40","guid":{"rendered":"https:\/\/damme.lv\/product\/arkadija-maska-ar-bioseru-50-ml-nodrosina-taukainas-problematiskas-adas-saudzigu-intensiv\/"},"modified":"2021-02-06T19:50:45","modified_gmt":"2021-02-06T17:50:45","slug":"arkadija-maska-ar-bioseru-50-ml-nodrosina-taukainas-problematiskas-adas-saudzigu-intensiv","status":"publish","type":"product","link":"https:\/\/cosmetic.lv\/lv\/product\/arkadija-maska-ar-bioseru-50-ml-nodrosina-taukainas-problematiskas-adas-saudzigu-intensiv\/","title":{"rendered":"Ark\u0101dija Maska ar bios\u0113ru (50 ml) nodro\u0161ina taukainas, problem\u0101tiskas \u0101das saudz\u012bgu, intens\u012bv"},"content":{"rendered":"<p><!DOCTYPE html PUBLIC &quot;-\/\/W3C\/\/DTD XHTML 1.0 Transitional\/\/EN&quot; &quot;http:\/\/www.w3.org\/TR\/xhtml1\/DTD\/xhtml1-transitional.dtd&quot;><br \/>\n<html><br \/>\n<head><br \/>\n<title>Untitled document<\/title><br \/>\n<\/head><br \/>\n<body><\/p>\n<p>Maska ar bios\u0113ru (50 ml)<\/p>\n<p>Kr\u0113mveida maska uz kaol\u012bna b\u0101zes ar sabalans\u0113tu akt\u012bvo komponentu kompleksu, kas nodro&scaron;ina taukainas, problem\u0101tiskas \u0101das saudz\u012bgu, intens\u012bvu kop&scaron;anu. Dzi\u013ci att\u012bra \u0101du, saus\u0113 iekaisuma elementus, sa&scaron;aurina poras, nomierina \u0101du. Bios\u0113rs normaliz\u0113 tauku dziedzeru darb\u012bbu, absorb\u0113 \u0101das taukus, piem\u012bt maiga, nolobo&scaron;a iedarb\u012bba. Cinka oks\u012bdam ir pretiekaisuma un antiseptiska iedarb\u012bba. Membr\u0101nu lip\u012bdi nostiprina lip\u012bdu aizsargsl\u0101ni, atjauno nepiecie&scaron;amo mitruma l\u012bmeni.<\/p>\n<p>Lietot: 1-2 reizes ned\u0113\u013c\u0101 visai sejai vai lok\u0101li problem\u0101tiskaj\u0101m viet\u0101m. Iepriek&scaron; att\u012br\u012btai&nbsp; \u0101dai uzkl\u0101t 6 -10 ml maskas uz 15-20 min\u016bt\u0113m, tad nomazg\u0101t,&nbsp; uzkl\u0101t toniku un \u0101das tipam atbilsto&scaron;u kr\u0113mu.<\/p>\n<p>50 ml<\/p>\n<p><\/body><br \/>\n<\/html><\/p>\n","protected":false},"excerpt":{"rendered":"<p>Untitled document Maska ar bios\u0113ru (50 ml) Kr\u0113mveida maska uz kaol\u012bna b\u0101zes ar sabalans\u0113tu akt\u012bvo komponentu kompleksu, kas nodro&scaron;ina taukainas,<\/p>\n","protected":false},"featured_media":16190,"template":"","meta":[],"product_brand":[],"product_cat":[2273,2278,2280],"product_tag":[],"class_list":{"0":"post-34271","1":"product","2":"type-product","3":"status-publish","4":"has-post-thumbnail","6":"product_cat-profesionala-kosmetika-sejai-un-kermenim-lv","7":"product_cat-labaratorijas-kosmetika-arkadija-izstrada-luks-klases-kosmetiku-lv","8":"product_cat-sejas-maskas-lv","10":"first","11":"outofstock","12":"sale","13":"taxable","14":"shipping-taxable","15":"purchasable","16":"product-type-simple"},"yoast_head":"<!-- This site is optimized with the Yoast SEO Premium plugin v27.0 (Yoast SEO v27.0) - https:\/\/yoast.com\/product\/yoast-seo-premium-wordpress\/ -->\n<title>Ark\u0101dija Maska ar bios\u0113ru (50 ml) nodro\u0161ina taukainas, problem\u0101tiskas \u0101das saudz\u012bgu, intens\u012bv - cosmetic.lv<\/title>\n<meta name=\"robots\" content=\"index, follow, max-snippet:-1, max-image-preview:large, max-video-preview:-1\" \/>\n<link rel=\"canonical\" href=\"https:\/\/cosmetic.lv\/lv\/product\/arkadija-maska-ar-bioseru-50-ml-nodrosina-taukainas-problematiskas-adas-saudzigu-intensiv\/\" \/>\n<meta property=\"og:locale\" content=\"lv_LV\" \/>\n<meta property=\"og:type\" content=\"article\" \/>\n<meta property=\"og:title\" content=\"Ark\u0101dija Maska ar bios\u0113ru (50 ml) nodro\u0161ina taukainas, problem\u0101tiskas \u0101das saudz\u012bgu, intens\u012bv\" \/>\n<meta property=\"og:description\" content=\"Untitled document Maska ar bios\u0113ru (50 ml) Kr\u0113mveida maska uz kaol\u012bna b\u0101zes ar sabalans\u0113tu akt\u012bvo komponentu kompleksu, kas nodro&scaron;ina taukainas,\" \/>\n<meta property=\"og:url\" content=\"https:\/\/cosmetic.lv\/lv\/product\/arkadija-maska-ar-bioseru-50-ml-nodrosina-taukainas-problematiskas-adas-saudzigu-intensiv\/\" \/>\n<meta property=\"og:site_name\" content=\"cosmetic.lv\" \/>\n<meta property=\"article:publisher\" content=\"https:\/\/www.facebook.com\/cosmetic.lv\/\" \/>\n<meta property=\"article:modified_time\" content=\"2021-02-06T17:50:45+00:00\" \/>\n<meta property=\"og:image\" content=\"https:\/\/cosmetic.lv\/wp-content\/uploads\/2021\/02\/3965_med-4.jpg\" \/>\n\t<meta property=\"og:image:width\" content=\"200\" \/>\n\t<meta property=\"og:image:height\" content=\"200\" \/>\n\t<meta property=\"og:image:type\" content=\"image\/jpeg\" \/>\n<meta name=\"twitter:card\" content=\"summary_large_image\" \/>\n<script type=\"application\/ld+json\" class=\"yoast-schema-graph\">{\"@context\":\"https:\/\/schema.org\",\"@graph\":[{\"@type\":\"WebPage\",\"@id\":\"https:\/\/cosmetic.lv\/lv\/product\/arkadija-maska-ar-bioseru-50-ml-nodrosina-taukainas-problematiskas-adas-saudzigu-intensiv\/\",\"url\":\"https:\/\/cosmetic.lv\/lv\/product\/arkadija-maska-ar-bioseru-50-ml-nodrosina-taukainas-problematiskas-adas-saudzigu-intensiv\/\",\"name\":\"Ark\u0101dija Maska ar bios\u0113ru (50 ml) nodro\u0161ina taukainas, problem\u0101tiskas \u0101das saudz\u012bgu, intens\u012bv - cosmetic.lv\",\"isPartOf\":{\"@id\":\"https:\/\/cosmetic.lv\/lv\/#website\"},\"primaryImageOfPage\":{\"@id\":\"https:\/\/cosmetic.lv\/lv\/product\/arkadija-maska-ar-bioseru-50-ml-nodrosina-taukainas-problematiskas-adas-saudzigu-intensiv\/#primaryimage\"},\"image\":{\"@id\":\"https:\/\/cosmetic.lv\/lv\/product\/arkadija-maska-ar-bioseru-50-ml-nodrosina-taukainas-problematiskas-adas-saudzigu-intensiv\/#primaryimage\"},\"thumbnailUrl\":\"https:\/\/cosmetic.lv\/wp-content\/uploads\/2021\/02\/3965_med-4.jpg\",\"datePublished\":\"2021-02-06T17:50:40+00:00\",\"dateModified\":\"2021-02-06T17:50:45+00:00\",\"breadcrumb\":{\"@id\":\"https:\/\/cosmetic.lv\/lv\/product\/arkadija-maska-ar-bioseru-50-ml-nodrosina-taukainas-problematiskas-adas-saudzigu-intensiv\/#breadcrumb\"},\"inLanguage\":\"lv-LV\",\"potentialAction\":[{\"@type\":\"ReadAction\",\"target\":[\"https:\/\/cosmetic.lv\/lv\/product\/arkadija-maska-ar-bioseru-50-ml-nodrosina-taukainas-problematiskas-adas-saudzigu-intensiv\/\"]}]},{\"@type\":\"ImageObject\",\"inLanguage\":\"lv-LV\",\"@id\":\"https:\/\/cosmetic.lv\/lv\/product\/arkadija-maska-ar-bioseru-50-ml-nodrosina-taukainas-problematiskas-adas-saudzigu-intensiv\/#primaryimage\",\"url\":\"https:\/\/cosmetic.lv\/wp-content\/uploads\/2021\/02\/3965_med-4.jpg\",\"contentUrl\":\"https:\/\/cosmetic.lv\/wp-content\/uploads\/2021\/02\/3965_med-4.jpg\",\"width\":200,\"height\":200,\"caption\":\"3965_med.jpg\"},{\"@type\":\"BreadcrumbList\",\"@id\":\"https:\/\/cosmetic.lv\/lv\/product\/arkadija-maska-ar-bioseru-50-ml-nodrosina-taukainas-problematiskas-adas-saudzigu-intensiv\/#breadcrumb\",\"itemListElement\":[{\"@type\":\"ListItem\",\"position\":1,\"name\":\"Home\",\"item\":\"https:\/\/cosmetic.lv\/lv\/\"},{\"@type\":\"ListItem\",\"position\":2,\"name\":\"Veikals\",\"item\":\"https:\/\/cosmetic.lv\/lv\/veiklas\/\"},{\"@type\":\"ListItem\",\"position\":3,\"name\":\"Ark\u0101dija Maska ar bios\u0113ru (50 ml) nodro\u0161ina taukainas, problem\u0101tiskas \u0101das saudz\u012bgu, intens\u012bv\"}]},{\"@type\":\"WebSite\",\"@id\":\"https:\/\/cosmetic.lv\/lv\/#website\",\"url\":\"https:\/\/cosmetic.lv\/lv\/\",\"name\":\"cosmetic.lv\",\"description\":\"Profesion\u0101la kosm\u0113tika - Maria Galland, Keune, Arkadija, GMT, Guam, Magiray\",\"publisher\":{\"@id\":\"https:\/\/cosmetic.lv\/lv\/#organization\"},\"potentialAction\":[{\"@type\":\"SearchAction\",\"target\":{\"@type\":\"EntryPoint\",\"urlTemplate\":\"https:\/\/cosmetic.lv\/lv\/?s={search_term_string}\"},\"query-input\":{\"@type\":\"PropertyValueSpecification\",\"valueRequired\":true,\"valueName\":\"search_term_string\"}}],\"inLanguage\":\"lv-LV\"},{\"@type\":\"Organization\",\"@id\":\"https:\/\/cosmetic.lv\/lv\/#organization\",\"name\":\"COSMETIC.LV\",\"url\":\"https:\/\/cosmetic.lv\/lv\/\",\"logo\":{\"@type\":\"ImageObject\",\"inLanguage\":\"lv-LV\",\"@id\":\"https:\/\/cosmetic.lv\/lv\/#\/schema\/logo\/image\/\",\"url\":\"https:\/\/cosmetic.lv\/wp-content\/uploads\/2021\/02\/cosmetic.lv_logo.jpg\",\"contentUrl\":\"https:\/\/cosmetic.lv\/wp-content\/uploads\/2021\/02\/cosmetic.lv_logo.jpg\",\"width\":596,\"height\":196,\"caption\":\"COSMETIC.LV\"},\"image\":{\"@id\":\"https:\/\/cosmetic.lv\/lv\/#\/schema\/logo\/image\/\"},\"sameAs\":[\"https:\/\/www.facebook.com\/cosmetic.lv\/\"]}]}<\/script>\n<meta property=\"product:price:amount\" content=\"26.82\" \/>\n<meta property=\"product:price:currency\" content=\"EUR\" \/>\n<meta property=\"og:availability\" content=\"out of stock\" \/>\n<meta property=\"product:availability\" content=\"out of stock\" \/>\n<meta property=\"product:retailer_item_id\" content=\"A024\" \/>\n<meta property=\"product:condition\" content=\"new\" \/>\n<!-- \/ Yoast SEO Premium plugin. -->","yoast_head_json":{"title":"Ark\u0101dija Maska ar bios\u0113ru (50 ml) nodro\u0161ina taukainas, problem\u0101tiskas \u0101das saudz\u012bgu, intens\u012bv - cosmetic.lv","robots":{"index":"index","follow":"follow","max-snippet":"max-snippet:-1","max-image-preview":"max-image-preview:large","max-video-preview":"max-video-preview:-1"},"canonical":"https:\/\/cosmetic.lv\/lv\/product\/arkadija-maska-ar-bioseru-50-ml-nodrosina-taukainas-problematiskas-adas-saudzigu-intensiv\/","og_locale":"lv_LV","og_type":"article","og_title":"Ark\u0101dija Maska ar bios\u0113ru (50 ml) nodro\u0161ina taukainas, problem\u0101tiskas \u0101das saudz\u012bgu, intens\u012bv","og_description":"Untitled document Maska ar bios\u0113ru (50 ml) Kr\u0113mveida maska uz kaol\u012bna b\u0101zes ar sabalans\u0113tu akt\u012bvo komponentu kompleksu, kas nodro&scaron;ina taukainas,","og_url":"https:\/\/cosmetic.lv\/lv\/product\/arkadija-maska-ar-bioseru-50-ml-nodrosina-taukainas-problematiskas-adas-saudzigu-intensiv\/","og_site_name":"cosmetic.lv","article_publisher":"https:\/\/www.facebook.com\/cosmetic.lv\/","article_modified_time":"2021-02-06T17:50:45+00:00","og_image":[{"width":200,"height":200,"url":"https:\/\/cosmetic.lv\/wp-content\/uploads\/2021\/02\/3965_med-4.jpg","type":"image\/jpeg"}],"twitter_card":"summary_large_image","schema":{"@context":"https:\/\/schema.org","@graph":[{"@type":"WebPage","@id":"https:\/\/cosmetic.lv\/lv\/product\/arkadija-maska-ar-bioseru-50-ml-nodrosina-taukainas-problematiskas-adas-saudzigu-intensiv\/","url":"https:\/\/cosmetic.lv\/lv\/product\/arkadija-maska-ar-bioseru-50-ml-nodrosina-taukainas-problematiskas-adas-saudzigu-intensiv\/","name":"Ark\u0101dija Maska ar bios\u0113ru (50 ml) nodro\u0161ina taukainas, problem\u0101tiskas \u0101das saudz\u012bgu, intens\u012bv - cosmetic.lv","isPartOf":{"@id":"https:\/\/cosmetic.lv\/lv\/#website"},"primaryImageOfPage":{"@id":"https:\/\/cosmetic.lv\/lv\/product\/arkadija-maska-ar-bioseru-50-ml-nodrosina-taukainas-problematiskas-adas-saudzigu-intensiv\/#primaryimage"},"image":{"@id":"https:\/\/cosmetic.lv\/lv\/product\/arkadija-maska-ar-bioseru-50-ml-nodrosina-taukainas-problematiskas-adas-saudzigu-intensiv\/#primaryimage"},"thumbnailUrl":"https:\/\/cosmetic.lv\/wp-content\/uploads\/2021\/02\/3965_med-4.jpg","datePublished":"2021-02-06T17:50:40+00:00","dateModified":"2021-02-06T17:50:45+00:00","breadcrumb":{"@id":"https:\/\/cosmetic.lv\/lv\/product\/arkadija-maska-ar-bioseru-50-ml-nodrosina-taukainas-problematiskas-adas-saudzigu-intensiv\/#breadcrumb"},"inLanguage":"lv-LV","potentialAction":[{"@type":"ReadAction","target":["https:\/\/cosmetic.lv\/lv\/product\/arkadija-maska-ar-bioseru-50-ml-nodrosina-taukainas-problematiskas-adas-saudzigu-intensiv\/"]}]},{"@type":"ImageObject","inLanguage":"lv-LV","@id":"https:\/\/cosmetic.lv\/lv\/product\/arkadija-maska-ar-bioseru-50-ml-nodrosina-taukainas-problematiskas-adas-saudzigu-intensiv\/#primaryimage","url":"https:\/\/cosmetic.lv\/wp-content\/uploads\/2021\/02\/3965_med-4.jpg","contentUrl":"https:\/\/cosmetic.lv\/wp-content\/uploads\/2021\/02\/3965_med-4.jpg","width":200,"height":200,"caption":"3965_med.jpg"},{"@type":"BreadcrumbList","@id":"https:\/\/cosmetic.lv\/lv\/product\/arkadija-maska-ar-bioseru-50-ml-nodrosina-taukainas-problematiskas-adas-saudzigu-intensiv\/#breadcrumb","itemListElement":[{"@type":"ListItem","position":1,"name":"Home","item":"https:\/\/cosmetic.lv\/lv\/"},{"@type":"ListItem","position":2,"name":"Veikals","item":"https:\/\/cosmetic.lv\/lv\/veiklas\/"},{"@type":"ListItem","position":3,"name":"Ark\u0101dija Maska ar bios\u0113ru (50 ml) nodro\u0161ina taukainas, problem\u0101tiskas \u0101das saudz\u012bgu, intens\u012bv"}]},{"@type":"WebSite","@id":"https:\/\/cosmetic.lv\/lv\/#website","url":"https:\/\/cosmetic.lv\/lv\/","name":"cosmetic.lv","description":"Profesion\u0101la kosm\u0113tika - Maria Galland, Keune, Arkadija, GMT, Guam, Magiray","publisher":{"@id":"https:\/\/cosmetic.lv\/lv\/#organization"},"potentialAction":[{"@type":"SearchAction","target":{"@type":"EntryPoint","urlTemplate":"https:\/\/cosmetic.lv\/lv\/?s={search_term_string}"},"query-input":{"@type":"PropertyValueSpecification","valueRequired":true,"valueName":"search_term_string"}}],"inLanguage":"lv-LV"},{"@type":"Organization","@id":"https:\/\/cosmetic.lv\/lv\/#organization","name":"COSMETIC.LV","url":"https:\/\/cosmetic.lv\/lv\/","logo":{"@type":"ImageObject","inLanguage":"lv-LV","@id":"https:\/\/cosmetic.lv\/lv\/#\/schema\/logo\/image\/","url":"https:\/\/cosmetic.lv\/wp-content\/uploads\/2021\/02\/cosmetic.lv_logo.jpg","contentUrl":"https:\/\/cosmetic.lv\/wp-content\/uploads\/2021\/02\/cosmetic.lv_logo.jpg","width":596,"height":196,"caption":"COSMETIC.LV"},"image":{"@id":"https:\/\/cosmetic.lv\/lv\/#\/schema\/logo\/image\/"},"sameAs":["https:\/\/www.facebook.com\/cosmetic.lv\/"]}]},"product_price_amount":"26.82","product_price_currency":"EUR","og_availability":"out of stock","product_availability":"out of stock","product_retailer_item_id":"A024","product_condition":"new"},"_links":{"self":[{"href":"https:\/\/cosmetic.lv\/lv\/wp-json\/wp\/v2\/product\/34271","targetHints":{"allow":["GET"]}}],"collection":[{"href":"https:\/\/cosmetic.lv\/lv\/wp-json\/wp\/v2\/product"}],"about":[{"href":"https:\/\/cosmetic.lv\/lv\/wp-json\/wp\/v2\/types\/product"}],"wp:featuredmedia":[{"embeddable":true,"href":"https:\/\/cosmetic.lv\/lv\/wp-json\/wp\/v2\/media\/16190"}],"wp:attachment":[{"href":"https:\/\/cosmetic.lv\/lv\/wp-json\/wp\/v2\/media?parent=34271"}],"wp:term":[{"taxonomy":"product_brand","embeddable":true,"href":"https:\/\/cosmetic.lv\/lv\/wp-json\/wp\/v2\/product_brand?post=34271"},{"taxonomy":"product_cat","embeddable":true,"href":"https:\/\/cosmetic.lv\/lv\/wp-json\/wp\/v2\/product_cat?post=34271"},{"taxonomy":"product_tag","embeddable":true,"href":"https:\/\/cosmetic.lv\/lv\/wp-json\/wp\/v2\/product_tag?post=34271"}],"curies":[{"name":"wp","href":"https:\/\/api.w.org\/{rel}","templated":true}]}}