{"id":34272,"date":"2021-02-05T22:40:24","date_gmt":"2021-02-06T17:50:40","guid":{"rendered":"https:\/\/damme.lv\/product\/arkadija-pilings-krems-bagatigi-mitrinata-ada-atjauno-savu-tonusu-un-klust-sva\/"},"modified":"2021-02-06T19:50:46","modified_gmt":"2021-02-06T17:50:46","slug":"arkadija-pilings-krems-bagatigi-mitrinata-ada-atjauno-savu-tonusu-un-klust-sva","status":"publish","type":"product","link":"https:\/\/cosmetic.lv\/lv\/product\/arkadija-pilings-krems-bagatigi-mitrinata-ada-atjauno-savu-tonusu-un-klust-sva\/","title":{"rendered":"Ark\u0101dija P\u012blings-kr\u0113ms Bag\u0101t\u012bgi mitrin\u0101t\u0101 \u0101da atjauno savu tonusu un k\u013c\u016bst sva"},"content":{"rendered":"<p><P>P\u012blings-kr\u0113ms (50 ml)<\/P><br \/>\n<P>Abraz\u012bvais p\u012blings-kr\u0113ms, saturo\u0161s smalkas polim\u0113ra granulas, saudz\u012bgi att\u012bra \u0101du no net\u012brumiem un maigi noloba atmiru\u0161\u0101s \u0161\u016bnas, netraum\u0113jot \u0101du. Alvejas ekstrakts un kvie\u0161u prote\u012bnu komplekss mazina iekaisumus, uzlabo \u0101das mikrocirkul\u0101ciju un \u0161\u016bnu re\u0123ener\u0101ciju, tam piem\u012bt imunostimul\u0113jo\u0161a un mitrino\u0161a iedarb\u012bba. Vitam\u012bnam E piem\u012bt antioksidanta \u012bpa\u0161\u012bbas un tas aizkav\u0113 \u0101das noveco\u0161an\u0101s procesus. P\u012blings-kr\u0113ms \u201cnesavelk\u201d \u0101du. Bag\u0101t\u012bgi mitrin\u0101t\u0101 \u0101da atjauno savu tonusu un k\u013c\u016bst svaiga, maiga. <\/P><br \/>\n<P>Lietot: 1-2 reizes ned\u0113\u013c\u0101. P\u012blingu-kr\u0113mu uzkl\u0101t mitrai \u0101dai (iepriek\u0161 att\u012br\u012btai). Pamas\u0113t 2-3 min\u016btes, tad noskalot ar v\u0113su \u016bdeni. P\u0113c proced\u016bras veik\u0161anas not\u012br\u012bt \u0101du ar toniku vai uzkl\u0101t \u0101das tipam atbilsto\u0161u kr\u0113mu.<\/P><br \/>\n<P>&nbsp;<BR>50 ml<\/P><\/p>\n","protected":false},"excerpt":{"rendered":"<p>P\u012blings-kr\u0113ms (50 ml) Abraz\u012bvais p\u012blings-kr\u0113ms, saturo\u0161s smalkas polim\u0113ra granulas, saudz\u012bgi att\u012bra \u0101du no net\u012brumiem un maigi noloba atmiru\u0161\u0101s \u0161\u016bnas, netraum\u0113jot<\/p>\n","protected":false},"featured_media":16193,"template":"","meta":[],"product_brand":[],"product_cat":[2273,2278,2281],"product_tag":[],"class_list":{"0":"post-34272","1":"product","2":"type-product","3":"status-publish","4":"has-post-thumbnail","6":"product_cat-profesionala-kosmetika-sejai-un-kermenim-lv","7":"product_cat-labaratorijas-kosmetika-arkadija-izstrada-luks-klases-kosmetiku-lv","8":"product_cat-sejas-attirisana-lv","10":"first","11":"outofstock","12":"sale","13":"taxable","14":"shipping-taxable","15":"purchasable","16":"product-type-simple"},"yoast_head":"<!-- This site is optimized with the Yoast SEO Premium plugin v27.0 (Yoast SEO v27.0) - https:\/\/yoast.com\/product\/yoast-seo-premium-wordpress\/ -->\n<title>Ark\u0101dija P\u012blings-kr\u0113ms Bag\u0101t\u012bgi mitrin\u0101t\u0101 \u0101da atjauno savu tonusu un k\u013c\u016bst sva - cosmetic.lv<\/title>\n<meta name=\"robots\" content=\"index, follow, max-snippet:-1, max-image-preview:large, max-video-preview:-1\" \/>\n<link rel=\"canonical\" href=\"https:\/\/cosmetic.lv\/lv\/product\/arkadija-pilings-krems-bagatigi-mitrinata-ada-atjauno-savu-tonusu-un-klust-sva\/\" \/>\n<meta property=\"og:locale\" content=\"lv_LV\" \/>\n<meta property=\"og:type\" content=\"article\" \/>\n<meta property=\"og:title\" content=\"Ark\u0101dija P\u012blings-kr\u0113ms Bag\u0101t\u012bgi mitrin\u0101t\u0101 \u0101da atjauno savu tonusu un k\u013c\u016bst sva\" \/>\n<meta property=\"og:description\" content=\"P\u012blings-kr\u0113ms (50 ml) Abraz\u012bvais p\u012blings-kr\u0113ms, saturo\u0161s smalkas polim\u0113ra granulas, saudz\u012bgi att\u012bra \u0101du no net\u012brumiem un maigi noloba atmiru\u0161\u0101s \u0161\u016bnas, netraum\u0113jot\" \/>\n<meta property=\"og:url\" content=\"https:\/\/cosmetic.lv\/lv\/product\/arkadija-pilings-krems-bagatigi-mitrinata-ada-atjauno-savu-tonusu-un-klust-sva\/\" \/>\n<meta property=\"og:site_name\" content=\"cosmetic.lv\" \/>\n<meta property=\"article:publisher\" content=\"https:\/\/www.facebook.com\/cosmetic.lv\/\" \/>\n<meta property=\"article:modified_time\" content=\"2021-02-06T17:50:46+00:00\" \/>\n<meta property=\"og:image\" content=\"https:\/\/cosmetic.lv\/wp-content\/uploads\/2021\/02\/3959_med-4.jpg\" \/>\n\t<meta property=\"og:image:width\" content=\"200\" \/>\n\t<meta property=\"og:image:height\" content=\"200\" \/>\n\t<meta property=\"og:image:type\" content=\"image\/jpeg\" \/>\n<meta name=\"twitter:card\" content=\"summary_large_image\" \/>\n<script type=\"application\/ld+json\" class=\"yoast-schema-graph\">{\"@context\":\"https:\/\/schema.org\",\"@graph\":[{\"@type\":\"WebPage\",\"@id\":\"https:\/\/cosmetic.lv\/lv\/product\/arkadija-pilings-krems-bagatigi-mitrinata-ada-atjauno-savu-tonusu-un-klust-sva\/\",\"url\":\"https:\/\/cosmetic.lv\/lv\/product\/arkadija-pilings-krems-bagatigi-mitrinata-ada-atjauno-savu-tonusu-un-klust-sva\/\",\"name\":\"Ark\u0101dija P\u012blings-kr\u0113ms Bag\u0101t\u012bgi mitrin\u0101t\u0101 \u0101da atjauno savu tonusu un k\u013c\u016bst sva - cosmetic.lv\",\"isPartOf\":{\"@id\":\"https:\/\/cosmetic.lv\/lv\/#website\"},\"primaryImageOfPage\":{\"@id\":\"https:\/\/cosmetic.lv\/lv\/product\/arkadija-pilings-krems-bagatigi-mitrinata-ada-atjauno-savu-tonusu-un-klust-sva\/#primaryimage\"},\"image\":{\"@id\":\"https:\/\/cosmetic.lv\/lv\/product\/arkadija-pilings-krems-bagatigi-mitrinata-ada-atjauno-savu-tonusu-un-klust-sva\/#primaryimage\"},\"thumbnailUrl\":\"https:\/\/cosmetic.lv\/wp-content\/uploads\/2021\/02\/3959_med-4.jpg\",\"datePublished\":\"2021-02-06T17:50:40+00:00\",\"dateModified\":\"2021-02-06T17:50:46+00:00\",\"breadcrumb\":{\"@id\":\"https:\/\/cosmetic.lv\/lv\/product\/arkadija-pilings-krems-bagatigi-mitrinata-ada-atjauno-savu-tonusu-un-klust-sva\/#breadcrumb\"},\"inLanguage\":\"lv-LV\",\"potentialAction\":[{\"@type\":\"ReadAction\",\"target\":[\"https:\/\/cosmetic.lv\/lv\/product\/arkadija-pilings-krems-bagatigi-mitrinata-ada-atjauno-savu-tonusu-un-klust-sva\/\"]}]},{\"@type\":\"ImageObject\",\"inLanguage\":\"lv-LV\",\"@id\":\"https:\/\/cosmetic.lv\/lv\/product\/arkadija-pilings-krems-bagatigi-mitrinata-ada-atjauno-savu-tonusu-un-klust-sva\/#primaryimage\",\"url\":\"https:\/\/cosmetic.lv\/wp-content\/uploads\/2021\/02\/3959_med-4.jpg\",\"contentUrl\":\"https:\/\/cosmetic.lv\/wp-content\/uploads\/2021\/02\/3959_med-4.jpg\",\"width\":200,\"height\":200,\"caption\":\"3959_med.jpg\"},{\"@type\":\"BreadcrumbList\",\"@id\":\"https:\/\/cosmetic.lv\/lv\/product\/arkadija-pilings-krems-bagatigi-mitrinata-ada-atjauno-savu-tonusu-un-klust-sva\/#breadcrumb\",\"itemListElement\":[{\"@type\":\"ListItem\",\"position\":1,\"name\":\"Home\",\"item\":\"https:\/\/cosmetic.lv\/lv\/\"},{\"@type\":\"ListItem\",\"position\":2,\"name\":\"Veikals\",\"item\":\"https:\/\/cosmetic.lv\/lv\/veiklas\/\"},{\"@type\":\"ListItem\",\"position\":3,\"name\":\"Ark\u0101dija P\u012blings-kr\u0113ms Bag\u0101t\u012bgi mitrin\u0101t\u0101 \u0101da atjauno savu tonusu un k\u013c\u016bst sva\"}]},{\"@type\":\"WebSite\",\"@id\":\"https:\/\/cosmetic.lv\/lv\/#website\",\"url\":\"https:\/\/cosmetic.lv\/lv\/\",\"name\":\"cosmetic.lv\",\"description\":\"Profesion\u0101la kosm\u0113tika - Maria Galland, Keune, Arkadija, GMT, Guam, Magiray\",\"publisher\":{\"@id\":\"https:\/\/cosmetic.lv\/lv\/#organization\"},\"potentialAction\":[{\"@type\":\"SearchAction\",\"target\":{\"@type\":\"EntryPoint\",\"urlTemplate\":\"https:\/\/cosmetic.lv\/lv\/?s={search_term_string}\"},\"query-input\":{\"@type\":\"PropertyValueSpecification\",\"valueRequired\":true,\"valueName\":\"search_term_string\"}}],\"inLanguage\":\"lv-LV\"},{\"@type\":\"Organization\",\"@id\":\"https:\/\/cosmetic.lv\/lv\/#organization\",\"name\":\"COSMETIC.LV\",\"url\":\"https:\/\/cosmetic.lv\/lv\/\",\"logo\":{\"@type\":\"ImageObject\",\"inLanguage\":\"lv-LV\",\"@id\":\"https:\/\/cosmetic.lv\/lv\/#\/schema\/logo\/image\/\",\"url\":\"https:\/\/cosmetic.lv\/wp-content\/uploads\/2021\/02\/cosmetic.lv_logo.jpg\",\"contentUrl\":\"https:\/\/cosmetic.lv\/wp-content\/uploads\/2021\/02\/cosmetic.lv_logo.jpg\",\"width\":596,\"height\":196,\"caption\":\"COSMETIC.LV\"},\"image\":{\"@id\":\"https:\/\/cosmetic.lv\/lv\/#\/schema\/logo\/image\/\"},\"sameAs\":[\"https:\/\/www.facebook.com\/cosmetic.lv\/\"]}]}<\/script>\n<meta property=\"product:price:amount\" content=\"18.18\" \/>\n<meta property=\"product:price:currency\" content=\"EUR\" \/>\n<meta property=\"og:availability\" content=\"out of stock\" \/>\n<meta property=\"product:availability\" content=\"out of stock\" \/>\n<meta property=\"product:retailer_item_id\" content=\"A005\" \/>\n<meta property=\"product:condition\" content=\"new\" \/>\n<!-- \/ Yoast SEO Premium plugin. -->","yoast_head_json":{"title":"Ark\u0101dija P\u012blings-kr\u0113ms Bag\u0101t\u012bgi mitrin\u0101t\u0101 \u0101da atjauno savu tonusu un k\u013c\u016bst sva - cosmetic.lv","robots":{"index":"index","follow":"follow","max-snippet":"max-snippet:-1","max-image-preview":"max-image-preview:large","max-video-preview":"max-video-preview:-1"},"canonical":"https:\/\/cosmetic.lv\/lv\/product\/arkadija-pilings-krems-bagatigi-mitrinata-ada-atjauno-savu-tonusu-un-klust-sva\/","og_locale":"lv_LV","og_type":"article","og_title":"Ark\u0101dija P\u012blings-kr\u0113ms Bag\u0101t\u012bgi mitrin\u0101t\u0101 \u0101da atjauno savu tonusu un k\u013c\u016bst sva","og_description":"P\u012blings-kr\u0113ms (50 ml) Abraz\u012bvais p\u012blings-kr\u0113ms, saturo\u0161s smalkas polim\u0113ra granulas, saudz\u012bgi att\u012bra \u0101du no net\u012brumiem un maigi noloba atmiru\u0161\u0101s \u0161\u016bnas, netraum\u0113jot","og_url":"https:\/\/cosmetic.lv\/lv\/product\/arkadija-pilings-krems-bagatigi-mitrinata-ada-atjauno-savu-tonusu-un-klust-sva\/","og_site_name":"cosmetic.lv","article_publisher":"https:\/\/www.facebook.com\/cosmetic.lv\/","article_modified_time":"2021-02-06T17:50:46+00:00","og_image":[{"width":200,"height":200,"url":"https:\/\/cosmetic.lv\/wp-content\/uploads\/2021\/02\/3959_med-4.jpg","type":"image\/jpeg"}],"twitter_card":"summary_large_image","schema":{"@context":"https:\/\/schema.org","@graph":[{"@type":"WebPage","@id":"https:\/\/cosmetic.lv\/lv\/product\/arkadija-pilings-krems-bagatigi-mitrinata-ada-atjauno-savu-tonusu-un-klust-sva\/","url":"https:\/\/cosmetic.lv\/lv\/product\/arkadija-pilings-krems-bagatigi-mitrinata-ada-atjauno-savu-tonusu-un-klust-sva\/","name":"Ark\u0101dija P\u012blings-kr\u0113ms Bag\u0101t\u012bgi mitrin\u0101t\u0101 \u0101da atjauno savu tonusu un k\u013c\u016bst sva - cosmetic.lv","isPartOf":{"@id":"https:\/\/cosmetic.lv\/lv\/#website"},"primaryImageOfPage":{"@id":"https:\/\/cosmetic.lv\/lv\/product\/arkadija-pilings-krems-bagatigi-mitrinata-ada-atjauno-savu-tonusu-un-klust-sva\/#primaryimage"},"image":{"@id":"https:\/\/cosmetic.lv\/lv\/product\/arkadija-pilings-krems-bagatigi-mitrinata-ada-atjauno-savu-tonusu-un-klust-sva\/#primaryimage"},"thumbnailUrl":"https:\/\/cosmetic.lv\/wp-content\/uploads\/2021\/02\/3959_med-4.jpg","datePublished":"2021-02-06T17:50:40+00:00","dateModified":"2021-02-06T17:50:46+00:00","breadcrumb":{"@id":"https:\/\/cosmetic.lv\/lv\/product\/arkadija-pilings-krems-bagatigi-mitrinata-ada-atjauno-savu-tonusu-un-klust-sva\/#breadcrumb"},"inLanguage":"lv-LV","potentialAction":[{"@type":"ReadAction","target":["https:\/\/cosmetic.lv\/lv\/product\/arkadija-pilings-krems-bagatigi-mitrinata-ada-atjauno-savu-tonusu-un-klust-sva\/"]}]},{"@type":"ImageObject","inLanguage":"lv-LV","@id":"https:\/\/cosmetic.lv\/lv\/product\/arkadija-pilings-krems-bagatigi-mitrinata-ada-atjauno-savu-tonusu-un-klust-sva\/#primaryimage","url":"https:\/\/cosmetic.lv\/wp-content\/uploads\/2021\/02\/3959_med-4.jpg","contentUrl":"https:\/\/cosmetic.lv\/wp-content\/uploads\/2021\/02\/3959_med-4.jpg","width":200,"height":200,"caption":"3959_med.jpg"},{"@type":"BreadcrumbList","@id":"https:\/\/cosmetic.lv\/lv\/product\/arkadija-pilings-krems-bagatigi-mitrinata-ada-atjauno-savu-tonusu-un-klust-sva\/#breadcrumb","itemListElement":[{"@type":"ListItem","position":1,"name":"Home","item":"https:\/\/cosmetic.lv\/lv\/"},{"@type":"ListItem","position":2,"name":"Veikals","item":"https:\/\/cosmetic.lv\/lv\/veiklas\/"},{"@type":"ListItem","position":3,"name":"Ark\u0101dija P\u012blings-kr\u0113ms Bag\u0101t\u012bgi mitrin\u0101t\u0101 \u0101da atjauno savu tonusu un k\u013c\u016bst sva"}]},{"@type":"WebSite","@id":"https:\/\/cosmetic.lv\/lv\/#website","url":"https:\/\/cosmetic.lv\/lv\/","name":"cosmetic.lv","description":"Profesion\u0101la kosm\u0113tika - Maria Galland, Keune, Arkadija, GMT, Guam, Magiray","publisher":{"@id":"https:\/\/cosmetic.lv\/lv\/#organization"},"potentialAction":[{"@type":"SearchAction","target":{"@type":"EntryPoint","urlTemplate":"https:\/\/cosmetic.lv\/lv\/?s={search_term_string}"},"query-input":{"@type":"PropertyValueSpecification","valueRequired":true,"valueName":"search_term_string"}}],"inLanguage":"lv-LV"},{"@type":"Organization","@id":"https:\/\/cosmetic.lv\/lv\/#organization","name":"COSMETIC.LV","url":"https:\/\/cosmetic.lv\/lv\/","logo":{"@type":"ImageObject","inLanguage":"lv-LV","@id":"https:\/\/cosmetic.lv\/lv\/#\/schema\/logo\/image\/","url":"https:\/\/cosmetic.lv\/wp-content\/uploads\/2021\/02\/cosmetic.lv_logo.jpg","contentUrl":"https:\/\/cosmetic.lv\/wp-content\/uploads\/2021\/02\/cosmetic.lv_logo.jpg","width":596,"height":196,"caption":"COSMETIC.LV"},"image":{"@id":"https:\/\/cosmetic.lv\/lv\/#\/schema\/logo\/image\/"},"sameAs":["https:\/\/www.facebook.com\/cosmetic.lv\/"]}]},"product_price_amount":"18.18","product_price_currency":"EUR","og_availability":"out of stock","product_availability":"out of stock","product_retailer_item_id":"A005","product_condition":"new"},"_links":{"self":[{"href":"https:\/\/cosmetic.lv\/lv\/wp-json\/wp\/v2\/product\/34272","targetHints":{"allow":["GET"]}}],"collection":[{"href":"https:\/\/cosmetic.lv\/lv\/wp-json\/wp\/v2\/product"}],"about":[{"href":"https:\/\/cosmetic.lv\/lv\/wp-json\/wp\/v2\/types\/product"}],"wp:featuredmedia":[{"embeddable":true,"href":"https:\/\/cosmetic.lv\/lv\/wp-json\/wp\/v2\/media\/16193"}],"wp:attachment":[{"href":"https:\/\/cosmetic.lv\/lv\/wp-json\/wp\/v2\/media?parent=34272"}],"wp:term":[{"taxonomy":"product_brand","embeddable":true,"href":"https:\/\/cosmetic.lv\/lv\/wp-json\/wp\/v2\/product_brand?post=34272"},{"taxonomy":"product_cat","embeddable":true,"href":"https:\/\/cosmetic.lv\/lv\/wp-json\/wp\/v2\/product_cat?post=34272"},{"taxonomy":"product_tag","embeddable":true,"href":"https:\/\/cosmetic.lv\/lv\/wp-json\/wp\/v2\/product_tag?post=34272"}],"curies":[{"name":"wp","href":"https:\/\/api.w.org\/{rel}","templated":true}]}}