{"id":34273,"date":"2021-02-05T22:40:24","date_gmt":"2021-02-06T17:50:40","guid":{"rendered":"https:\/\/damme.lv\/product\/arkadija-krems-spf-16-saulosanas-krems-gaisai-jutigai-adai\/"},"modified":"2021-02-06T19:50:46","modified_gmt":"2021-02-06T17:50:46","slug":"arkadija-krems-spf-16-saulosanas-krems-gaisai-jutigai-adai","status":"publish","type":"product","link":"https:\/\/cosmetic.lv\/lv\/product\/arkadija-krems-spf-16-saulosanas-krems-gaisai-jutigai-adai\/","title":{"rendered":"Ark\u0101dija Kr\u0113ms SPF 16 &#8211; sau\u013co\u0161an\u0101s kr\u0113ms gai\u0161ai, jut\u012bgai \u0101dai"},"content":{"rendered":"<p><P>Kr\u0113ms SPF 16 &#8211; sau\u013co\u0161an\u0101s kr\u0113ms gai\u0161ai, jut\u012bgai \u0101dai pirmaj\u0101s sau\u013co\u0161an\u0101s dien\u0101s (Plen\u0113rs) &#8211; 150 ml\u00a0<BR>\u00a0\u00a0<BR>\u00a0\u00a0 Saules ultravioletais starojums ir nepiecie\u0161ams m\u016bsu organismam. T\u0101 ietekm\u0113 \u0101d\u0101 sintez\u0113jas vitam\u012bns D, kur\u0161 regul\u0113 kalcija vielmai\u0146u un nosaka kaulu-musku\u013cu audu st\u0101vokli. Savuk\u0101rt p\u0101rm\u0113r\u012bgam UV-starojumam ir negat\u012bva ietekme uz \u0101du. <\/P><br \/>\n<P>S\u0113rija \u00abPlen\u0113rs\u00bb \u013cauj regul\u0113t ultraviolet\u0101 starojuma daudzumu, kur\u0161 nok\u013c\u016bst \u0101d\u0101. Atliek tikai izraudz\u012bties kr\u0113mu ar nepiecie\u0161amo aizsargfaktoru (SPF), atkar\u012bb\u0101 no v\u0113lam\u0101 rezult\u0101ta un \u0101das tipa. Kr\u0113miem, saturo\u0161iem ultravioletos B un A filtrus, piem\u012bt da\u017e\u0101das aizsardz\u012bbas pak\u0101pes.<\/P><br \/>\n<P>Kr\u0113mu galveno komponentu iedarb\u012bba:<BR>\u2022 kli\u0146\u0123er\u012b\u0161u un lakricas ekstrakts &#8211; nomierina \u0101du, mazina iekaisumus.<BR>\u2022 dab\u012bgo e\u013c\u013cu komplekss (ciedra, sojas, kvie\u0161u asnu) un membr\u0101nu lip\u012bdi &#8211; m\u012bkstina un baro raupjo \u0101du p\u0113c sau\u013co\u0161an\u0101s, stiprina t\u0101s barjerfunkciju.<BR>\u2022 kosm\u0113tiskie silikoni &#8211; sekm\u0113 akt\u012bvo komponentu vienm\u0113r\u012bgu sadali \u0101d\u0101 un nodro\u0161ina kr\u0113mam \u016bdensnotur\u012bbu. <\/P><br \/>\n<P>Beta-1,3-gluk\u0101ns, membr\u0101nu lip\u012bdi un vitam\u012bns E veido biolo\u0123isk\u0101s aizsardz\u012bbas kompleksu:<BR>&#8211; Beta-1,3-gluk\u0101ns \u2013 dab\u012bgs polisahar\u012bds, kam piem\u012bt imunomodul\u0113jo\u0161as un adaptog\u0113nas \u012bpa\u0161\u012bbas. Aizsarg\u0101 im\u016bn\u0161\u016bnas (\u0101das makrof\u0101gus) no UV-starojuma kait\u012bg\u0101s iedarb\u012bbas, t\u0101d\u0113j\u0101di pastiprinot atjaunojo\u0161os procesus \u0101d\u0101. Stimul\u0113 im\u016bnsist\u0113mu, mazina iekaisumus.<BR>&#8211; Membr\u0101nu lip\u012bdi &#8211; nostiprina \u0101das barjerfunkciju un, kop\u0101 ar dab\u012bg\u0101 mitrino\u0161\u0101 kompleksa komponentiem, normaliz\u0113 \u016bdens l\u012bdzsvaru, atjauno \u0101das aizsargbarjeru.<BR>&#8211; Vitam\u012bns E &#8211; piem\u012bt antioksidanta iedarb\u012bba, kas b\u016btiski samazina UV-starojuma v\u0113l\u012bno seku risku; mazina \u0101das iekaisumus, kas radu\u0161ies p\u0113c sau\u013co\u0161an\u0101s, mazina saules apdeguma izpausmes. <\/P><br \/>\n<P>Saules aizsargkr\u0113mi \u00abPlen\u0113rs\u00bb ir \u012bpa\u0161i ar savu biolo\u0123isk\u0101s aizsardz\u012bbas kompleksu, kas pastiprina atjaunojo\u0161os procesus \u0101d\u0101 p\u0113c saules rad\u012bt\u0101 stresa un aizkav\u0113 fotonoveco\u0161anos.<\/P><br \/>\n<P>150 ml<\/P><\/p>\n","protected":false},"excerpt":{"rendered":"<p>Kr\u0113ms SPF 16 &#8211; sau\u013co\u0161an\u0101s kr\u0113ms gai\u0161ai, jut\u012bgai \u0101dai pirmaj\u0101s sau\u013co\u0161an\u0101s dien\u0101s (Plen\u0113rs) &#8211; 150 ml\u00a0\u00a0\u00a0\u00a0\u00a0 Saules ultravioletais starojums ir<\/p>\n","protected":false},"featured_media":36882,"template":"","meta":[],"product_brand":[],"product_cat":[2273,2278,2282],"product_tag":[],"class_list":{"0":"post-34273","1":"product","2":"type-product","3":"status-publish","4":"has-post-thumbnail","6":"product_cat-profesionala-kosmetika-sejai-un-kermenim-lv","7":"product_cat-labaratorijas-kosmetika-arkadija-izstrada-luks-klases-kosmetiku-lv","8":"product_cat-lidzekli-saulosanai-lv","10":"first","11":"outofstock","12":"sale","13":"taxable","14":"shipping-taxable","15":"purchasable","16":"product-type-simple"},"yoast_head":"<!-- This site is optimized with the Yoast SEO Premium plugin v27.0 (Yoast SEO v27.0) - https:\/\/yoast.com\/product\/yoast-seo-premium-wordpress\/ -->\n<title>Ark\u0101dija Kr\u0113ms SPF 16 - sau\u013co\u0161an\u0101s kr\u0113ms gai\u0161ai, jut\u012bgai \u0101dai - cosmetic.lv<\/title>\n<meta name=\"robots\" content=\"index, follow, max-snippet:-1, max-image-preview:large, max-video-preview:-1\" \/>\n<link rel=\"canonical\" href=\"https:\/\/cosmetic.lv\/lv\/product\/arkadija-krems-spf-16-saulosanas-krems-gaisai-jutigai-adai\/\" \/>\n<meta property=\"og:locale\" content=\"lv_LV\" \/>\n<meta property=\"og:type\" content=\"article\" \/>\n<meta property=\"og:title\" content=\"Ark\u0101dija Kr\u0113ms SPF 16 - sau\u013co\u0161an\u0101s kr\u0113ms gai\u0161ai, jut\u012bgai \u0101dai\" \/>\n<meta property=\"og:description\" content=\"Kr\u0113ms SPF 16 &#8211; sau\u013co\u0161an\u0101s kr\u0113ms gai\u0161ai, jut\u012bgai \u0101dai pirmaj\u0101s sau\u013co\u0161an\u0101s dien\u0101s (Plen\u0113rs) &#8211; 150 ml\u00a0\u00a0\u00a0\u00a0\u00a0 Saules ultravioletais starojums ir\" \/>\n<meta property=\"og:url\" content=\"https:\/\/cosmetic.lv\/lv\/product\/arkadija-krems-spf-16-saulosanas-krems-gaisai-jutigai-adai\/\" \/>\n<meta property=\"og:site_name\" content=\"cosmetic.lv\" \/>\n<meta property=\"article:publisher\" content=\"https:\/\/www.facebook.com\/cosmetic.lv\/\" \/>\n<meta property=\"article:modified_time\" content=\"2021-02-06T17:50:46+00:00\" \/>\n<meta property=\"og:image\" content=\"https:\/\/cosmetic.lv\/wp-content\/uploads\/2021\/02\/arkadia_spf_16.jpg\" \/>\n\t<meta property=\"og:image:width\" content=\"500\" \/>\n\t<meta property=\"og:image:height\" content=\"500\" \/>\n\t<meta property=\"og:image:type\" content=\"image\/jpeg\" \/>\n<meta name=\"twitter:card\" content=\"summary_large_image\" \/>\n<script type=\"application\/ld+json\" class=\"yoast-schema-graph\">{\"@context\":\"https:\/\/schema.org\",\"@graph\":[{\"@type\":\"WebPage\",\"@id\":\"https:\/\/cosmetic.lv\/lv\/product\/arkadija-krems-spf-16-saulosanas-krems-gaisai-jutigai-adai\/\",\"url\":\"https:\/\/cosmetic.lv\/lv\/product\/arkadija-krems-spf-16-saulosanas-krems-gaisai-jutigai-adai\/\",\"name\":\"Ark\u0101dija Kr\u0113ms SPF 16 - sau\u013co\u0161an\u0101s kr\u0113ms gai\u0161ai, jut\u012bgai \u0101dai - cosmetic.lv\",\"isPartOf\":{\"@id\":\"https:\/\/cosmetic.lv\/lv\/#website\"},\"primaryImageOfPage\":{\"@id\":\"https:\/\/cosmetic.lv\/lv\/product\/arkadija-krems-spf-16-saulosanas-krems-gaisai-jutigai-adai\/#primaryimage\"},\"image\":{\"@id\":\"https:\/\/cosmetic.lv\/lv\/product\/arkadija-krems-spf-16-saulosanas-krems-gaisai-jutigai-adai\/#primaryimage\"},\"thumbnailUrl\":\"https:\/\/cosmetic.lv\/wp-content\/uploads\/2021\/02\/arkadia_spf_16.jpg\",\"datePublished\":\"2021-02-06T17:50:40+00:00\",\"dateModified\":\"2021-02-06T17:50:46+00:00\",\"breadcrumb\":{\"@id\":\"https:\/\/cosmetic.lv\/lv\/product\/arkadija-krems-spf-16-saulosanas-krems-gaisai-jutigai-adai\/#breadcrumb\"},\"inLanguage\":\"lv-LV\",\"potentialAction\":[{\"@type\":\"ReadAction\",\"target\":[\"https:\/\/cosmetic.lv\/lv\/product\/arkadija-krems-spf-16-saulosanas-krems-gaisai-jutigai-adai\/\"]}]},{\"@type\":\"ImageObject\",\"inLanguage\":\"lv-LV\",\"@id\":\"https:\/\/cosmetic.lv\/lv\/product\/arkadija-krems-spf-16-saulosanas-krems-gaisai-jutigai-adai\/#primaryimage\",\"url\":\"https:\/\/cosmetic.lv\/wp-content\/uploads\/2021\/02\/arkadia_spf_16.jpg\",\"contentUrl\":\"https:\/\/cosmetic.lv\/wp-content\/uploads\/2021\/02\/arkadia_spf_16.jpg\",\"width\":500,\"height\":500,\"caption\":\"arkadia spf16\"},{\"@type\":\"BreadcrumbList\",\"@id\":\"https:\/\/cosmetic.lv\/lv\/product\/arkadija-krems-spf-16-saulosanas-krems-gaisai-jutigai-adai\/#breadcrumb\",\"itemListElement\":[{\"@type\":\"ListItem\",\"position\":1,\"name\":\"Home\",\"item\":\"https:\/\/cosmetic.lv\/lv\/\"},{\"@type\":\"ListItem\",\"position\":2,\"name\":\"Veikals\",\"item\":\"https:\/\/cosmetic.lv\/lv\/veiklas\/\"},{\"@type\":\"ListItem\",\"position\":3,\"name\":\"Ark\u0101dija Kr\u0113ms SPF 16 &#8212; sau\u013co\u0161an\u0101s kr\u0113ms gai\u0161ai, jut\u012bgai \u0101dai\"}]},{\"@type\":\"WebSite\",\"@id\":\"https:\/\/cosmetic.lv\/lv\/#website\",\"url\":\"https:\/\/cosmetic.lv\/lv\/\",\"name\":\"cosmetic.lv\",\"description\":\"Profesion\u0101la kosm\u0113tika - Maria Galland, Keune, Arkadija, GMT, Guam, Magiray\",\"publisher\":{\"@id\":\"https:\/\/cosmetic.lv\/lv\/#organization\"},\"potentialAction\":[{\"@type\":\"SearchAction\",\"target\":{\"@type\":\"EntryPoint\",\"urlTemplate\":\"https:\/\/cosmetic.lv\/lv\/?s={search_term_string}\"},\"query-input\":{\"@type\":\"PropertyValueSpecification\",\"valueRequired\":true,\"valueName\":\"search_term_string\"}}],\"inLanguage\":\"lv-LV\"},{\"@type\":\"Organization\",\"@id\":\"https:\/\/cosmetic.lv\/lv\/#organization\",\"name\":\"COSMETIC.LV\",\"url\":\"https:\/\/cosmetic.lv\/lv\/\",\"logo\":{\"@type\":\"ImageObject\",\"inLanguage\":\"lv-LV\",\"@id\":\"https:\/\/cosmetic.lv\/lv\/#\/schema\/logo\/image\/\",\"url\":\"https:\/\/cosmetic.lv\/wp-content\/uploads\/2021\/02\/cosmetic.lv_logo.jpg\",\"contentUrl\":\"https:\/\/cosmetic.lv\/wp-content\/uploads\/2021\/02\/cosmetic.lv_logo.jpg\",\"width\":596,\"height\":196,\"caption\":\"COSMETIC.LV\"},\"image\":{\"@id\":\"https:\/\/cosmetic.lv\/lv\/#\/schema\/logo\/image\/\"},\"sameAs\":[\"https:\/\/www.facebook.com\/cosmetic.lv\/\"]}]}<\/script>\n<meta property=\"product:price:amount\" content=\"25.71\" \/>\n<meta property=\"product:price:currency\" content=\"EUR\" \/>\n<meta property=\"og:availability\" content=\"out of stock\" \/>\n<meta property=\"product:availability\" content=\"out of stock\" \/>\n<meta property=\"product:retailer_item_id\" content=\"A076-150\" \/>\n<meta property=\"product:condition\" content=\"new\" \/>\n<!-- \/ Yoast SEO Premium plugin. -->","yoast_head_json":{"title":"Ark\u0101dija Kr\u0113ms SPF 16 - sau\u013co\u0161an\u0101s kr\u0113ms gai\u0161ai, jut\u012bgai \u0101dai - cosmetic.lv","robots":{"index":"index","follow":"follow","max-snippet":"max-snippet:-1","max-image-preview":"max-image-preview:large","max-video-preview":"max-video-preview:-1"},"canonical":"https:\/\/cosmetic.lv\/lv\/product\/arkadija-krems-spf-16-saulosanas-krems-gaisai-jutigai-adai\/","og_locale":"lv_LV","og_type":"article","og_title":"Ark\u0101dija Kr\u0113ms SPF 16 - sau\u013co\u0161an\u0101s kr\u0113ms gai\u0161ai, jut\u012bgai \u0101dai","og_description":"Kr\u0113ms SPF 16 &#8211; sau\u013co\u0161an\u0101s kr\u0113ms gai\u0161ai, jut\u012bgai \u0101dai pirmaj\u0101s sau\u013co\u0161an\u0101s dien\u0101s (Plen\u0113rs) &#8211; 150 ml\u00a0\u00a0\u00a0\u00a0\u00a0 Saules ultravioletais starojums ir","og_url":"https:\/\/cosmetic.lv\/lv\/product\/arkadija-krems-spf-16-saulosanas-krems-gaisai-jutigai-adai\/","og_site_name":"cosmetic.lv","article_publisher":"https:\/\/www.facebook.com\/cosmetic.lv\/","article_modified_time":"2021-02-06T17:50:46+00:00","og_image":[{"width":500,"height":500,"url":"https:\/\/cosmetic.lv\/wp-content\/uploads\/2021\/02\/arkadia_spf_16.jpg","type":"image\/jpeg"}],"twitter_card":"summary_large_image","schema":{"@context":"https:\/\/schema.org","@graph":[{"@type":"WebPage","@id":"https:\/\/cosmetic.lv\/lv\/product\/arkadija-krems-spf-16-saulosanas-krems-gaisai-jutigai-adai\/","url":"https:\/\/cosmetic.lv\/lv\/product\/arkadija-krems-spf-16-saulosanas-krems-gaisai-jutigai-adai\/","name":"Ark\u0101dija Kr\u0113ms SPF 16 - sau\u013co\u0161an\u0101s kr\u0113ms gai\u0161ai, jut\u012bgai \u0101dai - cosmetic.lv","isPartOf":{"@id":"https:\/\/cosmetic.lv\/lv\/#website"},"primaryImageOfPage":{"@id":"https:\/\/cosmetic.lv\/lv\/product\/arkadija-krems-spf-16-saulosanas-krems-gaisai-jutigai-adai\/#primaryimage"},"image":{"@id":"https:\/\/cosmetic.lv\/lv\/product\/arkadija-krems-spf-16-saulosanas-krems-gaisai-jutigai-adai\/#primaryimage"},"thumbnailUrl":"https:\/\/cosmetic.lv\/wp-content\/uploads\/2021\/02\/arkadia_spf_16.jpg","datePublished":"2021-02-06T17:50:40+00:00","dateModified":"2021-02-06T17:50:46+00:00","breadcrumb":{"@id":"https:\/\/cosmetic.lv\/lv\/product\/arkadija-krems-spf-16-saulosanas-krems-gaisai-jutigai-adai\/#breadcrumb"},"inLanguage":"lv-LV","potentialAction":[{"@type":"ReadAction","target":["https:\/\/cosmetic.lv\/lv\/product\/arkadija-krems-spf-16-saulosanas-krems-gaisai-jutigai-adai\/"]}]},{"@type":"ImageObject","inLanguage":"lv-LV","@id":"https:\/\/cosmetic.lv\/lv\/product\/arkadija-krems-spf-16-saulosanas-krems-gaisai-jutigai-adai\/#primaryimage","url":"https:\/\/cosmetic.lv\/wp-content\/uploads\/2021\/02\/arkadia_spf_16.jpg","contentUrl":"https:\/\/cosmetic.lv\/wp-content\/uploads\/2021\/02\/arkadia_spf_16.jpg","width":500,"height":500,"caption":"arkadia spf16"},{"@type":"BreadcrumbList","@id":"https:\/\/cosmetic.lv\/lv\/product\/arkadija-krems-spf-16-saulosanas-krems-gaisai-jutigai-adai\/#breadcrumb","itemListElement":[{"@type":"ListItem","position":1,"name":"Home","item":"https:\/\/cosmetic.lv\/lv\/"},{"@type":"ListItem","position":2,"name":"Veikals","item":"https:\/\/cosmetic.lv\/lv\/veiklas\/"},{"@type":"ListItem","position":3,"name":"Ark\u0101dija Kr\u0113ms SPF 16 &#8212; sau\u013co\u0161an\u0101s kr\u0113ms gai\u0161ai, jut\u012bgai \u0101dai"}]},{"@type":"WebSite","@id":"https:\/\/cosmetic.lv\/lv\/#website","url":"https:\/\/cosmetic.lv\/lv\/","name":"cosmetic.lv","description":"Profesion\u0101la kosm\u0113tika - Maria Galland, Keune, Arkadija, GMT, Guam, Magiray","publisher":{"@id":"https:\/\/cosmetic.lv\/lv\/#organization"},"potentialAction":[{"@type":"SearchAction","target":{"@type":"EntryPoint","urlTemplate":"https:\/\/cosmetic.lv\/lv\/?s={search_term_string}"},"query-input":{"@type":"PropertyValueSpecification","valueRequired":true,"valueName":"search_term_string"}}],"inLanguage":"lv-LV"},{"@type":"Organization","@id":"https:\/\/cosmetic.lv\/lv\/#organization","name":"COSMETIC.LV","url":"https:\/\/cosmetic.lv\/lv\/","logo":{"@type":"ImageObject","inLanguage":"lv-LV","@id":"https:\/\/cosmetic.lv\/lv\/#\/schema\/logo\/image\/","url":"https:\/\/cosmetic.lv\/wp-content\/uploads\/2021\/02\/cosmetic.lv_logo.jpg","contentUrl":"https:\/\/cosmetic.lv\/wp-content\/uploads\/2021\/02\/cosmetic.lv_logo.jpg","width":596,"height":196,"caption":"COSMETIC.LV"},"image":{"@id":"https:\/\/cosmetic.lv\/lv\/#\/schema\/logo\/image\/"},"sameAs":["https:\/\/www.facebook.com\/cosmetic.lv\/"]}]},"product_price_amount":"25.71","product_price_currency":"EUR","og_availability":"out of stock","product_availability":"out of stock","product_retailer_item_id":"A076-150","product_condition":"new"},"_links":{"self":[{"href":"https:\/\/cosmetic.lv\/lv\/wp-json\/wp\/v2\/product\/34273","targetHints":{"allow":["GET"]}}],"collection":[{"href":"https:\/\/cosmetic.lv\/lv\/wp-json\/wp\/v2\/product"}],"about":[{"href":"https:\/\/cosmetic.lv\/lv\/wp-json\/wp\/v2\/types\/product"}],"wp:featuredmedia":[{"embeddable":true,"href":"https:\/\/cosmetic.lv\/lv\/wp-json\/wp\/v2\/media\/36882"}],"wp:attachment":[{"href":"https:\/\/cosmetic.lv\/lv\/wp-json\/wp\/v2\/media?parent=34273"}],"wp:term":[{"taxonomy":"product_brand","embeddable":true,"href":"https:\/\/cosmetic.lv\/lv\/wp-json\/wp\/v2\/product_brand?post=34273"},{"taxonomy":"product_cat","embeddable":true,"href":"https:\/\/cosmetic.lv\/lv\/wp-json\/wp\/v2\/product_cat?post=34273"},{"taxonomy":"product_tag","embeddable":true,"href":"https:\/\/cosmetic.lv\/lv\/wp-json\/wp\/v2\/product_tag?post=34273"}],"curies":[{"name":"wp","href":"https:\/\/api.w.org\/{rel}","templated":true}]}}