{"id":34275,"date":"2021-02-05T22:40:24","date_gmt":"2021-02-06T17:50:49","guid":{"rendered":"https:\/\/damme.lv\/product\/arkadija-pecsaulosanas-krems-pleners-150-ml\/"},"modified":"2021-02-06T19:50:50","modified_gmt":"2021-02-06T17:50:50","slug":"arkadija-pecsaulosanas-krems-pleners-150-ml","status":"publish","type":"product","link":"https:\/\/cosmetic.lv\/lv\/product\/arkadija-pecsaulosanas-krems-pleners-150-ml\/","title":{"rendered":"Arkadija P\u0113csau\u013co\u0161an\u0101s kr\u0113ms (Plen\u0113rs) &#8211; 150 ml"},"content":{"rendered":"<p><P>P\u0113csau\u013co\u0161an\u0101s kr\u0113ms (Plen\u0113rs) &#8211; 150 ml<\/P><br \/>\n<P>&nbsp;P\u0113c sau\u013co\u0161an\u0101s \u0101da k\u013c\u016bst raupj\u0101ka un saus\u0101ka, p\u0113c p\u0101rm\u0113r\u012bgas sau\u013co\u0161an\u0101s att\u012bst\u0101s izteikta hiperkeratoze (biezs raga sl\u0101nis), k\u0101 rezult\u0101t\u0101 \u0101da nesp\u0113j uz\u0146emt kosm\u0113tiskos l\u012bdzek\u013cus, padzi\u013cin\u0101s krunkas, iesp\u0113jami nopietni \u0101das \u0161\u016bnu elementu boj\u0101jumi.<\/P><br \/>\n<P>Kr\u0113ms p\u0113c sau\u013co\u0161an\u0101s \u00abPlen\u0113rs\u00bb m\u012bkstina un mitrina \u0101du, tam piem\u012bt pretiekaisuma un atjaunojo\u0161a iedarb\u012bba, mazina saules apdeguma paz\u012bmes, atv\u0113sina \u0101du. \u00abPlen\u0113rs\u00bb pazemina sau\u013co\u0161an\u0101s v\u0113l\u012bno seku risku, tas darbojas k\u0101 profilaktisks l\u012bdzeklis pret fotonoveco\u0161anos. Nostiprina iedegumu un veicina t\u0101 saglab\u0101\u0161anos ilg\u0101k\u0101 laika posm\u0101.<\/P><br \/>\n<P>Kr\u0113mu galveno komponentu iedarb\u012bba:<BR>\u2022 kli\u0146\u0123er\u012b\u0161u un lakricas ekstrakts &#8211; nomierina \u0101du, mazina iekaisumus.<BR>\u2022 dab\u012bgo e\u013c\u013cu komplekss (ciedra, sojas, kvie\u0161u asnu) un membr\u0101nu lip\u012bdi &#8211; m\u012bkstina un baro raupjo \u0101du p\u0113c sau\u013co\u0161an\u0101s, stiprina t\u0101s barjerfunkciju.<BR>\u2022 kosm\u0113tiskie silikoni &#8211; sekm\u0113 akt\u012bvo komponentu vienm\u0113r\u012bgu sadali \u0101d\u0101 un nodro\u0161ina kr\u0113mam \u016bdensnotur\u012bbu. <\/P><br \/>\n<P>Beta-1,3-gluk\u0101ns, membr\u0101nu lip\u012bdi un vitam\u012bns E veido biolo\u0123isk\u0101s aizsardz\u012bbas kompleksu:<BR>&#8211; Beta-1,3-gluk\u0101ns \u2013 dab\u012bgs polisahar\u012bds, kam piem\u012bt imunomodul\u0113jo\u0161as un adaptog\u0113nas \u012bpa\u0161\u012bbas. Aizsarg\u0101 im\u016bn\u0161\u016bnas (\u0101das makrof\u0101gus) no UV-starojuma kait\u012bg\u0101s iedarb\u012bbas, t\u0101d\u0113j\u0101di pastiprinot atjaunojo\u0161os procesus \u0101d\u0101. Stimul\u0113 im\u016bnsist\u0113mu, mazina iekaisumus.<BR>&#8211; Membr\u0101nu lip\u012bdi &#8211; nostiprina \u0101das barjerfunkciju un, kop\u0101 ar dab\u012bg\u0101 mitrino\u0161\u0101 kompleksa komponentiem, normaliz\u0113 \u016bdens l\u012bdzsvaru, atjauno \u0101das aizsargbarjeru.<BR>&#8211; Vitam\u012bns E &#8211; piem\u012bt antioksidanta iedarb\u012bba, kas b\u016btiski samazina UV-starojuma v\u0113l\u012bno seku risku; mazina \u0101das iekaisumus, kas radu\u0161ies p\u0113c sau\u013co\u0161an\u0101s, mazina saules apdeguma izpausmes.<BR><\/P><br \/>\n<P>150 ml<\/P><\/p>\n","protected":false},"excerpt":{"rendered":"<p>P\u0113csau\u013co\u0161an\u0101s kr\u0113ms (Plen\u0113rs) &#8211; 150 ml &nbsp;P\u0113c sau\u013co\u0161an\u0101s \u0101da k\u013c\u016bst raupj\u0101ka un saus\u0101ka, p\u0113c p\u0101rm\u0113r\u012bgas sau\u013co\u0161an\u0101s att\u012bst\u0101s izteikta hiperkeratoze (biezs<\/p>\n","protected":false},"featured_media":16202,"template":"","meta":[],"product_brand":[],"product_cat":[2273,2278,2282],"product_tag":[],"class_list":{"0":"post-34275","1":"product","2":"type-product","3":"status-publish","4":"has-post-thumbnail","6":"product_cat-profesionala-kosmetika-sejai-un-kermenim-lv","7":"product_cat-labaratorijas-kosmetika-arkadija-izstrada-luks-klases-kosmetiku-lv","8":"product_cat-lidzekli-saulosanai-lv","10":"first","11":"outofstock","12":"sale","13":"taxable","14":"shipping-taxable","15":"purchasable","16":"product-type-simple"},"yoast_head":"<!-- This site is optimized with the Yoast SEO Premium plugin v27.0 (Yoast SEO v27.0) - https:\/\/yoast.com\/product\/yoast-seo-premium-wordpress\/ -->\n<title>Arkadija P\u0113csau\u013co\u0161an\u0101s kr\u0113ms (Plen\u0113rs) - 150 ml - cosmetic.lv<\/title>\n<meta name=\"robots\" content=\"index, follow, max-snippet:-1, max-image-preview:large, max-video-preview:-1\" \/>\n<link rel=\"canonical\" href=\"https:\/\/cosmetic.lv\/lv\/product\/arkadija-pecsaulosanas-krems-pleners-150-ml\/\" \/>\n<meta property=\"og:locale\" content=\"lv_LV\" \/>\n<meta property=\"og:type\" content=\"article\" \/>\n<meta property=\"og:title\" content=\"Arkadija P\u0113csau\u013co\u0161an\u0101s kr\u0113ms (Plen\u0113rs) - 150 ml\" \/>\n<meta property=\"og:description\" content=\"P\u0113csau\u013co\u0161an\u0101s kr\u0113ms (Plen\u0113rs) &#8211; 150 ml &nbsp;P\u0113c sau\u013co\u0161an\u0101s \u0101da k\u013c\u016bst raupj\u0101ka un saus\u0101ka, p\u0113c p\u0101rm\u0113r\u012bgas sau\u013co\u0161an\u0101s att\u012bst\u0101s izteikta hiperkeratoze (biezs\" \/>\n<meta property=\"og:url\" content=\"https:\/\/cosmetic.lv\/lv\/product\/arkadija-pecsaulosanas-krems-pleners-150-ml\/\" \/>\n<meta property=\"og:site_name\" content=\"cosmetic.lv\" \/>\n<meta property=\"article:publisher\" content=\"https:\/\/www.facebook.com\/cosmetic.lv\/\" \/>\n<meta property=\"article:modified_time\" content=\"2021-02-06T17:50:50+00:00\" \/>\n<meta property=\"og:image\" content=\"https:\/\/cosmetic.lv\/wp-content\/uploads\/2021\/02\/arkadijazagar-4.jpg\" \/>\n\t<meta property=\"og:image:width\" content=\"220\" \/>\n\t<meta property=\"og:image:height\" content=\"220\" \/>\n\t<meta property=\"og:image:type\" content=\"image\/jpeg\" \/>\n<meta name=\"twitter:card\" content=\"summary_large_image\" \/>\n<script type=\"application\/ld+json\" class=\"yoast-schema-graph\">{\"@context\":\"https:\/\/schema.org\",\"@graph\":[{\"@type\":\"WebPage\",\"@id\":\"https:\/\/cosmetic.lv\/lv\/product\/arkadija-pecsaulosanas-krems-pleners-150-ml\/\",\"url\":\"https:\/\/cosmetic.lv\/lv\/product\/arkadija-pecsaulosanas-krems-pleners-150-ml\/\",\"name\":\"Arkadija P\u0113csau\u013co\u0161an\u0101s kr\u0113ms (Plen\u0113rs) - 150 ml - cosmetic.lv\",\"isPartOf\":{\"@id\":\"https:\/\/cosmetic.lv\/lv\/#website\"},\"primaryImageOfPage\":{\"@id\":\"https:\/\/cosmetic.lv\/lv\/product\/arkadija-pecsaulosanas-krems-pleners-150-ml\/#primaryimage\"},\"image\":{\"@id\":\"https:\/\/cosmetic.lv\/lv\/product\/arkadija-pecsaulosanas-krems-pleners-150-ml\/#primaryimage\"},\"thumbnailUrl\":\"https:\/\/cosmetic.lv\/wp-content\/uploads\/2021\/02\/arkadijazagar-4.jpg\",\"datePublished\":\"2021-02-06T17:50:49+00:00\",\"dateModified\":\"2021-02-06T17:50:50+00:00\",\"breadcrumb\":{\"@id\":\"https:\/\/cosmetic.lv\/lv\/product\/arkadija-pecsaulosanas-krems-pleners-150-ml\/#breadcrumb\"},\"inLanguage\":\"lv-LV\",\"potentialAction\":[{\"@type\":\"ReadAction\",\"target\":[\"https:\/\/cosmetic.lv\/lv\/product\/arkadija-pecsaulosanas-krems-pleners-150-ml\/\"]}]},{\"@type\":\"ImageObject\",\"inLanguage\":\"lv-LV\",\"@id\":\"https:\/\/cosmetic.lv\/lv\/product\/arkadija-pecsaulosanas-krems-pleners-150-ml\/#primaryimage\",\"url\":\"https:\/\/cosmetic.lv\/wp-content\/uploads\/2021\/02\/arkadijazagar-4.jpg\",\"contentUrl\":\"https:\/\/cosmetic.lv\/wp-content\/uploads\/2021\/02\/arkadijazagar-4.jpg\",\"width\":220,\"height\":220,\"caption\":\"arkadijazagar.jpg\"},{\"@type\":\"BreadcrumbList\",\"@id\":\"https:\/\/cosmetic.lv\/lv\/product\/arkadija-pecsaulosanas-krems-pleners-150-ml\/#breadcrumb\",\"itemListElement\":[{\"@type\":\"ListItem\",\"position\":1,\"name\":\"Home\",\"item\":\"https:\/\/cosmetic.lv\/lv\/\"},{\"@type\":\"ListItem\",\"position\":2,\"name\":\"Veikals\",\"item\":\"https:\/\/cosmetic.lv\/lv\/veiklas\/\"},{\"@type\":\"ListItem\",\"position\":3,\"name\":\"Arkadija P\u0113csau\u013co\u0161an\u0101s kr\u0113ms (Plen\u0113rs) &#8212; 150 ml\"}]},{\"@type\":\"WebSite\",\"@id\":\"https:\/\/cosmetic.lv\/lv\/#website\",\"url\":\"https:\/\/cosmetic.lv\/lv\/\",\"name\":\"cosmetic.lv\",\"description\":\"Profesion\u0101la kosm\u0113tika - Maria Galland, Keune, Arkadija, GMT, Guam, Magiray\",\"publisher\":{\"@id\":\"https:\/\/cosmetic.lv\/lv\/#organization\"},\"potentialAction\":[{\"@type\":\"SearchAction\",\"target\":{\"@type\":\"EntryPoint\",\"urlTemplate\":\"https:\/\/cosmetic.lv\/lv\/?s={search_term_string}\"},\"query-input\":{\"@type\":\"PropertyValueSpecification\",\"valueRequired\":true,\"valueName\":\"search_term_string\"}}],\"inLanguage\":\"lv-LV\"},{\"@type\":\"Organization\",\"@id\":\"https:\/\/cosmetic.lv\/lv\/#organization\",\"name\":\"COSMETIC.LV\",\"url\":\"https:\/\/cosmetic.lv\/lv\/\",\"logo\":{\"@type\":\"ImageObject\",\"inLanguage\":\"lv-LV\",\"@id\":\"https:\/\/cosmetic.lv\/lv\/#\/schema\/logo\/image\/\",\"url\":\"https:\/\/cosmetic.lv\/wp-content\/uploads\/2021\/02\/cosmetic.lv_logo.jpg\",\"contentUrl\":\"https:\/\/cosmetic.lv\/wp-content\/uploads\/2021\/02\/cosmetic.lv_logo.jpg\",\"width\":596,\"height\":196,\"caption\":\"COSMETIC.LV\"},\"image\":{\"@id\":\"https:\/\/cosmetic.lv\/lv\/#\/schema\/logo\/image\/\"},\"sameAs\":[\"https:\/\/www.facebook.com\/cosmetic.lv\/\"]}]}<\/script>\n<meta property=\"product:price:amount\" content=\"25.86\" \/>\n<meta property=\"product:price:currency\" content=\"EUR\" \/>\n<meta property=\"og:availability\" content=\"out of stock\" \/>\n<meta property=\"product:availability\" content=\"out of stock\" \/>\n<meta property=\"product:retailer_item_id\" content=\"A078-150\" \/>\n<meta property=\"product:condition\" content=\"new\" \/>\n<!-- \/ Yoast SEO Premium plugin. -->","yoast_head_json":{"title":"Arkadija P\u0113csau\u013co\u0161an\u0101s kr\u0113ms (Plen\u0113rs) - 150 ml - cosmetic.lv","robots":{"index":"index","follow":"follow","max-snippet":"max-snippet:-1","max-image-preview":"max-image-preview:large","max-video-preview":"max-video-preview:-1"},"canonical":"https:\/\/cosmetic.lv\/lv\/product\/arkadija-pecsaulosanas-krems-pleners-150-ml\/","og_locale":"lv_LV","og_type":"article","og_title":"Arkadija P\u0113csau\u013co\u0161an\u0101s kr\u0113ms (Plen\u0113rs) - 150 ml","og_description":"P\u0113csau\u013co\u0161an\u0101s kr\u0113ms (Plen\u0113rs) &#8211; 150 ml &nbsp;P\u0113c sau\u013co\u0161an\u0101s \u0101da k\u013c\u016bst raupj\u0101ka un saus\u0101ka, p\u0113c p\u0101rm\u0113r\u012bgas sau\u013co\u0161an\u0101s att\u012bst\u0101s izteikta hiperkeratoze (biezs","og_url":"https:\/\/cosmetic.lv\/lv\/product\/arkadija-pecsaulosanas-krems-pleners-150-ml\/","og_site_name":"cosmetic.lv","article_publisher":"https:\/\/www.facebook.com\/cosmetic.lv\/","article_modified_time":"2021-02-06T17:50:50+00:00","og_image":[{"width":220,"height":220,"url":"https:\/\/cosmetic.lv\/wp-content\/uploads\/2021\/02\/arkadijazagar-4.jpg","type":"image\/jpeg"}],"twitter_card":"summary_large_image","schema":{"@context":"https:\/\/schema.org","@graph":[{"@type":"WebPage","@id":"https:\/\/cosmetic.lv\/lv\/product\/arkadija-pecsaulosanas-krems-pleners-150-ml\/","url":"https:\/\/cosmetic.lv\/lv\/product\/arkadija-pecsaulosanas-krems-pleners-150-ml\/","name":"Arkadija P\u0113csau\u013co\u0161an\u0101s kr\u0113ms (Plen\u0113rs) - 150 ml - cosmetic.lv","isPartOf":{"@id":"https:\/\/cosmetic.lv\/lv\/#website"},"primaryImageOfPage":{"@id":"https:\/\/cosmetic.lv\/lv\/product\/arkadija-pecsaulosanas-krems-pleners-150-ml\/#primaryimage"},"image":{"@id":"https:\/\/cosmetic.lv\/lv\/product\/arkadija-pecsaulosanas-krems-pleners-150-ml\/#primaryimage"},"thumbnailUrl":"https:\/\/cosmetic.lv\/wp-content\/uploads\/2021\/02\/arkadijazagar-4.jpg","datePublished":"2021-02-06T17:50:49+00:00","dateModified":"2021-02-06T17:50:50+00:00","breadcrumb":{"@id":"https:\/\/cosmetic.lv\/lv\/product\/arkadija-pecsaulosanas-krems-pleners-150-ml\/#breadcrumb"},"inLanguage":"lv-LV","potentialAction":[{"@type":"ReadAction","target":["https:\/\/cosmetic.lv\/lv\/product\/arkadija-pecsaulosanas-krems-pleners-150-ml\/"]}]},{"@type":"ImageObject","inLanguage":"lv-LV","@id":"https:\/\/cosmetic.lv\/lv\/product\/arkadija-pecsaulosanas-krems-pleners-150-ml\/#primaryimage","url":"https:\/\/cosmetic.lv\/wp-content\/uploads\/2021\/02\/arkadijazagar-4.jpg","contentUrl":"https:\/\/cosmetic.lv\/wp-content\/uploads\/2021\/02\/arkadijazagar-4.jpg","width":220,"height":220,"caption":"arkadijazagar.jpg"},{"@type":"BreadcrumbList","@id":"https:\/\/cosmetic.lv\/lv\/product\/arkadija-pecsaulosanas-krems-pleners-150-ml\/#breadcrumb","itemListElement":[{"@type":"ListItem","position":1,"name":"Home","item":"https:\/\/cosmetic.lv\/lv\/"},{"@type":"ListItem","position":2,"name":"Veikals","item":"https:\/\/cosmetic.lv\/lv\/veiklas\/"},{"@type":"ListItem","position":3,"name":"Arkadija P\u0113csau\u013co\u0161an\u0101s kr\u0113ms (Plen\u0113rs) &#8212; 150 ml"}]},{"@type":"WebSite","@id":"https:\/\/cosmetic.lv\/lv\/#website","url":"https:\/\/cosmetic.lv\/lv\/","name":"cosmetic.lv","description":"Profesion\u0101la kosm\u0113tika - Maria Galland, Keune, Arkadija, GMT, Guam, Magiray","publisher":{"@id":"https:\/\/cosmetic.lv\/lv\/#organization"},"potentialAction":[{"@type":"SearchAction","target":{"@type":"EntryPoint","urlTemplate":"https:\/\/cosmetic.lv\/lv\/?s={search_term_string}"},"query-input":{"@type":"PropertyValueSpecification","valueRequired":true,"valueName":"search_term_string"}}],"inLanguage":"lv-LV"},{"@type":"Organization","@id":"https:\/\/cosmetic.lv\/lv\/#organization","name":"COSMETIC.LV","url":"https:\/\/cosmetic.lv\/lv\/","logo":{"@type":"ImageObject","inLanguage":"lv-LV","@id":"https:\/\/cosmetic.lv\/lv\/#\/schema\/logo\/image\/","url":"https:\/\/cosmetic.lv\/wp-content\/uploads\/2021\/02\/cosmetic.lv_logo.jpg","contentUrl":"https:\/\/cosmetic.lv\/wp-content\/uploads\/2021\/02\/cosmetic.lv_logo.jpg","width":596,"height":196,"caption":"COSMETIC.LV"},"image":{"@id":"https:\/\/cosmetic.lv\/lv\/#\/schema\/logo\/image\/"},"sameAs":["https:\/\/www.facebook.com\/cosmetic.lv\/"]}]},"product_price_amount":"25.86","product_price_currency":"EUR","og_availability":"out of stock","product_availability":"out of stock","product_retailer_item_id":"A078-150","product_condition":"new"},"_links":{"self":[{"href":"https:\/\/cosmetic.lv\/lv\/wp-json\/wp\/v2\/product\/34275","targetHints":{"allow":["GET"]}}],"collection":[{"href":"https:\/\/cosmetic.lv\/lv\/wp-json\/wp\/v2\/product"}],"about":[{"href":"https:\/\/cosmetic.lv\/lv\/wp-json\/wp\/v2\/types\/product"}],"wp:featuredmedia":[{"embeddable":true,"href":"https:\/\/cosmetic.lv\/lv\/wp-json\/wp\/v2\/media\/16202"}],"wp:attachment":[{"href":"https:\/\/cosmetic.lv\/lv\/wp-json\/wp\/v2\/media?parent=34275"}],"wp:term":[{"taxonomy":"product_brand","embeddable":true,"href":"https:\/\/cosmetic.lv\/lv\/wp-json\/wp\/v2\/product_brand?post=34275"},{"taxonomy":"product_cat","embeddable":true,"href":"https:\/\/cosmetic.lv\/lv\/wp-json\/wp\/v2\/product_cat?post=34275"},{"taxonomy":"product_tag","embeddable":true,"href":"https:\/\/cosmetic.lv\/lv\/wp-json\/wp\/v2\/product_tag?post=34275"}],"curies":[{"name":"wp","href":"https:\/\/api.w.org\/{rel}","templated":true}]}}