{"id":34278,"date":"2021-02-05T22:40:24","date_gmt":"2021-02-06T17:50:49","guid":{"rendered":"https:\/\/damme.lv\/product\/arkadija-acu-krems-uzturosa-kopsana-barosana-mitrinasana-asinsvadu-nostiprinasana-15-m\/"},"modified":"2021-02-06T19:50:52","modified_gmt":"2021-02-06T17:50:52","slug":"arkadija-acu-krems-uzturosa-kopsana-barosana-mitrinasana-asinsvadu-nostiprinasana-15-m","status":"publish","type":"product","link":"https:\/\/cosmetic.lv\/lv\/product\/arkadija-acu-krems-uzturosa-kopsana-barosana-mitrinasana-asinsvadu-nostiprinasana-15-m\/","title":{"rendered":"Arkadija Acu kr\u0113ms &#8211; uzturo\u0161\u0101 kop\u0161ana  Baro\u0161ana, mitrin\u0101\u0161ana, asinsvadu nostiprin\u0101\u0161ana (15 m"},"content":{"rendered":"<p><!DOCTYPE html PUBLIC &quot;-\/\/W3C\/\/DTD XHTML 1.0 Transitional\/\/EN&quot; &quot;http:\/\/www.w3.org\/TR\/xhtml1\/DTD\/xhtml1-transitional.dtd&quot;><br \/>\n<html><br \/>\n<head><br \/>\n<title>Untitled document<\/title><br \/>\n<\/head><br \/>\n<body><\/p>\n<p>Acu kr\u0113ms &#8211; uzturo&scaron;\u0101 kop&scaron;ana (15 ml)<\/p>\n<p>Baro&scaron;ana, mitrin\u0101&scaron;ana, asinsvadu nostiprin\u0101&scaron;ana.<\/p>\n<p>Paredz\u0113ts maig\u0101s un jut\u012bg\u0101s acu zonas \u0101das ikdienas kop&scaron;anai. Baro, mitrina, pa\u0101trina re\u0123ener\u0101cijas procesus, pal\u0113nina dab\u012bgos noveco&scaron;an\u0101s procesus, b\u016btiski att\u0101linot stabilu m\u012bmisko krunku ra&scaron;anos. Nostiprina asinsvadu sieni\u0146as, uzlabo mikrocirkul\u0101ciju. Padara acu plaksti\u0146u \u0101du maigu un vingru. Pateicoties kr\u0113ma maigajai tekst\u016brai, tas viegli kl\u0101jas un \u0101tri ies\u016bcas \u0101d\u0101, t\u0101d\u0113j\u0101di netrauc\u0113jot dekorat\u012bv\u0101s kosm\u0113tikas uzkl\u0101&scaron;anai.<\/p>\n<p>Lietot: nelielu kr\u0113ma daudzumu uzkl\u0101t apak&scaron;\u0113j\u0101 plaksti\u0146a \u0101r\u0113j\u0101 mal\u0101 orb\u012btas rajon\u0101, viegliem piesk\u0101rieniem sadal\u012bt kr\u0113mu pa visu apak&scaron;\u0113j\u0101 plaksti\u0146a zonu 1-2 reizes dien\u0101.<\/p>\n<p>Piez\u012bme: Intens\u012bvai kop&scaron;anai (liftings, balin\u0101&scaron;ana, asinsvadu nostiprin\u0101&scaron;ana) iesp\u0113jams kombin\u0113t ar acu g\u0113lu. Vakar\u0101 lietot kr\u0113mu, no r\u012bta &#8211; g\u0113lu acu zonas kop&scaron;anai. Ziemas laik\u0101 virs g\u0113la rekomend\u0113 uzkl\u0101t nelielu daudzumu acu kr\u0113ma.<\/p>\n<p>Kompleksa pieeja acu zonas kop&scaron;anai<\/p>\n<p>\u0100da acu rajon\u0101, at&scaron;\u0137ir\u012bb\u0101 no p\u0101r\u0113j\u0101s sejas \u0101das, vienm\u0113r ir pl\u0101n\u0101ka un maig\u0101ka, t\u0101d\u0113\u013c &scaron;\u012bs zonas apstr\u0101dei tiek pied\u0101v\u0101ti speci\u0101li kop&scaron;anas l\u012bdzek\u013ci.<\/p>\n<p>Ja \u0101das st\u0101voklis acu zon\u0101 ir apmierino&scaron;s, lietot speci\u0101lus \u0101das kop&scaron;anas l\u012bdzek\u013cus nav oblig\u0101ti. Ark\u0101dijas sejas kr\u0113miem ir \u012bpa&scaron;a uzb\u016bve, kas \u013cauj tos izmantot ar\u012b acu zonas kop&scaron;an\u0101. <br \/>&nbsp;<br \/>15 ml<\/p>\n<p><\/body><br \/>\n<\/html><\/p>\n","protected":false},"excerpt":{"rendered":"<p>Untitled document Acu kr\u0113ms &#8211; uzturo&scaron;\u0101 kop&scaron;ana (15 ml) Baro&scaron;ana, mitrin\u0101&scaron;ana, asinsvadu nostiprin\u0101&scaron;ana. Paredz\u0113ts maig\u0101s un jut\u012bg\u0101s acu zonas \u0101das<\/p>\n","protected":false},"featured_media":9513,"template":"","meta":[],"product_brand":[],"product_cat":[2273,2278,2283],"product_tag":[],"class_list":{"0":"post-34278","1":"product","2":"type-product","3":"status-publish","4":"has-post-thumbnail","6":"product_cat-profesionala-kosmetika-sejai-un-kermenim-lv","7":"product_cat-labaratorijas-kosmetika-arkadija-izstrada-luks-klases-kosmetiku-lv","8":"product_cat-acim-lv","10":"first","11":"outofstock","12":"sale","13":"taxable","14":"shipping-taxable","15":"purchasable","16":"product-type-simple"},"yoast_head":"<!-- This site is optimized with the Yoast SEO Premium plugin v27.0 (Yoast SEO v27.0) - https:\/\/yoast.com\/product\/yoast-seo-premium-wordpress\/ -->\n<title>Arkadija Acu kr\u0113ms - uzturo\u0161\u0101 kop\u0161ana Baro\u0161ana, mitrin\u0101\u0161ana, asinsvadu nostiprin\u0101\u0161ana (15 m - cosmetic.lv<\/title>\n<meta name=\"robots\" content=\"index, follow, max-snippet:-1, max-image-preview:large, max-video-preview:-1\" \/>\n<link rel=\"canonical\" href=\"https:\/\/cosmetic.lv\/lv\/product\/arkadija-acu-krems-uzturosa-kopsana-barosana-mitrinasana-asinsvadu-nostiprinasana-15-m\/\" \/>\n<meta property=\"og:locale\" content=\"lv_LV\" \/>\n<meta property=\"og:type\" content=\"article\" \/>\n<meta property=\"og:title\" content=\"Arkadija Acu kr\u0113ms - uzturo\u0161\u0101 kop\u0161ana Baro\u0161ana, mitrin\u0101\u0161ana, asinsvadu nostiprin\u0101\u0161ana (15 m\" \/>\n<meta property=\"og:description\" content=\"Untitled document Acu kr\u0113ms &#8211; uzturo&scaron;\u0101 kop&scaron;ana (15 ml) Baro&scaron;ana, mitrin\u0101&scaron;ana, asinsvadu nostiprin\u0101&scaron;ana. Paredz\u0113ts maig\u0101s un jut\u012bg\u0101s acu zonas \u0101das\" \/>\n<meta property=\"og:url\" content=\"https:\/\/cosmetic.lv\/lv\/product\/arkadija-acu-krems-uzturosa-kopsana-barosana-mitrinasana-asinsvadu-nostiprinasana-15-m\/\" \/>\n<meta property=\"og:site_name\" content=\"cosmetic.lv\" \/>\n<meta property=\"article:publisher\" content=\"https:\/\/www.facebook.com\/cosmetic.lv\/\" \/>\n<meta property=\"article:modified_time\" content=\"2021-02-06T17:50:52+00:00\" \/>\n<meta property=\"og:image\" content=\"https:\/\/cosmetic.lv\/wp-content\/uploads\/2021\/02\/arkadijaacukrems-uzturosa-kopsana.jpg\" \/>\n\t<meta property=\"og:image:width\" content=\"600\" \/>\n\t<meta property=\"og:image:height\" content=\"600\" \/>\n\t<meta property=\"og:image:type\" content=\"image\/jpeg\" \/>\n<meta name=\"twitter:card\" content=\"summary_large_image\" \/>\n<script type=\"application\/ld+json\" class=\"yoast-schema-graph\">{\"@context\":\"https:\/\/schema.org\",\"@graph\":[{\"@type\":\"WebPage\",\"@id\":\"https:\/\/cosmetic.lv\/lv\/product\/arkadija-acu-krems-uzturosa-kopsana-barosana-mitrinasana-asinsvadu-nostiprinasana-15-m\/\",\"url\":\"https:\/\/cosmetic.lv\/lv\/product\/arkadija-acu-krems-uzturosa-kopsana-barosana-mitrinasana-asinsvadu-nostiprinasana-15-m\/\",\"name\":\"Arkadija Acu kr\u0113ms - uzturo\u0161\u0101 kop\u0161ana Baro\u0161ana, mitrin\u0101\u0161ana, asinsvadu nostiprin\u0101\u0161ana (15 m - cosmetic.lv\",\"isPartOf\":{\"@id\":\"https:\/\/cosmetic.lv\/lv\/#website\"},\"primaryImageOfPage\":{\"@id\":\"https:\/\/cosmetic.lv\/lv\/product\/arkadija-acu-krems-uzturosa-kopsana-barosana-mitrinasana-asinsvadu-nostiprinasana-15-m\/#primaryimage\"},\"image\":{\"@id\":\"https:\/\/cosmetic.lv\/lv\/product\/arkadija-acu-krems-uzturosa-kopsana-barosana-mitrinasana-asinsvadu-nostiprinasana-15-m\/#primaryimage\"},\"thumbnailUrl\":\"https:\/\/cosmetic.lv\/wp-content\/uploads\/2021\/02\/arkadijaacukrems-uzturosa-kopsana.jpg\",\"datePublished\":\"2021-02-06T17:50:49+00:00\",\"dateModified\":\"2021-02-06T17:50:52+00:00\",\"breadcrumb\":{\"@id\":\"https:\/\/cosmetic.lv\/lv\/product\/arkadija-acu-krems-uzturosa-kopsana-barosana-mitrinasana-asinsvadu-nostiprinasana-15-m\/#breadcrumb\"},\"inLanguage\":\"lv-LV\",\"potentialAction\":[{\"@type\":\"ReadAction\",\"target\":[\"https:\/\/cosmetic.lv\/lv\/product\/arkadija-acu-krems-uzturosa-kopsana-barosana-mitrinasana-asinsvadu-nostiprinasana-15-m\/\"]}]},{\"@type\":\"ImageObject\",\"inLanguage\":\"lv-LV\",\"@id\":\"https:\/\/cosmetic.lv\/lv\/product\/arkadija-acu-krems-uzturosa-kopsana-barosana-mitrinasana-asinsvadu-nostiprinasana-15-m\/#primaryimage\",\"url\":\"https:\/\/cosmetic.lv\/wp-content\/uploads\/2021\/02\/arkadijaacukrems-uzturosa-kopsana.jpg\",\"contentUrl\":\"https:\/\/cosmetic.lv\/wp-content\/uploads\/2021\/02\/arkadijaacukrems-uzturosa-kopsana.jpg\",\"width\":600,\"height\":600,\"caption\":\"ARKADIJAacukrems-uzturosa-kopsana.jpg\"},{\"@type\":\"BreadcrumbList\",\"@id\":\"https:\/\/cosmetic.lv\/lv\/product\/arkadija-acu-krems-uzturosa-kopsana-barosana-mitrinasana-asinsvadu-nostiprinasana-15-m\/#breadcrumb\",\"itemListElement\":[{\"@type\":\"ListItem\",\"position\":1,\"name\":\"Home\",\"item\":\"https:\/\/cosmetic.lv\/lv\/\"},{\"@type\":\"ListItem\",\"position\":2,\"name\":\"Veikals\",\"item\":\"https:\/\/cosmetic.lv\/lv\/veiklas\/\"},{\"@type\":\"ListItem\",\"position\":3,\"name\":\"Arkadija Acu kr\u0113ms &#8212; uzturo\u0161\u0101 kop\u0161ana Baro\u0161ana, mitrin\u0101\u0161ana, asinsvadu nostiprin\u0101\u0161ana (15 m\"}]},{\"@type\":\"WebSite\",\"@id\":\"https:\/\/cosmetic.lv\/lv\/#website\",\"url\":\"https:\/\/cosmetic.lv\/lv\/\",\"name\":\"cosmetic.lv\",\"description\":\"Profesion\u0101la kosm\u0113tika - Maria Galland, Keune, Arkadija, GMT, Guam, Magiray\",\"publisher\":{\"@id\":\"https:\/\/cosmetic.lv\/lv\/#organization\"},\"potentialAction\":[{\"@type\":\"SearchAction\",\"target\":{\"@type\":\"EntryPoint\",\"urlTemplate\":\"https:\/\/cosmetic.lv\/lv\/?s={search_term_string}\"},\"query-input\":{\"@type\":\"PropertyValueSpecification\",\"valueRequired\":true,\"valueName\":\"search_term_string\"}}],\"inLanguage\":\"lv-LV\"},{\"@type\":\"Organization\",\"@id\":\"https:\/\/cosmetic.lv\/lv\/#organization\",\"name\":\"COSMETIC.LV\",\"url\":\"https:\/\/cosmetic.lv\/lv\/\",\"logo\":{\"@type\":\"ImageObject\",\"inLanguage\":\"lv-LV\",\"@id\":\"https:\/\/cosmetic.lv\/lv\/#\/schema\/logo\/image\/\",\"url\":\"https:\/\/cosmetic.lv\/wp-content\/uploads\/2021\/02\/cosmetic.lv_logo.jpg\",\"contentUrl\":\"https:\/\/cosmetic.lv\/wp-content\/uploads\/2021\/02\/cosmetic.lv_logo.jpg\",\"width\":596,\"height\":196,\"caption\":\"COSMETIC.LV\"},\"image\":{\"@id\":\"https:\/\/cosmetic.lv\/lv\/#\/schema\/logo\/image\/\"},\"sameAs\":[\"https:\/\/www.facebook.com\/cosmetic.lv\/\"]}]}<\/script>\n<meta property=\"product:price:amount\" content=\"33.53\" \/>\n<meta property=\"product:price:currency\" content=\"EUR\" \/>\n<meta property=\"og:availability\" content=\"out of stock\" \/>\n<meta property=\"product:availability\" content=\"out of stock\" \/>\n<meta property=\"product:retailer_item_id\" content=\"A063\" \/>\n<meta property=\"product:condition\" content=\"new\" \/>\n<!-- \/ Yoast SEO Premium plugin. -->","yoast_head_json":{"title":"Arkadija Acu kr\u0113ms - uzturo\u0161\u0101 kop\u0161ana Baro\u0161ana, mitrin\u0101\u0161ana, asinsvadu nostiprin\u0101\u0161ana (15 m - cosmetic.lv","robots":{"index":"index","follow":"follow","max-snippet":"max-snippet:-1","max-image-preview":"max-image-preview:large","max-video-preview":"max-video-preview:-1"},"canonical":"https:\/\/cosmetic.lv\/lv\/product\/arkadija-acu-krems-uzturosa-kopsana-barosana-mitrinasana-asinsvadu-nostiprinasana-15-m\/","og_locale":"lv_LV","og_type":"article","og_title":"Arkadija Acu kr\u0113ms - uzturo\u0161\u0101 kop\u0161ana Baro\u0161ana, mitrin\u0101\u0161ana, asinsvadu nostiprin\u0101\u0161ana (15 m","og_description":"Untitled document Acu kr\u0113ms &#8211; uzturo&scaron;\u0101 kop&scaron;ana (15 ml) Baro&scaron;ana, mitrin\u0101&scaron;ana, asinsvadu nostiprin\u0101&scaron;ana. Paredz\u0113ts maig\u0101s un jut\u012bg\u0101s acu zonas \u0101das","og_url":"https:\/\/cosmetic.lv\/lv\/product\/arkadija-acu-krems-uzturosa-kopsana-barosana-mitrinasana-asinsvadu-nostiprinasana-15-m\/","og_site_name":"cosmetic.lv","article_publisher":"https:\/\/www.facebook.com\/cosmetic.lv\/","article_modified_time":"2021-02-06T17:50:52+00:00","og_image":[{"width":600,"height":600,"url":"https:\/\/cosmetic.lv\/wp-content\/uploads\/2021\/02\/arkadijaacukrems-uzturosa-kopsana.jpg","type":"image\/jpeg"}],"twitter_card":"summary_large_image","schema":{"@context":"https:\/\/schema.org","@graph":[{"@type":"WebPage","@id":"https:\/\/cosmetic.lv\/lv\/product\/arkadija-acu-krems-uzturosa-kopsana-barosana-mitrinasana-asinsvadu-nostiprinasana-15-m\/","url":"https:\/\/cosmetic.lv\/lv\/product\/arkadija-acu-krems-uzturosa-kopsana-barosana-mitrinasana-asinsvadu-nostiprinasana-15-m\/","name":"Arkadija Acu kr\u0113ms - uzturo\u0161\u0101 kop\u0161ana Baro\u0161ana, mitrin\u0101\u0161ana, asinsvadu nostiprin\u0101\u0161ana (15 m - cosmetic.lv","isPartOf":{"@id":"https:\/\/cosmetic.lv\/lv\/#website"},"primaryImageOfPage":{"@id":"https:\/\/cosmetic.lv\/lv\/product\/arkadija-acu-krems-uzturosa-kopsana-barosana-mitrinasana-asinsvadu-nostiprinasana-15-m\/#primaryimage"},"image":{"@id":"https:\/\/cosmetic.lv\/lv\/product\/arkadija-acu-krems-uzturosa-kopsana-barosana-mitrinasana-asinsvadu-nostiprinasana-15-m\/#primaryimage"},"thumbnailUrl":"https:\/\/cosmetic.lv\/wp-content\/uploads\/2021\/02\/arkadijaacukrems-uzturosa-kopsana.jpg","datePublished":"2021-02-06T17:50:49+00:00","dateModified":"2021-02-06T17:50:52+00:00","breadcrumb":{"@id":"https:\/\/cosmetic.lv\/lv\/product\/arkadija-acu-krems-uzturosa-kopsana-barosana-mitrinasana-asinsvadu-nostiprinasana-15-m\/#breadcrumb"},"inLanguage":"lv-LV","potentialAction":[{"@type":"ReadAction","target":["https:\/\/cosmetic.lv\/lv\/product\/arkadija-acu-krems-uzturosa-kopsana-barosana-mitrinasana-asinsvadu-nostiprinasana-15-m\/"]}]},{"@type":"ImageObject","inLanguage":"lv-LV","@id":"https:\/\/cosmetic.lv\/lv\/product\/arkadija-acu-krems-uzturosa-kopsana-barosana-mitrinasana-asinsvadu-nostiprinasana-15-m\/#primaryimage","url":"https:\/\/cosmetic.lv\/wp-content\/uploads\/2021\/02\/arkadijaacukrems-uzturosa-kopsana.jpg","contentUrl":"https:\/\/cosmetic.lv\/wp-content\/uploads\/2021\/02\/arkadijaacukrems-uzturosa-kopsana.jpg","width":600,"height":600,"caption":"ARKADIJAacukrems-uzturosa-kopsana.jpg"},{"@type":"BreadcrumbList","@id":"https:\/\/cosmetic.lv\/lv\/product\/arkadija-acu-krems-uzturosa-kopsana-barosana-mitrinasana-asinsvadu-nostiprinasana-15-m\/#breadcrumb","itemListElement":[{"@type":"ListItem","position":1,"name":"Home","item":"https:\/\/cosmetic.lv\/lv\/"},{"@type":"ListItem","position":2,"name":"Veikals","item":"https:\/\/cosmetic.lv\/lv\/veiklas\/"},{"@type":"ListItem","position":3,"name":"Arkadija Acu kr\u0113ms &#8212; uzturo\u0161\u0101 kop\u0161ana Baro\u0161ana, mitrin\u0101\u0161ana, asinsvadu nostiprin\u0101\u0161ana (15 m"}]},{"@type":"WebSite","@id":"https:\/\/cosmetic.lv\/lv\/#website","url":"https:\/\/cosmetic.lv\/lv\/","name":"cosmetic.lv","description":"Profesion\u0101la kosm\u0113tika - Maria Galland, Keune, Arkadija, GMT, Guam, Magiray","publisher":{"@id":"https:\/\/cosmetic.lv\/lv\/#organization"},"potentialAction":[{"@type":"SearchAction","target":{"@type":"EntryPoint","urlTemplate":"https:\/\/cosmetic.lv\/lv\/?s={search_term_string}"},"query-input":{"@type":"PropertyValueSpecification","valueRequired":true,"valueName":"search_term_string"}}],"inLanguage":"lv-LV"},{"@type":"Organization","@id":"https:\/\/cosmetic.lv\/lv\/#organization","name":"COSMETIC.LV","url":"https:\/\/cosmetic.lv\/lv\/","logo":{"@type":"ImageObject","inLanguage":"lv-LV","@id":"https:\/\/cosmetic.lv\/lv\/#\/schema\/logo\/image\/","url":"https:\/\/cosmetic.lv\/wp-content\/uploads\/2021\/02\/cosmetic.lv_logo.jpg","contentUrl":"https:\/\/cosmetic.lv\/wp-content\/uploads\/2021\/02\/cosmetic.lv_logo.jpg","width":596,"height":196,"caption":"COSMETIC.LV"},"image":{"@id":"https:\/\/cosmetic.lv\/lv\/#\/schema\/logo\/image\/"},"sameAs":["https:\/\/www.facebook.com\/cosmetic.lv\/"]}]},"product_price_amount":"33.53","product_price_currency":"EUR","og_availability":"out of stock","product_availability":"out of stock","product_retailer_item_id":"A063","product_condition":"new"},"_links":{"self":[{"href":"https:\/\/cosmetic.lv\/lv\/wp-json\/wp\/v2\/product\/34278","targetHints":{"allow":["GET"]}}],"collection":[{"href":"https:\/\/cosmetic.lv\/lv\/wp-json\/wp\/v2\/product"}],"about":[{"href":"https:\/\/cosmetic.lv\/lv\/wp-json\/wp\/v2\/types\/product"}],"wp:featuredmedia":[{"embeddable":true,"href":"https:\/\/cosmetic.lv\/lv\/wp-json\/wp\/v2\/media\/9513"}],"wp:attachment":[{"href":"https:\/\/cosmetic.lv\/lv\/wp-json\/wp\/v2\/media?parent=34278"}],"wp:term":[{"taxonomy":"product_brand","embeddable":true,"href":"https:\/\/cosmetic.lv\/lv\/wp-json\/wp\/v2\/product_brand?post=34278"},{"taxonomy":"product_cat","embeddable":true,"href":"https:\/\/cosmetic.lv\/lv\/wp-json\/wp\/v2\/product_cat?post=34278"},{"taxonomy":"product_tag","embeddable":true,"href":"https:\/\/cosmetic.lv\/lv\/wp-json\/wp\/v2\/product_tag?post=34278"}],"curies":[{"name":"wp","href":"https:\/\/api.w.org\/{rel}","templated":true}]}}