{"id":34281,"date":"2021-02-05T22:40:24","date_gmt":"2021-02-06T17:50:49","guid":{"rendered":"https:\/\/damme.lv\/product\/arkadija-serums-sensory-nonem-hiperjutigumu-kairinajumu-15-ml\/"},"modified":"2021-02-06T19:50:54","modified_gmt":"2021-02-06T17:50:54","slug":"arkadija-serums-sensory-nonem-hiperjutigumu-kairinajumu-15-ml","status":"publish","type":"product","link":"https:\/\/cosmetic.lv\/lv\/product\/arkadija-serums-sensory-nonem-hiperjutigumu-kairinajumu-15-ml\/","title":{"rendered":"Arkadija Serums \u201eSensory\u201d no\u0146em hiperjut\u012bgumu, kairin\u0101jumu 15 ml"},"content":{"rendered":"<p><!DOCTYPE html PUBLIC &quot;-\/\/W3C\/\/DTD XHTML 1.0 Transitional\/\/EN&quot; &quot;http:\/\/www.w3.org\/TR\/xhtml1\/DTD\/xhtml1-transitional.dtd&quot;><br \/>\n<html><br \/>\n<head><br \/>\n<title>Untitled document<\/title><br \/>\n<\/head><br \/>\n<body><\/p>\n<p>Serums &bdquo;Sensory&rdquo; &#8211; inov\u0101cija, kas caur nervu galiem iedarbojas uz \u0101du .<br \/>&nbsp;Seruma darbojo&scaron;ais pamatkomponents ir neitrazens &ndash; palmitoiltripept\u012bds, kur&scaron; uztur norm\u0101lu jut\u012bga \u0101das slieksni, no\u0146em kairin\u0101jumu un neitraliz\u0113 aps\u0101rtumu. Neitrazens ar\u012b mazina asinsvadu caurlaid\u012bbu un tam ir sp\u0113c\u012bga pretiekaisuma iedarb\u012bba. Fitoplacenta regul\u0113 im\u016bnos, vielmai\u0146as un ener\u0123\u0113tiskos procesus, tai piem\u012bt ar\u012b antioksid\u0113jo&scaron;a iedarb\u012bba. Hialuronsk\u0101be normaliz\u0113 \u016bdens balansu. &beta;-1,3-gluk\u0101ns stimul\u0113 \u0101das atjauno&scaron;anos, paaugstina preto&scaron;anos mikroorganismiem. Lakricas ekstrakts izl\u012bdzina \u0101das toni.<br \/>&nbsp;Viena no &scaron;\u012b seruma \u012bpa&scaron;\u012bb\u0101m &ndash; komforta saj\u016bta, kura rodas uzkl\u0101&scaron;anas laik\u0101. Serums no\u0146em hiperjut\u012bgumu, kairin\u0101jumu, tam ir mitrino&scaron;a un imunomodul\u0113jo&scaron;a iedarb\u012bba.<br \/>&nbsp;Lietot: uz iepriek&scaron; att\u012br\u012btas sejas \u0101das vienm\u0113r\u012bgi uzkl\u0101t nelielu daudzumu seruma, p\u0113c tam uzkl\u0101t \u0101das tipam atbilsto&scaron;u kr\u0113mu.<\/p>\n<p>15 ml<\/p>\n<p><\/body><br \/>\n<\/html><\/p>\n","protected":false},"excerpt":{"rendered":"<p>Untitled document Serums &bdquo;Sensory&rdquo; &#8211; inov\u0101cija, kas caur nervu galiem iedarbojas uz \u0101du .&nbsp;Seruma darbojo&scaron;ais pamatkomponents ir neitrazens &ndash; palmitoiltripept\u012bds,<\/p>\n","protected":false},"featured_media":9522,"template":"","meta":[],"product_brand":[],"product_cat":[2273,2278,2284],"product_tag":[],"class_list":{"0":"post-34281","1":"product","2":"type-product","3":"status-publish","4":"has-post-thumbnail","6":"product_cat-profesionala-kosmetika-sejai-un-kermenim-lv","7":"product_cat-labaratorijas-kosmetika-arkadija-izstrada-luks-klases-kosmetiku-lv","8":"product_cat-serumi-un-koncentrati-lv","10":"first","11":"outofstock","12":"sale","13":"taxable","14":"shipping-taxable","15":"purchasable","16":"product-type-simple"},"yoast_head":"<!-- This site is optimized with the Yoast SEO Premium plugin v27.0 (Yoast SEO v27.0) - https:\/\/yoast.com\/product\/yoast-seo-premium-wordpress\/ -->\n<title>Arkadija Serums \u201eSensory\u201d no\u0146em hiperjut\u012bgumu, kairin\u0101jumu 15 ml - cosmetic.lv<\/title>\n<meta name=\"robots\" content=\"index, follow, max-snippet:-1, max-image-preview:large, max-video-preview:-1\" \/>\n<link rel=\"canonical\" href=\"https:\/\/cosmetic.lv\/lv\/product\/arkadija-serums-sensory-nonem-hiperjutigumu-kairinajumu-15-ml\/\" \/>\n<meta property=\"og:locale\" content=\"lv_LV\" \/>\n<meta property=\"og:type\" content=\"article\" \/>\n<meta property=\"og:title\" content=\"Arkadija Serums \u201eSensory\u201d no\u0146em hiperjut\u012bgumu, kairin\u0101jumu 15 ml\" \/>\n<meta property=\"og:description\" content=\"Untitled document Serums &bdquo;Sensory&rdquo; &#8211; inov\u0101cija, kas caur nervu galiem iedarbojas uz \u0101du .&nbsp;Seruma darbojo&scaron;ais pamatkomponents ir neitrazens &ndash; palmitoiltripept\u012bds,\" \/>\n<meta property=\"og:url\" content=\"https:\/\/cosmetic.lv\/lv\/product\/arkadija-serums-sensory-nonem-hiperjutigumu-kairinajumu-15-ml\/\" \/>\n<meta property=\"og:site_name\" content=\"cosmetic.lv\" \/>\n<meta property=\"article:publisher\" content=\"https:\/\/www.facebook.com\/cosmetic.lv\/\" \/>\n<meta property=\"article:modified_time\" content=\"2021-02-06T17:50:54+00:00\" \/>\n<meta property=\"og:image\" content=\"https:\/\/cosmetic.lv\/wp-content\/uploads\/2021\/02\/arkadijaerums-sensory.jpg\" \/>\n\t<meta property=\"og:image:width\" content=\"600\" \/>\n\t<meta property=\"og:image:height\" content=\"600\" \/>\n\t<meta property=\"og:image:type\" content=\"image\/jpeg\" \/>\n<meta name=\"twitter:card\" content=\"summary_large_image\" \/>\n<script type=\"application\/ld+json\" class=\"yoast-schema-graph\">{\"@context\":\"https:\/\/schema.org\",\"@graph\":[{\"@type\":\"WebPage\",\"@id\":\"https:\/\/cosmetic.lv\/lv\/product\/arkadija-serums-sensory-nonem-hiperjutigumu-kairinajumu-15-ml\/\",\"url\":\"https:\/\/cosmetic.lv\/lv\/product\/arkadija-serums-sensory-nonem-hiperjutigumu-kairinajumu-15-ml\/\",\"name\":\"Arkadija Serums \u201eSensory\u201d no\u0146em hiperjut\u012bgumu, kairin\u0101jumu 15 ml - cosmetic.lv\",\"isPartOf\":{\"@id\":\"https:\/\/cosmetic.lv\/lv\/#website\"},\"primaryImageOfPage\":{\"@id\":\"https:\/\/cosmetic.lv\/lv\/product\/arkadija-serums-sensory-nonem-hiperjutigumu-kairinajumu-15-ml\/#primaryimage\"},\"image\":{\"@id\":\"https:\/\/cosmetic.lv\/lv\/product\/arkadija-serums-sensory-nonem-hiperjutigumu-kairinajumu-15-ml\/#primaryimage\"},\"thumbnailUrl\":\"https:\/\/cosmetic.lv\/wp-content\/uploads\/2021\/02\/arkadijaerums-sensory.jpg\",\"datePublished\":\"2021-02-06T17:50:49+00:00\",\"dateModified\":\"2021-02-06T17:50:54+00:00\",\"breadcrumb\":{\"@id\":\"https:\/\/cosmetic.lv\/lv\/product\/arkadija-serums-sensory-nonem-hiperjutigumu-kairinajumu-15-ml\/#breadcrumb\"},\"inLanguage\":\"lv-LV\",\"potentialAction\":[{\"@type\":\"ReadAction\",\"target\":[\"https:\/\/cosmetic.lv\/lv\/product\/arkadija-serums-sensory-nonem-hiperjutigumu-kairinajumu-15-ml\/\"]}]},{\"@type\":\"ImageObject\",\"inLanguage\":\"lv-LV\",\"@id\":\"https:\/\/cosmetic.lv\/lv\/product\/arkadija-serums-sensory-nonem-hiperjutigumu-kairinajumu-15-ml\/#primaryimage\",\"url\":\"https:\/\/cosmetic.lv\/wp-content\/uploads\/2021\/02\/arkadijaerums-sensory.jpg\",\"contentUrl\":\"https:\/\/cosmetic.lv\/wp-content\/uploads\/2021\/02\/arkadijaerums-sensory.jpg\",\"width\":600,\"height\":600,\"caption\":\"arkadijaerums-Sensory.jpg\"},{\"@type\":\"BreadcrumbList\",\"@id\":\"https:\/\/cosmetic.lv\/lv\/product\/arkadija-serums-sensory-nonem-hiperjutigumu-kairinajumu-15-ml\/#breadcrumb\",\"itemListElement\":[{\"@type\":\"ListItem\",\"position\":1,\"name\":\"Home\",\"item\":\"https:\/\/cosmetic.lv\/lv\/\"},{\"@type\":\"ListItem\",\"position\":2,\"name\":\"Veikals\",\"item\":\"https:\/\/cosmetic.lv\/lv\/veiklas\/\"},{\"@type\":\"ListItem\",\"position\":3,\"name\":\"Arkadija Serums \u201eSensory\u201d no\u0146em hiperjut\u012bgumu, kairin\u0101jumu 15 ml\"}]},{\"@type\":\"WebSite\",\"@id\":\"https:\/\/cosmetic.lv\/lv\/#website\",\"url\":\"https:\/\/cosmetic.lv\/lv\/\",\"name\":\"cosmetic.lv\",\"description\":\"Profesion\u0101la kosm\u0113tika - Maria Galland, Keune, Arkadija, GMT, Guam, Magiray\",\"publisher\":{\"@id\":\"https:\/\/cosmetic.lv\/lv\/#organization\"},\"potentialAction\":[{\"@type\":\"SearchAction\",\"target\":{\"@type\":\"EntryPoint\",\"urlTemplate\":\"https:\/\/cosmetic.lv\/lv\/?s={search_term_string}\"},\"query-input\":{\"@type\":\"PropertyValueSpecification\",\"valueRequired\":true,\"valueName\":\"search_term_string\"}}],\"inLanguage\":\"lv-LV\"},{\"@type\":\"Organization\",\"@id\":\"https:\/\/cosmetic.lv\/lv\/#organization\",\"name\":\"COSMETIC.LV\",\"url\":\"https:\/\/cosmetic.lv\/lv\/\",\"logo\":{\"@type\":\"ImageObject\",\"inLanguage\":\"lv-LV\",\"@id\":\"https:\/\/cosmetic.lv\/lv\/#\/schema\/logo\/image\/\",\"url\":\"https:\/\/cosmetic.lv\/wp-content\/uploads\/2021\/02\/cosmetic.lv_logo.jpg\",\"contentUrl\":\"https:\/\/cosmetic.lv\/wp-content\/uploads\/2021\/02\/cosmetic.lv_logo.jpg\",\"width\":596,\"height\":196,\"caption\":\"COSMETIC.LV\"},\"image\":{\"@id\":\"https:\/\/cosmetic.lv\/lv\/#\/schema\/logo\/image\/\"},\"sameAs\":[\"https:\/\/www.facebook.com\/cosmetic.lv\/\"]}]}<\/script>\n<meta property=\"product:price:amount\" content=\"28.74\" \/>\n<meta property=\"product:price:currency\" content=\"EUR\" \/>\n<meta property=\"og:availability\" content=\"out of stock\" \/>\n<meta property=\"product:availability\" content=\"out of stock\" \/>\n<meta property=\"product:retailer_item_id\" content=\"A046\" \/>\n<meta property=\"product:condition\" content=\"new\" \/>\n<!-- \/ Yoast SEO Premium plugin. -->","yoast_head_json":{"title":"Arkadija Serums \u201eSensory\u201d no\u0146em hiperjut\u012bgumu, kairin\u0101jumu 15 ml - cosmetic.lv","robots":{"index":"index","follow":"follow","max-snippet":"max-snippet:-1","max-image-preview":"max-image-preview:large","max-video-preview":"max-video-preview:-1"},"canonical":"https:\/\/cosmetic.lv\/lv\/product\/arkadija-serums-sensory-nonem-hiperjutigumu-kairinajumu-15-ml\/","og_locale":"lv_LV","og_type":"article","og_title":"Arkadija Serums \u201eSensory\u201d no\u0146em hiperjut\u012bgumu, kairin\u0101jumu 15 ml","og_description":"Untitled document Serums &bdquo;Sensory&rdquo; &#8211; inov\u0101cija, kas caur nervu galiem iedarbojas uz \u0101du .&nbsp;Seruma darbojo&scaron;ais pamatkomponents ir neitrazens &ndash; palmitoiltripept\u012bds,","og_url":"https:\/\/cosmetic.lv\/lv\/product\/arkadija-serums-sensory-nonem-hiperjutigumu-kairinajumu-15-ml\/","og_site_name":"cosmetic.lv","article_publisher":"https:\/\/www.facebook.com\/cosmetic.lv\/","article_modified_time":"2021-02-06T17:50:54+00:00","og_image":[{"width":600,"height":600,"url":"https:\/\/cosmetic.lv\/wp-content\/uploads\/2021\/02\/arkadijaerums-sensory.jpg","type":"image\/jpeg"}],"twitter_card":"summary_large_image","schema":{"@context":"https:\/\/schema.org","@graph":[{"@type":"WebPage","@id":"https:\/\/cosmetic.lv\/lv\/product\/arkadija-serums-sensory-nonem-hiperjutigumu-kairinajumu-15-ml\/","url":"https:\/\/cosmetic.lv\/lv\/product\/arkadija-serums-sensory-nonem-hiperjutigumu-kairinajumu-15-ml\/","name":"Arkadija Serums \u201eSensory\u201d no\u0146em hiperjut\u012bgumu, kairin\u0101jumu 15 ml - cosmetic.lv","isPartOf":{"@id":"https:\/\/cosmetic.lv\/lv\/#website"},"primaryImageOfPage":{"@id":"https:\/\/cosmetic.lv\/lv\/product\/arkadija-serums-sensory-nonem-hiperjutigumu-kairinajumu-15-ml\/#primaryimage"},"image":{"@id":"https:\/\/cosmetic.lv\/lv\/product\/arkadija-serums-sensory-nonem-hiperjutigumu-kairinajumu-15-ml\/#primaryimage"},"thumbnailUrl":"https:\/\/cosmetic.lv\/wp-content\/uploads\/2021\/02\/arkadijaerums-sensory.jpg","datePublished":"2021-02-06T17:50:49+00:00","dateModified":"2021-02-06T17:50:54+00:00","breadcrumb":{"@id":"https:\/\/cosmetic.lv\/lv\/product\/arkadija-serums-sensory-nonem-hiperjutigumu-kairinajumu-15-ml\/#breadcrumb"},"inLanguage":"lv-LV","potentialAction":[{"@type":"ReadAction","target":["https:\/\/cosmetic.lv\/lv\/product\/arkadija-serums-sensory-nonem-hiperjutigumu-kairinajumu-15-ml\/"]}]},{"@type":"ImageObject","inLanguage":"lv-LV","@id":"https:\/\/cosmetic.lv\/lv\/product\/arkadija-serums-sensory-nonem-hiperjutigumu-kairinajumu-15-ml\/#primaryimage","url":"https:\/\/cosmetic.lv\/wp-content\/uploads\/2021\/02\/arkadijaerums-sensory.jpg","contentUrl":"https:\/\/cosmetic.lv\/wp-content\/uploads\/2021\/02\/arkadijaerums-sensory.jpg","width":600,"height":600,"caption":"arkadijaerums-Sensory.jpg"},{"@type":"BreadcrumbList","@id":"https:\/\/cosmetic.lv\/lv\/product\/arkadija-serums-sensory-nonem-hiperjutigumu-kairinajumu-15-ml\/#breadcrumb","itemListElement":[{"@type":"ListItem","position":1,"name":"Home","item":"https:\/\/cosmetic.lv\/lv\/"},{"@type":"ListItem","position":2,"name":"Veikals","item":"https:\/\/cosmetic.lv\/lv\/veiklas\/"},{"@type":"ListItem","position":3,"name":"Arkadija Serums \u201eSensory\u201d no\u0146em hiperjut\u012bgumu, kairin\u0101jumu 15 ml"}]},{"@type":"WebSite","@id":"https:\/\/cosmetic.lv\/lv\/#website","url":"https:\/\/cosmetic.lv\/lv\/","name":"cosmetic.lv","description":"Profesion\u0101la kosm\u0113tika - Maria Galland, Keune, Arkadija, GMT, Guam, Magiray","publisher":{"@id":"https:\/\/cosmetic.lv\/lv\/#organization"},"potentialAction":[{"@type":"SearchAction","target":{"@type":"EntryPoint","urlTemplate":"https:\/\/cosmetic.lv\/lv\/?s={search_term_string}"},"query-input":{"@type":"PropertyValueSpecification","valueRequired":true,"valueName":"search_term_string"}}],"inLanguage":"lv-LV"},{"@type":"Organization","@id":"https:\/\/cosmetic.lv\/lv\/#organization","name":"COSMETIC.LV","url":"https:\/\/cosmetic.lv\/lv\/","logo":{"@type":"ImageObject","inLanguage":"lv-LV","@id":"https:\/\/cosmetic.lv\/lv\/#\/schema\/logo\/image\/","url":"https:\/\/cosmetic.lv\/wp-content\/uploads\/2021\/02\/cosmetic.lv_logo.jpg","contentUrl":"https:\/\/cosmetic.lv\/wp-content\/uploads\/2021\/02\/cosmetic.lv_logo.jpg","width":596,"height":196,"caption":"COSMETIC.LV"},"image":{"@id":"https:\/\/cosmetic.lv\/lv\/#\/schema\/logo\/image\/"},"sameAs":["https:\/\/www.facebook.com\/cosmetic.lv\/"]}]},"product_price_amount":"28.74","product_price_currency":"EUR","og_availability":"out of stock","product_availability":"out of stock","product_retailer_item_id":"A046","product_condition":"new"},"_links":{"self":[{"href":"https:\/\/cosmetic.lv\/lv\/wp-json\/wp\/v2\/product\/34281","targetHints":{"allow":["GET"]}}],"collection":[{"href":"https:\/\/cosmetic.lv\/lv\/wp-json\/wp\/v2\/product"}],"about":[{"href":"https:\/\/cosmetic.lv\/lv\/wp-json\/wp\/v2\/types\/product"}],"wp:featuredmedia":[{"embeddable":true,"href":"https:\/\/cosmetic.lv\/lv\/wp-json\/wp\/v2\/media\/9522"}],"wp:attachment":[{"href":"https:\/\/cosmetic.lv\/lv\/wp-json\/wp\/v2\/media?parent=34281"}],"wp:term":[{"taxonomy":"product_brand","embeddable":true,"href":"https:\/\/cosmetic.lv\/lv\/wp-json\/wp\/v2\/product_brand?post=34281"},{"taxonomy":"product_cat","embeddable":true,"href":"https:\/\/cosmetic.lv\/lv\/wp-json\/wp\/v2\/product_cat?post=34281"},{"taxonomy":"product_tag","embeddable":true,"href":"https:\/\/cosmetic.lv\/lv\/wp-json\/wp\/v2\/product_tag?post=34281"}],"curies":[{"name":"wp","href":"https:\/\/api.w.org\/{rel}","templated":true}]}}