{"id":34295,"date":"2021-02-05T22:40:35","date_gmt":"2021-02-06T17:51:05","guid":{"rendered":"https:\/\/damme.lv\/product\/vivasan-mazkaloriju-toniks-ledus-teja-citro\/"},"modified":"2021-02-06T19:51:06","modified_gmt":"2021-02-06T17:51:06","slug":"vivasan-mazkaloriju-toniks-ledus-teja-citro","status":"publish","type":"product","link":"https:\/\/cosmetic.lv\/lv\/product\/vivasan-mazkaloriju-toniks-ledus-teja-citro\/","title":{"rendered":"VIVASAN Mazkaloriju Toniks Ledus t\u0113ja Citro"},"content":{"rendered":"<p><P>Mazkaloriju Toniks Ledus t\u0113ja Citro <BR>Sl\u0101pes-dz\u0113s\u0113jo\u0161a&nbsp;t\u0113ja pal\u012bdz atbr\u012bvoties no&nbsp;noguruma un uzlabotu fizisku sp\u0113ju.. <BR>&nbsp; <\/P><br \/>\n<P>Sast\u0101vs <BR>&nbsp; <\/P><br \/>\n<P>v\u012bnogu cukurs (glikoze), cukurs, sk\u0101bin\u0101t\u0101js (citronsk\u0101be), ekstrakts meln\u0101 t\u0113ja (4.3%), citronu sula pulveris (1,8%), kr\u0101sviela (E-150D), dab\u012bg\u0101 citrona arom\u0101ts, saldin\u0101t\u0101ji (Na-ciklam\u0101ts, Na-sahar\u012bna ). <\/P><br \/>\n<P>600 gr<\/P><\/p>\n","protected":false},"excerpt":{"rendered":"<p>Mazkaloriju Toniks Ledus t\u0113ja Citro Sl\u0101pes-dz\u0113s\u0113jo\u0161a&nbsp;t\u0113ja pal\u012bdz atbr\u012bvoties no&nbsp;noguruma un uzlabotu fizisku sp\u0113ju.. &nbsp; Sast\u0101vs &nbsp; v\u012bnogu cukurs (glikoze), cukurs,<\/p>\n","protected":false},"featured_media":16244,"template":"","meta":[],"product_brand":[],"product_cat":[2199],"product_tag":[],"class_list":{"0":"post-34295","1":"product","2":"type-product","3":"status-publish","4":"has-post-thumbnail","6":"product_cat-veseligs-uzsturs-lv","8":"first","9":"outofstock","10":"sale","11":"taxable","12":"shipping-taxable","13":"purchasable","14":"product-type-simple"},"yoast_head":"<!-- This site is optimized with the Yoast SEO Premium plugin v27.0 (Yoast SEO v27.0) - https:\/\/yoast.com\/product\/yoast-seo-premium-wordpress\/ -->\n<title>VIVASAN Mazkaloriju Toniks Ledus t\u0113ja Citro - cosmetic.lv<\/title>\n<meta name=\"robots\" content=\"index, follow, max-snippet:-1, max-image-preview:large, max-video-preview:-1\" \/>\n<link rel=\"canonical\" href=\"https:\/\/cosmetic.lv\/lv\/product\/vivasan-mazkaloriju-toniks-ledus-teja-citro\/\" \/>\n<meta property=\"og:locale\" content=\"lv_LV\" \/>\n<meta property=\"og:type\" content=\"article\" \/>\n<meta property=\"og:title\" content=\"VIVASAN Mazkaloriju Toniks Ledus t\u0113ja Citro\" \/>\n<meta property=\"og:description\" content=\"Mazkaloriju Toniks Ledus t\u0113ja Citro Sl\u0101pes-dz\u0113s\u0113jo\u0161a&nbsp;t\u0113ja pal\u012bdz atbr\u012bvoties no&nbsp;noguruma un uzlabotu fizisku sp\u0113ju.. &nbsp; Sast\u0101vs &nbsp; v\u012bnogu cukurs (glikoze), cukurs,\" \/>\n<meta property=\"og:url\" content=\"https:\/\/cosmetic.lv\/lv\/product\/vivasan-mazkaloriju-toniks-ledus-teja-citro\/\" \/>\n<meta property=\"og:site_name\" content=\"cosmetic.lv\" \/>\n<meta property=\"article:publisher\" content=\"https:\/\/www.facebook.com\/cosmetic.lv\/\" \/>\n<meta property=\"article:modified_time\" content=\"2021-02-06T17:51:06+00:00\" \/>\n<meta property=\"og:image\" content=\"https:\/\/cosmetic.lv\/wp-content\/uploads\/2021\/02\/chayviv-4.jpg\" \/>\n\t<meta property=\"og:image:width\" content=\"150\" \/>\n\t<meta property=\"og:image:height\" content=\"212\" \/>\n\t<meta property=\"og:image:type\" content=\"image\/jpeg\" \/>\n<meta name=\"twitter:card\" content=\"summary_large_image\" \/>\n<script type=\"application\/ld+json\" class=\"yoast-schema-graph\">{\"@context\":\"https:\/\/schema.org\",\"@graph\":[{\"@type\":\"WebPage\",\"@id\":\"https:\/\/cosmetic.lv\/lv\/product\/vivasan-mazkaloriju-toniks-ledus-teja-citro\/\",\"url\":\"https:\/\/cosmetic.lv\/lv\/product\/vivasan-mazkaloriju-toniks-ledus-teja-citro\/\",\"name\":\"VIVASAN Mazkaloriju Toniks Ledus t\u0113ja Citro - cosmetic.lv\",\"isPartOf\":{\"@id\":\"https:\/\/cosmetic.lv\/lv\/#website\"},\"primaryImageOfPage\":{\"@id\":\"https:\/\/cosmetic.lv\/lv\/product\/vivasan-mazkaloriju-toniks-ledus-teja-citro\/#primaryimage\"},\"image\":{\"@id\":\"https:\/\/cosmetic.lv\/lv\/product\/vivasan-mazkaloriju-toniks-ledus-teja-citro\/#primaryimage\"},\"thumbnailUrl\":\"https:\/\/cosmetic.lv\/wp-content\/uploads\/2021\/02\/chayviv-4.jpg\",\"datePublished\":\"2021-02-06T17:51:05+00:00\",\"dateModified\":\"2021-02-06T17:51:06+00:00\",\"breadcrumb\":{\"@id\":\"https:\/\/cosmetic.lv\/lv\/product\/vivasan-mazkaloriju-toniks-ledus-teja-citro\/#breadcrumb\"},\"inLanguage\":\"lv-LV\",\"potentialAction\":[{\"@type\":\"ReadAction\",\"target\":[\"https:\/\/cosmetic.lv\/lv\/product\/vivasan-mazkaloriju-toniks-ledus-teja-citro\/\"]}]},{\"@type\":\"ImageObject\",\"inLanguage\":\"lv-LV\",\"@id\":\"https:\/\/cosmetic.lv\/lv\/product\/vivasan-mazkaloriju-toniks-ledus-teja-citro\/#primaryimage\",\"url\":\"https:\/\/cosmetic.lv\/wp-content\/uploads\/2021\/02\/chayviv-4.jpg\",\"contentUrl\":\"https:\/\/cosmetic.lv\/wp-content\/uploads\/2021\/02\/chayviv-4.jpg\",\"width\":150,\"height\":212,\"caption\":\"chayviv.jpg\"},{\"@type\":\"BreadcrumbList\",\"@id\":\"https:\/\/cosmetic.lv\/lv\/product\/vivasan-mazkaloriju-toniks-ledus-teja-citro\/#breadcrumb\",\"itemListElement\":[{\"@type\":\"ListItem\",\"position\":1,\"name\":\"Home\",\"item\":\"https:\/\/cosmetic.lv\/lv\/\"},{\"@type\":\"ListItem\",\"position\":2,\"name\":\"Veikals\",\"item\":\"https:\/\/cosmetic.lv\/lv\/veiklas\/\"},{\"@type\":\"ListItem\",\"position\":3,\"name\":\"VIVASAN Mazkaloriju Toniks Ledus t\u0113ja Citro\"}]},{\"@type\":\"WebSite\",\"@id\":\"https:\/\/cosmetic.lv\/lv\/#website\",\"url\":\"https:\/\/cosmetic.lv\/lv\/\",\"name\":\"cosmetic.lv\",\"description\":\"Profesion\u0101la kosm\u0113tika - Maria Galland, Keune, Arkadija, GMT, Guam, Magiray\",\"publisher\":{\"@id\":\"https:\/\/cosmetic.lv\/lv\/#organization\"},\"potentialAction\":[{\"@type\":\"SearchAction\",\"target\":{\"@type\":\"EntryPoint\",\"urlTemplate\":\"https:\/\/cosmetic.lv\/lv\/?s={search_term_string}\"},\"query-input\":{\"@type\":\"PropertyValueSpecification\",\"valueRequired\":true,\"valueName\":\"search_term_string\"}}],\"inLanguage\":\"lv-LV\"},{\"@type\":\"Organization\",\"@id\":\"https:\/\/cosmetic.lv\/lv\/#organization\",\"name\":\"COSMETIC.LV\",\"url\":\"https:\/\/cosmetic.lv\/lv\/\",\"logo\":{\"@type\":\"ImageObject\",\"inLanguage\":\"lv-LV\",\"@id\":\"https:\/\/cosmetic.lv\/lv\/#\/schema\/logo\/image\/\",\"url\":\"https:\/\/cosmetic.lv\/wp-content\/uploads\/2021\/02\/cosmetic.lv_logo.jpg\",\"contentUrl\":\"https:\/\/cosmetic.lv\/wp-content\/uploads\/2021\/02\/cosmetic.lv_logo.jpg\",\"width\":596,\"height\":196,\"caption\":\"COSMETIC.LV\"},\"image\":{\"@id\":\"https:\/\/cosmetic.lv\/lv\/#\/schema\/logo\/image\/\"},\"sameAs\":[\"https:\/\/www.facebook.com\/cosmetic.lv\/\"]}]}<\/script>\n<meta property=\"product:price:amount\" content=\"34.84\" \/>\n<meta property=\"product:price:currency\" content=\"EUR\" \/>\n<meta property=\"og:availability\" content=\"out of stock\" \/>\n<meta property=\"product:availability\" content=\"out of stock\" \/>\n<meta property=\"product:retailer_item_id\" content=\"cit\" \/>\n<meta property=\"product:condition\" content=\"new\" \/>\n<!-- \/ Yoast SEO Premium plugin. -->","yoast_head_json":{"title":"VIVASAN Mazkaloriju Toniks Ledus t\u0113ja Citro - cosmetic.lv","robots":{"index":"index","follow":"follow","max-snippet":"max-snippet:-1","max-image-preview":"max-image-preview:large","max-video-preview":"max-video-preview:-1"},"canonical":"https:\/\/cosmetic.lv\/lv\/product\/vivasan-mazkaloriju-toniks-ledus-teja-citro\/","og_locale":"lv_LV","og_type":"article","og_title":"VIVASAN Mazkaloriju Toniks Ledus t\u0113ja Citro","og_description":"Mazkaloriju Toniks Ledus t\u0113ja Citro Sl\u0101pes-dz\u0113s\u0113jo\u0161a&nbsp;t\u0113ja pal\u012bdz atbr\u012bvoties no&nbsp;noguruma un uzlabotu fizisku sp\u0113ju.. &nbsp; Sast\u0101vs &nbsp; v\u012bnogu cukurs (glikoze), cukurs,","og_url":"https:\/\/cosmetic.lv\/lv\/product\/vivasan-mazkaloriju-toniks-ledus-teja-citro\/","og_site_name":"cosmetic.lv","article_publisher":"https:\/\/www.facebook.com\/cosmetic.lv\/","article_modified_time":"2021-02-06T17:51:06+00:00","og_image":[{"width":150,"height":212,"url":"https:\/\/cosmetic.lv\/wp-content\/uploads\/2021\/02\/chayviv-4.jpg","type":"image\/jpeg"}],"twitter_card":"summary_large_image","schema":{"@context":"https:\/\/schema.org","@graph":[{"@type":"WebPage","@id":"https:\/\/cosmetic.lv\/lv\/product\/vivasan-mazkaloriju-toniks-ledus-teja-citro\/","url":"https:\/\/cosmetic.lv\/lv\/product\/vivasan-mazkaloriju-toniks-ledus-teja-citro\/","name":"VIVASAN Mazkaloriju Toniks Ledus t\u0113ja Citro - cosmetic.lv","isPartOf":{"@id":"https:\/\/cosmetic.lv\/lv\/#website"},"primaryImageOfPage":{"@id":"https:\/\/cosmetic.lv\/lv\/product\/vivasan-mazkaloriju-toniks-ledus-teja-citro\/#primaryimage"},"image":{"@id":"https:\/\/cosmetic.lv\/lv\/product\/vivasan-mazkaloriju-toniks-ledus-teja-citro\/#primaryimage"},"thumbnailUrl":"https:\/\/cosmetic.lv\/wp-content\/uploads\/2021\/02\/chayviv-4.jpg","datePublished":"2021-02-06T17:51:05+00:00","dateModified":"2021-02-06T17:51:06+00:00","breadcrumb":{"@id":"https:\/\/cosmetic.lv\/lv\/product\/vivasan-mazkaloriju-toniks-ledus-teja-citro\/#breadcrumb"},"inLanguage":"lv-LV","potentialAction":[{"@type":"ReadAction","target":["https:\/\/cosmetic.lv\/lv\/product\/vivasan-mazkaloriju-toniks-ledus-teja-citro\/"]}]},{"@type":"ImageObject","inLanguage":"lv-LV","@id":"https:\/\/cosmetic.lv\/lv\/product\/vivasan-mazkaloriju-toniks-ledus-teja-citro\/#primaryimage","url":"https:\/\/cosmetic.lv\/wp-content\/uploads\/2021\/02\/chayviv-4.jpg","contentUrl":"https:\/\/cosmetic.lv\/wp-content\/uploads\/2021\/02\/chayviv-4.jpg","width":150,"height":212,"caption":"chayviv.jpg"},{"@type":"BreadcrumbList","@id":"https:\/\/cosmetic.lv\/lv\/product\/vivasan-mazkaloriju-toniks-ledus-teja-citro\/#breadcrumb","itemListElement":[{"@type":"ListItem","position":1,"name":"Home","item":"https:\/\/cosmetic.lv\/lv\/"},{"@type":"ListItem","position":2,"name":"Veikals","item":"https:\/\/cosmetic.lv\/lv\/veiklas\/"},{"@type":"ListItem","position":3,"name":"VIVASAN Mazkaloriju Toniks Ledus t\u0113ja Citro"}]},{"@type":"WebSite","@id":"https:\/\/cosmetic.lv\/lv\/#website","url":"https:\/\/cosmetic.lv\/lv\/","name":"cosmetic.lv","description":"Profesion\u0101la kosm\u0113tika - Maria Galland, Keune, Arkadija, GMT, Guam, Magiray","publisher":{"@id":"https:\/\/cosmetic.lv\/lv\/#organization"},"potentialAction":[{"@type":"SearchAction","target":{"@type":"EntryPoint","urlTemplate":"https:\/\/cosmetic.lv\/lv\/?s={search_term_string}"},"query-input":{"@type":"PropertyValueSpecification","valueRequired":true,"valueName":"search_term_string"}}],"inLanguage":"lv-LV"},{"@type":"Organization","@id":"https:\/\/cosmetic.lv\/lv\/#organization","name":"COSMETIC.LV","url":"https:\/\/cosmetic.lv\/lv\/","logo":{"@type":"ImageObject","inLanguage":"lv-LV","@id":"https:\/\/cosmetic.lv\/lv\/#\/schema\/logo\/image\/","url":"https:\/\/cosmetic.lv\/wp-content\/uploads\/2021\/02\/cosmetic.lv_logo.jpg","contentUrl":"https:\/\/cosmetic.lv\/wp-content\/uploads\/2021\/02\/cosmetic.lv_logo.jpg","width":596,"height":196,"caption":"COSMETIC.LV"},"image":{"@id":"https:\/\/cosmetic.lv\/lv\/#\/schema\/logo\/image\/"},"sameAs":["https:\/\/www.facebook.com\/cosmetic.lv\/"]}]},"product_price_amount":"34.84","product_price_currency":"EUR","og_availability":"out of stock","product_availability":"out of stock","product_retailer_item_id":"cit","product_condition":"new"},"_links":{"self":[{"href":"https:\/\/cosmetic.lv\/lv\/wp-json\/wp\/v2\/product\/34295","targetHints":{"allow":["GET"]}}],"collection":[{"href":"https:\/\/cosmetic.lv\/lv\/wp-json\/wp\/v2\/product"}],"about":[{"href":"https:\/\/cosmetic.lv\/lv\/wp-json\/wp\/v2\/types\/product"}],"wp:featuredmedia":[{"embeddable":true,"href":"https:\/\/cosmetic.lv\/lv\/wp-json\/wp\/v2\/media\/16244"}],"wp:attachment":[{"href":"https:\/\/cosmetic.lv\/lv\/wp-json\/wp\/v2\/media?parent=34295"}],"wp:term":[{"taxonomy":"product_brand","embeddable":true,"href":"https:\/\/cosmetic.lv\/lv\/wp-json\/wp\/v2\/product_brand?post=34295"},{"taxonomy":"product_cat","embeddable":true,"href":"https:\/\/cosmetic.lv\/lv\/wp-json\/wp\/v2\/product_cat?post=34295"},{"taxonomy":"product_tag","embeddable":true,"href":"https:\/\/cosmetic.lv\/lv\/wp-json\/wp\/v2\/product_tag?post=34295"}],"curies":[{"name":"wp","href":"https:\/\/api.w.org\/{rel}","templated":true}]}}