{"id":34298,"date":"2021-02-05T22:40:35","date_gmt":"2021-02-06T17:51:05","guid":{"rendered":"https:\/\/damme.lv\/product\/davines-replumping-shampoo-nostioss-sampuns\/"},"modified":"2021-02-06T19:51:08","modified_gmt":"2021-02-06T17:51:08","slug":"davines-replumping-shampoo-nostioss-sampuns","status":"publish","type":"product","link":"https:\/\/cosmetic.lv\/lv\/product\/davines-replumping-shampoo-nostioss-sampuns\/","title":{"rendered":"DAVINES REPLUMPING SHAMPOO NOSTIO\u0160S \u0160AMP\u016aNS"},"content":{"rendered":"<p>NOSTIO\u0160S \u0160AMP\u016aNS NATURALTECH REPLUMPING SHAMPOO<\/p>\n<p>Maigi t\u012br\u012b\u0161anas \u0161amp\u016bns ar kr\u0113mveida tekst\u016bru un bag\u0101ts putas visiem matu tipiem. Tas nesatur sulf\u0101tus un parab\u0113nus. Tas dod matu elast\u012bbu un akt\u012bvi mitrina matu strukt\u016bru saglab\u0101jot vesel\u012bbu, fitoaktivov pl\u016bm\u0113m, kas bag\u0101ts ar polifenolu un flavono\u012bdus, kas ir anti-radik\u0101lu r\u012bc\u012bbu un augstu koncentr\u0101ciju vitam\u012bnu un miner\u0101lvielu.<\/p>\n","protected":false},"excerpt":{"rendered":"<p>NOSTIO\u0160S \u0160AMP\u016aNS NATURALTECH REPLUMPING SHAMPOO Maigi t\u012br\u012b\u0161anas \u0161amp\u016bns ar kr\u0113mveida tekst\u016bru un bag\u0101ts putas visiem matu tipiem. Tas nesatur sulf\u0101tus<\/p>\n","protected":false},"featured_media":9573,"template":"","meta":[],"product_brand":[],"product_cat":[2258,2260,2265],"product_tag":[],"class_list":{"0":"post-34298","1":"product","2":"type-product","3":"status-publish","4":"has-post-thumbnail","6":"product_cat-profesionala-kosmetika-matiem-lv","7":"product_cat-davines-italija-lv","8":"product_cat-matu-sampuni-lv","10":"first","11":"outofstock","12":"taxable","13":"shipping-taxable","14":"purchasable","15":"product-type-simple"},"yoast_head":"<!-- This site is optimized with the Yoast SEO Premium plugin v27.0 (Yoast SEO v27.0) - https:\/\/yoast.com\/product\/yoast-seo-premium-wordpress\/ -->\n<title>DAVINES REPLUMPING SHAMPOO NOSTIO\u0160S \u0160AMP\u016aNS - cosmetic.lv<\/title>\n<meta name=\"robots\" content=\"index, follow, max-snippet:-1, max-image-preview:large, max-video-preview:-1\" \/>\n<link rel=\"canonical\" href=\"https:\/\/cosmetic.lv\/lv\/product\/davines-replumping-shampoo-nostioss-sampuns\/\" \/>\n<meta property=\"og:locale\" content=\"lv_LV\" \/>\n<meta property=\"og:type\" content=\"article\" \/>\n<meta property=\"og:title\" content=\"DAVINES REPLUMPING SHAMPOO NOSTIO\u0160S \u0160AMP\u016aNS\" \/>\n<meta property=\"og:description\" content=\"NOSTIO\u0160S \u0160AMP\u016aNS NATURALTECH REPLUMPING SHAMPOO Maigi t\u012br\u012b\u0161anas \u0161amp\u016bns ar kr\u0113mveida tekst\u016bru un bag\u0101ts putas visiem matu tipiem. Tas nesatur sulf\u0101tus\" \/>\n<meta property=\"og:url\" content=\"https:\/\/cosmetic.lv\/lv\/product\/davines-replumping-shampoo-nostioss-sampuns\/\" \/>\n<meta property=\"og:site_name\" content=\"cosmetic.lv\" \/>\n<meta property=\"article:publisher\" content=\"https:\/\/www.facebook.com\/cosmetic.lv\/\" \/>\n<meta property=\"article:modified_time\" content=\"2021-02-06T17:51:08+00:00\" \/>\n<meta property=\"og:image\" content=\"https:\/\/cosmetic.lv\/wp-content\/uploads\/2021\/02\/129davinesnat.jpg\" \/>\n\t<meta property=\"og:image:width\" content=\"690\" \/>\n\t<meta property=\"og:image:height\" content=\"520\" \/>\n\t<meta property=\"og:image:type\" content=\"image\/jpeg\" \/>\n<meta name=\"twitter:card\" content=\"summary_large_image\" \/>\n<script type=\"application\/ld+json\" class=\"yoast-schema-graph\">{\"@context\":\"https:\/\/schema.org\",\"@graph\":[{\"@type\":\"WebPage\",\"@id\":\"https:\/\/cosmetic.lv\/lv\/product\/davines-replumping-shampoo-nostioss-sampuns\/\",\"url\":\"https:\/\/cosmetic.lv\/lv\/product\/davines-replumping-shampoo-nostioss-sampuns\/\",\"name\":\"DAVINES REPLUMPING SHAMPOO NOSTIO\u0160S \u0160AMP\u016aNS - cosmetic.lv\",\"isPartOf\":{\"@id\":\"https:\/\/cosmetic.lv\/lv\/#website\"},\"primaryImageOfPage\":{\"@id\":\"https:\/\/cosmetic.lv\/lv\/product\/davines-replumping-shampoo-nostioss-sampuns\/#primaryimage\"},\"image\":{\"@id\":\"https:\/\/cosmetic.lv\/lv\/product\/davines-replumping-shampoo-nostioss-sampuns\/#primaryimage\"},\"thumbnailUrl\":\"https:\/\/cosmetic.lv\/wp-content\/uploads\/2021\/02\/129davinesnat.jpg\",\"datePublished\":\"2021-02-06T17:51:05+00:00\",\"dateModified\":\"2021-02-06T17:51:08+00:00\",\"breadcrumb\":{\"@id\":\"https:\/\/cosmetic.lv\/lv\/product\/davines-replumping-shampoo-nostioss-sampuns\/#breadcrumb\"},\"inLanguage\":\"lv-LV\",\"potentialAction\":[{\"@type\":\"ReadAction\",\"target\":[\"https:\/\/cosmetic.lv\/lv\/product\/davines-replumping-shampoo-nostioss-sampuns\/\"]}]},{\"@type\":\"ImageObject\",\"inLanguage\":\"lv-LV\",\"@id\":\"https:\/\/cosmetic.lv\/lv\/product\/davines-replumping-shampoo-nostioss-sampuns\/#primaryimage\",\"url\":\"https:\/\/cosmetic.lv\/wp-content\/uploads\/2021\/02\/129davinesnat.jpg\",\"contentUrl\":\"https:\/\/cosmetic.lv\/wp-content\/uploads\/2021\/02\/129davinesnat.jpg\",\"width\":690,\"height\":520,\"caption\":\"129DAVINESNAT.jpg\"},{\"@type\":\"BreadcrumbList\",\"@id\":\"https:\/\/cosmetic.lv\/lv\/product\/davines-replumping-shampoo-nostioss-sampuns\/#breadcrumb\",\"itemListElement\":[{\"@type\":\"ListItem\",\"position\":1,\"name\":\"Home\",\"item\":\"https:\/\/cosmetic.lv\/lv\/\"},{\"@type\":\"ListItem\",\"position\":2,\"name\":\"Veikals\",\"item\":\"https:\/\/cosmetic.lv\/lv\/veiklas\/\"},{\"@type\":\"ListItem\",\"position\":3,\"name\":\"DAVINES REPLUMPING SHAMPOO NOSTIO\u0160S \u0160AMP\u016aNS\"}]},{\"@type\":\"WebSite\",\"@id\":\"https:\/\/cosmetic.lv\/lv\/#website\",\"url\":\"https:\/\/cosmetic.lv\/lv\/\",\"name\":\"cosmetic.lv\",\"description\":\"Profesion\u0101la kosm\u0113tika - Maria Galland, Keune, Arkadija, GMT, Guam, Magiray\",\"publisher\":{\"@id\":\"https:\/\/cosmetic.lv\/lv\/#organization\"},\"potentialAction\":[{\"@type\":\"SearchAction\",\"target\":{\"@type\":\"EntryPoint\",\"urlTemplate\":\"https:\/\/cosmetic.lv\/lv\/?s={search_term_string}\"},\"query-input\":{\"@type\":\"PropertyValueSpecification\",\"valueRequired\":true,\"valueName\":\"search_term_string\"}}],\"inLanguage\":\"lv-LV\"},{\"@type\":\"Organization\",\"@id\":\"https:\/\/cosmetic.lv\/lv\/#organization\",\"name\":\"COSMETIC.LV\",\"url\":\"https:\/\/cosmetic.lv\/lv\/\",\"logo\":{\"@type\":\"ImageObject\",\"inLanguage\":\"lv-LV\",\"@id\":\"https:\/\/cosmetic.lv\/lv\/#\/schema\/logo\/image\/\",\"url\":\"https:\/\/cosmetic.lv\/wp-content\/uploads\/2021\/02\/cosmetic.lv_logo.jpg\",\"contentUrl\":\"https:\/\/cosmetic.lv\/wp-content\/uploads\/2021\/02\/cosmetic.lv_logo.jpg\",\"width\":596,\"height\":196,\"caption\":\"COSMETIC.LV\"},\"image\":{\"@id\":\"https:\/\/cosmetic.lv\/lv\/#\/schema\/logo\/image\/\"},\"sameAs\":[\"https:\/\/www.facebook.com\/cosmetic.lv\/\"]}]}<\/script>\n<meta property=\"product:price:amount\" content=\"16.13\" \/>\n<meta property=\"product:price:currency\" content=\"EUR\" \/>\n<meta property=\"og:availability\" content=\"out of stock\" \/>\n<meta property=\"product:availability\" content=\"out of stock\" \/>\n<meta property=\"product:retailer_item_id\" content=\"NAT\" \/>\n<meta property=\"product:condition\" content=\"new\" \/>\n<!-- \/ Yoast SEO Premium plugin. -->","yoast_head_json":{"title":"DAVINES REPLUMPING SHAMPOO NOSTIO\u0160S \u0160AMP\u016aNS - cosmetic.lv","robots":{"index":"index","follow":"follow","max-snippet":"max-snippet:-1","max-image-preview":"max-image-preview:large","max-video-preview":"max-video-preview:-1"},"canonical":"https:\/\/cosmetic.lv\/lv\/product\/davines-replumping-shampoo-nostioss-sampuns\/","og_locale":"lv_LV","og_type":"article","og_title":"DAVINES REPLUMPING SHAMPOO NOSTIO\u0160S \u0160AMP\u016aNS","og_description":"NOSTIO\u0160S \u0160AMP\u016aNS NATURALTECH REPLUMPING SHAMPOO Maigi t\u012br\u012b\u0161anas \u0161amp\u016bns ar kr\u0113mveida tekst\u016bru un bag\u0101ts putas visiem matu tipiem. Tas nesatur sulf\u0101tus","og_url":"https:\/\/cosmetic.lv\/lv\/product\/davines-replumping-shampoo-nostioss-sampuns\/","og_site_name":"cosmetic.lv","article_publisher":"https:\/\/www.facebook.com\/cosmetic.lv\/","article_modified_time":"2021-02-06T17:51:08+00:00","og_image":[{"width":690,"height":520,"url":"https:\/\/cosmetic.lv\/wp-content\/uploads\/2021\/02\/129davinesnat.jpg","type":"image\/jpeg"}],"twitter_card":"summary_large_image","schema":{"@context":"https:\/\/schema.org","@graph":[{"@type":"WebPage","@id":"https:\/\/cosmetic.lv\/lv\/product\/davines-replumping-shampoo-nostioss-sampuns\/","url":"https:\/\/cosmetic.lv\/lv\/product\/davines-replumping-shampoo-nostioss-sampuns\/","name":"DAVINES REPLUMPING SHAMPOO NOSTIO\u0160S \u0160AMP\u016aNS - cosmetic.lv","isPartOf":{"@id":"https:\/\/cosmetic.lv\/lv\/#website"},"primaryImageOfPage":{"@id":"https:\/\/cosmetic.lv\/lv\/product\/davines-replumping-shampoo-nostioss-sampuns\/#primaryimage"},"image":{"@id":"https:\/\/cosmetic.lv\/lv\/product\/davines-replumping-shampoo-nostioss-sampuns\/#primaryimage"},"thumbnailUrl":"https:\/\/cosmetic.lv\/wp-content\/uploads\/2021\/02\/129davinesnat.jpg","datePublished":"2021-02-06T17:51:05+00:00","dateModified":"2021-02-06T17:51:08+00:00","breadcrumb":{"@id":"https:\/\/cosmetic.lv\/lv\/product\/davines-replumping-shampoo-nostioss-sampuns\/#breadcrumb"},"inLanguage":"lv-LV","potentialAction":[{"@type":"ReadAction","target":["https:\/\/cosmetic.lv\/lv\/product\/davines-replumping-shampoo-nostioss-sampuns\/"]}]},{"@type":"ImageObject","inLanguage":"lv-LV","@id":"https:\/\/cosmetic.lv\/lv\/product\/davines-replumping-shampoo-nostioss-sampuns\/#primaryimage","url":"https:\/\/cosmetic.lv\/wp-content\/uploads\/2021\/02\/129davinesnat.jpg","contentUrl":"https:\/\/cosmetic.lv\/wp-content\/uploads\/2021\/02\/129davinesnat.jpg","width":690,"height":520,"caption":"129DAVINESNAT.jpg"},{"@type":"BreadcrumbList","@id":"https:\/\/cosmetic.lv\/lv\/product\/davines-replumping-shampoo-nostioss-sampuns\/#breadcrumb","itemListElement":[{"@type":"ListItem","position":1,"name":"Home","item":"https:\/\/cosmetic.lv\/lv\/"},{"@type":"ListItem","position":2,"name":"Veikals","item":"https:\/\/cosmetic.lv\/lv\/veiklas\/"},{"@type":"ListItem","position":3,"name":"DAVINES REPLUMPING SHAMPOO NOSTIO\u0160S \u0160AMP\u016aNS"}]},{"@type":"WebSite","@id":"https:\/\/cosmetic.lv\/lv\/#website","url":"https:\/\/cosmetic.lv\/lv\/","name":"cosmetic.lv","description":"Profesion\u0101la kosm\u0113tika - Maria Galland, Keune, Arkadija, GMT, Guam, Magiray","publisher":{"@id":"https:\/\/cosmetic.lv\/lv\/#organization"},"potentialAction":[{"@type":"SearchAction","target":{"@type":"EntryPoint","urlTemplate":"https:\/\/cosmetic.lv\/lv\/?s={search_term_string}"},"query-input":{"@type":"PropertyValueSpecification","valueRequired":true,"valueName":"search_term_string"}}],"inLanguage":"lv-LV"},{"@type":"Organization","@id":"https:\/\/cosmetic.lv\/lv\/#organization","name":"COSMETIC.LV","url":"https:\/\/cosmetic.lv\/lv\/","logo":{"@type":"ImageObject","inLanguage":"lv-LV","@id":"https:\/\/cosmetic.lv\/lv\/#\/schema\/logo\/image\/","url":"https:\/\/cosmetic.lv\/wp-content\/uploads\/2021\/02\/cosmetic.lv_logo.jpg","contentUrl":"https:\/\/cosmetic.lv\/wp-content\/uploads\/2021\/02\/cosmetic.lv_logo.jpg","width":596,"height":196,"caption":"COSMETIC.LV"},"image":{"@id":"https:\/\/cosmetic.lv\/lv\/#\/schema\/logo\/image\/"},"sameAs":["https:\/\/www.facebook.com\/cosmetic.lv\/"]}]},"product_price_amount":"16.13","product_price_currency":"EUR","og_availability":"out of stock","product_availability":"out of stock","product_retailer_item_id":"NAT","product_condition":"new"},"_links":{"self":[{"href":"https:\/\/cosmetic.lv\/lv\/wp-json\/wp\/v2\/product\/34298","targetHints":{"allow":["GET"]}}],"collection":[{"href":"https:\/\/cosmetic.lv\/lv\/wp-json\/wp\/v2\/product"}],"about":[{"href":"https:\/\/cosmetic.lv\/lv\/wp-json\/wp\/v2\/types\/product"}],"wp:featuredmedia":[{"embeddable":true,"href":"https:\/\/cosmetic.lv\/lv\/wp-json\/wp\/v2\/media\/9573"}],"wp:attachment":[{"href":"https:\/\/cosmetic.lv\/lv\/wp-json\/wp\/v2\/media?parent=34298"}],"wp:term":[{"taxonomy":"product_brand","embeddable":true,"href":"https:\/\/cosmetic.lv\/lv\/wp-json\/wp\/v2\/product_brand?post=34298"},{"taxonomy":"product_cat","embeddable":true,"href":"https:\/\/cosmetic.lv\/lv\/wp-json\/wp\/v2\/product_cat?post=34298"},{"taxonomy":"product_tag","embeddable":true,"href":"https:\/\/cosmetic.lv\/lv\/wp-json\/wp\/v2\/product_tag?post=34298"}],"curies":[{"name":"wp","href":"https:\/\/api.w.org\/{rel}","templated":true}]}}