{"id":34309,"date":"2021-02-05T22:40:44","date_gmt":"2021-02-06T17:51:13","guid":{"rendered":"https:\/\/damme.lv\/product\/goji-berry-godzi-ogas-1-kg\/"},"modified":"2021-02-06T19:51:17","modified_gmt":"2021-02-06T17:51:17","slug":"goji-berry-godzi-ogas-1-kg","status":"publish","type":"product","link":"https:\/\/cosmetic.lv\/lv\/product\/goji-berry-godzi-ogas-1-kg\/","title":{"rendered":"GOJI BERRY God\u017ei ogas 1 kg"},"content":{"rendered":"<p><!DOCTYPE html PUBLIC &quot;-\/\/W3C\/\/DTD XHTML 1.0 Transitional\/\/EN&quot; &quot;http:\/\/www.w3.org\/TR\/xhtml1\/DTD\/xhtml1-transitional.dtd&quot;><br \/>\n<html><br \/>\n<head><br \/>\n<title>Untitled document<\/title><br \/>\n<\/head><br \/>\n<body><\/p>\n<p>God\u017ei ogas uzlabo garast\u0101vokli, vielmai\u0146u, redzi, \u0101das st\u0101vokli, miegu, pal\u012bdz c\u012b\u0146\u0101 ar depresiju, veicina liek\u0101 svara samazin\u0101&scaron;anos, nov\u0113r&scaron; noveco&scaron;anos  Goji (God\u017ei, Lucium barbarum, wolfberry, vilkoga) aug Tibetas, \u0136\u012bnas un Mongolijas kalnu rajonos. \u0136\u012bnas un Tibetas medic\u012bn\u0101 to izmanto jau ilg\u0101k k\u0101 3 t\u016bksto&scaron;us gadu. Goji d\u0113v\u0113 par laimes un ilgm\u016b\u017e\u012bbas og\u0101m &#8211; t\u0101s nov\u0113r&scaron; depresiju un uzlabo garast\u0101vokli.  &bull; God\u017ei ogas ir viens no v\u0113rt\u012bg\u0101kajiem \u0101rstnieciskajiem augiem pasaul\u0113 &bull; T\u0101s ir bag\u0101t\u0101kas ar antioksidantiem nek\u0101 jebkuri citi produkti pasaul\u0113 &bull; Ogas satur ar\u012b germ\u0101niju &#8211; elementu, kas pal\u012bdz c\u012b\u0146\u0101 ar v\u0113zi &bull; Cilv\u0113ki, kas uztur\u0101 regul\u0101ri lieto God\u017ei ogas, daudz maz\u0101k cie&scaron; no sirds slim\u012bb\u0101m, v\u0113\u017ea, diab\u0113ta, Alcheimera un daudz\u0101m cit\u0101m slim\u012bb\u0101m &bull; God\u017ei ogas uzlabo garast\u0101vokli, vielmai\u0146u, redzi, \u0101das st\u0101vokli, miegu, melaton\u012bna l\u012bmeni, pal\u012bdz c\u012b\u0146\u0101 ar depresiju, veicina liek\u0101 svara samazin\u0101&scaron;anos, nov\u0113r&scaron; noveco&scaron;anos &bull; Pazemina cukura l\u012bmeni asin\u012bs, paaugstina potenci un libido, sp\u0113ku un iztur\u012bbu &bull; Austrumu medic\u012bn\u0101 God\u017ei iesaka gr\u016btniec\u0113m, k\u0101 ar\u012b an\u0113mijas, muguras s\u0101pju, limfmezglu slim\u012bbu, deguna un kakla g\u013cot\u0101das slim\u012bbu gad\u012bjum\u0101, miega uzlabo&scaron;anai un stresa mazin\u0101&scaron;anai &bull; Ogas sadedzina taukus, pal\u012bdz kontrol\u0113t svaru un apet\u012bti, stabiliz\u0113 asinsspiedienu, regul\u0113 sirds un smadze\u0146u darb\u012bbu  Goji ogas satur: &bull; 19 aminosk\u0101bes, no kur\u0101m 8 cilv\u0113ka organisms neizstr\u0101d\u0101 (vair\u0101k k\u0101 bi&scaron;u maiz\u0113). &bull; 21 mikroelementi. Dzelzs 15 reizes vair\u0101k k\u0101 spin\u0101tos. Citi dabiskie miner\u0101li (cinks, magnijs, kalcijs, sel\u0113ns, fosfors, var&scaron;). Satur daudz organismam viegli izmantojama \u0123erm\u0101nija, kuru paz\u012bst k\u0101 elementu, kas pal\u012bdz c\u012b\u0146\u0101 pret v\u0113zi. &bull; Vitam\u012bni B1, B2, B5, C, E. Betakarot\u012bns vair\u0101k k\u0101 burk\u0101nos, bet vitam\u012bns C 500 reizes vair\u0101k k\u0101 apels\u012bnos. &bull; 4 unik\u0101li polisahar\u012bdi, kuri nav atrasti nevien\u0101 cit\u0101 l\u012bdz &scaron;im paz\u012bstam\u0101 produkt\u0101, &bdquo;programm\u0113&ldquo; m\u016bsu organisma &scaron;\u016bnas, noska\u0146ojot uz vesel\u012bbu. &bull; Antioksidatu vair\u0101k k\u0101 jebkur\u0101 cit\u0101 uz Zemes zin\u0101maj\u0101 produkt\u0101 un \u0101rstniec\u012bbas aug\u0101. Antioksidanti samazina br\u012bvos radik\u0101\u013cus, kuri ievaino &scaron;\u016bnu DNS, palielina saslim&scaron;anas risku ar v\u0113zi, k\u0101 ar\u012b pa\u0101trina noveco&scaron;anu. Antioksidantu lieto&scaron;ana aizkav\u0113 noveco&scaron;anas procesus. &bull; Linol\u0113nsk\u0101be liel\u0101 m\u0113r\u0101 veicina dabisku nov\u0101j\u0113&scaron;anu, veicinot \u0113diena p\u0101rv\u0113r&scaron;anos ener\u0123ij\u0101, nevis taukos.   Goji berry  Lieto&scaron;ana: ogas var lietot gan saus\u0101 veid\u0101, ar t\u0113ju, zupu, koktei\u013cu u.c. gatavo&scaron;an\u0101, ieteicam\u0101 deva 15-45g ogu dien\u0101 Neiesaka lietot, ja ir augsta \u0137erme\u0146a temperat\u016bra, k\u0101 ar\u012b asins &scaron;\u0137idrino&scaron;o medic\u012bnas prepar\u0101tu lieto&scaron;anas vai ogu individu\u0101l\u0101s nepanesam\u012bbas gad\u012bjum\u0101<\/p>\n<p><\/body><br \/>\n<\/html><\/p>\n","protected":false},"excerpt":{"rendered":"<p>Untitled document God\u017ei ogas uzlabo garast\u0101vokli, vielmai\u0146u, redzi, \u0101das st\u0101vokli, miegu, pal\u012bdz c\u012b\u0146\u0101 ar depresiju, veicina liek\u0101 svara samazin\u0101&scaron;anos, nov\u0113r&scaron;<\/p>\n","protected":false},"featured_media":16282,"template":"","meta":[],"product_brand":[],"product_cat":[2380,2239,2250],"product_tag":[],"class_list":{"0":"post-34309","1":"product","2":"type-product","3":"status-publish","4":"has-post-thumbnail","6":"product_cat-vez-insulta-profilakse-lv","7":"product_cat-uztura-bagatinataji-lv","8":"product_cat-visparnostiprinosi-lidzekli-lv","10":"first","11":"instock","12":"taxable","13":"shipping-taxable","14":"purchasable","15":"product-type-simple"},"yoast_head":"<!-- This site is optimized with the Yoast SEO Premium plugin v27.0 (Yoast SEO v27.0) - https:\/\/yoast.com\/product\/yoast-seo-premium-wordpress\/ -->\n<title>GOJI BERRY God\u017ei ogas 1 kg - cosmetic.lv<\/title>\n<meta name=\"robots\" content=\"index, follow, max-snippet:-1, max-image-preview:large, max-video-preview:-1\" \/>\n<link rel=\"canonical\" href=\"https:\/\/cosmetic.lv\/lv\/product\/goji-berry-godzi-ogas-1-kg\/\" \/>\n<meta property=\"og:locale\" content=\"lv_LV\" \/>\n<meta property=\"og:type\" content=\"article\" \/>\n<meta property=\"og:title\" content=\"GOJI BERRY God\u017ei ogas 1 kg\" \/>\n<meta property=\"og:description\" content=\"Untitled document God\u017ei ogas uzlabo garast\u0101vokli, vielmai\u0146u, redzi, \u0101das st\u0101vokli, miegu, pal\u012bdz c\u012b\u0146\u0101 ar depresiju, veicina liek\u0101 svara samazin\u0101&scaron;anos, nov\u0113r&scaron;\" \/>\n<meta property=\"og:url\" content=\"https:\/\/cosmetic.lv\/lv\/product\/goji-berry-godzi-ogas-1-kg\/\" \/>\n<meta property=\"og:site_name\" content=\"cosmetic.lv\" \/>\n<meta property=\"article:publisher\" content=\"https:\/\/www.facebook.com\/cosmetic.lv\/\" \/>\n<meta property=\"article:modified_time\" content=\"2021-02-06T17:51:17+00:00\" \/>\n<meta property=\"og:image\" content=\"https:\/\/cosmetic.lv\/wp-content\/uploads\/2021\/02\/4681.1467629593godz-4.jpg\" \/>\n\t<meta property=\"og:image:width\" content=\"750\" \/>\n\t<meta property=\"og:image:height\" content=\"750\" \/>\n\t<meta property=\"og:image:type\" content=\"image\/jpeg\" \/>\n<meta name=\"twitter:card\" content=\"summary_large_image\" \/>\n<script type=\"application\/ld+json\" class=\"yoast-schema-graph\">{\"@context\":\"https:\/\/schema.org\",\"@graph\":[{\"@type\":\"WebPage\",\"@id\":\"https:\/\/cosmetic.lv\/lv\/product\/goji-berry-godzi-ogas-1-kg\/\",\"url\":\"https:\/\/cosmetic.lv\/lv\/product\/goji-berry-godzi-ogas-1-kg\/\",\"name\":\"GOJI BERRY God\u017ei ogas 1 kg - cosmetic.lv\",\"isPartOf\":{\"@id\":\"https:\/\/cosmetic.lv\/lv\/#website\"},\"primaryImageOfPage\":{\"@id\":\"https:\/\/cosmetic.lv\/lv\/product\/goji-berry-godzi-ogas-1-kg\/#primaryimage\"},\"image\":{\"@id\":\"https:\/\/cosmetic.lv\/lv\/product\/goji-berry-godzi-ogas-1-kg\/#primaryimage\"},\"thumbnailUrl\":\"https:\/\/cosmetic.lv\/wp-content\/uploads\/2021\/02\/4681.1467629593godz-4.jpg\",\"datePublished\":\"2021-02-06T17:51:13+00:00\",\"dateModified\":\"2021-02-06T17:51:17+00:00\",\"breadcrumb\":{\"@id\":\"https:\/\/cosmetic.lv\/lv\/product\/goji-berry-godzi-ogas-1-kg\/#breadcrumb\"},\"inLanguage\":\"lv-LV\",\"potentialAction\":[{\"@type\":\"ReadAction\",\"target\":[\"https:\/\/cosmetic.lv\/lv\/product\/goji-berry-godzi-ogas-1-kg\/\"]}]},{\"@type\":\"ImageObject\",\"inLanguage\":\"lv-LV\",\"@id\":\"https:\/\/cosmetic.lv\/lv\/product\/goji-berry-godzi-ogas-1-kg\/#primaryimage\",\"url\":\"https:\/\/cosmetic.lv\/wp-content\/uploads\/2021\/02\/4681.1467629593godz-4.jpg\",\"contentUrl\":\"https:\/\/cosmetic.lv\/wp-content\/uploads\/2021\/02\/4681.1467629593godz-4.jpg\",\"width\":750,\"height\":750,\"caption\":\"4681.1467629593godz.jpg\"},{\"@type\":\"BreadcrumbList\",\"@id\":\"https:\/\/cosmetic.lv\/lv\/product\/goji-berry-godzi-ogas-1-kg\/#breadcrumb\",\"itemListElement\":[{\"@type\":\"ListItem\",\"position\":1,\"name\":\"Home\",\"item\":\"https:\/\/cosmetic.lv\/lv\/\"},{\"@type\":\"ListItem\",\"position\":2,\"name\":\"Veikals\",\"item\":\"https:\/\/cosmetic.lv\/lv\/veiklas\/\"},{\"@type\":\"ListItem\",\"position\":3,\"name\":\"GOJI BERRY God\u017ei ogas 1 kg\"}]},{\"@type\":\"WebSite\",\"@id\":\"https:\/\/cosmetic.lv\/lv\/#website\",\"url\":\"https:\/\/cosmetic.lv\/lv\/\",\"name\":\"cosmetic.lv\",\"description\":\"Profesion\u0101la kosm\u0113tika - Maria Galland, Keune, Arkadija, GMT, Guam, Magiray\",\"publisher\":{\"@id\":\"https:\/\/cosmetic.lv\/lv\/#organization\"},\"potentialAction\":[{\"@type\":\"SearchAction\",\"target\":{\"@type\":\"EntryPoint\",\"urlTemplate\":\"https:\/\/cosmetic.lv\/lv\/?s={search_term_string}\"},\"query-input\":{\"@type\":\"PropertyValueSpecification\",\"valueRequired\":true,\"valueName\":\"search_term_string\"}}],\"inLanguage\":\"lv-LV\"},{\"@type\":\"Organization\",\"@id\":\"https:\/\/cosmetic.lv\/lv\/#organization\",\"name\":\"COSMETIC.LV\",\"url\":\"https:\/\/cosmetic.lv\/lv\/\",\"logo\":{\"@type\":\"ImageObject\",\"inLanguage\":\"lv-LV\",\"@id\":\"https:\/\/cosmetic.lv\/lv\/#\/schema\/logo\/image\/\",\"url\":\"https:\/\/cosmetic.lv\/wp-content\/uploads\/2021\/02\/cosmetic.lv_logo.jpg\",\"contentUrl\":\"https:\/\/cosmetic.lv\/wp-content\/uploads\/2021\/02\/cosmetic.lv_logo.jpg\",\"width\":596,\"height\":196,\"caption\":\"COSMETIC.LV\"},\"image\":{\"@id\":\"https:\/\/cosmetic.lv\/lv\/#\/schema\/logo\/image\/\"},\"sameAs\":[\"https:\/\/www.facebook.com\/cosmetic.lv\/\"]}]}<\/script>\n<meta property=\"product:price:amount\" content=\"19.52\" \/>\n<meta property=\"product:price:currency\" content=\"EUR\" \/>\n<meta property=\"og:availability\" content=\"instock\" \/>\n<meta property=\"product:availability\" content=\"instock\" \/>\n<meta property=\"product:retailer_item_id\" content=\"god\" \/>\n<meta property=\"product:condition\" content=\"new\" \/>\n<!-- \/ Yoast SEO Premium plugin. -->","yoast_head_json":{"title":"GOJI BERRY God\u017ei ogas 1 kg - cosmetic.lv","robots":{"index":"index","follow":"follow","max-snippet":"max-snippet:-1","max-image-preview":"max-image-preview:large","max-video-preview":"max-video-preview:-1"},"canonical":"https:\/\/cosmetic.lv\/lv\/product\/goji-berry-godzi-ogas-1-kg\/","og_locale":"lv_LV","og_type":"article","og_title":"GOJI BERRY God\u017ei ogas 1 kg","og_description":"Untitled document God\u017ei ogas uzlabo garast\u0101vokli, vielmai\u0146u, redzi, \u0101das st\u0101vokli, miegu, pal\u012bdz c\u012b\u0146\u0101 ar depresiju, veicina liek\u0101 svara samazin\u0101&scaron;anos, nov\u0113r&scaron;","og_url":"https:\/\/cosmetic.lv\/lv\/product\/goji-berry-godzi-ogas-1-kg\/","og_site_name":"cosmetic.lv","article_publisher":"https:\/\/www.facebook.com\/cosmetic.lv\/","article_modified_time":"2021-02-06T17:51:17+00:00","og_image":[{"width":750,"height":750,"url":"https:\/\/cosmetic.lv\/wp-content\/uploads\/2021\/02\/4681.1467629593godz-4.jpg","type":"image\/jpeg"}],"twitter_card":"summary_large_image","schema":{"@context":"https:\/\/schema.org","@graph":[{"@type":"WebPage","@id":"https:\/\/cosmetic.lv\/lv\/product\/goji-berry-godzi-ogas-1-kg\/","url":"https:\/\/cosmetic.lv\/lv\/product\/goji-berry-godzi-ogas-1-kg\/","name":"GOJI BERRY God\u017ei ogas 1 kg - cosmetic.lv","isPartOf":{"@id":"https:\/\/cosmetic.lv\/lv\/#website"},"primaryImageOfPage":{"@id":"https:\/\/cosmetic.lv\/lv\/product\/goji-berry-godzi-ogas-1-kg\/#primaryimage"},"image":{"@id":"https:\/\/cosmetic.lv\/lv\/product\/goji-berry-godzi-ogas-1-kg\/#primaryimage"},"thumbnailUrl":"https:\/\/cosmetic.lv\/wp-content\/uploads\/2021\/02\/4681.1467629593godz-4.jpg","datePublished":"2021-02-06T17:51:13+00:00","dateModified":"2021-02-06T17:51:17+00:00","breadcrumb":{"@id":"https:\/\/cosmetic.lv\/lv\/product\/goji-berry-godzi-ogas-1-kg\/#breadcrumb"},"inLanguage":"lv-LV","potentialAction":[{"@type":"ReadAction","target":["https:\/\/cosmetic.lv\/lv\/product\/goji-berry-godzi-ogas-1-kg\/"]}]},{"@type":"ImageObject","inLanguage":"lv-LV","@id":"https:\/\/cosmetic.lv\/lv\/product\/goji-berry-godzi-ogas-1-kg\/#primaryimage","url":"https:\/\/cosmetic.lv\/wp-content\/uploads\/2021\/02\/4681.1467629593godz-4.jpg","contentUrl":"https:\/\/cosmetic.lv\/wp-content\/uploads\/2021\/02\/4681.1467629593godz-4.jpg","width":750,"height":750,"caption":"4681.1467629593godz.jpg"},{"@type":"BreadcrumbList","@id":"https:\/\/cosmetic.lv\/lv\/product\/goji-berry-godzi-ogas-1-kg\/#breadcrumb","itemListElement":[{"@type":"ListItem","position":1,"name":"Home","item":"https:\/\/cosmetic.lv\/lv\/"},{"@type":"ListItem","position":2,"name":"Veikals","item":"https:\/\/cosmetic.lv\/lv\/veiklas\/"},{"@type":"ListItem","position":3,"name":"GOJI BERRY God\u017ei ogas 1 kg"}]},{"@type":"WebSite","@id":"https:\/\/cosmetic.lv\/lv\/#website","url":"https:\/\/cosmetic.lv\/lv\/","name":"cosmetic.lv","description":"Profesion\u0101la kosm\u0113tika - Maria Galland, Keune, Arkadija, GMT, Guam, Magiray","publisher":{"@id":"https:\/\/cosmetic.lv\/lv\/#organization"},"potentialAction":[{"@type":"SearchAction","target":{"@type":"EntryPoint","urlTemplate":"https:\/\/cosmetic.lv\/lv\/?s={search_term_string}"},"query-input":{"@type":"PropertyValueSpecification","valueRequired":true,"valueName":"search_term_string"}}],"inLanguage":"lv-LV"},{"@type":"Organization","@id":"https:\/\/cosmetic.lv\/lv\/#organization","name":"COSMETIC.LV","url":"https:\/\/cosmetic.lv\/lv\/","logo":{"@type":"ImageObject","inLanguage":"lv-LV","@id":"https:\/\/cosmetic.lv\/lv\/#\/schema\/logo\/image\/","url":"https:\/\/cosmetic.lv\/wp-content\/uploads\/2021\/02\/cosmetic.lv_logo.jpg","contentUrl":"https:\/\/cosmetic.lv\/wp-content\/uploads\/2021\/02\/cosmetic.lv_logo.jpg","width":596,"height":196,"caption":"COSMETIC.LV"},"image":{"@id":"https:\/\/cosmetic.lv\/lv\/#\/schema\/logo\/image\/"},"sameAs":["https:\/\/www.facebook.com\/cosmetic.lv\/"]}]},"product_price_amount":"19.52","product_price_currency":"EUR","og_availability":"instock","product_availability":"instock","product_retailer_item_id":"god","product_condition":"new"},"_links":{"self":[{"href":"https:\/\/cosmetic.lv\/lv\/wp-json\/wp\/v2\/product\/34309","targetHints":{"allow":["GET"]}}],"collection":[{"href":"https:\/\/cosmetic.lv\/lv\/wp-json\/wp\/v2\/product"}],"about":[{"href":"https:\/\/cosmetic.lv\/lv\/wp-json\/wp\/v2\/types\/product"}],"wp:featuredmedia":[{"embeddable":true,"href":"https:\/\/cosmetic.lv\/lv\/wp-json\/wp\/v2\/media\/16282"}],"wp:attachment":[{"href":"https:\/\/cosmetic.lv\/lv\/wp-json\/wp\/v2\/media?parent=34309"}],"wp:term":[{"taxonomy":"product_brand","embeddable":true,"href":"https:\/\/cosmetic.lv\/lv\/wp-json\/wp\/v2\/product_brand?post=34309"},{"taxonomy":"product_cat","embeddable":true,"href":"https:\/\/cosmetic.lv\/lv\/wp-json\/wp\/v2\/product_cat?post=34309"},{"taxonomy":"product_tag","embeddable":true,"href":"https:\/\/cosmetic.lv\/lv\/wp-json\/wp\/v2\/product_tag?post=34309"}],"curies":[{"name":"wp","href":"https:\/\/api.w.org\/{rel}","templated":true}]}}