{"id":34310,"date":"2021-02-06T19:51:13","date_gmt":"2021-02-06T17:51:13","guid":{"rendered":"https:\/\/damme.lv\/product\/chia-seeds-cia-seklas-spanu-salvija-500-g\/"},"modified":"2021-02-06T19:51:17","modified_gmt":"2021-02-06T17:51:17","slug":"chia-seeds-cia-seklas-spanu-salvija-500-g","status":"publish","type":"product","link":"https:\/\/cosmetic.lv\/lv\/product\/chia-seeds-cia-seklas-spanu-salvija-500-g\/","title":{"rendered":"CHIA SEEDS \u010cIA S\u0112KLAS (sp\u0101\u0146u salvija)  500 g"},"content":{"rendered":"<p><!DOCTYPE html PUBLIC &quot;-\/\/W3C\/\/DTD XHTML 1.0 Transitional\/\/EN&quot; &quot;http:\/\/www.w3.org\/TR\/xhtml1\/DTD\/xhtml1-transitional.dtd&quot;><br \/>\n<html><br \/>\n<head><br \/>\n<title>Untitled document<\/title><br \/>\n<\/head><br \/>\n<body><\/p>\n<p>Sp\u0113ka un ener\u0123ijas avots!  \u010cia &ndash; mazas s\u0113kli\u0146as ar pat\u012bkamu riekstu gar&scaron;u, bag\u0101tas ar prote\u012bniem un neaizst\u0101jam\u0101m Omega-3,6 tauksk\u0101b\u0113m, nov\u0113r&scaron; uzturvielu tr\u016bkumu organism\u0101. &Scaron;is dabiskais, \u013coti barojo&scaron;ais produkts viegli pieejam\u0101 veid\u0101 satur neaizst\u0101jam\u0101s aminosk\u0101pes, polinepies\u0101tin\u0101t\u0101s tauksk\u0101bes Omega-3 un Omega-6, vitam\u012bnus un miner\u0101lvielas.   \u010cia s\u0113klas kalpo k\u0101 papildus ener\u0123ijas avots, pie tam viegli uzs\u016bcas un sniedz s\u0101ta saj\u016btu, veicinot svara samazin\u0101&scaron;anu. T\u0101s ir lielisks produkts, kuru noteikti vajadz\u0113tu lietot ikdienas uztur\u0101. &Scaron;o le\u0123end\u0101ro augu izmantoja Maiji un Acteki. Acteku karav\u012bri karag\u0101jienu un kauju laik\u0101 p\u0101rtika no \u010cia s\u0113kl\u0101m, kas sniedza vi\u0146iem sp\u0113ku un iztur\u012bbu. Zin\u0101ms, ka vi\u0146i sp\u0113ja iztikt ar vienu sauju \u010cia s\u0113klu dien\u0101.  &bull; \u010cia &ndash; ide\u0101ls olbaltumu avots ve\u0123et\u0101rie&scaron;iem, veg\u0101niem un sportistiem. 20% no \u010cia s\u0113klu svara sast\u0101da augstv\u0113rt\u012bgas augu izcelsmes olbaltumvielas, kuras satur visas neaizst\u0101jam\u0101s aminosk\u0101bes. Sal\u012bdzinajumam kvie&scaron;i un kukur\u016bza satur 14%, r\u012bsi &ndash; 15%, auzas &ndash; 9%, mie\u017ei &ndash; 9%, amarants &ndash; 15%.  Nesatur glut\u0113nu, viegli sagremojamas! &bull; \u010cia s\u0113kl\u0101s ir liel\u0101ks Omega-3 un Omega-6 tauksk\u0101bju saturs k\u0101 lins\u0113kl\u0101s. \u010cia e\u013c\u013c\u0101 Omega-3 procentu\u0101li sasniedz 60%! Tauksk\u0101bes ir nepiecie&scaron;amas taukos &scaron;\u0137\u012bsto&scaron;o vitam\u012bnu A, D, E un K metabolismam, &scaron;ie vitam\u012bni ir &scaron;\u016bnu elpo&scaron;anas un &scaron;\u016bnu, g\u013cot\u0101du un nervu ener\u0123ijas apg\u0101des katalizators.  Sal\u012bdzin\u0101jumam: saulespu\u0137u e\u013c\u013c\u0101 0,3%, ol\u012bvu e\u013c\u013c\u0101 &ndash; 1,5%, mencu akn\u0101s l\u012bdz 20%, da\u017e\u0101s j\u016brasz\u0101l\u0113s l\u012bdz 40%, la&scaron;u ikros l\u012bdz 35%. &bull; \u010cia, at&scaron;\u0137ir\u012bb\u0101 no zivju produktiem, nesatur holester\u012bnu! V\u0113l vair\u0101k, \u010cia s\u0113klu lieto&scaron;ana veicina holester\u012bna l\u012bme\u0146a samazin\u0101&scaron;anos asin\u012bs.  L\u012bdz ar to asinsvados samazin\u0101s asterosklerotisk\u0101s pl\u0101tn\u012btes, normaliz\u0113jas spiediens (\u012bpa&scaron;i hipertoni\u0137iem), samazin\u0101s insulta un sirds asinsvadu saslim&scaron;anu risks.  &bull; \u010cia ir lielisks kalcija apg\u0101des avots. Kalcijs ir nepiecie&scaron;ams norm\u0101lai kaulu un musku\u013cu sist\u0113mas att\u012bst\u012bbai un funkcion\u0113&scaron;anai, \u012bpa&scaron;i b\u0113rniem un sportistiem,  k\u0101 ar\u012b osteporozes nov\u0113r&scaron;anai un samazin\u0101&scaron;anai , \u012bpa&scaron;i sieviet\u0113m menopauzes laik\u0101.  P\u0113t\u012bjumi liecina,  ka \u010cia s\u0113klas satur 5 reizes vair\u0101k kalcija nek\u0101 pien\u0101. Pateicoties \u010cia s\u0113kl\u0101s eso&scaron;ajam boram organisms pilnv\u0113rt\u012bgi uzs\u016bc kalciju. Bors darbojas k\u0101 katalizators kalcija uzs\u016bk&scaron;anai un asimil\u0101cijai.  &bull; \u010cia s\u0113klas ir ar\u012b citu miner\u0101lvielu avots: magnija, fosfora, cinka, k\u0101lija un dzelzs . &Scaron;\u012bs miner\u0101lvielas ir daudzu fermentu un hormonu veido&scaron;an\u0101s svar\u012bgas sat\u0101vda\u013cas,  k\u0101 ar\u012b nodro&scaron;ina endokr\u012bn\u0101s sist\u0113mas darbu.  P\u0113t\u012bjumi liecina, ka \u010cia s\u0113klas satur 3 reizes vair\u0101k dzelzs nek\u0101 spin\u0101tos un 15 reizes vair\u0101k magnija nek\u0101 broko\u013cos. &bull; \u010cia satur vitam\u012bnus \u0410, \u04121, \u04122, \u04123, kam ir liela noz\u012bme organisma att\u012bst\u012bb\u0101, vielmai\u0146\u0101, sirds asinsvadu un nervu sist\u0113mu darb\u0101.  &bull; \u010cia s\u0113klas &ndash; \u013coti v\u0113rt\u012bgs antioksidants, kas kav\u0113 organisma noveco&scaron;anos. Satur 3 reizes vair\u0101k antioksidantus nek\u0101 mellen\u0113s.  Izmanto&scaron;ana: \u0112diet \u010cia s\u0113klas kop\u0101 ar aug\u013ciem, og\u0101m, sal\u0101tiem, zup\u0101m, otrajiem \u0113dieniem vai pievienojiet koktei\u013ciem. Pirms \u0113&scaron;anas \u010cia s\u0113klas nav nepiecie&scaron;ams termiski apstr\u0101d\u0101t.  T\u0101s var lietot ar\u012b t\u012br\u0101 veid\u0101 samaisot gl\u0101z\u0113 \u016bdens vai pievienojot 1 \u0113damkaroti  s\u0113klu da\u017e\u0101diem graudaugiem, jogurtam, musli, sulai, m\u012bklai, auzu p\u0101rsl\u0101m, sal\u0101tiem, sviestmaiz\u0113m, sieram, sviestam, aug\u013cu koktei\u013ciem, zup\u0101m.  Chia seeds  Iepakojums: 500g Izcelsmes valsts: Meksika<\/p>\n<p><\/body><br \/>\n<\/html><\/p>\n","protected":false},"excerpt":{"rendered":"<p>Untitled document Sp\u0113ka un ener\u0123ijas avots! \u010cia &ndash; mazas s\u0113kli\u0146as ar pat\u012bkamu riekstu gar&scaron;u, bag\u0101tas ar prote\u012bniem un neaizst\u0101jam\u0101m Omega-3,6<\/p>\n","protected":false},"featured_media":16285,"template":"","meta":[],"product_brand":[],"product_cat":[2239,2250],"product_tag":[],"class_list":{"0":"post-34310","1":"product","2":"type-product","3":"status-publish","4":"has-post-thumbnail","6":"product_cat-uztura-bagatinataji-lv","7":"product_cat-visparnostiprinosi-lidzekli-lv","9":"first","10":"instock","11":"taxable","12":"shipping-taxable","13":"purchasable","14":"product-type-simple"},"yoast_head":"<!-- This site is optimized with the Yoast SEO Premium plugin v27.0 (Yoast SEO v27.0) - https:\/\/yoast.com\/product\/yoast-seo-premium-wordpress\/ -->\n<title>CHIA SEEDS \u010cIA S\u0112KLAS (sp\u0101\u0146u salvija) 500 g - cosmetic.lv<\/title>\n<meta name=\"robots\" content=\"index, follow, max-snippet:-1, max-image-preview:large, max-video-preview:-1\" \/>\n<link rel=\"canonical\" href=\"https:\/\/cosmetic.lv\/lv\/product\/chia-seeds-cia-seklas-spanu-salvija-500-g\/\" \/>\n<meta property=\"og:locale\" content=\"lv_LV\" \/>\n<meta property=\"og:type\" content=\"article\" \/>\n<meta property=\"og:title\" content=\"CHIA SEEDS \u010cIA S\u0112KLAS (sp\u0101\u0146u salvija) 500 g\" \/>\n<meta property=\"og:description\" content=\"Untitled document Sp\u0113ka un ener\u0123ijas avots! \u010cia &ndash; mazas s\u0113kli\u0146as ar pat\u012bkamu riekstu gar&scaron;u, bag\u0101tas ar prote\u012bniem un neaizst\u0101jam\u0101m Omega-3,6\" \/>\n<meta property=\"og:url\" content=\"https:\/\/cosmetic.lv\/lv\/product\/chia-seeds-cia-seklas-spanu-salvija-500-g\/\" \/>\n<meta property=\"og:site_name\" content=\"cosmetic.lv\" \/>\n<meta property=\"article:publisher\" content=\"https:\/\/www.facebook.com\/cosmetic.lv\/\" \/>\n<meta property=\"article:modified_time\" content=\"2021-02-06T17:51:17+00:00\" \/>\n<meta property=\"og:image\" content=\"https:\/\/cosmetic.lv\/wp-content\/uploads\/2021\/02\/chia-seeds1kg-4.jpg\" \/>\n\t<meta property=\"og:image:width\" content=\"1000\" \/>\n\t<meta property=\"og:image:height\" content=\"667\" \/>\n\t<meta property=\"og:image:type\" content=\"image\/jpeg\" \/>\n<meta name=\"twitter:card\" content=\"summary_large_image\" \/>\n<script type=\"application\/ld+json\" class=\"yoast-schema-graph\">{\"@context\":\"https:\/\/schema.org\",\"@graph\":[{\"@type\":\"WebPage\",\"@id\":\"https:\/\/cosmetic.lv\/lv\/product\/chia-seeds-cia-seklas-spanu-salvija-500-g\/\",\"url\":\"https:\/\/cosmetic.lv\/lv\/product\/chia-seeds-cia-seklas-spanu-salvija-500-g\/\",\"name\":\"CHIA SEEDS \u010cIA S\u0112KLAS (sp\u0101\u0146u salvija) 500 g - cosmetic.lv\",\"isPartOf\":{\"@id\":\"https:\/\/cosmetic.lv\/lv\/#website\"},\"primaryImageOfPage\":{\"@id\":\"https:\/\/cosmetic.lv\/lv\/product\/chia-seeds-cia-seklas-spanu-salvija-500-g\/#primaryimage\"},\"image\":{\"@id\":\"https:\/\/cosmetic.lv\/lv\/product\/chia-seeds-cia-seklas-spanu-salvija-500-g\/#primaryimage\"},\"thumbnailUrl\":\"https:\/\/cosmetic.lv\/wp-content\/uploads\/2021\/02\/chia-seeds1kg-4.jpg\",\"datePublished\":\"2021-02-06T17:51:13+00:00\",\"dateModified\":\"2021-02-06T17:51:17+00:00\",\"breadcrumb\":{\"@id\":\"https:\/\/cosmetic.lv\/lv\/product\/chia-seeds-cia-seklas-spanu-salvija-500-g\/#breadcrumb\"},\"inLanguage\":\"lv-LV\",\"potentialAction\":[{\"@type\":\"ReadAction\",\"target\":[\"https:\/\/cosmetic.lv\/lv\/product\/chia-seeds-cia-seklas-spanu-salvija-500-g\/\"]}]},{\"@type\":\"ImageObject\",\"inLanguage\":\"lv-LV\",\"@id\":\"https:\/\/cosmetic.lv\/lv\/product\/chia-seeds-cia-seklas-spanu-salvija-500-g\/#primaryimage\",\"url\":\"https:\/\/cosmetic.lv\/wp-content\/uploads\/2021\/02\/chia-seeds1kg-4.jpg\",\"contentUrl\":\"https:\/\/cosmetic.lv\/wp-content\/uploads\/2021\/02\/chia-seeds1kg-4.jpg\",\"width\":1000,\"height\":667,\"caption\":\"chia-seeds1kg.jpg\"},{\"@type\":\"BreadcrumbList\",\"@id\":\"https:\/\/cosmetic.lv\/lv\/product\/chia-seeds-cia-seklas-spanu-salvija-500-g\/#breadcrumb\",\"itemListElement\":[{\"@type\":\"ListItem\",\"position\":1,\"name\":\"Home\",\"item\":\"https:\/\/cosmetic.lv\/lv\/\"},{\"@type\":\"ListItem\",\"position\":2,\"name\":\"Veikals\",\"item\":\"https:\/\/cosmetic.lv\/lv\/veiklas\/\"},{\"@type\":\"ListItem\",\"position\":3,\"name\":\"CHIA SEEDS \u010cIA S\u0112KLAS (sp\u0101\u0146u salvija) 500 g\"}]},{\"@type\":\"WebSite\",\"@id\":\"https:\/\/cosmetic.lv\/lv\/#website\",\"url\":\"https:\/\/cosmetic.lv\/lv\/\",\"name\":\"cosmetic.lv\",\"description\":\"Profesion\u0101la kosm\u0113tika - Maria Galland, Keune, Arkadija, GMT, Guam, Magiray\",\"publisher\":{\"@id\":\"https:\/\/cosmetic.lv\/lv\/#organization\"},\"potentialAction\":[{\"@type\":\"SearchAction\",\"target\":{\"@type\":\"EntryPoint\",\"urlTemplate\":\"https:\/\/cosmetic.lv\/lv\/?s={search_term_string}\"},\"query-input\":{\"@type\":\"PropertyValueSpecification\",\"valueRequired\":true,\"valueName\":\"search_term_string\"}}],\"inLanguage\":\"lv-LV\"},{\"@type\":\"Organization\",\"@id\":\"https:\/\/cosmetic.lv\/lv\/#organization\",\"name\":\"COSMETIC.LV\",\"url\":\"https:\/\/cosmetic.lv\/lv\/\",\"logo\":{\"@type\":\"ImageObject\",\"inLanguage\":\"lv-LV\",\"@id\":\"https:\/\/cosmetic.lv\/lv\/#\/schema\/logo\/image\/\",\"url\":\"https:\/\/cosmetic.lv\/wp-content\/uploads\/2021\/02\/cosmetic.lv_logo.jpg\",\"contentUrl\":\"https:\/\/cosmetic.lv\/wp-content\/uploads\/2021\/02\/cosmetic.lv_logo.jpg\",\"width\":596,\"height\":196,\"caption\":\"COSMETIC.LV\"},\"image\":{\"@id\":\"https:\/\/cosmetic.lv\/lv\/#\/schema\/logo\/image\/\"},\"sameAs\":[\"https:\/\/www.facebook.com\/cosmetic.lv\/\"]}]}<\/script>\n<meta property=\"product:price:amount\" content=\"6.10\" \/>\n<meta property=\"product:price:currency\" content=\"EUR\" \/>\n<meta property=\"og:availability\" content=\"instock\" \/>\n<meta property=\"product:availability\" content=\"instock\" \/>\n<meta property=\"product:retailer_item_id\" content=\"chia\" \/>\n<meta property=\"product:condition\" content=\"new\" \/>\n<!-- \/ Yoast SEO Premium plugin. -->","yoast_head_json":{"title":"CHIA SEEDS \u010cIA S\u0112KLAS (sp\u0101\u0146u salvija) 500 g - cosmetic.lv","robots":{"index":"index","follow":"follow","max-snippet":"max-snippet:-1","max-image-preview":"max-image-preview:large","max-video-preview":"max-video-preview:-1"},"canonical":"https:\/\/cosmetic.lv\/lv\/product\/chia-seeds-cia-seklas-spanu-salvija-500-g\/","og_locale":"lv_LV","og_type":"article","og_title":"CHIA SEEDS \u010cIA S\u0112KLAS (sp\u0101\u0146u salvija) 500 g","og_description":"Untitled document Sp\u0113ka un ener\u0123ijas avots! \u010cia &ndash; mazas s\u0113kli\u0146as ar pat\u012bkamu riekstu gar&scaron;u, bag\u0101tas ar prote\u012bniem un neaizst\u0101jam\u0101m Omega-3,6","og_url":"https:\/\/cosmetic.lv\/lv\/product\/chia-seeds-cia-seklas-spanu-salvija-500-g\/","og_site_name":"cosmetic.lv","article_publisher":"https:\/\/www.facebook.com\/cosmetic.lv\/","article_modified_time":"2021-02-06T17:51:17+00:00","og_image":[{"width":1000,"height":667,"url":"https:\/\/cosmetic.lv\/wp-content\/uploads\/2021\/02\/chia-seeds1kg-4.jpg","type":"image\/jpeg"}],"twitter_card":"summary_large_image","schema":{"@context":"https:\/\/schema.org","@graph":[{"@type":"WebPage","@id":"https:\/\/cosmetic.lv\/lv\/product\/chia-seeds-cia-seklas-spanu-salvija-500-g\/","url":"https:\/\/cosmetic.lv\/lv\/product\/chia-seeds-cia-seklas-spanu-salvija-500-g\/","name":"CHIA SEEDS \u010cIA S\u0112KLAS (sp\u0101\u0146u salvija) 500 g - cosmetic.lv","isPartOf":{"@id":"https:\/\/cosmetic.lv\/lv\/#website"},"primaryImageOfPage":{"@id":"https:\/\/cosmetic.lv\/lv\/product\/chia-seeds-cia-seklas-spanu-salvija-500-g\/#primaryimage"},"image":{"@id":"https:\/\/cosmetic.lv\/lv\/product\/chia-seeds-cia-seklas-spanu-salvija-500-g\/#primaryimage"},"thumbnailUrl":"https:\/\/cosmetic.lv\/wp-content\/uploads\/2021\/02\/chia-seeds1kg-4.jpg","datePublished":"2021-02-06T17:51:13+00:00","dateModified":"2021-02-06T17:51:17+00:00","breadcrumb":{"@id":"https:\/\/cosmetic.lv\/lv\/product\/chia-seeds-cia-seklas-spanu-salvija-500-g\/#breadcrumb"},"inLanguage":"lv-LV","potentialAction":[{"@type":"ReadAction","target":["https:\/\/cosmetic.lv\/lv\/product\/chia-seeds-cia-seklas-spanu-salvija-500-g\/"]}]},{"@type":"ImageObject","inLanguage":"lv-LV","@id":"https:\/\/cosmetic.lv\/lv\/product\/chia-seeds-cia-seklas-spanu-salvija-500-g\/#primaryimage","url":"https:\/\/cosmetic.lv\/wp-content\/uploads\/2021\/02\/chia-seeds1kg-4.jpg","contentUrl":"https:\/\/cosmetic.lv\/wp-content\/uploads\/2021\/02\/chia-seeds1kg-4.jpg","width":1000,"height":667,"caption":"chia-seeds1kg.jpg"},{"@type":"BreadcrumbList","@id":"https:\/\/cosmetic.lv\/lv\/product\/chia-seeds-cia-seklas-spanu-salvija-500-g\/#breadcrumb","itemListElement":[{"@type":"ListItem","position":1,"name":"Home","item":"https:\/\/cosmetic.lv\/lv\/"},{"@type":"ListItem","position":2,"name":"Veikals","item":"https:\/\/cosmetic.lv\/lv\/veiklas\/"},{"@type":"ListItem","position":3,"name":"CHIA SEEDS \u010cIA S\u0112KLAS (sp\u0101\u0146u salvija) 500 g"}]},{"@type":"WebSite","@id":"https:\/\/cosmetic.lv\/lv\/#website","url":"https:\/\/cosmetic.lv\/lv\/","name":"cosmetic.lv","description":"Profesion\u0101la kosm\u0113tika - Maria Galland, Keune, Arkadija, GMT, Guam, Magiray","publisher":{"@id":"https:\/\/cosmetic.lv\/lv\/#organization"},"potentialAction":[{"@type":"SearchAction","target":{"@type":"EntryPoint","urlTemplate":"https:\/\/cosmetic.lv\/lv\/?s={search_term_string}"},"query-input":{"@type":"PropertyValueSpecification","valueRequired":true,"valueName":"search_term_string"}}],"inLanguage":"lv-LV"},{"@type":"Organization","@id":"https:\/\/cosmetic.lv\/lv\/#organization","name":"COSMETIC.LV","url":"https:\/\/cosmetic.lv\/lv\/","logo":{"@type":"ImageObject","inLanguage":"lv-LV","@id":"https:\/\/cosmetic.lv\/lv\/#\/schema\/logo\/image\/","url":"https:\/\/cosmetic.lv\/wp-content\/uploads\/2021\/02\/cosmetic.lv_logo.jpg","contentUrl":"https:\/\/cosmetic.lv\/wp-content\/uploads\/2021\/02\/cosmetic.lv_logo.jpg","width":596,"height":196,"caption":"COSMETIC.LV"},"image":{"@id":"https:\/\/cosmetic.lv\/lv\/#\/schema\/logo\/image\/"},"sameAs":["https:\/\/www.facebook.com\/cosmetic.lv\/"]}]},"product_price_amount":"6.10","product_price_currency":"EUR","og_availability":"instock","product_availability":"instock","product_retailer_item_id":"chia","product_condition":"new"},"_links":{"self":[{"href":"https:\/\/cosmetic.lv\/lv\/wp-json\/wp\/v2\/product\/34310","targetHints":{"allow":["GET"]}}],"collection":[{"href":"https:\/\/cosmetic.lv\/lv\/wp-json\/wp\/v2\/product"}],"about":[{"href":"https:\/\/cosmetic.lv\/lv\/wp-json\/wp\/v2\/types\/product"}],"wp:featuredmedia":[{"embeddable":true,"href":"https:\/\/cosmetic.lv\/lv\/wp-json\/wp\/v2\/media\/16285"}],"wp:attachment":[{"href":"https:\/\/cosmetic.lv\/lv\/wp-json\/wp\/v2\/media?parent=34310"}],"wp:term":[{"taxonomy":"product_brand","embeddable":true,"href":"https:\/\/cosmetic.lv\/lv\/wp-json\/wp\/v2\/product_brand?post=34310"},{"taxonomy":"product_cat","embeddable":true,"href":"https:\/\/cosmetic.lv\/lv\/wp-json\/wp\/v2\/product_cat?post=34310"},{"taxonomy":"product_tag","embeddable":true,"href":"https:\/\/cosmetic.lv\/lv\/wp-json\/wp\/v2\/product_tag?post=34310"}],"curies":[{"name":"wp","href":"https:\/\/api.w.org\/{rel}","templated":true}]}}