{"id":34313,"date":"2021-02-05T22:40:44","date_gmt":"2021-02-06T17:51:13","guid":{"rendered":"https:\/\/damme.lv\/product\/dzervenes-kaltetas-dried-cranberries\/"},"modified":"2021-02-12T10:12:58","modified_gmt":"2021-02-12T08:12:58","slug":"dzervenes-kaltetas-dried-cranberries","status":"publish","type":"product","link":"https:\/\/cosmetic.lv\/lv\/product\/dzervenes-kaltetas-dried-cranberries\/","title":{"rendered":"DZ\u0112RVENES KALT\u0112TAS DRIED CRANBERRIES"},"content":{"rendered":"<p>Dz\u0113rve\u0146u sast\u0101v\u0101 ir organisk\u0101s sk\u0101bes, pekt\u012bnvielas, k\u0101lijs, dzelzs, kalcijs, magnijs un vitam\u012bni A, C, B1, B2, un PP. Tautas medic\u012bn\u0101 ogas tiek lietotas, lai \u0101rst\u0113tu drudzi, klepu, ur\u012bnce\u013cu infekcijas un galvas s\u0101pes. Dz\u0113rvenes var uzskat\u012bt par \u201edabisk\u0101m antibiotik\u0101m\u201d \u2013 t\u0101m pied\u0113v\u0113 dziedino\u0161u un temperat\u016bru pazemino\u0161u iedarb\u012bbu. Dz\u0113rve\u0146u ogas var normaliz\u0113t zarnu darb\u012bbu, stimul\u0113t aizku\u0146\u0123a dziedzeri, aizkav\u0113t nierakme\u0146u veido\u0161anos un samazin\u0101t asinsspiedienu. Turkl\u0101t dz\u0113rvenes ir ne tikai vesel\u012bgas, bet ar\u012b gar\u0161\u012bgas un viegli uzglab\u0101jamas.<\/p>\n<p>Sirds vesel\u012bba<br \/>\nDz\u0113rven\u0113s eso\u0161ie antioksidanti labv\u0113l\u012bgi ietekm\u0113 sirds un asinsvadu sist\u0113mas darb\u012bbu, t\u0101d\u0113\u013c ogas ieteicams lietot k\u0101 profilaktisku l\u012bdzekli vai atkop\u0161an\u0101s period\u0101 p\u0113c saslim\u0161anas.<br \/>\nOgu lieto\u0161ana uztur\u0101 uzlabo asinsvadu funkcijas un var samazin\u0101t infarkta iesp\u0113jam\u012bbas risku.<\/p>\n<p>Ur\u012bnce\u013cu vesel\u012bbai<br \/>\nDz\u0113rvenes ir vispopul\u0101r\u0101kais l\u012bdzeklis ur\u012bnizvadce\u013cu profilaksei un \u0101rst\u0113\u0161anai. Lietojot ogas, ur\u012bna pH k\u013c\u016bst sk\u0101b\u0101ks, dz\u0113rvenes satur hip\u016brsk\u0101bi \u2013 vielu ar antibakteri\u0101lu iedarb\u012bbu, kas ne\u013cauj bakt\u0113rij\u0101m piestiprin\u0101ties pie ur\u012bnce\u013cu sieni\u0146\u0101m.<\/p>\n<p>Gremo\u0161anas trakta vesel\u012bbai<br \/>\nDz\u0113rvenes sp\u0113j darboties ar\u012b k\u0101 prebioti\u0137is, kas veicina gremo\u0161anas trakt\u0101 eso\u0161o labo bakt\u0113riju att\u012bst\u012bbu, bet nom\u0101c infekcijas rado\u0161o bakt\u0113riju att\u012bst\u012bbu. Dz\u0113rven\u0113s eso\u0161\u0101s akt\u012bv\u0101s vielas mazina iesp\u0113ju pie ku\u0146\u0123a epit\u0113lija \u0161\u016bn\u0101m piestiprin\u0101ties Helicobacter pylori bakt\u0113rij\u0101m, kuras var izrais\u012bt ku\u0146\u0123a \u010d\u016blas veido\u0161anos.<\/p>\n<p>Ietekme uz mutes dobuma vesel\u012bbu<br \/>\nDz\u0113rvenes sp\u0113j darboties ar\u012b k\u0101 prebioti\u0137is, kas veicina gremo\u0161anas trakt\u0101 eso\u0161o labo bakt\u0113riju att\u012bst\u012bbu, bet nom\u0101c infekcijas rado\u0161o bakt\u0113riju att\u012bst\u012bbu.<\/p>\n<p>DZ\u0112RVENES KALT\u0112TAS<\/p>\n<p>Sast\u0101vs: dz\u0113rvenes, cukurs, saulespu\u0137u e\u013c\u013ca<\/p>\n<p>100g produkta satur: olbaltumvielas 0,2g, og\u013chidr\u0101ti 82,4g, tauki 1g, ener\u0123\u0113tisk\u0101 v\u0113rt\u012bba: 307 kcal\/1290kJ.<br \/>\nUzglab\u0101t saus\u0101, v\u0113s\u0101 viet\u0101.<\/p>\n<p>Iev\u0113r\u012bbai!<br \/>\nJebkura nor\u0101de uz terapij\u012bpa\u0161\u012bb\u0101m, kas piem\u012bt \u0161aj\u0101 produkt\u0101 eso\u0161aj\u0101m akt\u012bvaj\u0101m viel\u0101m, ir balst\u012bta uz autoritat\u012bvu avotu ieg\u016bto inform\u0101ciju, ta\u010du t\u0101s nesekm\u0113 galaprodukta iedarb\u012bbu.<\/p>\n<p>Iepakojums: 250g<br \/>\nIzcelsmes valsts: \u010c\u012ble<\/p>\n","protected":false},"excerpt":{"rendered":"<p>Dz\u0113rve\u0146u sast\u0101v\u0101 ir organisk\u0101s sk\u0101bes, pekt\u012bnvielas, k\u0101lijs, dzelzs, kalcijs, magnijs un vitam\u012bni A, C, B1, B2, un PP. Tautas medic\u012bn\u0101<\/p>\n","protected":false},"featured_media":16292,"template":"","meta":[],"product_brand":[],"product_cat":[2357,2239],"product_tag":[],"class_list":{"0":"post-34313","1":"product","2":"type-product","3":"status-publish","4":"has-post-thumbnail","6":"product_cat-sirdis-nervi-stress","7":"product_cat-uztura-bagatinataji-lv","9":"first","10":"instock","11":"taxable","12":"shipping-taxable","13":"purchasable","14":"product-type-simple"},"yoast_head":"<!-- This site is optimized with the Yoast SEO Premium plugin v27.0 (Yoast SEO v27.0) - https:\/\/yoast.com\/product\/yoast-seo-premium-wordpress\/ -->\n<title>DZ\u0112RVENES KALT\u0112TAS DRIED CRANBERRIES - cosmetic.lv<\/title>\n<meta name=\"robots\" content=\"index, follow, max-snippet:-1, max-image-preview:large, max-video-preview:-1\" \/>\n<link rel=\"canonical\" href=\"https:\/\/cosmetic.lv\/lv\/product\/dzervenes-kaltetas-dried-cranberries\/\" \/>\n<meta property=\"og:locale\" content=\"lv_LV\" \/>\n<meta property=\"og:type\" content=\"article\" \/>\n<meta property=\"og:title\" content=\"DZ\u0112RVENES KALT\u0112TAS DRIED CRANBERRIES\" \/>\n<meta property=\"og:description\" content=\"Dz\u0113rve\u0146u sast\u0101v\u0101 ir organisk\u0101s sk\u0101bes, pekt\u012bnvielas, k\u0101lijs, dzelzs, kalcijs, magnijs un vitam\u012bni A, C, B1, B2, un PP. Tautas medic\u012bn\u0101\" \/>\n<meta property=\"og:url\" content=\"https:\/\/cosmetic.lv\/lv\/product\/dzervenes-kaltetas-dried-cranberries\/\" \/>\n<meta property=\"og:site_name\" content=\"cosmetic.lv\" \/>\n<meta property=\"article:publisher\" content=\"https:\/\/www.facebook.com\/cosmetic.lv\/\" \/>\n<meta property=\"article:modified_time\" content=\"2021-02-12T08:12:58+00:00\" \/>\n<meta property=\"og:image\" content=\"https:\/\/cosmetic.lv\/wp-content\/uploads\/2021\/02\/dzerveneskalt-4.jpg\" \/>\n\t<meta property=\"og:image:width\" content=\"265\" \/>\n\t<meta property=\"og:image:height\" content=\"265\" \/>\n\t<meta property=\"og:image:type\" content=\"image\/jpeg\" \/>\n<meta name=\"twitter:card\" content=\"summary_large_image\" \/>\n<script type=\"application\/ld+json\" class=\"yoast-schema-graph\">{\"@context\":\"https:\/\/schema.org\",\"@graph\":[{\"@type\":\"WebPage\",\"@id\":\"https:\/\/cosmetic.lv\/lv\/product\/dzervenes-kaltetas-dried-cranberries\/\",\"url\":\"https:\/\/cosmetic.lv\/lv\/product\/dzervenes-kaltetas-dried-cranberries\/\",\"name\":\"DZ\u0112RVENES KALT\u0112TAS DRIED CRANBERRIES - cosmetic.lv\",\"isPartOf\":{\"@id\":\"https:\/\/cosmetic.lv\/lv\/#website\"},\"primaryImageOfPage\":{\"@id\":\"https:\/\/cosmetic.lv\/lv\/product\/dzervenes-kaltetas-dried-cranberries\/#primaryimage\"},\"image\":{\"@id\":\"https:\/\/cosmetic.lv\/lv\/product\/dzervenes-kaltetas-dried-cranberries\/#primaryimage\"},\"thumbnailUrl\":\"https:\/\/cosmetic.lv\/wp-content\/uploads\/2021\/02\/dzerveneskalt-4.jpg\",\"datePublished\":\"2021-02-06T17:51:13+00:00\",\"dateModified\":\"2021-02-12T08:12:58+00:00\",\"breadcrumb\":{\"@id\":\"https:\/\/cosmetic.lv\/lv\/product\/dzervenes-kaltetas-dried-cranberries\/#breadcrumb\"},\"inLanguage\":\"lv-LV\",\"potentialAction\":[{\"@type\":\"ReadAction\",\"target\":[\"https:\/\/cosmetic.lv\/lv\/product\/dzervenes-kaltetas-dried-cranberries\/\"]}]},{\"@type\":\"ImageObject\",\"inLanguage\":\"lv-LV\",\"@id\":\"https:\/\/cosmetic.lv\/lv\/product\/dzervenes-kaltetas-dried-cranberries\/#primaryimage\",\"url\":\"https:\/\/cosmetic.lv\/wp-content\/uploads\/2021\/02\/dzerveneskalt-4.jpg\",\"contentUrl\":\"https:\/\/cosmetic.lv\/wp-content\/uploads\/2021\/02\/dzerveneskalt-4.jpg\",\"width\":265,\"height\":265,\"caption\":\"dzerveneskalt.jpg\"},{\"@type\":\"BreadcrumbList\",\"@id\":\"https:\/\/cosmetic.lv\/lv\/product\/dzervenes-kaltetas-dried-cranberries\/#breadcrumb\",\"itemListElement\":[{\"@type\":\"ListItem\",\"position\":1,\"name\":\"Home\",\"item\":\"https:\/\/cosmetic.lv\/lv\/\"},{\"@type\":\"ListItem\",\"position\":2,\"name\":\"Veikals\",\"item\":\"https:\/\/cosmetic.lv\/lv\/veiklas\/\"},{\"@type\":\"ListItem\",\"position\":3,\"name\":\"DZ\u0112RVENES KALT\u0112TAS DRIED CRANBERRIES\"}]},{\"@type\":\"WebSite\",\"@id\":\"https:\/\/cosmetic.lv\/lv\/#website\",\"url\":\"https:\/\/cosmetic.lv\/lv\/\",\"name\":\"cosmetic.lv\",\"description\":\"Profesion\u0101la kosm\u0113tika - Maria Galland, Keune, Arkadija, GMT, Guam, Magiray\",\"publisher\":{\"@id\":\"https:\/\/cosmetic.lv\/lv\/#organization\"},\"potentialAction\":[{\"@type\":\"SearchAction\",\"target\":{\"@type\":\"EntryPoint\",\"urlTemplate\":\"https:\/\/cosmetic.lv\/lv\/?s={search_term_string}\"},\"query-input\":{\"@type\":\"PropertyValueSpecification\",\"valueRequired\":true,\"valueName\":\"search_term_string\"}}],\"inLanguage\":\"lv-LV\"},{\"@type\":\"Organization\",\"@id\":\"https:\/\/cosmetic.lv\/lv\/#organization\",\"name\":\"COSMETIC.LV\",\"url\":\"https:\/\/cosmetic.lv\/lv\/\",\"logo\":{\"@type\":\"ImageObject\",\"inLanguage\":\"lv-LV\",\"@id\":\"https:\/\/cosmetic.lv\/lv\/#\/schema\/logo\/image\/\",\"url\":\"https:\/\/cosmetic.lv\/wp-content\/uploads\/2021\/02\/cosmetic.lv_logo.jpg\",\"contentUrl\":\"https:\/\/cosmetic.lv\/wp-content\/uploads\/2021\/02\/cosmetic.lv_logo.jpg\",\"width\":596,\"height\":196,\"caption\":\"COSMETIC.LV\"},\"image\":{\"@id\":\"https:\/\/cosmetic.lv\/lv\/#\/schema\/logo\/image\/\"},\"sameAs\":[\"https:\/\/www.facebook.com\/cosmetic.lv\/\"]}]}<\/script>\n<meta property=\"product:price:amount\" content=\"4.34\" \/>\n<meta property=\"product:price:currency\" content=\"EUR\" \/>\n<meta property=\"og:availability\" content=\"instock\" \/>\n<meta property=\"product:availability\" content=\"instock\" \/>\n<meta property=\"product:retailer_item_id\" content=\"kl\" \/>\n<meta property=\"product:condition\" content=\"new\" \/>\n<!-- \/ Yoast SEO Premium plugin. -->","yoast_head_json":{"title":"DZ\u0112RVENES KALT\u0112TAS DRIED CRANBERRIES - cosmetic.lv","robots":{"index":"index","follow":"follow","max-snippet":"max-snippet:-1","max-image-preview":"max-image-preview:large","max-video-preview":"max-video-preview:-1"},"canonical":"https:\/\/cosmetic.lv\/lv\/product\/dzervenes-kaltetas-dried-cranberries\/","og_locale":"lv_LV","og_type":"article","og_title":"DZ\u0112RVENES KALT\u0112TAS DRIED CRANBERRIES","og_description":"Dz\u0113rve\u0146u sast\u0101v\u0101 ir organisk\u0101s sk\u0101bes, pekt\u012bnvielas, k\u0101lijs, dzelzs, kalcijs, magnijs un vitam\u012bni A, C, B1, B2, un PP. Tautas medic\u012bn\u0101","og_url":"https:\/\/cosmetic.lv\/lv\/product\/dzervenes-kaltetas-dried-cranberries\/","og_site_name":"cosmetic.lv","article_publisher":"https:\/\/www.facebook.com\/cosmetic.lv\/","article_modified_time":"2021-02-12T08:12:58+00:00","og_image":[{"width":265,"height":265,"url":"https:\/\/cosmetic.lv\/wp-content\/uploads\/2021\/02\/dzerveneskalt-4.jpg","type":"image\/jpeg"}],"twitter_card":"summary_large_image","schema":{"@context":"https:\/\/schema.org","@graph":[{"@type":"WebPage","@id":"https:\/\/cosmetic.lv\/lv\/product\/dzervenes-kaltetas-dried-cranberries\/","url":"https:\/\/cosmetic.lv\/lv\/product\/dzervenes-kaltetas-dried-cranberries\/","name":"DZ\u0112RVENES KALT\u0112TAS DRIED CRANBERRIES - cosmetic.lv","isPartOf":{"@id":"https:\/\/cosmetic.lv\/lv\/#website"},"primaryImageOfPage":{"@id":"https:\/\/cosmetic.lv\/lv\/product\/dzervenes-kaltetas-dried-cranberries\/#primaryimage"},"image":{"@id":"https:\/\/cosmetic.lv\/lv\/product\/dzervenes-kaltetas-dried-cranberries\/#primaryimage"},"thumbnailUrl":"https:\/\/cosmetic.lv\/wp-content\/uploads\/2021\/02\/dzerveneskalt-4.jpg","datePublished":"2021-02-06T17:51:13+00:00","dateModified":"2021-02-12T08:12:58+00:00","breadcrumb":{"@id":"https:\/\/cosmetic.lv\/lv\/product\/dzervenes-kaltetas-dried-cranberries\/#breadcrumb"},"inLanguage":"lv-LV","potentialAction":[{"@type":"ReadAction","target":["https:\/\/cosmetic.lv\/lv\/product\/dzervenes-kaltetas-dried-cranberries\/"]}]},{"@type":"ImageObject","inLanguage":"lv-LV","@id":"https:\/\/cosmetic.lv\/lv\/product\/dzervenes-kaltetas-dried-cranberries\/#primaryimage","url":"https:\/\/cosmetic.lv\/wp-content\/uploads\/2021\/02\/dzerveneskalt-4.jpg","contentUrl":"https:\/\/cosmetic.lv\/wp-content\/uploads\/2021\/02\/dzerveneskalt-4.jpg","width":265,"height":265,"caption":"dzerveneskalt.jpg"},{"@type":"BreadcrumbList","@id":"https:\/\/cosmetic.lv\/lv\/product\/dzervenes-kaltetas-dried-cranberries\/#breadcrumb","itemListElement":[{"@type":"ListItem","position":1,"name":"Home","item":"https:\/\/cosmetic.lv\/lv\/"},{"@type":"ListItem","position":2,"name":"Veikals","item":"https:\/\/cosmetic.lv\/lv\/veiklas\/"},{"@type":"ListItem","position":3,"name":"DZ\u0112RVENES KALT\u0112TAS DRIED CRANBERRIES"}]},{"@type":"WebSite","@id":"https:\/\/cosmetic.lv\/lv\/#website","url":"https:\/\/cosmetic.lv\/lv\/","name":"cosmetic.lv","description":"Profesion\u0101la kosm\u0113tika - Maria Galland, Keune, Arkadija, GMT, Guam, Magiray","publisher":{"@id":"https:\/\/cosmetic.lv\/lv\/#organization"},"potentialAction":[{"@type":"SearchAction","target":{"@type":"EntryPoint","urlTemplate":"https:\/\/cosmetic.lv\/lv\/?s={search_term_string}"},"query-input":{"@type":"PropertyValueSpecification","valueRequired":true,"valueName":"search_term_string"}}],"inLanguage":"lv-LV"},{"@type":"Organization","@id":"https:\/\/cosmetic.lv\/lv\/#organization","name":"COSMETIC.LV","url":"https:\/\/cosmetic.lv\/lv\/","logo":{"@type":"ImageObject","inLanguage":"lv-LV","@id":"https:\/\/cosmetic.lv\/lv\/#\/schema\/logo\/image\/","url":"https:\/\/cosmetic.lv\/wp-content\/uploads\/2021\/02\/cosmetic.lv_logo.jpg","contentUrl":"https:\/\/cosmetic.lv\/wp-content\/uploads\/2021\/02\/cosmetic.lv_logo.jpg","width":596,"height":196,"caption":"COSMETIC.LV"},"image":{"@id":"https:\/\/cosmetic.lv\/lv\/#\/schema\/logo\/image\/"},"sameAs":["https:\/\/www.facebook.com\/cosmetic.lv\/"]}]},"product_price_amount":"4.34","product_price_currency":"EUR","og_availability":"instock","product_availability":"instock","product_retailer_item_id":"kl","product_condition":"new"},"_links":{"self":[{"href":"https:\/\/cosmetic.lv\/lv\/wp-json\/wp\/v2\/product\/34313","targetHints":{"allow":["GET"]}}],"collection":[{"href":"https:\/\/cosmetic.lv\/lv\/wp-json\/wp\/v2\/product"}],"about":[{"href":"https:\/\/cosmetic.lv\/lv\/wp-json\/wp\/v2\/types\/product"}],"wp:featuredmedia":[{"embeddable":true,"href":"https:\/\/cosmetic.lv\/lv\/wp-json\/wp\/v2\/media\/16292"}],"wp:attachment":[{"href":"https:\/\/cosmetic.lv\/lv\/wp-json\/wp\/v2\/media?parent=34313"}],"wp:term":[{"taxonomy":"product_brand","embeddable":true,"href":"https:\/\/cosmetic.lv\/lv\/wp-json\/wp\/v2\/product_brand?post=34313"},{"taxonomy":"product_cat","embeddable":true,"href":"https:\/\/cosmetic.lv\/lv\/wp-json\/wp\/v2\/product_cat?post=34313"},{"taxonomy":"product_tag","embeddable":true,"href":"https:\/\/cosmetic.lv\/lv\/wp-json\/wp\/v2\/product_tag?post=34313"}],"curies":[{"name":"wp","href":"https:\/\/api.w.org\/{rel}","templated":true}]}}