{"id":34314,"date":"2021-02-06T19:51:21","date_gmt":"2021-02-06T17:51:21","guid":{"rendered":"https:\/\/damme.lv\/product\/linseeds-linseklas\/"},"modified":"2021-02-06T19:51:21","modified_gmt":"2021-02-06T17:51:21","slug":"linseeds-linseklas","status":"publish","type":"product","link":"https:\/\/cosmetic.lv\/lv\/product\/linseeds-linseklas\/","title":{"rendered":"LINSEEDS L\u012aNSEKLAS"},"content":{"rendered":"<p><!DOCTYPE html PUBLIC &quot;-\/\/W3C\/\/DTD XHTML 1.0 Transitional\/\/EN&quot; &quot;http:\/\/www.w3.org\/TR\/xhtml1\/DTD\/xhtml1-transitional.dtd&quot;><br \/>\n<html><br \/>\n<head><br \/>\n<title>Untitled document<\/title><br \/>\n<\/head><br \/>\n<body><\/p>\n<p>Audz\u0113tas biolo\u0123iskaj\u0101 saimniec\u012bb\u0101  Lins\u0113klas satur olbaltumvielas, og\u013chidr\u0101tus, &omega; Omega3 un &omega; Omega6 (Las\u012bt v\u0113l&#8230;) neaizvietojam\u0101s tauksk\u0101bes, &scaron;\u0137\u012bsto&scaron;\u0101s un ne&scaron;\u0137\u012bsto&scaron;\u0101s &scaron;\u0137iedrvielas, aminosk\u0101bes, miner\u0101lvielas, vitam\u012bnus, flavono\u012bdus un antioksidantus (E vitam\u012bnu).  Iedarb\u012bba: caureju veicino&scaron;a, m\u012bkstino&scaron;a, \u0101du m\u012bkstino&scaron;a, att\u012bro&scaron;a, atkr\u0113po&scaron;anu veicino&scaron;a, barojo&scaron;s toniks.  Ieteicams: rupja, plais\u0101jo&scaron;a \u0101da, hroniski aizciet\u0113jumi, caureja, gastr\u012bts, enter\u012bts, astma, hronisks bronh\u012bts, pneimonija, atvese\u013co&scaron;an\u0101s periods. Linu s\u0113klas &ndash; labs toniz\u0113jo&scaron;s l\u012bdzeklis Vatai, resnajai zarnai un plau&scaron;\u0101m. Nostiprina plau&scaron;u audus, veicina g\u013cot\u0101du sadz\u012b&scaron;anu.  Satur dabisko olbaltumvielu un kalciju. Nostiprina kaulus un reprodukt\u012bvos org\u0101nus. \u0100r\u0113ji lieto iekaisu&scaron;as \u0101das sadzied\u0113&scaron;anai. Kremos un losjonos lins\u0113klu e\u013c\u013ca darbojas k\u0101 \u0101das m\u012bkstin\u0101t\u0101js, att\u012bra poras no stipra pies\u0101r\u0146ojuma, izmanto furunkulu, karbunkulu un citu \u0101das iekaisumu gad\u012bjumos.  Linum usitatissimum  Linseeds herbals  Izcelsmes valsts: Ukrauna Iepakojums: 500g<\/p>\n<p><\/body><br \/>\n<\/html><\/p>\n","protected":false},"excerpt":{"rendered":"<p>Untitled document Audz\u0113tas biolo\u0123iskaj\u0101 saimniec\u012bb\u0101 Lins\u0113klas satur olbaltumvielas, og\u013chidr\u0101tus, &omega; Omega3 un &omega; Omega6 (Las\u012bt v\u0113l&#8230;) neaizvietojam\u0101s tauksk\u0101bes, &scaron;\u0137\u012bsto&scaron;\u0101s un<\/p>\n","protected":false},"featured_media":16295,"template":"","meta":[],"product_brand":[],"product_cat":[2239,2251],"product_tag":[],"class_list":{"0":"post-34314","1":"product","2":"type-product","3":"status-publish","4":"has-post-thumbnail","6":"product_cat-uztura-bagatinataji-lv","7":"product_cat-organizma-attirisana-lv","9":"first","10":"instock","11":"taxable","12":"shipping-taxable","13":"purchasable","14":"product-type-simple"},"yoast_head":"<!-- This site is optimized with the Yoast SEO Premium plugin v27.0 (Yoast SEO v27.0) - https:\/\/yoast.com\/product\/yoast-seo-premium-wordpress\/ -->\n<title>LINSEEDS L\u012aNSEKLAS - cosmetic.lv<\/title>\n<meta name=\"robots\" content=\"index, follow, max-snippet:-1, max-image-preview:large, max-video-preview:-1\" \/>\n<link rel=\"canonical\" href=\"https:\/\/cosmetic.lv\/lv\/product\/linseeds-linseklas\/\" \/>\n<meta property=\"og:locale\" content=\"lv_LV\" \/>\n<meta property=\"og:type\" content=\"article\" \/>\n<meta property=\"og:title\" content=\"LINSEEDS L\u012aNSEKLAS\" \/>\n<meta property=\"og:description\" content=\"Untitled document Audz\u0113tas biolo\u0123iskaj\u0101 saimniec\u012bb\u0101 Lins\u0113klas satur olbaltumvielas, og\u013chidr\u0101tus, &omega; Omega3 un &omega; Omega6 (Las\u012bt v\u0113l&#8230;) neaizvietojam\u0101s tauksk\u0101bes, &scaron;\u0137\u012bsto&scaron;\u0101s un\" \/>\n<meta property=\"og:url\" content=\"https:\/\/cosmetic.lv\/lv\/product\/linseeds-linseklas\/\" \/>\n<meta property=\"og:site_name\" content=\"cosmetic.lv\" \/>\n<meta property=\"article:publisher\" content=\"https:\/\/www.facebook.com\/cosmetic.lv\/\" \/>\n<meta property=\"og:image\" content=\"https:\/\/cosmetic.lv\/wp-content\/uploads\/2021\/02\/ljanasemena-4.jpg\" \/>\n\t<meta property=\"og:image:width\" content=\"292\" \/>\n\t<meta property=\"og:image:height\" content=\"292\" \/>\n\t<meta property=\"og:image:type\" content=\"image\/jpeg\" \/>\n<meta name=\"twitter:card\" content=\"summary_large_image\" \/>\n<script type=\"application\/ld+json\" class=\"yoast-schema-graph\">{\"@context\":\"https:\/\/schema.org\",\"@graph\":[{\"@type\":\"WebPage\",\"@id\":\"https:\/\/cosmetic.lv\/lv\/product\/linseeds-linseklas\/\",\"url\":\"https:\/\/cosmetic.lv\/lv\/product\/linseeds-linseklas\/\",\"name\":\"LINSEEDS L\u012aNSEKLAS - cosmetic.lv\",\"isPartOf\":{\"@id\":\"https:\/\/cosmetic.lv\/lv\/#website\"},\"primaryImageOfPage\":{\"@id\":\"https:\/\/cosmetic.lv\/lv\/product\/linseeds-linseklas\/#primaryimage\"},\"image\":{\"@id\":\"https:\/\/cosmetic.lv\/lv\/product\/linseeds-linseklas\/#primaryimage\"},\"thumbnailUrl\":\"https:\/\/cosmetic.lv\/wp-content\/uploads\/2021\/02\/ljanasemena-4.jpg\",\"datePublished\":\"2021-02-06T17:51:21+00:00\",\"breadcrumb\":{\"@id\":\"https:\/\/cosmetic.lv\/lv\/product\/linseeds-linseklas\/#breadcrumb\"},\"inLanguage\":\"lv-LV\",\"potentialAction\":[{\"@type\":\"ReadAction\",\"target\":[\"https:\/\/cosmetic.lv\/lv\/product\/linseeds-linseklas\/\"]}]},{\"@type\":\"ImageObject\",\"inLanguage\":\"lv-LV\",\"@id\":\"https:\/\/cosmetic.lv\/lv\/product\/linseeds-linseklas\/#primaryimage\",\"url\":\"https:\/\/cosmetic.lv\/wp-content\/uploads\/2021\/02\/ljanasemena-4.jpg\",\"contentUrl\":\"https:\/\/cosmetic.lv\/wp-content\/uploads\/2021\/02\/ljanasemena-4.jpg\",\"width\":292,\"height\":292,\"caption\":\"ljanasemena.jpg\"},{\"@type\":\"BreadcrumbList\",\"@id\":\"https:\/\/cosmetic.lv\/lv\/product\/linseeds-linseklas\/#breadcrumb\",\"itemListElement\":[{\"@type\":\"ListItem\",\"position\":1,\"name\":\"Home\",\"item\":\"https:\/\/cosmetic.lv\/lv\/\"},{\"@type\":\"ListItem\",\"position\":2,\"name\":\"Veikals\",\"item\":\"https:\/\/cosmetic.lv\/lv\/veiklas\/\"},{\"@type\":\"ListItem\",\"position\":3,\"name\":\"LINSEEDS L\u012aNSEKLAS\"}]},{\"@type\":\"WebSite\",\"@id\":\"https:\/\/cosmetic.lv\/lv\/#website\",\"url\":\"https:\/\/cosmetic.lv\/lv\/\",\"name\":\"cosmetic.lv\",\"description\":\"Profesion\u0101la kosm\u0113tika - Maria Galland, Keune, Arkadija, GMT, Guam, Magiray\",\"publisher\":{\"@id\":\"https:\/\/cosmetic.lv\/lv\/#organization\"},\"potentialAction\":[{\"@type\":\"SearchAction\",\"target\":{\"@type\":\"EntryPoint\",\"urlTemplate\":\"https:\/\/cosmetic.lv\/lv\/?s={search_term_string}\"},\"query-input\":{\"@type\":\"PropertyValueSpecification\",\"valueRequired\":true,\"valueName\":\"search_term_string\"}}],\"inLanguage\":\"lv-LV\"},{\"@type\":\"Organization\",\"@id\":\"https:\/\/cosmetic.lv\/lv\/#organization\",\"name\":\"COSMETIC.LV\",\"url\":\"https:\/\/cosmetic.lv\/lv\/\",\"logo\":{\"@type\":\"ImageObject\",\"inLanguage\":\"lv-LV\",\"@id\":\"https:\/\/cosmetic.lv\/lv\/#\/schema\/logo\/image\/\",\"url\":\"https:\/\/cosmetic.lv\/wp-content\/uploads\/2021\/02\/cosmetic.lv_logo.jpg\",\"contentUrl\":\"https:\/\/cosmetic.lv\/wp-content\/uploads\/2021\/02\/cosmetic.lv_logo.jpg\",\"width\":596,\"height\":196,\"caption\":\"COSMETIC.LV\"},\"image\":{\"@id\":\"https:\/\/cosmetic.lv\/lv\/#\/schema\/logo\/image\/\"},\"sameAs\":[\"https:\/\/www.facebook.com\/cosmetic.lv\/\"]}]}<\/script>\n<meta property=\"product:price:amount\" content=\"3.05\" \/>\n<meta property=\"product:price:currency\" content=\"EUR\" \/>\n<meta property=\"og:availability\" content=\"instock\" \/>\n<meta property=\"product:availability\" content=\"instock\" \/>\n<meta property=\"product:retailer_item_id\" content=\"li\" \/>\n<meta property=\"product:condition\" content=\"new\" \/>\n<!-- \/ Yoast SEO Premium plugin. -->","yoast_head_json":{"title":"LINSEEDS L\u012aNSEKLAS - cosmetic.lv","robots":{"index":"index","follow":"follow","max-snippet":"max-snippet:-1","max-image-preview":"max-image-preview:large","max-video-preview":"max-video-preview:-1"},"canonical":"https:\/\/cosmetic.lv\/lv\/product\/linseeds-linseklas\/","og_locale":"lv_LV","og_type":"article","og_title":"LINSEEDS L\u012aNSEKLAS","og_description":"Untitled document Audz\u0113tas biolo\u0123iskaj\u0101 saimniec\u012bb\u0101 Lins\u0113klas satur olbaltumvielas, og\u013chidr\u0101tus, &omega; Omega3 un &omega; Omega6 (Las\u012bt v\u0113l&#8230;) neaizvietojam\u0101s tauksk\u0101bes, &scaron;\u0137\u012bsto&scaron;\u0101s un","og_url":"https:\/\/cosmetic.lv\/lv\/product\/linseeds-linseklas\/","og_site_name":"cosmetic.lv","article_publisher":"https:\/\/www.facebook.com\/cosmetic.lv\/","og_image":[{"width":292,"height":292,"url":"https:\/\/cosmetic.lv\/wp-content\/uploads\/2021\/02\/ljanasemena-4.jpg","type":"image\/jpeg"}],"twitter_card":"summary_large_image","schema":{"@context":"https:\/\/schema.org","@graph":[{"@type":"WebPage","@id":"https:\/\/cosmetic.lv\/lv\/product\/linseeds-linseklas\/","url":"https:\/\/cosmetic.lv\/lv\/product\/linseeds-linseklas\/","name":"LINSEEDS L\u012aNSEKLAS - cosmetic.lv","isPartOf":{"@id":"https:\/\/cosmetic.lv\/lv\/#website"},"primaryImageOfPage":{"@id":"https:\/\/cosmetic.lv\/lv\/product\/linseeds-linseklas\/#primaryimage"},"image":{"@id":"https:\/\/cosmetic.lv\/lv\/product\/linseeds-linseklas\/#primaryimage"},"thumbnailUrl":"https:\/\/cosmetic.lv\/wp-content\/uploads\/2021\/02\/ljanasemena-4.jpg","datePublished":"2021-02-06T17:51:21+00:00","breadcrumb":{"@id":"https:\/\/cosmetic.lv\/lv\/product\/linseeds-linseklas\/#breadcrumb"},"inLanguage":"lv-LV","potentialAction":[{"@type":"ReadAction","target":["https:\/\/cosmetic.lv\/lv\/product\/linseeds-linseklas\/"]}]},{"@type":"ImageObject","inLanguage":"lv-LV","@id":"https:\/\/cosmetic.lv\/lv\/product\/linseeds-linseklas\/#primaryimage","url":"https:\/\/cosmetic.lv\/wp-content\/uploads\/2021\/02\/ljanasemena-4.jpg","contentUrl":"https:\/\/cosmetic.lv\/wp-content\/uploads\/2021\/02\/ljanasemena-4.jpg","width":292,"height":292,"caption":"ljanasemena.jpg"},{"@type":"BreadcrumbList","@id":"https:\/\/cosmetic.lv\/lv\/product\/linseeds-linseklas\/#breadcrumb","itemListElement":[{"@type":"ListItem","position":1,"name":"Home","item":"https:\/\/cosmetic.lv\/lv\/"},{"@type":"ListItem","position":2,"name":"Veikals","item":"https:\/\/cosmetic.lv\/lv\/veiklas\/"},{"@type":"ListItem","position":3,"name":"LINSEEDS L\u012aNSEKLAS"}]},{"@type":"WebSite","@id":"https:\/\/cosmetic.lv\/lv\/#website","url":"https:\/\/cosmetic.lv\/lv\/","name":"cosmetic.lv","description":"Profesion\u0101la kosm\u0113tika - Maria Galland, Keune, Arkadija, GMT, Guam, Magiray","publisher":{"@id":"https:\/\/cosmetic.lv\/lv\/#organization"},"potentialAction":[{"@type":"SearchAction","target":{"@type":"EntryPoint","urlTemplate":"https:\/\/cosmetic.lv\/lv\/?s={search_term_string}"},"query-input":{"@type":"PropertyValueSpecification","valueRequired":true,"valueName":"search_term_string"}}],"inLanguage":"lv-LV"},{"@type":"Organization","@id":"https:\/\/cosmetic.lv\/lv\/#organization","name":"COSMETIC.LV","url":"https:\/\/cosmetic.lv\/lv\/","logo":{"@type":"ImageObject","inLanguage":"lv-LV","@id":"https:\/\/cosmetic.lv\/lv\/#\/schema\/logo\/image\/","url":"https:\/\/cosmetic.lv\/wp-content\/uploads\/2021\/02\/cosmetic.lv_logo.jpg","contentUrl":"https:\/\/cosmetic.lv\/wp-content\/uploads\/2021\/02\/cosmetic.lv_logo.jpg","width":596,"height":196,"caption":"COSMETIC.LV"},"image":{"@id":"https:\/\/cosmetic.lv\/lv\/#\/schema\/logo\/image\/"},"sameAs":["https:\/\/www.facebook.com\/cosmetic.lv\/"]}]},"product_price_amount":"3.05","product_price_currency":"EUR","og_availability":"instock","product_availability":"instock","product_retailer_item_id":"li","product_condition":"new"},"_links":{"self":[{"href":"https:\/\/cosmetic.lv\/lv\/wp-json\/wp\/v2\/product\/34314","targetHints":{"allow":["GET"]}}],"collection":[{"href":"https:\/\/cosmetic.lv\/lv\/wp-json\/wp\/v2\/product"}],"about":[{"href":"https:\/\/cosmetic.lv\/lv\/wp-json\/wp\/v2\/types\/product"}],"wp:featuredmedia":[{"embeddable":true,"href":"https:\/\/cosmetic.lv\/lv\/wp-json\/wp\/v2\/media\/16295"}],"wp:attachment":[{"href":"https:\/\/cosmetic.lv\/lv\/wp-json\/wp\/v2\/media?parent=34314"}],"wp:term":[{"taxonomy":"product_brand","embeddable":true,"href":"https:\/\/cosmetic.lv\/lv\/wp-json\/wp\/v2\/product_brand?post=34314"},{"taxonomy":"product_cat","embeddable":true,"href":"https:\/\/cosmetic.lv\/lv\/wp-json\/wp\/v2\/product_cat?post=34314"},{"taxonomy":"product_tag","embeddable":true,"href":"https:\/\/cosmetic.lv\/lv\/wp-json\/wp\/v2\/product_tag?post=34314"}],"curies":[{"name":"wp","href":"https:\/\/api.w.org\/{rel}","templated":true}]}}