{"id":34315,"date":"2021-02-05T22:40:44","date_gmt":"2021-02-06T17:51:21","guid":{"rendered":"https:\/\/damme.lv\/product\/zavetas-zidkoka-ogasimunai\/"},"modified":"2021-02-06T19:51:22","modified_gmt":"2021-02-06T17:51:22","slug":"zavetas-zidkoka-ogasimunai","status":"publish","type":"product","link":"https:\/\/cosmetic.lv\/lv\/product\/zavetas-zidkoka-ogasimunai\/","title":{"rendered":"\u017d\u0101v\u0113tas z\u012bdkoka ogasim\u016bnai"},"content":{"rendered":"<p><!DOCTYPE html PUBLIC &quot;-\/\/W3C\/\/DTD XHTML 1.0 Transitional\/\/EN&quot; &quot;http:\/\/www.w3.org\/TR\/xhtml1\/DTD\/xhtml1-transitional.dtd&quot;><br \/>\n<html><br \/>\n<head><br \/>\n<title>Untitled document<\/title><br \/>\n<\/head><br \/>\n<body><\/p>\n<p>Z\u012bdkoka ogas tiek audz\u0113tas \u0100zijas valst\u012bs. Ogas p\u0113c gar&scaron;as un izskata ir l\u012bdz\u012bgas aven\u0113m, tikai balt\u0101 kr\u0101s\u0101 un v\u0113l sald\u0101kas par t\u0101m.  Z\u012bdkoka ogas ir dabisks C vitam\u012bna, dzelzs un magnija avots. Dzelzs un C vitam\u012bns  pal\u012bdz nodro&scaron;in\u0101t norm\u0101lu ener\u0123ijas ieguves vielmai\u0146u, pal\u012bdz samazin\u0101t nogurumu un nesp\u0113ku, veicina norm\u0101lu im\u016bnsist\u0113mas darb\u012bbu. Magnijs veicina norm\u0101lu musku\u013cu darb\u012bbu, pal\u012bdz uztur\u0113t zobu un kaulu vesel\u012bbu.  Mulberry herbals.lv  Lietojiet (~100 g) z\u012bdkoka ogas dien\u0101 cukuraino saldumu viet\u0101, k\u0101 ar\u012b koktei\u013cos, pievienojot brokastu muslim vai iek\u013caujiet desertu sast\u0101v\u0101. Lietot kop\u0101 ar da\u017e\u0101du un l\u012bdzsvarotu uzturu.  100 g produkta satur: Ener\u0123\u0113tisk\u0101 v\u0113rt\u012bba: 329 kcal\/1377 kJ Olbaltumvielas: 4,2 g Og\u013chidr\u0101ti: 75 g        no tiem: cukuri- 41..g Tauki: 1,5 g N\u0101trijs: 0,05 g Dzelzs: 9,5 mg (68% *) Kalcijs: 195 mg (24 %*) K\u0101lijs: 970 mg (48,5 %*) Fosfors: 190 mg (27%*) Magnijs: 90 mg (24%*) Vitam\u012bns C: 33 mg ( 41 %*)        *- % no ieteicam\u0101s diennakts devas (IDD)  Lieto&scaron;ana: k\u0101 vesel\u012bgu uzkodu nevesel\u012bgo saldumu viet\u0101, k\u0101 ar\u012b koktei\u013cos, pievienojiet brokastu muslim vai iek\u013caujiet desertu sast\u0101v\u0101  Iepakojums: 500g Izcelsmes valsts: Turcija<\/p>\n<p><\/body><br \/>\n<\/html><\/p>\n","protected":false},"excerpt":{"rendered":"<p>Untitled document Z\u012bdkoka ogas tiek audz\u0113tas \u0100zijas valst\u012bs. Ogas p\u0113c gar&scaron;as un izskata ir l\u012bdz\u012bgas aven\u0113m, tikai balt\u0101 kr\u0101s\u0101 un<\/p>\n","protected":false},"featured_media":16298,"template":"","meta":[],"product_brand":[],"product_cat":[2239,2250],"product_tag":[],"class_list":{"0":"post-34315","1":"product","2":"type-product","3":"status-publish","4":"has-post-thumbnail","6":"product_cat-uztura-bagatinataji-lv","7":"product_cat-visparnostiprinosi-lidzekli-lv","9":"first","10":"outofstock","11":"taxable","12":"shipping-taxable","13":"purchasable","14":"product-type-simple"},"yoast_head":"<!-- This site is optimized with the Yoast SEO Premium plugin v27.0 (Yoast SEO v27.0) - https:\/\/yoast.com\/product\/yoast-seo-premium-wordpress\/ -->\n<title>\u017d\u0101v\u0113tas z\u012bdkoka ogasim\u016bnai - cosmetic.lv<\/title>\n<meta name=\"robots\" content=\"index, follow, max-snippet:-1, max-image-preview:large, max-video-preview:-1\" \/>\n<link rel=\"canonical\" href=\"https:\/\/cosmetic.lv\/lv\/product\/zavetas-zidkoka-ogasimunai\/\" \/>\n<meta property=\"og:locale\" content=\"lv_LV\" \/>\n<meta property=\"og:type\" content=\"article\" \/>\n<meta property=\"og:title\" content=\"\u017d\u0101v\u0113tas z\u012bdkoka ogasim\u016bnai\" \/>\n<meta property=\"og:description\" content=\"Untitled document Z\u012bdkoka ogas tiek audz\u0113tas \u0100zijas valst\u012bs. Ogas p\u0113c gar&scaron;as un izskata ir l\u012bdz\u012bgas aven\u0113m, tikai balt\u0101 kr\u0101s\u0101 un\" \/>\n<meta property=\"og:url\" content=\"https:\/\/cosmetic.lv\/lv\/product\/zavetas-zidkoka-ogasimunai\/\" \/>\n<meta property=\"og:site_name\" content=\"cosmetic.lv\" \/>\n<meta property=\"article:publisher\" content=\"https:\/\/www.facebook.com\/cosmetic.lv\/\" \/>\n<meta property=\"article:modified_time\" content=\"2021-02-06T17:51:22+00:00\" \/>\n<meta property=\"og:image\" content=\"https:\/\/cosmetic.lv\/wp-content\/uploads\/2021\/02\/shelkovogash-4.jpg\" \/>\n\t<meta property=\"og:image:width\" content=\"302\" \/>\n\t<meta property=\"og:image:height\" content=\"302\" \/>\n\t<meta property=\"og:image:type\" content=\"image\/jpeg\" \/>\n<meta name=\"twitter:card\" content=\"summary_large_image\" \/>\n<script type=\"application\/ld+json\" class=\"yoast-schema-graph\">{\"@context\":\"https:\/\/schema.org\",\"@graph\":[{\"@type\":\"WebPage\",\"@id\":\"https:\/\/cosmetic.lv\/lv\/product\/zavetas-zidkoka-ogasimunai\/\",\"url\":\"https:\/\/cosmetic.lv\/lv\/product\/zavetas-zidkoka-ogasimunai\/\",\"name\":\"\u017d\u0101v\u0113tas z\u012bdkoka ogasim\u016bnai - cosmetic.lv\",\"isPartOf\":{\"@id\":\"https:\/\/cosmetic.lv\/lv\/#website\"},\"primaryImageOfPage\":{\"@id\":\"https:\/\/cosmetic.lv\/lv\/product\/zavetas-zidkoka-ogasimunai\/#primaryimage\"},\"image\":{\"@id\":\"https:\/\/cosmetic.lv\/lv\/product\/zavetas-zidkoka-ogasimunai\/#primaryimage\"},\"thumbnailUrl\":\"https:\/\/cosmetic.lv\/wp-content\/uploads\/2021\/02\/shelkovogash-4.jpg\",\"datePublished\":\"2021-02-06T17:51:21+00:00\",\"dateModified\":\"2021-02-06T17:51:22+00:00\",\"breadcrumb\":{\"@id\":\"https:\/\/cosmetic.lv\/lv\/product\/zavetas-zidkoka-ogasimunai\/#breadcrumb\"},\"inLanguage\":\"lv-LV\",\"potentialAction\":[{\"@type\":\"ReadAction\",\"target\":[\"https:\/\/cosmetic.lv\/lv\/product\/zavetas-zidkoka-ogasimunai\/\"]}]},{\"@type\":\"ImageObject\",\"inLanguage\":\"lv-LV\",\"@id\":\"https:\/\/cosmetic.lv\/lv\/product\/zavetas-zidkoka-ogasimunai\/#primaryimage\",\"url\":\"https:\/\/cosmetic.lv\/wp-content\/uploads\/2021\/02\/shelkovogash-4.jpg\",\"contentUrl\":\"https:\/\/cosmetic.lv\/wp-content\/uploads\/2021\/02\/shelkovogash-4.jpg\",\"width\":302,\"height\":302,\"caption\":\"shelkovogash.jpg\"},{\"@type\":\"BreadcrumbList\",\"@id\":\"https:\/\/cosmetic.lv\/lv\/product\/zavetas-zidkoka-ogasimunai\/#breadcrumb\",\"itemListElement\":[{\"@type\":\"ListItem\",\"position\":1,\"name\":\"Home\",\"item\":\"https:\/\/cosmetic.lv\/lv\/\"},{\"@type\":\"ListItem\",\"position\":2,\"name\":\"Veikals\",\"item\":\"https:\/\/cosmetic.lv\/lv\/veiklas\/\"},{\"@type\":\"ListItem\",\"position\":3,\"name\":\"\u017d\u0101v\u0113tas z\u012bdkoka ogasim\u016bnai\"}]},{\"@type\":\"WebSite\",\"@id\":\"https:\/\/cosmetic.lv\/lv\/#website\",\"url\":\"https:\/\/cosmetic.lv\/lv\/\",\"name\":\"cosmetic.lv\",\"description\":\"Profesion\u0101la kosm\u0113tika - Maria Galland, Keune, Arkadija, GMT, Guam, Magiray\",\"publisher\":{\"@id\":\"https:\/\/cosmetic.lv\/lv\/#organization\"},\"potentialAction\":[{\"@type\":\"SearchAction\",\"target\":{\"@type\":\"EntryPoint\",\"urlTemplate\":\"https:\/\/cosmetic.lv\/lv\/?s={search_term_string}\"},\"query-input\":{\"@type\":\"PropertyValueSpecification\",\"valueRequired\":true,\"valueName\":\"search_term_string\"}}],\"inLanguage\":\"lv-LV\"},{\"@type\":\"Organization\",\"@id\":\"https:\/\/cosmetic.lv\/lv\/#organization\",\"name\":\"COSMETIC.LV\",\"url\":\"https:\/\/cosmetic.lv\/lv\/\",\"logo\":{\"@type\":\"ImageObject\",\"inLanguage\":\"lv-LV\",\"@id\":\"https:\/\/cosmetic.lv\/lv\/#\/schema\/logo\/image\/\",\"url\":\"https:\/\/cosmetic.lv\/wp-content\/uploads\/2021\/02\/cosmetic.lv_logo.jpg\",\"contentUrl\":\"https:\/\/cosmetic.lv\/wp-content\/uploads\/2021\/02\/cosmetic.lv_logo.jpg\",\"width\":596,\"height\":196,\"caption\":\"COSMETIC.LV\"},\"image\":{\"@id\":\"https:\/\/cosmetic.lv\/lv\/#\/schema\/logo\/image\/\"},\"sameAs\":[\"https:\/\/www.facebook.com\/cosmetic.lv\/\"]}]}<\/script>\n<meta property=\"product:price:amount\" content=\"12.20\" \/>\n<meta property=\"product:price:currency\" content=\"EUR\" \/>\n<meta property=\"og:availability\" content=\"out of stock\" \/>\n<meta property=\"product:availability\" content=\"out of stock\" \/>\n<meta property=\"product:retailer_item_id\" content=\"mul\" \/>\n<meta property=\"product:condition\" content=\"new\" \/>\n<!-- \/ Yoast SEO Premium plugin. -->","yoast_head_json":{"title":"\u017d\u0101v\u0113tas z\u012bdkoka ogasim\u016bnai - cosmetic.lv","robots":{"index":"index","follow":"follow","max-snippet":"max-snippet:-1","max-image-preview":"max-image-preview:large","max-video-preview":"max-video-preview:-1"},"canonical":"https:\/\/cosmetic.lv\/lv\/product\/zavetas-zidkoka-ogasimunai\/","og_locale":"lv_LV","og_type":"article","og_title":"\u017d\u0101v\u0113tas z\u012bdkoka ogasim\u016bnai","og_description":"Untitled document Z\u012bdkoka ogas tiek audz\u0113tas \u0100zijas valst\u012bs. Ogas p\u0113c gar&scaron;as un izskata ir l\u012bdz\u012bgas aven\u0113m, tikai balt\u0101 kr\u0101s\u0101 un","og_url":"https:\/\/cosmetic.lv\/lv\/product\/zavetas-zidkoka-ogasimunai\/","og_site_name":"cosmetic.lv","article_publisher":"https:\/\/www.facebook.com\/cosmetic.lv\/","article_modified_time":"2021-02-06T17:51:22+00:00","og_image":[{"width":302,"height":302,"url":"https:\/\/cosmetic.lv\/wp-content\/uploads\/2021\/02\/shelkovogash-4.jpg","type":"image\/jpeg"}],"twitter_card":"summary_large_image","schema":{"@context":"https:\/\/schema.org","@graph":[{"@type":"WebPage","@id":"https:\/\/cosmetic.lv\/lv\/product\/zavetas-zidkoka-ogasimunai\/","url":"https:\/\/cosmetic.lv\/lv\/product\/zavetas-zidkoka-ogasimunai\/","name":"\u017d\u0101v\u0113tas z\u012bdkoka ogasim\u016bnai - cosmetic.lv","isPartOf":{"@id":"https:\/\/cosmetic.lv\/lv\/#website"},"primaryImageOfPage":{"@id":"https:\/\/cosmetic.lv\/lv\/product\/zavetas-zidkoka-ogasimunai\/#primaryimage"},"image":{"@id":"https:\/\/cosmetic.lv\/lv\/product\/zavetas-zidkoka-ogasimunai\/#primaryimage"},"thumbnailUrl":"https:\/\/cosmetic.lv\/wp-content\/uploads\/2021\/02\/shelkovogash-4.jpg","datePublished":"2021-02-06T17:51:21+00:00","dateModified":"2021-02-06T17:51:22+00:00","breadcrumb":{"@id":"https:\/\/cosmetic.lv\/lv\/product\/zavetas-zidkoka-ogasimunai\/#breadcrumb"},"inLanguage":"lv-LV","potentialAction":[{"@type":"ReadAction","target":["https:\/\/cosmetic.lv\/lv\/product\/zavetas-zidkoka-ogasimunai\/"]}]},{"@type":"ImageObject","inLanguage":"lv-LV","@id":"https:\/\/cosmetic.lv\/lv\/product\/zavetas-zidkoka-ogasimunai\/#primaryimage","url":"https:\/\/cosmetic.lv\/wp-content\/uploads\/2021\/02\/shelkovogash-4.jpg","contentUrl":"https:\/\/cosmetic.lv\/wp-content\/uploads\/2021\/02\/shelkovogash-4.jpg","width":302,"height":302,"caption":"shelkovogash.jpg"},{"@type":"BreadcrumbList","@id":"https:\/\/cosmetic.lv\/lv\/product\/zavetas-zidkoka-ogasimunai\/#breadcrumb","itemListElement":[{"@type":"ListItem","position":1,"name":"Home","item":"https:\/\/cosmetic.lv\/lv\/"},{"@type":"ListItem","position":2,"name":"Veikals","item":"https:\/\/cosmetic.lv\/lv\/veiklas\/"},{"@type":"ListItem","position":3,"name":"\u017d\u0101v\u0113tas z\u012bdkoka ogasim\u016bnai"}]},{"@type":"WebSite","@id":"https:\/\/cosmetic.lv\/lv\/#website","url":"https:\/\/cosmetic.lv\/lv\/","name":"cosmetic.lv","description":"Profesion\u0101la kosm\u0113tika - Maria Galland, Keune, Arkadija, GMT, Guam, Magiray","publisher":{"@id":"https:\/\/cosmetic.lv\/lv\/#organization"},"potentialAction":[{"@type":"SearchAction","target":{"@type":"EntryPoint","urlTemplate":"https:\/\/cosmetic.lv\/lv\/?s={search_term_string}"},"query-input":{"@type":"PropertyValueSpecification","valueRequired":true,"valueName":"search_term_string"}}],"inLanguage":"lv-LV"},{"@type":"Organization","@id":"https:\/\/cosmetic.lv\/lv\/#organization","name":"COSMETIC.LV","url":"https:\/\/cosmetic.lv\/lv\/","logo":{"@type":"ImageObject","inLanguage":"lv-LV","@id":"https:\/\/cosmetic.lv\/lv\/#\/schema\/logo\/image\/","url":"https:\/\/cosmetic.lv\/wp-content\/uploads\/2021\/02\/cosmetic.lv_logo.jpg","contentUrl":"https:\/\/cosmetic.lv\/wp-content\/uploads\/2021\/02\/cosmetic.lv_logo.jpg","width":596,"height":196,"caption":"COSMETIC.LV"},"image":{"@id":"https:\/\/cosmetic.lv\/lv\/#\/schema\/logo\/image\/"},"sameAs":["https:\/\/www.facebook.com\/cosmetic.lv\/"]}]},"product_price_amount":"12.20","product_price_currency":"EUR","og_availability":"out of stock","product_availability":"out of stock","product_retailer_item_id":"mul","product_condition":"new"},"_links":{"self":[{"href":"https:\/\/cosmetic.lv\/lv\/wp-json\/wp\/v2\/product\/34315","targetHints":{"allow":["GET"]}}],"collection":[{"href":"https:\/\/cosmetic.lv\/lv\/wp-json\/wp\/v2\/product"}],"about":[{"href":"https:\/\/cosmetic.lv\/lv\/wp-json\/wp\/v2\/types\/product"}],"wp:featuredmedia":[{"embeddable":true,"href":"https:\/\/cosmetic.lv\/lv\/wp-json\/wp\/v2\/media\/16298"}],"wp:attachment":[{"href":"https:\/\/cosmetic.lv\/lv\/wp-json\/wp\/v2\/media?parent=34315"}],"wp:term":[{"taxonomy":"product_brand","embeddable":true,"href":"https:\/\/cosmetic.lv\/lv\/wp-json\/wp\/v2\/product_brand?post=34315"},{"taxonomy":"product_cat","embeddable":true,"href":"https:\/\/cosmetic.lv\/lv\/wp-json\/wp\/v2\/product_cat?post=34315"},{"taxonomy":"product_tag","embeddable":true,"href":"https:\/\/cosmetic.lv\/lv\/wp-json\/wp\/v2\/product_tag?post=34315"}],"curies":[{"name":"wp","href":"https:\/\/api.w.org\/{rel}","templated":true}]}}