{"id":34317,"date":"2021-02-05T22:40:44","date_gmt":"2021-02-06T17:51:21","guid":{"rendered":"https:\/\/damme.lv\/product\/josta-elastiga-kamielu-vilnas\/"},"modified":"2021-02-06T19:51:23","modified_gmt":"2021-02-06T17:51:23","slug":"josta-elastiga-kamielu-vilnas","status":"publish","type":"product","link":"https:\/\/cosmetic.lv\/lv\/product\/josta-elastiga-kamielu-vilnas\/","title":{"rendered":"Josta elast\u012bga kamie\u013cu vilnas"},"content":{"rendered":"<p><!DOCTYPE html PUBLIC &quot;-\/\/W3C\/\/DTD XHTML 1.0 Transitional\/\/EN&quot; &quot;http:\/\/www.w3.org\/TR\/xhtml1\/DTD\/xhtml1-transitional.dtd&quot;><br \/>\n<html><br \/>\n<head><br \/>\n<title>Untitled document<\/title><br \/>\n<\/head><br \/>\n<body><\/p>\n<p>Kamie\u013cu matu siksna ir paredz\u0113ta, lai sasild\u012btu jumta &scaron;akni. Tas ir dziedino&scaron;s efekts radikul\u012bta, reimatisma, iekaisuma procesos jostas rajon\u0101 un maz\u0101 iegur\u0146a. Neuztur kust\u012bbas, m\u012bksta un nodilumiztur\u012bga. Pat \u013coti aukst\u0101 veid\u0101 saglab\u0101 dabisko \u0137erme\u0146a temperat\u016bru, pateicoties izcilai siltumizol\u0101cijai, pateicoties vates lieto&scaron;anai. Vilnas smag\u0101 strukt\u016bra, kas j\u016btama pat ar pl\u0101nas auduma auduma, izraisa refleksus fiziolo\u0123iskas reakcijas, kuru m\u0113r\u0137is ir palielin\u0101t asinsriti luminiscara rajon\u0101. Tas noved pie uzlabojumiem vielmai\u0146as procesos \u0101d\u0101, zem\u0101das audos, musku\u013cos, sait\u0113s, starpskrieme\u013cu loc\u012btav\u0101s un diskos. T\u0101 rezult\u0101t\u0101 samazin\u0101s s\u0101p\u012bgs musku\u013cu sasprindzin\u0101jums un uzlabojas mugurkaula kust\u012bgums. Sast\u0101v\u0101 eso&scaron;\u0101s stiprin\u0101juma \u012bpa&scaron;\u012bbas un &quot;stingrin\u0101&scaron;anas ribas&quot; izmanto, lai nov\u0113rstu slouc\u0113&scaron;anu, st\u0101jas trauc\u0113jumus (kifozi, skoliozi) b\u0113rniem un pieaugu&scaron;ajiem. Nov\u0113r&scaron; visp\u0101r\u0113ju nogurumu, p\u0101rm\u0113r\u012bgu muguras musku\u013cu sasprindzin\u0101jumu. Veido pareizu st\u0101ju, sievietes uzsver cie\u0146as cie\u0146u, padara v\u012brie&scaron;us par vieglu un sportisku. Camel vilnai ir daudzas paz\u012bmes, kas to at&scaron;\u0137ir no cita veida vilnas un sniedz tai patiesi unik\u0101las \u0101rstniecisk\u0101s \u012bpa&scaron;\u012bbas. Tas ir vair\u0101k nek\u0101 divas reizes viegl\u0101ks par ait\u0101m un turkl\u0101t daudz sp\u0113c\u012bg\u0101ks. Kampu mati ir dobi, kas nodro&scaron;ina to ar papildu izol\u0101cijas \u012bpa&scaron;\u012bb\u0101m un vieglumu. Sakar\u0101 ar noteiktu biotopu biolo\u0123iski akt\u012bv\u0101s vielas (BAS) uzkr\u0101jas kamie\u013cu matiem, kas labv\u0113l\u012bgi ietekm\u0113 cilv\u0113ku vesel\u012bbu. Josta rada siltumizol\u0101ciju, sildot slimos org\u0101nus, un ciet\u0101s kaudzes izvirz\u012btie padomi kairina \u0101du un ar nervu galiem, kas savienoti ar iek&scaron;\u0113jiem org\u0101niem, pal\u012bdz biolo\u0123iski akt\u012bv\u0101m viel\u0101m (BAS) iek\u013c\u016bt cilv\u0113ka \u0137ermen\u012b. Ar\u012b vilna sp\u0113j neitraliz\u0113t negat\u012bv\u0101s elektrisk\u0101s str\u0101vas padeves, kas pal\u012bdz mazin\u0101t s\u0101pes, nervu spriedzi un normaliz\u0113 visa organisma tonusu. T\u0101s lieto&scaron;ana palielina jebk\u0101das \u0101rst\u0113&scaron;anas metodes terapeitisko iedarb\u012bbu.  Radikul\u012bts, i&scaron;iass un optiskais neir\u012bts ir ak\u016bti un hroniski iekaisumi mugurkaul\u0101, nier\u0113s un loc\u012btav\u0101s. &Scaron;\u012bs slim\u012bbas izj\u016bt pat karstuma \u0101rst\u0113&scaron;anu. Viegl\u0101kais veids, k\u0101 mazin\u0101t s\u0101pes jostas rajon\u0101, ir elast\u012bgs jostas siksna, kas izgatavota no su\u0146u matiem. Tas ir vienk\u0101r&scaron;i nepiecie&scaron;ams cilv\u0113kiem, kuri past\u0101v\u012bgi str\u0101d\u0101 pie velkoni &#8211; autovad\u012bt\u0101ji, d\u0101rznieki, t\u016bristi. Jostu pati ir viegli apstr\u0101d\u0101jama, stingri piestiprin\u0101ta \u0137ermenim un ir neredzama ap\u0123\u0113rba d\u0113\u013c. Saskar\u0113 ar \u0101du vilna veic mikro mas\u0101\u017ea, kas uzlabo asins mikrocirkul\u0101ciju. Indik\u0101cijas: &#8211; maz\u0101 iegur\u0146a un muguras iek&scaron;\u0113jo org\u0101nu slim\u012bbu \u0101rst\u0113&scaron;ana un profilakse; &#8211; radicul\u012bta, osteohondrozes, reimatisma, spondilozes, osteoporozes, mugurkaulu osteohondrop\u0101tijas, lumbago, astik\u0101, neir\u012bta uc \u0101rst\u0113&scaron;ana un profilakse; &#8211; ur\u012bn\u0101s sist\u0113mas slim\u012bbu \u0101rst\u0113&scaron;ana un profilakse (cist\u012bts, pielonefr\u012bts, nefr\u012bts, prostat\u012bts utt.); &#8211; ur\u012bnce\u013cu slim\u012bbu \u0101rst\u0113&scaron;ana un profilakse; &#8211; uztur\u0113t fiziskas un seksu\u0101las darb\u012bbas v\u012brie&scaron;iem; &#8211; sievie&scaron;u iekaisuma procesu \u0101rst\u0113&scaron;ana un profilakse (adnex\u012bts, oofol\u012bts, salpeng\u012bts utt.), atk\u0101rtotas s\u0101pes; &#8211; slaida skait\u013ca, pozas korekcijas saglab\u0101&scaron;ana; &#8211; darbs aukstuma apst\u0101k\u013cos, mitrum\u0101, projektos; &#8211; akt\u012bv\u0101 sporta, mak&scaron;\u0137er\u0113&scaron;anas, med\u012bbas laik\u0101, darb\u0101 saist\u012bb\u0101 ar zemu mobilit\u0101ti un valst\u012b; &#8211; nervu saspie\u017ees \u0101rst\u0113&scaron;ana un nov\u0113r&scaron;ana, starpskrieme\u013cu tr\u016bce, muguras no ievainojumiem aizsardz\u012bba; &#8211; rehabilit\u0101cijas period\u0101 p\u0113c ievainojumiem un mugurkaul\u0101ja kakla oper\u0101cij\u0101m  Lietojums: Josta valk\u0101jama jostasviet\u0101 ar vilnu l\u012bdz plankumainai gan neapbru\u0146otu \u0137ermeni, gan apak&scaron;\u0113jo kokvilnas apak&scaron;ve\u013cu.  K\u0101 r\u016bp\u0113ties par dabisk\u0101s vates izstr\u0101d\u0101jumiem Nomazg\u0101jiet silt\u0101 \u016bden\u012b, ne augst\u0101k k\u0101 30 &deg; C, izmantojot mazg\u0101&scaron;anas l\u012bdzek\u013cus, kas paredz\u0113ti dabisk\u0101s vates apstr\u0101dei. V\u0113lamais roku mazg\u0101&scaron;ana vai ma&scaron;\u012bna \u012bpa&scaron;\u0101 re\u017e\u012bm\u0101 &quot;Vilna&quot;. Nevar izspiest centrif\u016bg\u0101 un \u017e\u0101v\u0113t saul\u0113. Sausais iztaisnots.   82-87 cm &#8211; L 82-98 cm XL 99-109cm  XXL<\/p>\n<p><\/body><br \/>\n<\/html><\/p>\n","protected":false},"excerpt":{"rendered":"<p>Untitled document Kamie\u013cu matu siksna ir paredz\u0113ta, lai sasild\u012btu jumta &scaron;akni. Tas ir dziedino&scaron;s efekts radikul\u012bta, reimatisma, iekaisuma procesos jostas<\/p>\n","protected":false},"featured_media":16304,"template":"","meta":[],"product_brand":[],"product_cat":[2231,2235],"product_tag":[],"class_list":{"0":"post-34317","1":"product","2":"type-product","3":"status-publish","4":"has-post-thumbnail","6":"product_cat-atveselojosas-preces-lv","7":"product_cat-kermenim-lv","9":"first","10":"instock","11":"sale","12":"taxable","13":"shipping-taxable","14":"purchasable","15":"product-type-simple"},"yoast_head":"<!-- This site is optimized with the Yoast SEO Premium plugin v27.0 (Yoast SEO v27.0) - https:\/\/yoast.com\/product\/yoast-seo-premium-wordpress\/ -->\n<title>Josta elast\u012bga kamie\u013cu vilnas - cosmetic.lv<\/title>\n<meta name=\"robots\" content=\"index, follow, max-snippet:-1, max-image-preview:large, max-video-preview:-1\" \/>\n<link rel=\"canonical\" href=\"https:\/\/cosmetic.lv\/lv\/product\/josta-elastiga-kamielu-vilnas\/\" \/>\n<meta property=\"og:locale\" content=\"lv_LV\" \/>\n<meta property=\"og:type\" content=\"article\" \/>\n<meta property=\"og:title\" content=\"Josta elast\u012bga kamie\u013cu vilnas\" \/>\n<meta property=\"og:description\" content=\"Untitled document Kamie\u013cu matu siksna ir paredz\u0113ta, lai sasild\u012btu jumta &scaron;akni. Tas ir dziedino&scaron;s efekts radikul\u012bta, reimatisma, iekaisuma procesos jostas\" \/>\n<meta property=\"og:url\" content=\"https:\/\/cosmetic.lv\/lv\/product\/josta-elastiga-kamielu-vilnas\/\" \/>\n<meta property=\"og:site_name\" content=\"cosmetic.lv\" \/>\n<meta property=\"article:publisher\" content=\"https:\/\/www.facebook.com\/cosmetic.lv\/\" \/>\n<meta property=\"article:modified_time\" content=\"2021-02-06T17:51:23+00:00\" \/>\n<meta property=\"og:image\" content=\"https:\/\/cosmetic.lv\/wp-content\/uploads\/2021\/02\/orig-4.jpg\" \/>\n\t<meta property=\"og:image:width\" content=\"573\" \/>\n\t<meta property=\"og:image:height\" content=\"482\" \/>\n\t<meta property=\"og:image:type\" content=\"image\/jpeg\" \/>\n<meta name=\"twitter:card\" content=\"summary_large_image\" \/>\n<script type=\"application\/ld+json\" class=\"yoast-schema-graph\">{\"@context\":\"https:\/\/schema.org\",\"@graph\":[{\"@type\":\"WebPage\",\"@id\":\"https:\/\/cosmetic.lv\/lv\/product\/josta-elastiga-kamielu-vilnas\/\",\"url\":\"https:\/\/cosmetic.lv\/lv\/product\/josta-elastiga-kamielu-vilnas\/\",\"name\":\"Josta elast\u012bga kamie\u013cu vilnas - cosmetic.lv\",\"isPartOf\":{\"@id\":\"https:\/\/cosmetic.lv\/lv\/#website\"},\"primaryImageOfPage\":{\"@id\":\"https:\/\/cosmetic.lv\/lv\/product\/josta-elastiga-kamielu-vilnas\/#primaryimage\"},\"image\":{\"@id\":\"https:\/\/cosmetic.lv\/lv\/product\/josta-elastiga-kamielu-vilnas\/#primaryimage\"},\"thumbnailUrl\":\"https:\/\/cosmetic.lv\/wp-content\/uploads\/2021\/02\/orig-4.jpg\",\"datePublished\":\"2021-02-06T17:51:21+00:00\",\"dateModified\":\"2021-02-06T17:51:23+00:00\",\"breadcrumb\":{\"@id\":\"https:\/\/cosmetic.lv\/lv\/product\/josta-elastiga-kamielu-vilnas\/#breadcrumb\"},\"inLanguage\":\"lv-LV\",\"potentialAction\":[{\"@type\":\"ReadAction\",\"target\":[\"https:\/\/cosmetic.lv\/lv\/product\/josta-elastiga-kamielu-vilnas\/\"]}]},{\"@type\":\"ImageObject\",\"inLanguage\":\"lv-LV\",\"@id\":\"https:\/\/cosmetic.lv\/lv\/product\/josta-elastiga-kamielu-vilnas\/#primaryimage\",\"url\":\"https:\/\/cosmetic.lv\/wp-content\/uploads\/2021\/02\/orig-4.jpg\",\"contentUrl\":\"https:\/\/cosmetic.lv\/wp-content\/uploads\/2021\/02\/orig-4.jpg\",\"width\":573,\"height\":482,\"caption\":\"orig.jpg\"},{\"@type\":\"BreadcrumbList\",\"@id\":\"https:\/\/cosmetic.lv\/lv\/product\/josta-elastiga-kamielu-vilnas\/#breadcrumb\",\"itemListElement\":[{\"@type\":\"ListItem\",\"position\":1,\"name\":\"Home\",\"item\":\"https:\/\/cosmetic.lv\/lv\/\"},{\"@type\":\"ListItem\",\"position\":2,\"name\":\"Veikals\",\"item\":\"https:\/\/cosmetic.lv\/lv\/veiklas\/\"},{\"@type\":\"ListItem\",\"position\":3,\"name\":\"Josta elast\u012bga kamie\u013cu vilnas\"}]},{\"@type\":\"WebSite\",\"@id\":\"https:\/\/cosmetic.lv\/lv\/#website\",\"url\":\"https:\/\/cosmetic.lv\/lv\/\",\"name\":\"cosmetic.lv\",\"description\":\"Profesion\u0101la kosm\u0113tika - Maria Galland, Keune, Arkadija, GMT, Guam, Magiray\",\"publisher\":{\"@id\":\"https:\/\/cosmetic.lv\/lv\/#organization\"},\"potentialAction\":[{\"@type\":\"SearchAction\",\"target\":{\"@type\":\"EntryPoint\",\"urlTemplate\":\"https:\/\/cosmetic.lv\/lv\/?s={search_term_string}\"},\"query-input\":{\"@type\":\"PropertyValueSpecification\",\"valueRequired\":true,\"valueName\":\"search_term_string\"}}],\"inLanguage\":\"lv-LV\"},{\"@type\":\"Organization\",\"@id\":\"https:\/\/cosmetic.lv\/lv\/#organization\",\"name\":\"COSMETIC.LV\",\"url\":\"https:\/\/cosmetic.lv\/lv\/\",\"logo\":{\"@type\":\"ImageObject\",\"inLanguage\":\"lv-LV\",\"@id\":\"https:\/\/cosmetic.lv\/lv\/#\/schema\/logo\/image\/\",\"url\":\"https:\/\/cosmetic.lv\/wp-content\/uploads\/2021\/02\/cosmetic.lv_logo.jpg\",\"contentUrl\":\"https:\/\/cosmetic.lv\/wp-content\/uploads\/2021\/02\/cosmetic.lv_logo.jpg\",\"width\":596,\"height\":196,\"caption\":\"COSMETIC.LV\"},\"image\":{\"@id\":\"https:\/\/cosmetic.lv\/lv\/#\/schema\/logo\/image\/\"},\"sameAs\":[\"https:\/\/www.facebook.com\/cosmetic.lv\/\"]}]}<\/script>\n<meta property=\"product:price:amount\" content=\"15.26\" \/>\n<meta property=\"product:price:currency\" content=\"EUR\" \/>\n<meta property=\"og:availability\" content=\"instock\" \/>\n<meta property=\"product:availability\" content=\"instock\" \/>\n<meta property=\"product:retailer_item_id\" content=\"KM\" \/>\n<meta property=\"product:condition\" content=\"new\" \/>\n<!-- \/ Yoast SEO Premium plugin. -->","yoast_head_json":{"title":"Josta elast\u012bga kamie\u013cu vilnas - cosmetic.lv","robots":{"index":"index","follow":"follow","max-snippet":"max-snippet:-1","max-image-preview":"max-image-preview:large","max-video-preview":"max-video-preview:-1"},"canonical":"https:\/\/cosmetic.lv\/lv\/product\/josta-elastiga-kamielu-vilnas\/","og_locale":"lv_LV","og_type":"article","og_title":"Josta elast\u012bga kamie\u013cu vilnas","og_description":"Untitled document Kamie\u013cu matu siksna ir paredz\u0113ta, lai sasild\u012btu jumta &scaron;akni. Tas ir dziedino&scaron;s efekts radikul\u012bta, reimatisma, iekaisuma procesos jostas","og_url":"https:\/\/cosmetic.lv\/lv\/product\/josta-elastiga-kamielu-vilnas\/","og_site_name":"cosmetic.lv","article_publisher":"https:\/\/www.facebook.com\/cosmetic.lv\/","article_modified_time":"2021-02-06T17:51:23+00:00","og_image":[{"width":573,"height":482,"url":"https:\/\/cosmetic.lv\/wp-content\/uploads\/2021\/02\/orig-4.jpg","type":"image\/jpeg"}],"twitter_card":"summary_large_image","schema":{"@context":"https:\/\/schema.org","@graph":[{"@type":"WebPage","@id":"https:\/\/cosmetic.lv\/lv\/product\/josta-elastiga-kamielu-vilnas\/","url":"https:\/\/cosmetic.lv\/lv\/product\/josta-elastiga-kamielu-vilnas\/","name":"Josta elast\u012bga kamie\u013cu vilnas - cosmetic.lv","isPartOf":{"@id":"https:\/\/cosmetic.lv\/lv\/#website"},"primaryImageOfPage":{"@id":"https:\/\/cosmetic.lv\/lv\/product\/josta-elastiga-kamielu-vilnas\/#primaryimage"},"image":{"@id":"https:\/\/cosmetic.lv\/lv\/product\/josta-elastiga-kamielu-vilnas\/#primaryimage"},"thumbnailUrl":"https:\/\/cosmetic.lv\/wp-content\/uploads\/2021\/02\/orig-4.jpg","datePublished":"2021-02-06T17:51:21+00:00","dateModified":"2021-02-06T17:51:23+00:00","breadcrumb":{"@id":"https:\/\/cosmetic.lv\/lv\/product\/josta-elastiga-kamielu-vilnas\/#breadcrumb"},"inLanguage":"lv-LV","potentialAction":[{"@type":"ReadAction","target":["https:\/\/cosmetic.lv\/lv\/product\/josta-elastiga-kamielu-vilnas\/"]}]},{"@type":"ImageObject","inLanguage":"lv-LV","@id":"https:\/\/cosmetic.lv\/lv\/product\/josta-elastiga-kamielu-vilnas\/#primaryimage","url":"https:\/\/cosmetic.lv\/wp-content\/uploads\/2021\/02\/orig-4.jpg","contentUrl":"https:\/\/cosmetic.lv\/wp-content\/uploads\/2021\/02\/orig-4.jpg","width":573,"height":482,"caption":"orig.jpg"},{"@type":"BreadcrumbList","@id":"https:\/\/cosmetic.lv\/lv\/product\/josta-elastiga-kamielu-vilnas\/#breadcrumb","itemListElement":[{"@type":"ListItem","position":1,"name":"Home","item":"https:\/\/cosmetic.lv\/lv\/"},{"@type":"ListItem","position":2,"name":"Veikals","item":"https:\/\/cosmetic.lv\/lv\/veiklas\/"},{"@type":"ListItem","position":3,"name":"Josta elast\u012bga kamie\u013cu vilnas"}]},{"@type":"WebSite","@id":"https:\/\/cosmetic.lv\/lv\/#website","url":"https:\/\/cosmetic.lv\/lv\/","name":"cosmetic.lv","description":"Profesion\u0101la kosm\u0113tika - Maria Galland, Keune, Arkadija, GMT, Guam, Magiray","publisher":{"@id":"https:\/\/cosmetic.lv\/lv\/#organization"},"potentialAction":[{"@type":"SearchAction","target":{"@type":"EntryPoint","urlTemplate":"https:\/\/cosmetic.lv\/lv\/?s={search_term_string}"},"query-input":{"@type":"PropertyValueSpecification","valueRequired":true,"valueName":"search_term_string"}}],"inLanguage":"lv-LV"},{"@type":"Organization","@id":"https:\/\/cosmetic.lv\/lv\/#organization","name":"COSMETIC.LV","url":"https:\/\/cosmetic.lv\/lv\/","logo":{"@type":"ImageObject","inLanguage":"lv-LV","@id":"https:\/\/cosmetic.lv\/lv\/#\/schema\/logo\/image\/","url":"https:\/\/cosmetic.lv\/wp-content\/uploads\/2021\/02\/cosmetic.lv_logo.jpg","contentUrl":"https:\/\/cosmetic.lv\/wp-content\/uploads\/2021\/02\/cosmetic.lv_logo.jpg","width":596,"height":196,"caption":"COSMETIC.LV"},"image":{"@id":"https:\/\/cosmetic.lv\/lv\/#\/schema\/logo\/image\/"},"sameAs":["https:\/\/www.facebook.com\/cosmetic.lv\/"]}]},"product_price_amount":"15.26","product_price_currency":"EUR","og_availability":"instock","product_availability":"instock","product_retailer_item_id":"KM","product_condition":"new"},"_links":{"self":[{"href":"https:\/\/cosmetic.lv\/lv\/wp-json\/wp\/v2\/product\/34317","targetHints":{"allow":["GET"]}}],"collection":[{"href":"https:\/\/cosmetic.lv\/lv\/wp-json\/wp\/v2\/product"}],"about":[{"href":"https:\/\/cosmetic.lv\/lv\/wp-json\/wp\/v2\/types\/product"}],"wp:featuredmedia":[{"embeddable":true,"href":"https:\/\/cosmetic.lv\/lv\/wp-json\/wp\/v2\/media\/16304"}],"wp:attachment":[{"href":"https:\/\/cosmetic.lv\/lv\/wp-json\/wp\/v2\/media?parent=34317"}],"wp:term":[{"taxonomy":"product_brand","embeddable":true,"href":"https:\/\/cosmetic.lv\/lv\/wp-json\/wp\/v2\/product_brand?post=34317"},{"taxonomy":"product_cat","embeddable":true,"href":"https:\/\/cosmetic.lv\/lv\/wp-json\/wp\/v2\/product_cat?post=34317"},{"taxonomy":"product_tag","embeddable":true,"href":"https:\/\/cosmetic.lv\/lv\/wp-json\/wp\/v2\/product_tag?post=34317"}],"curies":[{"name":"wp","href":"https:\/\/api.w.org\/{rel}","templated":true}]}}