{"id":34318,"date":"2021-02-05T22:40:44","date_gmt":"2021-02-06T17:51:21","guid":{"rendered":"https:\/\/damme.lv\/product\/josta-sunu-vilnas-taiga\/"},"modified":"2021-03-22T12:59:41","modified_gmt":"2021-03-22T10:59:41","slug":"josta-sunu-vilnas-taiga","status":"publish","type":"product","link":"https:\/\/cosmetic.lv\/lv\/product\/josta-sunu-vilnas-taiga\/","title":{"rendered":"Josta SU\u0145U VILNAS Taiga"},"content":{"rendered":"<p>&nbsp;<\/p>\n<div id=\"&quot;tw-target-text-container&quot;\">\n<pre id=\"&quot;tw-target-text&quot;\" dir=\"&quot;ltr&quot;\">Produkta apraksts\r\n\r\n\"Taiga\" josta, kas izgatavota no su\u0146u matiem, tiek izmantota, lai sasild\u012btu jostas-krustu da\u013cas. Saskaroties ar \u0101du, vilna veic mikromas\u0101\u017eu, kas uzlabo asins mikrocirkul\u0101ciju. Su\u0146u apmatojuma unik\u0101lo \u012bpa\u0161\u012bbu d\u0113\u013c jostu ieteicams lietot radikul\u012bta, osteohondrozes, neir\u012bta utt. Josta izmanto \u0137emm\u0113tus su\u0146u matus. Korsetes josta, kas izgatavota no su\u0146u matiem, tiek izmantota, lai aizsarg\u0101tu cilv\u0113ku muguras lejasda\u013cu no hipotermijas jebkuros vi\u0146u dz\u012bves apst\u0101k\u013cos.\r\n\r\nPiln\u012bb\u0101 aptin ap vidukli.\r\n\r\nIetekm\u0113 muguras lejasda\u013cu, nieres un dzimumorg\u0101nus.<\/pre>\n<\/div>\n<div id=\"&quot;tw-target-rmn-container&quot;\">\n<div id=\"&quot;tw-target-text-container&quot;\">\n<p>&nbsp;<\/p>\n<pre id=\"&quot;tw-target-text&quot;\" dir=\"&quot;ltr&quot;\">Indik\u0101cijas:\r\n\r\n    artr\u012bts,\r\n    osteohondroze,\r\n    reimatisms,\r\n    radikul\u012bts,\r\n    musku\u013cu s\u0101pju sindroms,\r\n    nieru slim\u012bba.\r\n\r\nStrukt\u016bra\r\n\r\n100% vilna.\r\n\r\nSast\u0101vda\u013cas:\r\n\r\n    su\u0146u mati.\r\n\r\nNeto svars 150 g\r\nUzglab\u0101\u0161anas apst\u0101k\u013ci no 5 l\u012bdz + 40C, relat\u012bvais mitrums no 50-70% saus\u0101, tum\u0161\u0101 viet\u0101.\r\n\r\n\r\n<\/pre>\n<\/div>\n<div id=\"&quot;tw-target-rmn-container&quot;\">\n<pre id=\"&quot;tw-target-rmn&quot;\" dir=\"&quot;ltr&quot;\"><\/pre>\n<\/div>\n<p>50-52 -99- 104\u0441m<\/p>\n<p>52-54 105-110\u0441m<\/p>\n<p>56-58 &#8211; 111-118 \u0441m<\/p>\n<\/div>\n<p>&nbsp;<\/p>\n","protected":false},"excerpt":{"rendered":"<p>&nbsp; Produkta apraksts &#8220;Taiga&#8221; josta, kas izgatavota no su\u0146u matiem, tiek izmantota, lai sasild\u012btu jostas-krustu da\u013cas. Saskaroties ar \u0101du, vilna<\/p>\n","protected":false},"featured_media":9633,"template":"","meta":[],"product_brand":[],"product_cat":[2231,2235],"product_tag":[],"class_list":{"0":"post-34318","1":"product","2":"type-product","3":"status-publish","4":"has-post-thumbnail","6":"product_cat-atveselojosas-preces-lv","7":"product_cat-kermenim-lv","9":"first","10":"outofstock","11":"sale","12":"taxable","13":"shipping-taxable","14":"purchasable","15":"product-type-simple"},"yoast_head":"<!-- This site is optimized with the Yoast SEO Premium plugin v27.0 (Yoast SEO v27.0) - https:\/\/yoast.com\/product\/yoast-seo-premium-wordpress\/ -->\n<title>Josta SU\u0145U VILNAS Taiga - cosmetic.lv<\/title>\n<meta name=\"robots\" content=\"index, follow, max-snippet:-1, max-image-preview:large, max-video-preview:-1\" \/>\n<link rel=\"canonical\" href=\"https:\/\/cosmetic.lv\/lv\/product\/josta-sunu-vilnas-taiga\/\" \/>\n<meta property=\"og:locale\" content=\"lv_LV\" \/>\n<meta property=\"og:type\" content=\"article\" \/>\n<meta property=\"og:title\" content=\"Josta SU\u0145U VILNAS Taiga\" \/>\n<meta property=\"og:description\" content=\"&nbsp; Produkta apraksts &quot;Taiga&quot; josta, kas izgatavota no su\u0146u matiem, tiek izmantota, lai sasild\u012btu jostas-krustu da\u013cas. Saskaroties ar \u0101du, vilna\" \/>\n<meta property=\"og:url\" content=\"https:\/\/cosmetic.lv\/lv\/product\/josta-sunu-vilnas-taiga\/\" \/>\n<meta property=\"og:site_name\" content=\"cosmetic.lv\" \/>\n<meta property=\"article:publisher\" content=\"https:\/\/www.facebook.com\/cosmetic.lv\/\" \/>\n<meta property=\"article:modified_time\" content=\"2021-03-22T10:59:41+00:00\" \/>\n<meta property=\"og:image\" content=\"https:\/\/cosmetic.lv\/wp-content\/uploads\/2021\/02\/19707.970tajgapoyas.jpg\" \/>\n\t<meta property=\"og:image:width\" content=\"600\" \/>\n\t<meta property=\"og:image:height\" content=\"600\" \/>\n\t<meta property=\"og:image:type\" content=\"image\/jpeg\" \/>\n<meta name=\"twitter:card\" content=\"summary_large_image\" \/>\n<script type=\"application\/ld+json\" class=\"yoast-schema-graph\">{\"@context\":\"https:\/\/schema.org\",\"@graph\":[{\"@type\":\"WebPage\",\"@id\":\"https:\/\/cosmetic.lv\/lv\/product\/josta-sunu-vilnas-taiga\/\",\"url\":\"https:\/\/cosmetic.lv\/lv\/product\/josta-sunu-vilnas-taiga\/\",\"name\":\"Josta SU\u0145U VILNAS Taiga - cosmetic.lv\",\"isPartOf\":{\"@id\":\"https:\/\/cosmetic.lv\/lv\/#website\"},\"primaryImageOfPage\":{\"@id\":\"https:\/\/cosmetic.lv\/lv\/product\/josta-sunu-vilnas-taiga\/#primaryimage\"},\"image\":{\"@id\":\"https:\/\/cosmetic.lv\/lv\/product\/josta-sunu-vilnas-taiga\/#primaryimage\"},\"thumbnailUrl\":\"https:\/\/cosmetic.lv\/wp-content\/uploads\/2021\/02\/19707.970tajgapoyas.jpg\",\"datePublished\":\"2021-02-06T17:51:21+00:00\",\"dateModified\":\"2021-03-22T10:59:41+00:00\",\"breadcrumb\":{\"@id\":\"https:\/\/cosmetic.lv\/lv\/product\/josta-sunu-vilnas-taiga\/#breadcrumb\"},\"inLanguage\":\"lv-LV\",\"potentialAction\":[{\"@type\":\"ReadAction\",\"target\":[\"https:\/\/cosmetic.lv\/lv\/product\/josta-sunu-vilnas-taiga\/\"]}]},{\"@type\":\"ImageObject\",\"inLanguage\":\"lv-LV\",\"@id\":\"https:\/\/cosmetic.lv\/lv\/product\/josta-sunu-vilnas-taiga\/#primaryimage\",\"url\":\"https:\/\/cosmetic.lv\/wp-content\/uploads\/2021\/02\/19707.970tajgapoyas.jpg\",\"contentUrl\":\"https:\/\/cosmetic.lv\/wp-content\/uploads\/2021\/02\/19707.970tajgapoyas.jpg\",\"width\":600,\"height\":600,\"caption\":\"19707.970\u0442\u0430\u0439\u0433\u0430\u043f\u043e\u044f\u0441.jpg\"},{\"@type\":\"BreadcrumbList\",\"@id\":\"https:\/\/cosmetic.lv\/lv\/product\/josta-sunu-vilnas-taiga\/#breadcrumb\",\"itemListElement\":[{\"@type\":\"ListItem\",\"position\":1,\"name\":\"Home\",\"item\":\"https:\/\/cosmetic.lv\/lv\/\"},{\"@type\":\"ListItem\",\"position\":2,\"name\":\"Veikals\",\"item\":\"https:\/\/cosmetic.lv\/lv\/veiklas\/\"},{\"@type\":\"ListItem\",\"position\":3,\"name\":\"Josta SU\u0145U VILNAS Taiga\"}]},{\"@type\":\"WebSite\",\"@id\":\"https:\/\/cosmetic.lv\/lv\/#website\",\"url\":\"https:\/\/cosmetic.lv\/lv\/\",\"name\":\"cosmetic.lv\",\"description\":\"Profesion\u0101la kosm\u0113tika - Maria Galland, Keune, Arkadija, GMT, Guam, Magiray\",\"publisher\":{\"@id\":\"https:\/\/cosmetic.lv\/lv\/#organization\"},\"potentialAction\":[{\"@type\":\"SearchAction\",\"target\":{\"@type\":\"EntryPoint\",\"urlTemplate\":\"https:\/\/cosmetic.lv\/lv\/?s={search_term_string}\"},\"query-input\":{\"@type\":\"PropertyValueSpecification\",\"valueRequired\":true,\"valueName\":\"search_term_string\"}}],\"inLanguage\":\"lv-LV\"},{\"@type\":\"Organization\",\"@id\":\"https:\/\/cosmetic.lv\/lv\/#organization\",\"name\":\"COSMETIC.LV\",\"url\":\"https:\/\/cosmetic.lv\/lv\/\",\"logo\":{\"@type\":\"ImageObject\",\"inLanguage\":\"lv-LV\",\"@id\":\"https:\/\/cosmetic.lv\/lv\/#\/schema\/logo\/image\/\",\"url\":\"https:\/\/cosmetic.lv\/wp-content\/uploads\/2021\/02\/cosmetic.lv_logo.jpg\",\"contentUrl\":\"https:\/\/cosmetic.lv\/wp-content\/uploads\/2021\/02\/cosmetic.lv_logo.jpg\",\"width\":596,\"height\":196,\"caption\":\"COSMETIC.LV\"},\"image\":{\"@id\":\"https:\/\/cosmetic.lv\/lv\/#\/schema\/logo\/image\/\"},\"sameAs\":[\"https:\/\/www.facebook.com\/cosmetic.lv\/\"]}]}<\/script>\n<meta property=\"product:price:amount\" content=\"19.36\" \/>\n<meta property=\"product:price:currency\" content=\"EUR\" \/>\n<meta property=\"og:availability\" content=\"out of stock\" \/>\n<meta property=\"product:availability\" content=\"out of stock\" \/>\n<meta property=\"product:retailer_item_id\" content=\"ev\" \/>\n<meta property=\"product:condition\" content=\"new\" \/>\n<!-- \/ Yoast SEO Premium plugin. -->","yoast_head_json":{"title":"Josta SU\u0145U VILNAS Taiga - cosmetic.lv","robots":{"index":"index","follow":"follow","max-snippet":"max-snippet:-1","max-image-preview":"max-image-preview:large","max-video-preview":"max-video-preview:-1"},"canonical":"https:\/\/cosmetic.lv\/lv\/product\/josta-sunu-vilnas-taiga\/","og_locale":"lv_LV","og_type":"article","og_title":"Josta SU\u0145U VILNAS Taiga","og_description":"&nbsp; Produkta apraksts \"Taiga\" josta, kas izgatavota no su\u0146u matiem, tiek izmantota, lai sasild\u012btu jostas-krustu da\u013cas. Saskaroties ar \u0101du, vilna","og_url":"https:\/\/cosmetic.lv\/lv\/product\/josta-sunu-vilnas-taiga\/","og_site_name":"cosmetic.lv","article_publisher":"https:\/\/www.facebook.com\/cosmetic.lv\/","article_modified_time":"2021-03-22T10:59:41+00:00","og_image":[{"width":600,"height":600,"url":"https:\/\/cosmetic.lv\/wp-content\/uploads\/2021\/02\/19707.970tajgapoyas.jpg","type":"image\/jpeg"}],"twitter_card":"summary_large_image","schema":{"@context":"https:\/\/schema.org","@graph":[{"@type":"WebPage","@id":"https:\/\/cosmetic.lv\/lv\/product\/josta-sunu-vilnas-taiga\/","url":"https:\/\/cosmetic.lv\/lv\/product\/josta-sunu-vilnas-taiga\/","name":"Josta SU\u0145U VILNAS Taiga - cosmetic.lv","isPartOf":{"@id":"https:\/\/cosmetic.lv\/lv\/#website"},"primaryImageOfPage":{"@id":"https:\/\/cosmetic.lv\/lv\/product\/josta-sunu-vilnas-taiga\/#primaryimage"},"image":{"@id":"https:\/\/cosmetic.lv\/lv\/product\/josta-sunu-vilnas-taiga\/#primaryimage"},"thumbnailUrl":"https:\/\/cosmetic.lv\/wp-content\/uploads\/2021\/02\/19707.970tajgapoyas.jpg","datePublished":"2021-02-06T17:51:21+00:00","dateModified":"2021-03-22T10:59:41+00:00","breadcrumb":{"@id":"https:\/\/cosmetic.lv\/lv\/product\/josta-sunu-vilnas-taiga\/#breadcrumb"},"inLanguage":"lv-LV","potentialAction":[{"@type":"ReadAction","target":["https:\/\/cosmetic.lv\/lv\/product\/josta-sunu-vilnas-taiga\/"]}]},{"@type":"ImageObject","inLanguage":"lv-LV","@id":"https:\/\/cosmetic.lv\/lv\/product\/josta-sunu-vilnas-taiga\/#primaryimage","url":"https:\/\/cosmetic.lv\/wp-content\/uploads\/2021\/02\/19707.970tajgapoyas.jpg","contentUrl":"https:\/\/cosmetic.lv\/wp-content\/uploads\/2021\/02\/19707.970tajgapoyas.jpg","width":600,"height":600,"caption":"19707.970\u0442\u0430\u0439\u0433\u0430\u043f\u043e\u044f\u0441.jpg"},{"@type":"BreadcrumbList","@id":"https:\/\/cosmetic.lv\/lv\/product\/josta-sunu-vilnas-taiga\/#breadcrumb","itemListElement":[{"@type":"ListItem","position":1,"name":"Home","item":"https:\/\/cosmetic.lv\/lv\/"},{"@type":"ListItem","position":2,"name":"Veikals","item":"https:\/\/cosmetic.lv\/lv\/veiklas\/"},{"@type":"ListItem","position":3,"name":"Josta SU\u0145U VILNAS Taiga"}]},{"@type":"WebSite","@id":"https:\/\/cosmetic.lv\/lv\/#website","url":"https:\/\/cosmetic.lv\/lv\/","name":"cosmetic.lv","description":"Profesion\u0101la kosm\u0113tika - Maria Galland, Keune, Arkadija, GMT, Guam, Magiray","publisher":{"@id":"https:\/\/cosmetic.lv\/lv\/#organization"},"potentialAction":[{"@type":"SearchAction","target":{"@type":"EntryPoint","urlTemplate":"https:\/\/cosmetic.lv\/lv\/?s={search_term_string}"},"query-input":{"@type":"PropertyValueSpecification","valueRequired":true,"valueName":"search_term_string"}}],"inLanguage":"lv-LV"},{"@type":"Organization","@id":"https:\/\/cosmetic.lv\/lv\/#organization","name":"COSMETIC.LV","url":"https:\/\/cosmetic.lv\/lv\/","logo":{"@type":"ImageObject","inLanguage":"lv-LV","@id":"https:\/\/cosmetic.lv\/lv\/#\/schema\/logo\/image\/","url":"https:\/\/cosmetic.lv\/wp-content\/uploads\/2021\/02\/cosmetic.lv_logo.jpg","contentUrl":"https:\/\/cosmetic.lv\/wp-content\/uploads\/2021\/02\/cosmetic.lv_logo.jpg","width":596,"height":196,"caption":"COSMETIC.LV"},"image":{"@id":"https:\/\/cosmetic.lv\/lv\/#\/schema\/logo\/image\/"},"sameAs":["https:\/\/www.facebook.com\/cosmetic.lv\/"]}]},"product_price_amount":"19.36","product_price_currency":"EUR","og_availability":"out of stock","product_availability":"out of stock","product_retailer_item_id":"ev","product_condition":"new"},"_links":{"self":[{"href":"https:\/\/cosmetic.lv\/lv\/wp-json\/wp\/v2\/product\/34318","targetHints":{"allow":["GET"]}}],"collection":[{"href":"https:\/\/cosmetic.lv\/lv\/wp-json\/wp\/v2\/product"}],"about":[{"href":"https:\/\/cosmetic.lv\/lv\/wp-json\/wp\/v2\/types\/product"}],"wp:featuredmedia":[{"embeddable":true,"href":"https:\/\/cosmetic.lv\/lv\/wp-json\/wp\/v2\/media\/9633"}],"wp:attachment":[{"href":"https:\/\/cosmetic.lv\/lv\/wp-json\/wp\/v2\/media?parent=34318"}],"wp:term":[{"taxonomy":"product_brand","embeddable":true,"href":"https:\/\/cosmetic.lv\/lv\/wp-json\/wp\/v2\/product_brand?post=34318"},{"taxonomy":"product_cat","embeddable":true,"href":"https:\/\/cosmetic.lv\/lv\/wp-json\/wp\/v2\/product_cat?post=34318"},{"taxonomy":"product_tag","embeddable":true,"href":"https:\/\/cosmetic.lv\/lv\/wp-json\/wp\/v2\/product_tag?post=34318"}],"curies":[{"name":"wp","href":"https:\/\/api.w.org\/{rel}","templated":true}]}}