{"id":34319,"date":"2021-02-05T22:40:44","date_gmt":"2021-02-06T17:51:21","guid":{"rendered":"https:\/\/damme.lv\/product\/masieris-brinum-bumbina-izmantota-reabilitacijas-pec-traumam-un-operacijam-veicina-st\/"},"modified":"2021-02-06T19:51:24","modified_gmt":"2021-02-06T17:51:24","slug":"masieris-brinum-bumbina-izmantota-reabilitacijas-pec-traumam-un-operacijam-veicina-st","status":"publish","type":"product","link":"https:\/\/cosmetic.lv\/lv\/product\/masieris-brinum-bumbina-izmantota-reabilitacijas-pec-traumam-un-operacijam-veicina-st\/","title":{"rendered":"Masieris &quot;Br\u012bnum bumbi\u0146a&quot; izmantota reabilit\u0101cij\u0101s p\u0113c traum\u0101m un oper\u0101cij\u0101m, veicina st"},"content":{"rendered":"<p><!DOCTYPE html PUBLIC &quot;-\/\/W3C\/\/DTD XHTML 1.0 Transitional\/\/EN&quot; &quot;http:\/\/www.w3.org\/TR\/xhtml1\/DTD\/xhtml1-transitional.dtd&quot;><br \/>\n<html><br \/>\n<head><br \/>\n<title>Untitled document<\/title><br \/>\n<\/head><br \/>\n<body><\/p>\n<p>Mas\u0101\u017eas bumba pal\u012bdz pan\u0101kt audu elast\u012bbas, motorikas uzlabo&scaron;anos, tiek izmantota reabilit\u0101cij\u0101s p\u0113c traum\u0101m un oper\u0101cij\u0101m, veicina stresa mazin\u0101&scaron;anos.Bumba nezist\u0101jama z\u012bdai\u0146a mas\u0101\u017e\u0101s un pal\u012bdz c\u012bn\u012bties pret celul\u012btu.  Ierobe\u017eojumi: paaugstin\u0101ta temperat\u016bra, strutain\u0101s un onkolo\u0123isk\u0101s saslim&scaron;anas, atv\u0113rt\u0101s br\u016bces.<\/p>\n<p><\/body><br \/>\n<\/html><\/p>\n","protected":false},"excerpt":{"rendered":"<p>Untitled document Mas\u0101\u017eas bumba pal\u012bdz pan\u0101kt audu elast\u012bbas, motorikas uzlabo&scaron;anos, tiek izmantota reabilit\u0101cij\u0101s p\u0113c traum\u0101m un oper\u0101cij\u0101m, veicina stresa mazin\u0101&scaron;anos.Bumba<\/p>\n","protected":false},"featured_media":9636,"template":"","meta":[],"product_brand":[],"product_cat":[2231,2234],"product_tag":[],"class_list":{"0":"post-34319","1":"product","2":"type-product","3":"status-publish","4":"has-post-thumbnail","6":"product_cat-atveselojosas-preces-lv","7":"product_cat-rokam-lv","9":"first","10":"instock","11":"sale","12":"taxable","13":"shipping-taxable","14":"purchasable","15":"product-type-simple"},"yoast_head":"<!-- This site is optimized with the Yoast SEO Premium plugin v27.0 (Yoast SEO v27.0) - https:\/\/yoast.com\/product\/yoast-seo-premium-wordpress\/ -->\n<title>Masieris &quot;Br\u012bnum bumbi\u0146a&quot; izmantota reabilit\u0101cij\u0101s p\u0113c traum\u0101m un oper\u0101cij\u0101m, veicina st - cosmetic.lv<\/title>\n<meta name=\"robots\" content=\"index, follow, max-snippet:-1, max-image-preview:large, max-video-preview:-1\" \/>\n<link rel=\"canonical\" href=\"https:\/\/cosmetic.lv\/lv\/product\/masieris-brinum-bumbina-izmantota-reabilitacijas-pec-traumam-un-operacijam-veicina-st\/\" \/>\n<meta property=\"og:locale\" content=\"lv_LV\" \/>\n<meta property=\"og:type\" content=\"article\" \/>\n<meta property=\"og:title\" content=\"Masieris &quot;Br\u012bnum bumbi\u0146a&quot; izmantota reabilit\u0101cij\u0101s p\u0113c traum\u0101m un oper\u0101cij\u0101m, veicina st\" \/>\n<meta property=\"og:description\" content=\"Untitled document Mas\u0101\u017eas bumba pal\u012bdz pan\u0101kt audu elast\u012bbas, motorikas uzlabo&scaron;anos, tiek izmantota reabilit\u0101cij\u0101s p\u0113c traum\u0101m un oper\u0101cij\u0101m, veicina stresa mazin\u0101&scaron;anos.Bumba\" \/>\n<meta property=\"og:url\" content=\"https:\/\/cosmetic.lv\/lv\/product\/masieris-brinum-bumbina-izmantota-reabilitacijas-pec-traumam-un-operacijam-veicina-st\/\" \/>\n<meta property=\"og:site_name\" content=\"cosmetic.lv\" \/>\n<meta property=\"article:publisher\" content=\"https:\/\/www.facebook.com\/cosmetic.lv\/\" \/>\n<meta property=\"article:modified_time\" content=\"2021-02-06T17:51:24+00:00\" \/>\n<meta property=\"og:image\" content=\"https:\/\/cosmetic.lv\/wp-content\/uploads\/2021\/02\/chudo.jpg\" \/>\n\t<meta property=\"og:image:width\" content=\"350\" \/>\n\t<meta property=\"og:image:height\" content=\"350\" \/>\n\t<meta property=\"og:image:type\" content=\"image\/jpeg\" \/>\n<meta name=\"twitter:card\" content=\"summary_large_image\" \/>\n<script type=\"application\/ld+json\" class=\"yoast-schema-graph\">{\"@context\":\"https:\/\/schema.org\",\"@graph\":[{\"@type\":\"WebPage\",\"@id\":\"https:\/\/cosmetic.lv\/lv\/product\/masieris-brinum-bumbina-izmantota-reabilitacijas-pec-traumam-un-operacijam-veicina-st\/\",\"url\":\"https:\/\/cosmetic.lv\/lv\/product\/masieris-brinum-bumbina-izmantota-reabilitacijas-pec-traumam-un-operacijam-veicina-st\/\",\"name\":\"Masieris &quot;Br\u012bnum bumbi\u0146a&quot; izmantota reabilit\u0101cij\u0101s p\u0113c traum\u0101m un oper\u0101cij\u0101m, veicina st - cosmetic.lv\",\"isPartOf\":{\"@id\":\"https:\/\/cosmetic.lv\/lv\/#website\"},\"primaryImageOfPage\":{\"@id\":\"https:\/\/cosmetic.lv\/lv\/product\/masieris-brinum-bumbina-izmantota-reabilitacijas-pec-traumam-un-operacijam-veicina-st\/#primaryimage\"},\"image\":{\"@id\":\"https:\/\/cosmetic.lv\/lv\/product\/masieris-brinum-bumbina-izmantota-reabilitacijas-pec-traumam-un-operacijam-veicina-st\/#primaryimage\"},\"thumbnailUrl\":\"https:\/\/cosmetic.lv\/wp-content\/uploads\/2021\/02\/chudo.jpg\",\"datePublished\":\"2021-02-06T17:51:21+00:00\",\"dateModified\":\"2021-02-06T17:51:24+00:00\",\"breadcrumb\":{\"@id\":\"https:\/\/cosmetic.lv\/lv\/product\/masieris-brinum-bumbina-izmantota-reabilitacijas-pec-traumam-un-operacijam-veicina-st\/#breadcrumb\"},\"inLanguage\":\"lv-LV\",\"potentialAction\":[{\"@type\":\"ReadAction\",\"target\":[\"https:\/\/cosmetic.lv\/lv\/product\/masieris-brinum-bumbina-izmantota-reabilitacijas-pec-traumam-un-operacijam-veicina-st\/\"]}]},{\"@type\":\"ImageObject\",\"inLanguage\":\"lv-LV\",\"@id\":\"https:\/\/cosmetic.lv\/lv\/product\/masieris-brinum-bumbina-izmantota-reabilitacijas-pec-traumam-un-operacijam-veicina-st\/#primaryimage\",\"url\":\"https:\/\/cosmetic.lv\/wp-content\/uploads\/2021\/02\/chudo.jpg\",\"contentUrl\":\"https:\/\/cosmetic.lv\/wp-content\/uploads\/2021\/02\/chudo.jpg\",\"width\":350,\"height\":350,\"caption\":\"Chudo.jpg\"},{\"@type\":\"BreadcrumbList\",\"@id\":\"https:\/\/cosmetic.lv\/lv\/product\/masieris-brinum-bumbina-izmantota-reabilitacijas-pec-traumam-un-operacijam-veicina-st\/#breadcrumb\",\"itemListElement\":[{\"@type\":\"ListItem\",\"position\":1,\"name\":\"Home\",\"item\":\"https:\/\/cosmetic.lv\/lv\/\"},{\"@type\":\"ListItem\",\"position\":2,\"name\":\"Veikals\",\"item\":\"https:\/\/cosmetic.lv\/lv\/veiklas\/\"},{\"@type\":\"ListItem\",\"position\":3,\"name\":\"Masieris &quot;Br\u012bnum bumbi\u0146a&quot; izmantota reabilit\u0101cij\u0101s p\u0113c traum\u0101m un oper\u0101cij\u0101m, veicina st\"}]},{\"@type\":\"WebSite\",\"@id\":\"https:\/\/cosmetic.lv\/lv\/#website\",\"url\":\"https:\/\/cosmetic.lv\/lv\/\",\"name\":\"cosmetic.lv\",\"description\":\"Profesion\u0101la kosm\u0113tika - Maria Galland, Keune, Arkadija, GMT, Guam, Magiray\",\"publisher\":{\"@id\":\"https:\/\/cosmetic.lv\/lv\/#organization\"},\"potentialAction\":[{\"@type\":\"SearchAction\",\"target\":{\"@type\":\"EntryPoint\",\"urlTemplate\":\"https:\/\/cosmetic.lv\/lv\/?s={search_term_string}\"},\"query-input\":{\"@type\":\"PropertyValueSpecification\",\"valueRequired\":true,\"valueName\":\"search_term_string\"}}],\"inLanguage\":\"lv-LV\"},{\"@type\":\"Organization\",\"@id\":\"https:\/\/cosmetic.lv\/lv\/#organization\",\"name\":\"COSMETIC.LV\",\"url\":\"https:\/\/cosmetic.lv\/lv\/\",\"logo\":{\"@type\":\"ImageObject\",\"inLanguage\":\"lv-LV\",\"@id\":\"https:\/\/cosmetic.lv\/lv\/#\/schema\/logo\/image\/\",\"url\":\"https:\/\/cosmetic.lv\/wp-content\/uploads\/2021\/02\/cosmetic.lv_logo.jpg\",\"contentUrl\":\"https:\/\/cosmetic.lv\/wp-content\/uploads\/2021\/02\/cosmetic.lv_logo.jpg\",\"width\":596,\"height\":196,\"caption\":\"COSMETIC.LV\"},\"image\":{\"@id\":\"https:\/\/cosmetic.lv\/lv\/#\/schema\/logo\/image\/\"},\"sameAs\":[\"https:\/\/www.facebook.com\/cosmetic.lv\/\"]}]}<\/script>\n<meta property=\"product:price:amount\" content=\"5.38\" \/>\n<meta property=\"product:price:currency\" content=\"EUR\" \/>\n<meta property=\"og:availability\" content=\"instock\" \/>\n<meta property=\"product:availability\" content=\"instock\" \/>\n<meta property=\"product:retailer_item_id\" content=\"chb\" \/>\n<meta property=\"product:condition\" content=\"new\" \/>\n<!-- \/ Yoast SEO Premium plugin. -->","yoast_head_json":{"title":"Masieris &quot;Br\u012bnum bumbi\u0146a&quot; izmantota reabilit\u0101cij\u0101s p\u0113c traum\u0101m un oper\u0101cij\u0101m, veicina st - cosmetic.lv","robots":{"index":"index","follow":"follow","max-snippet":"max-snippet:-1","max-image-preview":"max-image-preview:large","max-video-preview":"max-video-preview:-1"},"canonical":"https:\/\/cosmetic.lv\/lv\/product\/masieris-brinum-bumbina-izmantota-reabilitacijas-pec-traumam-un-operacijam-veicina-st\/","og_locale":"lv_LV","og_type":"article","og_title":"Masieris &quot;Br\u012bnum bumbi\u0146a&quot; izmantota reabilit\u0101cij\u0101s p\u0113c traum\u0101m un oper\u0101cij\u0101m, veicina st","og_description":"Untitled document Mas\u0101\u017eas bumba pal\u012bdz pan\u0101kt audu elast\u012bbas, motorikas uzlabo&scaron;anos, tiek izmantota reabilit\u0101cij\u0101s p\u0113c traum\u0101m un oper\u0101cij\u0101m, veicina stresa mazin\u0101&scaron;anos.Bumba","og_url":"https:\/\/cosmetic.lv\/lv\/product\/masieris-brinum-bumbina-izmantota-reabilitacijas-pec-traumam-un-operacijam-veicina-st\/","og_site_name":"cosmetic.lv","article_publisher":"https:\/\/www.facebook.com\/cosmetic.lv\/","article_modified_time":"2021-02-06T17:51:24+00:00","og_image":[{"width":350,"height":350,"url":"https:\/\/cosmetic.lv\/wp-content\/uploads\/2021\/02\/chudo.jpg","type":"image\/jpeg"}],"twitter_card":"summary_large_image","schema":{"@context":"https:\/\/schema.org","@graph":[{"@type":"WebPage","@id":"https:\/\/cosmetic.lv\/lv\/product\/masieris-brinum-bumbina-izmantota-reabilitacijas-pec-traumam-un-operacijam-veicina-st\/","url":"https:\/\/cosmetic.lv\/lv\/product\/masieris-brinum-bumbina-izmantota-reabilitacijas-pec-traumam-un-operacijam-veicina-st\/","name":"Masieris &quot;Br\u012bnum bumbi\u0146a&quot; izmantota reabilit\u0101cij\u0101s p\u0113c traum\u0101m un oper\u0101cij\u0101m, veicina st - cosmetic.lv","isPartOf":{"@id":"https:\/\/cosmetic.lv\/lv\/#website"},"primaryImageOfPage":{"@id":"https:\/\/cosmetic.lv\/lv\/product\/masieris-brinum-bumbina-izmantota-reabilitacijas-pec-traumam-un-operacijam-veicina-st\/#primaryimage"},"image":{"@id":"https:\/\/cosmetic.lv\/lv\/product\/masieris-brinum-bumbina-izmantota-reabilitacijas-pec-traumam-un-operacijam-veicina-st\/#primaryimage"},"thumbnailUrl":"https:\/\/cosmetic.lv\/wp-content\/uploads\/2021\/02\/chudo.jpg","datePublished":"2021-02-06T17:51:21+00:00","dateModified":"2021-02-06T17:51:24+00:00","breadcrumb":{"@id":"https:\/\/cosmetic.lv\/lv\/product\/masieris-brinum-bumbina-izmantota-reabilitacijas-pec-traumam-un-operacijam-veicina-st\/#breadcrumb"},"inLanguage":"lv-LV","potentialAction":[{"@type":"ReadAction","target":["https:\/\/cosmetic.lv\/lv\/product\/masieris-brinum-bumbina-izmantota-reabilitacijas-pec-traumam-un-operacijam-veicina-st\/"]}]},{"@type":"ImageObject","inLanguage":"lv-LV","@id":"https:\/\/cosmetic.lv\/lv\/product\/masieris-brinum-bumbina-izmantota-reabilitacijas-pec-traumam-un-operacijam-veicina-st\/#primaryimage","url":"https:\/\/cosmetic.lv\/wp-content\/uploads\/2021\/02\/chudo.jpg","contentUrl":"https:\/\/cosmetic.lv\/wp-content\/uploads\/2021\/02\/chudo.jpg","width":350,"height":350,"caption":"Chudo.jpg"},{"@type":"BreadcrumbList","@id":"https:\/\/cosmetic.lv\/lv\/product\/masieris-brinum-bumbina-izmantota-reabilitacijas-pec-traumam-un-operacijam-veicina-st\/#breadcrumb","itemListElement":[{"@type":"ListItem","position":1,"name":"Home","item":"https:\/\/cosmetic.lv\/lv\/"},{"@type":"ListItem","position":2,"name":"Veikals","item":"https:\/\/cosmetic.lv\/lv\/veiklas\/"},{"@type":"ListItem","position":3,"name":"Masieris &quot;Br\u012bnum bumbi\u0146a&quot; izmantota reabilit\u0101cij\u0101s p\u0113c traum\u0101m un oper\u0101cij\u0101m, veicina st"}]},{"@type":"WebSite","@id":"https:\/\/cosmetic.lv\/lv\/#website","url":"https:\/\/cosmetic.lv\/lv\/","name":"cosmetic.lv","description":"Profesion\u0101la kosm\u0113tika - Maria Galland, Keune, Arkadija, GMT, Guam, Magiray","publisher":{"@id":"https:\/\/cosmetic.lv\/lv\/#organization"},"potentialAction":[{"@type":"SearchAction","target":{"@type":"EntryPoint","urlTemplate":"https:\/\/cosmetic.lv\/lv\/?s={search_term_string}"},"query-input":{"@type":"PropertyValueSpecification","valueRequired":true,"valueName":"search_term_string"}}],"inLanguage":"lv-LV"},{"@type":"Organization","@id":"https:\/\/cosmetic.lv\/lv\/#organization","name":"COSMETIC.LV","url":"https:\/\/cosmetic.lv\/lv\/","logo":{"@type":"ImageObject","inLanguage":"lv-LV","@id":"https:\/\/cosmetic.lv\/lv\/#\/schema\/logo\/image\/","url":"https:\/\/cosmetic.lv\/wp-content\/uploads\/2021\/02\/cosmetic.lv_logo.jpg","contentUrl":"https:\/\/cosmetic.lv\/wp-content\/uploads\/2021\/02\/cosmetic.lv_logo.jpg","width":596,"height":196,"caption":"COSMETIC.LV"},"image":{"@id":"https:\/\/cosmetic.lv\/lv\/#\/schema\/logo\/image\/"},"sameAs":["https:\/\/www.facebook.com\/cosmetic.lv\/"]}]},"product_price_amount":"5.38","product_price_currency":"EUR","og_availability":"instock","product_availability":"instock","product_retailer_item_id":"chb","product_condition":"new"},"_links":{"self":[{"href":"https:\/\/cosmetic.lv\/lv\/wp-json\/wp\/v2\/product\/34319","targetHints":{"allow":["GET"]}}],"collection":[{"href":"https:\/\/cosmetic.lv\/lv\/wp-json\/wp\/v2\/product"}],"about":[{"href":"https:\/\/cosmetic.lv\/lv\/wp-json\/wp\/v2\/types\/product"}],"wp:featuredmedia":[{"embeddable":true,"href":"https:\/\/cosmetic.lv\/lv\/wp-json\/wp\/v2\/media\/9636"}],"wp:attachment":[{"href":"https:\/\/cosmetic.lv\/lv\/wp-json\/wp\/v2\/media?parent=34319"}],"wp:term":[{"taxonomy":"product_brand","embeddable":true,"href":"https:\/\/cosmetic.lv\/lv\/wp-json\/wp\/v2\/product_brand?post=34319"},{"taxonomy":"product_cat","embeddable":true,"href":"https:\/\/cosmetic.lv\/lv\/wp-json\/wp\/v2\/product_cat?post=34319"},{"taxonomy":"product_tag","embeddable":true,"href":"https:\/\/cosmetic.lv\/lv\/wp-json\/wp\/v2\/product_tag?post=34319"}],"curies":[{"name":"wp","href":"https:\/\/api.w.org\/{rel}","templated":true}]}}