{"id":34323,"date":"2021-02-05T22:40:44","date_gmt":"2021-02-06T17:51:21","guid":{"rendered":"https:\/\/damme.lv\/product\/spirulina-tablets\/"},"modified":"2022-03-20T11:08:19","modified_gmt":"2022-03-20T09:08:19","slug":"spirulina-tablets","status":"publish","type":"product","link":"https:\/\/cosmetic.lv\/lv\/product\/spirulina-tablets\/","title":{"rendered":"Spirulina tablets  &#8211; aminosk\u0101bes un miner\u0101\u013ci 300tab"},"content":{"rendered":"<p>Bar\u012bbu viela<br \/>\nSpirul\u012bna ir zili-za\u013c\u0101 a\u013c\u0123e.<\/p>\n<p>Spirul\u012bna ir zili\u2013za\u013c\u0101 a\u013c\u0123e, kas satur visas organismam nepiecie\u0161am\u0101s aminosk\u0101bes un ir \u012bpa\u0161i bag\u0101t\u012bgs miner\u0101lu avots.<\/p>\n<p>SPIRULINA sast\u0101v\u0101 ir:<br \/>\n1. l\u012bdz 65% t\u012bras augu valsts olbaltumvielas, visas asto\u0146as nepiecie\u0161am\u0101s aminosk\u0101bes.T\u0101p\u0113c spirulina ir sevi\u0161\u0137i ieteicama ve\u0123et\u0101rie\u0161iem.<br \/>\n2. gandr\u012bz visi vitam\u012bni, tai skait\u0101 ari betakarot\u012bns, kur\u0161 ir A vitam\u012bna avots. Betakarot\u012bna saturs spirul\u012bn\u0101 ir desmit reizes liel\u0101ks k\u0101 burk\u0101nos.<br \/>\n3. organiski piesaist\u012btu dzelzi, kas tiek lieliski uzs\u016bkts organism\u0101. Spirulina satur za\u013co hlorofilu un daudzus karotino\u012bdus.<\/p>\n<p>K\u0101 lietot Spirulinu?<\/p>\n<p>T\u0101 ir j\u016bsu ikdienas saules &#8211; ener\u0123ijas uzturviela pie liel\u0101m slodz\u0113m m\u0101jas darbos, ikdienas darb\u0101, studij\u0101s un sport\u0101.<br \/>\nVar lietot jebkur\u0101 vecum\u0101, gr\u016btniec\u012bbas,z\u012bd\u012b\u0161anas laik\u0101 un menopauzes laik\u0101.<\/p>\n<p>SPIRULINA ieteicama ve\u0123et\u0101rie\u0161iem.<\/p>\n<p>Sast\u0101vda\u013cas: Spirulinas pulveris 98,5%, sil\u012bcija dioks\u012bds, magnezija stear\u0101ts.<\/p>\n<p>Ieteicam\u0101 dienas deva: pa 2-4 tab. dien\u0101 pirms \u0113dienreizes vai \u0113\u0161anas laik\u0101, uzdzerot pietiekamu daudzumu \u0161\u0137idruma.<\/p>\n<p>Izcelsmes valsts: \u0136\u012bna.<br \/>\nIepakojums: 120g (300 tab)<\/p>\n","protected":false},"excerpt":{"rendered":"<p>Bar\u012bbu viela Spirul\u012bna ir zili-za\u013c\u0101 a\u013c\u0123e. Spirul\u012bna ir zili\u2013za\u013c\u0101 a\u013c\u0123e, kas satur visas organismam nepiecie\u0161am\u0101s aminosk\u0101bes un ir \u012bpa\u0161i bag\u0101t\u012bgs<\/p>\n","protected":false},"featured_media":16318,"template":"","meta":[],"product_brand":[],"product_cat":[2239,2246],"product_tag":[],"class_list":{"0":"post-34323","1":"product","2":"type-product","3":"status-publish","4":"has-post-thumbnail","6":"product_cat-uztura-bagatinataji-lv","7":"product_cat-figuras-korekcijai-lv","9":"first","10":"instock","11":"taxable","12":"shipping-taxable","13":"purchasable","14":"product-type-simple"},"yoast_head":"<!-- This site is optimized with the Yoast SEO Premium plugin v27.0 (Yoast SEO v27.0) - https:\/\/yoast.com\/product\/yoast-seo-premium-wordpress\/ -->\n<title>Spirulina tablets - aminosk\u0101bes un miner\u0101\u013ci 300tab - cosmetic.lv<\/title>\n<meta name=\"robots\" content=\"index, follow, max-snippet:-1, max-image-preview:large, max-video-preview:-1\" \/>\n<link rel=\"canonical\" href=\"https:\/\/cosmetic.lv\/lv\/product\/spirulina-tablets\/\" \/>\n<meta property=\"og:locale\" content=\"lv_LV\" \/>\n<meta property=\"og:type\" content=\"article\" \/>\n<meta property=\"og:title\" content=\"Spirulina tablets - aminosk\u0101bes un miner\u0101\u013ci 300tab\" \/>\n<meta property=\"og:description\" content=\"Bar\u012bbu viela Spirul\u012bna ir zili-za\u013c\u0101 a\u013c\u0123e. Spirul\u012bna ir zili\u2013za\u013c\u0101 a\u013c\u0123e, kas satur visas organismam nepiecie\u0161am\u0101s aminosk\u0101bes un ir \u012bpa\u0161i bag\u0101t\u012bgs\" \/>\n<meta property=\"og:url\" content=\"https:\/\/cosmetic.lv\/lv\/product\/spirulina-tablets\/\" \/>\n<meta property=\"og:site_name\" content=\"cosmetic.lv\" \/>\n<meta property=\"article:publisher\" content=\"https:\/\/www.facebook.com\/cosmetic.lv\/\" \/>\n<meta property=\"article:modified_time\" content=\"2022-03-20T09:08:19+00:00\" \/>\n<meta property=\"og:image\" content=\"https:\/\/cosmetic.lv\/wp-content\/uploads\/2021\/02\/spirulinsher-4.jpg\" \/>\n\t<meta property=\"og:image:width\" content=\"259\" \/>\n\t<meta property=\"og:image:height\" content=\"259\" \/>\n\t<meta property=\"og:image:type\" content=\"image\/jpeg\" \/>\n<meta name=\"twitter:card\" content=\"summary_large_image\" \/>\n<script type=\"application\/ld+json\" class=\"yoast-schema-graph\">{\"@context\":\"https:\/\/schema.org\",\"@graph\":[{\"@type\":\"WebPage\",\"@id\":\"https:\/\/cosmetic.lv\/lv\/product\/spirulina-tablets\/\",\"url\":\"https:\/\/cosmetic.lv\/lv\/product\/spirulina-tablets\/\",\"name\":\"Spirulina tablets - aminosk\u0101bes un miner\u0101\u013ci 300tab - cosmetic.lv\",\"isPartOf\":{\"@id\":\"https:\/\/cosmetic.lv\/lv\/#website\"},\"primaryImageOfPage\":{\"@id\":\"https:\/\/cosmetic.lv\/lv\/product\/spirulina-tablets\/#primaryimage\"},\"image\":{\"@id\":\"https:\/\/cosmetic.lv\/lv\/product\/spirulina-tablets\/#primaryimage\"},\"thumbnailUrl\":\"https:\/\/cosmetic.lv\/wp-content\/uploads\/2021\/02\/spirulinsher-4.jpg\",\"datePublished\":\"2021-02-06T17:51:21+00:00\",\"dateModified\":\"2022-03-20T09:08:19+00:00\",\"breadcrumb\":{\"@id\":\"https:\/\/cosmetic.lv\/lv\/product\/spirulina-tablets\/#breadcrumb\"},\"inLanguage\":\"lv-LV\",\"potentialAction\":[{\"@type\":\"ReadAction\",\"target\":[\"https:\/\/cosmetic.lv\/lv\/product\/spirulina-tablets\/\"]}]},{\"@type\":\"ImageObject\",\"inLanguage\":\"lv-LV\",\"@id\":\"https:\/\/cosmetic.lv\/lv\/product\/spirulina-tablets\/#primaryimage\",\"url\":\"https:\/\/cosmetic.lv\/wp-content\/uploads\/2021\/02\/spirulinsher-4.jpg\",\"contentUrl\":\"https:\/\/cosmetic.lv\/wp-content\/uploads\/2021\/02\/spirulinsher-4.jpg\",\"width\":259,\"height\":259,\"caption\":\"spirulinsher.jpg\"},{\"@type\":\"BreadcrumbList\",\"@id\":\"https:\/\/cosmetic.lv\/lv\/product\/spirulina-tablets\/#breadcrumb\",\"itemListElement\":[{\"@type\":\"ListItem\",\"position\":1,\"name\":\"Home\",\"item\":\"https:\/\/cosmetic.lv\/lv\/\"},{\"@type\":\"ListItem\",\"position\":2,\"name\":\"Veikals\",\"item\":\"https:\/\/cosmetic.lv\/lv\/veiklas\/\"},{\"@type\":\"ListItem\",\"position\":3,\"name\":\"Spirulina tablets &#8212; aminosk\u0101bes un miner\u0101\u013ci 300tab\"}]},{\"@type\":\"WebSite\",\"@id\":\"https:\/\/cosmetic.lv\/lv\/#website\",\"url\":\"https:\/\/cosmetic.lv\/lv\/\",\"name\":\"cosmetic.lv\",\"description\":\"Profesion\u0101la kosm\u0113tika - Maria Galland, Keune, Arkadija, GMT, Guam, Magiray\",\"publisher\":{\"@id\":\"https:\/\/cosmetic.lv\/lv\/#organization\"},\"potentialAction\":[{\"@type\":\"SearchAction\",\"target\":{\"@type\":\"EntryPoint\",\"urlTemplate\":\"https:\/\/cosmetic.lv\/lv\/?s={search_term_string}\"},\"query-input\":{\"@type\":\"PropertyValueSpecification\",\"valueRequired\":true,\"valueName\":\"search_term_string\"}}],\"inLanguage\":\"lv-LV\"},{\"@type\":\"Organization\",\"@id\":\"https:\/\/cosmetic.lv\/lv\/#organization\",\"name\":\"COSMETIC.LV\",\"url\":\"https:\/\/cosmetic.lv\/lv\/\",\"logo\":{\"@type\":\"ImageObject\",\"inLanguage\":\"lv-LV\",\"@id\":\"https:\/\/cosmetic.lv\/lv\/#\/schema\/logo\/image\/\",\"url\":\"https:\/\/cosmetic.lv\/wp-content\/uploads\/2021\/02\/cosmetic.lv_logo.jpg\",\"contentUrl\":\"https:\/\/cosmetic.lv\/wp-content\/uploads\/2021\/02\/cosmetic.lv_logo.jpg\",\"width\":596,\"height\":196,\"caption\":\"COSMETIC.LV\"},\"image\":{\"@id\":\"https:\/\/cosmetic.lv\/lv\/#\/schema\/logo\/image\/\"},\"sameAs\":[\"https:\/\/www.facebook.com\/cosmetic.lv\/\"]}]}<\/script>\n<meta property=\"product:price:amount\" content=\"9.58\" \/>\n<meta property=\"product:price:currency\" content=\"EUR\" \/>\n<meta property=\"og:availability\" content=\"instock\" \/>\n<meta property=\"product:availability\" content=\"instock\" \/>\n<meta property=\"product:retailer_item_id\" content=\"spir\" \/>\n<meta property=\"product:condition\" content=\"new\" \/>\n<!-- \/ Yoast SEO Premium plugin. -->","yoast_head_json":{"title":"Spirulina tablets - aminosk\u0101bes un miner\u0101\u013ci 300tab - cosmetic.lv","robots":{"index":"index","follow":"follow","max-snippet":"max-snippet:-1","max-image-preview":"max-image-preview:large","max-video-preview":"max-video-preview:-1"},"canonical":"https:\/\/cosmetic.lv\/lv\/product\/spirulina-tablets\/","og_locale":"lv_LV","og_type":"article","og_title":"Spirulina tablets - aminosk\u0101bes un miner\u0101\u013ci 300tab","og_description":"Bar\u012bbu viela Spirul\u012bna ir zili-za\u013c\u0101 a\u013c\u0123e. Spirul\u012bna ir zili\u2013za\u013c\u0101 a\u013c\u0123e, kas satur visas organismam nepiecie\u0161am\u0101s aminosk\u0101bes un ir \u012bpa\u0161i bag\u0101t\u012bgs","og_url":"https:\/\/cosmetic.lv\/lv\/product\/spirulina-tablets\/","og_site_name":"cosmetic.lv","article_publisher":"https:\/\/www.facebook.com\/cosmetic.lv\/","article_modified_time":"2022-03-20T09:08:19+00:00","og_image":[{"width":259,"height":259,"url":"https:\/\/cosmetic.lv\/wp-content\/uploads\/2021\/02\/spirulinsher-4.jpg","type":"image\/jpeg"}],"twitter_card":"summary_large_image","schema":{"@context":"https:\/\/schema.org","@graph":[{"@type":"WebPage","@id":"https:\/\/cosmetic.lv\/lv\/product\/spirulina-tablets\/","url":"https:\/\/cosmetic.lv\/lv\/product\/spirulina-tablets\/","name":"Spirulina tablets - aminosk\u0101bes un miner\u0101\u013ci 300tab - cosmetic.lv","isPartOf":{"@id":"https:\/\/cosmetic.lv\/lv\/#website"},"primaryImageOfPage":{"@id":"https:\/\/cosmetic.lv\/lv\/product\/spirulina-tablets\/#primaryimage"},"image":{"@id":"https:\/\/cosmetic.lv\/lv\/product\/spirulina-tablets\/#primaryimage"},"thumbnailUrl":"https:\/\/cosmetic.lv\/wp-content\/uploads\/2021\/02\/spirulinsher-4.jpg","datePublished":"2021-02-06T17:51:21+00:00","dateModified":"2022-03-20T09:08:19+00:00","breadcrumb":{"@id":"https:\/\/cosmetic.lv\/lv\/product\/spirulina-tablets\/#breadcrumb"},"inLanguage":"lv-LV","potentialAction":[{"@type":"ReadAction","target":["https:\/\/cosmetic.lv\/lv\/product\/spirulina-tablets\/"]}]},{"@type":"ImageObject","inLanguage":"lv-LV","@id":"https:\/\/cosmetic.lv\/lv\/product\/spirulina-tablets\/#primaryimage","url":"https:\/\/cosmetic.lv\/wp-content\/uploads\/2021\/02\/spirulinsher-4.jpg","contentUrl":"https:\/\/cosmetic.lv\/wp-content\/uploads\/2021\/02\/spirulinsher-4.jpg","width":259,"height":259,"caption":"spirulinsher.jpg"},{"@type":"BreadcrumbList","@id":"https:\/\/cosmetic.lv\/lv\/product\/spirulina-tablets\/#breadcrumb","itemListElement":[{"@type":"ListItem","position":1,"name":"Home","item":"https:\/\/cosmetic.lv\/lv\/"},{"@type":"ListItem","position":2,"name":"Veikals","item":"https:\/\/cosmetic.lv\/lv\/veiklas\/"},{"@type":"ListItem","position":3,"name":"Spirulina tablets &#8212; aminosk\u0101bes un miner\u0101\u013ci 300tab"}]},{"@type":"WebSite","@id":"https:\/\/cosmetic.lv\/lv\/#website","url":"https:\/\/cosmetic.lv\/lv\/","name":"cosmetic.lv","description":"Profesion\u0101la kosm\u0113tika - Maria Galland, Keune, Arkadija, GMT, Guam, Magiray","publisher":{"@id":"https:\/\/cosmetic.lv\/lv\/#organization"},"potentialAction":[{"@type":"SearchAction","target":{"@type":"EntryPoint","urlTemplate":"https:\/\/cosmetic.lv\/lv\/?s={search_term_string}"},"query-input":{"@type":"PropertyValueSpecification","valueRequired":true,"valueName":"search_term_string"}}],"inLanguage":"lv-LV"},{"@type":"Organization","@id":"https:\/\/cosmetic.lv\/lv\/#organization","name":"COSMETIC.LV","url":"https:\/\/cosmetic.lv\/lv\/","logo":{"@type":"ImageObject","inLanguage":"lv-LV","@id":"https:\/\/cosmetic.lv\/lv\/#\/schema\/logo\/image\/","url":"https:\/\/cosmetic.lv\/wp-content\/uploads\/2021\/02\/cosmetic.lv_logo.jpg","contentUrl":"https:\/\/cosmetic.lv\/wp-content\/uploads\/2021\/02\/cosmetic.lv_logo.jpg","width":596,"height":196,"caption":"COSMETIC.LV"},"image":{"@id":"https:\/\/cosmetic.lv\/lv\/#\/schema\/logo\/image\/"},"sameAs":["https:\/\/www.facebook.com\/cosmetic.lv\/"]}]},"product_price_amount":"9.58","product_price_currency":"EUR","og_availability":"instock","product_availability":"instock","product_retailer_item_id":"spir","product_condition":"new"},"_links":{"self":[{"href":"https:\/\/cosmetic.lv\/lv\/wp-json\/wp\/v2\/product\/34323","targetHints":{"allow":["GET"]}}],"collection":[{"href":"https:\/\/cosmetic.lv\/lv\/wp-json\/wp\/v2\/product"}],"about":[{"href":"https:\/\/cosmetic.lv\/lv\/wp-json\/wp\/v2\/types\/product"}],"wp:featuredmedia":[{"embeddable":true,"href":"https:\/\/cosmetic.lv\/lv\/wp-json\/wp\/v2\/media\/16318"}],"wp:attachment":[{"href":"https:\/\/cosmetic.lv\/lv\/wp-json\/wp\/v2\/media?parent=34323"}],"wp:term":[{"taxonomy":"product_brand","embeddable":true,"href":"https:\/\/cosmetic.lv\/lv\/wp-json\/wp\/v2\/product_brand?post=34323"},{"taxonomy":"product_cat","embeddable":true,"href":"https:\/\/cosmetic.lv\/lv\/wp-json\/wp\/v2\/product_cat?post=34323"},{"taxonomy":"product_tag","embeddable":true,"href":"https:\/\/cosmetic.lv\/lv\/wp-json\/wp\/v2\/product_tag?post=34323"}],"curies":[{"name":"wp","href":"https:\/\/api.w.org\/{rel}","templated":true}]}}