{"id":34333,"date":"2021-02-05T22:40:53","date_gmt":"2021-02-06T17:51:28","guid":{"rendered":"https:\/\/damme.lv\/product\/apsejs-turmalina-magnita-celgaliem-atbrivo-no-sapem\/"},"modified":"2021-02-06T19:51:34","modified_gmt":"2021-02-06T17:51:34","slug":"apsejs-turmalina-magnita-celgaliem-atbrivo-no-sapem","status":"publish","type":"product","link":"https:\/\/cosmetic.lv\/lv\/product\/apsejs-turmalina-magnita-celgaliem-atbrivo-no-sapem\/","title":{"rendered":"Aps\u0113js Turmalina magnita ce\u013cgaliem atbr\u012bvo no s\u0101p\u0113m"},"content":{"rendered":"<p>Magn\u0113tu \u0101rstniecisk\u0101 ietekme uz cilv\u0113ka vesel\u012bbu zin\u0101ma jau izsenis &#8211; tas stimul\u0113 un dzied\u0113 loc\u012btavas, muguras skrieme\u013cus un citas \u0137erme\u0146a da\u013cas, t\u0101d\u0113j\u0101di iedarbojoties uz visu organismu kopum\u0101, k\u0101 rezult\u0101t\u0101 uzlabojas asinsrite, vielmai\u0146as procesi, tiek dzied\u0113tas musku\u013cu, sai\u0161u un citas s\u0101pes, mazin\u0101s t\u016bska un iekaisuma procesi. Savuk\u0101rt \u012bpa\u0161o miner\u0101lu turmal\u012bnu izmanto gan \u016bdens att\u012br\u012b\u0161anai, gan terapeitiski \u0137erme\u0146a vesel\u012bbas uzlabo\u0161anai &#8211; tam piem\u012bt unik\u0101las pa\u0161sildo\u0161as \u012bpa\u0161\u012bbas. Atbr\u012bvojies no s\u0101p\u0113m un diskomforta saj\u016btas, n\u0113s\u0101jot magn\u0113tisko jostu ar turmal\u012bnu, un izbaudi akt\u012bvu vasaru!<\/p>\n<p>K\u0101 darbojas \u0101rstniecisk\u0101 magn\u0113tisk\u0101 josta \u0137ermenim?<\/p>\n<p>    Magn\u0113tisk\u0101 josta pagatavota no m\u012bksta materi\u0101la, kas nekairina \u0101du, un taj\u0101 iestr\u0101d\u0101ti magn\u0113tiski un miner\u0101la &#8211; turmal\u012bna elementi<br \/>\n    Josta rad\u012bta, apvienojot Austrumu medic\u012bnas, akupunkt\u016bras principus un jaun\u0101kos Rietumu  zin\u0101tnes atkl\u0101jumus<br \/>\n    Turmal\u012bna elementi silda muguras da\u013cu, izmantojot pa\u0161a \u0137erme\u0146a temperat\u016bru, t\u0101p\u0113c nav nepiecie\u0161ams izmantot \u0101r\u0113jus sildelementus vai elektr\u012bbu<br \/>\n    Intens\u012bvais magn\u0113tiskais starojums iedarbojas uz musku\u013ciem un loc\u012btav\u0101m, mazinot s\u0101pes un pal\u012bdzot atjaunot to elast\u012bbu<br \/>\n    Jostas n\u0113s\u0101\u0161ana pal\u012bdz samazin\u0101t spiedienu mugur\u0101 un atbr\u012bvoties no s\u0101p\u0113m bez \u0137irur\u0123iskas iejauk\u0161an\u0101s<br \/>\n    Piem\u0113rota lieto\u0161anai gan sieviet\u0113m, gan v\u012brie\u0161iem<br \/>\n    Neizraisa blakuspar\u0101d\u012bbas<br \/>\n    Lieto\u0161ana: n\u0113s\u0101t uz kailas \u0101das divas reizes dien\u0101 20-30 min\u016btes, iepriek\u0161 samitrinot vai 3-5 stundas dien\u0101 saus\u0101 veid\u0101<br \/>\n    Nelietot miega laik\u0101<br \/>\n    Kontrindik\u0101cijas: kardiostimulatora lieto\u0161ana, gr\u016btniec\u012bba, onkolo\u0123iskas saslim\u0161anas, smagas sirds-asinsvadu sist\u0113mas, psihiskas slim\u012bbas, k\u0101 ar\u012b augsta \u0137erme\u0146a temperat\u016bra un atv\u0113rtas br\u016bces<\/p>\n<p>Rezult\u0101ti:<\/p>\n<p>    Atvieglo muguras, v\u0113dera (gastr\u012bta gad\u012bjum\u0101) un loc\u012btavu s\u0101pes, pal\u012bdz mentru\u0101lo krampju laik\u0101<br \/>\n    Nov\u0113r\u0161 diskomfortu skrieme\u013cu un mugurkaula disku, brukas, osteoporozes, loc\u012btavu probl\u0113mu gad\u012bjumos<br \/>\n    Atvieglo musku\u013cu s\u0101pes, traumas (taj\u0101 skait\u0101 sporta), post-traumatiskas musku\u013ci-skeleta komplik\u0101cijas<br \/>\n    Iestr\u0101d\u0101tie magn\u0113ti labv\u0113l\u012bgi ietekm\u0113 nervu un sirds-asinsvadu sist\u0113mas, uzlabo asinsriti, mazina t\u016bsku un relaks\u0113 muguras muskulat\u016bru<br \/>\n    Sildo\u0161ais efekts pal\u012bdz samazin\u0101t tauku uzkr\u0101jumus v\u0113dera un viduk\u013ca rajon\u0101.<\/p>\n","protected":false},"excerpt":{"rendered":"<p>Magn\u0113tu \u0101rstniecisk\u0101 ietekme uz cilv\u0113ka vesel\u012bbu zin\u0101ma jau izsenis &#8211; tas stimul\u0113 un dzied\u0113 loc\u012btavas, muguras skrieme\u013cus un citas \u0137erme\u0146a<\/p>\n","protected":false},"featured_media":16348,"template":"","meta":[],"product_brand":[],"product_cat":[2231,2233],"product_tag":[],"class_list":{"0":"post-34333","1":"product","2":"type-product","3":"status-publish","4":"has-post-thumbnail","6":"product_cat-atveselojosas-preces-lv","7":"product_cat-kajam-lv","9":"first","10":"instock","11":"sale","12":"taxable","13":"shipping-taxable","14":"purchasable","15":"product-type-simple"},"yoast_head":"<!-- This site is optimized with the Yoast SEO Premium plugin v27.0 (Yoast SEO v27.0) - https:\/\/yoast.com\/product\/yoast-seo-premium-wordpress\/ -->\n<title>Aps\u0113js Turmalina magnita ce\u013cgaliem atbr\u012bvo no s\u0101p\u0113m - cosmetic.lv<\/title>\n<meta name=\"robots\" content=\"index, follow, max-snippet:-1, max-image-preview:large, max-video-preview:-1\" \/>\n<link rel=\"canonical\" href=\"https:\/\/cosmetic.lv\/lv\/product\/apsejs-turmalina-magnita-celgaliem-atbrivo-no-sapem\/\" \/>\n<meta property=\"og:locale\" content=\"lv_LV\" \/>\n<meta property=\"og:type\" content=\"article\" \/>\n<meta property=\"og:title\" content=\"Aps\u0113js Turmalina magnita ce\u013cgaliem atbr\u012bvo no s\u0101p\u0113m\" \/>\n<meta property=\"og:description\" content=\"Magn\u0113tu \u0101rstniecisk\u0101 ietekme uz cilv\u0113ka vesel\u012bbu zin\u0101ma jau izsenis &#8211; tas stimul\u0113 un dzied\u0113 loc\u012btavas, muguras skrieme\u013cus un citas \u0137erme\u0146a\" \/>\n<meta property=\"og:url\" content=\"https:\/\/cosmetic.lv\/lv\/product\/apsejs-turmalina-magnita-celgaliem-atbrivo-no-sapem\/\" \/>\n<meta property=\"og:site_name\" content=\"cosmetic.lv\" \/>\n<meta property=\"article:publisher\" content=\"https:\/\/www.facebook.com\/cosmetic.lv\/\" \/>\n<meta property=\"article:modified_time\" content=\"2021-02-06T17:51:34+00:00\" \/>\n<meta property=\"og:image\" content=\"https:\/\/cosmetic.lv\/wp-content\/uploads\/2021\/02\/640801327_269turm-4.jpg\" \/>\n\t<meta property=\"og:image:width\" content=\"394\" \/>\n\t<meta property=\"og:image:height\" content=\"394\" \/>\n\t<meta property=\"og:image:type\" content=\"image\/jpeg\" \/>\n<meta name=\"twitter:card\" content=\"summary_large_image\" \/>\n<script type=\"application\/ld+json\" class=\"yoast-schema-graph\">{\"@context\":\"https:\/\/schema.org\",\"@graph\":[{\"@type\":\"WebPage\",\"@id\":\"https:\/\/cosmetic.lv\/lv\/product\/apsejs-turmalina-magnita-celgaliem-atbrivo-no-sapem\/\",\"url\":\"https:\/\/cosmetic.lv\/lv\/product\/apsejs-turmalina-magnita-celgaliem-atbrivo-no-sapem\/\",\"name\":\"Aps\u0113js Turmalina magnita ce\u013cgaliem atbr\u012bvo no s\u0101p\u0113m - cosmetic.lv\",\"isPartOf\":{\"@id\":\"https:\/\/cosmetic.lv\/lv\/#website\"},\"primaryImageOfPage\":{\"@id\":\"https:\/\/cosmetic.lv\/lv\/product\/apsejs-turmalina-magnita-celgaliem-atbrivo-no-sapem\/#primaryimage\"},\"image\":{\"@id\":\"https:\/\/cosmetic.lv\/lv\/product\/apsejs-turmalina-magnita-celgaliem-atbrivo-no-sapem\/#primaryimage\"},\"thumbnailUrl\":\"https:\/\/cosmetic.lv\/wp-content\/uploads\/2021\/02\/640801327_269turm-4.jpg\",\"datePublished\":\"2021-02-06T17:51:28+00:00\",\"dateModified\":\"2021-02-06T17:51:34+00:00\",\"breadcrumb\":{\"@id\":\"https:\/\/cosmetic.lv\/lv\/product\/apsejs-turmalina-magnita-celgaliem-atbrivo-no-sapem\/#breadcrumb\"},\"inLanguage\":\"lv-LV\",\"potentialAction\":[{\"@type\":\"ReadAction\",\"target\":[\"https:\/\/cosmetic.lv\/lv\/product\/apsejs-turmalina-magnita-celgaliem-atbrivo-no-sapem\/\"]}]},{\"@type\":\"ImageObject\",\"inLanguage\":\"lv-LV\",\"@id\":\"https:\/\/cosmetic.lv\/lv\/product\/apsejs-turmalina-magnita-celgaliem-atbrivo-no-sapem\/#primaryimage\",\"url\":\"https:\/\/cosmetic.lv\/wp-content\/uploads\/2021\/02\/640801327_269turm-4.jpg\",\"contentUrl\":\"https:\/\/cosmetic.lv\/wp-content\/uploads\/2021\/02\/640801327_269turm-4.jpg\",\"width\":394,\"height\":394,\"caption\":\"640801327_269turm.jpg\"},{\"@type\":\"BreadcrumbList\",\"@id\":\"https:\/\/cosmetic.lv\/lv\/product\/apsejs-turmalina-magnita-celgaliem-atbrivo-no-sapem\/#breadcrumb\",\"itemListElement\":[{\"@type\":\"ListItem\",\"position\":1,\"name\":\"Home\",\"item\":\"https:\/\/cosmetic.lv\/lv\/\"},{\"@type\":\"ListItem\",\"position\":2,\"name\":\"Veikals\",\"item\":\"https:\/\/cosmetic.lv\/lv\/veiklas\/\"},{\"@type\":\"ListItem\",\"position\":3,\"name\":\"Aps\u0113js Turmalina magnita ce\u013cgaliem atbr\u012bvo no s\u0101p\u0113m\"}]},{\"@type\":\"WebSite\",\"@id\":\"https:\/\/cosmetic.lv\/lv\/#website\",\"url\":\"https:\/\/cosmetic.lv\/lv\/\",\"name\":\"cosmetic.lv\",\"description\":\"Profesion\u0101la kosm\u0113tika - Maria Galland, Keune, Arkadija, GMT, Guam, Magiray\",\"publisher\":{\"@id\":\"https:\/\/cosmetic.lv\/lv\/#organization\"},\"potentialAction\":[{\"@type\":\"SearchAction\",\"target\":{\"@type\":\"EntryPoint\",\"urlTemplate\":\"https:\/\/cosmetic.lv\/lv\/?s={search_term_string}\"},\"query-input\":{\"@type\":\"PropertyValueSpecification\",\"valueRequired\":true,\"valueName\":\"search_term_string\"}}],\"inLanguage\":\"lv-LV\"},{\"@type\":\"Organization\",\"@id\":\"https:\/\/cosmetic.lv\/lv\/#organization\",\"name\":\"COSMETIC.LV\",\"url\":\"https:\/\/cosmetic.lv\/lv\/\",\"logo\":{\"@type\":\"ImageObject\",\"inLanguage\":\"lv-LV\",\"@id\":\"https:\/\/cosmetic.lv\/lv\/#\/schema\/logo\/image\/\",\"url\":\"https:\/\/cosmetic.lv\/wp-content\/uploads\/2021\/02\/cosmetic.lv_logo.jpg\",\"contentUrl\":\"https:\/\/cosmetic.lv\/wp-content\/uploads\/2021\/02\/cosmetic.lv_logo.jpg\",\"width\":596,\"height\":196,\"caption\":\"COSMETIC.LV\"},\"image\":{\"@id\":\"https:\/\/cosmetic.lv\/lv\/#\/schema\/logo\/image\/\"},\"sameAs\":[\"https:\/\/www.facebook.com\/cosmetic.lv\/\"]}]}<\/script>\n<meta property=\"product:price:amount\" content=\"19.46\" \/>\n<meta property=\"product:price:currency\" content=\"EUR\" \/>\n<meta property=\"og:availability\" content=\"instock\" \/>\n<meta property=\"product:availability\" content=\"instock\" \/>\n<meta property=\"product:retailer_item_id\" content=\"turmk\" \/>\n<meta property=\"product:condition\" content=\"new\" \/>\n<!-- \/ Yoast SEO Premium plugin. -->","yoast_head_json":{"title":"Aps\u0113js Turmalina magnita ce\u013cgaliem atbr\u012bvo no s\u0101p\u0113m - cosmetic.lv","robots":{"index":"index","follow":"follow","max-snippet":"max-snippet:-1","max-image-preview":"max-image-preview:large","max-video-preview":"max-video-preview:-1"},"canonical":"https:\/\/cosmetic.lv\/lv\/product\/apsejs-turmalina-magnita-celgaliem-atbrivo-no-sapem\/","og_locale":"lv_LV","og_type":"article","og_title":"Aps\u0113js Turmalina magnita ce\u013cgaliem atbr\u012bvo no s\u0101p\u0113m","og_description":"Magn\u0113tu \u0101rstniecisk\u0101 ietekme uz cilv\u0113ka vesel\u012bbu zin\u0101ma jau izsenis &#8211; tas stimul\u0113 un dzied\u0113 loc\u012btavas, muguras skrieme\u013cus un citas \u0137erme\u0146a","og_url":"https:\/\/cosmetic.lv\/lv\/product\/apsejs-turmalina-magnita-celgaliem-atbrivo-no-sapem\/","og_site_name":"cosmetic.lv","article_publisher":"https:\/\/www.facebook.com\/cosmetic.lv\/","article_modified_time":"2021-02-06T17:51:34+00:00","og_image":[{"width":394,"height":394,"url":"https:\/\/cosmetic.lv\/wp-content\/uploads\/2021\/02\/640801327_269turm-4.jpg","type":"image\/jpeg"}],"twitter_card":"summary_large_image","schema":{"@context":"https:\/\/schema.org","@graph":[{"@type":"WebPage","@id":"https:\/\/cosmetic.lv\/lv\/product\/apsejs-turmalina-magnita-celgaliem-atbrivo-no-sapem\/","url":"https:\/\/cosmetic.lv\/lv\/product\/apsejs-turmalina-magnita-celgaliem-atbrivo-no-sapem\/","name":"Aps\u0113js Turmalina magnita ce\u013cgaliem atbr\u012bvo no s\u0101p\u0113m - cosmetic.lv","isPartOf":{"@id":"https:\/\/cosmetic.lv\/lv\/#website"},"primaryImageOfPage":{"@id":"https:\/\/cosmetic.lv\/lv\/product\/apsejs-turmalina-magnita-celgaliem-atbrivo-no-sapem\/#primaryimage"},"image":{"@id":"https:\/\/cosmetic.lv\/lv\/product\/apsejs-turmalina-magnita-celgaliem-atbrivo-no-sapem\/#primaryimage"},"thumbnailUrl":"https:\/\/cosmetic.lv\/wp-content\/uploads\/2021\/02\/640801327_269turm-4.jpg","datePublished":"2021-02-06T17:51:28+00:00","dateModified":"2021-02-06T17:51:34+00:00","breadcrumb":{"@id":"https:\/\/cosmetic.lv\/lv\/product\/apsejs-turmalina-magnita-celgaliem-atbrivo-no-sapem\/#breadcrumb"},"inLanguage":"lv-LV","potentialAction":[{"@type":"ReadAction","target":["https:\/\/cosmetic.lv\/lv\/product\/apsejs-turmalina-magnita-celgaliem-atbrivo-no-sapem\/"]}]},{"@type":"ImageObject","inLanguage":"lv-LV","@id":"https:\/\/cosmetic.lv\/lv\/product\/apsejs-turmalina-magnita-celgaliem-atbrivo-no-sapem\/#primaryimage","url":"https:\/\/cosmetic.lv\/wp-content\/uploads\/2021\/02\/640801327_269turm-4.jpg","contentUrl":"https:\/\/cosmetic.lv\/wp-content\/uploads\/2021\/02\/640801327_269turm-4.jpg","width":394,"height":394,"caption":"640801327_269turm.jpg"},{"@type":"BreadcrumbList","@id":"https:\/\/cosmetic.lv\/lv\/product\/apsejs-turmalina-magnita-celgaliem-atbrivo-no-sapem\/#breadcrumb","itemListElement":[{"@type":"ListItem","position":1,"name":"Home","item":"https:\/\/cosmetic.lv\/lv\/"},{"@type":"ListItem","position":2,"name":"Veikals","item":"https:\/\/cosmetic.lv\/lv\/veiklas\/"},{"@type":"ListItem","position":3,"name":"Aps\u0113js Turmalina magnita ce\u013cgaliem atbr\u012bvo no s\u0101p\u0113m"}]},{"@type":"WebSite","@id":"https:\/\/cosmetic.lv\/lv\/#website","url":"https:\/\/cosmetic.lv\/lv\/","name":"cosmetic.lv","description":"Profesion\u0101la kosm\u0113tika - Maria Galland, Keune, Arkadija, GMT, Guam, Magiray","publisher":{"@id":"https:\/\/cosmetic.lv\/lv\/#organization"},"potentialAction":[{"@type":"SearchAction","target":{"@type":"EntryPoint","urlTemplate":"https:\/\/cosmetic.lv\/lv\/?s={search_term_string}"},"query-input":{"@type":"PropertyValueSpecification","valueRequired":true,"valueName":"search_term_string"}}],"inLanguage":"lv-LV"},{"@type":"Organization","@id":"https:\/\/cosmetic.lv\/lv\/#organization","name":"COSMETIC.LV","url":"https:\/\/cosmetic.lv\/lv\/","logo":{"@type":"ImageObject","inLanguage":"lv-LV","@id":"https:\/\/cosmetic.lv\/lv\/#\/schema\/logo\/image\/","url":"https:\/\/cosmetic.lv\/wp-content\/uploads\/2021\/02\/cosmetic.lv_logo.jpg","contentUrl":"https:\/\/cosmetic.lv\/wp-content\/uploads\/2021\/02\/cosmetic.lv_logo.jpg","width":596,"height":196,"caption":"COSMETIC.LV"},"image":{"@id":"https:\/\/cosmetic.lv\/lv\/#\/schema\/logo\/image\/"},"sameAs":["https:\/\/www.facebook.com\/cosmetic.lv\/"]}]},"product_price_amount":"19.46","product_price_currency":"EUR","og_availability":"instock","product_availability":"instock","product_retailer_item_id":"turmk","product_condition":"new"},"_links":{"self":[{"href":"https:\/\/cosmetic.lv\/lv\/wp-json\/wp\/v2\/product\/34333","targetHints":{"allow":["GET"]}}],"collection":[{"href":"https:\/\/cosmetic.lv\/lv\/wp-json\/wp\/v2\/product"}],"about":[{"href":"https:\/\/cosmetic.lv\/lv\/wp-json\/wp\/v2\/types\/product"}],"wp:featuredmedia":[{"embeddable":true,"href":"https:\/\/cosmetic.lv\/lv\/wp-json\/wp\/v2\/media\/16348"}],"wp:attachment":[{"href":"https:\/\/cosmetic.lv\/lv\/wp-json\/wp\/v2\/media?parent=34333"}],"wp:term":[{"taxonomy":"product_brand","embeddable":true,"href":"https:\/\/cosmetic.lv\/lv\/wp-json\/wp\/v2\/product_brand?post=34333"},{"taxonomy":"product_cat","embeddable":true,"href":"https:\/\/cosmetic.lv\/lv\/wp-json\/wp\/v2\/product_cat?post=34333"},{"taxonomy":"product_tag","embeddable":true,"href":"https:\/\/cosmetic.lv\/lv\/wp-json\/wp\/v2\/product_tag?post=34333"}],"curies":[{"name":"wp","href":"https:\/\/api.w.org\/{rel}","templated":true}]}}