{"id":34334,"date":"2021-02-05T22:40:53","date_gmt":"2021-02-06T17:51:36","guid":{"rendered":"https:\/\/damme.lv\/product\/davines-oi-absolute-beautyfing-conditioner-absoluts-skaistuma-kondicionieris\/"},"modified":"2021-02-06T19:51:36","modified_gmt":"2021-02-06T17:51:36","slug":"davines-oi-absolute-beautyfing-conditioner-absoluts-skaistuma-kondicionieris","status":"publish","type":"product","link":"https:\/\/cosmetic.lv\/lv\/product\/davines-oi-absolute-beautyfing-conditioner-absoluts-skaistuma-kondicionieris\/","title":{"rendered":"DAVINES OI \/ Absolute beautyfing conditioner &#8211; absol\u016bts skaistuma kondicionieris"},"content":{"rendered":"<p>Kr\u0113mveida kondicionieris Davines. Delicate formula nodro\u0161ina \u0101rk\u0101rtas maigumu, sp\u012bdumu un apjomu matiem. Tas pa\u0101trina matu \u017e\u0101v\u0113\u0161anas procesu, aizsarg\u0101 matus no karst\u0101 instrumentiem un matu \u017e\u0101v\u0113t\u0101js, nov\u0113r\u0161 tos no meh\u0101niskiem boj\u0101jumiem.<\/p>\n<p>Annato e\u013c\u013ca Apriko\u017eu e\u013c\u013ca: ir nomierino\u0161as un mitrin\u0101tu \u012bpa\u0161\u012bbas, ir bag\u0101ta ar A vitam\u012bnu un C. kondicion\u0113\u0161ana l\u012bdzeklis ieg\u016bta no celulozes: maigumu matu strukt\u016bru.<\/p>\n<p>Tas nesatur sulf\u0101tus un parab\u0113nus. Piem\u0113rots visiem matu tipiem.<\/p>\n<p>K\u0101 lietot:<br \/>\nVienm\u0113r\u012bgi Uzkl\u0101jiet nelielu daudzumu Davines produktu mazg\u0101 un dvie\u013cu \u017e\u0101v\u0113 matus. Atst\u0101jiet uz 2-3 min\u016bt\u0113m, \u0137emm\u0113t matus. P\u0113c tam r\u016bp\u012bgi noskalo ar siltu \u016bdeni un gaisa kondicion\u0113\u0161anu.<\/p>\n<p>Izcelsmes valsts: It\u0101lija<\/p>\n","protected":false},"excerpt":{"rendered":"<p>Kr\u0113mveida kondicionieris Davines. Delicate formula nodro\u0161ina \u0101rk\u0101rtas maigumu, sp\u012bdumu un apjomu matiem. Tas pa\u0101trina matu \u017e\u0101v\u0113\u0161anas procesu, aizsarg\u0101 matus no<\/p>\n","protected":false},"featured_media":16351,"template":"","meta":[],"product_brand":[],"product_cat":[2258,2260,2261],"product_tag":[],"class_list":{"0":"post-34334","1":"product","2":"type-product","3":"status-publish","4":"has-post-thumbnail","6":"product_cat-profesionala-kosmetika-matiem-lv","7":"product_cat-davines-italija-lv","8":"product_cat-kondicionieris-matiem-lv","10":"first","11":"outofstock","12":"taxable","13":"shipping-taxable","14":"purchasable","15":"product-type-simple"},"yoast_head":"<!-- This site is optimized with the Yoast SEO Premium plugin v27.0 (Yoast SEO v27.0) - https:\/\/yoast.com\/product\/yoast-seo-premium-wordpress\/ -->\n<title>DAVINES OI \/ Absolute beautyfing conditioner - absol\u016bts skaistuma kondicionieris - cosmetic.lv<\/title>\n<meta name=\"robots\" content=\"index, follow, max-snippet:-1, max-image-preview:large, max-video-preview:-1\" \/>\n<link rel=\"canonical\" href=\"https:\/\/cosmetic.lv\/lv\/product\/davines-oi-absolute-beautyfing-conditioner-absoluts-skaistuma-kondicionieris\/\" \/>\n<meta property=\"og:locale\" content=\"lv_LV\" \/>\n<meta property=\"og:type\" content=\"article\" \/>\n<meta property=\"og:title\" content=\"DAVINES OI \/ Absolute beautyfing conditioner - absol\u016bts skaistuma kondicionieris\" \/>\n<meta property=\"og:description\" content=\"Kr\u0113mveida kondicionieris Davines. Delicate formula nodro\u0161ina \u0101rk\u0101rtas maigumu, sp\u012bdumu un apjomu matiem. Tas pa\u0101trina matu \u017e\u0101v\u0113\u0161anas procesu, aizsarg\u0101 matus no\" \/>\n<meta property=\"og:url\" content=\"https:\/\/cosmetic.lv\/lv\/product\/davines-oi-absolute-beautyfing-conditioner-absoluts-skaistuma-kondicionieris\/\" \/>\n<meta property=\"og:site_name\" content=\"cosmetic.lv\" \/>\n<meta property=\"article:publisher\" content=\"https:\/\/www.facebook.com\/cosmetic.lv\/\" \/>\n<meta property=\"og:image\" content=\"https:\/\/cosmetic.lv\/wp-content\/uploads\/2021\/02\/davines-oi-conditioner-absolute-beautifying-conditione-4.jpg\" \/>\n\t<meta property=\"og:image:width\" content=\"900\" \/>\n\t<meta property=\"og:image:height\" content=\"900\" \/>\n\t<meta property=\"og:image:type\" content=\"image\/jpeg\" \/>\n<meta name=\"twitter:card\" content=\"summary_large_image\" \/>\n<script type=\"application\/ld+json\" class=\"yoast-schema-graph\">{\"@context\":\"https:\/\/schema.org\",\"@graph\":[{\"@type\":\"WebPage\",\"@id\":\"https:\/\/cosmetic.lv\/lv\/product\/davines-oi-absolute-beautyfing-conditioner-absoluts-skaistuma-kondicionieris\/\",\"url\":\"https:\/\/cosmetic.lv\/lv\/product\/davines-oi-absolute-beautyfing-conditioner-absoluts-skaistuma-kondicionieris\/\",\"name\":\"DAVINES OI \/ Absolute beautyfing conditioner - absol\u016bts skaistuma kondicionieris - cosmetic.lv\",\"isPartOf\":{\"@id\":\"https:\/\/cosmetic.lv\/lv\/#website\"},\"primaryImageOfPage\":{\"@id\":\"https:\/\/cosmetic.lv\/lv\/product\/davines-oi-absolute-beautyfing-conditioner-absoluts-skaistuma-kondicionieris\/#primaryimage\"},\"image\":{\"@id\":\"https:\/\/cosmetic.lv\/lv\/product\/davines-oi-absolute-beautyfing-conditioner-absoluts-skaistuma-kondicionieris\/#primaryimage\"},\"thumbnailUrl\":\"https:\/\/cosmetic.lv\/wp-content\/uploads\/2021\/02\/davines-oi-conditioner-absolute-beautifying-conditione-4.jpg\",\"datePublished\":\"2021-02-06T17:51:36+00:00\",\"breadcrumb\":{\"@id\":\"https:\/\/cosmetic.lv\/lv\/product\/davines-oi-absolute-beautyfing-conditioner-absoluts-skaistuma-kondicionieris\/#breadcrumb\"},\"inLanguage\":\"lv-LV\",\"potentialAction\":[{\"@type\":\"ReadAction\",\"target\":[\"https:\/\/cosmetic.lv\/lv\/product\/davines-oi-absolute-beautyfing-conditioner-absoluts-skaistuma-kondicionieris\/\"]}]},{\"@type\":\"ImageObject\",\"inLanguage\":\"lv-LV\",\"@id\":\"https:\/\/cosmetic.lv\/lv\/product\/davines-oi-absolute-beautyfing-conditioner-absoluts-skaistuma-kondicionieris\/#primaryimage\",\"url\":\"https:\/\/cosmetic.lv\/wp-content\/uploads\/2021\/02\/davines-oi-conditioner-absolute-beautifying-conditione-4.jpg\",\"contentUrl\":\"https:\/\/cosmetic.lv\/wp-content\/uploads\/2021\/02\/davines-oi-conditioner-absolute-beautifying-conditione-4.jpg\",\"width\":900,\"height\":900,\"caption\":\"davines-oi-conditioner-absolute-beautifying-conditione.jpg\"},{\"@type\":\"BreadcrumbList\",\"@id\":\"https:\/\/cosmetic.lv\/lv\/product\/davines-oi-absolute-beautyfing-conditioner-absoluts-skaistuma-kondicionieris\/#breadcrumb\",\"itemListElement\":[{\"@type\":\"ListItem\",\"position\":1,\"name\":\"Home\",\"item\":\"https:\/\/cosmetic.lv\/lv\/\"},{\"@type\":\"ListItem\",\"position\":2,\"name\":\"Veikals\",\"item\":\"https:\/\/cosmetic.lv\/lv\/veiklas\/\"},{\"@type\":\"ListItem\",\"position\":3,\"name\":\"DAVINES OI \/ Absolute beautyfing conditioner &#8211; absol\u016bts skaistuma kondicionieris\"}]},{\"@type\":\"WebSite\",\"@id\":\"https:\/\/cosmetic.lv\/lv\/#website\",\"url\":\"https:\/\/cosmetic.lv\/lv\/\",\"name\":\"cosmetic.lv\",\"description\":\"Profesion\u0101la kosm\u0113tika - Maria Galland, Keune, Arkadija, GMT, Guam, Magiray\",\"publisher\":{\"@id\":\"https:\/\/cosmetic.lv\/lv\/#organization\"},\"potentialAction\":[{\"@type\":\"SearchAction\",\"target\":{\"@type\":\"EntryPoint\",\"urlTemplate\":\"https:\/\/cosmetic.lv\/lv\/?s={search_term_string}\"},\"query-input\":{\"@type\":\"PropertyValueSpecification\",\"valueRequired\":true,\"valueName\":\"search_term_string\"}}],\"inLanguage\":\"lv-LV\"},{\"@type\":\"Organization\",\"@id\":\"https:\/\/cosmetic.lv\/lv\/#organization\",\"name\":\"COSMETIC.LV\",\"url\":\"https:\/\/cosmetic.lv\/lv\/\",\"logo\":{\"@type\":\"ImageObject\",\"inLanguage\":\"lv-LV\",\"@id\":\"https:\/\/cosmetic.lv\/lv\/#\/schema\/logo\/image\/\",\"url\":\"https:\/\/cosmetic.lv\/wp-content\/uploads\/2021\/02\/cosmetic.lv_logo.jpg\",\"contentUrl\":\"https:\/\/cosmetic.lv\/wp-content\/uploads\/2021\/02\/cosmetic.lv_logo.jpg\",\"width\":596,\"height\":196,\"caption\":\"COSMETIC.LV\"},\"image\":{\"@id\":\"https:\/\/cosmetic.lv\/lv\/#\/schema\/logo\/image\/\"},\"sameAs\":[\"https:\/\/www.facebook.com\/cosmetic.lv\/\"]}]}<\/script>\n<meta property=\"product:price:amount\" content=\"23.19\" \/>\n<meta property=\"product:price:currency\" content=\"EUR\" \/>\n<meta property=\"og:availability\" content=\"out of stock\" \/>\n<meta property=\"product:availability\" content=\"out of stock\" \/>\n<meta property=\"product:retailer_item_id\" content=\"OLIKOND\" \/>\n<meta property=\"product:condition\" content=\"new\" \/>\n<!-- \/ Yoast SEO Premium plugin. -->","yoast_head_json":{"title":"DAVINES OI \/ Absolute beautyfing conditioner - absol\u016bts skaistuma kondicionieris - cosmetic.lv","robots":{"index":"index","follow":"follow","max-snippet":"max-snippet:-1","max-image-preview":"max-image-preview:large","max-video-preview":"max-video-preview:-1"},"canonical":"https:\/\/cosmetic.lv\/lv\/product\/davines-oi-absolute-beautyfing-conditioner-absoluts-skaistuma-kondicionieris\/","og_locale":"lv_LV","og_type":"article","og_title":"DAVINES OI \/ Absolute beautyfing conditioner - absol\u016bts skaistuma kondicionieris","og_description":"Kr\u0113mveida kondicionieris Davines. Delicate formula nodro\u0161ina \u0101rk\u0101rtas maigumu, sp\u012bdumu un apjomu matiem. Tas pa\u0101trina matu \u017e\u0101v\u0113\u0161anas procesu, aizsarg\u0101 matus no","og_url":"https:\/\/cosmetic.lv\/lv\/product\/davines-oi-absolute-beautyfing-conditioner-absoluts-skaistuma-kondicionieris\/","og_site_name":"cosmetic.lv","article_publisher":"https:\/\/www.facebook.com\/cosmetic.lv\/","og_image":[{"width":900,"height":900,"url":"https:\/\/cosmetic.lv\/wp-content\/uploads\/2021\/02\/davines-oi-conditioner-absolute-beautifying-conditione-4.jpg","type":"image\/jpeg"}],"twitter_card":"summary_large_image","schema":{"@context":"https:\/\/schema.org","@graph":[{"@type":"WebPage","@id":"https:\/\/cosmetic.lv\/lv\/product\/davines-oi-absolute-beautyfing-conditioner-absoluts-skaistuma-kondicionieris\/","url":"https:\/\/cosmetic.lv\/lv\/product\/davines-oi-absolute-beautyfing-conditioner-absoluts-skaistuma-kondicionieris\/","name":"DAVINES OI \/ Absolute beautyfing conditioner - absol\u016bts skaistuma kondicionieris - cosmetic.lv","isPartOf":{"@id":"https:\/\/cosmetic.lv\/lv\/#website"},"primaryImageOfPage":{"@id":"https:\/\/cosmetic.lv\/lv\/product\/davines-oi-absolute-beautyfing-conditioner-absoluts-skaistuma-kondicionieris\/#primaryimage"},"image":{"@id":"https:\/\/cosmetic.lv\/lv\/product\/davines-oi-absolute-beautyfing-conditioner-absoluts-skaistuma-kondicionieris\/#primaryimage"},"thumbnailUrl":"https:\/\/cosmetic.lv\/wp-content\/uploads\/2021\/02\/davines-oi-conditioner-absolute-beautifying-conditione-4.jpg","datePublished":"2021-02-06T17:51:36+00:00","breadcrumb":{"@id":"https:\/\/cosmetic.lv\/lv\/product\/davines-oi-absolute-beautyfing-conditioner-absoluts-skaistuma-kondicionieris\/#breadcrumb"},"inLanguage":"lv-LV","potentialAction":[{"@type":"ReadAction","target":["https:\/\/cosmetic.lv\/lv\/product\/davines-oi-absolute-beautyfing-conditioner-absoluts-skaistuma-kondicionieris\/"]}]},{"@type":"ImageObject","inLanguage":"lv-LV","@id":"https:\/\/cosmetic.lv\/lv\/product\/davines-oi-absolute-beautyfing-conditioner-absoluts-skaistuma-kondicionieris\/#primaryimage","url":"https:\/\/cosmetic.lv\/wp-content\/uploads\/2021\/02\/davines-oi-conditioner-absolute-beautifying-conditione-4.jpg","contentUrl":"https:\/\/cosmetic.lv\/wp-content\/uploads\/2021\/02\/davines-oi-conditioner-absolute-beautifying-conditione-4.jpg","width":900,"height":900,"caption":"davines-oi-conditioner-absolute-beautifying-conditione.jpg"},{"@type":"BreadcrumbList","@id":"https:\/\/cosmetic.lv\/lv\/product\/davines-oi-absolute-beautyfing-conditioner-absoluts-skaistuma-kondicionieris\/#breadcrumb","itemListElement":[{"@type":"ListItem","position":1,"name":"Home","item":"https:\/\/cosmetic.lv\/lv\/"},{"@type":"ListItem","position":2,"name":"Veikals","item":"https:\/\/cosmetic.lv\/lv\/veiklas\/"},{"@type":"ListItem","position":3,"name":"DAVINES OI \/ Absolute beautyfing conditioner &#8211; absol\u016bts skaistuma kondicionieris"}]},{"@type":"WebSite","@id":"https:\/\/cosmetic.lv\/lv\/#website","url":"https:\/\/cosmetic.lv\/lv\/","name":"cosmetic.lv","description":"Profesion\u0101la kosm\u0113tika - Maria Galland, Keune, Arkadija, GMT, Guam, Magiray","publisher":{"@id":"https:\/\/cosmetic.lv\/lv\/#organization"},"potentialAction":[{"@type":"SearchAction","target":{"@type":"EntryPoint","urlTemplate":"https:\/\/cosmetic.lv\/lv\/?s={search_term_string}"},"query-input":{"@type":"PropertyValueSpecification","valueRequired":true,"valueName":"search_term_string"}}],"inLanguage":"lv-LV"},{"@type":"Organization","@id":"https:\/\/cosmetic.lv\/lv\/#organization","name":"COSMETIC.LV","url":"https:\/\/cosmetic.lv\/lv\/","logo":{"@type":"ImageObject","inLanguage":"lv-LV","@id":"https:\/\/cosmetic.lv\/lv\/#\/schema\/logo\/image\/","url":"https:\/\/cosmetic.lv\/wp-content\/uploads\/2021\/02\/cosmetic.lv_logo.jpg","contentUrl":"https:\/\/cosmetic.lv\/wp-content\/uploads\/2021\/02\/cosmetic.lv_logo.jpg","width":596,"height":196,"caption":"COSMETIC.LV"},"image":{"@id":"https:\/\/cosmetic.lv\/lv\/#\/schema\/logo\/image\/"},"sameAs":["https:\/\/www.facebook.com\/cosmetic.lv\/"]}]},"product_price_amount":"23.19","product_price_currency":"EUR","og_availability":"out of stock","product_availability":"out of stock","product_retailer_item_id":"OLIKOND","product_condition":"new"},"_links":{"self":[{"href":"https:\/\/cosmetic.lv\/lv\/wp-json\/wp\/v2\/product\/34334","targetHints":{"allow":["GET"]}}],"collection":[{"href":"https:\/\/cosmetic.lv\/lv\/wp-json\/wp\/v2\/product"}],"about":[{"href":"https:\/\/cosmetic.lv\/lv\/wp-json\/wp\/v2\/types\/product"}],"wp:featuredmedia":[{"embeddable":true,"href":"https:\/\/cosmetic.lv\/lv\/wp-json\/wp\/v2\/media\/16351"}],"wp:attachment":[{"href":"https:\/\/cosmetic.lv\/lv\/wp-json\/wp\/v2\/media?parent=34334"}],"wp:term":[{"taxonomy":"product_brand","embeddable":true,"href":"https:\/\/cosmetic.lv\/lv\/wp-json\/wp\/v2\/product_brand?post=34334"},{"taxonomy":"product_cat","embeddable":true,"href":"https:\/\/cosmetic.lv\/lv\/wp-json\/wp\/v2\/product_cat?post=34334"},{"taxonomy":"product_tag","embeddable":true,"href":"https:\/\/cosmetic.lv\/lv\/wp-json\/wp\/v2\/product_tag?post=34334"}],"curies":[{"name":"wp","href":"https:\/\/api.w.org\/{rel}","templated":true}]}}