{"id":34336,"date":"2021-02-05T22:40:53","date_gmt":"2021-02-06T17:51:36","guid":{"rendered":"https:\/\/damme.lv\/product\/davines-solu-shampoo-atsvaidzinoss-dzili-attiross-sampuns\/"},"modified":"2021-02-06T19:51:38","modified_gmt":"2021-02-06T17:51:38","slug":"davines-solu-shampoo-atsvaidzinoss-dzili-attiross-sampuns","status":"publish","type":"product","link":"https:\/\/cosmetic.lv\/lv\/product\/davines-solu-shampoo-atsvaidzinoss-dzili-attiross-sampuns\/","title":{"rendered":"DAVINES SOLU shampoo = Atsvaidzino\u0161s, dz\u012b\u013ci att\u012bro\u0161s \u0161amp\u016bns"},"content":{"rendered":"<p>DAVINES SOLU shampoo = Atsvaidzino\u0161s, dz\u012b\u013ci att\u012bro\u0161s \u0161amp\u016bns.<\/p>\n<p>Atsvaidzino\u0161s \u0161amp\u016bns SOLU \/ Atsvaidzino\u0161s Solution \u0161amp\u016bns Davines (Davines) pH 5,0 Atsvaidzino\u0161s \u0161amp\u016bns visiem matu tipiem. Efekt\u012bvi att\u012bra matus no veido\u0161anas instrumenti, dzi\u013ci mitrina un aizsarg\u0101 matus no kait\u012bg\u0101s ietekmes uz vidi, un at\u0161\u0137etin\u0101t antistatisticheskim r\u012bc\u012bbu. Ieteicams par katru dienu (\u012bpa\u0161i sporta fani) .Shampun ir antistatiskas \u012bpa\u0161\u012bbas, tas ir nomierino\u0161a iedarb\u012bba uz galvas \u0101du. Tas dod matiem sp\u012bdumu un silkiness. Sast\u0101vs: saldo mande\u013cu olbaltumvielas ekstrakts mie\u017eu Olive anfoatsetat izmantot: mas\u0101\u017eas kust\u012bb\u0101m likt uz mitriem matiem, l\u012bdz putas, tad noskalo ar \u016bdeni. Ja nepiecie\u0161ams, atk\u0101rtojiet proced\u016bru. Darb\u012bba: Jaunais \u0161amp\u016bns, pamatojoties uz augu ekstraktiem maigi att\u012bra matus un intens\u012bva, dzi\u013ci mitrina un baro maigo un boj\u0101tiem matiem, pie\u0161\u0137irot tai dabisku sp\u012bdumu un elast\u012bbu, veicina aug\u0161anu vesel\u012bgu matu. Rezult\u0101ts: j\u016bsu mati b\u016bs sp\u012bd\u012bgi un elast\u012bga, un saj\u016bta svaiguma neatst\u0101s j\u016bs ilgu laiku.<\/p>\n","protected":false},"excerpt":{"rendered":"<p>DAVINES SOLU shampoo = Atsvaidzino\u0161s, dz\u012b\u013ci att\u012bro\u0161s \u0161amp\u016bns. Atsvaidzino\u0161s \u0161amp\u016bns SOLU \/ Atsvaidzino\u0161s Solution \u0161amp\u016bns Davines (Davines) pH 5,0 Atsvaidzino\u0161s<\/p>\n","protected":false},"featured_media":16355,"template":"","meta":[],"product_brand":[],"product_cat":[2258,2260,2265],"product_tag":[],"class_list":{"0":"post-34336","1":"product","2":"type-product","3":"status-publish","4":"has-post-thumbnail","6":"product_cat-profesionala-kosmetika-matiem-lv","7":"product_cat-davines-italija-lv","8":"product_cat-matu-sampuni-lv","10":"first","11":"outofstock","12":"taxable","13":"shipping-taxable","14":"purchasable","15":"product-type-simple"},"yoast_head":"<!-- This site is optimized with the Yoast SEO Premium plugin v27.0 (Yoast SEO v27.0) - https:\/\/yoast.com\/product\/yoast-seo-premium-wordpress\/ -->\n<title>DAVINES SOLU shampoo = Atsvaidzino\u0161s, dz\u012b\u013ci att\u012bro\u0161s \u0161amp\u016bns - cosmetic.lv<\/title>\n<meta name=\"robots\" content=\"index, follow, max-snippet:-1, max-image-preview:large, max-video-preview:-1\" \/>\n<link rel=\"canonical\" href=\"https:\/\/cosmetic.lv\/lv\/product\/davines-solu-shampoo-atsvaidzinoss-dzili-attiross-sampuns\/\" \/>\n<meta property=\"og:locale\" content=\"lv_LV\" \/>\n<meta property=\"og:type\" content=\"article\" \/>\n<meta property=\"og:title\" content=\"DAVINES SOLU shampoo = Atsvaidzino\u0161s, dz\u012b\u013ci att\u012bro\u0161s \u0161amp\u016bns\" \/>\n<meta property=\"og:description\" content=\"DAVINES SOLU shampoo = Atsvaidzino\u0161s, dz\u012b\u013ci att\u012bro\u0161s \u0161amp\u016bns. Atsvaidzino\u0161s \u0161amp\u016bns SOLU \/ Atsvaidzino\u0161s Solution \u0161amp\u016bns Davines (Davines) pH 5,0 Atsvaidzino\u0161s\" \/>\n<meta property=\"og:url\" content=\"https:\/\/cosmetic.lv\/lv\/product\/davines-solu-shampoo-atsvaidzinoss-dzili-attiross-sampuns\/\" \/>\n<meta property=\"og:site_name\" content=\"cosmetic.lv\" \/>\n<meta property=\"article:publisher\" content=\"https:\/\/www.facebook.com\/cosmetic.lv\/\" \/>\n<meta property=\"article:modified_time\" content=\"2021-02-06T17:51:38+00:00\" \/>\n<meta property=\"og:image\" content=\"https:\/\/cosmetic.lv\/wp-content\/uploads\/2021\/02\/solu_shampoo-4.jpg\" \/>\n\t<meta property=\"og:image:width\" content=\"256\" \/>\n\t<meta property=\"og:image:height\" content=\"256\" \/>\n\t<meta property=\"og:image:type\" content=\"image\/jpeg\" \/>\n<meta name=\"twitter:card\" content=\"summary_large_image\" \/>\n<script type=\"application\/ld+json\" class=\"yoast-schema-graph\">{\"@context\":\"https:\/\/schema.org\",\"@graph\":[{\"@type\":\"WebPage\",\"@id\":\"https:\/\/cosmetic.lv\/lv\/product\/davines-solu-shampoo-atsvaidzinoss-dzili-attiross-sampuns\/\",\"url\":\"https:\/\/cosmetic.lv\/lv\/product\/davines-solu-shampoo-atsvaidzinoss-dzili-attiross-sampuns\/\",\"name\":\"DAVINES SOLU shampoo = Atsvaidzino\u0161s, dz\u012b\u013ci att\u012bro\u0161s \u0161amp\u016bns - cosmetic.lv\",\"isPartOf\":{\"@id\":\"https:\/\/cosmetic.lv\/lv\/#website\"},\"primaryImageOfPage\":{\"@id\":\"https:\/\/cosmetic.lv\/lv\/product\/davines-solu-shampoo-atsvaidzinoss-dzili-attiross-sampuns\/#primaryimage\"},\"image\":{\"@id\":\"https:\/\/cosmetic.lv\/lv\/product\/davines-solu-shampoo-atsvaidzinoss-dzili-attiross-sampuns\/#primaryimage\"},\"thumbnailUrl\":\"https:\/\/cosmetic.lv\/wp-content\/uploads\/2021\/02\/solu_shampoo-4.jpg\",\"datePublished\":\"2021-02-06T17:51:36+00:00\",\"dateModified\":\"2021-02-06T17:51:38+00:00\",\"breadcrumb\":{\"@id\":\"https:\/\/cosmetic.lv\/lv\/product\/davines-solu-shampoo-atsvaidzinoss-dzili-attiross-sampuns\/#breadcrumb\"},\"inLanguage\":\"lv-LV\",\"potentialAction\":[{\"@type\":\"ReadAction\",\"target\":[\"https:\/\/cosmetic.lv\/lv\/product\/davines-solu-shampoo-atsvaidzinoss-dzili-attiross-sampuns\/\"]}]},{\"@type\":\"ImageObject\",\"inLanguage\":\"lv-LV\",\"@id\":\"https:\/\/cosmetic.lv\/lv\/product\/davines-solu-shampoo-atsvaidzinoss-dzili-attiross-sampuns\/#primaryimage\",\"url\":\"https:\/\/cosmetic.lv\/wp-content\/uploads\/2021\/02\/solu_shampoo-4.jpg\",\"contentUrl\":\"https:\/\/cosmetic.lv\/wp-content\/uploads\/2021\/02\/solu_shampoo-4.jpg\",\"width\":256,\"height\":256,\"caption\":\"solu_shampoo.jpg\"},{\"@type\":\"BreadcrumbList\",\"@id\":\"https:\/\/cosmetic.lv\/lv\/product\/davines-solu-shampoo-atsvaidzinoss-dzili-attiross-sampuns\/#breadcrumb\",\"itemListElement\":[{\"@type\":\"ListItem\",\"position\":1,\"name\":\"Home\",\"item\":\"https:\/\/cosmetic.lv\/lv\/\"},{\"@type\":\"ListItem\",\"position\":2,\"name\":\"Veikals\",\"item\":\"https:\/\/cosmetic.lv\/lv\/veiklas\/\"},{\"@type\":\"ListItem\",\"position\":3,\"name\":\"DAVINES SOLU shampoo = Atsvaidzino\u0161s, dz\u012b\u013ci att\u012bro\u0161s \u0161amp\u016bns\"}]},{\"@type\":\"WebSite\",\"@id\":\"https:\/\/cosmetic.lv\/lv\/#website\",\"url\":\"https:\/\/cosmetic.lv\/lv\/\",\"name\":\"cosmetic.lv\",\"description\":\"Profesion\u0101la kosm\u0113tika - Maria Galland, Keune, Arkadija, GMT, Guam, Magiray\",\"publisher\":{\"@id\":\"https:\/\/cosmetic.lv\/lv\/#organization\"},\"potentialAction\":[{\"@type\":\"SearchAction\",\"target\":{\"@type\":\"EntryPoint\",\"urlTemplate\":\"https:\/\/cosmetic.lv\/lv\/?s={search_term_string}\"},\"query-input\":{\"@type\":\"PropertyValueSpecification\",\"valueRequired\":true,\"valueName\":\"search_term_string\"}}],\"inLanguage\":\"lv-LV\"},{\"@type\":\"Organization\",\"@id\":\"https:\/\/cosmetic.lv\/lv\/#organization\",\"name\":\"COSMETIC.LV\",\"url\":\"https:\/\/cosmetic.lv\/lv\/\",\"logo\":{\"@type\":\"ImageObject\",\"inLanguage\":\"lv-LV\",\"@id\":\"https:\/\/cosmetic.lv\/lv\/#\/schema\/logo\/image\/\",\"url\":\"https:\/\/cosmetic.lv\/wp-content\/uploads\/2021\/02\/cosmetic.lv_logo.jpg\",\"contentUrl\":\"https:\/\/cosmetic.lv\/wp-content\/uploads\/2021\/02\/cosmetic.lv_logo.jpg\",\"width\":596,\"height\":196,\"caption\":\"COSMETIC.LV\"},\"image\":{\"@id\":\"https:\/\/cosmetic.lv\/lv\/#\/schema\/logo\/image\/\"},\"sameAs\":[\"https:\/\/www.facebook.com\/cosmetic.lv\/\"]}]}<\/script>\n<meta property=\"product:price:amount\" content=\"15.12\" \/>\n<meta property=\"product:price:currency\" content=\"EUR\" \/>\n<meta property=\"og:availability\" content=\"out of stock\" \/>\n<meta property=\"product:availability\" content=\"out of stock\" \/>\n<meta property=\"product:retailer_item_id\" content=\"SOLU\" \/>\n<meta property=\"product:condition\" content=\"new\" \/>\n<!-- \/ Yoast SEO Premium plugin. -->","yoast_head_json":{"title":"DAVINES SOLU shampoo = Atsvaidzino\u0161s, dz\u012b\u013ci att\u012bro\u0161s \u0161amp\u016bns - cosmetic.lv","robots":{"index":"index","follow":"follow","max-snippet":"max-snippet:-1","max-image-preview":"max-image-preview:large","max-video-preview":"max-video-preview:-1"},"canonical":"https:\/\/cosmetic.lv\/lv\/product\/davines-solu-shampoo-atsvaidzinoss-dzili-attiross-sampuns\/","og_locale":"lv_LV","og_type":"article","og_title":"DAVINES SOLU shampoo = Atsvaidzino\u0161s, dz\u012b\u013ci att\u012bro\u0161s \u0161amp\u016bns","og_description":"DAVINES SOLU shampoo = Atsvaidzino\u0161s, dz\u012b\u013ci att\u012bro\u0161s \u0161amp\u016bns. Atsvaidzino\u0161s \u0161amp\u016bns SOLU \/ Atsvaidzino\u0161s Solution \u0161amp\u016bns Davines (Davines) pH 5,0 Atsvaidzino\u0161s","og_url":"https:\/\/cosmetic.lv\/lv\/product\/davines-solu-shampoo-atsvaidzinoss-dzili-attiross-sampuns\/","og_site_name":"cosmetic.lv","article_publisher":"https:\/\/www.facebook.com\/cosmetic.lv\/","article_modified_time":"2021-02-06T17:51:38+00:00","og_image":[{"width":256,"height":256,"url":"https:\/\/cosmetic.lv\/wp-content\/uploads\/2021\/02\/solu_shampoo-4.jpg","type":"image\/jpeg"}],"twitter_card":"summary_large_image","schema":{"@context":"https:\/\/schema.org","@graph":[{"@type":"WebPage","@id":"https:\/\/cosmetic.lv\/lv\/product\/davines-solu-shampoo-atsvaidzinoss-dzili-attiross-sampuns\/","url":"https:\/\/cosmetic.lv\/lv\/product\/davines-solu-shampoo-atsvaidzinoss-dzili-attiross-sampuns\/","name":"DAVINES SOLU shampoo = Atsvaidzino\u0161s, dz\u012b\u013ci att\u012bro\u0161s \u0161amp\u016bns - cosmetic.lv","isPartOf":{"@id":"https:\/\/cosmetic.lv\/lv\/#website"},"primaryImageOfPage":{"@id":"https:\/\/cosmetic.lv\/lv\/product\/davines-solu-shampoo-atsvaidzinoss-dzili-attiross-sampuns\/#primaryimage"},"image":{"@id":"https:\/\/cosmetic.lv\/lv\/product\/davines-solu-shampoo-atsvaidzinoss-dzili-attiross-sampuns\/#primaryimage"},"thumbnailUrl":"https:\/\/cosmetic.lv\/wp-content\/uploads\/2021\/02\/solu_shampoo-4.jpg","datePublished":"2021-02-06T17:51:36+00:00","dateModified":"2021-02-06T17:51:38+00:00","breadcrumb":{"@id":"https:\/\/cosmetic.lv\/lv\/product\/davines-solu-shampoo-atsvaidzinoss-dzili-attiross-sampuns\/#breadcrumb"},"inLanguage":"lv-LV","potentialAction":[{"@type":"ReadAction","target":["https:\/\/cosmetic.lv\/lv\/product\/davines-solu-shampoo-atsvaidzinoss-dzili-attiross-sampuns\/"]}]},{"@type":"ImageObject","inLanguage":"lv-LV","@id":"https:\/\/cosmetic.lv\/lv\/product\/davines-solu-shampoo-atsvaidzinoss-dzili-attiross-sampuns\/#primaryimage","url":"https:\/\/cosmetic.lv\/wp-content\/uploads\/2021\/02\/solu_shampoo-4.jpg","contentUrl":"https:\/\/cosmetic.lv\/wp-content\/uploads\/2021\/02\/solu_shampoo-4.jpg","width":256,"height":256,"caption":"solu_shampoo.jpg"},{"@type":"BreadcrumbList","@id":"https:\/\/cosmetic.lv\/lv\/product\/davines-solu-shampoo-atsvaidzinoss-dzili-attiross-sampuns\/#breadcrumb","itemListElement":[{"@type":"ListItem","position":1,"name":"Home","item":"https:\/\/cosmetic.lv\/lv\/"},{"@type":"ListItem","position":2,"name":"Veikals","item":"https:\/\/cosmetic.lv\/lv\/veiklas\/"},{"@type":"ListItem","position":3,"name":"DAVINES SOLU shampoo = Atsvaidzino\u0161s, dz\u012b\u013ci att\u012bro\u0161s \u0161amp\u016bns"}]},{"@type":"WebSite","@id":"https:\/\/cosmetic.lv\/lv\/#website","url":"https:\/\/cosmetic.lv\/lv\/","name":"cosmetic.lv","description":"Profesion\u0101la kosm\u0113tika - Maria Galland, Keune, Arkadija, GMT, Guam, Magiray","publisher":{"@id":"https:\/\/cosmetic.lv\/lv\/#organization"},"potentialAction":[{"@type":"SearchAction","target":{"@type":"EntryPoint","urlTemplate":"https:\/\/cosmetic.lv\/lv\/?s={search_term_string}"},"query-input":{"@type":"PropertyValueSpecification","valueRequired":true,"valueName":"search_term_string"}}],"inLanguage":"lv-LV"},{"@type":"Organization","@id":"https:\/\/cosmetic.lv\/lv\/#organization","name":"COSMETIC.LV","url":"https:\/\/cosmetic.lv\/lv\/","logo":{"@type":"ImageObject","inLanguage":"lv-LV","@id":"https:\/\/cosmetic.lv\/lv\/#\/schema\/logo\/image\/","url":"https:\/\/cosmetic.lv\/wp-content\/uploads\/2021\/02\/cosmetic.lv_logo.jpg","contentUrl":"https:\/\/cosmetic.lv\/wp-content\/uploads\/2021\/02\/cosmetic.lv_logo.jpg","width":596,"height":196,"caption":"COSMETIC.LV"},"image":{"@id":"https:\/\/cosmetic.lv\/lv\/#\/schema\/logo\/image\/"},"sameAs":["https:\/\/www.facebook.com\/cosmetic.lv\/"]}]},"product_price_amount":"15.12","product_price_currency":"EUR","og_availability":"out of stock","product_availability":"out of stock","product_retailer_item_id":"SOLU","product_condition":"new"},"_links":{"self":[{"href":"https:\/\/cosmetic.lv\/lv\/wp-json\/wp\/v2\/product\/34336","targetHints":{"allow":["GET"]}}],"collection":[{"href":"https:\/\/cosmetic.lv\/lv\/wp-json\/wp\/v2\/product"}],"about":[{"href":"https:\/\/cosmetic.lv\/lv\/wp-json\/wp\/v2\/types\/product"}],"wp:featuredmedia":[{"embeddable":true,"href":"https:\/\/cosmetic.lv\/lv\/wp-json\/wp\/v2\/media\/16355"}],"wp:attachment":[{"href":"https:\/\/cosmetic.lv\/lv\/wp-json\/wp\/v2\/media?parent=34336"}],"wp:term":[{"taxonomy":"product_brand","embeddable":true,"href":"https:\/\/cosmetic.lv\/lv\/wp-json\/wp\/v2\/product_brand?post=34336"},{"taxonomy":"product_cat","embeddable":true,"href":"https:\/\/cosmetic.lv\/lv\/wp-json\/wp\/v2\/product_cat?post=34336"},{"taxonomy":"product_tag","embeddable":true,"href":"https:\/\/cosmetic.lv\/lv\/wp-json\/wp\/v2\/product_tag?post=34336"}],"curies":[{"name":"wp","href":"https:\/\/api.w.org\/{rel}","templated":true}]}}