{"id":34337,"date":"2021-02-05T22:40:53","date_gmt":"2021-02-06T17:51:36","guid":{"rendered":"https:\/\/damme.lv\/product\/davines-minu-shampoo-sampuns-krasotiem-matiem\/"},"modified":"2021-02-06T19:51:38","modified_gmt":"2021-02-06T17:51:38","slug":"davines-minu-shampoo-sampuns-krasotiem-matiem","status":"publish","type":"product","link":"https:\/\/cosmetic.lv\/lv\/product\/davines-minu-shampoo-sampuns-krasotiem-matiem\/","title":{"rendered":"DAVINES MINU shampoo &#8211; \u0161amp\u016bns kr\u0101sotiem matiem"},"content":{"rendered":"<p><!DOCTYPE html PUBLIC &quot;-\/\/W3C\/\/DTD XHTML 1.0 Transitional\/\/EN&quot; &quot;http:\/\/www.w3.org\/TR\/xhtml1\/DTD\/xhtml1-transitional.dtd&quot;><br \/>\n<html><br \/>\n<head><br \/>\n<title>Untitled document<\/title><br \/>\n<\/head><br \/>\n<body><\/p>\n<p>DAVINES MINU shampoo &#8211; &scaron;amp\u016bns kr\u0101sotiem matiem  Lieto&scaron;ana: Uzkl\u0101jiet uz mitriem matiem m\u012bksto mas\u0101\u017eas kust\u012bbas, noskalo ar siltu \u016bdeni, atk\u0101rtot. Piesakies minu-kondicionieris vai minu-masku, atkar\u012bb\u0101 no vajadz\u012bb\u0101m un st\u0101voklis j\u016bsu matiem. Darb\u012bba: Minu Shampoo satur ekstraktu no kaperu ziediem no salas Salina, kas audz\u0113ti programmas Slow Food Prezidija Formula Minu ar augstu aminosk\u0101bju quercetin ir aizsarg\u0101jo&scaron;a iedarb\u012bba uz matu strukt\u016bru, un polifenoli saglab\u0101t kosm\u0113tikas kr\u0101su kaperu-kr\u016bms, kas ir viens no galvenajiem komponentiem Minu produkti &#8211; ilgtermi\u0146a kr\u016bms tropu izcelsmes, aug Vidusj\u016bras re\u0123ion\u0101 kop&scaron; neatminamiem laikiem: piemin\u0113t t\u0101s izmanto&scaron;anai kulin\u0101rij\u0101 un medic\u012bn\u0101 ir atrodami B\u012bbel\u0113, darbos Hipokr\u0101ta, Aristotelis un Pl\u012bnijs Vec\u0101kais. Kaperi pieg\u0101d\u0101t\u0101js m\u016bsu produktiem &#8211; ir saimniec\u012bba si\u0146or Salvatore D&#8217;Amico of Leni, Salina salas, jo provinc\u0113 Messina<\/p>\n<p><\/body><br \/>\n<\/html><\/p>\n","protected":false},"excerpt":{"rendered":"<p>Untitled document DAVINES MINU shampoo &#8211; &scaron;amp\u016bns kr\u0101sotiem matiem Lieto&scaron;ana: Uzkl\u0101jiet uz mitriem matiem m\u012bksto mas\u0101\u017eas kust\u012bbas, noskalo ar siltu<\/p>\n","protected":false},"featured_media":16358,"template":"","meta":[],"product_brand":[],"product_cat":[2258,2260,2265],"product_tag":[],"class_list":{"0":"post-34337","1":"product","2":"type-product","3":"status-publish","4":"has-post-thumbnail","6":"product_cat-profesionala-kosmetika-matiem-lv","7":"product_cat-davines-italija-lv","8":"product_cat-matu-sampuni-lv","10":"first","11":"outofstock","12":"taxable","13":"shipping-taxable","14":"purchasable","15":"product-type-simple"},"yoast_head":"<!-- This site is optimized with the Yoast SEO Premium plugin v27.0 (Yoast SEO v27.0) - https:\/\/yoast.com\/product\/yoast-seo-premium-wordpress\/ -->\n<title>DAVINES MINU shampoo - \u0161amp\u016bns kr\u0101sotiem matiem - cosmetic.lv<\/title>\n<meta name=\"robots\" content=\"index, follow, max-snippet:-1, max-image-preview:large, max-video-preview:-1\" \/>\n<link rel=\"canonical\" href=\"https:\/\/cosmetic.lv\/lv\/product\/davines-minu-shampoo-sampuns-krasotiem-matiem\/\" \/>\n<meta property=\"og:locale\" content=\"lv_LV\" \/>\n<meta property=\"og:type\" content=\"article\" \/>\n<meta property=\"og:title\" content=\"DAVINES MINU shampoo - \u0161amp\u016bns kr\u0101sotiem matiem\" \/>\n<meta property=\"og:description\" content=\"Untitled document DAVINES MINU shampoo &#8211; &scaron;amp\u016bns kr\u0101sotiem matiem Lieto&scaron;ana: Uzkl\u0101jiet uz mitriem matiem m\u012bksto mas\u0101\u017eas kust\u012bbas, noskalo ar siltu\" \/>\n<meta property=\"og:url\" content=\"https:\/\/cosmetic.lv\/lv\/product\/davines-minu-shampoo-sampuns-krasotiem-matiem\/\" \/>\n<meta property=\"og:site_name\" content=\"cosmetic.lv\" \/>\n<meta property=\"article:publisher\" content=\"https:\/\/www.facebook.com\/cosmetic.lv\/\" \/>\n<meta property=\"article:modified_time\" content=\"2021-02-06T17:51:38+00:00\" \/>\n<meta property=\"og:image\" content=\"https:\/\/cosmetic.lv\/wp-content\/uploads\/2021\/02\/148bd44ebb785e7f5909afe1eminu-4.jpg\" \/>\n\t<meta property=\"og:image:width\" content=\"391\" \/>\n\t<meta property=\"og:image:height\" content=\"391\" \/>\n\t<meta property=\"og:image:type\" content=\"image\/jpeg\" \/>\n<meta name=\"twitter:card\" content=\"summary_large_image\" \/>\n<script type=\"application\/ld+json\" class=\"yoast-schema-graph\">{\"@context\":\"https:\/\/schema.org\",\"@graph\":[{\"@type\":\"WebPage\",\"@id\":\"https:\/\/cosmetic.lv\/lv\/product\/davines-minu-shampoo-sampuns-krasotiem-matiem\/\",\"url\":\"https:\/\/cosmetic.lv\/lv\/product\/davines-minu-shampoo-sampuns-krasotiem-matiem\/\",\"name\":\"DAVINES MINU shampoo - \u0161amp\u016bns kr\u0101sotiem matiem - cosmetic.lv\",\"isPartOf\":{\"@id\":\"https:\/\/cosmetic.lv\/lv\/#website\"},\"primaryImageOfPage\":{\"@id\":\"https:\/\/cosmetic.lv\/lv\/product\/davines-minu-shampoo-sampuns-krasotiem-matiem\/#primaryimage\"},\"image\":{\"@id\":\"https:\/\/cosmetic.lv\/lv\/product\/davines-minu-shampoo-sampuns-krasotiem-matiem\/#primaryimage\"},\"thumbnailUrl\":\"https:\/\/cosmetic.lv\/wp-content\/uploads\/2021\/02\/148bd44ebb785e7f5909afe1eminu-4.jpg\",\"datePublished\":\"2021-02-06T17:51:36+00:00\",\"dateModified\":\"2021-02-06T17:51:38+00:00\",\"breadcrumb\":{\"@id\":\"https:\/\/cosmetic.lv\/lv\/product\/davines-minu-shampoo-sampuns-krasotiem-matiem\/#breadcrumb\"},\"inLanguage\":\"lv-LV\",\"potentialAction\":[{\"@type\":\"ReadAction\",\"target\":[\"https:\/\/cosmetic.lv\/lv\/product\/davines-minu-shampoo-sampuns-krasotiem-matiem\/\"]}]},{\"@type\":\"ImageObject\",\"inLanguage\":\"lv-LV\",\"@id\":\"https:\/\/cosmetic.lv\/lv\/product\/davines-minu-shampoo-sampuns-krasotiem-matiem\/#primaryimage\",\"url\":\"https:\/\/cosmetic.lv\/wp-content\/uploads\/2021\/02\/148bd44ebb785e7f5909afe1eminu-4.jpg\",\"contentUrl\":\"https:\/\/cosmetic.lv\/wp-content\/uploads\/2021\/02\/148bd44ebb785e7f5909afe1eminu-4.jpg\",\"width\":391,\"height\":391,\"caption\":\"148bd44ebb785e7f5909afe1eminu.jpg\"},{\"@type\":\"BreadcrumbList\",\"@id\":\"https:\/\/cosmetic.lv\/lv\/product\/davines-minu-shampoo-sampuns-krasotiem-matiem\/#breadcrumb\",\"itemListElement\":[{\"@type\":\"ListItem\",\"position\":1,\"name\":\"Home\",\"item\":\"https:\/\/cosmetic.lv\/lv\/\"},{\"@type\":\"ListItem\",\"position\":2,\"name\":\"Veikals\",\"item\":\"https:\/\/cosmetic.lv\/lv\/veiklas\/\"},{\"@type\":\"ListItem\",\"position\":3,\"name\":\"DAVINES MINU shampoo &#8211; \u0161amp\u016bns kr\u0101sotiem matiem\"}]},{\"@type\":\"WebSite\",\"@id\":\"https:\/\/cosmetic.lv\/lv\/#website\",\"url\":\"https:\/\/cosmetic.lv\/lv\/\",\"name\":\"cosmetic.lv\",\"description\":\"Profesion\u0101la kosm\u0113tika - Maria Galland, Keune, Arkadija, GMT, Guam, Magiray\",\"publisher\":{\"@id\":\"https:\/\/cosmetic.lv\/lv\/#organization\"},\"potentialAction\":[{\"@type\":\"SearchAction\",\"target\":{\"@type\":\"EntryPoint\",\"urlTemplate\":\"https:\/\/cosmetic.lv\/lv\/?s={search_term_string}\"},\"query-input\":{\"@type\":\"PropertyValueSpecification\",\"valueRequired\":true,\"valueName\":\"search_term_string\"}}],\"inLanguage\":\"lv-LV\"},{\"@type\":\"Organization\",\"@id\":\"https:\/\/cosmetic.lv\/lv\/#organization\",\"name\":\"COSMETIC.LV\",\"url\":\"https:\/\/cosmetic.lv\/lv\/\",\"logo\":{\"@type\":\"ImageObject\",\"inLanguage\":\"lv-LV\",\"@id\":\"https:\/\/cosmetic.lv\/lv\/#\/schema\/logo\/image\/\",\"url\":\"https:\/\/cosmetic.lv\/wp-content\/uploads\/2021\/02\/cosmetic.lv_logo.jpg\",\"contentUrl\":\"https:\/\/cosmetic.lv\/wp-content\/uploads\/2021\/02\/cosmetic.lv_logo.jpg\",\"width\":596,\"height\":196,\"caption\":\"COSMETIC.LV\"},\"image\":{\"@id\":\"https:\/\/cosmetic.lv\/lv\/#\/schema\/logo\/image\/\"},\"sameAs\":[\"https:\/\/www.facebook.com\/cosmetic.lv\/\"]}]}<\/script>\n<meta property=\"product:price:amount\" content=\"15.12\" \/>\n<meta property=\"product:price:currency\" content=\"EUR\" \/>\n<meta property=\"og:availability\" content=\"out of stock\" \/>\n<meta property=\"product:availability\" content=\"out of stock\" \/>\n<meta property=\"product:retailer_item_id\" content=\"minus\" \/>\n<meta property=\"product:condition\" content=\"new\" \/>\n<!-- \/ Yoast SEO Premium plugin. -->","yoast_head_json":{"title":"DAVINES MINU shampoo - \u0161amp\u016bns kr\u0101sotiem matiem - cosmetic.lv","robots":{"index":"index","follow":"follow","max-snippet":"max-snippet:-1","max-image-preview":"max-image-preview:large","max-video-preview":"max-video-preview:-1"},"canonical":"https:\/\/cosmetic.lv\/lv\/product\/davines-minu-shampoo-sampuns-krasotiem-matiem\/","og_locale":"lv_LV","og_type":"article","og_title":"DAVINES MINU shampoo - \u0161amp\u016bns kr\u0101sotiem matiem","og_description":"Untitled document DAVINES MINU shampoo &#8211; &scaron;amp\u016bns kr\u0101sotiem matiem Lieto&scaron;ana: Uzkl\u0101jiet uz mitriem matiem m\u012bksto mas\u0101\u017eas kust\u012bbas, noskalo ar siltu","og_url":"https:\/\/cosmetic.lv\/lv\/product\/davines-minu-shampoo-sampuns-krasotiem-matiem\/","og_site_name":"cosmetic.lv","article_publisher":"https:\/\/www.facebook.com\/cosmetic.lv\/","article_modified_time":"2021-02-06T17:51:38+00:00","og_image":[{"width":391,"height":391,"url":"https:\/\/cosmetic.lv\/wp-content\/uploads\/2021\/02\/148bd44ebb785e7f5909afe1eminu-4.jpg","type":"image\/jpeg"}],"twitter_card":"summary_large_image","schema":{"@context":"https:\/\/schema.org","@graph":[{"@type":"WebPage","@id":"https:\/\/cosmetic.lv\/lv\/product\/davines-minu-shampoo-sampuns-krasotiem-matiem\/","url":"https:\/\/cosmetic.lv\/lv\/product\/davines-minu-shampoo-sampuns-krasotiem-matiem\/","name":"DAVINES MINU shampoo - \u0161amp\u016bns kr\u0101sotiem matiem - cosmetic.lv","isPartOf":{"@id":"https:\/\/cosmetic.lv\/lv\/#website"},"primaryImageOfPage":{"@id":"https:\/\/cosmetic.lv\/lv\/product\/davines-minu-shampoo-sampuns-krasotiem-matiem\/#primaryimage"},"image":{"@id":"https:\/\/cosmetic.lv\/lv\/product\/davines-minu-shampoo-sampuns-krasotiem-matiem\/#primaryimage"},"thumbnailUrl":"https:\/\/cosmetic.lv\/wp-content\/uploads\/2021\/02\/148bd44ebb785e7f5909afe1eminu-4.jpg","datePublished":"2021-02-06T17:51:36+00:00","dateModified":"2021-02-06T17:51:38+00:00","breadcrumb":{"@id":"https:\/\/cosmetic.lv\/lv\/product\/davines-minu-shampoo-sampuns-krasotiem-matiem\/#breadcrumb"},"inLanguage":"lv-LV","potentialAction":[{"@type":"ReadAction","target":["https:\/\/cosmetic.lv\/lv\/product\/davines-minu-shampoo-sampuns-krasotiem-matiem\/"]}]},{"@type":"ImageObject","inLanguage":"lv-LV","@id":"https:\/\/cosmetic.lv\/lv\/product\/davines-minu-shampoo-sampuns-krasotiem-matiem\/#primaryimage","url":"https:\/\/cosmetic.lv\/wp-content\/uploads\/2021\/02\/148bd44ebb785e7f5909afe1eminu-4.jpg","contentUrl":"https:\/\/cosmetic.lv\/wp-content\/uploads\/2021\/02\/148bd44ebb785e7f5909afe1eminu-4.jpg","width":391,"height":391,"caption":"148bd44ebb785e7f5909afe1eminu.jpg"},{"@type":"BreadcrumbList","@id":"https:\/\/cosmetic.lv\/lv\/product\/davines-minu-shampoo-sampuns-krasotiem-matiem\/#breadcrumb","itemListElement":[{"@type":"ListItem","position":1,"name":"Home","item":"https:\/\/cosmetic.lv\/lv\/"},{"@type":"ListItem","position":2,"name":"Veikals","item":"https:\/\/cosmetic.lv\/lv\/veiklas\/"},{"@type":"ListItem","position":3,"name":"DAVINES MINU shampoo &#8211; \u0161amp\u016bns kr\u0101sotiem matiem"}]},{"@type":"WebSite","@id":"https:\/\/cosmetic.lv\/lv\/#website","url":"https:\/\/cosmetic.lv\/lv\/","name":"cosmetic.lv","description":"Profesion\u0101la kosm\u0113tika - Maria Galland, Keune, Arkadija, GMT, Guam, Magiray","publisher":{"@id":"https:\/\/cosmetic.lv\/lv\/#organization"},"potentialAction":[{"@type":"SearchAction","target":{"@type":"EntryPoint","urlTemplate":"https:\/\/cosmetic.lv\/lv\/?s={search_term_string}"},"query-input":{"@type":"PropertyValueSpecification","valueRequired":true,"valueName":"search_term_string"}}],"inLanguage":"lv-LV"},{"@type":"Organization","@id":"https:\/\/cosmetic.lv\/lv\/#organization","name":"COSMETIC.LV","url":"https:\/\/cosmetic.lv\/lv\/","logo":{"@type":"ImageObject","inLanguage":"lv-LV","@id":"https:\/\/cosmetic.lv\/lv\/#\/schema\/logo\/image\/","url":"https:\/\/cosmetic.lv\/wp-content\/uploads\/2021\/02\/cosmetic.lv_logo.jpg","contentUrl":"https:\/\/cosmetic.lv\/wp-content\/uploads\/2021\/02\/cosmetic.lv_logo.jpg","width":596,"height":196,"caption":"COSMETIC.LV"},"image":{"@id":"https:\/\/cosmetic.lv\/lv\/#\/schema\/logo\/image\/"},"sameAs":["https:\/\/www.facebook.com\/cosmetic.lv\/"]}]},"product_price_amount":"15.12","product_price_currency":"EUR","og_availability":"out of stock","product_availability":"out of stock","product_retailer_item_id":"minus","product_condition":"new"},"_links":{"self":[{"href":"https:\/\/cosmetic.lv\/lv\/wp-json\/wp\/v2\/product\/34337","targetHints":{"allow":["GET"]}}],"collection":[{"href":"https:\/\/cosmetic.lv\/lv\/wp-json\/wp\/v2\/product"}],"about":[{"href":"https:\/\/cosmetic.lv\/lv\/wp-json\/wp\/v2\/types\/product"}],"wp:featuredmedia":[{"embeddable":true,"href":"https:\/\/cosmetic.lv\/lv\/wp-json\/wp\/v2\/media\/16358"}],"wp:attachment":[{"href":"https:\/\/cosmetic.lv\/lv\/wp-json\/wp\/v2\/media?parent=34337"}],"wp:term":[{"taxonomy":"product_brand","embeddable":true,"href":"https:\/\/cosmetic.lv\/lv\/wp-json\/wp\/v2\/product_brand?post=34337"},{"taxonomy":"product_cat","embeddable":true,"href":"https:\/\/cosmetic.lv\/lv\/wp-json\/wp\/v2\/product_cat?post=34337"},{"taxonomy":"product_tag","embeddable":true,"href":"https:\/\/cosmetic.lv\/lv\/wp-json\/wp\/v2\/product_tag?post=34337"}],"curies":[{"name":"wp","href":"https:\/\/api.w.org\/{rel}","templated":true}]}}