{"id":34339,"date":"2021-02-05T22:40:53","date_gmt":"2021-02-06T17:51:36","guid":{"rendered":"https:\/\/damme.lv\/product\/davines-minu-hair-mask-izgaismojosa-un-atjaunojosa-maska-krasotiem-matiem\/"},"modified":"2021-02-06T19:51:40","modified_gmt":"2021-02-06T17:51:40","slug":"davines-minu-hair-mask-izgaismojosa-un-atjaunojosa-maska-krasotiem-matiem","status":"publish","type":"product","link":"https:\/\/cosmetic.lv\/lv\/product\/davines-minu-hair-mask-izgaismojosa-un-atjaunojosa-maska-krasotiem-matiem\/","title":{"rendered":"Davines MINU hair mask &#8211;  izgaismojo\u0161a un atjaunojo\u0161a maska kr\u0101sotiem matiem"},"content":{"rendered":"<p><!DOCTYPE html PUBLIC &quot;-\/\/W3C\/\/DTD XHTML 1.0 Transitional\/\/EN&quot; &quot;http:\/\/www.w3.org\/TR\/xhtml1\/DTD\/xhtml1-transitional.dtd&quot;><br \/>\n<html><br \/>\n<head><br \/>\n<title>Untitled document<\/title><br \/>\n<\/head><br \/>\n<body><\/p>\n<p>MINU hair mask &#8211;  izgaismojo&scaron;a un atjaunojo&scaron;a maska kr\u0101sotiem matiem  Ide\u0101li piem\u0113rots kr\u0101sotiem matiem. Formula ir izstr\u0101d\u0101ta, lai sniegtu dzi\u013ci kr\u0101soti mati, mati k\u013c\u016bs m\u012bkst\u0101ki un z\u012bdainu, uzlabo ilgumu kosm\u0113tikas kr\u0101su. Tas nav nosver nosaka j\u016bsu matiem. K\u0101 lietot: Uzkl\u0101jiet uz matiem p\u0113c mazg\u0101&scaron;anas. Atst\u0101jiet uz 10-15 min\u016bt\u0113m, seksti un skalo&scaron;anas. \u017d\u0101v\u0113 matus.<\/p>\n<p><\/body><br \/>\n<\/html><\/p>\n","protected":false},"excerpt":{"rendered":"<p>Untitled document MINU hair mask &#8211; izgaismojo&scaron;a un atjaunojo&scaron;a maska kr\u0101sotiem matiem Ide\u0101li piem\u0113rots kr\u0101sotiem matiem. Formula ir izstr\u0101d\u0101ta, lai<\/p>\n","protected":false},"featured_media":9696,"template":"","meta":[],"product_brand":[],"product_cat":[2258,2260,2263],"product_tag":[],"class_list":{"0":"post-34339","1":"product","2":"type-product","3":"status-publish","4":"has-post-thumbnail","6":"product_cat-profesionala-kosmetika-matiem-lv","7":"product_cat-davines-italija-lv","8":"product_cat-matu-maskas-lv","10":"first","11":"outofstock","12":"taxable","13":"shipping-taxable","14":"purchasable","15":"product-type-simple"},"yoast_head":"<!-- This site is optimized with the Yoast SEO Premium plugin v27.0 (Yoast SEO v27.0) - https:\/\/yoast.com\/product\/yoast-seo-premium-wordpress\/ -->\n<title>Davines MINU hair mask - izgaismojo\u0161a un atjaunojo\u0161a maska kr\u0101sotiem matiem - cosmetic.lv<\/title>\n<meta name=\"robots\" content=\"index, follow, max-snippet:-1, max-image-preview:large, max-video-preview:-1\" \/>\n<link rel=\"canonical\" href=\"https:\/\/cosmetic.lv\/lv\/product\/davines-minu-hair-mask-izgaismojosa-un-atjaunojosa-maska-krasotiem-matiem\/\" \/>\n<meta property=\"og:locale\" content=\"lv_LV\" \/>\n<meta property=\"og:type\" content=\"article\" \/>\n<meta property=\"og:title\" content=\"Davines MINU hair mask - izgaismojo\u0161a un atjaunojo\u0161a maska kr\u0101sotiem matiem\" \/>\n<meta property=\"og:description\" content=\"Untitled document MINU hair mask &#8211; izgaismojo&scaron;a un atjaunojo&scaron;a maska kr\u0101sotiem matiem Ide\u0101li piem\u0113rots kr\u0101sotiem matiem. Formula ir izstr\u0101d\u0101ta, lai\" \/>\n<meta property=\"og:url\" content=\"https:\/\/cosmetic.lv\/lv\/product\/davines-minu-hair-mask-izgaismojosa-un-atjaunojosa-maska-krasotiem-matiem\/\" \/>\n<meta property=\"og:site_name\" content=\"cosmetic.lv\" \/>\n<meta property=\"article:publisher\" content=\"https:\/\/www.facebook.com\/cosmetic.lv\/\" \/>\n<meta property=\"article:modified_time\" content=\"2021-02-06T17:51:40+00:00\" \/>\n<meta property=\"og:image\" content=\"https:\/\/cosmetic.lv\/wp-content\/uploads\/2021\/02\/45037fax170aminumaska.jpg\" \/>\n\t<meta property=\"og:image:width\" content=\"600\" \/>\n\t<meta property=\"og:image:height\" content=\"548\" \/>\n\t<meta property=\"og:image:type\" content=\"image\/jpeg\" \/>\n<meta name=\"twitter:card\" content=\"summary_large_image\" \/>\n<script type=\"application\/ld+json\" class=\"yoast-schema-graph\">{\"@context\":\"https:\/\/schema.org\",\"@graph\":[{\"@type\":\"WebPage\",\"@id\":\"https:\/\/cosmetic.lv\/lv\/product\/davines-minu-hair-mask-izgaismojosa-un-atjaunojosa-maska-krasotiem-matiem\/\",\"url\":\"https:\/\/cosmetic.lv\/lv\/product\/davines-minu-hair-mask-izgaismojosa-un-atjaunojosa-maska-krasotiem-matiem\/\",\"name\":\"Davines MINU hair mask - izgaismojo\u0161a un atjaunojo\u0161a maska kr\u0101sotiem matiem - cosmetic.lv\",\"isPartOf\":{\"@id\":\"https:\/\/cosmetic.lv\/lv\/#website\"},\"primaryImageOfPage\":{\"@id\":\"https:\/\/cosmetic.lv\/lv\/product\/davines-minu-hair-mask-izgaismojosa-un-atjaunojosa-maska-krasotiem-matiem\/#primaryimage\"},\"image\":{\"@id\":\"https:\/\/cosmetic.lv\/lv\/product\/davines-minu-hair-mask-izgaismojosa-un-atjaunojosa-maska-krasotiem-matiem\/#primaryimage\"},\"thumbnailUrl\":\"https:\/\/cosmetic.lv\/wp-content\/uploads\/2021\/02\/45037fax170aminumaska.jpg\",\"datePublished\":\"2021-02-06T17:51:36+00:00\",\"dateModified\":\"2021-02-06T17:51:40+00:00\",\"breadcrumb\":{\"@id\":\"https:\/\/cosmetic.lv\/lv\/product\/davines-minu-hair-mask-izgaismojosa-un-atjaunojosa-maska-krasotiem-matiem\/#breadcrumb\"},\"inLanguage\":\"lv-LV\",\"potentialAction\":[{\"@type\":\"ReadAction\",\"target\":[\"https:\/\/cosmetic.lv\/lv\/product\/davines-minu-hair-mask-izgaismojosa-un-atjaunojosa-maska-krasotiem-matiem\/\"]}]},{\"@type\":\"ImageObject\",\"inLanguage\":\"lv-LV\",\"@id\":\"https:\/\/cosmetic.lv\/lv\/product\/davines-minu-hair-mask-izgaismojosa-un-atjaunojosa-maska-krasotiem-matiem\/#primaryimage\",\"url\":\"https:\/\/cosmetic.lv\/wp-content\/uploads\/2021\/02\/45037fax170aminumaska.jpg\",\"contentUrl\":\"https:\/\/cosmetic.lv\/wp-content\/uploads\/2021\/02\/45037fax170aminumaska.jpg\",\"width\":600,\"height\":548,\"caption\":\"45037FaX170aminumaska.jpg\"},{\"@type\":\"BreadcrumbList\",\"@id\":\"https:\/\/cosmetic.lv\/lv\/product\/davines-minu-hair-mask-izgaismojosa-un-atjaunojosa-maska-krasotiem-matiem\/#breadcrumb\",\"itemListElement\":[{\"@type\":\"ListItem\",\"position\":1,\"name\":\"Home\",\"item\":\"https:\/\/cosmetic.lv\/lv\/\"},{\"@type\":\"ListItem\",\"position\":2,\"name\":\"Veikals\",\"item\":\"https:\/\/cosmetic.lv\/lv\/veiklas\/\"},{\"@type\":\"ListItem\",\"position\":3,\"name\":\"Davines MINU hair mask &#8211; izgaismojo\u0161a un atjaunojo\u0161a maska kr\u0101sotiem matiem\"}]},{\"@type\":\"WebSite\",\"@id\":\"https:\/\/cosmetic.lv\/lv\/#website\",\"url\":\"https:\/\/cosmetic.lv\/lv\/\",\"name\":\"cosmetic.lv\",\"description\":\"Profesion\u0101la kosm\u0113tika - Maria Galland, Keune, Arkadija, GMT, Guam, Magiray\",\"publisher\":{\"@id\":\"https:\/\/cosmetic.lv\/lv\/#organization\"},\"potentialAction\":[{\"@type\":\"SearchAction\",\"target\":{\"@type\":\"EntryPoint\",\"urlTemplate\":\"https:\/\/cosmetic.lv\/lv\/?s={search_term_string}\"},\"query-input\":{\"@type\":\"PropertyValueSpecification\",\"valueRequired\":true,\"valueName\":\"search_term_string\"}}],\"inLanguage\":\"lv-LV\"},{\"@type\":\"Organization\",\"@id\":\"https:\/\/cosmetic.lv\/lv\/#organization\",\"name\":\"COSMETIC.LV\",\"url\":\"https:\/\/cosmetic.lv\/lv\/\",\"logo\":{\"@type\":\"ImageObject\",\"inLanguage\":\"lv-LV\",\"@id\":\"https:\/\/cosmetic.lv\/lv\/#\/schema\/logo\/image\/\",\"url\":\"https:\/\/cosmetic.lv\/wp-content\/uploads\/2021\/02\/cosmetic.lv_logo.jpg\",\"contentUrl\":\"https:\/\/cosmetic.lv\/wp-content\/uploads\/2021\/02\/cosmetic.lv_logo.jpg\",\"width\":596,\"height\":196,\"caption\":\"COSMETIC.LV\"},\"image\":{\"@id\":\"https:\/\/cosmetic.lv\/lv\/#\/schema\/logo\/image\/\"},\"sameAs\":[\"https:\/\/www.facebook.com\/cosmetic.lv\/\"]}]}<\/script>\n<meta property=\"product:price:amount\" content=\"24.20\" \/>\n<meta property=\"product:price:currency\" content=\"EUR\" \/>\n<meta property=\"og:availability\" content=\"out of stock\" \/>\n<meta property=\"product:availability\" content=\"out of stock\" \/>\n<meta property=\"product:retailer_item_id\" content=\"minumas\" \/>\n<meta property=\"product:condition\" content=\"new\" \/>\n<!-- \/ Yoast SEO Premium plugin. -->","yoast_head_json":{"title":"Davines MINU hair mask - izgaismojo\u0161a un atjaunojo\u0161a maska kr\u0101sotiem matiem - cosmetic.lv","robots":{"index":"index","follow":"follow","max-snippet":"max-snippet:-1","max-image-preview":"max-image-preview:large","max-video-preview":"max-video-preview:-1"},"canonical":"https:\/\/cosmetic.lv\/lv\/product\/davines-minu-hair-mask-izgaismojosa-un-atjaunojosa-maska-krasotiem-matiem\/","og_locale":"lv_LV","og_type":"article","og_title":"Davines MINU hair mask - izgaismojo\u0161a un atjaunojo\u0161a maska kr\u0101sotiem matiem","og_description":"Untitled document MINU hair mask &#8211; izgaismojo&scaron;a un atjaunojo&scaron;a maska kr\u0101sotiem matiem Ide\u0101li piem\u0113rots kr\u0101sotiem matiem. Formula ir izstr\u0101d\u0101ta, lai","og_url":"https:\/\/cosmetic.lv\/lv\/product\/davines-minu-hair-mask-izgaismojosa-un-atjaunojosa-maska-krasotiem-matiem\/","og_site_name":"cosmetic.lv","article_publisher":"https:\/\/www.facebook.com\/cosmetic.lv\/","article_modified_time":"2021-02-06T17:51:40+00:00","og_image":[{"width":600,"height":548,"url":"https:\/\/cosmetic.lv\/wp-content\/uploads\/2021\/02\/45037fax170aminumaska.jpg","type":"image\/jpeg"}],"twitter_card":"summary_large_image","schema":{"@context":"https:\/\/schema.org","@graph":[{"@type":"WebPage","@id":"https:\/\/cosmetic.lv\/lv\/product\/davines-minu-hair-mask-izgaismojosa-un-atjaunojosa-maska-krasotiem-matiem\/","url":"https:\/\/cosmetic.lv\/lv\/product\/davines-minu-hair-mask-izgaismojosa-un-atjaunojosa-maska-krasotiem-matiem\/","name":"Davines MINU hair mask - izgaismojo\u0161a un atjaunojo\u0161a maska kr\u0101sotiem matiem - cosmetic.lv","isPartOf":{"@id":"https:\/\/cosmetic.lv\/lv\/#website"},"primaryImageOfPage":{"@id":"https:\/\/cosmetic.lv\/lv\/product\/davines-minu-hair-mask-izgaismojosa-un-atjaunojosa-maska-krasotiem-matiem\/#primaryimage"},"image":{"@id":"https:\/\/cosmetic.lv\/lv\/product\/davines-minu-hair-mask-izgaismojosa-un-atjaunojosa-maska-krasotiem-matiem\/#primaryimage"},"thumbnailUrl":"https:\/\/cosmetic.lv\/wp-content\/uploads\/2021\/02\/45037fax170aminumaska.jpg","datePublished":"2021-02-06T17:51:36+00:00","dateModified":"2021-02-06T17:51:40+00:00","breadcrumb":{"@id":"https:\/\/cosmetic.lv\/lv\/product\/davines-minu-hair-mask-izgaismojosa-un-atjaunojosa-maska-krasotiem-matiem\/#breadcrumb"},"inLanguage":"lv-LV","potentialAction":[{"@type":"ReadAction","target":["https:\/\/cosmetic.lv\/lv\/product\/davines-minu-hair-mask-izgaismojosa-un-atjaunojosa-maska-krasotiem-matiem\/"]}]},{"@type":"ImageObject","inLanguage":"lv-LV","@id":"https:\/\/cosmetic.lv\/lv\/product\/davines-minu-hair-mask-izgaismojosa-un-atjaunojosa-maska-krasotiem-matiem\/#primaryimage","url":"https:\/\/cosmetic.lv\/wp-content\/uploads\/2021\/02\/45037fax170aminumaska.jpg","contentUrl":"https:\/\/cosmetic.lv\/wp-content\/uploads\/2021\/02\/45037fax170aminumaska.jpg","width":600,"height":548,"caption":"45037FaX170aminumaska.jpg"},{"@type":"BreadcrumbList","@id":"https:\/\/cosmetic.lv\/lv\/product\/davines-minu-hair-mask-izgaismojosa-un-atjaunojosa-maska-krasotiem-matiem\/#breadcrumb","itemListElement":[{"@type":"ListItem","position":1,"name":"Home","item":"https:\/\/cosmetic.lv\/lv\/"},{"@type":"ListItem","position":2,"name":"Veikals","item":"https:\/\/cosmetic.lv\/lv\/veiklas\/"},{"@type":"ListItem","position":3,"name":"Davines MINU hair mask &#8211; izgaismojo\u0161a un atjaunojo\u0161a maska kr\u0101sotiem matiem"}]},{"@type":"WebSite","@id":"https:\/\/cosmetic.lv\/lv\/#website","url":"https:\/\/cosmetic.lv\/lv\/","name":"cosmetic.lv","description":"Profesion\u0101la kosm\u0113tika - Maria Galland, Keune, Arkadija, GMT, Guam, Magiray","publisher":{"@id":"https:\/\/cosmetic.lv\/lv\/#organization"},"potentialAction":[{"@type":"SearchAction","target":{"@type":"EntryPoint","urlTemplate":"https:\/\/cosmetic.lv\/lv\/?s={search_term_string}"},"query-input":{"@type":"PropertyValueSpecification","valueRequired":true,"valueName":"search_term_string"}}],"inLanguage":"lv-LV"},{"@type":"Organization","@id":"https:\/\/cosmetic.lv\/lv\/#organization","name":"COSMETIC.LV","url":"https:\/\/cosmetic.lv\/lv\/","logo":{"@type":"ImageObject","inLanguage":"lv-LV","@id":"https:\/\/cosmetic.lv\/lv\/#\/schema\/logo\/image\/","url":"https:\/\/cosmetic.lv\/wp-content\/uploads\/2021\/02\/cosmetic.lv_logo.jpg","contentUrl":"https:\/\/cosmetic.lv\/wp-content\/uploads\/2021\/02\/cosmetic.lv_logo.jpg","width":596,"height":196,"caption":"COSMETIC.LV"},"image":{"@id":"https:\/\/cosmetic.lv\/lv\/#\/schema\/logo\/image\/"},"sameAs":["https:\/\/www.facebook.com\/cosmetic.lv\/"]}]},"product_price_amount":"24.20","product_price_currency":"EUR","og_availability":"out of stock","product_availability":"out of stock","product_retailer_item_id":"minumas","product_condition":"new"},"_links":{"self":[{"href":"https:\/\/cosmetic.lv\/lv\/wp-json\/wp\/v2\/product\/34339","targetHints":{"allow":["GET"]}}],"collection":[{"href":"https:\/\/cosmetic.lv\/lv\/wp-json\/wp\/v2\/product"}],"about":[{"href":"https:\/\/cosmetic.lv\/lv\/wp-json\/wp\/v2\/types\/product"}],"wp:featuredmedia":[{"embeddable":true,"href":"https:\/\/cosmetic.lv\/lv\/wp-json\/wp\/v2\/media\/9696"}],"wp:attachment":[{"href":"https:\/\/cosmetic.lv\/lv\/wp-json\/wp\/v2\/media?parent=34339"}],"wp:term":[{"taxonomy":"product_brand","embeddable":true,"href":"https:\/\/cosmetic.lv\/lv\/wp-json\/wp\/v2\/product_brand?post=34339"},{"taxonomy":"product_cat","embeddable":true,"href":"https:\/\/cosmetic.lv\/lv\/wp-json\/wp\/v2\/product_cat?post=34339"},{"taxonomy":"product_tag","embeddable":true,"href":"https:\/\/cosmetic.lv\/lv\/wp-json\/wp\/v2\/product_tag?post=34339"}],"curies":[{"name":"wp","href":"https:\/\/api.w.org\/{rel}","templated":true}]}}