{"id":34393,"date":"2021-02-05T22:41:31","date_gmt":"2021-02-06T17:52:17","guid":{"rendered":"https:\/\/damme.lv\/product\/zobu-suka-nano-ar-ogli-4-gabali\/"},"modified":"2021-02-06T22:16:14","modified_gmt":"2021-02-06T20:16:14","slug":"zobu-suka-nano-ar-ogli-4-gabali","status":"publish","type":"product","link":"https:\/\/cosmetic.lv\/lv\/product\/zobu-suka-nano-ar-ogli-4-gabali\/","title":{"rendered":"Zobu suka &#8211; nano ar ogli 4 gabali"},"content":{"rendered":"<p>Kas zobu birstes NANO GOLD un NANO SILVER padara unik\u0101las?<\/p>\n<p>Lieliskas antibakteri\u0101las \u012bpa\u0161\u012bbas<br \/>\nGar\u0101kie sari\u0146i ar smalkajiem un noasin\u0101tajiem galiem iek\u013c\u016bst dzi\u013ci gr\u016bti aizsniedzam\u0101s zobu starp\u0101s, kur parastie sari\u0146i netiek. \u012as\u0101kie noapa\u013cotie sari\u0146i br\u012bni\u0161\u0137\u012bgi un saudz\u012bgi nopul\u0113 zobu emalju<br \/>\nPateicoties \u0161\u0101dam sari\u0146u salikumam, uzlabojas asins apg\u0101de, tiek veikta smaganu mas\u0101\u017ea, paaugstin\u0101s mutes dobuma notur\u012bba pret infekcij\u0101m, tiek nodro\u0161in\u0101ta ilgsto\u0161a t\u012br\u012bbas un svaiguma saj\u016bta<br \/>\nDab\u012bga kau\u010duka ergonomiskais un nesl\u012bdo\u0161ais rokturis nodro\u0161ina zobu birstes kontroli t\u012br\u012b\u0161anas laik\u0101<br \/>\n4 gab<\/p>\n","protected":false},"excerpt":{"rendered":"<p>Kas zobu birstes NANO GOLD un NANO SILVER padara unik\u0101las? Lieliskas antibakteri\u0101las \u012bpa\u0161\u012bbas Gar\u0101kie sari\u0146i ar smalkajiem un noasin\u0101tajiem galiem<\/p>\n","protected":false},"featured_media":16514,"template":"","meta":[],"product_brand":[],"product_cat":[2231,2232],"product_tag":[],"class_list":{"0":"post-34393","1":"product","2":"type-product","3":"status-publish","4":"has-post-thumbnail","6":"product_cat-atveselojosas-preces-lv","7":"product_cat-sejai-galvai-lv","9":"first","10":"instock","11":"sale","12":"taxable","13":"shipping-taxable","14":"purchasable","15":"product-type-simple"},"yoast_head":"<!-- This site is optimized with the Yoast SEO Premium plugin v27.0 (Yoast SEO v27.0) - https:\/\/yoast.com\/product\/yoast-seo-premium-wordpress\/ -->\n<title>Zobu suka - nano ar ogli 4 gabali - cosmetic.lv<\/title>\n<meta name=\"robots\" content=\"index, follow, max-snippet:-1, max-image-preview:large, max-video-preview:-1\" \/>\n<link rel=\"canonical\" href=\"https:\/\/cosmetic.lv\/lv\/product\/zobu-suka-nano-ar-ogli-4-gabali\/\" \/>\n<meta property=\"og:locale\" content=\"lv_LV\" \/>\n<meta property=\"og:type\" content=\"article\" \/>\n<meta property=\"og:title\" content=\"Zobu suka - nano ar ogli 4 gabali\" \/>\n<meta property=\"og:description\" content=\"Kas zobu birstes NANO GOLD un NANO SILVER padara unik\u0101las? Lieliskas antibakteri\u0101las \u012bpa\u0161\u012bbas Gar\u0101kie sari\u0146i ar smalkajiem un noasin\u0101tajiem galiem\" \/>\n<meta property=\"og:url\" content=\"https:\/\/cosmetic.lv\/lv\/product\/zobu-suka-nano-ar-ogli-4-gabali\/\" \/>\n<meta property=\"og:site_name\" content=\"cosmetic.lv\" \/>\n<meta property=\"article:publisher\" content=\"https:\/\/www.facebook.com\/cosmetic.lv\/\" \/>\n<meta property=\"article:modified_time\" content=\"2021-02-06T20:16:14+00:00\" \/>\n<meta property=\"og:image\" content=\"https:\/\/cosmetic.lv\/wp-content\/uploads\/2021\/02\/744271337_889bambp-4.jpg\" \/>\n\t<meta property=\"og:image:width\" content=\"1000\" \/>\n\t<meta property=\"og:image:height\" content=\"955\" \/>\n\t<meta property=\"og:image:type\" content=\"image\/jpeg\" \/>\n<meta name=\"twitter:card\" content=\"summary_large_image\" \/>\n<script type=\"application\/ld+json\" class=\"yoast-schema-graph\">{\"@context\":\"https:\/\/schema.org\",\"@graph\":[{\"@type\":\"WebPage\",\"@id\":\"https:\/\/cosmetic.lv\/lv\/product\/zobu-suka-nano-ar-ogli-4-gabali\/\",\"url\":\"https:\/\/cosmetic.lv\/lv\/product\/zobu-suka-nano-ar-ogli-4-gabali\/\",\"name\":\"Zobu suka - nano ar ogli 4 gabali - cosmetic.lv\",\"isPartOf\":{\"@id\":\"https:\/\/cosmetic.lv\/lv\/#website\"},\"primaryImageOfPage\":{\"@id\":\"https:\/\/cosmetic.lv\/lv\/product\/zobu-suka-nano-ar-ogli-4-gabali\/#primaryimage\"},\"image\":{\"@id\":\"https:\/\/cosmetic.lv\/lv\/product\/zobu-suka-nano-ar-ogli-4-gabali\/#primaryimage\"},\"thumbnailUrl\":\"https:\/\/cosmetic.lv\/wp-content\/uploads\/2021\/02\/744271337_889bambp-4.jpg\",\"datePublished\":\"2021-02-06T17:52:17+00:00\",\"dateModified\":\"2021-02-06T20:16:14+00:00\",\"breadcrumb\":{\"@id\":\"https:\/\/cosmetic.lv\/lv\/product\/zobu-suka-nano-ar-ogli-4-gabali\/#breadcrumb\"},\"inLanguage\":\"lv-LV\",\"potentialAction\":[{\"@type\":\"ReadAction\",\"target\":[\"https:\/\/cosmetic.lv\/lv\/product\/zobu-suka-nano-ar-ogli-4-gabali\/\"]}]},{\"@type\":\"ImageObject\",\"inLanguage\":\"lv-LV\",\"@id\":\"https:\/\/cosmetic.lv\/lv\/product\/zobu-suka-nano-ar-ogli-4-gabali\/#primaryimage\",\"url\":\"https:\/\/cosmetic.lv\/wp-content\/uploads\/2021\/02\/744271337_889bambp-4.jpg\",\"contentUrl\":\"https:\/\/cosmetic.lv\/wp-content\/uploads\/2021\/02\/744271337_889bambp-4.jpg\",\"width\":1000,\"height\":955,\"caption\":\"744271337_889bambp.jpg\"},{\"@type\":\"BreadcrumbList\",\"@id\":\"https:\/\/cosmetic.lv\/lv\/product\/zobu-suka-nano-ar-ogli-4-gabali\/#breadcrumb\",\"itemListElement\":[{\"@type\":\"ListItem\",\"position\":1,\"name\":\"Home\",\"item\":\"https:\/\/cosmetic.lv\/lv\/\"},{\"@type\":\"ListItem\",\"position\":2,\"name\":\"Veikals\",\"item\":\"https:\/\/cosmetic.lv\/lv\/veiklas\/\"},{\"@type\":\"ListItem\",\"position\":3,\"name\":\"Zobu suka &#8211; nano ar ogli 4 gabali\"}]},{\"@type\":\"WebSite\",\"@id\":\"https:\/\/cosmetic.lv\/lv\/#website\",\"url\":\"https:\/\/cosmetic.lv\/lv\/\",\"name\":\"cosmetic.lv\",\"description\":\"Profesion\u0101la kosm\u0113tika - Maria Galland, Keune, Arkadija, GMT, Guam, Magiray\",\"publisher\":{\"@id\":\"https:\/\/cosmetic.lv\/lv\/#organization\"},\"potentialAction\":[{\"@type\":\"SearchAction\",\"target\":{\"@type\":\"EntryPoint\",\"urlTemplate\":\"https:\/\/cosmetic.lv\/lv\/?s={search_term_string}\"},\"query-input\":{\"@type\":\"PropertyValueSpecification\",\"valueRequired\":true,\"valueName\":\"search_term_string\"}}],\"inLanguage\":\"lv-LV\"},{\"@type\":\"Organization\",\"@id\":\"https:\/\/cosmetic.lv\/lv\/#organization\",\"name\":\"COSMETIC.LV\",\"url\":\"https:\/\/cosmetic.lv\/lv\/\",\"logo\":{\"@type\":\"ImageObject\",\"inLanguage\":\"lv-LV\",\"@id\":\"https:\/\/cosmetic.lv\/lv\/#\/schema\/logo\/image\/\",\"url\":\"https:\/\/cosmetic.lv\/wp-content\/uploads\/2021\/02\/cosmetic.lv_logo.jpg\",\"contentUrl\":\"https:\/\/cosmetic.lv\/wp-content\/uploads\/2021\/02\/cosmetic.lv_logo.jpg\",\"width\":596,\"height\":196,\"caption\":\"COSMETIC.LV\"},\"image\":{\"@id\":\"https:\/\/cosmetic.lv\/lv\/#\/schema\/logo\/image\/\"},\"sameAs\":[\"https:\/\/www.facebook.com\/cosmetic.lv\/\"]}]}<\/script>\n<meta property=\"product:price:amount\" content=\"4.14\" \/>\n<meta property=\"product:price:currency\" content=\"EUR\" \/>\n<meta property=\"og:availability\" content=\"instock\" \/>\n<meta property=\"product:availability\" content=\"instock\" \/>\n<meta property=\"product:retailer_item_id\" content=\"zyb\" \/>\n<meta property=\"product:condition\" content=\"new\" \/>\n<!-- \/ Yoast SEO Premium plugin. -->","yoast_head_json":{"title":"Zobu suka - nano ar ogli 4 gabali - cosmetic.lv","robots":{"index":"index","follow":"follow","max-snippet":"max-snippet:-1","max-image-preview":"max-image-preview:large","max-video-preview":"max-video-preview:-1"},"canonical":"https:\/\/cosmetic.lv\/lv\/product\/zobu-suka-nano-ar-ogli-4-gabali\/","og_locale":"lv_LV","og_type":"article","og_title":"Zobu suka - nano ar ogli 4 gabali","og_description":"Kas zobu birstes NANO GOLD un NANO SILVER padara unik\u0101las? Lieliskas antibakteri\u0101las \u012bpa\u0161\u012bbas Gar\u0101kie sari\u0146i ar smalkajiem un noasin\u0101tajiem galiem","og_url":"https:\/\/cosmetic.lv\/lv\/product\/zobu-suka-nano-ar-ogli-4-gabali\/","og_site_name":"cosmetic.lv","article_publisher":"https:\/\/www.facebook.com\/cosmetic.lv\/","article_modified_time":"2021-02-06T20:16:14+00:00","og_image":[{"width":1000,"height":955,"url":"https:\/\/cosmetic.lv\/wp-content\/uploads\/2021\/02\/744271337_889bambp-4.jpg","type":"image\/jpeg"}],"twitter_card":"summary_large_image","schema":{"@context":"https:\/\/schema.org","@graph":[{"@type":"WebPage","@id":"https:\/\/cosmetic.lv\/lv\/product\/zobu-suka-nano-ar-ogli-4-gabali\/","url":"https:\/\/cosmetic.lv\/lv\/product\/zobu-suka-nano-ar-ogli-4-gabali\/","name":"Zobu suka - nano ar ogli 4 gabali - cosmetic.lv","isPartOf":{"@id":"https:\/\/cosmetic.lv\/lv\/#website"},"primaryImageOfPage":{"@id":"https:\/\/cosmetic.lv\/lv\/product\/zobu-suka-nano-ar-ogli-4-gabali\/#primaryimage"},"image":{"@id":"https:\/\/cosmetic.lv\/lv\/product\/zobu-suka-nano-ar-ogli-4-gabali\/#primaryimage"},"thumbnailUrl":"https:\/\/cosmetic.lv\/wp-content\/uploads\/2021\/02\/744271337_889bambp-4.jpg","datePublished":"2021-02-06T17:52:17+00:00","dateModified":"2021-02-06T20:16:14+00:00","breadcrumb":{"@id":"https:\/\/cosmetic.lv\/lv\/product\/zobu-suka-nano-ar-ogli-4-gabali\/#breadcrumb"},"inLanguage":"lv-LV","potentialAction":[{"@type":"ReadAction","target":["https:\/\/cosmetic.lv\/lv\/product\/zobu-suka-nano-ar-ogli-4-gabali\/"]}]},{"@type":"ImageObject","inLanguage":"lv-LV","@id":"https:\/\/cosmetic.lv\/lv\/product\/zobu-suka-nano-ar-ogli-4-gabali\/#primaryimage","url":"https:\/\/cosmetic.lv\/wp-content\/uploads\/2021\/02\/744271337_889bambp-4.jpg","contentUrl":"https:\/\/cosmetic.lv\/wp-content\/uploads\/2021\/02\/744271337_889bambp-4.jpg","width":1000,"height":955,"caption":"744271337_889bambp.jpg"},{"@type":"BreadcrumbList","@id":"https:\/\/cosmetic.lv\/lv\/product\/zobu-suka-nano-ar-ogli-4-gabali\/#breadcrumb","itemListElement":[{"@type":"ListItem","position":1,"name":"Home","item":"https:\/\/cosmetic.lv\/lv\/"},{"@type":"ListItem","position":2,"name":"Veikals","item":"https:\/\/cosmetic.lv\/lv\/veiklas\/"},{"@type":"ListItem","position":3,"name":"Zobu suka &#8211; nano ar ogli 4 gabali"}]},{"@type":"WebSite","@id":"https:\/\/cosmetic.lv\/lv\/#website","url":"https:\/\/cosmetic.lv\/lv\/","name":"cosmetic.lv","description":"Profesion\u0101la kosm\u0113tika - Maria Galland, Keune, Arkadija, GMT, Guam, Magiray","publisher":{"@id":"https:\/\/cosmetic.lv\/lv\/#organization"},"potentialAction":[{"@type":"SearchAction","target":{"@type":"EntryPoint","urlTemplate":"https:\/\/cosmetic.lv\/lv\/?s={search_term_string}"},"query-input":{"@type":"PropertyValueSpecification","valueRequired":true,"valueName":"search_term_string"}}],"inLanguage":"lv-LV"},{"@type":"Organization","@id":"https:\/\/cosmetic.lv\/lv\/#organization","name":"COSMETIC.LV","url":"https:\/\/cosmetic.lv\/lv\/","logo":{"@type":"ImageObject","inLanguage":"lv-LV","@id":"https:\/\/cosmetic.lv\/lv\/#\/schema\/logo\/image\/","url":"https:\/\/cosmetic.lv\/wp-content\/uploads\/2021\/02\/cosmetic.lv_logo.jpg","contentUrl":"https:\/\/cosmetic.lv\/wp-content\/uploads\/2021\/02\/cosmetic.lv_logo.jpg","width":596,"height":196,"caption":"COSMETIC.LV"},"image":{"@id":"https:\/\/cosmetic.lv\/lv\/#\/schema\/logo\/image\/"},"sameAs":["https:\/\/www.facebook.com\/cosmetic.lv\/"]}]},"product_price_amount":"4.14","product_price_currency":"EUR","og_availability":"instock","product_availability":"instock","product_retailer_item_id":"zyb","product_condition":"new"},"_links":{"self":[{"href":"https:\/\/cosmetic.lv\/lv\/wp-json\/wp\/v2\/product\/34393","targetHints":{"allow":["GET"]}}],"collection":[{"href":"https:\/\/cosmetic.lv\/lv\/wp-json\/wp\/v2\/product"}],"about":[{"href":"https:\/\/cosmetic.lv\/lv\/wp-json\/wp\/v2\/types\/product"}],"wp:featuredmedia":[{"embeddable":true,"href":"https:\/\/cosmetic.lv\/lv\/wp-json\/wp\/v2\/media\/16514"}],"wp:attachment":[{"href":"https:\/\/cosmetic.lv\/lv\/wp-json\/wp\/v2\/media?parent=34393"}],"wp:term":[{"taxonomy":"product_brand","embeddable":true,"href":"https:\/\/cosmetic.lv\/lv\/wp-json\/wp\/v2\/product_brand?post=34393"},{"taxonomy":"product_cat","embeddable":true,"href":"https:\/\/cosmetic.lv\/lv\/wp-json\/wp\/v2\/product_cat?post=34393"},{"taxonomy":"product_tag","embeddable":true,"href":"https:\/\/cosmetic.lv\/lv\/wp-json\/wp\/v2\/product_tag?post=34393"}],"curies":[{"name":"wp","href":"https:\/\/api.w.org\/{rel}","templated":true}]}}