{"id":34395,"date":"2021-02-05T22:41:31","date_gmt":"2021-02-06T17:52:26","guid":{"rendered":"https:\/\/damme.lv\/product\/turmalina-acu-saite-nogurusam-acim\/"},"modified":"2021-02-06T22:16:27","modified_gmt":"2021-02-06T20:16:27","slug":"turmalina-acu-saite-nogurusam-acim","status":"publish","type":"product","link":"https:\/\/cosmetic.lv\/lv\/product\/turmalina-acu-saite-nogurusam-acim\/","title":{"rendered":"Turmalina acu saite noguru\u0161\u0101m ac\u012bm"},"content":{"rendered":"<p>&nbsp;<\/p>\n<p>Turmal\u012bna acu aps\u0113js no\u0146em galvass\u0101pes un acu nogurumu. Pal\u012bdz migr\u0113nas un atmi\u0146u trauc\u0113jumu gad\u012bjum\u0101. Stimul\u0113 vielmai\u0146u. Turmal\u012bna aps\u0113js aizsarg\u0101 un pal\u012bdz atjaunot no stresa un magn\u0113tisko vi\u013c\u0146u ietekmes noguru\u0161\u0101s acis, uzlabo cilv\u0113ka biolo\u0123isko lauku, mazina kait\u012bgo \u0123eopatog\u0113no zonu ietekmi k\u0101 ar\u012b impulsu un elektromagn\u0113tisku iedarb\u012bbu. Pal\u012bdz iz\u0101rst\u0113ties no da\u017e\u0101d\u0101m acu slim\u012bb\u0101m. Turmal\u012bna acu aps\u0113ja lieto\u0161ana papla\u0161ina asinsvadus, atjauno acu \u0101bolu musku\u013cu tvirtumu, uzlabo asinsriti, aktiviz\u0113 \u0161\u016bnas, regul\u0113 nervu sist\u0113mas darb\u012bbu, uzlabo redzi un dzirdi, nostiprina cilv\u0113ka biolo\u0123isko lauku. Lietojot turmal\u012bna acu aps\u0113ju tiek no\u0146emtas galvass\u0101pes un galvas reibo\u0146i, mazin\u0101s acu iekaisums, mazin\u0101s katarakta, normaliz\u0113j\u0101s miegs un galvaskausa iek\u0161\u0113jais spiediens, paz\u016bd zilumu maisi\u0146i un krunkas zem ac\u012bm, nostiprin\u0101s imunit\u0101te. Pal\u012bdz pret migr\u0113nu, deguna blakusdobuma iekaisumu, atmi\u0146as trauc\u0113jumiem, tiek stimul\u0113ta vielmai\u0146a un \u0101da ap ac\u012bm k\u013c\u016bst jaun\u0101ka. Turmal\u012bna acu aps\u0113js \u012bpa\u0161i ieteicams studentiem, gar\u012bg\u0101 darba veic\u0113jiem, cilv\u0113kiem, kuri daudz laika pavada pie datora. Turkl\u0101t, past\u0101v zin\u0101ms kosm\u0113tisks efekts \u2013 mazin\u0101s zilumu maisi\u0146i un tum\u0161ie ap\u013ci zem ac\u012bm. Vienlaic\u012bg\u0101 da\u017e\u0101du akt\u012bvu komponentu iedarb\u012bba (negat\u012bvi l\u0101d\u0113ti joni, garo vi\u013c\u0146u infrasarkanais starojums) nodro\u0161ina labu un ilglaic\u012bgu atvese\u013cojo\u0161o efektu. Aps\u0113ju ir j\u0101s\u0101k izmantot no 15-20 min\u016bt\u0113m, pak\u0101peniski pagarinot izmanto\u0161anas laiku. Magneta terapijas produkciju nevar lietot: \u2022gr\u016btnieces \u2022 b\u0113rni \u2022 jair \u0101das boj\u0101jumi \u2022 personas, kur\u0101m organism\u0101 ievietoi elektroniski apar\u0101ti vai met\u0101la balsti. NB! Nepie\u013caujiet acu saites saskarsmi ar citiem magn\u0113tiem vai miner\u0101\u013ciem, lai izvair\u012btos no magnetiz\u0113\u0161anas.<\/p>\n<p>&nbsp;<\/p>\n","protected":false},"excerpt":{"rendered":"<p>&nbsp; Turmal\u012bna acu aps\u0113js no\u0146em galvass\u0101pes un acu nogurumu. Pal\u012bdz migr\u0113nas un atmi\u0146u trauc\u0113jumu gad\u012bjum\u0101. Stimul\u0113 vielmai\u0146u. Turmal\u012bna aps\u0113js aizsarg\u0101<\/p>\n","protected":false},"featured_media":9864,"template":"","meta":[],"product_brand":[],"product_cat":[2231,2232],"product_tag":[],"class_list":{"0":"post-34395","1":"product","2":"type-product","3":"status-publish","4":"has-post-thumbnail","6":"product_cat-atveselojosas-preces-lv","7":"product_cat-sejai-galvai-lv","9":"first","10":"instock","11":"sale","12":"taxable","13":"shipping-taxable","14":"purchasable","15":"product-type-simple"},"yoast_head":"<!-- This site is optimized with the Yoast SEO Premium plugin v27.0 (Yoast SEO v27.0) - https:\/\/yoast.com\/product\/yoast-seo-premium-wordpress\/ -->\n<title>Turmalina acu saite noguru\u0161\u0101m ac\u012bm - cosmetic.lv<\/title>\n<meta name=\"robots\" content=\"index, follow, max-snippet:-1, max-image-preview:large, max-video-preview:-1\" \/>\n<link rel=\"canonical\" href=\"https:\/\/cosmetic.lv\/lv\/product\/turmalina-acu-saite-nogurusam-acim\/\" \/>\n<meta property=\"og:locale\" content=\"lv_LV\" \/>\n<meta property=\"og:type\" content=\"article\" \/>\n<meta property=\"og:title\" content=\"Turmalina acu saite noguru\u0161\u0101m ac\u012bm\" \/>\n<meta property=\"og:description\" content=\"&nbsp; Turmal\u012bna acu aps\u0113js no\u0146em galvass\u0101pes un acu nogurumu. Pal\u012bdz migr\u0113nas un atmi\u0146u trauc\u0113jumu gad\u012bjum\u0101. Stimul\u0113 vielmai\u0146u. Turmal\u012bna aps\u0113js aizsarg\u0101\" \/>\n<meta property=\"og:url\" content=\"https:\/\/cosmetic.lv\/lv\/product\/turmalina-acu-saite-nogurusam-acim\/\" \/>\n<meta property=\"og:site_name\" content=\"cosmetic.lv\" \/>\n<meta property=\"article:publisher\" content=\"https:\/\/www.facebook.com\/cosmetic.lv\/\" \/>\n<meta property=\"article:modified_time\" content=\"2021-02-06T20:16:27+00:00\" \/>\n<meta property=\"og:image\" content=\"https:\/\/cosmetic.lv\/wp-content\/uploads\/2021\/02\/ht1y1cafrfexxafifrxlturmbr2.jpeg\" \/>\n\t<meta property=\"og:image:width\" content=\"700\" \/>\n\t<meta property=\"og:image:height\" content=\"700\" \/>\n\t<meta property=\"og:image:type\" content=\"image\/jpeg\" \/>\n<meta name=\"twitter:card\" content=\"summary_large_image\" \/>\n<script type=\"application\/ld+json\" class=\"yoast-schema-graph\">{\"@context\":\"https:\/\/schema.org\",\"@graph\":[{\"@type\":\"WebPage\",\"@id\":\"https:\/\/cosmetic.lv\/lv\/product\/turmalina-acu-saite-nogurusam-acim\/\",\"url\":\"https:\/\/cosmetic.lv\/lv\/product\/turmalina-acu-saite-nogurusam-acim\/\",\"name\":\"Turmalina acu saite noguru\u0161\u0101m ac\u012bm - cosmetic.lv\",\"isPartOf\":{\"@id\":\"https:\/\/cosmetic.lv\/lv\/#website\"},\"primaryImageOfPage\":{\"@id\":\"https:\/\/cosmetic.lv\/lv\/product\/turmalina-acu-saite-nogurusam-acim\/#primaryimage\"},\"image\":{\"@id\":\"https:\/\/cosmetic.lv\/lv\/product\/turmalina-acu-saite-nogurusam-acim\/#primaryimage\"},\"thumbnailUrl\":\"https:\/\/cosmetic.lv\/wp-content\/uploads\/2021\/02\/ht1y1cafrfexxafifrxlturmbr2.jpeg\",\"datePublished\":\"2021-02-06T17:52:26+00:00\",\"dateModified\":\"2021-02-06T20:16:27+00:00\",\"breadcrumb\":{\"@id\":\"https:\/\/cosmetic.lv\/lv\/product\/turmalina-acu-saite-nogurusam-acim\/#breadcrumb\"},\"inLanguage\":\"lv-LV\",\"potentialAction\":[{\"@type\":\"ReadAction\",\"target\":[\"https:\/\/cosmetic.lv\/lv\/product\/turmalina-acu-saite-nogurusam-acim\/\"]}]},{\"@type\":\"ImageObject\",\"inLanguage\":\"lv-LV\",\"@id\":\"https:\/\/cosmetic.lv\/lv\/product\/turmalina-acu-saite-nogurusam-acim\/#primaryimage\",\"url\":\"https:\/\/cosmetic.lv\/wp-content\/uploads\/2021\/02\/ht1y1cafrfexxafifrxlturmbr2.jpeg\",\"contentUrl\":\"https:\/\/cosmetic.lv\/wp-content\/uploads\/2021\/02\/ht1y1cafrfexxafifrxlturmbr2.jpeg\",\"width\":700,\"height\":700,\"caption\":\"HT1y1CAFRFeXXaFIFrXlturmbr2.jpeg\"},{\"@type\":\"BreadcrumbList\",\"@id\":\"https:\/\/cosmetic.lv\/lv\/product\/turmalina-acu-saite-nogurusam-acim\/#breadcrumb\",\"itemListElement\":[{\"@type\":\"ListItem\",\"position\":1,\"name\":\"Home\",\"item\":\"https:\/\/cosmetic.lv\/lv\/\"},{\"@type\":\"ListItem\",\"position\":2,\"name\":\"Veikals\",\"item\":\"https:\/\/cosmetic.lv\/lv\/veiklas\/\"},{\"@type\":\"ListItem\",\"position\":3,\"name\":\"Turmalina acu saite noguru\u0161\u0101m ac\u012bm\"}]},{\"@type\":\"WebSite\",\"@id\":\"https:\/\/cosmetic.lv\/lv\/#website\",\"url\":\"https:\/\/cosmetic.lv\/lv\/\",\"name\":\"cosmetic.lv\",\"description\":\"Profesion\u0101la kosm\u0113tika - Maria Galland, Keune, Arkadija, GMT, Guam, Magiray\",\"publisher\":{\"@id\":\"https:\/\/cosmetic.lv\/lv\/#organization\"},\"potentialAction\":[{\"@type\":\"SearchAction\",\"target\":{\"@type\":\"EntryPoint\",\"urlTemplate\":\"https:\/\/cosmetic.lv\/lv\/?s={search_term_string}\"},\"query-input\":{\"@type\":\"PropertyValueSpecification\",\"valueRequired\":true,\"valueName\":\"search_term_string\"}}],\"inLanguage\":\"lv-LV\"},{\"@type\":\"Organization\",\"@id\":\"https:\/\/cosmetic.lv\/lv\/#organization\",\"name\":\"COSMETIC.LV\",\"url\":\"https:\/\/cosmetic.lv\/lv\/\",\"logo\":{\"@type\":\"ImageObject\",\"inLanguage\":\"lv-LV\",\"@id\":\"https:\/\/cosmetic.lv\/lv\/#\/schema\/logo\/image\/\",\"url\":\"https:\/\/cosmetic.lv\/wp-content\/uploads\/2021\/02\/cosmetic.lv_logo.jpg\",\"contentUrl\":\"https:\/\/cosmetic.lv\/wp-content\/uploads\/2021\/02\/cosmetic.lv_logo.jpg\",\"width\":596,\"height\":196,\"caption\":\"COSMETIC.LV\"},\"image\":{\"@id\":\"https:\/\/cosmetic.lv\/lv\/#\/schema\/logo\/image\/\"},\"sameAs\":[\"https:\/\/www.facebook.com\/cosmetic.lv\/\"]}]}<\/script>\n<meta property=\"product:price:amount\" content=\"5.67\" \/>\n<meta property=\"product:price:currency\" content=\"EUR\" \/>\n<meta property=\"og:availability\" content=\"instock\" \/>\n<meta property=\"product:availability\" content=\"instock\" \/>\n<meta property=\"product:retailer_item_id\" content=\"actur\" \/>\n<meta property=\"product:condition\" content=\"new\" \/>\n<!-- \/ Yoast SEO Premium plugin. -->","yoast_head_json":{"title":"Turmalina acu saite noguru\u0161\u0101m ac\u012bm - cosmetic.lv","robots":{"index":"index","follow":"follow","max-snippet":"max-snippet:-1","max-image-preview":"max-image-preview:large","max-video-preview":"max-video-preview:-1"},"canonical":"https:\/\/cosmetic.lv\/lv\/product\/turmalina-acu-saite-nogurusam-acim\/","og_locale":"lv_LV","og_type":"article","og_title":"Turmalina acu saite noguru\u0161\u0101m ac\u012bm","og_description":"&nbsp; Turmal\u012bna acu aps\u0113js no\u0146em galvass\u0101pes un acu nogurumu. Pal\u012bdz migr\u0113nas un atmi\u0146u trauc\u0113jumu gad\u012bjum\u0101. Stimul\u0113 vielmai\u0146u. Turmal\u012bna aps\u0113js aizsarg\u0101","og_url":"https:\/\/cosmetic.lv\/lv\/product\/turmalina-acu-saite-nogurusam-acim\/","og_site_name":"cosmetic.lv","article_publisher":"https:\/\/www.facebook.com\/cosmetic.lv\/","article_modified_time":"2021-02-06T20:16:27+00:00","og_image":[{"width":700,"height":700,"url":"https:\/\/cosmetic.lv\/wp-content\/uploads\/2021\/02\/ht1y1cafrfexxafifrxlturmbr2.jpeg","type":"image\/jpeg"}],"twitter_card":"summary_large_image","schema":{"@context":"https:\/\/schema.org","@graph":[{"@type":"WebPage","@id":"https:\/\/cosmetic.lv\/lv\/product\/turmalina-acu-saite-nogurusam-acim\/","url":"https:\/\/cosmetic.lv\/lv\/product\/turmalina-acu-saite-nogurusam-acim\/","name":"Turmalina acu saite noguru\u0161\u0101m ac\u012bm - cosmetic.lv","isPartOf":{"@id":"https:\/\/cosmetic.lv\/lv\/#website"},"primaryImageOfPage":{"@id":"https:\/\/cosmetic.lv\/lv\/product\/turmalina-acu-saite-nogurusam-acim\/#primaryimage"},"image":{"@id":"https:\/\/cosmetic.lv\/lv\/product\/turmalina-acu-saite-nogurusam-acim\/#primaryimage"},"thumbnailUrl":"https:\/\/cosmetic.lv\/wp-content\/uploads\/2021\/02\/ht1y1cafrfexxafifrxlturmbr2.jpeg","datePublished":"2021-02-06T17:52:26+00:00","dateModified":"2021-02-06T20:16:27+00:00","breadcrumb":{"@id":"https:\/\/cosmetic.lv\/lv\/product\/turmalina-acu-saite-nogurusam-acim\/#breadcrumb"},"inLanguage":"lv-LV","potentialAction":[{"@type":"ReadAction","target":["https:\/\/cosmetic.lv\/lv\/product\/turmalina-acu-saite-nogurusam-acim\/"]}]},{"@type":"ImageObject","inLanguage":"lv-LV","@id":"https:\/\/cosmetic.lv\/lv\/product\/turmalina-acu-saite-nogurusam-acim\/#primaryimage","url":"https:\/\/cosmetic.lv\/wp-content\/uploads\/2021\/02\/ht1y1cafrfexxafifrxlturmbr2.jpeg","contentUrl":"https:\/\/cosmetic.lv\/wp-content\/uploads\/2021\/02\/ht1y1cafrfexxafifrxlturmbr2.jpeg","width":700,"height":700,"caption":"HT1y1CAFRFeXXaFIFrXlturmbr2.jpeg"},{"@type":"BreadcrumbList","@id":"https:\/\/cosmetic.lv\/lv\/product\/turmalina-acu-saite-nogurusam-acim\/#breadcrumb","itemListElement":[{"@type":"ListItem","position":1,"name":"Home","item":"https:\/\/cosmetic.lv\/lv\/"},{"@type":"ListItem","position":2,"name":"Veikals","item":"https:\/\/cosmetic.lv\/lv\/veiklas\/"},{"@type":"ListItem","position":3,"name":"Turmalina acu saite noguru\u0161\u0101m ac\u012bm"}]},{"@type":"WebSite","@id":"https:\/\/cosmetic.lv\/lv\/#website","url":"https:\/\/cosmetic.lv\/lv\/","name":"cosmetic.lv","description":"Profesion\u0101la kosm\u0113tika - Maria Galland, Keune, Arkadija, GMT, Guam, Magiray","publisher":{"@id":"https:\/\/cosmetic.lv\/lv\/#organization"},"potentialAction":[{"@type":"SearchAction","target":{"@type":"EntryPoint","urlTemplate":"https:\/\/cosmetic.lv\/lv\/?s={search_term_string}"},"query-input":{"@type":"PropertyValueSpecification","valueRequired":true,"valueName":"search_term_string"}}],"inLanguage":"lv-LV"},{"@type":"Organization","@id":"https:\/\/cosmetic.lv\/lv\/#organization","name":"COSMETIC.LV","url":"https:\/\/cosmetic.lv\/lv\/","logo":{"@type":"ImageObject","inLanguage":"lv-LV","@id":"https:\/\/cosmetic.lv\/lv\/#\/schema\/logo\/image\/","url":"https:\/\/cosmetic.lv\/wp-content\/uploads\/2021\/02\/cosmetic.lv_logo.jpg","contentUrl":"https:\/\/cosmetic.lv\/wp-content\/uploads\/2021\/02\/cosmetic.lv_logo.jpg","width":596,"height":196,"caption":"COSMETIC.LV"},"image":{"@id":"https:\/\/cosmetic.lv\/lv\/#\/schema\/logo\/image\/"},"sameAs":["https:\/\/www.facebook.com\/cosmetic.lv\/"]}]},"product_price_amount":"5.67","product_price_currency":"EUR","og_availability":"instock","product_availability":"instock","product_retailer_item_id":"actur","product_condition":"new"},"_links":{"self":[{"href":"https:\/\/cosmetic.lv\/lv\/wp-json\/wp\/v2\/product\/34395","targetHints":{"allow":["GET"]}}],"collection":[{"href":"https:\/\/cosmetic.lv\/lv\/wp-json\/wp\/v2\/product"}],"about":[{"href":"https:\/\/cosmetic.lv\/lv\/wp-json\/wp\/v2\/types\/product"}],"wp:featuredmedia":[{"embeddable":true,"href":"https:\/\/cosmetic.lv\/lv\/wp-json\/wp\/v2\/media\/9864"}],"wp:attachment":[{"href":"https:\/\/cosmetic.lv\/lv\/wp-json\/wp\/v2\/media?parent=34395"}],"wp:term":[{"taxonomy":"product_brand","embeddable":true,"href":"https:\/\/cosmetic.lv\/lv\/wp-json\/wp\/v2\/product_brand?post=34395"},{"taxonomy":"product_cat","embeddable":true,"href":"https:\/\/cosmetic.lv\/lv\/wp-json\/wp\/v2\/product_cat?post=34395"},{"taxonomy":"product_tag","embeddable":true,"href":"https:\/\/cosmetic.lv\/lv\/wp-json\/wp\/v2\/product_tag?post=34395"}],"curies":[{"name":"wp","href":"https:\/\/api.w.org\/{rel}","templated":true}]}}