{"id":34396,"date":"2021-02-05T22:41:31","date_gmt":"2021-02-06T17:52:26","guid":{"rendered":"https:\/\/damme.lv\/product\/yl-basil-baziliks-ocimum-basilicum-likvidet-nemierigo-energiju-5ml\/"},"modified":"2021-02-11T22:53:19","modified_gmt":"2021-02-11T20:53:19","slug":"yl-basil-baziliks-ocimum-basilicum-likvidet-nemierigo-energiju-5ml","status":"publish","type":"product","link":"https:\/\/cosmetic.lv\/lv\/product\/yl-basil-baziliks-ocimum-basilicum-likvidet-nemierigo-energiju-5ml\/","title":{"rendered":"YL BASIL (BAZILIKS) Ocimum basilicum likvid\u0113t nemier\u012bgo ener\u0123iju 5ml"},"content":{"rendered":"<p>Kad lieto kuri slim\u012bb\u0101m: galvass\u0101pes, r\u012bkles un plau\u0161u infekcijas, bronh\u012bts, menstru\u0101cijas (tr\u016bc\u012bgs menstru\u0101cija), s\u0101pes, s\u0101pes musku\u013cos un mugurkaula, depresija, trauksme, kukai\u0146u kodumiem.<\/p>\n<p>  Kl\u012bnikas veic \u0113terisk\u0101s e\u013c\u013cas bazilika pretv\u0113\u017ea \u012bpa\u0161\u012bbu p\u0113t\u012bjumus.<\/p>\n<p>  Gar\u012bg\u0101 un emocion\u0101l\u0101 ietekme: Baziliks iepaz\u012bstina m\u016bs ar m\u016bsu iek\u0161\u0113jo b\u016bt\u012bbu. Kad m\u0113s saprotam, kas m\u0113s patie\u0161\u0101m esam, m\u0113s vislab\u0101k izv\u0113lamies to, ko m\u0113s v\u0113lamies rad\u012bt dz\u012bv\u0113. E\u013c\u013ca ir sp\u0113j\u012bga likvid\u0113t nemier\u012bgo ener\u0123iju, tas rada entuziasmu un entuziasmu.<\/p>\n<p> Ietekme uz pr\u0101tu: Baziliks pal\u012bdz skaidri redz\u0113t situ\u0101ciju, kur\u0101 m\u0113s esam, mazina gar\u012bgo nogurumu. Izmantojiet to, ja jums ir \u0161aubas par projektu.<\/p>\n<p> ORAC: 54000 \u03bcTE \/ 100g!<\/p>\n<p> Kas ir ORAC? ORAC ir sk\u0101bek\u013ca radik\u0101las absorbcijas sp\u0113ja vai indikators par sp\u0113ju antioksidantus absorb\u0113t br\u012bvos radik\u0101\u013cus. Vienk\u0101r\u0161\u0101 valod\u0101, tas noz\u012bm\u0113, ka zin\u0101tnisko j\u0113dzienu cik labi viela pal\u012bdz manu \u0137ermeni, lai risin\u0101tu ar t\u0101diem trauc\u0113jumiem, k\u0101 v\u0113zis, sirds un asinsvadu slim\u012bb\u0101m, hronisk\u0101m slim\u012bb\u0101m, org\u0101nos un audos. To ieviesa zin\u0101tnieki no Nacion\u0101l\u0101 noveco\u0161anas instit\u016bta Nacion\u0101l\u0101 vesel\u012bbas instit\u016bta (NIH) Baltimore, ASV.<\/p>\n<p> Lieto\u0161ana un doz\u0113\u0161ana:<\/p>\n<p>m\u0113s \u0161\u0137irties 1: 1 ar augu e\u013c\u013cu vai ar e\u013c\u013cu V-6<br \/>\ne\u013c\u013ca tiek uzskat\u012bta par dro\u0161u (GRAS) iek\u0161\u0113jai lieto\u0161anai FDA<br \/>\niek\u0161\u0137\u012bgai lieto\u0161anai, ievietojiet kapsul\u0101 2 reizes dien\u0101, ja nepiecie\u0161ams<br \/>\nuzkl\u0101j 2-3 pilienus lok\u0101las<br \/>\nattiecas uz Vita Flex punktiem<br \/>\nmas\u0101\u017e\u0101 Raindrop Technique &#8211; e\u013c\u013cu piem\u0113ro\u0161ana p\u0113c sl\u0101\u0146a<br \/>\nieelpot no plaukst\u0101m vai no pudeles<br \/>\n5-8 pilieni Diffusor\u0101, 30 min\u016btes 3 reizes dien\u0101 vai p\u0113c nepiecie\u0161am\u012bbas<br \/>\n Izmantojiet m\u0101jdz\u012bvniekiem: j\u0101, j\u016bs varat (bet \u013coti at\u0161\u0137aid\u012bt), piem\u0113ro, ja dz\u012bvnieks ir noraiz\u0113jies.<\/p>\n<p> Da\u017eas e\u013c\u013cas var b\u016bt \u013coti toksiskas ka\u0137iem. Tie ietver citrusaug\u013cu e\u013c\u013cas, kas nav terapeitiskas kvalit\u0101tes! L\u016bdzu, konsult\u0113jieties ar savu veterin\u0101r\u0101rstu, ja neesat p\u0101rliecin\u0101ts, vai varat izmantot \u0113terisko e\u013c\u013cu savam veterin\u0101r\u0101rstam.<\/p>\n<p> K\u0101 cit\u0101di es varu pal\u012bdz\u0113t m\u0101jdz\u012bvniekiem?<\/p>\n<p> Piesardz\u012bbas pas\u0101kumi:<\/p>\n<p>Izmantojiet tikai terapeitisku e\u013c\u013cu<br \/>\nm\u0113s \u0161\u0137irties 1: 1 ar augu e\u013c\u013cu vai ar e\u013c\u013cu V-6<br \/>\ne\u013c\u013ca tiek uzskat\u012bta par dro\u0161u (GRAS) iek\u0161\u0113jai lieto\u0161anai FDA<br \/>\nB\u0113rniem l\u012bdz 6 gadu vecumam nevajadz\u0113tu lietot e\u013c\u013cu k\u0101 p\u0101rtikas piedevu<br \/>\nar epilepsiju neizmanto ef.m. Bazilika<br \/>\nGr\u016btniec\u0113m un b\u0113rniem l\u012bdz 18 m\u0113ne\u0161u vecumam nevajadz\u0113tu lietot e\u013c\u013cu<br \/>\nja uzkl\u0101j uz \u0101das t\u012br\u0101 form\u0101, neliela dedzino\u0161a saj\u016bta 1-3 min\u016b\u0161u laik\u0101, reakcija ir dabiska<br \/>\nNeizmantojiet vair\u0101k k\u0101 3 ned\u0113\u013cas bez p\u0101rtraukuma, jo \u0161\u012b e\u013c\u013ca palielina asins rec\u0113\u0161anas sp\u0113ju<br \/>\nnosl\u0113gt\u0101 iepakojuma der\u012bguma termi\u0146\u0161 nav ierobe\u017eots<br \/>\n \u0112terisk\u0101 e\u013c\u013ca Basil ir da\u013ca no \u0113terisko mais\u012bjumu: Aroma Sies, Clarity, M-Grain.<\/p>\n<p> Papildu \u0113terisk\u0101s e\u013c\u013cas bergamotes, v\u012bbotne, \u0123er\u0101niju, ingveru, izops, ka\u013c\u0137i, limett, mandar\u012bnu, piparm\u0113tru, Petitgrain, ro\u017ekoka, citronellas, muskatsalvijas, un citas &quot;za\u013c\u0101s piez\u012bmes&quot;<\/p>\n<p> 15 ml<\/p>\n","protected":false},"excerpt":{"rendered":"<p>Kad lieto kuri slim\u012bb\u0101m: galvass\u0101pes, r\u012bkles un plau\u0161u infekcijas, bronh\u012bts, menstru\u0101cijas (tr\u016bc\u012bgs menstru\u0101cija), s\u0101pes, s\u0101pes musku\u013cos un mugurkaula, depresija, trauksme,<\/p>\n","protected":false},"featured_media":16521,"template":"","meta":[],"product_brand":[],"product_cat":[2186,2193],"product_tag":[],"class_list":{"0":"post-34396","1":"product","2":"type-product","3":"status-publish","4":"has-post-thumbnail","6":"product_cat-young-living-eteriskas-ellas-un-kosmetika-augstas-kvalitates","7":"product_cat-eteriskas-ellas-lv","9":"first","10":"instock","11":"taxable","12":"shipping-taxable","13":"purchasable","14":"product-type-simple"},"yoast_head":"<!-- This site is optimized with the Yoast SEO Premium plugin v27.0 (Yoast SEO v27.0) - https:\/\/yoast.com\/product\/yoast-seo-premium-wordpress\/ -->\n<title>YL BASIL (BAZILIKS) Ocimum basilicum likvid\u0113t nemier\u012bgo ener\u0123iju 5ml - cosmetic.lv<\/title>\n<meta name=\"robots\" content=\"index, follow, max-snippet:-1, max-image-preview:large, max-video-preview:-1\" \/>\n<link rel=\"canonical\" href=\"https:\/\/cosmetic.lv\/lv\/product\/yl-basil-baziliks-ocimum-basilicum-likvidet-nemierigo-energiju-5ml\/\" \/>\n<meta property=\"og:locale\" content=\"lv_LV\" \/>\n<meta property=\"og:type\" content=\"article\" \/>\n<meta property=\"og:title\" content=\"YL BASIL (BAZILIKS) Ocimum basilicum likvid\u0113t nemier\u012bgo ener\u0123iju 5ml\" \/>\n<meta property=\"og:description\" content=\"Kad lieto kuri slim\u012bb\u0101m: galvass\u0101pes, r\u012bkles un plau\u0161u infekcijas, bronh\u012bts, menstru\u0101cijas (tr\u016bc\u012bgs menstru\u0101cija), s\u0101pes, s\u0101pes musku\u013cos un mugurkaula, depresija, trauksme,\" \/>\n<meta property=\"og:url\" content=\"https:\/\/cosmetic.lv\/lv\/product\/yl-basil-baziliks-ocimum-basilicum-likvidet-nemierigo-energiju-5ml\/\" \/>\n<meta property=\"og:site_name\" content=\"cosmetic.lv\" \/>\n<meta property=\"article:publisher\" content=\"https:\/\/www.facebook.com\/cosmetic.lv\/\" \/>\n<meta property=\"article:modified_time\" content=\"2021-02-11T20:53:19+00:00\" \/>\n<meta property=\"og:image\" content=\"https:\/\/cosmetic.lv\/wp-content\/uploads\/2021\/02\/basil-s-4.jpg\" \/>\n\t<meta property=\"og:image:width\" content=\"100\" \/>\n\t<meta property=\"og:image:height\" content=\"240\" \/>\n\t<meta property=\"og:image:type\" content=\"image\/jpeg\" \/>\n<meta name=\"twitter:card\" content=\"summary_large_image\" \/>\n<script type=\"application\/ld+json\" class=\"yoast-schema-graph\">{\"@context\":\"https:\/\/schema.org\",\"@graph\":[{\"@type\":\"WebPage\",\"@id\":\"https:\/\/cosmetic.lv\/lv\/product\/yl-basil-baziliks-ocimum-basilicum-likvidet-nemierigo-energiju-5ml\/\",\"url\":\"https:\/\/cosmetic.lv\/lv\/product\/yl-basil-baziliks-ocimum-basilicum-likvidet-nemierigo-energiju-5ml\/\",\"name\":\"YL BASIL (BAZILIKS) Ocimum basilicum likvid\u0113t nemier\u012bgo ener\u0123iju 5ml - cosmetic.lv\",\"isPartOf\":{\"@id\":\"https:\/\/cosmetic.lv\/lv\/#website\"},\"primaryImageOfPage\":{\"@id\":\"https:\/\/cosmetic.lv\/lv\/product\/yl-basil-baziliks-ocimum-basilicum-likvidet-nemierigo-energiju-5ml\/#primaryimage\"},\"image\":{\"@id\":\"https:\/\/cosmetic.lv\/lv\/product\/yl-basil-baziliks-ocimum-basilicum-likvidet-nemierigo-energiju-5ml\/#primaryimage\"},\"thumbnailUrl\":\"https:\/\/cosmetic.lv\/wp-content\/uploads\/2021\/02\/basil-s-4.jpg\",\"datePublished\":\"2021-02-06T17:52:26+00:00\",\"dateModified\":\"2021-02-11T20:53:19+00:00\",\"breadcrumb\":{\"@id\":\"https:\/\/cosmetic.lv\/lv\/product\/yl-basil-baziliks-ocimum-basilicum-likvidet-nemierigo-energiju-5ml\/#breadcrumb\"},\"inLanguage\":\"lv-LV\",\"potentialAction\":[{\"@type\":\"ReadAction\",\"target\":[\"https:\/\/cosmetic.lv\/lv\/product\/yl-basil-baziliks-ocimum-basilicum-likvidet-nemierigo-energiju-5ml\/\"]}]},{\"@type\":\"ImageObject\",\"inLanguage\":\"lv-LV\",\"@id\":\"https:\/\/cosmetic.lv\/lv\/product\/yl-basil-baziliks-ocimum-basilicum-likvidet-nemierigo-energiju-5ml\/#primaryimage\",\"url\":\"https:\/\/cosmetic.lv\/wp-content\/uploads\/2021\/02\/basil-s-4.jpg\",\"contentUrl\":\"https:\/\/cosmetic.lv\/wp-content\/uploads\/2021\/02\/basil-s-4.jpg\",\"width\":100,\"height\":240,\"caption\":\"basil-s.jpg\"},{\"@type\":\"BreadcrumbList\",\"@id\":\"https:\/\/cosmetic.lv\/lv\/product\/yl-basil-baziliks-ocimum-basilicum-likvidet-nemierigo-energiju-5ml\/#breadcrumb\",\"itemListElement\":[{\"@type\":\"ListItem\",\"position\":1,\"name\":\"Home\",\"item\":\"https:\/\/cosmetic.lv\/lv\/\"},{\"@type\":\"ListItem\",\"position\":2,\"name\":\"Veikals\",\"item\":\"https:\/\/cosmetic.lv\/lv\/veiklas\/\"},{\"@type\":\"ListItem\",\"position\":3,\"name\":\"YL BASIL (BAZILIKS) Ocimum basilicum likvid\u0113t nemier\u012bgo ener\u0123iju 5ml\"}]},{\"@type\":\"WebSite\",\"@id\":\"https:\/\/cosmetic.lv\/lv\/#website\",\"url\":\"https:\/\/cosmetic.lv\/lv\/\",\"name\":\"cosmetic.lv\",\"description\":\"Profesion\u0101la kosm\u0113tika - Maria Galland, Keune, Arkadija, GMT, Guam, Magiray\",\"publisher\":{\"@id\":\"https:\/\/cosmetic.lv\/lv\/#organization\"},\"potentialAction\":[{\"@type\":\"SearchAction\",\"target\":{\"@type\":\"EntryPoint\",\"urlTemplate\":\"https:\/\/cosmetic.lv\/lv\/?s={search_term_string}\"},\"query-input\":{\"@type\":\"PropertyValueSpecification\",\"valueRequired\":true,\"valueName\":\"search_term_string\"}}],\"inLanguage\":\"lv-LV\"},{\"@type\":\"Organization\",\"@id\":\"https:\/\/cosmetic.lv\/lv\/#organization\",\"name\":\"COSMETIC.LV\",\"url\":\"https:\/\/cosmetic.lv\/lv\/\",\"logo\":{\"@type\":\"ImageObject\",\"inLanguage\":\"lv-LV\",\"@id\":\"https:\/\/cosmetic.lv\/lv\/#\/schema\/logo\/image\/\",\"url\":\"https:\/\/cosmetic.lv\/wp-content\/uploads\/2021\/02\/cosmetic.lv_logo.jpg\",\"contentUrl\":\"https:\/\/cosmetic.lv\/wp-content\/uploads\/2021\/02\/cosmetic.lv_logo.jpg\",\"width\":596,\"height\":196,\"caption\":\"COSMETIC.LV\"},\"image\":{\"@id\":\"https:\/\/cosmetic.lv\/lv\/#\/schema\/logo\/image\/\"},\"sameAs\":[\"https:\/\/www.facebook.com\/cosmetic.lv\/\"]}]}<\/script>\n<meta property=\"product:price:amount\" content=\"42.35\" \/>\n<meta property=\"product:price:currency\" content=\"EUR\" \/>\n<meta property=\"og:availability\" content=\"instock\" \/>\n<meta property=\"product:availability\" content=\"instock\" \/>\n<meta property=\"product:retailer_item_id\" content=\"350008\" \/>\n<meta property=\"product:condition\" content=\"new\" \/>\n<!-- \/ Yoast SEO Premium plugin. -->","yoast_head_json":{"title":"YL BASIL (BAZILIKS) Ocimum basilicum likvid\u0113t nemier\u012bgo ener\u0123iju 5ml - cosmetic.lv","robots":{"index":"index","follow":"follow","max-snippet":"max-snippet:-1","max-image-preview":"max-image-preview:large","max-video-preview":"max-video-preview:-1"},"canonical":"https:\/\/cosmetic.lv\/lv\/product\/yl-basil-baziliks-ocimum-basilicum-likvidet-nemierigo-energiju-5ml\/","og_locale":"lv_LV","og_type":"article","og_title":"YL BASIL (BAZILIKS) Ocimum basilicum likvid\u0113t nemier\u012bgo ener\u0123iju 5ml","og_description":"Kad lieto kuri slim\u012bb\u0101m: galvass\u0101pes, r\u012bkles un plau\u0161u infekcijas, bronh\u012bts, menstru\u0101cijas (tr\u016bc\u012bgs menstru\u0101cija), s\u0101pes, s\u0101pes musku\u013cos un mugurkaula, depresija, trauksme,","og_url":"https:\/\/cosmetic.lv\/lv\/product\/yl-basil-baziliks-ocimum-basilicum-likvidet-nemierigo-energiju-5ml\/","og_site_name":"cosmetic.lv","article_publisher":"https:\/\/www.facebook.com\/cosmetic.lv\/","article_modified_time":"2021-02-11T20:53:19+00:00","og_image":[{"width":100,"height":240,"url":"https:\/\/cosmetic.lv\/wp-content\/uploads\/2021\/02\/basil-s-4.jpg","type":"image\/jpeg"}],"twitter_card":"summary_large_image","schema":{"@context":"https:\/\/schema.org","@graph":[{"@type":"WebPage","@id":"https:\/\/cosmetic.lv\/lv\/product\/yl-basil-baziliks-ocimum-basilicum-likvidet-nemierigo-energiju-5ml\/","url":"https:\/\/cosmetic.lv\/lv\/product\/yl-basil-baziliks-ocimum-basilicum-likvidet-nemierigo-energiju-5ml\/","name":"YL BASIL (BAZILIKS) Ocimum basilicum likvid\u0113t nemier\u012bgo ener\u0123iju 5ml - cosmetic.lv","isPartOf":{"@id":"https:\/\/cosmetic.lv\/lv\/#website"},"primaryImageOfPage":{"@id":"https:\/\/cosmetic.lv\/lv\/product\/yl-basil-baziliks-ocimum-basilicum-likvidet-nemierigo-energiju-5ml\/#primaryimage"},"image":{"@id":"https:\/\/cosmetic.lv\/lv\/product\/yl-basil-baziliks-ocimum-basilicum-likvidet-nemierigo-energiju-5ml\/#primaryimage"},"thumbnailUrl":"https:\/\/cosmetic.lv\/wp-content\/uploads\/2021\/02\/basil-s-4.jpg","datePublished":"2021-02-06T17:52:26+00:00","dateModified":"2021-02-11T20:53:19+00:00","breadcrumb":{"@id":"https:\/\/cosmetic.lv\/lv\/product\/yl-basil-baziliks-ocimum-basilicum-likvidet-nemierigo-energiju-5ml\/#breadcrumb"},"inLanguage":"lv-LV","potentialAction":[{"@type":"ReadAction","target":["https:\/\/cosmetic.lv\/lv\/product\/yl-basil-baziliks-ocimum-basilicum-likvidet-nemierigo-energiju-5ml\/"]}]},{"@type":"ImageObject","inLanguage":"lv-LV","@id":"https:\/\/cosmetic.lv\/lv\/product\/yl-basil-baziliks-ocimum-basilicum-likvidet-nemierigo-energiju-5ml\/#primaryimage","url":"https:\/\/cosmetic.lv\/wp-content\/uploads\/2021\/02\/basil-s-4.jpg","contentUrl":"https:\/\/cosmetic.lv\/wp-content\/uploads\/2021\/02\/basil-s-4.jpg","width":100,"height":240,"caption":"basil-s.jpg"},{"@type":"BreadcrumbList","@id":"https:\/\/cosmetic.lv\/lv\/product\/yl-basil-baziliks-ocimum-basilicum-likvidet-nemierigo-energiju-5ml\/#breadcrumb","itemListElement":[{"@type":"ListItem","position":1,"name":"Home","item":"https:\/\/cosmetic.lv\/lv\/"},{"@type":"ListItem","position":2,"name":"Veikals","item":"https:\/\/cosmetic.lv\/lv\/veiklas\/"},{"@type":"ListItem","position":3,"name":"YL BASIL (BAZILIKS) Ocimum basilicum likvid\u0113t nemier\u012bgo ener\u0123iju 5ml"}]},{"@type":"WebSite","@id":"https:\/\/cosmetic.lv\/lv\/#website","url":"https:\/\/cosmetic.lv\/lv\/","name":"cosmetic.lv","description":"Profesion\u0101la kosm\u0113tika - Maria Galland, Keune, Arkadija, GMT, Guam, Magiray","publisher":{"@id":"https:\/\/cosmetic.lv\/lv\/#organization"},"potentialAction":[{"@type":"SearchAction","target":{"@type":"EntryPoint","urlTemplate":"https:\/\/cosmetic.lv\/lv\/?s={search_term_string}"},"query-input":{"@type":"PropertyValueSpecification","valueRequired":true,"valueName":"search_term_string"}}],"inLanguage":"lv-LV"},{"@type":"Organization","@id":"https:\/\/cosmetic.lv\/lv\/#organization","name":"COSMETIC.LV","url":"https:\/\/cosmetic.lv\/lv\/","logo":{"@type":"ImageObject","inLanguage":"lv-LV","@id":"https:\/\/cosmetic.lv\/lv\/#\/schema\/logo\/image\/","url":"https:\/\/cosmetic.lv\/wp-content\/uploads\/2021\/02\/cosmetic.lv_logo.jpg","contentUrl":"https:\/\/cosmetic.lv\/wp-content\/uploads\/2021\/02\/cosmetic.lv_logo.jpg","width":596,"height":196,"caption":"COSMETIC.LV"},"image":{"@id":"https:\/\/cosmetic.lv\/lv\/#\/schema\/logo\/image\/"},"sameAs":["https:\/\/www.facebook.com\/cosmetic.lv\/"]}]},"product_price_amount":"42.35","product_price_currency":"EUR","og_availability":"instock","product_availability":"instock","product_retailer_item_id":"350008","product_condition":"new"},"_links":{"self":[{"href":"https:\/\/cosmetic.lv\/lv\/wp-json\/wp\/v2\/product\/34396","targetHints":{"allow":["GET"]}}],"collection":[{"href":"https:\/\/cosmetic.lv\/lv\/wp-json\/wp\/v2\/product"}],"about":[{"href":"https:\/\/cosmetic.lv\/lv\/wp-json\/wp\/v2\/types\/product"}],"wp:featuredmedia":[{"embeddable":true,"href":"https:\/\/cosmetic.lv\/lv\/wp-json\/wp\/v2\/media\/16521"}],"wp:attachment":[{"href":"https:\/\/cosmetic.lv\/lv\/wp-json\/wp\/v2\/media?parent=34396"}],"wp:term":[{"taxonomy":"product_brand","embeddable":true,"href":"https:\/\/cosmetic.lv\/lv\/wp-json\/wp\/v2\/product_brand?post=34396"},{"taxonomy":"product_cat","embeddable":true,"href":"https:\/\/cosmetic.lv\/lv\/wp-json\/wp\/v2\/product_cat?post=34396"},{"taxonomy":"product_tag","embeddable":true,"href":"https:\/\/cosmetic.lv\/lv\/wp-json\/wp\/v2\/product_tag?post=34396"}],"curies":[{"name":"wp","href":"https:\/\/api.w.org\/{rel}","templated":true}]}}