{"id":34397,"date":"2021-02-05T22:41:31","date_gmt":"2021-02-06T17:52:26","guid":{"rendered":"https:\/\/damme.lv\/product\/rokaspradze-no-melna-nefria-bjanshi-16mm\/"},"modified":"2021-02-06T19:52:28","modified_gmt":"2021-02-06T17:52:28","slug":"rokaspradze-no-melna-nefria-bjanshi-16mm","status":"publish","type":"product","link":"https:\/\/cosmetic.lv\/lv\/product\/rokaspradze-no-melna-nefria-bjanshi-16mm\/","title":{"rendered":"Rokaspr\u0101dze no meln\u0101 nefr\u012ba Bjanshi 16mm"},"content":{"rendered":"<p>Rokaspr\u0101dze no meln\u0101 nefr\u012ba Bjanshi ar \u0101rstniecisku efektu.<\/p>\n<p>Ieg\u016bti, \u0161o akmeni tikai vien\u0101 jom\u0101 pasaul\u0113, kas atrodas \u0160a\u0146dunas provinc\u0113 (\u0136\u012bn\u0101). Akmens ir meteoritu izcelsmi -. Pirms 63 miljoniem gadu \u0161aj\u0101 viet\u0101 krita liels meteor\u012bts.<\/p>\n<p>Industrial karjeru s\u0101ka 2009. gad\u0101, bet gan t\u0101p\u0113c, ka lielu popularit\u0101ti akmens un t\u0101s rezerves ir gandr\u012bz izsmelti. \u013boti dr\u012bz akmens b\u016bs pieejams tikai ar to.<br \/>\nP\u0113c piesk\u0101rienu akmens ir gluda un pat\u012bkama. Ja jums ir t\u0101ds akmens uz cilv\u0113ka \u0101das, tas uzreiz maina kr\u0101su &#8211; akmens viet\u0101s saskar\u0113 ar \u0101du s\u0101ksies sp\u0113c\u012bgu asinsriti, persona \u0161aj\u0101 viet\u0101 jut\u012bsies pat\u012bkamu siltumu.<\/p>\n<p>\u0160is ir tikai viens no iev\u0113rojam\u0101kajiem \u012bpa\u0161\u012bbas akmens, kas tiek izmantots \u0137\u012bnie\u0161u medic\u012bn\u0101.<\/p>\n<p>P\u0113d\u0113jos gados, Byanshi piesaist\u012bja daudzi zin\u0101tnieki un \u0101rsti, pateicoties neticami dziedin\u0101\u0161anas rezult\u0101ti, kas par\u0101da cilv\u0113kus, kuri izmanto \u0161o akmeni.<\/p>\n<p>Kl\u012bniskie p\u0113t\u012bjumi Byanshi tika tur\u0113ti Eiropas valst\u012bs, \u0136\u012bn\u0101, ASV, Ukrain\u0101 un Krievij\u0101. Vi\u0146u iespaid\u012bgus rezult\u0101tus katru reizi.<\/p>\n<p>    Kl\u012bniski t\u0101 konstat\u0113ja, ka Byanshi piem\u012bt sp\u0113c\u012bga terapeitiskais sp\u0113ks un ir pozit\u012bva ietekme uz visu \u0137ermeni<\/p>\n<p>    T\u0101 normaliz\u0113 asins un limfas cirkul\u0101ciju, nov\u0113r\u0161 stagn\u0101ciju, veicina izdal\u012b\u0161anos no toks\u012bniem un smagajiem met\u0101liem.<br \/>\n    Atjauno aizsardz\u012bbas funkcijas organism\u0101, tas stimul\u0113 im\u016bnsist\u0113mu<br \/>\n    Tas pal\u012bdz ar probl\u0113m\u0101m ar elpce\u013ciem<br \/>\n    Tas uzlabo motora darb\u012bbu<br \/>\n    T\u0101 veicina gar\u012bgo relaks\u0101ciju un musku\u013cu relaks\u0101ciju<br \/>\n    C\u012b\u0146as stresu un nogurumu<br \/>\n    Tas mazina s\u0101pes, tai skait\u0101 musku\u013cu<br \/>\n    Samazina skaitu saaukst\u0113\u0161an\u0101s<br \/>\n    Tas nov\u0113r\u0161 v\u0113\u017ea \u0161\u016bnu aug\u0161anu<br \/>\n    Tas nov\u0113r\u0161 celul\u012btu, c\u012bn\u0101s ar aptauko\u0161anos, normaliz\u0113 vielmai\u0146u<br \/>\n    Uzlabo t\u0101s darb\u012bbu, iek\u0161\u0113jo org\u0101nu: ku\u0146\u0123a, zarnu (it \u012bpa\u0161i, nov\u0113r\u0161 aizciet\u0113jumus), nieru, aknu, plau\u0161u, sirds.<br \/>\n    Normaliz\u0113 asinsspiedienu, mazina galvass\u0101pes<br \/>\n    Tas ir sp\u0113c\u012bgs antibakteri\u0101la iedarb\u012bba<br \/>\n    Uzlabo \u0101das, matu, nagu<\/p>\n<p>Tika atz\u012bm\u0113ts, ka cilv\u0113ki valk\u0101 rokasspr\u0101dzi da\u017eus m\u0113ne\u0161us, daudz lab\u0101k un justies vesel\u012bg\u0101ku. Tas atspogu\u013cojas savu izskatu &#8211; t\u0101s izskat\u0101s jaun\u0101ki un fit vienaud\u017eiem.<br \/>\n19cm<\/p>\n","protected":false},"excerpt":{"rendered":"<p>Rokaspr\u0101dze no meln\u0101 nefr\u012ba Bjanshi ar \u0101rstniecisku efektu. Ieg\u016bti, \u0161o akmeni tikai vien\u0101 jom\u0101 pasaul\u0113, kas atrodas \u0160a\u0146dunas provinc\u0113 (\u0136\u012bn\u0101).<\/p>\n","protected":false},"featured_media":16524,"template":"","meta":[],"product_brand":[],"product_cat":[2293,2294],"product_tag":[],"class_list":{"0":"post-34397","1":"product","2":"type-product","3":"status-publish","4":"has-post-thumbnail","6":"product_cat-dabiskie-akmeni-rokasspradzess-auskari-gredzeni-lv","7":"product_cat-rokasspradzes-lv-lv-2","9":"first","10":"instock","11":"taxable","12":"shipping-taxable","13":"purchasable","14":"product-type-simple"},"yoast_head":"<!-- This site is optimized with the Yoast SEO Premium plugin v27.0 (Yoast SEO v27.0) - https:\/\/yoast.com\/product\/yoast-seo-premium-wordpress\/ -->\n<title>Rokaspr\u0101dze no meln\u0101 nefr\u012ba Bjanshi 16mm - cosmetic.lv<\/title>\n<meta name=\"robots\" content=\"index, follow, max-snippet:-1, max-image-preview:large, max-video-preview:-1\" \/>\n<link rel=\"canonical\" href=\"https:\/\/cosmetic.lv\/lv\/product\/rokaspradze-no-melna-nefria-bjanshi-16mm\/\" \/>\n<meta property=\"og:locale\" content=\"lv_LV\" \/>\n<meta property=\"og:type\" content=\"article\" \/>\n<meta property=\"og:title\" content=\"Rokaspr\u0101dze no meln\u0101 nefr\u012ba Bjanshi 16mm\" \/>\n<meta property=\"og:description\" content=\"Rokaspr\u0101dze no meln\u0101 nefr\u012ba Bjanshi ar \u0101rstniecisku efektu. Ieg\u016bti, \u0161o akmeni tikai vien\u0101 jom\u0101 pasaul\u0113, kas atrodas \u0160a\u0146dunas provinc\u0113 (\u0136\u012bn\u0101).\" \/>\n<meta property=\"og:url\" content=\"https:\/\/cosmetic.lv\/lv\/product\/rokaspradze-no-melna-nefria-bjanshi-16mm\/\" \/>\n<meta property=\"og:site_name\" content=\"cosmetic.lv\" \/>\n<meta property=\"article:publisher\" content=\"https:\/\/www.facebook.com\/cosmetic.lv\/\" \/>\n<meta property=\"article:modified_time\" content=\"2021-02-06T17:52:28+00:00\" \/>\n<meta property=\"og:image\" content=\"https:\/\/cosmetic.lv\/wp-content\/uploads\/2021\/02\/vintvv-4.jpg\" \/>\n\t<meta property=\"og:image:width\" content=\"450\" \/>\n\t<meta property=\"og:image:height\" content=\"250\" \/>\n\t<meta property=\"og:image:type\" content=\"image\/jpeg\" \/>\n<meta name=\"twitter:card\" content=\"summary_large_image\" \/>\n<script type=\"application\/ld+json\" class=\"yoast-schema-graph\">{\"@context\":\"https:\/\/schema.org\",\"@graph\":[{\"@type\":\"WebPage\",\"@id\":\"https:\/\/cosmetic.lv\/lv\/product\/rokaspradze-no-melna-nefria-bjanshi-16mm\/\",\"url\":\"https:\/\/cosmetic.lv\/lv\/product\/rokaspradze-no-melna-nefria-bjanshi-16mm\/\",\"name\":\"Rokaspr\u0101dze no meln\u0101 nefr\u012ba Bjanshi 16mm - cosmetic.lv\",\"isPartOf\":{\"@id\":\"https:\/\/cosmetic.lv\/lv\/#website\"},\"primaryImageOfPage\":{\"@id\":\"https:\/\/cosmetic.lv\/lv\/product\/rokaspradze-no-melna-nefria-bjanshi-16mm\/#primaryimage\"},\"image\":{\"@id\":\"https:\/\/cosmetic.lv\/lv\/product\/rokaspradze-no-melna-nefria-bjanshi-16mm\/#primaryimage\"},\"thumbnailUrl\":\"https:\/\/cosmetic.lv\/wp-content\/uploads\/2021\/02\/vintvv-4.jpg\",\"datePublished\":\"2021-02-06T17:52:26+00:00\",\"dateModified\":\"2021-02-06T17:52:28+00:00\",\"breadcrumb\":{\"@id\":\"https:\/\/cosmetic.lv\/lv\/product\/rokaspradze-no-melna-nefria-bjanshi-16mm\/#breadcrumb\"},\"inLanguage\":\"lv-LV\",\"potentialAction\":[{\"@type\":\"ReadAction\",\"target\":[\"https:\/\/cosmetic.lv\/lv\/product\/rokaspradze-no-melna-nefria-bjanshi-16mm\/\"]}]},{\"@type\":\"ImageObject\",\"inLanguage\":\"lv-LV\",\"@id\":\"https:\/\/cosmetic.lv\/lv\/product\/rokaspradze-no-melna-nefria-bjanshi-16mm\/#primaryimage\",\"url\":\"https:\/\/cosmetic.lv\/wp-content\/uploads\/2021\/02\/vintvv-4.jpg\",\"contentUrl\":\"https:\/\/cosmetic.lv\/wp-content\/uploads\/2021\/02\/vintvv-4.jpg\",\"width\":450,\"height\":250,\"caption\":\"vintvv.jpg\"},{\"@type\":\"BreadcrumbList\",\"@id\":\"https:\/\/cosmetic.lv\/lv\/product\/rokaspradze-no-melna-nefria-bjanshi-16mm\/#breadcrumb\",\"itemListElement\":[{\"@type\":\"ListItem\",\"position\":1,\"name\":\"Home\",\"item\":\"https:\/\/cosmetic.lv\/lv\/\"},{\"@type\":\"ListItem\",\"position\":2,\"name\":\"Veikals\",\"item\":\"https:\/\/cosmetic.lv\/lv\/veiklas\/\"},{\"@type\":\"ListItem\",\"position\":3,\"name\":\"Rokaspr\u0101dze no meln\u0101 nefr\u012ba Bjanshi 16mm\"}]},{\"@type\":\"WebSite\",\"@id\":\"https:\/\/cosmetic.lv\/lv\/#website\",\"url\":\"https:\/\/cosmetic.lv\/lv\/\",\"name\":\"cosmetic.lv\",\"description\":\"Profesion\u0101la kosm\u0113tika - Maria Galland, Keune, Arkadija, GMT, Guam, Magiray\",\"publisher\":{\"@id\":\"https:\/\/cosmetic.lv\/lv\/#organization\"},\"potentialAction\":[{\"@type\":\"SearchAction\",\"target\":{\"@type\":\"EntryPoint\",\"urlTemplate\":\"https:\/\/cosmetic.lv\/lv\/?s={search_term_string}\"},\"query-input\":{\"@type\":\"PropertyValueSpecification\",\"valueRequired\":true,\"valueName\":\"search_term_string\"}}],\"inLanguage\":\"lv-LV\"},{\"@type\":\"Organization\",\"@id\":\"https:\/\/cosmetic.lv\/lv\/#organization\",\"name\":\"COSMETIC.LV\",\"url\":\"https:\/\/cosmetic.lv\/lv\/\",\"logo\":{\"@type\":\"ImageObject\",\"inLanguage\":\"lv-LV\",\"@id\":\"https:\/\/cosmetic.lv\/lv\/#\/schema\/logo\/image\/\",\"url\":\"https:\/\/cosmetic.lv\/wp-content\/uploads\/2021\/02\/cosmetic.lv_logo.jpg\",\"contentUrl\":\"https:\/\/cosmetic.lv\/wp-content\/uploads\/2021\/02\/cosmetic.lv_logo.jpg\",\"width\":596,\"height\":196,\"caption\":\"COSMETIC.LV\"},\"image\":{\"@id\":\"https:\/\/cosmetic.lv\/lv\/#\/schema\/logo\/image\/\"},\"sameAs\":[\"https:\/\/www.facebook.com\/cosmetic.lv\/\"]}]}<\/script>\n<meta property=\"product:price:amount\" content=\"12.90\" \/>\n<meta property=\"product:price:currency\" content=\"EUR\" \/>\n<meta property=\"og:availability\" content=\"instock\" \/>\n<meta property=\"product:availability\" content=\"instock\" \/>\n<meta property=\"product:retailer_item_id\" content=\"bjan\" \/>\n<meta property=\"product:condition\" content=\"new\" \/>\n<!-- \/ Yoast SEO Premium plugin. -->","yoast_head_json":{"title":"Rokaspr\u0101dze no meln\u0101 nefr\u012ba Bjanshi 16mm - cosmetic.lv","robots":{"index":"index","follow":"follow","max-snippet":"max-snippet:-1","max-image-preview":"max-image-preview:large","max-video-preview":"max-video-preview:-1"},"canonical":"https:\/\/cosmetic.lv\/lv\/product\/rokaspradze-no-melna-nefria-bjanshi-16mm\/","og_locale":"lv_LV","og_type":"article","og_title":"Rokaspr\u0101dze no meln\u0101 nefr\u012ba Bjanshi 16mm","og_description":"Rokaspr\u0101dze no meln\u0101 nefr\u012ba Bjanshi ar \u0101rstniecisku efektu. Ieg\u016bti, \u0161o akmeni tikai vien\u0101 jom\u0101 pasaul\u0113, kas atrodas \u0160a\u0146dunas provinc\u0113 (\u0136\u012bn\u0101).","og_url":"https:\/\/cosmetic.lv\/lv\/product\/rokaspradze-no-melna-nefria-bjanshi-16mm\/","og_site_name":"cosmetic.lv","article_publisher":"https:\/\/www.facebook.com\/cosmetic.lv\/","article_modified_time":"2021-02-06T17:52:28+00:00","og_image":[{"width":450,"height":250,"url":"https:\/\/cosmetic.lv\/wp-content\/uploads\/2021\/02\/vintvv-4.jpg","type":"image\/jpeg"}],"twitter_card":"summary_large_image","schema":{"@context":"https:\/\/schema.org","@graph":[{"@type":"WebPage","@id":"https:\/\/cosmetic.lv\/lv\/product\/rokaspradze-no-melna-nefria-bjanshi-16mm\/","url":"https:\/\/cosmetic.lv\/lv\/product\/rokaspradze-no-melna-nefria-bjanshi-16mm\/","name":"Rokaspr\u0101dze no meln\u0101 nefr\u012ba Bjanshi 16mm - cosmetic.lv","isPartOf":{"@id":"https:\/\/cosmetic.lv\/lv\/#website"},"primaryImageOfPage":{"@id":"https:\/\/cosmetic.lv\/lv\/product\/rokaspradze-no-melna-nefria-bjanshi-16mm\/#primaryimage"},"image":{"@id":"https:\/\/cosmetic.lv\/lv\/product\/rokaspradze-no-melna-nefria-bjanshi-16mm\/#primaryimage"},"thumbnailUrl":"https:\/\/cosmetic.lv\/wp-content\/uploads\/2021\/02\/vintvv-4.jpg","datePublished":"2021-02-06T17:52:26+00:00","dateModified":"2021-02-06T17:52:28+00:00","breadcrumb":{"@id":"https:\/\/cosmetic.lv\/lv\/product\/rokaspradze-no-melna-nefria-bjanshi-16mm\/#breadcrumb"},"inLanguage":"lv-LV","potentialAction":[{"@type":"ReadAction","target":["https:\/\/cosmetic.lv\/lv\/product\/rokaspradze-no-melna-nefria-bjanshi-16mm\/"]}]},{"@type":"ImageObject","inLanguage":"lv-LV","@id":"https:\/\/cosmetic.lv\/lv\/product\/rokaspradze-no-melna-nefria-bjanshi-16mm\/#primaryimage","url":"https:\/\/cosmetic.lv\/wp-content\/uploads\/2021\/02\/vintvv-4.jpg","contentUrl":"https:\/\/cosmetic.lv\/wp-content\/uploads\/2021\/02\/vintvv-4.jpg","width":450,"height":250,"caption":"vintvv.jpg"},{"@type":"BreadcrumbList","@id":"https:\/\/cosmetic.lv\/lv\/product\/rokaspradze-no-melna-nefria-bjanshi-16mm\/#breadcrumb","itemListElement":[{"@type":"ListItem","position":1,"name":"Home","item":"https:\/\/cosmetic.lv\/lv\/"},{"@type":"ListItem","position":2,"name":"Veikals","item":"https:\/\/cosmetic.lv\/lv\/veiklas\/"},{"@type":"ListItem","position":3,"name":"Rokaspr\u0101dze no meln\u0101 nefr\u012ba Bjanshi 16mm"}]},{"@type":"WebSite","@id":"https:\/\/cosmetic.lv\/lv\/#website","url":"https:\/\/cosmetic.lv\/lv\/","name":"cosmetic.lv","description":"Profesion\u0101la kosm\u0113tika - Maria Galland, Keune, Arkadija, GMT, Guam, Magiray","publisher":{"@id":"https:\/\/cosmetic.lv\/lv\/#organization"},"potentialAction":[{"@type":"SearchAction","target":{"@type":"EntryPoint","urlTemplate":"https:\/\/cosmetic.lv\/lv\/?s={search_term_string}"},"query-input":{"@type":"PropertyValueSpecification","valueRequired":true,"valueName":"search_term_string"}}],"inLanguage":"lv-LV"},{"@type":"Organization","@id":"https:\/\/cosmetic.lv\/lv\/#organization","name":"COSMETIC.LV","url":"https:\/\/cosmetic.lv\/lv\/","logo":{"@type":"ImageObject","inLanguage":"lv-LV","@id":"https:\/\/cosmetic.lv\/lv\/#\/schema\/logo\/image\/","url":"https:\/\/cosmetic.lv\/wp-content\/uploads\/2021\/02\/cosmetic.lv_logo.jpg","contentUrl":"https:\/\/cosmetic.lv\/wp-content\/uploads\/2021\/02\/cosmetic.lv_logo.jpg","width":596,"height":196,"caption":"COSMETIC.LV"},"image":{"@id":"https:\/\/cosmetic.lv\/lv\/#\/schema\/logo\/image\/"},"sameAs":["https:\/\/www.facebook.com\/cosmetic.lv\/"]}]},"product_price_amount":"12.90","product_price_currency":"EUR","og_availability":"instock","product_availability":"instock","product_retailer_item_id":"bjan","product_condition":"new"},"_links":{"self":[{"href":"https:\/\/cosmetic.lv\/lv\/wp-json\/wp\/v2\/product\/34397","targetHints":{"allow":["GET"]}}],"collection":[{"href":"https:\/\/cosmetic.lv\/lv\/wp-json\/wp\/v2\/product"}],"about":[{"href":"https:\/\/cosmetic.lv\/lv\/wp-json\/wp\/v2\/types\/product"}],"wp:featuredmedia":[{"embeddable":true,"href":"https:\/\/cosmetic.lv\/lv\/wp-json\/wp\/v2\/media\/16524"}],"wp:attachment":[{"href":"https:\/\/cosmetic.lv\/lv\/wp-json\/wp\/v2\/media?parent=34397"}],"wp:term":[{"taxonomy":"product_brand","embeddable":true,"href":"https:\/\/cosmetic.lv\/lv\/wp-json\/wp\/v2\/product_brand?post=34397"},{"taxonomy":"product_cat","embeddable":true,"href":"https:\/\/cosmetic.lv\/lv\/wp-json\/wp\/v2\/product_cat?post=34397"},{"taxonomy":"product_tag","embeddable":true,"href":"https:\/\/cosmetic.lv\/lv\/wp-json\/wp\/v2\/product_tag?post=34397"}],"curies":[{"name":"wp","href":"https:\/\/api.w.org\/{rel}","templated":true}]}}