{"id":34400,"date":"2021-02-05T22:41:31","date_gmt":"2021-02-06T17:52:26","guid":{"rendered":"https:\/\/damme.lv\/product\/maria-galland-740-activage-serum-30ml\/"},"modified":"2021-02-06T19:52:29","modified_gmt":"2021-02-06T17:52:29","slug":"maria-galland-740-activage-serum-30ml","status":"publish","type":"product","link":"https:\/\/cosmetic.lv\/lv\/product\/maria-galland-740-activage-serum-30ml\/","title":{"rendered":"MARIA GALLAND 740 ACTIV&#8217;AGE SERUM 30ML"},"content":{"rendered":"<p><!DOCTYPE html PUBLIC &quot;-\/\/W3C\/\/DTD XHTML 1.0 Transitional\/\/EN&quot; &quot;http:\/\/www.w3.org\/TR\/xhtml1\/DTD\/xhtml1-transitional.dtd&quot;><br \/>\n<html><br \/>\n<head><br \/>\n<title>Untitled document<\/title><br \/>\n<\/head><br \/>\n<body><\/p>\n<p>\u012apa&scaron;i efekt\u012bvs serums ar vieglu un \u0101rk\u0101rt\u012bgi barojo&scaron;u tekst\u016bru atjauno  nobriedu&scaron;as \u0101das jaun\u012bbu. Unik\u0101l\u0101 pept\u012bdu un cilmes &scaron;\u016bnu kombin\u0101cija  nov\u0113r&scaron; \u0101das nepiln\u012bbas, ko izraisa ar vecumu saist\u012btas izmai\u0146as un  negat\u012bva ietekme uz vidi. Inovat\u012bvs pept\u012bdu komplekss no tabakas lap\u0101m  ac\u012bmredzami samazina grumbu skaitu un nov\u0113r&scaron; to veido&scaron;anos. APC  komplekss aizsarg\u0101 \u0101du no noveco&scaron;an\u0101s, ko izraisa vides pies\u0101r\u0146ojums.  Saska\u0146\u0101 ar p\u0113t\u012bjumu rezult\u0101tiem 740 ACTIV&#8217;AGE SERUM ir izteikts liftinga  efekts, atjauno \u0101das tvirtumu un elast\u012bbu. Produkta vieglo tekst\u016bru ir  viegli uzkl\u0101t un \u0101tri absorb\u0113t.<\/p>\n<p>Akt\u012bvie komponenti:<\/p>\n<p>&nbsp;&nbsp;&nbsp;  Arti&scaron;oka lapu pept\u012bdi normaliz\u0113 keratinoc\u012btu aug&scaron;anu epiderm\u0101. Atjauno  \u0101das elast\u012bbu. Veicina intens\u012bvu \u0101das mitrin\u0101&scaron;anu. Izl\u012bdzina grumbas.  C\u012b\u0146a pret vecuma izmai\u0146\u0101m.<br \/>&nbsp;&nbsp;&nbsp; Heksapept\u012bds &#8211; nov\u0113r&scaron; grumbu par\u0101d\u012b&scaron;anos un samazina eso&scaron;o dzi\u013cumu, ierobe\u017eojot musku\u013cu kontrakcijas.<br \/>&nbsp;&nbsp;&nbsp;  Tabakas ziedu pept\u012bdi &#8211; dab\u012bgs bioakt\u012bvu tripept\u012bdu mais\u012bjums, kas  ieg\u016bti no cilmes &scaron;\u016bn\u0101m, kas aizsarg\u0101 \u0101du no br\u012bvajiem radik\u0101\u013ciem. Tie  aktiviz\u0113 \u0101das atjauno&scaron;an\u0101s procesu. Stimul\u0113 &scaron;\u016bnu vitalit\u0101ti. Stiprina  \u0101rpus&scaron;\u016bnu matricu, aizsarg\u0101jot kolag\u0113na &scaron;\u0137iedras. Ener\u0123\u0113t \u0101du (ATP).  Samazina grumbu par\u0101d\u012b&scaron;anos. Uzlabo \u0101das elast\u012bbu.<br \/>&nbsp;&nbsp;&nbsp; Ave\u0146u cilmes  &scaron;\u016bnu ekstrakts &#8211; patent\u0113ts ekstrakts, kas ieg\u016bts no kultiv\u0113t\u0101m aven\u0113m.  Sp\u0113c\u012bgs antioksidants, ar augstu br\u012bvo radik\u0101\u013cu att\u012br\u012b&scaron;anas sp\u0113ju.  Aizsarg\u0101 \u0101du no oksidat\u012bviem boj\u0101jumiem. Ir nomierino&scaron;a iedarb\u012bba.  Nov\u0113r&scaron; UVA \/ UVB izrais\u012btu aps\u0101rtumu un \u0101das kairin\u0101jumu. Stimul\u0113 &scaron;\u016bnu  vitalit\u0101ti. Nodro&scaron;ina norm\u0101lu &scaron;\u016bnu darb\u012bbu. Satur augstu fenola sk\u0101bes  un flavono\u012bdu koncentr\u0101ciju.<br \/>&nbsp;&nbsp;&nbsp; Sarkano pupi\u0146u cilmes &scaron;\u016bnu ekstrakts  nov\u0113r&scaron; noveco&scaron;an\u0101s paz\u012bmes, ko izraisa saules gaismas un reakt\u012bvo  sk\u0101bek\u013ca sugu (ROS) negat\u012bv\u0101 ietekme. Nostiprina \u0101das aizsargfunkciju  pret oksidat\u012bvo stresu un ultravioleto starojumu. Aktiviz\u0113 mitohondriju  aizsardz\u012bbu un stimul\u0113 ATP veido&scaron;anos.<br \/>&nbsp;&nbsp;&nbsp; Tom\u0101tu lapu cilmes &scaron;\u016bnu  ekstrakts un B3 vitam\u012bns veicina &scaron;\u016bnu att\u012br\u012b&scaron;anos. Aizsarg\u0101 \u0101du no  apk\u0101rt\u0113j\u0101s vides negat\u012bv\u0101s ietekmes, tostarp neitraliz\u0113 smagos met\u0101lus,  kas ir atbild\u012bgi par noveco&scaron;an\u0101s paz\u012bm\u0113m. Uzlabo &scaron;\u016bnu aktivit\u0101ti.  Stiprina \u0101rpus&scaron;\u016bnu matricu, vienlaikus aizsarg\u0101jot kolag\u0113na &scaron;\u0137iedras.  Pie&scaron;\u0137ir \u0101dai mirdzo&scaron;u izskatu.<\/p>\n<p>Lieto&scaron;anas nor\u0101d\u012bjumi:  Uzkl\u0101jiet uz labi att\u012br\u012btas sejas, kakla un dekolt\u0113 no r\u012bta un vakar\u0101 ar  maig\u0101m mas\u0101\u017eas kust\u012bb\u0101m. P\u0113c tam uzkl\u0101jiet 760 ACTIV&#8217;AGE LUXURY CREAM<\/p>\n<p>Iepakojums: pudele ar s\u016bkni 30 ml.<\/p>\n<p><\/body><br \/>\n<\/html><\/p>\n","protected":false},"excerpt":{"rendered":"<p>Untitled document \u012apa&scaron;i efekt\u012bvs serums ar vieglu un \u0101rk\u0101rt\u012bgi barojo&scaron;u tekst\u016bru atjauno nobriedu&scaron;as \u0101das jaun\u012bbu. Unik\u0101l\u0101 pept\u012bdu un cilmes &scaron;\u016bnu<\/p>\n","protected":false},"featured_media":16531,"template":"","meta":[],"product_brand":[],"product_cat":[2273,2277],"product_tag":[],"class_list":{"0":"post-34400","1":"product","2":"type-product","3":"status-publish","4":"has-post-thumbnail","6":"product_cat-profesionala-kosmetika-sejai-un-kermenim-lv","7":"product_cat-maria-galland-francija-lv","9":"first","10":"instock","11":"sale","12":"featured","13":"taxable","14":"shipping-taxable","15":"purchasable","16":"product-type-simple"},"yoast_head":"<!-- This site is optimized with the Yoast SEO Premium plugin v27.0 (Yoast SEO v27.0) - https:\/\/yoast.com\/product\/yoast-seo-premium-wordpress\/ -->\n<title>MARIA GALLAND 740 ACTIV&#039;AGE SERUM 30ML - cosmetic.lv<\/title>\n<meta name=\"robots\" content=\"index, follow, max-snippet:-1, max-image-preview:large, max-video-preview:-1\" \/>\n<link rel=\"canonical\" href=\"https:\/\/cosmetic.lv\/lv\/product\/maria-galland-740-activage-serum-30ml\/\" \/>\n<meta property=\"og:locale\" content=\"lv_LV\" \/>\n<meta property=\"og:type\" content=\"article\" \/>\n<meta property=\"og:title\" content=\"MARIA GALLAND 740 ACTIV&#039;AGE SERUM 30ML\" \/>\n<meta property=\"og:description\" content=\"Untitled document \u012apa&scaron;i efekt\u012bvs serums ar vieglu un \u0101rk\u0101rt\u012bgi barojo&scaron;u tekst\u016bru atjauno nobriedu&scaron;as \u0101das jaun\u012bbu. Unik\u0101l\u0101 pept\u012bdu un cilmes &scaron;\u016bnu\" \/>\n<meta property=\"og:url\" content=\"https:\/\/cosmetic.lv\/lv\/product\/maria-galland-740-activage-serum-30ml\/\" \/>\n<meta property=\"og:site_name\" content=\"cosmetic.lv\" \/>\n<meta property=\"article:publisher\" content=\"https:\/\/www.facebook.com\/cosmetic.lv\/\" \/>\n<meta property=\"article:modified_time\" content=\"2021-02-06T17:52:29+00:00\" \/>\n<meta property=\"og:image\" content=\"https:\/\/cosmetic.lv\/wp-content\/uploads\/2021\/02\/b048f3cdf7ed74d09c0d3b862ddf47cf-4.png\" \/>\n\t<meta property=\"og:image:width\" content=\"800\" \/>\n\t<meta property=\"og:image:height\" content=\"800\" \/>\n\t<meta property=\"og:image:type\" content=\"image\/png\" \/>\n<meta name=\"twitter:card\" content=\"summary_large_image\" \/>\n<script type=\"application\/ld+json\" class=\"yoast-schema-graph\">{\"@context\":\"https:\/\/schema.org\",\"@graph\":[{\"@type\":\"WebPage\",\"@id\":\"https:\/\/cosmetic.lv\/lv\/product\/maria-galland-740-activage-serum-30ml\/\",\"url\":\"https:\/\/cosmetic.lv\/lv\/product\/maria-galland-740-activage-serum-30ml\/\",\"name\":\"MARIA GALLAND 740 ACTIV'AGE SERUM 30ML - cosmetic.lv\",\"isPartOf\":{\"@id\":\"https:\/\/cosmetic.lv\/lv\/#website\"},\"primaryImageOfPage\":{\"@id\":\"https:\/\/cosmetic.lv\/lv\/product\/maria-galland-740-activage-serum-30ml\/#primaryimage\"},\"image\":{\"@id\":\"https:\/\/cosmetic.lv\/lv\/product\/maria-galland-740-activage-serum-30ml\/#primaryimage\"},\"thumbnailUrl\":\"https:\/\/cosmetic.lv\/wp-content\/uploads\/2021\/02\/b048f3cdf7ed74d09c0d3b862ddf47cf-4.png\",\"datePublished\":\"2021-02-06T17:52:26+00:00\",\"dateModified\":\"2021-02-06T17:52:29+00:00\",\"breadcrumb\":{\"@id\":\"https:\/\/cosmetic.lv\/lv\/product\/maria-galland-740-activage-serum-30ml\/#breadcrumb\"},\"inLanguage\":\"lv-LV\",\"potentialAction\":[{\"@type\":\"ReadAction\",\"target\":[\"https:\/\/cosmetic.lv\/lv\/product\/maria-galland-740-activage-serum-30ml\/\"]}]},{\"@type\":\"ImageObject\",\"inLanguage\":\"lv-LV\",\"@id\":\"https:\/\/cosmetic.lv\/lv\/product\/maria-galland-740-activage-serum-30ml\/#primaryimage\",\"url\":\"https:\/\/cosmetic.lv\/wp-content\/uploads\/2021\/02\/b048f3cdf7ed74d09c0d3b862ddf47cf-4.png\",\"contentUrl\":\"https:\/\/cosmetic.lv\/wp-content\/uploads\/2021\/02\/b048f3cdf7ed74d09c0d3b862ddf47cf-4.png\",\"width\":800,\"height\":800,\"caption\":\"b048f3cdf7ed74d09c0d3b862ddf47cf.png\"},{\"@type\":\"BreadcrumbList\",\"@id\":\"https:\/\/cosmetic.lv\/lv\/product\/maria-galland-740-activage-serum-30ml\/#breadcrumb\",\"itemListElement\":[{\"@type\":\"ListItem\",\"position\":1,\"name\":\"Home\",\"item\":\"https:\/\/cosmetic.lv\/lv\/\"},{\"@type\":\"ListItem\",\"position\":2,\"name\":\"Veikals\",\"item\":\"https:\/\/cosmetic.lv\/lv\/veiklas\/\"},{\"@type\":\"ListItem\",\"position\":3,\"name\":\"MARIA GALLAND 740 ACTIV&#8217;AGE SERUM 30ML\"}]},{\"@type\":\"WebSite\",\"@id\":\"https:\/\/cosmetic.lv\/lv\/#website\",\"url\":\"https:\/\/cosmetic.lv\/lv\/\",\"name\":\"cosmetic.lv\",\"description\":\"Profesion\u0101la kosm\u0113tika - Maria Galland, Keune, Arkadija, GMT, Guam, Magiray\",\"publisher\":{\"@id\":\"https:\/\/cosmetic.lv\/lv\/#organization\"},\"potentialAction\":[{\"@type\":\"SearchAction\",\"target\":{\"@type\":\"EntryPoint\",\"urlTemplate\":\"https:\/\/cosmetic.lv\/lv\/?s={search_term_string}\"},\"query-input\":{\"@type\":\"PropertyValueSpecification\",\"valueRequired\":true,\"valueName\":\"search_term_string\"}}],\"inLanguage\":\"lv-LV\"},{\"@type\":\"Organization\",\"@id\":\"https:\/\/cosmetic.lv\/lv\/#organization\",\"name\":\"COSMETIC.LV\",\"url\":\"https:\/\/cosmetic.lv\/lv\/\",\"logo\":{\"@type\":\"ImageObject\",\"inLanguage\":\"lv-LV\",\"@id\":\"https:\/\/cosmetic.lv\/lv\/#\/schema\/logo\/image\/\",\"url\":\"https:\/\/cosmetic.lv\/wp-content\/uploads\/2021\/02\/cosmetic.lv_logo.jpg\",\"contentUrl\":\"https:\/\/cosmetic.lv\/wp-content\/uploads\/2021\/02\/cosmetic.lv_logo.jpg\",\"width\":596,\"height\":196,\"caption\":\"COSMETIC.LV\"},\"image\":{\"@id\":\"https:\/\/cosmetic.lv\/lv\/#\/schema\/logo\/image\/\"},\"sameAs\":[\"https:\/\/www.facebook.com\/cosmetic.lv\/\"]}]}<\/script>\n<meta property=\"product:price:amount\" content=\"128.35\" \/>\n<meta property=\"product:price:currency\" content=\"EUR\" \/>\n<meta property=\"og:availability\" content=\"instock\" \/>\n<meta property=\"product:availability\" content=\"instock\" \/>\n<meta property=\"product:retailer_item_id\" content=\"740\" \/>\n<meta property=\"product:condition\" content=\"new\" \/>\n<!-- \/ Yoast SEO Premium plugin. -->","yoast_head_json":{"title":"MARIA GALLAND 740 ACTIV'AGE SERUM 30ML - cosmetic.lv","robots":{"index":"index","follow":"follow","max-snippet":"max-snippet:-1","max-image-preview":"max-image-preview:large","max-video-preview":"max-video-preview:-1"},"canonical":"https:\/\/cosmetic.lv\/lv\/product\/maria-galland-740-activage-serum-30ml\/","og_locale":"lv_LV","og_type":"article","og_title":"MARIA GALLAND 740 ACTIV'AGE SERUM 30ML","og_description":"Untitled document \u012apa&scaron;i efekt\u012bvs serums ar vieglu un \u0101rk\u0101rt\u012bgi barojo&scaron;u tekst\u016bru atjauno nobriedu&scaron;as \u0101das jaun\u012bbu. Unik\u0101l\u0101 pept\u012bdu un cilmes &scaron;\u016bnu","og_url":"https:\/\/cosmetic.lv\/lv\/product\/maria-galland-740-activage-serum-30ml\/","og_site_name":"cosmetic.lv","article_publisher":"https:\/\/www.facebook.com\/cosmetic.lv\/","article_modified_time":"2021-02-06T17:52:29+00:00","og_image":[{"width":800,"height":800,"url":"https:\/\/cosmetic.lv\/wp-content\/uploads\/2021\/02\/b048f3cdf7ed74d09c0d3b862ddf47cf-4.png","type":"image\/png"}],"twitter_card":"summary_large_image","schema":{"@context":"https:\/\/schema.org","@graph":[{"@type":"WebPage","@id":"https:\/\/cosmetic.lv\/lv\/product\/maria-galland-740-activage-serum-30ml\/","url":"https:\/\/cosmetic.lv\/lv\/product\/maria-galland-740-activage-serum-30ml\/","name":"MARIA GALLAND 740 ACTIV'AGE SERUM 30ML - cosmetic.lv","isPartOf":{"@id":"https:\/\/cosmetic.lv\/lv\/#website"},"primaryImageOfPage":{"@id":"https:\/\/cosmetic.lv\/lv\/product\/maria-galland-740-activage-serum-30ml\/#primaryimage"},"image":{"@id":"https:\/\/cosmetic.lv\/lv\/product\/maria-galland-740-activage-serum-30ml\/#primaryimage"},"thumbnailUrl":"https:\/\/cosmetic.lv\/wp-content\/uploads\/2021\/02\/b048f3cdf7ed74d09c0d3b862ddf47cf-4.png","datePublished":"2021-02-06T17:52:26+00:00","dateModified":"2021-02-06T17:52:29+00:00","breadcrumb":{"@id":"https:\/\/cosmetic.lv\/lv\/product\/maria-galland-740-activage-serum-30ml\/#breadcrumb"},"inLanguage":"lv-LV","potentialAction":[{"@type":"ReadAction","target":["https:\/\/cosmetic.lv\/lv\/product\/maria-galland-740-activage-serum-30ml\/"]}]},{"@type":"ImageObject","inLanguage":"lv-LV","@id":"https:\/\/cosmetic.lv\/lv\/product\/maria-galland-740-activage-serum-30ml\/#primaryimage","url":"https:\/\/cosmetic.lv\/wp-content\/uploads\/2021\/02\/b048f3cdf7ed74d09c0d3b862ddf47cf-4.png","contentUrl":"https:\/\/cosmetic.lv\/wp-content\/uploads\/2021\/02\/b048f3cdf7ed74d09c0d3b862ddf47cf-4.png","width":800,"height":800,"caption":"b048f3cdf7ed74d09c0d3b862ddf47cf.png"},{"@type":"BreadcrumbList","@id":"https:\/\/cosmetic.lv\/lv\/product\/maria-galland-740-activage-serum-30ml\/#breadcrumb","itemListElement":[{"@type":"ListItem","position":1,"name":"Home","item":"https:\/\/cosmetic.lv\/lv\/"},{"@type":"ListItem","position":2,"name":"Veikals","item":"https:\/\/cosmetic.lv\/lv\/veiklas\/"},{"@type":"ListItem","position":3,"name":"MARIA GALLAND 740 ACTIV&#8217;AGE SERUM 30ML"}]},{"@type":"WebSite","@id":"https:\/\/cosmetic.lv\/lv\/#website","url":"https:\/\/cosmetic.lv\/lv\/","name":"cosmetic.lv","description":"Profesion\u0101la kosm\u0113tika - Maria Galland, Keune, Arkadija, GMT, Guam, Magiray","publisher":{"@id":"https:\/\/cosmetic.lv\/lv\/#organization"},"potentialAction":[{"@type":"SearchAction","target":{"@type":"EntryPoint","urlTemplate":"https:\/\/cosmetic.lv\/lv\/?s={search_term_string}"},"query-input":{"@type":"PropertyValueSpecification","valueRequired":true,"valueName":"search_term_string"}}],"inLanguage":"lv-LV"},{"@type":"Organization","@id":"https:\/\/cosmetic.lv\/lv\/#organization","name":"COSMETIC.LV","url":"https:\/\/cosmetic.lv\/lv\/","logo":{"@type":"ImageObject","inLanguage":"lv-LV","@id":"https:\/\/cosmetic.lv\/lv\/#\/schema\/logo\/image\/","url":"https:\/\/cosmetic.lv\/wp-content\/uploads\/2021\/02\/cosmetic.lv_logo.jpg","contentUrl":"https:\/\/cosmetic.lv\/wp-content\/uploads\/2021\/02\/cosmetic.lv_logo.jpg","width":596,"height":196,"caption":"COSMETIC.LV"},"image":{"@id":"https:\/\/cosmetic.lv\/lv\/#\/schema\/logo\/image\/"},"sameAs":["https:\/\/www.facebook.com\/cosmetic.lv\/"]}]},"product_price_amount":"128.35","product_price_currency":"EUR","og_availability":"instock","product_availability":"instock","product_retailer_item_id":"740","product_condition":"new"},"_links":{"self":[{"href":"https:\/\/cosmetic.lv\/lv\/wp-json\/wp\/v2\/product\/34400","targetHints":{"allow":["GET"]}}],"collection":[{"href":"https:\/\/cosmetic.lv\/lv\/wp-json\/wp\/v2\/product"}],"about":[{"href":"https:\/\/cosmetic.lv\/lv\/wp-json\/wp\/v2\/types\/product"}],"wp:featuredmedia":[{"embeddable":true,"href":"https:\/\/cosmetic.lv\/lv\/wp-json\/wp\/v2\/media\/16531"}],"wp:attachment":[{"href":"https:\/\/cosmetic.lv\/lv\/wp-json\/wp\/v2\/media?parent=34400"}],"wp:term":[{"taxonomy":"product_brand","embeddable":true,"href":"https:\/\/cosmetic.lv\/lv\/wp-json\/wp\/v2\/product_brand?post=34400"},{"taxonomy":"product_cat","embeddable":true,"href":"https:\/\/cosmetic.lv\/lv\/wp-json\/wp\/v2\/product_cat?post=34400"},{"taxonomy":"product_tag","embeddable":true,"href":"https:\/\/cosmetic.lv\/lv\/wp-json\/wp\/v2\/product_tag?post=34400"}],"curies":[{"name":"wp","href":"https:\/\/api.w.org\/{rel}","templated":true}]}}