{"id":34404,"date":"2021-02-05T22:41:41","date_gmt":"2021-02-06T17:52:33","guid":{"rendered":"https:\/\/damme.lv\/product\/10-mm-rokasspradze-naturals-akmens-avanjurins-tiras-milestibas-akmens-akmens\/"},"modified":"2021-02-06T19:52:33","modified_gmt":"2021-02-06T17:52:33","slug":"10-mm-rokasspradze-naturals-akmens-avanjurins-tiras-milestibas-akmens-akmens","status":"publish","type":"product","link":"https:\/\/cosmetic.lv\/lv\/product\/10-mm-rokasspradze-naturals-akmens-avanjurins-tiras-milestibas-akmens-akmens\/","title":{"rendered":"10 mm Rokasspr\u0101dze natur\u0101ls akmens Avanjur\u012bns &#8211; t\u012bras m\u012blest\u012bbas akmens akmens"},"content":{"rendered":"<p>Avantjur\u012bns \u013coti pozit\u012bvs akmens, pal\u012bdz nov\u0113rst negat\u012bvas situ\u0101ciajas.<\/p>\n<p>Avantur\u012bns nomierina dusmu un \u0101tro dusmu gad\u012bjum\u0101,padara paciet\u012bgu un \u013coti labi pal\u012bdz aizmig\u0161anas trauc\u0113jumu gad\u012bjum\u0101.Veicina atsl\u0101bin\u0101\u0161anos,pie\u0161\u0137ir nosv\u0113rt\u012bbu un visp\u0101r\u0113ji l\u012bdzsvaro.pozit\u012bvi iedarbojas psihisomatisko saslim\u0161anu gad\u012bjum\u0101.Sniedz vair\u0101k humora izj\u016btas un jautr\u012bbas.fiziski avantur\u012bns stimul\u0113 tauku vielmai\u0146u un pazemina holester\u012bna l\u012bmeni.\u012apa\u0161i labi iedarbojas \u0101das saslim\u0161anas gad\u012bjumos-pinnes,\u0101das iekaisumi,\u0101das aler\u0123ijas,izsitumi u.t.t. Stiprina saistaudus,veicina sirds re\u0123ener\u0101ciju un mazina s\u0101pes. Avantur\u012bns pal\u012bdz pret aler\u0123iju, bronh\u012btiem, sirds-asinsvadu saslim\u0161an\u0101m, pazemina asinsspiedienu, sekm\u0113 \u0101tru br\u016b\u010du sadz\u012b\u0161anu. Austrumos uzskata, ka tas stimul\u0113 sirds \u010dakru, uzlabo redzi, no\u0146em nervu spriedzi.\u0100rstnieciskos nol\u016bkos avantur\u012bnu n\u0113s\u0101 k\u0101 aproces vai uz kakla kre\u013c\u013cu veid\u0101. Avantur\u012bns var k\u013c\u016bt par br\u012bni\u0161\u0137\u012bgu pal\u012bgu m\u012blas liet\u0101s. T\u0101pat to var nosaukt par &quot;m\u016bzu&quot;, t\u0101 k\u0101 vi\u0146\u0161 dod iedvesmu un rado\u0161\u0101ki k\u013c\u016bst rakstnieki, gleznot\u0101ji, muzikanti.<\/p>\n<p>Pal\u012bdz saglab\u0101t pat\u012bkamu garast\u0101vokli, iedve\u0161 optimismu, modina p\u0101rliec\u012bbu par sevi.Normaliz\u0113 garast\u0101vokli, nom\u0101c nemieru un bai\u013cu saj\u016btu. Pal\u012bdz atrast pareizo probl\u0113mu atrisin\u0101jumu. Rada priec\u012bgu, laim\u012bgu noska\u0146ojumu, uztur gara mo\u017eumu un domai pie\u0161\u0137ir skaidr\u012bbu. Noder k\u0101 talismans naudas piesaist\u012b\u0161anai, pasarg\u0101 no l\u0113ttic\u012bbas, kas var novest pie materi\u0101liem zaud\u0113jumiem un vesel\u012bbas probl\u0113m\u0101m. \u0100rst\u0113 kaklu, plau\u0161as, \u0101du, acis, nervus, sadzied\u0113 br\u016bces, atdz\u012bvina jaun\u012bbas degsmi. Uzlabo asins sast\u0101vu, \u0101das st\u0101vokli, pal\u012bdz pie p\u016bt\u012bt\u0113m, ekz\u0113mas, aler\u0123ijas, matu izkri\u0161anas. Att\u012bsta musku\u013cu audus. Za\u013cais avantur\u012bns stimul\u0113 sirds \u010dakru, iedod pr\u0101tam un redzei asumu, nostiprina intelektu.Veicina person\u012bbas karjeru un rado\u0161u att\u012bst\u012bbu.<\/p>\n<p>\u0100rstniecisk\u0101s \u012bpa\u0161\u012bbas:<\/p>\n<p>    \u0100rstnieciskos m\u0113r\u0137os n\u0113s\u0101 uz plaukstas pamatnes vai uz kakla kre\u013c\u013cu veid\u0101. Uzskata, ka vi\u0146\u0161 pal\u012bdz tikt gal\u0101 ar aler\u0123iju, bronh\u012btiem, sirds-asinsvadu saslim\u0161an\u0101m, pazemina spiedienu, sekm\u0113 \u0101tru br\u016b\u010du sadz\u012b\u0161anu.<br \/>\n    Austrumos uzskata, ka avantur\u012bns stimul\u0113 sirds \u010dakru, uzlabo redzi, no\u0146em nervu spriedzi. \u012apa\u0161i labi akmens pal\u012bdz, ja vi\u0146u izmantot k\u0101 mas\u0101\u017eu bumbi\u0146as.<br \/>\n    Avantur\u012bnu lieto pie asinsvadu slim\u012bb\u0101m. Vi\u0146\u0161 \u0101rst\u0113 neiral\u0123iju un saaukst\u0113\u0161an\u0101s, no\u0146em k\u0101rpas.<br \/>\n    Avantur\u012bns atbr\u012bvo \u012bpa\u0161nieku no bail\u0113m un trauksm\u0113m, \u012bpa\u0161i nervu izcelsmes, nomierina jebk\u0101das fobijas.<br \/>\n    Pal\u012bdz pie \u0101du saslim\u0161anu visiem veidiem, pasarg\u0101 no matu izkri\u0161anas.<br \/>\n    Labi saskan ar lazur\u012btu \u0101rst\u0113jot bailes, nemieru, ar sarkaniem un dzeltaniem akme\u0146iem &#8211; lai no\u0146emtu sirds s\u0101pes un normaliz\u0113tu spiedienu.<\/p>\n<p>Ma\u0123isk\u0101s \u012bpa\u0161\u012bbas:<\/p>\n<p>    Pirmslaikos uzskat\u012bja, ka avantur\u012bns pa tie\u0161o ir saist\u012bts ar M\u0113ness ma\u0123iju un vi\u0146a main\u012bgo iedarb\u012bbu uz cilv\u0113ku pied\u0113v\u0113ja \u0161ai saiknei. M\u0113ness iespaido cilv\u0113ku da\u017e\u0101di. Pirmk\u0101rt, atkar\u012bb\u0101 no f\u0101zes, kur\u0101 tas atrodas (augo\u0161a, pilna, dolsto\u0161a, tum\u0161a); otrk\u0101rt, atkar\u012bb\u0101 no cilv\u0113ka tipa un rakstura, ieskaitot vi\u0146a personiskos astrolo\u0123iskos raksturojumus (gads, stunda, dzim\u0161anas m\u0113nesis; zodiaka z\u012bme zem kuras vi\u0146\u0161 piedzimis; plan\u0113tu st\u0101voklis lun\u0101ras ietekmes laik\u0101 utt.). Tie\u0161i t\u0101d\u0113\u013c eksist\u0113 divi pret\u0113ji uzskati par to, k\u0101du iedarb\u012bbu atst\u0101j avantur\u012bns uz sav\u0113jo \u012bpa\u0161nieku.<br \/>\n    Vieni apgalvo, ka miner\u0101ls pal\u012bdz azarta sp\u0113l\u0113s, bet \u013caunpr\u0101t\u012bga \u0161\u012bs pal\u012bdz\u012bbas izmanto\u0161ana var novest pie nopietniem materi\u0101liem zaud\u0113jumiem, l\u012bdz pat piln\u012bgai izputin\u0101\u0161anai. Citi sauc avantur\u012bnu par &quot;t\u012bras m\u012blest\u012bbas starpnieku&quot; un tic, ka vi\u0146\u0161 piesaista pie sav\u0113j\u0101 \u012bpa\u0161nieka sirsn\u012bgu iecer\u0113t\u0101 pie\u0137er\u0161anos. Bet vienu un otri tic vienam &#8211; \u0161is akmens saasina pozit\u012bv\u0101s cilv\u0113ka emocijas: uzl\u0101d\u0113 ar optimismu, pa\u0161p\u0101rliecin\u0101t\u012bbu, sniedz pr\u0101ta skaidr\u012bbu un uzlabo garast\u0101vokli. Tom\u0113r nevajadz\u0113tu dom\u0101t, ka jebkur\u0161 cilv\u0113ks, kas uzliks avantur\u012bnu, nekav\u0113joties k\u013c\u016bs veiksm\u012bgs un dz\u012bvespriec\u012bgs. \u0160o akmeni var n\u0113s\u0101t \u013caudis, kas neie\u0146em augstus poste\u0146us, kurus neapgr\u016btina \u0123imene, tas ir tie, uz k\u0101 negulst\u0101s liela atbild\u012bba, piem\u0113ram, b\u0113rni l\u012bdz se\u0161padsmit gadiem.<br \/>\n    Avantur\u012bns var k\u013c\u016bt ar br\u012bni\u0161\u0137\u012bgu pal\u012bgu sirds liet\u0101s.<br \/>\n    \u0160o akmeni t\u0101pat var nosaukt par &quot;m\u016bzu&quot;, jo vi\u0146\u0161 izsauc iedvesmu un rado\u0161us uzpl\u016bdus rakstniekiem, gleznot\u0101jiem, muzikantiem.<br \/>\n    Lieliskais akmens avantur\u012bns pal\u012bdz &quot;pieradin\u0101t&quot; veiksmi, sarg\u0101 no nepat\u012bkam\u0101m nejau\u0161\u012bb\u0101m. Tiem, kas s\u0101k kaut k\u0101du jaunu lietu, atver sav\u0113jo biznesu vai dodas ce\u013cojum\u0101, b\u016btu labi pie sevis n\u0113s\u0101t \u0161o akmeni un ne\u0161\u0137irties ar vi\u0146u nek\u0101dos apst\u0101k\u013cos Var vienk\u0101r\u0161i n\u0113s\u0101t kabat\u0101, mak\u0101 vai som\u0101 neapstr\u0101d\u0101ta avantur\u012bna nelielu gabalu.<br \/>\n    P\u0113rkot avantur\u012bnu, \u0146emiet iepatiku\u0161os un neskopojieties. Tikai t\u0101ds akmens atnes\u012bs veiksmi. Nop\u0113rkot akmeni, n\u0113s\u0101jat vi\u0146u pie sevis da\u017eus m\u0113ne\u0161us un ner\u0101diet apk\u0101rt\u0113jiem, itk\u0101 pieradiniet vi\u0146u pie sevis. Kad adapt\u0101cijas laiks paies, esat p\u0101rliecin\u0101ti: j\u016bsu uzticamais aizsargs &#8211; avantur\u012bns kur\u0161 mirgo ar zelta dzirkstel\u0113m &#8211; vienm\u0113r pal\u012bdz\u0113s gr\u016bt\u0101 situ\u0101cij\u0101.<br \/>\n    Avantur\u012bns ir kaisles, mistisku atkl\u0101smju un negaid\u012btu r\u012bc\u012bbu un l\u0113mumu talismans. Vi\u0146\u0161 dod \u012bpa\u0161niekam dzi\u013cumu un emocion\u0101lu t\u012br\u012bbu. Tiek uzskat\u012bts, ka Eirop\u0101 dabisko avantur\u012bnu ieveda Indijas tirgo\u0146i ar d\u0101rgakme\u0146iem, kas uz person\u012bg\u0101s pieredzes p\u0101rliecin\u0101ju\u0161ies par \u0161\u012b akmens sp\u0113ju piesaist\u012bt veiksmi. Avantur\u012bns (\u012bpa\u0161i kvarca) att\u012bra \u0113terisko, emocion\u0101lo un ment\u0101lo \u0137erme\u0146i un vidi ap \u012bpa\u0161nieku. Rada laim\u012bgu un priec\u012bgu garast\u0101vokli, harmoniz\u0113jot \u0137ermeni un dv\u0113seli. \u012apa\u0161i labv\u0113l\u012bgs ar\u012b \u013caud\u012bm kas grib nomest nevajadz\u012bgas atbild\u012bbas kravu, kurus uztrauc atmi\u0146as un sap\u0146i par sirdsapzi\u0146u.<br \/>\n    K\u0101 amulets avantur\u012bns sarg\u0101 no boj\u0101jumiem.<br \/>\n    Avantur\u012bns ir uz\u0146\u0113m\u012bgu \u013cau\u017eu, j\u016brnieku un ce\u013cot\u0101ju, biznesme\u0146u un ba\u0146\u0137ieru akmens &#8211; visu to, kas nebaid\u0101s risk\u0113t un tic sav\u0113jai veiksmei.<br \/>\n    Avantur\u012bna \u012bpa\u0161nieks top neatkar\u012bgs.<br \/>\n    T\u0101pat, avantur\u012bns var pal\u012bdz\u0113t ma\u0123ijas, astr\u0101lo pasau\u013cu, paranorm\u0101lo sp\u0113ku nosl\u0113pumainajos p\u0113t\u012bjumos.<br \/>\n    Ja jums nepiecie\u0161ams atbr\u012bvoties no sastinguma dz\u012bv\u0113, piesaist\u012bt priec\u012bgus notikumus, interesantus momentus &#8211; akmens piesaist\u012bs to j\u016bsu ikdien\u0101.<br \/>\n    Medit\u0101cija ar avantur\u012bna piram\u012bdu dod dzi\u013cuma, siltuma un m\u016b\u017e\u012bbas izj\u016btu.<br \/>\n    Meditat\u012bv\u0101s praks\u0113s veicina rado\u0161o redz\u0113jumu, stimul\u0113 kakla un sirds \u010dakras, bet b\u012bstams pie &quot;Tre\u0161\u0101s acs atv\u0113r\u0161anas m\u0113\u0123in\u0101juma&quot; &#8211; var rasties galvass\u0101pes, iev\u0113rojami miega trauc\u0113jumi, bezmiegs. Vi\u0146u nevajag lietot darb\u0101 ar kundal\u012bnu ener\u0123iju. Var rasties psihiski trauc\u0113jumi.<br \/>\n    Izmanto, lai rad\u012btu sietu ap d\u0101rziem un \u0113k\u0101m c\u012b\u0146\u0101 ar homeop\u0101tisko stresu. Ja n\u0113s\u0101t avantur\u012bnu, vi\u0146\u0161 nom\u0101ks elektromagn\u0113tisko smogu un aizsarg\u0101s no ekolo\u0123iskiem pies\u0101r\u0146ojumiem. Piestiprin\u0101ts pie mobil\u0101 telefona, vi\u0146\u0161 sarg\u0101s no izstarojuma. \u0160is krist\u0101ls izl\u0101d\u0113 negat\u012bvas situ\u0101cijas.<br \/>\n    Psiholo\u0123isk\u0101 l\u012bmen\u012b nostiprina l\u012bdera \u012bpa\u0161\u012bbas un izl\u0113m\u012bbu. Vi\u0146\u0161 m\u0101ca l\u012bdzciet\u012bbai un l\u012bdzj\u016bt\u012bbai, atbalsta neatlaid\u012bbu. Vi\u0146\u0161 \u013cauj jums atgriezties pag\u0101tn\u0113 un atrast patolo\u0123iska st\u0101vok\u013ca avotus. Samazina stost\u012b\u0161anos un atvieglina nopietnas neirozes, veicinot to c\u0113lo\u0146u atkl\u0101smi. Nomierina dusmas un aizkaitin\u0101jumu. Stimul\u0113 emocion\u0101lu atjauno\u0161anos.<\/p>\n","protected":false},"excerpt":{"rendered":"<p>Avantjur\u012bns \u013coti pozit\u012bvs akmens, pal\u012bdz nov\u0113rst negat\u012bvas situ\u0101ciajas. Avantur\u012bns nomierina dusmu un \u0101tro dusmu gad\u012bjum\u0101,padara paciet\u012bgu un \u013coti labi pal\u012bdz<\/p>\n","protected":false},"featured_media":9891,"template":"","meta":[],"product_brand":[],"product_cat":[2293,2294],"product_tag":[],"class_list":{"0":"post-34404","1":"product","2":"type-product","3":"status-publish","4":"has-post-thumbnail","6":"product_cat-dabiskie-akmeni-rokasspradzess-auskari-gredzeni-lv","7":"product_cat-rokasspradzes-lv-lv-2","9":"first","10":"instock","11":"taxable","12":"shipping-taxable","13":"purchasable","14":"product-type-simple"},"yoast_head":"<!-- This site is optimized with the Yoast SEO Premium plugin v27.0 (Yoast SEO v27.0) - https:\/\/yoast.com\/product\/yoast-seo-premium-wordpress\/ -->\n<title>10 mm Rokasspr\u0101dze natur\u0101ls akmens Avanjur\u012bns - t\u012bras m\u012blest\u012bbas akmens akmens - cosmetic.lv<\/title>\n<meta name=\"robots\" content=\"index, follow, max-snippet:-1, max-image-preview:large, max-video-preview:-1\" \/>\n<link rel=\"canonical\" href=\"https:\/\/cosmetic.lv\/lv\/product\/10-mm-rokasspradze-naturals-akmens-avanjurins-tiras-milestibas-akmens-akmens\/\" \/>\n<meta property=\"og:locale\" content=\"lv_LV\" \/>\n<meta property=\"og:type\" content=\"article\" \/>\n<meta property=\"og:title\" content=\"10 mm Rokasspr\u0101dze natur\u0101ls akmens Avanjur\u012bns - t\u012bras m\u012blest\u012bbas akmens akmens\" \/>\n<meta property=\"og:description\" content=\"Avantjur\u012bns \u013coti pozit\u012bvs akmens, pal\u012bdz nov\u0113rst negat\u012bvas situ\u0101ciajas. Avantur\u012bns nomierina dusmu un \u0101tro dusmu gad\u012bjum\u0101,padara paciet\u012bgu un \u013coti labi pal\u012bdz\" \/>\n<meta property=\"og:url\" content=\"https:\/\/cosmetic.lv\/lv\/product\/10-mm-rokasspradze-naturals-akmens-avanjurins-tiras-milestibas-akmens-akmens\/\" \/>\n<meta property=\"og:site_name\" content=\"cosmetic.lv\" \/>\n<meta property=\"article:publisher\" content=\"https:\/\/www.facebook.com\/cosmetic.lv\/\" \/>\n<meta property=\"og:image\" content=\"https:\/\/cosmetic.lv\/wp-content\/uploads\/2021\/02\/avantyin5.jpg\" \/>\n\t<meta property=\"og:image:width\" content=\"800\" \/>\n\t<meta property=\"og:image:height\" content=\"533\" \/>\n\t<meta property=\"og:image:type\" content=\"image\/jpeg\" \/>\n<meta name=\"twitter:card\" content=\"summary_large_image\" \/>\n<script type=\"application\/ld+json\" class=\"yoast-schema-graph\">{\"@context\":\"https:\/\/schema.org\",\"@graph\":[{\"@type\":\"WebPage\",\"@id\":\"https:\/\/cosmetic.lv\/lv\/product\/10-mm-rokasspradze-naturals-akmens-avanjurins-tiras-milestibas-akmens-akmens\/\",\"url\":\"https:\/\/cosmetic.lv\/lv\/product\/10-mm-rokasspradze-naturals-akmens-avanjurins-tiras-milestibas-akmens-akmens\/\",\"name\":\"10 mm Rokasspr\u0101dze natur\u0101ls akmens Avanjur\u012bns - t\u012bras m\u012blest\u012bbas akmens akmens - cosmetic.lv\",\"isPartOf\":{\"@id\":\"https:\/\/cosmetic.lv\/lv\/#website\"},\"primaryImageOfPage\":{\"@id\":\"https:\/\/cosmetic.lv\/lv\/product\/10-mm-rokasspradze-naturals-akmens-avanjurins-tiras-milestibas-akmens-akmens\/#primaryimage\"},\"image\":{\"@id\":\"https:\/\/cosmetic.lv\/lv\/product\/10-mm-rokasspradze-naturals-akmens-avanjurins-tiras-milestibas-akmens-akmens\/#primaryimage\"},\"thumbnailUrl\":\"https:\/\/cosmetic.lv\/wp-content\/uploads\/2021\/02\/avantyin5.jpg\",\"datePublished\":\"2021-02-06T17:52:33+00:00\",\"breadcrumb\":{\"@id\":\"https:\/\/cosmetic.lv\/lv\/product\/10-mm-rokasspradze-naturals-akmens-avanjurins-tiras-milestibas-akmens-akmens\/#breadcrumb\"},\"inLanguage\":\"lv-LV\",\"potentialAction\":[{\"@type\":\"ReadAction\",\"target\":[\"https:\/\/cosmetic.lv\/lv\/product\/10-mm-rokasspradze-naturals-akmens-avanjurins-tiras-milestibas-akmens-akmens\/\"]}]},{\"@type\":\"ImageObject\",\"inLanguage\":\"lv-LV\",\"@id\":\"https:\/\/cosmetic.lv\/lv\/product\/10-mm-rokasspradze-naturals-akmens-avanjurins-tiras-milestibas-akmens-akmens\/#primaryimage\",\"url\":\"https:\/\/cosmetic.lv\/wp-content\/uploads\/2021\/02\/avantyin5.jpg\",\"contentUrl\":\"https:\/\/cosmetic.lv\/wp-content\/uploads\/2021\/02\/avantyin5.jpg\",\"width\":800,\"height\":533,\"caption\":\"avantyin5.JPG\"},{\"@type\":\"BreadcrumbList\",\"@id\":\"https:\/\/cosmetic.lv\/lv\/product\/10-mm-rokasspradze-naturals-akmens-avanjurins-tiras-milestibas-akmens-akmens\/#breadcrumb\",\"itemListElement\":[{\"@type\":\"ListItem\",\"position\":1,\"name\":\"Home\",\"item\":\"https:\/\/cosmetic.lv\/lv\/\"},{\"@type\":\"ListItem\",\"position\":2,\"name\":\"Veikals\",\"item\":\"https:\/\/cosmetic.lv\/lv\/veiklas\/\"},{\"@type\":\"ListItem\",\"position\":3,\"name\":\"10 mm Rokasspr\u0101dze natur\u0101ls akmens Avanjur\u012bns &#8212; t\u012bras m\u012blest\u012bbas akmens akmens\"}]},{\"@type\":\"WebSite\",\"@id\":\"https:\/\/cosmetic.lv\/lv\/#website\",\"url\":\"https:\/\/cosmetic.lv\/lv\/\",\"name\":\"cosmetic.lv\",\"description\":\"Profesion\u0101la kosm\u0113tika - Maria Galland, Keune, Arkadija, GMT, Guam, Magiray\",\"publisher\":{\"@id\":\"https:\/\/cosmetic.lv\/lv\/#organization\"},\"potentialAction\":[{\"@type\":\"SearchAction\",\"target\":{\"@type\":\"EntryPoint\",\"urlTemplate\":\"https:\/\/cosmetic.lv\/lv\/?s={search_term_string}\"},\"query-input\":{\"@type\":\"PropertyValueSpecification\",\"valueRequired\":true,\"valueName\":\"search_term_string\"}}],\"inLanguage\":\"lv-LV\"},{\"@type\":\"Organization\",\"@id\":\"https:\/\/cosmetic.lv\/lv\/#organization\",\"name\":\"COSMETIC.LV\",\"url\":\"https:\/\/cosmetic.lv\/lv\/\",\"logo\":{\"@type\":\"ImageObject\",\"inLanguage\":\"lv-LV\",\"@id\":\"https:\/\/cosmetic.lv\/lv\/#\/schema\/logo\/image\/\",\"url\":\"https:\/\/cosmetic.lv\/wp-content\/uploads\/2021\/02\/cosmetic.lv_logo.jpg\",\"contentUrl\":\"https:\/\/cosmetic.lv\/wp-content\/uploads\/2021\/02\/cosmetic.lv_logo.jpg\",\"width\":596,\"height\":196,\"caption\":\"COSMETIC.LV\"},\"image\":{\"@id\":\"https:\/\/cosmetic.lv\/lv\/#\/schema\/logo\/image\/\"},\"sameAs\":[\"https:\/\/www.facebook.com\/cosmetic.lv\/\"]}]}<\/script>\n<meta property=\"product:price:amount\" content=\"10.07\" \/>\n<meta property=\"product:price:currency\" content=\"EUR\" \/>\n<meta property=\"og:availability\" content=\"instock\" \/>\n<meta property=\"product:availability\" content=\"instock\" \/>\n<meta property=\"product:retailer_item_id\" content=\"avant1\" \/>\n<meta property=\"product:condition\" content=\"new\" \/>\n<!-- \/ Yoast SEO Premium plugin. -->","yoast_head_json":{"title":"10 mm Rokasspr\u0101dze natur\u0101ls akmens Avanjur\u012bns - t\u012bras m\u012blest\u012bbas akmens akmens - cosmetic.lv","robots":{"index":"index","follow":"follow","max-snippet":"max-snippet:-1","max-image-preview":"max-image-preview:large","max-video-preview":"max-video-preview:-1"},"canonical":"https:\/\/cosmetic.lv\/lv\/product\/10-mm-rokasspradze-naturals-akmens-avanjurins-tiras-milestibas-akmens-akmens\/","og_locale":"lv_LV","og_type":"article","og_title":"10 mm Rokasspr\u0101dze natur\u0101ls akmens Avanjur\u012bns - t\u012bras m\u012blest\u012bbas akmens akmens","og_description":"Avantjur\u012bns \u013coti pozit\u012bvs akmens, pal\u012bdz nov\u0113rst negat\u012bvas situ\u0101ciajas. Avantur\u012bns nomierina dusmu un \u0101tro dusmu gad\u012bjum\u0101,padara paciet\u012bgu un \u013coti labi pal\u012bdz","og_url":"https:\/\/cosmetic.lv\/lv\/product\/10-mm-rokasspradze-naturals-akmens-avanjurins-tiras-milestibas-akmens-akmens\/","og_site_name":"cosmetic.lv","article_publisher":"https:\/\/www.facebook.com\/cosmetic.lv\/","og_image":[{"width":800,"height":533,"url":"https:\/\/cosmetic.lv\/wp-content\/uploads\/2021\/02\/avantyin5.jpg","type":"image\/jpeg"}],"twitter_card":"summary_large_image","schema":{"@context":"https:\/\/schema.org","@graph":[{"@type":"WebPage","@id":"https:\/\/cosmetic.lv\/lv\/product\/10-mm-rokasspradze-naturals-akmens-avanjurins-tiras-milestibas-akmens-akmens\/","url":"https:\/\/cosmetic.lv\/lv\/product\/10-mm-rokasspradze-naturals-akmens-avanjurins-tiras-milestibas-akmens-akmens\/","name":"10 mm Rokasspr\u0101dze natur\u0101ls akmens Avanjur\u012bns - t\u012bras m\u012blest\u012bbas akmens akmens - cosmetic.lv","isPartOf":{"@id":"https:\/\/cosmetic.lv\/lv\/#website"},"primaryImageOfPage":{"@id":"https:\/\/cosmetic.lv\/lv\/product\/10-mm-rokasspradze-naturals-akmens-avanjurins-tiras-milestibas-akmens-akmens\/#primaryimage"},"image":{"@id":"https:\/\/cosmetic.lv\/lv\/product\/10-mm-rokasspradze-naturals-akmens-avanjurins-tiras-milestibas-akmens-akmens\/#primaryimage"},"thumbnailUrl":"https:\/\/cosmetic.lv\/wp-content\/uploads\/2021\/02\/avantyin5.jpg","datePublished":"2021-02-06T17:52:33+00:00","breadcrumb":{"@id":"https:\/\/cosmetic.lv\/lv\/product\/10-mm-rokasspradze-naturals-akmens-avanjurins-tiras-milestibas-akmens-akmens\/#breadcrumb"},"inLanguage":"lv-LV","potentialAction":[{"@type":"ReadAction","target":["https:\/\/cosmetic.lv\/lv\/product\/10-mm-rokasspradze-naturals-akmens-avanjurins-tiras-milestibas-akmens-akmens\/"]}]},{"@type":"ImageObject","inLanguage":"lv-LV","@id":"https:\/\/cosmetic.lv\/lv\/product\/10-mm-rokasspradze-naturals-akmens-avanjurins-tiras-milestibas-akmens-akmens\/#primaryimage","url":"https:\/\/cosmetic.lv\/wp-content\/uploads\/2021\/02\/avantyin5.jpg","contentUrl":"https:\/\/cosmetic.lv\/wp-content\/uploads\/2021\/02\/avantyin5.jpg","width":800,"height":533,"caption":"avantyin5.JPG"},{"@type":"BreadcrumbList","@id":"https:\/\/cosmetic.lv\/lv\/product\/10-mm-rokasspradze-naturals-akmens-avanjurins-tiras-milestibas-akmens-akmens\/#breadcrumb","itemListElement":[{"@type":"ListItem","position":1,"name":"Home","item":"https:\/\/cosmetic.lv\/lv\/"},{"@type":"ListItem","position":2,"name":"Veikals","item":"https:\/\/cosmetic.lv\/lv\/veiklas\/"},{"@type":"ListItem","position":3,"name":"10 mm Rokasspr\u0101dze natur\u0101ls akmens Avanjur\u012bns &#8212; t\u012bras m\u012blest\u012bbas akmens akmens"}]},{"@type":"WebSite","@id":"https:\/\/cosmetic.lv\/lv\/#website","url":"https:\/\/cosmetic.lv\/lv\/","name":"cosmetic.lv","description":"Profesion\u0101la kosm\u0113tika - Maria Galland, Keune, Arkadija, GMT, Guam, Magiray","publisher":{"@id":"https:\/\/cosmetic.lv\/lv\/#organization"},"potentialAction":[{"@type":"SearchAction","target":{"@type":"EntryPoint","urlTemplate":"https:\/\/cosmetic.lv\/lv\/?s={search_term_string}"},"query-input":{"@type":"PropertyValueSpecification","valueRequired":true,"valueName":"search_term_string"}}],"inLanguage":"lv-LV"},{"@type":"Organization","@id":"https:\/\/cosmetic.lv\/lv\/#organization","name":"COSMETIC.LV","url":"https:\/\/cosmetic.lv\/lv\/","logo":{"@type":"ImageObject","inLanguage":"lv-LV","@id":"https:\/\/cosmetic.lv\/lv\/#\/schema\/logo\/image\/","url":"https:\/\/cosmetic.lv\/wp-content\/uploads\/2021\/02\/cosmetic.lv_logo.jpg","contentUrl":"https:\/\/cosmetic.lv\/wp-content\/uploads\/2021\/02\/cosmetic.lv_logo.jpg","width":596,"height":196,"caption":"COSMETIC.LV"},"image":{"@id":"https:\/\/cosmetic.lv\/lv\/#\/schema\/logo\/image\/"},"sameAs":["https:\/\/www.facebook.com\/cosmetic.lv\/"]}]},"product_price_amount":"10.07","product_price_currency":"EUR","og_availability":"instock","product_availability":"instock","product_retailer_item_id":"avant1","product_condition":"new"},"_links":{"self":[{"href":"https:\/\/cosmetic.lv\/lv\/wp-json\/wp\/v2\/product\/34404","targetHints":{"allow":["GET"]}}],"collection":[{"href":"https:\/\/cosmetic.lv\/lv\/wp-json\/wp\/v2\/product"}],"about":[{"href":"https:\/\/cosmetic.lv\/lv\/wp-json\/wp\/v2\/types\/product"}],"wp:featuredmedia":[{"embeddable":true,"href":"https:\/\/cosmetic.lv\/lv\/wp-json\/wp\/v2\/media\/9891"}],"wp:attachment":[{"href":"https:\/\/cosmetic.lv\/lv\/wp-json\/wp\/v2\/media?parent=34404"}],"wp:term":[{"taxonomy":"product_brand","embeddable":true,"href":"https:\/\/cosmetic.lv\/lv\/wp-json\/wp\/v2\/product_brand?post=34404"},{"taxonomy":"product_cat","embeddable":true,"href":"https:\/\/cosmetic.lv\/lv\/wp-json\/wp\/v2\/product_cat?post=34404"},{"taxonomy":"product_tag","embeddable":true,"href":"https:\/\/cosmetic.lv\/lv\/wp-json\/wp\/v2\/product_tag?post=34404"}],"curies":[{"name":"wp","href":"https:\/\/api.w.org\/{rel}","templated":true}]}}